{"id":10584,"date":"2019-09-14T09:44:43","date_gmt":"2019-09-14T07:44:43","guid":{"rendered":"https:\/\/pohjanmaantehtaanmyymala.fi\/tuote\/anton-tv-taso-2-kirkasta-lasiovea-2-laatikkoa-150cm-a5-4\/"},"modified":"2025-10-24T13:06:59","modified_gmt":"2025-10-24T11:06:59","slug":"anton-tv-taso-2-kirkasta-lasiovea-2-laatikkoa-150cm-a5-4","status":"publish","type":"product","link":"https:\/\/pohjanmaantehtaanmyymala.fi\/sv\/tuote\/anton-tv-taso-2-kirkasta-lasiovea-2-laatikkoa-150cm-a5-4\/","title":{"rendered":"ANTON A5.4 TV-taso 150cm lasiovilla"},"content":{"rendered":"<p>Tyylik\u00e4s Hiipakan Anton tv-taso lasiovilla ja laatikoilla. TV-tasossa on push-to-open mekanismill\u00e4 toimivat ovet ja laatikot, jolloin vetimi\u00e4 ei ole lainkaan. Tv-tason kaappien sis\u00e4ll\u00e4 on yksi v\u00e4lihylly. Tason kansiv\u00e4rin voit valita kolmesta eri kansiv\u00e4rist\u00e4: valkoinen, tammi tai saarni.<\/p>\n<p>Anton-sarjaan on saatavana my\u00f6s puujalat sokkelin tilalle, silloin kokonaiskorkeus kasvaa 8 cm. Vakiotoimitus on aina sokkelilla, mutta jalkasarja myyd\u00e4\u00e4n erikseen lis\u00e4hinnasta.<\/p>\n<p>Leveys: 150 cm<br \/>\nKorkeus: sokkelilla 50 cm, jaloilla 58 cm<br \/>\nSyvyys: 49 cm<\/p>\n<h3>Tuotetiedot:<\/h3>\n<p>-Laitetilan mitat ovien takana: Syv. 43cm, Lev. 46,5cm, Kork. 42,5cm, joka on jaettu<br \/>\nyhdell\u00e4 korkeuss\u00e4\u00e4dett\u00e4v\u00e4ll\u00e4 v\u00e4lihyllyll\u00e4.<br \/>\n-Anton tuotesarja on suunniteltu ja valmistettu Suomessa.<br \/>\n-Anton sarja toimitetaan valmiiksi koottuna.<br \/>\n-Ovissa push to open -mekanismi<br \/>\n-Tuotteen runko ja kansi on MFC- levy\u00e4, laatikkojen ja ovien etusarjat ovat maalattua MDF-levy\u00e4.<br \/>\n-Ovet, runko ja sokkeli valkoisia. Kannen v\u00e4ri valittavissa.<\/p>\n<p>Toimitetaan valmiiksi koottuna.<\/p>\n<div id=\"jp-relatedposts\" class=\"jp-relatedposts\"><\/div>\n","protected":false},"excerpt":{"rendered":"<p>Tyylik\u00e4s Hiipakan Anton tv-taso lasiovilla ja laatikoilla. TV-tasossa on push-to-open mekanismill\u00e4 toimivat ovet ja laatikot, jolloin vetimi\u00e4 ei ole lainkaan. Tv-tason kaappien sis\u00e4ll\u00e4 on yksi v\u00e4lihylly. Tason kansiv\u00e4rin voit valita kolmesta eri kansiv\u00e4rist\u00e4: valkoinen, tammi tai saarni. Anton-sarjaan on saatavana my\u00f6s puujalat sokkelin tilalle, silloin kokonaiskorkeus kasvaa 8 cm. Vakiotoimitus on aina sokkelilla, mutta jalkasarja [&hellip;]<\/p>\n","protected":false},"featured_media":15206,"comment_status":"closed","ping_status":"closed","template":"","meta":{"_acf_changed":false,"jetpack_post_was_ever_published":false,"jetpack_publicize_message":"","jetpack_publicize_feature_enabled":true,"jetpack_social_post_already_shared":true,"jetpack_social_options":{"image_generator_settings":{"template":"highway","default_image_id":0,"font":"","enabled":false},"version":2}},"product_brand":[172],"product_cat":[196],"product_tag":[],"class_list":{"0":"post-10584","1":"product","2":"type-product","3":"status-publish","4":"has-post-thumbnail","6":"product_brand-hiipakka","7":"product_cat-sailytyskalusteet-ja-tv-tasot","8":"product_shipping_class-161","10":"first","11":"instock","12":"purchasable","13":"product-type-simple"},"acf":[],"jetpack_publicize_connections":[],"jetpack_sharing_enabled":true,"jetpack-related-posts":[],"_links":{"self":[{"href":"https:\/\/pohjanmaantehtaanmyymala.fi\/sv\/wp-json\/wp\/v2\/product\/10584","targetHints":{"allow":["GET"]}}],"collection":[{"href":"https:\/\/pohjanmaantehtaanmyymala.fi\/sv\/wp-json\/wp\/v2\/product"}],"about":[{"href":"https:\/\/pohjanmaantehtaanmyymala.fi\/sv\/wp-json\/wp\/v2\/types\/product"}],"replies":[{"embeddable":true,"href":"https:\/\/pohjanmaantehtaanmyymala.fi\/sv\/wp-json\/wp\/v2\/comments?post=10584"}],"wp:featuredmedia":[{"embeddable":true,"href":"https:\/\/pohjanmaantehtaanmyymala.fi\/sv\/wp-json\/wp\/v2\/media\/15206"}],"wp:attachment":[{"href":"https:\/\/pohjanmaantehtaanmyymala.fi\/sv\/wp-json\/wp\/v2\/media?parent=10584"}],"wp:term":[{"taxonomy":"product_brand","embeddable":true,"href":"https:\/\/pohjanmaantehtaanmyymala.fi\/sv\/wp-json\/wp\/v2\/product_brand?post=10584"},{"taxonomy":"product_cat","embeddable":true,"href":"https:\/\/pohjanmaantehtaanmyymala.fi\/sv\/wp-json\/wp\/v2\/product_cat?post=10584"},{"taxonomy":"product_tag","embeddable":true,"href":"https:\/\/pohjanmaantehtaanmyymala.fi\/sv\/wp-json\/wp\/v2\/product_tag?post=10584"}],"curies":[{"name":"wp","href":"https:\/\/api.w.org\/{rel}","templated":true}]}}