{"id":10550,"date":"2019-09-14T09:43:21","date_gmt":"2019-09-14T07:43:21","guid":{"rendered":"https:\/\/pohjanmaantehtaanmyymala.fi\/tuote\/anton-lipasto-etsatulla-lasiovella-3-hyllya-50cm-a1-4\/"},"modified":"2025-10-29T13:41:25","modified_gmt":"2025-10-29T11:41:25","slug":"anton-lipasto-etsatulla-lasiovella-3-hyllya-50cm-a1-4","status":"publish","type":"product","link":"https:\/\/pohjanmaantehtaanmyymala.fi\/sv\/tuote\/anton-lipasto-etsatulla-lasiovella-3-hyllya-50cm-a1-4\/","title":{"rendered":"ANTON A1.4 kaappi etsatulla lasiovella"},"content":{"rendered":"<p>Hiipakka Anton Lipastokaappi maitolasiovella, joka aukee laadukkaalla push open mekanismilla. Kaapin sis\u00e4ll\u00e4 on kaksi hylly\u00e4. Rungon v\u00e4ri on aina valkoinen, kannen v\u00e4riksi voi valita valkoisen, tammen tai saarnin.<\/p>\n<p>Anton tuotesarja on suunniteltu ja valmistettu Hiipakan Tehtailla Suomessa. Anton- lasivitriini sopii erinomaisesti skandinaaviseen sisustukseen.<\/p>\n<p>Anton-sarjaan on saatavana my\u00f6s puujalat sokkelin tilalle, silloin kokonaiskorkeus kasvaa 8 cm.<br \/>\nVakiotoimitus on aina sokkelilla, jalkasarja myyd\u00e4\u00e4n erikseen, lis\u00e4hinta 59 \u20ac.<\/p>\n<p>Leveys: 50 cm<br \/>\nKorkeus: sokkelilla 73, jaloilla 81 cm<br \/>\nSyvyys: 49 cm<\/p>\n<h3>Tuotetiedot:<\/h3>\n<p>-Ovissa push to open mekanismi<br \/>\n-Tuotteen runko ja kansi on MFC- levy\u00e4 laatikkojen ja ovien etusarjat ovat maalattua MDF- levy\u00e4.<br \/>\n-Ovet runko ja sokkeli valkoisia. Kannen v\u00e4ri on valittavissa kolmesta eri s\u00e4vyst\u00e4.<br \/>\n-Toimitetaan valmiiksi koottuna, vain jalat\/sokkeli irrallaan.<\/p>\n<p>Anton-sarjasta l\u00f6yd\u00e4t erilaisia lipastoja tv-tasoja senkkej\u00e4 ja vitriinej\u00e4 mill\u00e4 sisustat kotisi tyylikk\u00e4\u00e4sti!<\/p>\n<div id=\"jp-relatedposts\" class=\"jp-relatedposts\"><\/div>\n<p>&nbsp;<\/p>\n","protected":false},"excerpt":{"rendered":"<p>Hiipakka Anton Lipastokaappi maitolasiovella, joka aukee laadukkaalla push open mekanismilla. Kaapin sis\u00e4ll\u00e4 on kaksi hylly\u00e4. Rungon v\u00e4ri on aina valkoinen, kannen v\u00e4riksi voi valita valkoisen, tammen tai saarnin. Anton tuotesarja on suunniteltu ja valmistettu Hiipakan Tehtailla Suomessa. Anton- lasivitriini sopii erinomaisesti skandinaaviseen sisustukseen. Anton-sarjaan on saatavana my\u00f6s puujalat sokkelin tilalle, silloin kokonaiskorkeus kasvaa 8 cm. [&hellip;]<\/p>\n","protected":false},"featured_media":21442,"comment_status":"closed","ping_status":"closed","template":"","meta":{"_acf_changed":false,"jetpack_post_was_ever_published":false,"jetpack_publicize_message":"","jetpack_publicize_feature_enabled":true,"jetpack_social_post_already_shared":true,"jetpack_social_options":{"image_generator_settings":{"template":"highway","default_image_id":0,"font":"","enabled":false},"version":2}},"product_brand":[172],"product_cat":[196],"product_tag":[],"class_list":{"0":"post-10550","1":"product","2":"type-product","3":"status-publish","4":"has-post-thumbnail","6":"product_brand-hiipakka","7":"product_cat-sailytyskalusteet-ja-tv-tasot","8":"product_shipping_class-161","10":"first","11":"instock","12":"purchasable","13":"product-type-simple"},"acf":[],"jetpack_publicize_connections":[],"jetpack_sharing_enabled":true,"jetpack-related-posts":[{"id":10554,"url":"https:\/\/pohjanmaantehtaanmyymala.fi\/sv\/tuote\/anton-lipasto-ovella-3-hyllya-50cm-a1-2\/","url_meta":{"origin":10550,"position":0},"title":"ANTON A1.2 pieni kaappi","author":"petri","date":"september 14, 2019","format":false,"excerpt":"Hiipakan Anton-kalustesarjan pieni kaappi sopii hyvin pieneksi s\u00e4ilytystilaksi; astiakaapiksi tai vaikkapa lastenhuoneen lelukaapiksi. Umpiovikaapin sis\u00e4ll\u00e4 oleva tila on jaettu kolmella v\u00e4lihyllyll\u00e4 joiden korkeutta voidaan s\u00e4\u00e4t\u00e4\u00e4. Anton-kaapin runko ja ovi on aina valkoisia, kansiv\u00e4rin voit valita kolmesta eri vaihtoehdosta;\u00a0 valkoinen, tammi tai saarni. Yksiovisissa kaapeissa ilmoitathan my\u00f6s haluamasi k\u00e4tisyyden. Anton-sarjaan on\u2026","rel":"","context":"Liknande produkt","block_context":{"text":"Liknande produkt","link":""},"img":{"alt_text":"Anton pieni kaappi valkoinen","src":"https:\/\/i0.wp.com\/pohjanmaantehtaanmyymala.fi\/wp-content\/uploads\/2019\/09\/Anton-A1.2-valkoinen.jpg?fit=1200%2C1200&ssl=1&resize=350%2C200","width":350,"height":200,"srcset":"https:\/\/i0.wp.com\/pohjanmaantehtaanmyymala.fi\/wp-content\/uploads\/2019\/09\/Anton-A1.2-valkoinen.jpg?fit=1200%2C1200&ssl=1&resize=350%2C200 1x, https:\/\/i0.wp.com\/pohjanmaantehtaanmyymala.fi\/wp-content\/uploads\/2019\/09\/Anton-A1.2-valkoinen.jpg?fit=1200%2C1200&ssl=1&resize=525%2C300 1.5x, https:\/\/i0.wp.com\/pohjanmaantehtaanmyymala.fi\/wp-content\/uploads\/2019\/09\/Anton-A1.2-valkoinen.jpg?fit=1200%2C1200&ssl=1&resize=700%2C400 2x, https:\/\/i0.wp.com\/pohjanmaantehtaanmyymala.fi\/wp-content\/uploads\/2019\/09\/Anton-A1.2-valkoinen.jpg?fit=1200%2C1200&ssl=1&resize=1050%2C600 3x"},"classes":[]},{"id":10549,"url":"https:\/\/pohjanmaantehtaanmyymala.fi\/sv\/tuote\/anton-lipasto-2-ovea-3-hyllya-100cm-a2-2\/","url_meta":{"origin":10550,"position":1},"title":"ANTON 2.2 kaappi 2 ovella 100 cm","author":"petri","date":"september 14, 2019","format":false,"excerpt":"Kotimainen Anton A2.2 puuovikaappi. Rungon v\u00e4ri on aina valkoinen, kannen v\u00e4riksi voi valita valkoisen, tammen tai saarnin. Anton tuotesarja on suunniteltu ja valmistettu Hiipakan Tehtailla Suomessa. Anton- lasivitriini sopii erinomaisesti skandinaaviseen sisustukseen. Vakiotoimitus tulee puuhyllyill\u00e4. Anton-sarjaan on saatavana my\u00f6s puujalat sokkelin tilalle, silloin kokonaiskorkeus kasvaa 8 cm. Vakiotoimitus on aina\u2026","rel":"","context":"Liknande produkt","block_context":{"text":"Liknande produkt","link":""},"img":{"alt_text":"ANTON 2.2 kaappi 2 ovella","src":"https:\/\/i0.wp.com\/pohjanmaantehtaanmyymala.fi\/wp-content\/uploads\/2019\/09\/Anton-A22-0016146-1.jpg?fit=960%2C960&ssl=1&resize=350%2C200","width":350,"height":200,"srcset":"https:\/\/i0.wp.com\/pohjanmaantehtaanmyymala.fi\/wp-content\/uploads\/2019\/09\/Anton-A22-0016146-1.jpg?fit=960%2C960&ssl=1&resize=350%2C200 1x, https:\/\/i0.wp.com\/pohjanmaantehtaanmyymala.fi\/wp-content\/uploads\/2019\/09\/Anton-A22-0016146-1.jpg?fit=960%2C960&ssl=1&resize=525%2C300 1.5x, https:\/\/i0.wp.com\/pohjanmaantehtaanmyymala.fi\/wp-content\/uploads\/2019\/09\/Anton-A22-0016146-1.jpg?fit=960%2C960&ssl=1&resize=700%2C400 2x"},"classes":[]},{"id":10551,"url":"https:\/\/pohjanmaantehtaanmyymala.fi\/sv\/tuote\/anton-lipasto-kirkkaalla-lasiovella-3-hyllya-50cm-a1-3\/","url_meta":{"origin":10550,"position":2},"title":"ANTON A1.3 kaappi kirkkaalla lasiovella","author":"petri","date":"september 14, 2019","format":false,"excerpt":"Kotimainen Anton A1.3. pieni Vitriinikaappi kirkkaalla lasiovella. Rungon v\u00e4ri on aina valkoinen, kannen v\u00e4riksi voi valita valkoisen, tammen tai saarnin. Anton tuotesarja on suunniteltu ja valmistettu Hiipakan Tehtailla Suomessa. Anton- lasivitriini sopii erinomaisesti skandinaaviseen sisustukseen. Vakiotoimitus tulee puuhyllyill\u00e4, mutta vitriinin saa my\u00f6s lasihyllyill\u00e4. Anton-sarjaan on saatavana my\u00f6s puujalat sokkelin tilalle,\u2026","rel":"","context":"Liknande produkt","block_context":{"text":"Liknande produkt","link":""},"img":{"alt_text":"Anton kaappi lasiovella valkoinen","src":"https:\/\/i0.wp.com\/pohjanmaantehtaanmyymala.fi\/wp-content\/uploads\/2019\/09\/Anton-A1.3-lipasto.jpg?fit=1200%2C1200&ssl=1&resize=350%2C200","width":350,"height":200,"srcset":"https:\/\/i0.wp.com\/pohjanmaantehtaanmyymala.fi\/wp-content\/uploads\/2019\/09\/Anton-A1.3-lipasto.jpg?fit=1200%2C1200&ssl=1&resize=350%2C200 1x, https:\/\/i0.wp.com\/pohjanmaantehtaanmyymala.fi\/wp-content\/uploads\/2019\/09\/Anton-A1.3-lipasto.jpg?fit=1200%2C1200&ssl=1&resize=525%2C300 1.5x, https:\/\/i0.wp.com\/pohjanmaantehtaanmyymala.fi\/wp-content\/uploads\/2019\/09\/Anton-A1.3-lipasto.jpg?fit=1200%2C1200&ssl=1&resize=700%2C400 2x, https:\/\/i0.wp.com\/pohjanmaantehtaanmyymala.fi\/wp-content\/uploads\/2019\/09\/Anton-A1.3-lipasto.jpg?fit=1200%2C1200&ssl=1&resize=1050%2C600 3x"},"classes":[]},{"id":10587,"url":"https:\/\/pohjanmaantehtaanmyymala.fi\/sv\/tuote\/anton-tv-taso-2-ovea-2-laatikkoa-150cm-a5-3\/","url_meta":{"origin":10550,"position":3},"title":"ANTON A5.3 TV-taso umpiovilla 150 cm","author":"petri","date":"september 14, 2019","format":false,"excerpt":"Tyylik\u00e4s Hiipakan Anton tv-taso umpivoilla ja laatikoilla. Tasossa on push-to-open mekanismill\u00e4 toimivat ovet ja laatikot, jolloin vetimi\u00e4 ei ole lainkaan. Tv-tason kaappien sis\u00e4ll\u00e4 on yksi v\u00e4lihylly. Tason kansiv\u00e4rin voit valita kolmesta eri kansiv\u00e4rist\u00e4: valkoinen, tammi tai saarni. Anton-sarjaan on saatavana my\u00f6s puujalat sokkelin tilalle, silloin kokonaiskorkeus kasvaa 8 cm. Vakiotoimitus\u2026","rel":"","context":"Liknande produkt","block_context":{"text":"Liknande produkt","link":""},"img":{"alt_text":"Anton tv-taso 150 cm saarni kannella","src":"https:\/\/i0.wp.com\/pohjanmaantehtaanmyymala.fi\/wp-content\/uploads\/2019\/09\/Anton-A5.3-Tv-taso.jpg?fit=1200%2C1200&ssl=1&resize=350%2C200","width":350,"height":200,"srcset":"https:\/\/i0.wp.com\/pohjanmaantehtaanmyymala.fi\/wp-content\/uploads\/2019\/09\/Anton-A5.3-Tv-taso.jpg?fit=1200%2C1200&ssl=1&resize=350%2C200 1x, https:\/\/i0.wp.com\/pohjanmaantehtaanmyymala.fi\/wp-content\/uploads\/2019\/09\/Anton-A5.3-Tv-taso.jpg?fit=1200%2C1200&ssl=1&resize=525%2C300 1.5x, https:\/\/i0.wp.com\/pohjanmaantehtaanmyymala.fi\/wp-content\/uploads\/2019\/09\/Anton-A5.3-Tv-taso.jpg?fit=1200%2C1200&ssl=1&resize=700%2C400 2x, https:\/\/i0.wp.com\/pohjanmaantehtaanmyymala.fi\/wp-content\/uploads\/2019\/09\/Anton-A5.3-Tv-taso.jpg?fit=1200%2C1200&ssl=1&resize=1050%2C600 3x"},"classes":[]},{"id":10584,"url":"https:\/\/pohjanmaantehtaanmyymala.fi\/sv\/tuote\/anton-tv-taso-2-kirkasta-lasiovea-2-laatikkoa-150cm-a5-4\/","url_meta":{"origin":10550,"position":4},"title":"ANTON A5.4 TV-taso 150cm lasiovilla","author":"petri","date":"september 14, 2019","format":false,"excerpt":"Tyylik\u00e4s Hiipakan Anton tv-taso lasiovilla ja laatikoilla. TV-tasossa on push-to-open mekanismill\u00e4 toimivat ovet ja laatikot, jolloin vetimi\u00e4 ei ole lainkaan. Tv-tason kaappien sis\u00e4ll\u00e4 on yksi v\u00e4lihylly. Tason kansiv\u00e4rin voit valita kolmesta eri kansiv\u00e4rist\u00e4: valkoinen, tammi tai saarni. Anton-sarjaan on saatavana my\u00f6s puujalat sokkelin tilalle, silloin kokonaiskorkeus kasvaa 8 cm. Vakiotoimitus\u2026","rel":"","context":"Liknande produkt","block_context":{"text":"Liknande produkt","link":""},"img":{"alt_text":"Anton tv-taso 150cm lasivovilla valkoinen","src":"https:\/\/i0.wp.com\/pohjanmaantehtaanmyymala.fi\/wp-content\/uploads\/2019\/09\/Anton-A5.4-Tv-taso-valkoinen.jpg?fit=1200%2C1200&ssl=1&resize=350%2C200","width":350,"height":200,"srcset":"https:\/\/i0.wp.com\/pohjanmaantehtaanmyymala.fi\/wp-content\/uploads\/2019\/09\/Anton-A5.4-Tv-taso-valkoinen.jpg?fit=1200%2C1200&ssl=1&resize=350%2C200 1x, https:\/\/i0.wp.com\/pohjanmaantehtaanmyymala.fi\/wp-content\/uploads\/2019\/09\/Anton-A5.4-Tv-taso-valkoinen.jpg?fit=1200%2C1200&ssl=1&resize=525%2C300 1.5x, https:\/\/i0.wp.com\/pohjanmaantehtaanmyymala.fi\/wp-content\/uploads\/2019\/09\/Anton-A5.4-Tv-taso-valkoinen.jpg?fit=1200%2C1200&ssl=1&resize=700%2C400 2x, https:\/\/i0.wp.com\/pohjanmaantehtaanmyymala.fi\/wp-content\/uploads\/2019\/09\/Anton-A5.4-Tv-taso-valkoinen.jpg?fit=1200%2C1200&ssl=1&resize=1050%2C600 3x"},"classes":[]},{"id":10622,"url":"https:\/\/pohjanmaantehtaanmyymala.fi\/sv\/tuote\/anton-tyopoydat\/","url_meta":{"origin":10550,"position":5},"title":"ANTON ty\u00f6p\u00f6yt\u00e4","author":"petri","date":"september 14, 2019","format":false,"excerpt":"Kotimainen Anton- tietokonep\u00f6yt\u00e4 sopii mainiosti kotiin tai konttoriin. Rungon v\u00e4ri on aina valkoinen, kannen v\u00e4riksi voi valita valkoisen, tammen tai saarnin.\u00a0 Yksiovisissa ilmoitathan my\u00f6s haluamasi k\u00e4tisyyden. Leveys: 130 cm Korkeus: 73 cm Syvyys: 55 cm Tuotetiedot: Ovissa ja laatikoissa push to open mekanismi -Tuotteen runko ja kansi on MFC- levy\u00e4\u2026","rel":"","context":"Liknande produkt","block_context":{"text":"Liknande produkt","link":""},"img":{"alt_text":"","src":"https:\/\/i0.wp.com\/pohjanmaantehtaanmyymala.fi\/wp-content\/uploads\/2019\/09\/Anton-tp-00161541.jpg?fit=960%2C960&ssl=1&resize=350%2C200","width":350,"height":200,"srcset":"https:\/\/i0.wp.com\/pohjanmaantehtaanmyymala.fi\/wp-content\/uploads\/2019\/09\/Anton-tp-00161541.jpg?fit=960%2C960&ssl=1&resize=350%2C200 1x, https:\/\/i0.wp.com\/pohjanmaantehtaanmyymala.fi\/wp-content\/uploads\/2019\/09\/Anton-tp-00161541.jpg?fit=960%2C960&ssl=1&resize=525%2C300 1.5x, https:\/\/i0.wp.com\/pohjanmaantehtaanmyymala.fi\/wp-content\/uploads\/2019\/09\/Anton-tp-00161541.jpg?fit=960%2C960&ssl=1&resize=700%2C400 2x"},"classes":[]}],"_links":{"self":[{"href":"https:\/\/pohjanmaantehtaanmyymala.fi\/sv\/wp-json\/wp\/v2\/product\/10550","targetHints":{"allow":["GET"]}}],"collection":[{"href":"https:\/\/pohjanmaantehtaanmyymala.fi\/sv\/wp-json\/wp\/v2\/product"}],"about":[{"href":"https:\/\/pohjanmaantehtaanmyymala.fi\/sv\/wp-json\/wp\/v2\/types\/product"}],"replies":[{"embeddable":true,"href":"https:\/\/pohjanmaantehtaanmyymala.fi\/sv\/wp-json\/wp\/v2\/comments?post=10550"}],"wp:featuredmedia":[{"embeddable":true,"href":"https:\/\/pohjanmaantehtaanmyymala.fi\/sv\/wp-json\/wp\/v2\/media\/21442"}],"wp:attachment":[{"href":"https:\/\/pohjanmaantehtaanmyymala.fi\/sv\/wp-json\/wp\/v2\/media?parent=10550"}],"wp:term":[{"taxonomy":"product_brand","embeddable":true,"href":"https:\/\/pohjanmaantehtaanmyymala.fi\/sv\/wp-json\/wp\/v2\/product_brand?post=10550"},{"taxonomy":"product_cat","embeddable":true,"href":"https:\/\/pohjanmaantehtaanmyymala.fi\/sv\/wp-json\/wp\/v2\/product_cat?post=10550"},{"taxonomy":"product_tag","embeddable":true,"href":"https:\/\/pohjanmaantehtaanmyymala.fi\/sv\/wp-json\/wp\/v2\/product_tag?post=10550"}],"curies":[{"name":"wp","href":"https:\/\/api.w.org\/{rel}","templated":true}]}}