{"id":10538,"date":"2019-09-14T09:38:23","date_gmt":"2019-09-14T07:38:23","guid":{"rendered":"https:\/\/pohjanmaantehtaanmyymala.fi\/tuote\/uniikki-4-petauspatja\/"},"modified":"2021-07-13T15:10:08","modified_gmt":"2021-07-13T13:10:08","slug":"uniikki-4-petauspatja","status":"publish","type":"product","link":"https:\/\/pohjanmaantehtaanmyymala.fi\/sv\/tuote\/uniikki-4-petauspatja\/","title":{"rendered":"UNIIKKI 4 &#8211; petauspatja"},"content":{"rendered":"<p>Uniikki 4- petauspatja on edullinen vaahtomuovi t\u00e4ytteinen petauspatja. 4 cm paksu Uniikki-petauspatja 2 cm paksulla vaahtomuovilevyll\u00e4, p\u00e4\u00e4llinen on vanutikattua joustokangasta. Petauspatjasta l\u00f6ytyy kaikki vakiokoot.<\/p>\n<p>Sijauspatjan p\u00e4\u00e4llinen on irrotettavissa. ja kest\u00e4\u00e4 vesipesun 60 asteessa.<\/p>\n<p>Kokonaispaksuus 4 cm.<\/p>\n<h3>Tuotetiedot:<\/h3>\n<p>P\u00e4\u00e4llinen: Irrotettava ja vesipest\u00e4v\u00e4. Vanutikattu valkoinen baspo- joustokangas.<\/p>\n<p>Sisus: E23 vaahtomuovia, 20 mm paksu.<\/p>\n","protected":false},"excerpt":{"rendered":"<p>Useita eri kokoja, valitse koko!<\/p>\n","protected":false},"featured_media":14035,"comment_status":"closed","ping_status":"closed","template":"","meta":{"_acf_changed":false,"jetpack_post_was_ever_published":false,"jetpack_publicize_message":"","jetpack_publicize_feature_enabled":true,"jetpack_social_post_already_shared":true,"jetpack_social_options":{"image_generator_settings":{"template":"highway","default_image_id":0,"font":"","enabled":false},"version":2}},"product_brand":[206],"product_cat":[198],"product_tag":[],"class_list":{"0":"post-10538","1":"product","2":"type-product","3":"status-publish","4":"has-post-thumbnail","6":"product_brand-furnico","7":"product_cat-patjat-ja-sangyt","8":"product_shipping_class-161","9":"pa_koko-120x200-cm","10":"pa_koko-140x200-cm","11":"pa_koko-160x200-cm","12":"pa_koko-180x200-cm","13":"pa_koko-80x200-cm","14":"pa_koko-90x200-cm","16":"first","17":"instock","18":"sale","19":"purchasable","20":"product-type-variable","21":"has-default-attributes"},"acf":[],"jetpack_publicize_connections":[],"jetpack_sharing_enabled":true,"jetpack-related-posts":[{"id":21769,"url":"https:\/\/pohjanmaantehtaanmyymala.fi\/sv\/tuote\/visco-petauspatja-160x200-cm\/","url_meta":{"origin":10538,"position":0},"title":"Visco petauspatja 160&#215;200 cm","author":"Sami Viitala","date":"november 23, 2022","format":false,"excerpt":"Uniikki Visco sijauspatjassa on viskoelastinen t\u00e4yte, joka muotoutuu kehon l\u00e4mm\u00f6n ja painon vaikutuksesta. Viskoelastisen t\u00e4ytteen ansiosta petari antaa nukkujalla painottomuuden tunteen ja tasoittaa kehoon kohdistuvaa pintapainetta. Se v\u00e4hent\u00e4\u00e4 asennon vaihtamisen tarvetta, jolloin sit\u00e4 nukkuu paremmin ja her\u00e4\u00e4 virke\u00e4mp\u00e4n\u00e4. Uniikki petauspatjan reunoja kiert\u00e4\u00e4 verkkokangas, joka parantaa petauspatjan ilmankiertoa. Petauspatjan p\u00e4\u00e4llinen on\u2026","rel":"","context":"Liknande produkt","block_context":{"text":"Liknande produkt","link":""},"img":{"alt_text":"Uniikki visco petauspatja 160x200 cm","src":"https:\/\/i0.wp.com\/pohjanmaantehtaanmyymala.fi\/wp-content\/uploads\/2022\/11\/Uniikki_Visco_petauspatja.jpg?fit=960%2C960&ssl=1&resize=350%2C200","width":350,"height":200,"srcset":"https:\/\/i0.wp.com\/pohjanmaantehtaanmyymala.fi\/wp-content\/uploads\/2022\/11\/Uniikki_Visco_petauspatja.jpg?fit=960%2C960&ssl=1&resize=350%2C200 1x, https:\/\/i0.wp.com\/pohjanmaantehtaanmyymala.fi\/wp-content\/uploads\/2022\/11\/Uniikki_Visco_petauspatja.jpg?fit=960%2C960&ssl=1&resize=525%2C300 1.5x, https:\/\/i0.wp.com\/pohjanmaantehtaanmyymala.fi\/wp-content\/uploads\/2022\/11\/Uniikki_Visco_petauspatja.jpg?fit=960%2C960&ssl=1&resize=700%2C400 2x"},"classes":[]},{"id":21816,"url":"https:\/\/pohjanmaantehtaanmyymala.fi\/sv\/tuote\/visco-petauspatja-180x200-cm\/","url_meta":{"origin":10538,"position":1},"title":"Visco petauspatja 180&#215;200 cm","author":"Sami Viitala","date":"november 26, 2022","format":false,"excerpt":"Uniikki Visco sijauspatjassa on viskoelastinen t\u00e4yte, joka muotoutuu kehon l\u00e4mm\u00f6n ja painon vaikutuksesta. Viskoelastisen t\u00e4ytteen ansiosta petari antaa nukkujalla painottomuuden tunteen ja tasoittaa kehoon kohdistuvaa pintapainetta. Se v\u00e4hent\u00e4\u00e4 asennon vaihtamisen tarvetta, jolloin sit\u00e4 nukkuu paremmin ja her\u00e4\u00e4 virke\u00e4mp\u00e4n\u00e4. Uniikki petauspatjan reunoja kiert\u00e4\u00e4 verkkokangas, joka parantaa petauspatjan ilmankiertoa. Petauspatjan p\u00e4\u00e4llinen on\u2026","rel":"","context":"Liknande produkt","block_context":{"text":"Liknande produkt","link":""},"img":{"alt_text":"Uniikki visco petauspatja 160x200 cm","src":"https:\/\/i0.wp.com\/pohjanmaantehtaanmyymala.fi\/wp-content\/uploads\/2022\/11\/Uniikki_Visco_petauspatja.jpg?fit=960%2C960&ssl=1&resize=350%2C200","width":350,"height":200,"srcset":"https:\/\/i0.wp.com\/pohjanmaantehtaanmyymala.fi\/wp-content\/uploads\/2022\/11\/Uniikki_Visco_petauspatja.jpg?fit=960%2C960&ssl=1&resize=350%2C200 1x, https:\/\/i0.wp.com\/pohjanmaantehtaanmyymala.fi\/wp-content\/uploads\/2022\/11\/Uniikki_Visco_petauspatja.jpg?fit=960%2C960&ssl=1&resize=525%2C300 1.5x, https:\/\/i0.wp.com\/pohjanmaantehtaanmyymala.fi\/wp-content\/uploads\/2022\/11\/Uniikki_Visco_petauspatja.jpg?fit=960%2C960&ssl=1&resize=700%2C400 2x"},"classes":[]},{"id":28679,"url":"https:\/\/pohjanmaantehtaanmyymala.fi\/sv\/tuote\/uniikki-runkopatja-140x200-cm-petauspatjalla\/","url_meta":{"origin":10538,"position":2},"title":"UNIIKKI &#8211; runkopatja 140&#215;200 cm petauspatjalla","author":"Sami Viitala","date":"augusti 27, 2025","format":false,"excerpt":"Kunnon 140 cm leve\u00e4\u00a0 Uniikki-runkopatja pussijousituksella ja 4 cm:n Uniikki -vaahtomuovisijauspatjalla. Tihe\u00e4n pussijousituksen ansiosta Uniikki- runkos\u00e4nky soveltuu my\u00f6s aikuiselle nukkujalle. Uniikki- runkos\u00e4nky on verhoiltu tyylikk\u00e4\u00e4n harmaalla kankaalla s\u00e4ngyn viimeistelee mustat tukevat puujalat. Voit valita s\u00e4nkyysi my\u00f6s paksumman petarin, kysy lis\u00e4tietoa myynnist\u00e4mme. P\u00e4\u00e4ty ei sis\u00e4lly hintaan! P\u00e4\u00e4dyn hinta on n\u00e4ht\u00e4viss\u00e4 t\u00e4\u00e4lt\u00e4!\u2026","rel":"","context":"Liknande produkt","block_context":{"text":"Liknande produkt","link":""},"img":{"alt_text":"Uniikki 140 cm leve\u00e4 runkos\u00e4nky, jossa on 4 cm paksu petauspatja ja mustat jalat.","src":"https:\/\/i0.wp.com\/pohjanmaantehtaanmyymala.fi\/wp-content\/uploads\/2025\/08\/Uniikki_Runkopatja_140x200_paaty.jpg?fit=1000%2C1000&ssl=1&resize=350%2C200","width":350,"height":200,"srcset":"https:\/\/i0.wp.com\/pohjanmaantehtaanmyymala.fi\/wp-content\/uploads\/2025\/08\/Uniikki_Runkopatja_140x200_paaty.jpg?fit=1000%2C1000&ssl=1&resize=350%2C200 1x, https:\/\/i0.wp.com\/pohjanmaantehtaanmyymala.fi\/wp-content\/uploads\/2025\/08\/Uniikki_Runkopatja_140x200_paaty.jpg?fit=1000%2C1000&ssl=1&resize=525%2C300 1.5x, https:\/\/i0.wp.com\/pohjanmaantehtaanmyymala.fi\/wp-content\/uploads\/2025\/08\/Uniikki_Runkopatja_140x200_paaty.jpg?fit=1000%2C1000&ssl=1&resize=700%2C400 2x"},"classes":[]},{"id":10512,"url":"https:\/\/pohjanmaantehtaanmyymala.fi\/sv\/tuote\/uniikki-jenkkisanky-petauspatjalla-120cm\/","url_meta":{"origin":10538,"position":3},"title":"UNIIKKI &#8211; jenkkis\u00e4nky petauspatjalla ja p\u00e4\u00e4dyll\u00e4 120&#215;200 cm","author":"petri","date":"september 14, 2019","format":false,"excerpt":"Nuorison suosima pussijousitettu jenkkiss\u00e4nky.","rel":"","context":"Liknande produkt","block_context":{"text":"Liknande produkt","link":""},"img":{"alt_text":"Uniikki Jenkkis\u00e4nky 120 cm","src":"https:\/\/i0.wp.com\/pohjanmaantehtaanmyymala.fi\/wp-content\/uploads\/2019\/09\/Uniikki_Jenkkisanky_120.jpg?fit=1200%2C988&ssl=1&resize=350%2C200","width":350,"height":200,"srcset":"https:\/\/i0.wp.com\/pohjanmaantehtaanmyymala.fi\/wp-content\/uploads\/2019\/09\/Uniikki_Jenkkisanky_120.jpg?fit=1200%2C988&ssl=1&resize=350%2C200 1x, https:\/\/i0.wp.com\/pohjanmaantehtaanmyymala.fi\/wp-content\/uploads\/2019\/09\/Uniikki_Jenkkisanky_120.jpg?fit=1200%2C988&ssl=1&resize=525%2C300 1.5x, https:\/\/i0.wp.com\/pohjanmaantehtaanmyymala.fi\/wp-content\/uploads\/2019\/09\/Uniikki_Jenkkisanky_120.jpg?fit=1200%2C988&ssl=1&resize=700%2C400 2x, https:\/\/i0.wp.com\/pohjanmaantehtaanmyymala.fi\/wp-content\/uploads\/2019\/09\/Uniikki_Jenkkisanky_120.jpg?fit=1200%2C988&ssl=1&resize=1050%2C600 3x"},"classes":[]},{"id":10510,"url":"https:\/\/pohjanmaantehtaanmyymala.fi\/sv\/tuote\/uniikki-jenkkisanky-petauspatjalla\/","url_meta":{"origin":10538,"position":4},"title":"UNIIKKI &#8211; jenkkis\u00e4nky petauspatjalla","author":"petri","date":"september 14, 2019","format":false,"excerpt":"Valitse mieluinen 4:st\u00e4 eri leveydest\u00e4!","rel":"","context":"Liknande produkt","block_context":{"text":"Liknande produkt","link":""},"img":{"alt_text":"","src":"https:\/\/i0.wp.com\/pohjanmaantehtaanmyymala.fi\/wp-content\/uploads\/2019\/09\/Uniikki-jenkkisanky160.jpg?fit=960%2C960&ssl=1&resize=350%2C200","width":350,"height":200,"srcset":"https:\/\/i0.wp.com\/pohjanmaantehtaanmyymala.fi\/wp-content\/uploads\/2019\/09\/Uniikki-jenkkisanky160.jpg?fit=960%2C960&ssl=1&resize=350%2C200 1x, https:\/\/i0.wp.com\/pohjanmaantehtaanmyymala.fi\/wp-content\/uploads\/2019\/09\/Uniikki-jenkkisanky160.jpg?fit=960%2C960&ssl=1&resize=525%2C300 1.5x, https:\/\/i0.wp.com\/pohjanmaantehtaanmyymala.fi\/wp-content\/uploads\/2019\/09\/Uniikki-jenkkisanky160.jpg?fit=960%2C960&ssl=1&resize=700%2C400 2x"},"classes":[]},{"id":22364,"url":"https:\/\/pohjanmaantehtaanmyymala.fi\/sv\/tuote\/eden-premiun-petauspatja\/","url_meta":{"origin":10538,"position":5},"title":"EDEN Premiun petauspatja","author":"Sami Viitala","date":"januari 30, 2023","format":false,"excerpt":"Eden-sarjan suosituin sijauspatja Stylex-sisustuksella. Valitse koko alta!","rel":"","context":"Liknande produkt","block_context":{"text":"Liknande produkt","link":""},"img":{"alt_text":"","src":"https:\/\/i0.wp.com\/pohjanmaantehtaanmyymala.fi\/wp-content\/uploads\/2019\/09\/Aina_Exlusive_Petauspatja_lajitelma.jpg?fit=800%2C800&ssl=1&resize=350%2C200","width":350,"height":200,"srcset":"https:\/\/i0.wp.com\/pohjanmaantehtaanmyymala.fi\/wp-content\/uploads\/2019\/09\/Aina_Exlusive_Petauspatja_lajitelma.jpg?fit=800%2C800&ssl=1&resize=350%2C200 1x, https:\/\/i0.wp.com\/pohjanmaantehtaanmyymala.fi\/wp-content\/uploads\/2019\/09\/Aina_Exlusive_Petauspatja_lajitelma.jpg?fit=800%2C800&ssl=1&resize=525%2C300 1.5x, https:\/\/i0.wp.com\/pohjanmaantehtaanmyymala.fi\/wp-content\/uploads\/2019\/09\/Aina_Exlusive_Petauspatja_lajitelma.jpg?fit=800%2C800&ssl=1&resize=700%2C400 2x"},"classes":[]}],"_links":{"self":[{"href":"https:\/\/pohjanmaantehtaanmyymala.fi\/sv\/wp-json\/wp\/v2\/product\/10538","targetHints":{"allow":["GET"]}}],"collection":[{"href":"https:\/\/pohjanmaantehtaanmyymala.fi\/sv\/wp-json\/wp\/v2\/product"}],"about":[{"href":"https:\/\/pohjanmaantehtaanmyymala.fi\/sv\/wp-json\/wp\/v2\/types\/product"}],"replies":[{"embeddable":true,"href":"https:\/\/pohjanmaantehtaanmyymala.fi\/sv\/wp-json\/wp\/v2\/comments?post=10538"}],"wp:featuredmedia":[{"embeddable":true,"href":"https:\/\/pohjanmaantehtaanmyymala.fi\/sv\/wp-json\/wp\/v2\/media\/14035"}],"wp:attachment":[{"href":"https:\/\/pohjanmaantehtaanmyymala.fi\/sv\/wp-json\/wp\/v2\/media?parent=10538"}],"wp:term":[{"taxonomy":"product_brand","embeddable":true,"href":"https:\/\/pohjanmaantehtaanmyymala.fi\/sv\/wp-json\/wp\/v2\/product_brand?post=10538"},{"taxonomy":"product_cat","embeddable":true,"href":"https:\/\/pohjanmaantehtaanmyymala.fi\/sv\/wp-json\/wp\/v2\/product_cat?post=10538"},{"taxonomy":"product_tag","embeddable":true,"href":"https:\/\/pohjanmaantehtaanmyymala.fi\/sv\/wp-json\/wp\/v2\/product_tag?post=10538"}],"curies":[{"name":"wp","href":"https:\/\/api.w.org\/{rel}","templated":true}]}}