{"id":10523,"date":"2019-09-14T09:37:53","date_gmt":"2019-09-14T07:37:53","guid":{"rendered":"https:\/\/pohjanmaantehtaanmyymala.fi\/tuote\/uniikki-plus-runkopatja-petauspatjalla\/"},"modified":"2024-02-26T20:38:18","modified_gmt":"2024-02-26T18:38:18","slug":"uniikki-plus-runkopatja-petauspatjalla","status":"publish","type":"product","link":"https:\/\/pohjanmaantehtaanmyymala.fi\/sv\/tuote\/uniikki-plus-runkopatja-petauspatjalla\/","title":{"rendered":"UNIIKKI PLUS paris\u00e4nkysetti"},"content":{"rendered":"<p>Muhkeassa Uniikki plus- runkos\u00e4ngyss\u00e4 on yksil\u00f6llisesti joustava pussijousitus. Runko-osa on normaalia korkeampi, jolloin s\u00e4nky n\u00e4ytt\u00e4\u00e4 muhkealta. SS\u00e4ngyn viimeistelee paksu pehme\u00e4 Erx-petauspatja. Uniikki Plus paris\u00e4ngyn kokonaiskorkeus on muhkeat 65 cm.<\/p>\n<p>Uniikki plus- s\u00e4nky sopii hyvin kaiken painoisille nukkujille.<\/p>\n<p>Uniikki Plus 160 cm leve\u00e4 plus-runkopatjasetti sis\u00e4lt\u00e4\u00e4 kaksi 80 cm lev\u00e4\u00e4 runkos\u00e4nky\u00e4,yhden 160 cm leve\u00e4n yhten\u00e4isen petauspatjan sek\u00e4 jalkasarjat.<br \/>\nUniikki Plus 180 cm leve\u00e4 plus-runkopatjasetti sis\u00e4lt\u00e4\u00e4 kaksi 90 cm lev\u00e4\u00e4 runkos\u00e4nky\u00e4, yhden 180 cm leve\u00e4n yhten\u00e4isen petauspatjan sek\u00e4 jalkasarjat.<\/p>\n<p>T\u00e4t\u00e4 s\u00e4nky\u00e4 on saatavana my\u00f6s 5-vy\u00f6hykkeisell\u00e4 pussijousituksella, kysy lis\u00e4tietoa <a href=\"https:\/\/pohjanmaantehtaanmyymala.fi\/yhteys\/\">myynnist\u00e4mme!<\/a><\/p>\n<h3><strong>Tuotetiedot:<\/strong><\/h3>\n<p>Jousitus: 2.0 pocket pussijousitus. (takuu 10-vuotta)<br \/>\nRunko: Massivipuu\/vaneri.<br \/>\nVerhoilu: Inari kangas, harmaa<br \/>\nJalat: Massiivim\u00e4nty\u00e4, musta<br \/>\nPetauspatja: profiloitu Erx-stylex-vaahtomuovisisus, vanutikattu joustokangasp\u00e4\u00e4llinen, joka on irroitettavissa. Paksuus n. 6 cm.<br \/>\nToimitetaan muoviin pakattuna jalat irrallaan<\/p>\n","protected":false},"excerpt":{"rendered":"<p>Korkeampi s\u00e4ngyn runko n\u00e4ytt\u00e4\u00e4 muhkeammalta. Valitse koko alta!<\/p>\n","protected":false},"featured_media":22307,"comment_status":"closed","ping_status":"closed","template":"","meta":{"_acf_changed":false,"jetpack_post_was_ever_published":false,"jetpack_publicize_message":"","jetpack_publicize_feature_enabled":true,"jetpack_social_post_already_shared":true,"jetpack_social_options":{"image_generator_settings":{"template":"highway","default_image_id":0,"font":"","enabled":false},"version":2}},"product_brand":[206],"product_cat":[198],"product_tag":[],"class_list":{"0":"post-10523","1":"product","2":"type-product","3":"status-publish","4":"has-post-thumbnail","6":"product_brand-furnico","7":"product_cat-patjat-ja-sangyt","8":"product_shipping_class-161","9":"pa_koko-160x200-cm","10":"pa_koko-180x200-cm","12":"first","13":"onbackorder","14":"sale","15":"purchasable","16":"product-type-variable","17":"has-default-attributes"},"acf":[],"jetpack_publicize_connections":[],"jetpack_sharing_enabled":true,"jetpack-related-posts":[{"id":24974,"url":"https:\/\/pohjanmaantehtaanmyymala.fi\/sv\/tuote\/uniikki-plus-runkopatja-90x200-cm\/","url_meta":{"origin":10523,"position":0},"title":"UNIIKKI Plus runkopatja 90&#215;200 cm","author":"Miro Nevala","date":"februari 7, 2024","format":false,"excerpt":"Muhkea edullinen s\u00e4nky petauspatjalla nyt 90cm leve\u00e4n\u00e4!","rel":"","context":"Liknande produkt","block_context":{"text":"Liknande produkt","link":""},"img":{"alt_text":"Uniikki plus runkopatja petarille 90 cm","src":"https:\/\/i0.wp.com\/pohjanmaantehtaanmyymala.fi\/wp-content\/uploads\/2019\/09\/Uniikki-plus-90-1500jpg.jpg?fit=1200%2C1082&ssl=1&resize=350%2C200","width":350,"height":200,"srcset":"https:\/\/i0.wp.com\/pohjanmaantehtaanmyymala.fi\/wp-content\/uploads\/2019\/09\/Uniikki-plus-90-1500jpg.jpg?fit=1200%2C1082&ssl=1&resize=350%2C200 1x, https:\/\/i0.wp.com\/pohjanmaantehtaanmyymala.fi\/wp-content\/uploads\/2019\/09\/Uniikki-plus-90-1500jpg.jpg?fit=1200%2C1082&ssl=1&resize=525%2C300 1.5x, https:\/\/i0.wp.com\/pohjanmaantehtaanmyymala.fi\/wp-content\/uploads\/2019\/09\/Uniikki-plus-90-1500jpg.jpg?fit=1200%2C1082&ssl=1&resize=700%2C400 2x, https:\/\/i0.wp.com\/pohjanmaantehtaanmyymala.fi\/wp-content\/uploads\/2019\/09\/Uniikki-plus-90-1500jpg.jpg?fit=1200%2C1082&ssl=1&resize=1050%2C600 3x"},"classes":[]},{"id":24968,"url":"https:\/\/pohjanmaantehtaanmyymala.fi\/sv\/tuote\/uniikki-plus-runkopatja-120x200-cm\/","url_meta":{"origin":10523,"position":1},"title":"UNIIKKI Plus runkopatja 120&#215;200 cm","author":"Miro Nevala","date":"februari 6, 2024","format":false,"excerpt":"Muhkean n\u00e4k\u00f6inen s\u00e4nky pehme\u00e4ll\u00e4 petauspatjalla.","rel":"","context":"Liknande produkt","block_context":{"text":"Liknande produkt","link":""},"img":{"alt_text":"Uniikki plus runkos\u00e4nky 120x220 cm","src":"https:\/\/i0.wp.com\/pohjanmaantehtaanmyymala.fi\/wp-content\/uploads\/2024\/02\/Uniikki_plus_Runkopatja_120.jpg?fit=960%2C960&ssl=1&resize=350%2C200","width":350,"height":200,"srcset":"https:\/\/i0.wp.com\/pohjanmaantehtaanmyymala.fi\/wp-content\/uploads\/2024\/02\/Uniikki_plus_Runkopatja_120.jpg?fit=960%2C960&ssl=1&resize=350%2C200 1x, https:\/\/i0.wp.com\/pohjanmaantehtaanmyymala.fi\/wp-content\/uploads\/2024\/02\/Uniikki_plus_Runkopatja_120.jpg?fit=960%2C960&ssl=1&resize=525%2C300 1.5x, https:\/\/i0.wp.com\/pohjanmaantehtaanmyymala.fi\/wp-content\/uploads\/2024\/02\/Uniikki_plus_Runkopatja_120.jpg?fit=960%2C960&ssl=1&resize=700%2C400 2x"},"classes":[]},{"id":24969,"url":"https:\/\/pohjanmaantehtaanmyymala.fi\/sv\/tuote\/uniikki-plus-runkopatja-140x200-cm\/","url_meta":{"origin":10523,"position":2},"title":"UNIIKKI Plus runkopatja 140&#215;200 cm","author":"Miro Nevala","date":"februari 6, 2024","format":false,"excerpt":"Muhkea s\u00e4nky pehmoisella petauspatjalla","rel":"","context":"Liknande produkt","block_context":{"text":"Liknande produkt","link":""},"img":{"alt_text":"","src":"https:\/\/i0.wp.com\/pohjanmaantehtaanmyymala.fi\/wp-content\/uploads\/2019\/09\/Uniikki-plus-runkosanky1.jpg?fit=960%2C960&ssl=1&resize=350%2C200","width":350,"height":200,"srcset":"https:\/\/i0.wp.com\/pohjanmaantehtaanmyymala.fi\/wp-content\/uploads\/2019\/09\/Uniikki-plus-runkosanky1.jpg?fit=960%2C960&ssl=1&resize=350%2C200 1x, https:\/\/i0.wp.com\/pohjanmaantehtaanmyymala.fi\/wp-content\/uploads\/2019\/09\/Uniikki-plus-runkosanky1.jpg?fit=960%2C960&ssl=1&resize=525%2C300 1.5x, https:\/\/i0.wp.com\/pohjanmaantehtaanmyymala.fi\/wp-content\/uploads\/2019\/09\/Uniikki-plus-runkosanky1.jpg?fit=960%2C960&ssl=1&resize=700%2C400 2x"},"classes":[]},{"id":24973,"url":"https:\/\/pohjanmaantehtaanmyymala.fi\/sv\/tuote\/uniikki-plus-runkopatjasanky-120x210-cm\/","url_meta":{"origin":10523,"position":3},"title":"UNIIKKI Plus runkopatjas\u00e4nky 120&#215;210 cm","author":"Miro Nevala","date":"februari 7, 2024","format":false,"excerpt":"Muhkea s\u00e4nky pitkille ihmisille!","rel":"","context":"Liknande produkt","block_context":{"text":"Liknande produkt","link":""},"img":{"alt_text":"Uniikki plus runkos\u00e4nky 120x200 cm","src":"https:\/\/i0.wp.com\/pohjanmaantehtaanmyymala.fi\/wp-content\/uploads\/2024\/02\/Uniikkiplus-rp120.jpg?fit=960%2C960&ssl=1&resize=350%2C200","width":350,"height":200,"srcset":"https:\/\/i0.wp.com\/pohjanmaantehtaanmyymala.fi\/wp-content\/uploads\/2024\/02\/Uniikkiplus-rp120.jpg?fit=960%2C960&ssl=1&resize=350%2C200 1x, https:\/\/i0.wp.com\/pohjanmaantehtaanmyymala.fi\/wp-content\/uploads\/2024\/02\/Uniikkiplus-rp120.jpg?fit=960%2C960&ssl=1&resize=525%2C300 1.5x, https:\/\/i0.wp.com\/pohjanmaantehtaanmyymala.fi\/wp-content\/uploads\/2024\/02\/Uniikkiplus-rp120.jpg?fit=960%2C960&ssl=1&resize=700%2C400 2x"},"classes":[]},{"id":24975,"url":"https:\/\/pohjanmaantehtaanmyymala.fi\/sv\/tuote\/uniikki-plus-runkopatjapaketti-180x200-cm\/","url_meta":{"origin":10523,"position":4},"title":"UNIIKKI Plus runkopatjapaketti 180&#215;200 cm","author":"Miro Nevala","date":"februari 7, 2024","format":false,"excerpt":"Muhkea vy\u00f6hykejousitettu runkoparis\u00e4nky.","rel":"","context":"Liknande produkt","block_context":{"text":"Liknande produkt","link":""},"img":{"alt_text":"Uniikki Plus 180cm runkopatjasetti v\u00e4ri harmaa","src":"https:\/\/i0.wp.com\/pohjanmaantehtaanmyymala.fi\/wp-content\/uploads\/2024\/02\/Uniikki-plus-runkopatjasetti-960dpi.jpg?fit=960%2C960&ssl=1&resize=350%2C200","width":350,"height":200,"srcset":"https:\/\/i0.wp.com\/pohjanmaantehtaanmyymala.fi\/wp-content\/uploads\/2024\/02\/Uniikki-plus-runkopatjasetti-960dpi.jpg?fit=960%2C960&ssl=1&resize=350%2C200 1x, https:\/\/i0.wp.com\/pohjanmaantehtaanmyymala.fi\/wp-content\/uploads\/2024\/02\/Uniikki-plus-runkopatjasetti-960dpi.jpg?fit=960%2C960&ssl=1&resize=525%2C300 1.5x, https:\/\/i0.wp.com\/pohjanmaantehtaanmyymala.fi\/wp-content\/uploads\/2024\/02\/Uniikki-plus-runkopatjasetti-960dpi.jpg?fit=960%2C960&ssl=1&resize=700%2C400 2x"},"classes":[]},{"id":22294,"url":"https:\/\/pohjanmaantehtaanmyymala.fi\/sv\/tuote\/uniikki-iso-runkosanky-120x220-cm\/","url_meta":{"origin":10523,"position":5},"title":"UNIIKKI Plus iso runkopatja 120&#215;220 cm","author":"Sami Viitala","date":"januari 18, 2023","format":false,"excerpt":"Muhkea s\u00e4nky pitkille ihmisille!","rel":"","context":"Liknande produkt","block_context":{"text":"Liknande produkt","link":""},"img":{"alt_text":"Uniikki plus runkos\u00e4nky 120x220 cm","src":"https:\/\/i0.wp.com\/pohjanmaantehtaanmyymala.fi\/wp-content\/uploads\/2024\/02\/Uniikki_plus_Runkopatja_120.jpg?fit=960%2C960&ssl=1&resize=350%2C200","width":350,"height":200,"srcset":"https:\/\/i0.wp.com\/pohjanmaantehtaanmyymala.fi\/wp-content\/uploads\/2024\/02\/Uniikki_plus_Runkopatja_120.jpg?fit=960%2C960&ssl=1&resize=350%2C200 1x, https:\/\/i0.wp.com\/pohjanmaantehtaanmyymala.fi\/wp-content\/uploads\/2024\/02\/Uniikki_plus_Runkopatja_120.jpg?fit=960%2C960&ssl=1&resize=525%2C300 1.5x, https:\/\/i0.wp.com\/pohjanmaantehtaanmyymala.fi\/wp-content\/uploads\/2024\/02\/Uniikki_plus_Runkopatja_120.jpg?fit=960%2C960&ssl=1&resize=700%2C400 2x"},"classes":[]}],"_links":{"self":[{"href":"https:\/\/pohjanmaantehtaanmyymala.fi\/sv\/wp-json\/wp\/v2\/product\/10523","targetHints":{"allow":["GET"]}}],"collection":[{"href":"https:\/\/pohjanmaantehtaanmyymala.fi\/sv\/wp-json\/wp\/v2\/product"}],"about":[{"href":"https:\/\/pohjanmaantehtaanmyymala.fi\/sv\/wp-json\/wp\/v2\/types\/product"}],"replies":[{"embeddable":true,"href":"https:\/\/pohjanmaantehtaanmyymala.fi\/sv\/wp-json\/wp\/v2\/comments?post=10523"}],"wp:featuredmedia":[{"embeddable":true,"href":"https:\/\/pohjanmaantehtaanmyymala.fi\/sv\/wp-json\/wp\/v2\/media\/22307"}],"wp:attachment":[{"href":"https:\/\/pohjanmaantehtaanmyymala.fi\/sv\/wp-json\/wp\/v2\/media?parent=10523"}],"wp:term":[{"taxonomy":"product_brand","embeddable":true,"href":"https:\/\/pohjanmaantehtaanmyymala.fi\/sv\/wp-json\/wp\/v2\/product_brand?post=10523"},{"taxonomy":"product_cat","embeddable":true,"href":"https:\/\/pohjanmaantehtaanmyymala.fi\/sv\/wp-json\/wp\/v2\/product_cat?post=10523"},{"taxonomy":"product_tag","embeddable":true,"href":"https:\/\/pohjanmaantehtaanmyymala.fi\/sv\/wp-json\/wp\/v2\/product_tag?post=10523"}],"curies":[{"name":"wp","href":"https:\/\/api.w.org\/{rel}","templated":true}]}}