{"id":10512,"date":"2019-09-14T09:37:28","date_gmt":"2019-09-14T07:37:28","guid":{"rendered":""},"modified":"2023-07-14T14:04:25","modified_gmt":"2023-07-14T12:04:25","slug":"uniikki-jenkkisanky-petauspatjalla-120cm","status":"publish","type":"product","link":"https:\/\/pohjanmaantehtaanmyymala.fi\/sv\/tuote\/uniikki-jenkkisanky-petauspatjalla-120cm\/","title":{"rendered":"UNIIKKI &#8211; jenkkis\u00e4nky petauspatjalla ja p\u00e4\u00e4dyll\u00e4 120&#215;200 cm"},"content":{"rendered":"<p>Uniikki &#8211; jenkkis\u00e4nkypaketti 120&#215;200 cm. Paketti sis\u00e4lt\u00e4\u00e4 bonnel-jousitetun alaosan, pussijousitetun v\u00e4lipatjan, 4 cm:n petauspatjan ja metallijalat sek\u00e4 s\u00e4ngynp\u00e4\u00e4dyn.<\/p>\n<p>Uniikki- jenkkis\u00e4nky on hinta-laatusuhteeltaan hyv\u00e4 valinta. Jenkkis\u00e4ngyn v\u00e4lipatjassa on yksil\u00f6llisesti joustava, tihe\u00e4 pussijousisto, alarungoissa on my\u00f6t\u00e4ilev\u00e4 bonneljousitus, s\u00e4ngyn viimeistelee 4 cm paksu vaahtomuovi-sijauspatja, jonka p\u00e4\u00e4llinen on joustokangasta. Petauspatjan p\u00e4\u00e4llinen on irroitettavissa ja kest\u00e4\u00e4 vesipesun.<\/p>\n<p>Uniikki- jenkkis\u00e4nky on verhoiltu tyylikk\u00e4\u00e4ll\u00e4 tummanharmaalla Inari- kankaalla.<\/p>\n<p>&nbsp;<\/p>\n","protected":false},"excerpt":{"rendered":"<p>Nuorison suosima pussijousitettu jenkkiss\u00e4nky.<\/p>\n","protected":false},"featured_media":14017,"comment_status":"closed","ping_status":"closed","template":"","meta":{"_acf_changed":false,"jetpack_post_was_ever_published":false,"jetpack_publicize_message":"","jetpack_publicize_feature_enabled":true,"jetpack_social_post_already_shared":false,"jetpack_social_options":{"image_generator_settings":{"template":"highway","default_image_id":0,"font":"","enabled":false},"version":2}},"product_brand":[206],"product_cat":[198,316],"product_tag":[],"class_list":{"0":"post-10512","1":"product","2":"type-product","3":"status-publish","4":"has-post-thumbnail","6":"product_brand-furnico","7":"product_cat-patjat-ja-sangyt","8":"product_cat-jenkkisanky","9":"product_shipping_class-161","11":"first","12":"instock","13":"sale","14":"purchasable","15":"product-type-simple"},"acf":[],"jetpack_publicize_connections":[],"jetpack_sharing_enabled":true,"jetpack-related-posts":[{"id":10510,"url":"https:\/\/pohjanmaantehtaanmyymala.fi\/sv\/tuote\/uniikki-jenkkisanky-petauspatjalla\/","url_meta":{"origin":10512,"position":0},"title":"UNIIKKI &#8211; jenkkis\u00e4nky petauspatjalla","author":"petri","date":"september 14, 2019","format":false,"excerpt":"Valitse mieluinen 4:st\u00e4 eri leveydest\u00e4!","rel":"","context":"Liknande produkt","block_context":{"text":"Liknande produkt","link":""},"img":{"alt_text":"","src":"https:\/\/i0.wp.com\/pohjanmaantehtaanmyymala.fi\/wp-content\/uploads\/2019\/09\/Uniikki-jenkkisanky160.jpg?fit=960%2C960&ssl=1&resize=350%2C200","width":350,"height":200,"srcset":"https:\/\/i0.wp.com\/pohjanmaantehtaanmyymala.fi\/wp-content\/uploads\/2019\/09\/Uniikki-jenkkisanky160.jpg?fit=960%2C960&ssl=1&resize=350%2C200 1x, https:\/\/i0.wp.com\/pohjanmaantehtaanmyymala.fi\/wp-content\/uploads\/2019\/09\/Uniikki-jenkkisanky160.jpg?fit=960%2C960&ssl=1&resize=525%2C300 1.5x, https:\/\/i0.wp.com\/pohjanmaantehtaanmyymala.fi\/wp-content\/uploads\/2019\/09\/Uniikki-jenkkisanky160.jpg?fit=960%2C960&ssl=1&resize=700%2C400 2x"},"classes":[]},{"id":24992,"url":"https:\/\/pohjanmaantehtaanmyymala.fi\/sv\/tuote\/uniikki-hard-jenkkisanky-kokonaisuus-160x200-cm\/","url_meta":{"origin":10512,"position":1},"title":"Uniikki HARD Jenkkis\u00e4nky 160&#215;200 cm","author":"Miro Nevala","date":"februari 7, 2024","format":false,"excerpt":"Jam\u00e4kk\u00e4 ja mukava jenkkis\u00e4nky!","rel":"","context":"Liknande produkt","block_context":{"text":"Liknande produkt","link":""},"img":{"alt_text":"Uniikki HARD jenkkis\u00e4nky 180x200 v\u00e4ri tumman harmaa","src":"https:\/\/i0.wp.com\/pohjanmaantehtaanmyymala.fi\/wp-content\/uploads\/2024\/02\/Uniikki-Hard-jenkkisa%CC%88nky-960dpi.jpg?fit=960%2C960&ssl=1&resize=350%2C200","width":350,"height":200,"srcset":"https:\/\/i0.wp.com\/pohjanmaantehtaanmyymala.fi\/wp-content\/uploads\/2024\/02\/Uniikki-Hard-jenkkisa%CC%88nky-960dpi.jpg?fit=960%2C960&ssl=1&resize=350%2C200 1x, https:\/\/i0.wp.com\/pohjanmaantehtaanmyymala.fi\/wp-content\/uploads\/2024\/02\/Uniikki-Hard-jenkkisa%CC%88nky-960dpi.jpg?fit=960%2C960&ssl=1&resize=525%2C300 1.5x, https:\/\/i0.wp.com\/pohjanmaantehtaanmyymala.fi\/wp-content\/uploads\/2024\/02\/Uniikki-Hard-jenkkisa%CC%88nky-960dpi.jpg?fit=960%2C960&ssl=1&resize=700%2C400 2x"},"classes":[]},{"id":24985,"url":"https:\/\/pohjanmaantehtaanmyymala.fi\/sv\/tuote\/uniikki-hard-jenkkisanky-180x200-petarilla\/","url_meta":{"origin":10512,"position":2},"title":"Uniikki HARD Jenkkis\u00e4nky 180&#215;200 petarilla","author":"Miro Nevala","date":"februari 7, 2024","format":false,"excerpt":"Muhkea ja mukava Jenkkis\u00e4nky!","rel":"","context":"Liknande produkt","block_context":{"text":"Liknande produkt","link":""},"img":{"alt_text":"Uniikki HARD Jenkkis\u00e4nky v\u00e4ri tumman harmaa","src":"https:\/\/i0.wp.com\/pohjanmaantehtaanmyymala.fi\/wp-content\/uploads\/2024\/02\/Uniikki-Hard-jenkkisa%CC%88nky-pa%CC%88a%CC%88dylla%CC%88-960dpi.jpg?fit=960%2C960&ssl=1&resize=350%2C200","width":350,"height":200,"srcset":"https:\/\/i0.wp.com\/pohjanmaantehtaanmyymala.fi\/wp-content\/uploads\/2024\/02\/Uniikki-Hard-jenkkisa%CC%88nky-pa%CC%88a%CC%88dylla%CC%88-960dpi.jpg?fit=960%2C960&ssl=1&resize=350%2C200 1x, https:\/\/i0.wp.com\/pohjanmaantehtaanmyymala.fi\/wp-content\/uploads\/2024\/02\/Uniikki-Hard-jenkkisa%CC%88nky-pa%CC%88a%CC%88dylla%CC%88-960dpi.jpg?fit=960%2C960&ssl=1&resize=525%2C300 1.5x, https:\/\/i0.wp.com\/pohjanmaantehtaanmyymala.fi\/wp-content\/uploads\/2024\/02\/Uniikki-Hard-jenkkisa%CC%88nky-pa%CC%88a%CC%88dylla%CC%88-960dpi.jpg?fit=960%2C960&ssl=1&resize=700%2C400 2x"},"classes":[]},{"id":10516,"url":"https:\/\/pohjanmaantehtaanmyymala.fi\/sv\/tuote\/uniikki-lux-jenkkisanky-petauspatjalla\/","url_meta":{"origin":10512,"position":3},"title":"HIGH LUX &#8211; jenkkis\u00e4nky 120 cm visco-petauspatjalla","author":"petri","date":"september 14, 2019","format":false,"excerpt":"T\u00e4m\u00e4 muhkea s\u00e4nky kruunaa t\u00e4ydellisen makuuhuoneen.","rel":"","context":"Liknande produkt","block_context":{"text":"Liknande produkt","link":""},"img":{"alt_text":"","src":"https:\/\/i0.wp.com\/pohjanmaantehtaanmyymala.fi\/wp-content\/uploads\/2019\/09\/Uniikkilux-120-1500pxl.jpg?fit=960%2C960&ssl=1&resize=350%2C200","width":350,"height":200,"srcset":"https:\/\/i0.wp.com\/pohjanmaantehtaanmyymala.fi\/wp-content\/uploads\/2019\/09\/Uniikkilux-120-1500pxl.jpg?fit=960%2C960&ssl=1&resize=350%2C200 1x, https:\/\/i0.wp.com\/pohjanmaantehtaanmyymala.fi\/wp-content\/uploads\/2019\/09\/Uniikkilux-120-1500pxl.jpg?fit=960%2C960&ssl=1&resize=525%2C300 1.5x, https:\/\/i0.wp.com\/pohjanmaantehtaanmyymala.fi\/wp-content\/uploads\/2019\/09\/Uniikkilux-120-1500pxl.jpg?fit=960%2C960&ssl=1&resize=700%2C400 2x"},"classes":[]},{"id":24993,"url":"https:\/\/pohjanmaantehtaanmyymala.fi\/sv\/tuote\/uniikki-hard-jenkkisankypaketti-140x200-cm\/","url_meta":{"origin":10512,"position":4},"title":"Uniikki HARD Jenkkis\u00e4nkypaketti 140&#215;200 cm","author":"Miro Nevala","date":"februari 7, 2024","format":false,"excerpt":"J\u00e4m\u00e4kk\u00e4 ja mukava Jenkkis\u00e4nky!","rel":"","context":"Liknande produkt","block_context":{"text":"Liknande produkt","link":""},"img":{"alt_text":"Uniikki HARD jenkkis\u00e4nky 180x200 v\u00e4ri tumman harmaa","src":"https:\/\/i0.wp.com\/pohjanmaantehtaanmyymala.fi\/wp-content\/uploads\/2024\/02\/Uniikki-Hard-jenkkisa%CC%88nky-960dpi.jpg?fit=960%2C960&ssl=1&resize=350%2C200","width":350,"height":200,"srcset":"https:\/\/i0.wp.com\/pohjanmaantehtaanmyymala.fi\/wp-content\/uploads\/2024\/02\/Uniikki-Hard-jenkkisa%CC%88nky-960dpi.jpg?fit=960%2C960&ssl=1&resize=350%2C200 1x, https:\/\/i0.wp.com\/pohjanmaantehtaanmyymala.fi\/wp-content\/uploads\/2024\/02\/Uniikki-Hard-jenkkisa%CC%88nky-960dpi.jpg?fit=960%2C960&ssl=1&resize=525%2C300 1.5x, https:\/\/i0.wp.com\/pohjanmaantehtaanmyymala.fi\/wp-content\/uploads\/2024\/02\/Uniikki-Hard-jenkkisa%CC%88nky-960dpi.jpg?fit=960%2C960&ssl=1&resize=700%2C400 2x"},"classes":[]},{"id":17529,"url":"https:\/\/pohjanmaantehtaanmyymala.fi\/sv\/tuote\/high-lux-jenkkisanky-140-cm-visco-petauspatjalla\/","url_meta":{"origin":10512,"position":5},"title":"HIGH LUX &#8211; jenkkis\u00e4nky 140 cm visco-petauspatjalla","author":"Sami Viitala","date":"juli 13, 2021","format":false,"excerpt":"T\u00e4m\u00e4 muhkea s\u00e4nky kruunaa t\u00e4ydellisen makuuhuoneen.","rel":"","context":"Liknande produkt","block_context":{"text":"Liknande produkt","link":""},"img":{"alt_text":"High lux jenkki 140 cm","src":"https:\/\/i0.wp.com\/pohjanmaantehtaanmyymala.fi\/wp-content\/uploads\/2021\/07\/Uniikki_Lux_jenkki_140-2.jpg?fit=1200%2C1200&ssl=1&resize=350%2C200","width":350,"height":200,"srcset":"https:\/\/i0.wp.com\/pohjanmaantehtaanmyymala.fi\/wp-content\/uploads\/2021\/07\/Uniikki_Lux_jenkki_140-2.jpg?fit=1200%2C1200&ssl=1&resize=350%2C200 1x, https:\/\/i0.wp.com\/pohjanmaantehtaanmyymala.fi\/wp-content\/uploads\/2021\/07\/Uniikki_Lux_jenkki_140-2.jpg?fit=1200%2C1200&ssl=1&resize=525%2C300 1.5x, https:\/\/i0.wp.com\/pohjanmaantehtaanmyymala.fi\/wp-content\/uploads\/2021\/07\/Uniikki_Lux_jenkki_140-2.jpg?fit=1200%2C1200&ssl=1&resize=700%2C400 2x, https:\/\/i0.wp.com\/pohjanmaantehtaanmyymala.fi\/wp-content\/uploads\/2021\/07\/Uniikki_Lux_jenkki_140-2.jpg?fit=1200%2C1200&ssl=1&resize=1050%2C600 3x"},"classes":[]}],"_links":{"self":[{"href":"https:\/\/pohjanmaantehtaanmyymala.fi\/sv\/wp-json\/wp\/v2\/product\/10512","targetHints":{"allow":["GET"]}}],"collection":[{"href":"https:\/\/pohjanmaantehtaanmyymala.fi\/sv\/wp-json\/wp\/v2\/product"}],"about":[{"href":"https:\/\/pohjanmaantehtaanmyymala.fi\/sv\/wp-json\/wp\/v2\/types\/product"}],"replies":[{"embeddable":true,"href":"https:\/\/pohjanmaantehtaanmyymala.fi\/sv\/wp-json\/wp\/v2\/comments?post=10512"}],"wp:featuredmedia":[{"embeddable":true,"href":"https:\/\/pohjanmaantehtaanmyymala.fi\/sv\/wp-json\/wp\/v2\/media\/14017"}],"wp:attachment":[{"href":"https:\/\/pohjanmaantehtaanmyymala.fi\/sv\/wp-json\/wp\/v2\/media?parent=10512"}],"wp:term":[{"taxonomy":"product_brand","embeddable":true,"href":"https:\/\/pohjanmaantehtaanmyymala.fi\/sv\/wp-json\/wp\/v2\/product_brand?post=10512"},{"taxonomy":"product_cat","embeddable":true,"href":"https:\/\/pohjanmaantehtaanmyymala.fi\/sv\/wp-json\/wp\/v2\/product_cat?post=10512"},{"taxonomy":"product_tag","embeddable":true,"href":"https:\/\/pohjanmaantehtaanmyymala.fi\/sv\/wp-json\/wp\/v2\/product_tag?post=10512"}],"curies":[{"name":"wp","href":"https:\/\/api.w.org\/{rel}","templated":true}]}}