{"id":10501,"date":"2019-09-14T09:36:57","date_gmt":"2019-09-14T07:36:57","guid":{"rendered":"https:\/\/pohjanmaantehtaanmyymala.fi\/tuote\/seniori-yopoyta\/"},"modified":"2023-10-28T09:21:35","modified_gmt":"2023-10-28T07:21:35","slug":"seniori-yopoyta","status":"publish","type":"product","link":"https:\/\/pohjanmaantehtaanmyymala.fi\/sv\/tuote\/seniori-yopoyta\/","title":{"rendered":"SENIORI \u2013 y\u00f6p\u00f6yt\u00e4"},"content":{"rendered":"<p>Seniori y\u00f6p\u00f6yt\u00e4 on j\u00e4rkev\u00e4 valinta makuuhuoneeseen.<br \/>\nLukittava laatikko mahdollistaa turvallisen s\u00e4ilytt\u00e4misen my\u00f6s arvokkaille esineille.<br \/>\nLaatikollisella y\u00f6p\u00f6yd\u00e4ss\u00e4 on my\u00f6s vetotaso, joka antaa sopivasti lis\u00e4\u00e4 laskutilaa.<\/p>\n<p>Y\u00f6p\u00f6yt\u00e4 on valmistettu Kiteen Huonekalutehtaalla.<\/p>\n<p>Toimitetaan valmiiksi kasattuna.<\/p>\n","protected":false},"excerpt":{"rendered":"<p>Kotimainen koivusta valmistettu y\u00f6-p\u00f6yt\u00e4.<\/p>\n","protected":false},"featured_media":10502,"comment_status":"closed","ping_status":"closed","template":"","meta":{"_acf_changed":false,"jetpack_post_was_ever_published":false,"jetpack_publicize_message":"","jetpack_publicize_feature_enabled":true,"jetpack_social_post_already_shared":true,"jetpack_social_options":{"image_generator_settings":{"template":"highway","default_image_id":0,"font":"","enabled":false},"version":2}},"product_brand":[205],"product_cat":[198,196,204],"product_tag":[],"class_list":{"0":"post-10501","1":"product","2":"type-product","3":"status-publish","4":"has-post-thumbnail","6":"product_brand-kiteen","7":"product_cat-patjat-ja-sangyt","8":"product_cat-sailytyskalusteet-ja-tv-tasot","9":"product_cat-seniorikalusteet","10":"product_shipping_class-161","11":"pa_vari-koivu-lv","12":"pa_vari-pahkina","13":"pa_vari-pyokkipetsattu","14":"pa_vari-valkoinen","16":"first","17":"instock","18":"sale","19":"purchasable","20":"product-type-variable"},"acf":[],"jetpack_publicize_connections":[],"jetpack_sharing_enabled":true,"jetpack-related-posts":[{"id":8851,"url":"https:\/\/pohjanmaantehtaanmyymala.fi\/sv\/tuote\/black-yopoyta\/","url_meta":{"origin":10501,"position":0},"title":"BLACK &#8211; y\u00f6p\u00f6yt\u00e4","author":"petri","date":"september 14, 2019","format":false,"excerpt":"Black huonekaluilla sisustat kauniisti makuuhuoneen.","rel":"","context":"Liknande produkt","block_context":{"text":"Liknande produkt","link":""},"img":{"alt_text":"Hiipakka Black y\u00f6p\u00f6yt\u00e4 vintagetammi","src":"https:\/\/i0.wp.com\/pohjanmaantehtaanmyymala.fi\/wp-content\/uploads\/2019\/06\/Black11.jpg?fit=960%2C960&ssl=1&resize=350%2C200","width":350,"height":200,"srcset":"https:\/\/i0.wp.com\/pohjanmaantehtaanmyymala.fi\/wp-content\/uploads\/2019\/06\/Black11.jpg?fit=960%2C960&ssl=1&resize=350%2C200 1x, https:\/\/i0.wp.com\/pohjanmaantehtaanmyymala.fi\/wp-content\/uploads\/2019\/06\/Black11.jpg?fit=960%2C960&ssl=1&resize=525%2C300 1.5x, https:\/\/i0.wp.com\/pohjanmaantehtaanmyymala.fi\/wp-content\/uploads\/2019\/06\/Black11.jpg?fit=960%2C960&ssl=1&resize=700%2C400 2x"},"classes":[]},{"id":10915,"url":"https:\/\/pohjanmaantehtaanmyymala.fi\/sv\/tuote\/fondi-yopoyta-nro21\/","url_meta":{"origin":10501,"position":1},"title":"FONDI \u2013 y\u00f6p\u00f6yt\u00e4 NRO21","author":"petri","date":"september 14, 2019","format":false,"excerpt":"Fondi -y\u00f6p\u00f6yt\u00e4 laatikolla ja avohyllyll\u00e4.Tuote toimitetaan osaksi kasattuna kansi irrallaan pahvipaketissa.Koko:Leveys 41cmkorkeus 52 cmsyvyys 41 cm.Toimitusaika noin 1-2 viikkoa.V\u00e4ri on valikoinen. Tilauksesta voi kannen v\u00e4rivaihtoehdoksi valita my\u00f6s aitopuuviilutetun; py\u00f6kki-, kirsikka-, p\u00e4hkin\u00e4- ja tammi v\u00e4rin.Viilu on aito luonnonmateriaali, joka muuttaa s\u00e4vy\u00e4\u00e4n ajan kuluessa muun muassa auringon ultraviolettivalon vaikutuksesta.Kysy myynnist\u00e4mme lis\u00e4tietoa muista\u2026","rel":"","context":"Liknande produkt","block_context":{"text":"Liknande produkt","link":""},"img":{"alt_text":"","src":"https:\/\/i0.wp.com\/pohjanmaantehtaanmyymala.fi\/wp-content\/uploads\/2019\/09\/Fondi_051223_Leo-Matti.jpg?fit=960%2C960&ssl=1&resize=350%2C200","width":350,"height":200,"srcset":"https:\/\/i0.wp.com\/pohjanmaantehtaanmyymala.fi\/wp-content\/uploads\/2019\/09\/Fondi_051223_Leo-Matti.jpg?fit=960%2C960&ssl=1&resize=350%2C200 1x, https:\/\/i0.wp.com\/pohjanmaantehtaanmyymala.fi\/wp-content\/uploads\/2019\/09\/Fondi_051223_Leo-Matti.jpg?fit=960%2C960&ssl=1&resize=525%2C300 1.5x, https:\/\/i0.wp.com\/pohjanmaantehtaanmyymala.fi\/wp-content\/uploads\/2019\/09\/Fondi_051223_Leo-Matti.jpg?fit=960%2C960&ssl=1&resize=700%2C400 2x"},"classes":[]},{"id":10773,"url":"https:\/\/pohjanmaantehtaanmyymala.fi\/sv\/tuote\/klaara-lipasto-1\/","url_meta":{"origin":10501,"position":2},"title":"KLAARA 1 Lipasto-y\u00f6p\u00f6yt\u00e4","author":"petri","date":"september 14, 2019","format":false,"excerpt":"Romanttinen pieni lipasto-y\u00f6p\u00f6yt\u00e4. Valitse mieluinen kansiv\u00e4ri nelj\u00e4st\u00e4 eri vaihtoehdosta!","rel":"","context":"Liknande produkt","block_context":{"text":"Liknande produkt","link":""},"img":{"alt_text":"klaara lipasto y\u00f6p\u00f6yt\u00e4 valkoinen","src":"https:\/\/i0.wp.com\/pohjanmaantehtaanmyymala.fi\/wp-content\/uploads\/2019\/09\/Klaara-Lipasto402-1.jpg?fit=960%2C960&ssl=1&resize=350%2C200","width":350,"height":200,"srcset":"https:\/\/i0.wp.com\/pohjanmaantehtaanmyymala.fi\/wp-content\/uploads\/2019\/09\/Klaara-Lipasto402-1.jpg?fit=960%2C960&ssl=1&resize=350%2C200 1x, https:\/\/i0.wp.com\/pohjanmaantehtaanmyymala.fi\/wp-content\/uploads\/2019\/09\/Klaara-Lipasto402-1.jpg?fit=960%2C960&ssl=1&resize=525%2C300 1.5x, https:\/\/i0.wp.com\/pohjanmaantehtaanmyymala.fi\/wp-content\/uploads\/2019\/09\/Klaara-Lipasto402-1.jpg?fit=960%2C960&ssl=1&resize=700%2C400 2x"},"classes":[]},{"id":10475,"url":"https:\/\/pohjanmaantehtaanmyymala.fi\/sv\/tuote\/seniori-sangyn-turvalaita\/","url_meta":{"origin":10501,"position":3},"title":"SENIORI \u2013s\u00e4ngyn turvalaita l. 134 cm","author":"petri","date":"september 14, 2019","format":false,"excerpt":"Seniori s\u00e4ngyn lis\u00e4varuste Seniori-turvalaita on tehty lis\u00e4\u00e4m\u00e4\u00e4n nukkujan turvallisuutta. Turvalaita est\u00e4\u00e4 nukkujaa putoamasta s\u00e4ngylt\u00e4 lattialle. Sit\u00e4 on helppo k\u00e4ytt\u00e4\u00e4, turvalaidan saa tarvittaessa laskettua alas s\u00e4nkyyn ment\u00e4ess\u00e4 tai s\u00e4ngyst\u00e4 noustaessa. Turvalaidan koko on 130\u00d746 cm. Se on helppo asentaa ja sen paikkaa voi tarvittaessa vaihtaa. Turvalaita on valmistettu massiivikoivusta. Seniori turvalaita\u2026","rel":"","context":"Liknande produkt","block_context":{"text":"Liknande produkt","link":""},"img":{"alt_text":"","src":"https:\/\/i0.wp.com\/pohjanmaantehtaanmyymala.fi\/wp-content\/uploads\/2019\/09\/Seniori-sanky-pahkina-turvalaidalla-ja-yopoydalla.jpg?fit=700%2C700&ssl=1&resize=350%2C200","width":350,"height":200,"srcset":"https:\/\/i0.wp.com\/pohjanmaantehtaanmyymala.fi\/wp-content\/uploads\/2019\/09\/Seniori-sanky-pahkina-turvalaidalla-ja-yopoydalla.jpg?fit=700%2C700&ssl=1&resize=350%2C200 1x, https:\/\/i0.wp.com\/pohjanmaantehtaanmyymala.fi\/wp-content\/uploads\/2019\/09\/Seniori-sanky-pahkina-turvalaidalla-ja-yopoydalla.jpg?fit=700%2C700&ssl=1&resize=525%2C300 1.5x, https:\/\/i0.wp.com\/pohjanmaantehtaanmyymala.fi\/wp-content\/uploads\/2019\/09\/Seniori-sanky-pahkina-turvalaidalla-ja-yopoydalla.jpg?fit=700%2C700&ssl=1&resize=700%2C400 2x"},"classes":[]},{"id":10491,"url":"https:\/\/pohjanmaantehtaanmyymala.fi\/sv\/tuote\/seniori-sanky-90x200-cm\/","url_meta":{"origin":10501,"position":4},"title":"SENIORI \u2013 s\u00e4nky 90&#215;200 cm","author":"petri","date":"september 14, 2019","format":false,"excerpt":"Kiteen Huonekalutehtaan Seniori sarja on ik\u00e4ihmisille suunniteltu kotimainen kalustemallisto. Massiivikoivusta valmistettu Seniori s\u00e4nky on j\u00e4rkev\u00e4 ja turvallinen valinta. S\u00e4nky on istumakorkeudeltaan normaalia s\u00e4nky\u00e4 korkeampi, mik\u00e4 helpottaa siit\u00e4 nousemista. S\u00e4nky\u00e4 on saatavana 80, 90 ja 120 cm leve\u00e4n\u00e4. S\u00e4nkyyn on my\u00f6s tarjolla liikkumista turvaavua lis\u00e4varusteita, kuten vaikka nousutuki ja turvalaita, sek\u00e4\u2026","rel":"","context":"Liknande produkt","block_context":{"text":"Liknande produkt","link":""},"img":{"alt_text":"","src":"https:\/\/i0.wp.com\/pohjanmaantehtaanmyymala.fi\/wp-content\/uploads\/2019\/09\/SENIORI-SANKY-VALKOINEN.jpg?fit=960%2C960&ssl=1&resize=350%2C200","width":350,"height":200,"srcset":"https:\/\/i0.wp.com\/pohjanmaantehtaanmyymala.fi\/wp-content\/uploads\/2019\/09\/SENIORI-SANKY-VALKOINEN.jpg?fit=960%2C960&ssl=1&resize=350%2C200 1x, https:\/\/i0.wp.com\/pohjanmaantehtaanmyymala.fi\/wp-content\/uploads\/2019\/09\/SENIORI-SANKY-VALKOINEN.jpg?fit=960%2C960&ssl=1&resize=525%2C300 1.5x, https:\/\/i0.wp.com\/pohjanmaantehtaanmyymala.fi\/wp-content\/uploads\/2019\/09\/SENIORI-SANKY-VALKOINEN.jpg?fit=960%2C960&ssl=1&resize=700%2C400 2x"},"classes":[]},{"id":20202,"url":"https:\/\/pohjanmaantehtaanmyymala.fi\/sv\/tuote\/seniori-sanky-80x200-cm\/","url_meta":{"origin":10501,"position":5},"title":"SENIORI s\u00e4nky 80&#215;200 cm","author":"Sami Viitala","date":"mars 28, 2022","format":false,"excerpt":"Kiteen Huonekalutehtaan Seniori sarja on ik\u00e4ihmisille suunniteltu kotimainen kalustemallisto. Massiivikoivusta valmistettu Seniori s\u00e4nky on j\u00e4rkev\u00e4 ja turvallinen valinta. S\u00e4nky on istumakorkeudeltaan normaalia s\u00e4nky\u00e4 korkeampi, mik\u00e4 helpottaa siit\u00e4 nousemista. S\u00e4nky\u00e4 on saatavana 80, 90, 120 cm leve\u00e4n\u00e4. S\u00e4nkyyn on my\u00f6s tarjolla liikkumista turvaavua lis\u00e4varusteita, kuten vaikka nousutuki ja turvalaita, sek\u00e4 moottoripohja.\u2026","rel":"","context":"Liknande produkt","block_context":{"text":"Liknande produkt","link":""},"img":{"alt_text":"","src":"https:\/\/i0.wp.com\/pohjanmaantehtaanmyymala.fi\/wp-content\/uploads\/2019\/09\/SENIORI-SANKY-VALKOINEN.jpg?fit=960%2C960&ssl=1&resize=350%2C200","width":350,"height":200,"srcset":"https:\/\/i0.wp.com\/pohjanmaantehtaanmyymala.fi\/wp-content\/uploads\/2019\/09\/SENIORI-SANKY-VALKOINEN.jpg?fit=960%2C960&ssl=1&resize=350%2C200 1x, https:\/\/i0.wp.com\/pohjanmaantehtaanmyymala.fi\/wp-content\/uploads\/2019\/09\/SENIORI-SANKY-VALKOINEN.jpg?fit=960%2C960&ssl=1&resize=525%2C300 1.5x, https:\/\/i0.wp.com\/pohjanmaantehtaanmyymala.fi\/wp-content\/uploads\/2019\/09\/SENIORI-SANKY-VALKOINEN.jpg?fit=960%2C960&ssl=1&resize=700%2C400 2x"},"classes":[]}],"_links":{"self":[{"href":"https:\/\/pohjanmaantehtaanmyymala.fi\/sv\/wp-json\/wp\/v2\/product\/10501","targetHints":{"allow":["GET"]}}],"collection":[{"href":"https:\/\/pohjanmaantehtaanmyymala.fi\/sv\/wp-json\/wp\/v2\/product"}],"about":[{"href":"https:\/\/pohjanmaantehtaanmyymala.fi\/sv\/wp-json\/wp\/v2\/types\/product"}],"replies":[{"embeddable":true,"href":"https:\/\/pohjanmaantehtaanmyymala.fi\/sv\/wp-json\/wp\/v2\/comments?post=10501"}],"wp:featuredmedia":[{"embeddable":true,"href":"https:\/\/pohjanmaantehtaanmyymala.fi\/sv\/wp-json\/wp\/v2\/media\/10502"}],"wp:attachment":[{"href":"https:\/\/pohjanmaantehtaanmyymala.fi\/sv\/wp-json\/wp\/v2\/media?parent=10501"}],"wp:term":[{"taxonomy":"product_brand","embeddable":true,"href":"https:\/\/pohjanmaantehtaanmyymala.fi\/sv\/wp-json\/wp\/v2\/product_brand?post=10501"},{"taxonomy":"product_cat","embeddable":true,"href":"https:\/\/pohjanmaantehtaanmyymala.fi\/sv\/wp-json\/wp\/v2\/product_cat?post=10501"},{"taxonomy":"product_tag","embeddable":true,"href":"https:\/\/pohjanmaantehtaanmyymala.fi\/sv\/wp-json\/wp\/v2\/product_tag?post=10501"}],"curies":[{"name":"wp","href":"https:\/\/api.w.org\/{rel}","templated":true}]}}