{"id":2162,"date":"2018-11-21T09:04:15","date_gmt":"2018-11-21T07:04:15","guid":{"rendered":"https:\/\/pohjanmaantehtaanmyymala.fi\/?page_id=2162"},"modified":"2020-09-04T17:39:51","modified_gmt":"2020-09-04T15:39:51","slug":"kontakt","status":"publish","type":"page","link":"https:\/\/pohjanmaantehtaanmyymala.fi\/sv\/kontakt\/","title":{"rendered":"Kontakt"},"content":{"rendered":"<div id='full_slider_1'  class='avia-fullwidth-slider main_color avia-shadow   avia-builder-el-0  el_before_av_one_half  avia-builder-el-first   container_wrap sidebar_right'  >\n<style type=\"text\/css\" data-created_by=\"avia_inline_auto\" id=\"style-css-av-3efufz-c61f254b7e40d9e6ee36a2a5a47b77a0\">\n#top #wrap_all .avia-slideshow .av-slideshow-caption.av-3efufz-c61f254b7e40d9e6ee36a2a5a47b77a0__0 .avia-caption-title{\nfont-size:36px;\n}\n#top .avia-slideshow .av-slideshow-caption.av-3efufz-c61f254b7e40d9e6ee36a2a5a47b77a0__0 .avia-caption-content{\nfont-size:20px;\n}\n#top .avia-slideshow .av-slideshow-caption.av-3efufz-c61f254b7e40d9e6ee36a2a5a47b77a0__0 .avia-caption-content p{\nfont-size:20px;\n}\n\n@media only screen and (min-width: 768px) and (max-width: 989px){ \n#top #wrap_all .avia-slideshow .av-slideshow-caption.av-3efufz-c61f254b7e40d9e6ee36a2a5a47b77a0__0 .avia-caption-title{\nfont-size:28px;\n}\n#top .avia-slideshow .av-slideshow-caption.av-3efufz-c61f254b7e40d9e6ee36a2a5a47b77a0__0 .avia-caption-content{\nfont-size:24px;\n}\n#top .avia-slideshow .av-slideshow-caption.av-3efufz-c61f254b7e40d9e6ee36a2a5a47b77a0__0 .avia-caption-content p{\nfont-size:24px;\n}\n}\n\n@media only screen and (min-width: 480px) and (max-width: 767px){ \n#top #wrap_all .avia-slideshow .av-slideshow-caption.av-3efufz-c61f254b7e40d9e6ee36a2a5a47b77a0__0 .avia-caption-title{\nfont-size:24px;\n}\n#top .avia-slideshow .av-slideshow-caption.av-3efufz-c61f254b7e40d9e6ee36a2a5a47b77a0__0 .avia-caption-content{\nfont-size:20px;\n}\n#top .avia-slideshow .av-slideshow-caption.av-3efufz-c61f254b7e40d9e6ee36a2a5a47b77a0__0 .avia-caption-content p{\nfont-size:20px;\n}\n}\n\n@media only screen and (max-width: 479px){ \n#top #wrap_all .avia-slideshow .av-slideshow-caption.av-3efufz-c61f254b7e40d9e6ee36a2a5a47b77a0__0 .avia-caption-title{\nfont-size:20px;\n}\n#top .avia-slideshow .av-slideshow-caption.av-3efufz-c61f254b7e40d9e6ee36a2a5a47b77a0__0 .avia-caption-content{\nfont-size:18px;\n}\n#top .avia-slideshow .av-slideshow-caption.av-3efufz-c61f254b7e40d9e6ee36a2a5a47b77a0__0 .avia-caption-content p{\nfont-size:18px;\n}\n}\n<\/style>\n<div  class='avia-slideshow av-3efufz-c61f254b7e40d9e6ee36a2a5a47b77a0 avia-slideshow-entry_without_sidebar av_slideshow_full avia-slide-slider av-slideshow-ui av-control-default av-slideshow-manual av-loop-once av-loop-manual-endless av-default-height-applied   avia-slideshow-1' data-slideshow-options=\"{&quot;animation&quot;:&quot;slide&quot;,&quot;autoplay&quot;:false,&quot;loop_autoplay&quot;:&quot;once&quot;,&quot;interval&quot;:5,&quot;loop_manual&quot;:&quot;manual-endless&quot;,&quot;autoplay_stopper&quot;:false,&quot;noNavigation&quot;:false,&quot;bg_slider&quot;:false,&quot;keep_padding&quot;:false,&quot;hoverpause&quot;:false,&quot;show_slide_delay&quot;:0}\"  itemprop=\"image\" itemscope=\"itemscope\" itemtype=\"https:\/\/schema.org\/ImageObject\" ><ul class='avia-slideshow-inner ' style='padding-bottom: 34.95867768595%;'><li  class='avia-slideshow-slide av-3efufz-c61f254b7e40d9e6ee36a2a5a47b77a0__0  av-single-slide slide-1 slide-odd'><div data-rel='slideshow-1' class='avia-slide-wrap '   ><div class='av-slideshow-caption av-3efufz-c61f254b7e40d9e6ee36a2a5a47b77a0__0 caption_fullwidth caption_left caption_left_framed caption_framed'><div class=\"container caption_container\"><div class=\"slideshow_caption\"><div class=\"slideshow_inner_caption\"><div class=\"slideshow_align_caption\"><h2 class='avia-caption-title '  itemprop=\"name\" >FR\u00c5GOR?<\/h2><div class='avia-caption-content '  itemprop=\"description\" ><p>Kontakta oss: <a href=\"tel:0201450529\">0201 450 529<\/a><\/p>\n<\/div><\/div><\/div><\/div><\/div><\/div><img decoding=\"async\" fetchpriority=\"high\" class=\"wp-image-12309 avia-img-lazy-loading-not-12309\"  src=\"https:\/\/i0.wp.com\/pohjanmaantehtaanmyymala.fi\/wp-content\/uploads\/2020\/09\/Tehtaanmyymala2.jpg?resize=1210%2C423&ssl=1\" width=\"1210\" height=\"423\" title='Tehtaanmyym\u00e4l\u00e42' alt='Tehtaanmyym\u00e4l\u00e4'  itemprop=\"thumbnailUrl\"  style='min-height:360px; min-width:1030px; ' srcset=\"https:\/\/i0.wp.com\/pohjanmaantehtaanmyymala.fi\/wp-content\/uploads\/2020\/09\/Tehtaanmyymala2.jpg?w=1210&amp;ssl=1 1210w, https:\/\/i0.wp.com\/pohjanmaantehtaanmyymala.fi\/wp-content\/uploads\/2020\/09\/Tehtaanmyymala2.jpg?resize=300%2C105&amp;ssl=1 300w, https:\/\/i0.wp.com\/pohjanmaantehtaanmyymala.fi\/wp-content\/uploads\/2020\/09\/Tehtaanmyymala2.jpg?resize=1030%2C360&amp;ssl=1 1030w, https:\/\/i0.wp.com\/pohjanmaantehtaanmyymala.fi\/wp-content\/uploads\/2020\/09\/Tehtaanmyymala2.jpg?resize=768%2C268&amp;ssl=1 768w, https:\/\/i0.wp.com\/pohjanmaantehtaanmyymala.fi\/wp-content\/uploads\/2020\/09\/Tehtaanmyymala2.jpg?resize=705%2C246&amp;ssl=1 705w, https:\/\/i0.wp.com\/pohjanmaantehtaanmyymala.fi\/wp-content\/uploads\/2020\/09\/Tehtaanmyymala2.jpg?resize=600%2C210&amp;ssl=1 600w\" sizes=\"(max-width: 1210px) 100vw, 1210px\" \/><\/div><\/li><\/ul><\/div><\/div><div id='after_full_slider_1'  class='main_color av_default_container_wrap container_wrap sidebar_right'  ><div class='container av-section-cont-open' ><div class='template-page content  av-content-small alpha units'><div class='post-entry post-entry-type-page post-entry-2162'><div class='entry-content-wrapper clearfix'>\n\n<style type=\"text\/css\" data-created_by=\"avia_inline_auto\" id=\"style-css-av-2po64v-188d9c18ea28b0a2a28776a5f07dcbbc\">\n.flex_column.av-2po64v-188d9c18ea28b0a2a28776a5f07dcbbc{\nborder-radius:0px 0px 0px 0px;\npadding:0px 0px 0px 0px;\n}\n<\/style>\n<div  class='flex_column av-2po64v-188d9c18ea28b0a2a28776a5f07dcbbc av_one_half  avia-builder-el-1  el_after_av_slideshow_full  el_before_av_one_half  avia-builder-el-first  first flex_column_div av-zero-column-padding  '     ><section  class='av_textblock_section av-2my39r-7c05293fb51a9468efc22d2875f69227 '   itemscope=\"itemscope\" itemtype=\"https:\/\/schema.org\/CreativeWork\" ><div class='avia_textblock'  itemprop=\"text\" ><h1>Fabriksbutiken i Kurikka<\/h1>\n<p><strong>F\u00f6rs\u00e4ljning:<br \/>\nSami Viitala<\/strong> tfn. 044 450 0027, sami.viitala(at)pohjanmaan.fi<br \/>\n<strong>Timo Kivist\u00f6<\/strong> tfn 044 450 0073, timo.kivisto(at)pohjanmaan.fi<br \/>\n<strong>Harri Kantoniemi<\/strong> tfn 044 450 0068, harri.kantoniemi(at)pohjanmaan.fi<strong><br \/>\n<\/strong><\/p>\n<p><strong>Transporter:<br \/>\nRiku Viitala<\/strong>\u00a0tfn 044 450 0062<\/p>\n<p><strong>Fabriksbutiken<\/strong>: Kalustekatu 6, 61300 Kurikka<br \/>\ntfn 0201 450529, tehtaanmyymala(at)pohjanmaan.fi<\/p>\n<\/div><\/section><\/div>\n\n<style type=\"text\/css\" data-created_by=\"avia_inline_auto\" id=\"style-css-av-2po64v-f6d37bd4d0e88ea17bd2b6904fe2c098\">\n.flex_column.av-2po64v-f6d37bd4d0e88ea17bd2b6904fe2c098{\nborder-radius:0px 0px 0px 0px;\npadding:0px 0px 0px 0px;\n}\n<\/style>\n<div  class='flex_column av-2po64v-f6d37bd4d0e88ea17bd2b6904fe2c098 av_one_half  avia-builder-el-3  el_after_av_one_half  avia-builder-el-last  flex_column_div av-zero-column-padding  '     ><p>\n<style type=\"text\/css\" data-created_by=\"avia_inline_auto\" id=\"style-css-av-2eiwx3-73261db44efe43953581fefb87a7df5b\">\n#top .hr.hr-invisible.av-2eiwx3-73261db44efe43953581fefb87a7df5b{\nheight:20px;\n}\n<\/style>\n<div  class='hr av-2eiwx3-73261db44efe43953581fefb87a7df5b hr-invisible  avia-builder-el-4  el_before_av_image  avia-builder-el-first '><span class='hr-inner '><span class=\"hr-inner-style\"><\/span><\/span><\/div><br \/>\n\n<style type=\"text\/css\" data-created_by=\"avia_inline_auto\" id=\"style-css-av-294d27-f74e76be93a97bbac3a4b1fefe1d2f1c\">\n.avia-image-container.av-294d27-f74e76be93a97bbac3a4b1fefe1d2f1c img.avia_image{\nbox-shadow:none;\n}\n.avia-image-container.av-294d27-f74e76be93a97bbac3a4b1fefe1d2f1c .av-image-caption-overlay-center{\ncolor:#ffffff;\n}\n<\/style>\n<div  class='avia-image-container av-294d27-f74e76be93a97bbac3a4b1fefe1d2f1c av-styling- avia-align-center  avia-builder-el-5  el_after_av_hr  el_before_av_image '   itemprop=\"image\" itemscope=\"itemscope\" itemtype=\"https:\/\/schema.org\/ImageObject\" ><div class=\"avia-image-container-inner\"><div class=\"avia-image-overlay-wrap\"><img decoding=\"async\" fetchpriority=\"high\" class='wp-image-1804 avia-img-lazy-loading-not-1804 avia_image ' src=\"https:\/\/i0.wp.com\/pohjanmaantehtaanmyymala.fi\/wp-content\/uploads\/2018\/03\/myymalasis2.jpg?fit=650%2C370&ssl=1\" alt='tehtaanmyym\u00e4l\u00e4 sis\u00e4lt\u00e4' title='myymalasis2'  height=\"370\" width=\"650\"  itemprop=\"thumbnailUrl\" srcset=\"https:\/\/i0.wp.com\/pohjanmaantehtaanmyymala.fi\/wp-content\/uploads\/2018\/03\/myymalasis2.jpg?w=650&amp;ssl=1 650w, https:\/\/i0.wp.com\/pohjanmaantehtaanmyymala.fi\/wp-content\/uploads\/2018\/03\/myymalasis2.jpg?resize=600%2C342&amp;ssl=1 600w, https:\/\/i0.wp.com\/pohjanmaantehtaanmyymala.fi\/wp-content\/uploads\/2018\/03\/myymalasis2.jpg?resize=300%2C171&amp;ssl=1 300w\" sizes=\"(max-width: 650px) 100vw, 650px\" \/><\/div><\/div><\/div><br \/>\n\n<style type=\"text\/css\" data-created_by=\"avia_inline_auto\" id=\"style-css-av-234pxz-e1bbfef38ab765fb5e04cbb02dd8b3f6\">\n.avia-image-container.av-234pxz-e1bbfef38ab765fb5e04cbb02dd8b3f6 img.avia_image{\nbox-shadow:none;\n}\n.avia-image-container.av-234pxz-e1bbfef38ab765fb5e04cbb02dd8b3f6 .av-image-caption-overlay-center{\ncolor:#ffffff;\n}\n<\/style>\n<div  class='avia-image-container av-234pxz-e1bbfef38ab765fb5e04cbb02dd8b3f6 av-styling- avia-align-center  avia-builder-el-6  el_after_av_image  avia-builder-el-last '   itemprop=\"image\" itemscope=\"itemscope\" itemtype=\"https:\/\/schema.org\/ImageObject\" ><div class=\"avia-image-container-inner\"><div class=\"avia-image-overlay-wrap\"><img decoding=\"async\" fetchpriority=\"high\" class='wp-image-1806 avia-img-lazy-loading-not-1806 avia_image ' src=\"https:\/\/i0.wp.com\/pohjanmaantehtaanmyymala.fi\/wp-content\/uploads\/2018\/03\/myymala3.jpg?fit=650%2C270&ssl=1\" alt='tehtaanmyym\u00e4l\u00e4 sis\u00e4kuva' title='myymala3'  height=\"270\" width=\"650\"  itemprop=\"thumbnailUrl\" srcset=\"https:\/\/i0.wp.com\/pohjanmaantehtaanmyymala.fi\/wp-content\/uploads\/2018\/03\/myymala3.jpg?w=650&amp;ssl=1 650w, https:\/\/i0.wp.com\/pohjanmaantehtaanmyymala.fi\/wp-content\/uploads\/2018\/03\/myymala3.jpg?resize=600%2C249&amp;ssl=1 600w, https:\/\/i0.wp.com\/pohjanmaantehtaanmyymala.fi\/wp-content\/uploads\/2018\/03\/myymala3.jpg?resize=300%2C125&amp;ssl=1 300w\" sizes=\"(max-width: 650px) 100vw, 650px\" \/><\/div><\/div><\/div><\/p><\/div>\n","protected":false},"excerpt":{"rendered":"","protected":false},"author":2,"featured_media":0,"parent":0,"menu_order":0,"comment_status":"closed","ping_status":"closed","template":"","meta":{"_acf_changed":false,"jetpack_post_was_ever_published":false,"footnotes":""},"class_list":["post-2162","page","type-page","status-publish","hentry"],"acf":[],"jetpack_sharing_enabled":true,"jetpack_shortlink":"https:\/\/wp.me\/PanG4C-yS","jetpack-related-posts":[{"id":7283,"url":"https:\/\/pohjanmaantehtaanmyymala.fi\/sv\/seniormobler\/","url_meta":{"origin":2162,"position":0},"title":"Seniorm\u00f6bler","author":"Svenna Martens","date":"maj 30, 2019","format":false,"excerpt":"","rel":"","context":"Liknande produkt","block_context":{"text":"Liknande produkt","link":""},"img":{"alt_text":"","src":"","width":0,"height":0},"classes":[]},{"id":203,"url":"https:\/\/pohjanmaantehtaanmyymala.fi\/keittio-ruokailu\/","url_meta":{"origin":2162,"position":1},"title":"Keitti\u00f6\/Ruokailu","author":"Svenna Martens","date":"mars 26, 2018","format":false,"excerpt":"","rel":"","context":"Liknande produkt","block_context":{"text":"Liknande produkt","link":""},"img":{"alt_text":"","src":"","width":0,"height":0},"classes":[]},{"id":223,"url":"https:\/\/pohjanmaantehtaanmyymala.fi\/tyohuone\/","url_meta":{"origin":2162,"position":2},"title":"Ty\u00f6huone","author":"Svenna Martens","date":"mars 26, 2018","format":false,"excerpt":"","rel":"","context":"Liknande produkt","block_context":{"text":"Liknande produkt","link":""},"img":{"alt_text":"","src":"","width":0,"height":0},"classes":[]},{"id":231,"url":"https:\/\/pohjanmaantehtaanmyymala.fi\/piha-terassi\/","url_meta":{"origin":2162,"position":3},"title":"Piha\/Terassi","author":"Svenna Martens","date":"mars 26, 2018","format":false,"excerpt":"","rel":"","context":"Liknande produkt","block_context":{"text":"Liknande produkt","link":""},"img":{"alt_text":"","src":"","width":0,"height":0},"classes":[]},{"id":3906,"url":"https:\/\/pohjanmaantehtaanmyymala.fi\/seniorikalusteet\/","url_meta":{"origin":2162,"position":4},"title":"Seniorikalusteet","author":"Svenna Martens","date":"februari 23, 2019","format":false,"excerpt":"","rel":"","context":"Liknande produkt","block_context":{"text":"Liknande produkt","link":""},"img":{"alt_text":"","src":"","width":0,"height":0},"classes":[]},{"id":178,"url":"https:\/\/pohjanmaantehtaanmyymala.fi\/olohuone\/","url_meta":{"origin":2162,"position":5},"title":"Olohuone","author":"Svenna Martens","date":"mars 26, 2018","format":false,"excerpt":"","rel":"","context":"Liknande produkt","block_context":{"text":"Liknande produkt","link":""},"img":{"alt_text":"","src":"","width":0,"height":0},"classes":[]}],"_links":{"self":[{"href":"https:\/\/pohjanmaantehtaanmyymala.fi\/sv\/wp-json\/wp\/v2\/pages\/2162","targetHints":{"allow":["GET"]}}],"collection":[{"href":"https:\/\/pohjanmaantehtaanmyymala.fi\/sv\/wp-json\/wp\/v2\/pages"}],"about":[{"href":"https:\/\/pohjanmaantehtaanmyymala.fi\/sv\/wp-json\/wp\/v2\/types\/page"}],"author":[{"embeddable":true,"href":"https:\/\/pohjanmaantehtaanmyymala.fi\/sv\/wp-json\/wp\/v2\/users\/2"}],"replies":[{"embeddable":true,"href":"https:\/\/pohjanmaantehtaanmyymala.fi\/sv\/wp-json\/wp\/v2\/comments?post=2162"}],"version-history":[{"count":15,"href":"https:\/\/pohjanmaantehtaanmyymala.fi\/sv\/wp-json\/wp\/v2\/pages\/2162\/revisions"}],"predecessor-version":[{"id":12334,"href":"https:\/\/pohjanmaantehtaanmyymala.fi\/sv\/wp-json\/wp\/v2\/pages\/2162\/revisions\/12334"}],"wp:attachment":[{"href":"https:\/\/pohjanmaantehtaanmyymala.fi\/sv\/wp-json\/wp\/v2\/media?parent=2162"}],"curies":[{"name":"wp","href":"https:\/\/api.w.org\/{rel}","templated":true}]}}