{"id":2135,"date":"2018-11-21T08:58:19","date_gmt":"2018-11-21T06:58:19","guid":{"rendered":"https:\/\/pohjanmaantehtaanmyymala.fi\/?page_id=2135"},"modified":"2020-11-26T12:49:31","modified_gmt":"2020-11-26T10:49:31","slug":"sovrummet","status":"publish","type":"page","link":"https:\/\/pohjanmaantehtaanmyymala.fi\/sv\/sovrummet\/","title":{"rendered":"Sovrummet"},"content":{"rendered":"<div id='full_slider_1'  class='avia-fullwidth-slider main_color avia-shadow   avia-builder-el-0  el_before_av_layout_row  avia-builder-el-first   container_wrap sidebar_right'  >\n<style type=\"text\/css\" data-created_by=\"avia_inline_auto\" id=\"style-css-av-jsimt186-f40314ffd2cafa30691132ec9df00fbb\">\n#top #wrap_all .avia-slideshow .av-slideshow-caption.av-jsimt186-f40314ffd2cafa30691132ec9df00fbb__0 .avia-caption-title{\nfont-size:48px;\n}\n<\/style>\n<div  class='avia-slideshow av-jsimt186-f40314ffd2cafa30691132ec9df00fbb avia-slideshow-no scaling av_slideshow_full avia-fade-slider av-slideshow-ui av-control-default av-slideshow-autoplay av-loop-once av-loop-manual-endless av-default-height-applied   avia-slideshow-1' data-slideshow-options=\"{&quot;animation&quot;:&quot;fade&quot;,&quot;autoplay&quot;:true,&quot;loop_autoplay&quot;:&quot;once&quot;,&quot;interval&quot;:5,&quot;loop_manual&quot;:&quot;manual-endless&quot;,&quot;autoplay_stopper&quot;:true,&quot;noNavigation&quot;:false,&quot;bg_slider&quot;:false,&quot;transitionSpeed&quot;:1600,&quot;keep_padding&quot;:false,&quot;hoverpause&quot;:false,&quot;show_slide_delay&quot;:0}\"  itemprop=\"image\" itemscope=\"itemscope\" itemtype=\"https:\/\/schema.org\/ImageObject\" ><ul class='avia-slideshow-inner ' style='padding-bottom: 45.801526717557%;'><li  class='avia-slideshow-slide av-jsimt186-f40314ffd2cafa30691132ec9df00fbb__0  slide-1 slide-odd'><div data-rel='slideshow-1' class='avia-slide-wrap '   ><img data-recalc-dims=\"1\" decoding=\"async\" fetchpriority=\"high\" class=\"wp-image-14364 avia-img-lazy-loading-not-14364\"  src=\"https:\/\/i0.wp.com\/pohjanmaantehtaanmyymala.fi\/wp-content\/uploads\/2020\/11\/Miami-Couple.jpg?resize=1310%2C600&#038;ssl=1\" width=\"1310\" height=\"600\" title='Miami-Couple' alt='Miami kulmasohva pari'  itemprop=\"thumbnailUrl\"  style='min-height:360px; min-width:786px; ' srcset=\"https:\/\/i0.wp.com\/pohjanmaantehtaanmyymala.fi\/wp-content\/uploads\/2020\/11\/Miami-Couple.jpg?w=1310&amp;ssl=1 1310w, https:\/\/i0.wp.com\/pohjanmaantehtaanmyymala.fi\/wp-content\/uploads\/2020\/11\/Miami-Couple.jpg?resize=300%2C137&amp;ssl=1 300w, https:\/\/i0.wp.com\/pohjanmaantehtaanmyymala.fi\/wp-content\/uploads\/2020\/11\/Miami-Couple.jpg?resize=1030%2C472&amp;ssl=1 1030w, https:\/\/i0.wp.com\/pohjanmaantehtaanmyymala.fi\/wp-content\/uploads\/2020\/11\/Miami-Couple.jpg?resize=768%2C352&amp;ssl=1 768w, https:\/\/i0.wp.com\/pohjanmaantehtaanmyymala.fi\/wp-content\/uploads\/2020\/11\/Miami-Couple.jpg?resize=705%2C323&amp;ssl=1 705w, https:\/\/i0.wp.com\/pohjanmaantehtaanmyymala.fi\/wp-content\/uploads\/2020\/11\/Miami-Couple.jpg?resize=600%2C275&amp;ssl=1 600w\" sizes=\"(max-width: 1310px) 100vw, 1310px\" \/><\/div><\/li><\/ul><\/div><\/div>\n<div id='av-layout-grid-1'  class='av-layout-grid-container av-t05ob-047e110dfe1988583986d7c2664916d7 entry-content-wrapper main_color av-flex-cells  avia-builder-el-1  el_after_av_slideshow_full  avia-builder-el-last  grid-row-not-first  container_wrap sidebar_right'  >\n\n<style type=\"text\/css\" data-created_by=\"avia_inline_auto\" id=\"style-css-av-n5myz-55d240a426ecf97755166a2bbf7364f6\">\n.flex_cell.av-n5myz-55d240a426ecf97755166a2bbf7364f6{\nvertical-align:top;\nbackground-color:#ebe8e2;\n}\n.responsive #top #wrap_all .flex_cell.av-n5myz-55d240a426ecf97755166a2bbf7364f6{\npadding:60px 60px 60px 60px !important;\n}\n<\/style>\n<div class='flex_cell av-n5myz-55d240a426ecf97755166a2bbf7364f6 av-gridrow-cell av_one_half no_margin  avia-builder-el-2  el_before_av_cell_one_half  avia-builder-el-first  content-align-top'  ><div class='flex_cell_inner'><section  class='av_textblock_section av-ozfsr-2b9d6e2a9034048868fe7014e28c11ef '   itemscope=\"itemscope\" itemtype=\"https:\/\/schema.org\/CreativeWork\" ><div class='avia_textblock'  itemprop=\"text\" ><h1 style=\"text-align: left;\">Sovrummet<\/h1>\n<p>Vi tillbringar n\u00e4stan en tredjedel av v\u00e5rt liv i sovrummet. S\u00e4ngen \u00e4r s\u00e5ledes en viktig daglig bekantskap f\u00f6r oss alla.<\/p>\n<p style=\"text-align: left;\">Du hittar garanterat s\u00e4kert en l\u00e4mplig s\u00e4ng f\u00f6r vila och avkoppling i v\u00e5rt stora urval.<\/p>\n<p style=\"text-align: left;\">V\u00e5rt urval inneh\u00e5ller ocks\u00e5 m\u00e5nga andra sovrumsm\u00f6bler med vilka du kan inreda sovrummet till en mysig plats d\u00e4r du kan njuta och slappna av efter dagens vederm\u00f6dor.<\/p>\n<p><a href=\"https:\/\/pohjanmaantehtaanmyymala.fi\/tuote-osasto\/patjat-ja-sangyt\/\" target=\"_blank\" rel=\"noopener\">H\u00e4r hittar du v\u00e5ra produkter &gt;&gt;<\/a><\/p>\n<\/div><\/section>\n<\/div><\/div>\n<style type=\"text\/css\" data-created_by=\"avia_inline_auto\" id=\"style-css-av-fzvnf-d531d53905cd5e5be85b3f59b2b56e3c\">\n.flex_cell.av-fzvnf-d531d53905cd5e5be85b3f59b2b56e3c{\nvertical-align:top;\n}\n.responsive #top #wrap_all .flex_cell.av-fzvnf-d531d53905cd5e5be85b3f59b2b56e3c{\npadding:0px 0px 0px 0px !important;\n}\n<\/style>\n<div class='flex_cell av-fzvnf-d531d53905cd5e5be85b3f59b2b56e3c av-gridrow-cell av_one_half no_margin  avia-builder-el-4  el_after_av_cell_one_half  avia-builder-el-last  content-align-top av-zero-padding'  ><div class='flex_cell_inner'>\n<style type=\"text\/css\" data-created_by=\"avia_inline_auto\" id=\"style-css-av-wbqz-6f91e640e9d0a40633cec277e2863d04\">\n.avia-image-container.av-wbqz-6f91e640e9d0a40633cec277e2863d04 img.avia_image{\nbox-shadow:none;\n}\n.avia-image-container.av-wbqz-6f91e640e9d0a40633cec277e2863d04 .av-image-caption-overlay-center{\ncolor:#ffffff;\n}\n<\/style>\n<div  class='avia-image-container av-wbqz-6f91e640e9d0a40633cec277e2863d04 av-styling- avia_animated_image av-animated-when-visible-95 fade-in avia-align-center  avia-builder-el-5  avia-builder-el-no-sibling '   itemprop=\"image\" itemscope=\"itemscope\" itemtype=\"https:\/\/schema.org\/ImageObject\" ><div class=\"avia-image-container-inner\"><div class=\"avia-image-overlay-wrap\"><img decoding=\"async\" fetchpriority=\"high\" class='wp-image-10048 avia-img-lazy-loading-not-10048 avia_image ' src=\"https:\/\/i0.wp.com\/pohjanmaantehtaanmyymala.fi\/wp-content\/uploads\/2019\/08\/Jenkkis%C3%A4nky-Hilding.jpg?fit=960%2C600&ssl=1\" alt='Hilding jenkkis\u00e4nky' title='Jenkkis\u00e4nky-Hilding'  height=\"600\" width=\"960\"  itemprop=\"thumbnailUrl\"  \/><\/div><\/div><\/div>\n<\/div><\/div><\/div>\n","protected":false},"excerpt":{"rendered":"","protected":false},"author":2,"featured_media":0,"parent":0,"menu_order":0,"comment_status":"closed","ping_status":"closed","template":"","meta":{"_acf_changed":false,"jetpack_post_was_ever_published":false,"footnotes":""},"class_list":["post-2135","page","type-page","status-publish","hentry"],"acf":[],"jetpack_sharing_enabled":true,"jetpack_shortlink":"https:\/\/wp.me\/PanG4C-yr","jetpack-related-posts":[{"id":7283,"url":"https:\/\/pohjanmaantehtaanmyymala.fi\/sv\/seniormobler\/","url_meta":{"origin":2135,"position":0},"title":"Seniorm\u00f6bler","author":"Svenna Martens","date":"maj 30, 2019","format":false,"excerpt":"","rel":"","context":"Liknande produkt","block_context":{"text":"Liknande produkt","link":""},"img":{"alt_text":"","src":"","width":0,"height":0},"classes":[]},{"id":203,"url":"https:\/\/pohjanmaantehtaanmyymala.fi\/keittio-ruokailu\/","url_meta":{"origin":2135,"position":1},"title":"Keitti\u00f6\/Ruokailu","author":"Svenna Martens","date":"mars 26, 2018","format":false,"excerpt":"","rel":"","context":"Liknande produkt","block_context":{"text":"Liknande produkt","link":""},"img":{"alt_text":"","src":"","width":0,"height":0},"classes":[]},{"id":223,"url":"https:\/\/pohjanmaantehtaanmyymala.fi\/tyohuone\/","url_meta":{"origin":2135,"position":2},"title":"Ty\u00f6huone","author":"Svenna Martens","date":"mars 26, 2018","format":false,"excerpt":"","rel":"","context":"Liknande produkt","block_context":{"text":"Liknande produkt","link":""},"img":{"alt_text":"","src":"","width":0,"height":0},"classes":[]},{"id":231,"url":"https:\/\/pohjanmaantehtaanmyymala.fi\/piha-terassi\/","url_meta":{"origin":2135,"position":3},"title":"Piha\/Terassi","author":"Svenna Martens","date":"mars 26, 2018","format":false,"excerpt":"","rel":"","context":"Liknande produkt","block_context":{"text":"Liknande produkt","link":""},"img":{"alt_text":"","src":"","width":0,"height":0},"classes":[]},{"id":3906,"url":"https:\/\/pohjanmaantehtaanmyymala.fi\/seniorikalusteet\/","url_meta":{"origin":2135,"position":4},"title":"Seniorikalusteet","author":"Svenna Martens","date":"februari 23, 2019","format":false,"excerpt":"","rel":"","context":"Liknande produkt","block_context":{"text":"Liknande produkt","link":""},"img":{"alt_text":"","src":"","width":0,"height":0},"classes":[]},{"id":178,"url":"https:\/\/pohjanmaantehtaanmyymala.fi\/olohuone\/","url_meta":{"origin":2135,"position":5},"title":"Olohuone","author":"Svenna Martens","date":"mars 26, 2018","format":false,"excerpt":"","rel":"","context":"Liknande produkt","block_context":{"text":"Liknande produkt","link":""},"img":{"alt_text":"","src":"","width":0,"height":0},"classes":[]}],"_links":{"self":[{"href":"https:\/\/pohjanmaantehtaanmyymala.fi\/sv\/wp-json\/wp\/v2\/pages\/2135","targetHints":{"allow":["GET"]}}],"collection":[{"href":"https:\/\/pohjanmaantehtaanmyymala.fi\/sv\/wp-json\/wp\/v2\/pages"}],"about":[{"href":"https:\/\/pohjanmaantehtaanmyymala.fi\/sv\/wp-json\/wp\/v2\/types\/page"}],"author":[{"embeddable":true,"href":"https:\/\/pohjanmaantehtaanmyymala.fi\/sv\/wp-json\/wp\/v2\/users\/2"}],"replies":[{"embeddable":true,"href":"https:\/\/pohjanmaantehtaanmyymala.fi\/sv\/wp-json\/wp\/v2\/comments?post=2135"}],"version-history":[{"count":11,"href":"https:\/\/pohjanmaantehtaanmyymala.fi\/sv\/wp-json\/wp\/v2\/pages\/2135\/revisions"}],"predecessor-version":[{"id":15892,"href":"https:\/\/pohjanmaantehtaanmyymala.fi\/sv\/wp-json\/wp\/v2\/pages\/2135\/revisions\/15892"}],"wp:attachment":[{"href":"https:\/\/pohjanmaantehtaanmyymala.fi\/sv\/wp-json\/wp\/v2\/media?parent=2135"}],"curies":[{"name":"wp","href":"https:\/\/api.w.org\/{rel}","templated":true}]}}