{"id":12916,"date":"2020-09-14T10:04:00","date_gmt":"2020-09-14T08:04:00","guid":{"rendered":"https:\/\/pohjanmaantehtaanmyymala.fi\/?page_id=12916"},"modified":"2020-09-14T10:27:55","modified_gmt":"2020-09-14T08:27:55","slug":"registerutdrag","status":"publish","type":"page","link":"https:\/\/pohjanmaantehtaanmyymala.fi\/sv\/registerutdrag\/","title":{"rendered":"Registerutdrag"},"content":{"rendered":"\n<style type=\"text\/css\" data-created_by=\"avia_inline_auto\" id=\"style-css-av-wjacd0-67f9ad93ece8302ca3f0bdf4fa2e9beb\">\n.flex_column.av-wjacd0-67f9ad93ece8302ca3f0bdf4fa2e9beb{\nborder-radius:0px 0px 0px 0px;\npadding:0px 0px 0px 0px;\n}\n<\/style>\n<div  class='flex_column av-wjacd0-67f9ad93ece8302ca3f0bdf4fa2e9beb av_one_full  avia-builder-el-0  avia-builder-el-no-sibling  first flex_column_div av-zero-column-padding  '     ><section  class='av_textblock_section av-kf28qv7g-c555ed91aa803bcd311efe5332ce8017 '   itemscope=\"itemscope\" itemtype=\"https:\/\/schema.org\/CreativeWork\" ><div class='avia_textblock'  itemprop=\"text\" ><h1>Registerbeskrivning<\/h1>\n<p><strong>1. Registeransvarig<\/strong><br \/>\nPohjanmaan Tehtaanmyym\u00e4l\u00e4<br \/>\nKurikka Kaluste Oy<br \/>\nFO-nummer: 0915785-6<br \/>\nKalustekatu 6<br \/>\n61300 KURIKKA<br \/>\nTel: 0201 450 529<\/p>\n<p><strong>2. Register\u00e4renden \/ kontaktperson<\/strong><br \/>\nSami Viitala<br \/>\nKalustekatu 6<br \/>\n61300 KURIKKA<br \/>\nDu kan fr\u00e5ga mer om dataskydd och behandling av personuppgifter via e-post:<br \/>\ntehtaanmyymala(at)pohjanmaan.fi.<\/p>\n<p><strong>3. Registrets namn<\/strong><br \/>\nPohjanmaan Tehtaanmyym\u00e4l\u00e4 kundregister<\/p>\n<p><strong>4. Syfte med behandlingen av personuppgifter (syfte med registret)<\/strong><br \/>\nDe personuppgifter som lagras i kontaktinformationsregistret f\u00f6r Pohjanmaantehtaanmyym\u00e4l\u00e4 anv\u00e4nds enligt f\u00f6ljande:<br \/>\n1. hantering av kundrelationer och kontakter<br \/>\n2. leverans och hantering av best\u00e4llningar<br \/>\n3. f\u00f6r att f\u00f6rb\u00e4ttra v\u00e5r service<br \/>\n4. f\u00f6rebyggande av missbruk<br \/>\n5. f\u00f6r riktade marknadsf\u00f6ring (med kundens tillst\u00e5nd)<br \/>\n6. f\u00f6r andra onlinetj\u00e4nster som statistik och analys<br \/>\nBearbetningen \u00e4r n\u00f6dv\u00e4ndig f\u00f6r att uppfylla v\u00e5ra avtalsenliga skyldigheter och f\u00f6r att ut\u00f6va v\u00e5ra legitima intressen<\/p>\n<p><strong>5. Registrets datainneh\u00e5ll<\/strong><br \/>\nF\u00f6ljande information lagras i registret:<br \/>\n&#8211; Kundidentifieringsdata, socialskyddssignum f\u00f6r att identifiera kunden n\u00e4r avtalet ing\u00e5s.<br \/>\n&#8211; Kontaktinformation som adress, e-postadress och telefonnummer.<br \/>\n&#8211; Leveransinformation, s\u00e5som vald leveransmetod och leveransadress.<br \/>\n&#8211; Identifieringsuppgifter om f\u00f6retaget, s\u00e5som aff\u00e4rs-ID och kontaktuppgifter f\u00f6r den person som \u00e4r ansvarig f\u00f6r betalning av faktura.<br \/>\n&#8211; K\u00f6phistorik, t.ex. best\u00e4llda produkter och deras prisinformation.<\/p>\n<p><strong>6. Regelbundna informationsk\u00e4llor<\/strong><br \/>\nInformation som tillhandah\u00e5lls av kunden i samband med k\u00f6ptransaktionen eller i samband med registrering. Information kan ocks\u00e5 samlas in fr\u00e5n Suomen Asiakastieto Oy f\u00f6r att kontrollera kundens solvens vid en avbetalningstransaktion eller betalning via faktura.<\/p>\n<p><strong>7. \u00d6verl\u00e5tning av regelbundna uppgifte<\/strong>r<br \/>\nVi tillhandah\u00e5ller n\u00f6dv\u00e4ndig kundinformation till tredje part f\u00f6r att garantera leverans och f\u00f6r marknadsf\u00f6ring. Din information kommer ocks\u00e5 att vidarebefordras till l\u00e5ngivaren i samband med kreditbeslutet. Vid behov ger vi ocks\u00e5 information till myndigheterna. Vi meddelar alltid kunden om f\u00f6rfr\u00e5gningar om information om detta \u00e4r till\u00e5tet enligt lag. Informationen kommer att vidarebefordras till f\u00f6ljande tredje parter:<br \/>\n\u2022 Vid best\u00e4llning av leveransprodukter till leverant\u00f6rer.<br \/>\n\u2022 Logistik- och transporttj\u00e4nstleverant\u00f6rer f\u00f6r produktleverans.<br \/>\n\u2022 Till betalningsf\u00f6rmedlaren n\u00e4r du betalar med ett betalkort<br \/>\n\u2022 Till l\u00e5ngivaren n\u00e4r kunden v\u00e4ljer kreditf\u00f6retagets faktura eller avbetalning som betalningsmetod<br \/>\n\u2022 F\u00f6r fakturahandlare n\u00e4r Pohjanmaantehtaanmyym\u00e4l\u00e4s egen faktura v\u00e4ljs som betalningsmetod<br \/>\n\u2022 F\u00f6r bokf\u00f6ringsbyr\u00e5n<br \/>\n\u2022 Till inkassof\u00f6retaget n\u00e4r fakturor f\u00f6rfaller och g\u00e5r till inkasso<br \/>\n\u2022 Information kan l\u00e4mnas ut till andra f\u00f6retag som tillh\u00f6r samma grupp, t.ex. f\u00f6r marknadsf\u00f6rings\u00e4ndam\u00e5l.<br \/>\n\u2022 F\u00f6r analys- och statistikpartners<br \/>\n\u2022 F\u00f6r e-postmarknadsf\u00f6ringspartners om kunden har till\u00e5tit ett nyhetsbrev.<br \/>\n\u2022 Till en SMS-partner n\u00e4r det \u00e4r till\u00e5tet att skicka textmeddelanden.<\/p>\n<p><strong>8. \u00d6verf\u00f6ring av data utanf\u00f6r EU eller EES<\/strong><br \/>\nKundregisteruppgifter kommer inte att \u00f6verf\u00f6ras utanf\u00f6r EU eller EES utan kundens samtycke.<\/p>\n<p><strong>9. Datalagringsperiod och radering av data<\/strong><br \/>\nVi beh\u00e5ller din personliga information under den tid som kr\u00e4vs f\u00f6r att uppfylla de syften som beskrivs i detta registerutdrag. Dessutom kan uppgifterna f\u00f6rvaras l\u00e4ngre om detta n\u00f6dv\u00e4ndigt f\u00f6r att uppfylla lagliga skyldigheter, s\u00e5som redovisnings- och konsumenthandelsansvar, och f\u00f6r att visa att de uppfylls korrekt. F\u00f6r viss information f\u00f6reskrivs i lagstiftningen skyldigheter f\u00f6r l\u00e4ngre lagring av information, t.ex. f\u00f6r f\u00f6ljande \u00e4ndam\u00e5l:<br \/>\n\u2022 Redovisningslagen definierar l\u00e4ngre lagringsperioder f\u00f6r information, oavsett om materialet inneh\u00e5ller personuppgifter eller inte.<br \/>\n\u2022 F\u00f6r att uppfylla ansvar gentemot konsumenthandel<br \/>\n\u2022 Systemlogginformation samlas in och lagras enligt lag f\u00f6r att g\u00f6ra det m\u00f6jligt f\u00f6r oss att tillhandah\u00e5lla laglig och s\u00e4ker online-handel till v\u00e5ra kunder<br \/>\n\u2022 Att g\u00f6ra l\u00e4mpliga s\u00e4kerhetskopior av handelsdatabaser och system f\u00f6r att s\u00e4kra data, korrigera fel och s\u00e4kerst\u00e4lla datas\u00e4kerhet och kontinuitet<br \/>\nP\u00e5 kundens beg\u00e4ran kan personuppgifter om honom raderas fr\u00e5n registret.<\/p>\n<p><strong>10. Principer f\u00f6r skydd av registret<\/strong><br \/>\nPersonlig information behandlas konfidentiellt. All data skyddas av en brandv\u00e4gg och andra n\u00f6dv\u00e4ndiga tekniska \u00e5tg\u00e4rder mot obeh\u00f6rig \u00e5tkomst och oavsiktlig eller olaglig f\u00f6rst\u00f6relse, \u00e4ndring, avsl\u00f6jande, \u00f6verf\u00f6ring eller annan olaglig behandling av uppgifterna. Inom f\u00f6retaget anv\u00e4nds registret endast av personer vars arbetsbeskrivning inkluderar laglig anv\u00e4ndning och som har ett personligt anv\u00e4ndarnamn och l\u00f6senord f\u00f6r anv\u00e4ndning. Anv\u00e4ndaren \u00e4r ocks\u00e5 bunden av tystnadsplikt. Tillg\u00e5ng till registret beviljas och \u00f6vervakas av den person som ansvarar f\u00f6r register\u00e4renden.<\/p>\n<p><strong>11. R\u00e4tt till pr\u00f6vning, \u00e4ndring och f\u00f6rbud<\/strong><br \/>\nKunden har r\u00e4tt att f\u00e5 registreringsinformation om sig sj\u00e4lv. Kontroll och \u00e4ndringar av kontaktinformation g\u00f6rs genom att kontakta Pohjanmaantehtaanmyym\u00e4l\u00e4 direkt p\u00e5 tehtaanmyymala(at)pohjanmaan.fi. Kunden har r\u00e4tt att f\u00f6rbjuda utl\u00e4mnande och behandling av sina uppgifter f\u00f6r direktannonsering och annan marknadsf\u00f6ring, samt att korrigera eller radera sina egna uppgifter fr\u00e5n registret.<\/p>\n<p><strong>12. \u00c4ndring av sekretesspolicyn<\/strong><br \/>\nP\u00e5 grund av \u00e4ndringar i lagstiftning och utveckling av ednsamma f\u00f6rbeh\u00e5ller vi oss r\u00e4tten att g\u00f6ra \u00e4ndringar i denna integritetspolicy. P\u00e5 den h\u00e4r sidan hittar du alltid en giltig sekretesspolicy. Genom att anv\u00e4nda tj\u00e4nsten godk\u00e4nner du villkoren i denna sekretesspolicy. Om du inte godk\u00e4nner dessa villkor har du inte r\u00e4tt att anv\u00e4nda tj\u00e4nsten.<\/p>\n<p><strong>13. R\u00e4tt till \u00f6verklagan<\/strong><br \/>\nOm du anser att vi inte behandlar dina personuppgifter i enlighet med EU: s allm\u00e4nna dataskyddsf\u00f6rordning kan du l\u00e4mna in ett klagom\u00e5l till tillsynsmyndigheten. I Finland \u00e4r denna myndighet dataskyddsombudsmannen.<\/p>\n<p><strong>Cookies (webbkakor)<\/strong><br \/>\nEn Cookie \u00e4r en liten textfil som webbl\u00e4saren lagrar p\u00e5 anv\u00e4ndarens dator. Cookies inneh\u00e5ller unika identifierare som kan anv\u00e4ndas f\u00f6r att identifiera anv\u00e4ndare. Vi anv\u00e4nder cookies p\u00e5 v\u00e5r webbplats f\u00f6r att garantera v\u00e5ra kunder en b\u00e4ttre anv\u00e4ndarupplevelse och f\u00f6r att underl\u00e4tta anv\u00e4ndningen av tj\u00e4nsterna. Cookies ber\u00e4ttar f\u00f6r oss hur en kund anv\u00e4nder v\u00e5ra sidor. Anv\u00e4ndaren kan inte identifieras av enbart cookies. Vi kan anv\u00e4nda denna information f\u00f6r att f\u00f6rb\u00e4ttra v\u00e5ra tj\u00e4nster s\u00e5v\u00e4l som v\u00e5ra webbplatser och f\u00f6r att analysera bes\u00f6karnas beteende. Att blockera anv\u00e4ndningen av cookies kan p\u00e5verka \/ begr\u00e4nsa kundens anv\u00e4ndarupplevelser p\u00e5 v\u00e5r webbplats. Om du vill kan du inaktivera cookies i webbl\u00e4sarinst\u00e4llningarna.<\/p>\n<\/div><\/section><\/div>\n","protected":false},"excerpt":{"rendered":"","protected":false},"author":2,"featured_media":0,"parent":0,"menu_order":0,"comment_status":"closed","ping_status":"closed","template":"","meta":{"_acf_changed":false,"jetpack_post_was_ever_published":false,"footnotes":""},"class_list":["post-12916","page","type-page","status-publish","hentry"],"acf":[],"jetpack_sharing_enabled":true,"jetpack_shortlink":"https:\/\/wp.me\/PanG4C-3mk","jetpack-related-posts":[{"id":2,"url":"https:\/\/pohjanmaantehtaanmyymala.fi\/aloitus\/","url_meta":{"origin":12916,"position":0},"title":"Aloitus","author":"petri","date":"mars 24, 2018","format":false,"excerpt":"","rel":"","context":"Liknande produkt","block_context":{"text":"Liknande produkt","link":""},"img":{"alt_text":"","src":"","width":0,"height":0},"classes":[]},{"id":2042,"url":"https:\/\/pohjanmaantehtaanmyymala.fi\/sv\/","url_meta":{"origin":12916,"position":1},"title":"Start","author":"petri","date":"november 18, 2018","format":false,"excerpt":"","rel":"","context":"Liknande produkt","block_context":{"text":"Liknande produkt","link":""},"img":{"alt_text":"","src":"","width":0,"height":0},"classes":[]},{"id":12848,"url":"https:\/\/pohjanmaantehtaanmyymala.fi\/404-2\/","url_meta":{"origin":12916,"position":2},"title":"404","author":"Svenna Martens","date":"september 13, 2020","format":false,"excerpt":"","rel":"","context":"Liknande produkt","block_context":{"text":"Liknande produkt","link":""},"img":{"alt_text":"","src":"","width":0,"height":0},"classes":[]},{"id":7283,"url":"https:\/\/pohjanmaantehtaanmyymala.fi\/sv\/seniormobler\/","url_meta":{"origin":12916,"position":3},"title":"Seniorm\u00f6bler","author":"Svenna Martens","date":"maj 30, 2019","format":false,"excerpt":"","rel":"","context":"Liknande produkt","block_context":{"text":"Liknande produkt","link":""},"img":{"alt_text":"","src":"","width":0,"height":0},"classes":[]},{"id":203,"url":"https:\/\/pohjanmaantehtaanmyymala.fi\/keittio-ruokailu\/","url_meta":{"origin":12916,"position":4},"title":"Keitti\u00f6\/Ruokailu","author":"Svenna Martens","date":"mars 26, 2018","format":false,"excerpt":"","rel":"","context":"Liknande produkt","block_context":{"text":"Liknande produkt","link":""},"img":{"alt_text":"","src":"","width":0,"height":0},"classes":[]},{"id":223,"url":"https:\/\/pohjanmaantehtaanmyymala.fi\/tyohuone\/","url_meta":{"origin":12916,"position":5},"title":"Ty\u00f6huone","author":"Svenna Martens","date":"mars 26, 2018","format":false,"excerpt":"","rel":"","context":"Liknande produkt","block_context":{"text":"Liknande produkt","link":""},"img":{"alt_text":"","src":"","width":0,"height":0},"classes":[]}],"_links":{"self":[{"href":"https:\/\/pohjanmaantehtaanmyymala.fi\/sv\/wp-json\/wp\/v2\/pages\/12916","targetHints":{"allow":["GET"]}}],"collection":[{"href":"https:\/\/pohjanmaantehtaanmyymala.fi\/sv\/wp-json\/wp\/v2\/pages"}],"about":[{"href":"https:\/\/pohjanmaantehtaanmyymala.fi\/sv\/wp-json\/wp\/v2\/types\/page"}],"author":[{"embeddable":true,"href":"https:\/\/pohjanmaantehtaanmyymala.fi\/sv\/wp-json\/wp\/v2\/users\/2"}],"replies":[{"embeddable":true,"href":"https:\/\/pohjanmaantehtaanmyymala.fi\/sv\/wp-json\/wp\/v2\/comments?post=12916"}],"version-history":[{"count":4,"href":"https:\/\/pohjanmaantehtaanmyymala.fi\/sv\/wp-json\/wp\/v2\/pages\/12916\/revisions"}],"predecessor-version":[{"id":15147,"href":"https:\/\/pohjanmaantehtaanmyymala.fi\/sv\/wp-json\/wp\/v2\/pages\/12916\/revisions\/15147"}],"wp:attachment":[{"href":"https:\/\/pohjanmaantehtaanmyymala.fi\/sv\/wp-json\/wp\/v2\/media?parent=12916"}],"curies":[{"name":"wp","href":"https:\/\/api.w.org\/{rel}","templated":true}]}}