{"id":9697,"date":"2019-09-14T09:42:55","date_gmt":"2019-09-14T07:42:55","guid":{"rendered":""},"modified":"2023-08-31T14:54:20","modified_gmt":"2023-08-31T12:54:20","slug":"day-metallinen-sohvapoyta-lasitasolla-musta","status":"publish","type":"product","link":"https:\/\/pohjanmaantehtaanmyymala.fi\/en\/tuote\/day-metallinen-sohvapoyta-lasitasolla-musta\/","title":{"rendered":"DAY &#8211; sohvap\u00f6yt\u00e4 49&#215;49 cm lasitasolla. Musta"},"content":{"rendered":"<p><strong>Yksi j\u00e4ljell\u00e4!<\/strong><\/p>\n<p>Siro lasikantinen sohvap\u00f6yt\u00e4 nyt edullisesti. Metallirunkoinen sohvap\u00f6yt\u00e4 tyylikk\u00e4ill\u00e4 lasitasoilla. Sohvap\u00f6yd\u00e4n runko mustaksi maalattua metallia. Lasikannet ovat karkaistua lasia.<\/p>\n<p>Sohvap\u00f6yt\u00e4 toimitetaan osina siistiss\u00e4 pahvipakkauksessa.<\/p>\n","protected":false},"excerpt":{"rendered":"<p>Nyt loppuvarasto poistohintaan!<\/p>\n","protected":false},"featured_media":16423,"comment_status":"closed","ping_status":"closed","template":"","meta":{"_acf_changed":false,"jetpack_post_was_ever_published":false,"jetpack_publicize_message":"","jetpack_publicize_feature_enabled":true,"jetpack_social_post_already_shared":false,"jetpack_social_options":{"image_generator_settings":{"template":"highway","default_image_id":0,"font":"","enabled":false},"version":2}},"product_brand":[187],"product_cat":[213,199],"product_tag":[],"class_list":{"0":"post-9697","1":"product","2":"type-product","3":"status-publish","4":"has-post-thumbnail","6":"product_brand-schou","7":"product_cat-outlet","8":"product_cat-sohva-ja-sivupoydat","9":"product_shipping_class-161","11":"first","12":"outofstock","13":"sale","14":"purchasable","15":"product-type-simple"},"acf":[],"jetpack_publicize_connections":[],"jetpack_sharing_enabled":true,"jetpack-related-posts":[{"id":25944,"url":"https:\/\/pohjanmaantehtaanmyymala.fi\/en\/tuote\/fondi-sohvapoyta\/","url_meta":{"origin":9697,"position":0},"title":"Fondi sohvap\u00f6yt\u00e4 100&#215;60 cm","author":"Miro Nevala","date":"September 10, 2024","format":false,"excerpt":"Suoraviivainen ja n\u00e4ytt\u00e4v\u00e4 sohvap\u00f6yt\u00e4. Valitse mieluinen v\u00e4ri!","rel":"","context":"Similar post","block_context":{"text":"Similar post","link":""},"img":{"alt_text":"Fondi sohvap\u00f6yt\u00e4 valkoinen","src":"https:\/\/i0.wp.com\/pohjanmaantehtaanmyymala.fi\/wp-content\/uploads\/2024\/02\/Fondi-NRO-20_sohvapoyta_valk.jpg?fit=960%2C960&ssl=1&resize=350%2C200","width":350,"height":200,"srcset":"https:\/\/i0.wp.com\/pohjanmaantehtaanmyymala.fi\/wp-content\/uploads\/2024\/02\/Fondi-NRO-20_sohvapoyta_valk.jpg?fit=960%2C960&ssl=1&resize=350%2C200 1x, https:\/\/i0.wp.com\/pohjanmaantehtaanmyymala.fi\/wp-content\/uploads\/2024\/02\/Fondi-NRO-20_sohvapoyta_valk.jpg?fit=960%2C960&ssl=1&resize=525%2C300 1.5x, https:\/\/i0.wp.com\/pohjanmaantehtaanmyymala.fi\/wp-content\/uploads\/2024\/02\/Fondi-NRO-20_sohvapoyta_valk.jpg?fit=960%2C960&ssl=1&resize=700%2C400 2x"},"classes":[]},{"id":21214,"url":"https:\/\/pohjanmaantehtaanmyymala.fi\/en\/tuote\/yumi-sohvapoyta-90-cm\/","url_meta":{"origin":9697,"position":1},"title":"YUMI sohvap\u00f6yt\u00e4 90 cm","author":"Sami Viitala","date":"September 5, 2022","format":false,"excerpt":"Py\u00f6re\u00e4 Rowicon Yumi-sohvap\u00f6yt\u00e4. Valmistettu saarnista. Saatavana mustana ja ruskeana. Toimitetaan jalat irrallaan.","rel":"","context":"Similar post","block_context":{"text":"Similar post","link":""},"img":{"alt_text":"Yumi py\u00f6re\u00e4 sohvap\u00f6yt\u00e4 halkaisija 90 cm ruskea","src":"https:\/\/i0.wp.com\/pohjanmaantehtaanmyymala.fi\/wp-content\/uploads\/2022\/09\/116967_Yumi_round_coffee_table_brown_ash.jpg?fit=960%2C960&ssl=1&resize=350%2C200","width":350,"height":200,"srcset":"https:\/\/i0.wp.com\/pohjanmaantehtaanmyymala.fi\/wp-content\/uploads\/2022\/09\/116967_Yumi_round_coffee_table_brown_ash.jpg?fit=960%2C960&ssl=1&resize=350%2C200 1x, https:\/\/i0.wp.com\/pohjanmaantehtaanmyymala.fi\/wp-content\/uploads\/2022\/09\/116967_Yumi_round_coffee_table_brown_ash.jpg?fit=960%2C960&ssl=1&resize=525%2C300 1.5x, https:\/\/i0.wp.com\/pohjanmaantehtaanmyymala.fi\/wp-content\/uploads\/2022\/09\/116967_Yumi_round_coffee_table_brown_ash.jpg?fit=960%2C960&ssl=1&resize=700%2C400 2x"},"classes":[]},{"id":24726,"url":"https:\/\/pohjanmaantehtaanmyymala.fi\/en\/tuote\/kaura-sohvapoyta-101x60cm\/","url_meta":{"origin":9697,"position":2},"title":"Kaura sohvap\u00f6yt\u00e4 101x60cm","author":"Miro Nevala","date":"January 30, 2024","format":false,"excerpt":"Vaalea Kaura sohvap\u00f6yt\u00e4 lokerolla ja metallijalalla.","rel":"","context":"Similar post","block_context":{"text":"Similar post","link":""},"img":{"alt_text":"Hiipakka Kaura sohvap\u00f6yt\u00e4","src":"https:\/\/i0.wp.com\/pohjanmaantehtaanmyymala.fi\/wp-content\/uploads\/2023\/12\/Kaura_sohvapoyta.jpg?fit=960%2C960&ssl=1&resize=350%2C200","width":350,"height":200,"srcset":"https:\/\/i0.wp.com\/pohjanmaantehtaanmyymala.fi\/wp-content\/uploads\/2023\/12\/Kaura_sohvapoyta.jpg?fit=960%2C960&ssl=1&resize=350%2C200 1x, https:\/\/i0.wp.com\/pohjanmaantehtaanmyymala.fi\/wp-content\/uploads\/2023\/12\/Kaura_sohvapoyta.jpg?fit=960%2C960&ssl=1&resize=525%2C300 1.5x, https:\/\/i0.wp.com\/pohjanmaantehtaanmyymala.fi\/wp-content\/uploads\/2023\/12\/Kaura_sohvapoyta.jpg?fit=960%2C960&ssl=1&resize=700%2C400 2x"},"classes":[]},{"id":20958,"url":"https:\/\/pohjanmaantehtaanmyymala.fi\/en\/tuote\/klaara-24-sohvapoyta-60x60-cm\/","url_meta":{"origin":9697,"position":3},"title":"KLAARA 24 Sohvap\u00f6yt\u00e4 60&#215;60 cm","author":"Sami Viitala","date":"August 30, 2022","format":false,"excerpt":"Klaara pieni sohvap\u00f6yt\u00e4 kahdella tasolla. Rungon v\u00e4ri valkoinen, kannen v\u00e4riksi voi valita: valkoinen, koivu, harmaa, ruskea. V\u00e4rilliset kannet ovat massiivikoivua. Toimitetaan kasattuna.","rel":"","context":"Similar post","block_context":{"text":"Similar post","link":""},"img":{"alt_text":"Klaara pieni sohvap\u00f6yt\u00e4 ruskealla kannella","src":"https:\/\/i0.wp.com\/pohjanmaantehtaanmyymala.fi\/wp-content\/uploads\/2022\/08\/KlaaraNRO24.jpg?fit=960%2C960&ssl=1&resize=350%2C200","width":350,"height":200,"srcset":"https:\/\/i0.wp.com\/pohjanmaantehtaanmyymala.fi\/wp-content\/uploads\/2022\/08\/KlaaraNRO24.jpg?fit=960%2C960&ssl=1&resize=350%2C200 1x, https:\/\/i0.wp.com\/pohjanmaantehtaanmyymala.fi\/wp-content\/uploads\/2022\/08\/KlaaraNRO24.jpg?fit=960%2C960&ssl=1&resize=525%2C300 1.5x, https:\/\/i0.wp.com\/pohjanmaantehtaanmyymala.fi\/wp-content\/uploads\/2022\/08\/KlaaraNRO24.jpg?fit=960%2C960&ssl=1&resize=700%2C400 2x"},"classes":[]},{"id":9353,"url":"https:\/\/pohjanmaantehtaanmyymala.fi\/en\/tuote\/yumi-sohvapoyta\/","url_meta":{"origin":9697,"position":4},"title":"YUMI sohvap\u00f6yt\u00e4 halk. 90 cm","author":"petri","date":"September 14, 2019","format":false,"excerpt":"Py\u00f6re\u00e4 Rowicon Yumi-sohvap\u00f6yt\u00e4, joka on 90 cm halkaisijaltaan. Saatavana valkolakattuna tammena ja lv-tammena. Toimitetaan jalat irrallaan.","rel":"","context":"Similar post","block_context":{"text":"Similar post","link":""},"img":{"alt_text":"","src":"https:\/\/i0.wp.com\/pohjanmaantehtaanmyymala.fi\/wp-content\/uploads\/2019\/06\/52420-Yumi-soffbord-runt-ww.jpg?fit=960%2C960&ssl=1&resize=350%2C200","width":350,"height":200,"srcset":"https:\/\/i0.wp.com\/pohjanmaantehtaanmyymala.fi\/wp-content\/uploads\/2019\/06\/52420-Yumi-soffbord-runt-ww.jpg?fit=960%2C960&ssl=1&resize=350%2C200 1x, https:\/\/i0.wp.com\/pohjanmaantehtaanmyymala.fi\/wp-content\/uploads\/2019\/06\/52420-Yumi-soffbord-runt-ww.jpg?fit=960%2C960&ssl=1&resize=525%2C300 1.5x, https:\/\/i0.wp.com\/pohjanmaantehtaanmyymala.fi\/wp-content\/uploads\/2019\/06\/52420-Yumi-soffbord-runt-ww.jpg?fit=960%2C960&ssl=1&resize=700%2C400 2x"},"classes":[]},{"id":13144,"url":"https:\/\/pohjanmaantehtaanmyymala.fi\/en\/tuote\/zoom-sohvapoyta-105x105-cm-tammiviilu-ja-valkoinen-poistomalli\/","url_meta":{"origin":9697,"position":5},"title":"ZOOM &#8211; sohvap\u00f6yt\u00e4 105&#215;105 cm (poistomalli)","author":"Sami Viitala","date":"September 18, 2020","format":false,"excerpt":"Myynniss\u00e4 tehtaan koko loppuvarasto poistohintaan. Tuotteita on rajoitetut er\u00e4t saatavilla. Tammiviilutetut lakattu sek\u00e4 musta ja valkoinen.","rel":"","context":"Similar post","block_context":{"text":"Similar post","link":""},"img":{"alt_text":"Zoom sohvap\u00f6yt\u00e4 105x105 milj\u00f6\u00f6","src":"https:\/\/i0.wp.com\/pohjanmaantehtaanmyymala.fi\/wp-content\/uploads\/2020\/09\/Zoom-sohvapoyta-105x105-miljoo.jpg?fit=1200%2C1200&ssl=1&resize=350%2C200","width":350,"height":200,"srcset":"https:\/\/i0.wp.com\/pohjanmaantehtaanmyymala.fi\/wp-content\/uploads\/2020\/09\/Zoom-sohvapoyta-105x105-miljoo.jpg?fit=1200%2C1200&ssl=1&resize=350%2C200 1x, https:\/\/i0.wp.com\/pohjanmaantehtaanmyymala.fi\/wp-content\/uploads\/2020\/09\/Zoom-sohvapoyta-105x105-miljoo.jpg?fit=1200%2C1200&ssl=1&resize=525%2C300 1.5x, https:\/\/i0.wp.com\/pohjanmaantehtaanmyymala.fi\/wp-content\/uploads\/2020\/09\/Zoom-sohvapoyta-105x105-miljoo.jpg?fit=1200%2C1200&ssl=1&resize=700%2C400 2x, https:\/\/i0.wp.com\/pohjanmaantehtaanmyymala.fi\/wp-content\/uploads\/2020\/09\/Zoom-sohvapoyta-105x105-miljoo.jpg?fit=1200%2C1200&ssl=1&resize=1050%2C600 3x"},"classes":[]}],"_links":{"self":[{"href":"https:\/\/pohjanmaantehtaanmyymala.fi\/en\/wp-json\/wp\/v2\/product\/9697","targetHints":{"allow":["GET"]}}],"collection":[{"href":"https:\/\/pohjanmaantehtaanmyymala.fi\/en\/wp-json\/wp\/v2\/product"}],"about":[{"href":"https:\/\/pohjanmaantehtaanmyymala.fi\/en\/wp-json\/wp\/v2\/types\/product"}],"replies":[{"embeddable":true,"href":"https:\/\/pohjanmaantehtaanmyymala.fi\/en\/wp-json\/wp\/v2\/comments?post=9697"}],"wp:featuredmedia":[{"embeddable":true,"href":"https:\/\/pohjanmaantehtaanmyymala.fi\/en\/wp-json\/wp\/v2\/media\/16423"}],"wp:attachment":[{"href":"https:\/\/pohjanmaantehtaanmyymala.fi\/en\/wp-json\/wp\/v2\/media?parent=9697"}],"wp:term":[{"taxonomy":"product_brand","embeddable":true,"href":"https:\/\/pohjanmaantehtaanmyymala.fi\/en\/wp-json\/wp\/v2\/product_brand?post=9697"},{"taxonomy":"product_cat","embeddable":true,"href":"https:\/\/pohjanmaantehtaanmyymala.fi\/en\/wp-json\/wp\/v2\/product_cat?post=9697"},{"taxonomy":"product_tag","embeddable":true,"href":"https:\/\/pohjanmaantehtaanmyymala.fi\/en\/wp-json\/wp\/v2\/product_tag?post=9697"}],"curies":[{"name":"wp","href":"https:\/\/api.w.org\/{rel}","templated":true}]}}