{"id":9531,"date":"2019-09-14T09:40:59","date_gmt":"2019-09-14T07:40:59","guid":{"rendered":""},"modified":"2023-05-05T16:40:29","modified_gmt":"2023-05-05T14:40:29","slug":"outfit-bistro-puutarhapoyta-58x58cm-musta","status":"publish","type":"product","link":"https:\/\/pohjanmaantehtaanmyymala.fi\/en\/tuote\/outfit-bistro-puutarhapoyta-58x58cm-musta\/","title":{"rendered":"OUTFIT Bistro &#8211; p\u00f6yt\u00e4 58&#215;58 cm musta"},"content":{"rendered":"<p>Musta kevyt ja siro Frederik Bistro-p\u00f6yt\u00e4. Jalat maalattua alumiinia ja kansi polywood lautaa.<\/p>\n","protected":false},"excerpt":{"rendered":"<p>Musta kevyt ja siro Frederik Bistro-p\u00f6yt\u00e4. Jalat maalattua alumiinia ja kansi polywood lautaa.<\/p>\n","protected":false},"featured_media":9532,"comment_status":"closed","ping_status":"closed","template":"","meta":{"_acf_changed":false,"jetpack_post_was_ever_published":false,"jetpack_publicize_message":"","jetpack_publicize_feature_enabled":true,"jetpack_social_post_already_shared":false,"jetpack_social_options":{"image_generator_settings":{"template":"highway","default_image_id":0,"font":"","enabled":false},"version":2}},"product_brand":[187],"product_cat":[200],"product_tag":[],"class_list":{"0":"post-9531","1":"product","2":"type-product","3":"status-publish","4":"has-post-thumbnail","6":"product_brand-schou","7":"product_cat-kesakalusteet","8":"product_shipping_class-161","10":"first","11":"instock","12":"sale","13":"purchasable","14":"product-type-simple"},"acf":[],"jetpack_publicize_connections":[],"jetpack_sharing_enabled":true,"jetpack-related-posts":[{"id":9514,"url":"https:\/\/pohjanmaantehtaanmyymala.fi\/en\/tuote\/outfit-noah-puutarhapoyta-205x90cm-musta\/","url_meta":{"origin":9531,"position":0},"title":"OUTFIT Noah \u2013 p\u00f6yt\u00e4 205x90cm musta","author":"petri","date":"September 14, 2019","format":false,"excerpt":"Noah p\u00f6yt\u00e4 on alumiinirunkoinen p\u00f6yt\u00e4, jossa on Polywood -puuj\u00e4ljitelm\u00e4 kansi. Musta runko, musta kansi. toimitetaan pahvipaketissa.","rel":"","context":"Similar post","block_context":{"text":"Similar post","link":""},"img":{"alt_text":"","src":"https:\/\/i0.wp.com\/pohjanmaantehtaanmyymala.fi\/wp-content\/uploads\/2019\/06\/623968-s.jpg?fit=960%2C960&ssl=1&resize=350%2C200","width":350,"height":200,"srcset":"https:\/\/i0.wp.com\/pohjanmaantehtaanmyymala.fi\/wp-content\/uploads\/2019\/06\/623968-s.jpg?fit=960%2C960&ssl=1&resize=350%2C200 1x, https:\/\/i0.wp.com\/pohjanmaantehtaanmyymala.fi\/wp-content\/uploads\/2019\/06\/623968-s.jpg?fit=960%2C960&ssl=1&resize=525%2C300 1.5x, https:\/\/i0.wp.com\/pohjanmaantehtaanmyymala.fi\/wp-content\/uploads\/2019\/06\/623968-s.jpg?fit=960%2C960&ssl=1&resize=700%2C400 2x"},"classes":[]},{"id":9523,"url":"https:\/\/pohjanmaantehtaanmyymala.fi\/en\/tuote\/outfit-noah-puutarhapoyta-205x90cm-harmaa-musta\/","url_meta":{"origin":9531,"position":1},"title":"OUTFIT Noah \u2013 p\u00f6yt\u00e4 205x90cm harmaa\/musta","author":"petri","date":"September 14, 2019","format":false,"excerpt":"Noah p\u00f6yt\u00e4 on alumiinirunkoinen p\u00f6yt\u00e4, jossa on Polywood-puuj\u00e4ljitelm\u00e4kansi. Musta runko, Harmaa kansi. toimitetaan pahvipaketissa.","rel":"","context":"Similar post","block_context":{"text":"Similar post","link":""},"img":{"alt_text":"","src":"https:\/\/i0.wp.com\/pohjanmaantehtaanmyymala.fi\/wp-content\/uploads\/2019\/06\/629101-s.jpg?fit=960%2C960&ssl=1&resize=350%2C200","width":350,"height":200,"srcset":"https:\/\/i0.wp.com\/pohjanmaantehtaanmyymala.fi\/wp-content\/uploads\/2019\/06\/629101-s.jpg?fit=960%2C960&ssl=1&resize=350%2C200 1x, https:\/\/i0.wp.com\/pohjanmaantehtaanmyymala.fi\/wp-content\/uploads\/2019\/06\/629101-s.jpg?fit=960%2C960&ssl=1&resize=525%2C300 1.5x, https:\/\/i0.wp.com\/pohjanmaantehtaanmyymala.fi\/wp-content\/uploads\/2019\/06\/629101-s.jpg?fit=960%2C960&ssl=1&resize=700%2C400 2x"},"classes":[]},{"id":16483,"url":"https:\/\/pohjanmaantehtaanmyymala.fi\/en\/tuote\/outfit-polyrottinki-kulmasohva-ja-poyta-musta-harmaa\/","url_meta":{"origin":9531,"position":2},"title":"OUTFIT &#8211; polyrottinki-kulmasohva ja p\u00f6yt\u00e4, musta\/harmaa","author":"Sami Viitala","date":"February 12, 2021","format":false,"excerpt":"Tilava kulmasohva-ryhm\u00e4, jossa k\u00e4tisyys on vaihdettavissa.","rel":"","context":"Similar post","block_context":{"text":"Similar post","link":""},"img":{"alt_text":"Outfit kulmasohva p\u00f6yd\u00e4ll\u00e4 polyrottinki musta","src":"https:\/\/i0.wp.com\/pohjanmaantehtaanmyymala.fi\/wp-content\/uploads\/2021\/02\/49201_f1_300.jpg?fit=1200%2C1200&ssl=1&resize=350%2C200","width":350,"height":200,"srcset":"https:\/\/i0.wp.com\/pohjanmaantehtaanmyymala.fi\/wp-content\/uploads\/2021\/02\/49201_f1_300.jpg?fit=1200%2C1200&ssl=1&resize=350%2C200 1x, https:\/\/i0.wp.com\/pohjanmaantehtaanmyymala.fi\/wp-content\/uploads\/2021\/02\/49201_f1_300.jpg?fit=1200%2C1200&ssl=1&resize=525%2C300 1.5x, https:\/\/i0.wp.com\/pohjanmaantehtaanmyymala.fi\/wp-content\/uploads\/2021\/02\/49201_f1_300.jpg?fit=1200%2C1200&ssl=1&resize=700%2C400 2x, https:\/\/i0.wp.com\/pohjanmaantehtaanmyymala.fi\/wp-content\/uploads\/2021\/02\/49201_f1_300.jpg?fit=1200%2C1200&ssl=1&resize=1050%2C600 3x"},"classes":[]},{"id":9280,"url":"https:\/\/pohjanmaantehtaanmyymala.fi\/en\/tuote\/olivia-ruokapoyta-190cm\/","url_meta":{"origin":9531,"position":3},"title":"OLIVIA &#8211; ruokap\u00f6yt\u00e4 190&#215;90 cm","author":"petri","date":"September 14, 2019","format":false,"excerpt":"Tyylik\u00e4s ja siro Olivia- keitti\u00f6np\u00f6yt\u00e4 todella kest\u00e4v\u00e4ll\u00e4 valkoisella korkeapainelaminaatti kannella. Poistuva malli, 1 kpl j\u00e4ljell\u00e4. tarkista saatavuus! Tuotetiedot: Kansi: Mdf-levy korkeapainelaminaatti pinnoite valkoinen, reuna musta. Jalat: Mustat. Toimitetaan jalat irrallaan.","rel":"","context":"Similar post","block_context":{"text":"Similar post","link":""},"img":{"alt_text":"Olivia p\u00f6yt\u00e4 190 cm valkoinen musta","src":"https:\/\/i0.wp.com\/pohjanmaantehtaanmyymala.fi\/wp-content\/uploads\/2019\/09\/olivia-poyta-190-valkoinen-musta.jpg?fit=960%2C960&ssl=1&resize=350%2C200","width":350,"height":200,"srcset":"https:\/\/i0.wp.com\/pohjanmaantehtaanmyymala.fi\/wp-content\/uploads\/2019\/09\/olivia-poyta-190-valkoinen-musta.jpg?fit=960%2C960&ssl=1&resize=350%2C200 1x, https:\/\/i0.wp.com\/pohjanmaantehtaanmyymala.fi\/wp-content\/uploads\/2019\/09\/olivia-poyta-190-valkoinen-musta.jpg?fit=960%2C960&ssl=1&resize=525%2C300 1.5x, https:\/\/i0.wp.com\/pohjanmaantehtaanmyymala.fi\/wp-content\/uploads\/2019\/09\/olivia-poyta-190-valkoinen-musta.jpg?fit=960%2C960&ssl=1&resize=700%2C400 2x"},"classes":[]},{"id":19096,"url":"https:\/\/pohjanmaantehtaanmyymala.fi\/en\/tuote\/rowico-winnipeg-poyta-200-cm\/","url_meta":{"origin":9531,"position":4},"title":"Rowico Winnipeg-p\u00f6yt\u00e4 200&#215;100 cm","author":"Sami Viitala","date":"November 17, 2021","format":false,"excerpt":"Selk\u00e4linjainen ruokap\u00f6yt\u00e4 metallijaloilla. Saatavan kahdessa eri v\u00e4riss\u00e4.","rel":"","context":"Similar post","block_context":{"text":"Similar post","link":""},"img":{"alt_text":"Winnipeg p\u00f6yt\u00e4 valkopesty tammi mustat jalat ruokatilassa","src":"https:\/\/i0.wp.com\/pohjanmaantehtaanmyymala.fi\/wp-content\/uploads\/2021\/11\/Winnipeg-poyta-200-valkotammi-musta-miljoo.jpg?fit=960%2C960&ssl=1&resize=350%2C200","width":350,"height":200,"srcset":"https:\/\/i0.wp.com\/pohjanmaantehtaanmyymala.fi\/wp-content\/uploads\/2021\/11\/Winnipeg-poyta-200-valkotammi-musta-miljoo.jpg?fit=960%2C960&ssl=1&resize=350%2C200 1x, https:\/\/i0.wp.com\/pohjanmaantehtaanmyymala.fi\/wp-content\/uploads\/2021\/11\/Winnipeg-poyta-200-valkotammi-musta-miljoo.jpg?fit=960%2C960&ssl=1&resize=525%2C300 1.5x, https:\/\/i0.wp.com\/pohjanmaantehtaanmyymala.fi\/wp-content\/uploads\/2021\/11\/Winnipeg-poyta-200-valkotammi-musta-miljoo.jpg?fit=960%2C960&ssl=1&resize=700%2C400 2x"},"classes":[]},{"id":26890,"url":"https:\/\/pohjanmaantehtaanmyymala.fi\/en\/tuote\/yumi-ruokapoyta-pyorea-115-cm-musta\/","url_meta":{"origin":9531,"position":5},"title":"YUMI &#8211; ruokap\u00f6yt\u00e4 py\u00f6re\u00e4 115 cm musta","author":"Sami Viitala","date":"April 29, 2024","format":false,"excerpt":"Py\u00f6re\u00e4n Yumi ruokap\u00f6yd\u00e4n kansi on kauniisti viistetty joka sirojen jalkojen kanssa antaa kevyen ilmeen p\u00f6yd\u00e4lle. P\u00f6yt\u00e4 on valkoisen v\u00e4rinen. Saatavilla my\u00f6s mustana, tammen v\u00e4risen\u00e4, ruskeana sek\u00e4 valkolakattuna. Kysy tarjousta myynnist\u00e4mme! Tuotetiedot: Kansi: saarniviilutettu mdf-levy. Jalat: massiivipuu.","rel":"","context":"Similar post","block_context":{"text":"Similar post","link":""},"img":{"alt_text":"Rowico Yumi py\u00f6re\u00e4 1150 cm ruokap\u00f6yt\u00e4 musta","src":"https:\/\/i0.wp.com\/pohjanmaantehtaanmyymala.fi\/wp-content\/uploads\/2024\/04\/52212-Yumi-matbord-runt-svart.jpg?fit=960%2C960&ssl=1&resize=350%2C200","width":350,"height":200,"srcset":"https:\/\/i0.wp.com\/pohjanmaantehtaanmyymala.fi\/wp-content\/uploads\/2024\/04\/52212-Yumi-matbord-runt-svart.jpg?fit=960%2C960&ssl=1&resize=350%2C200 1x, https:\/\/i0.wp.com\/pohjanmaantehtaanmyymala.fi\/wp-content\/uploads\/2024\/04\/52212-Yumi-matbord-runt-svart.jpg?fit=960%2C960&ssl=1&resize=525%2C300 1.5x, https:\/\/i0.wp.com\/pohjanmaantehtaanmyymala.fi\/wp-content\/uploads\/2024\/04\/52212-Yumi-matbord-runt-svart.jpg?fit=960%2C960&ssl=1&resize=700%2C400 2x"},"classes":[]}],"_links":{"self":[{"href":"https:\/\/pohjanmaantehtaanmyymala.fi\/en\/wp-json\/wp\/v2\/product\/9531","targetHints":{"allow":["GET"]}}],"collection":[{"href":"https:\/\/pohjanmaantehtaanmyymala.fi\/en\/wp-json\/wp\/v2\/product"}],"about":[{"href":"https:\/\/pohjanmaantehtaanmyymala.fi\/en\/wp-json\/wp\/v2\/types\/product"}],"replies":[{"embeddable":true,"href":"https:\/\/pohjanmaantehtaanmyymala.fi\/en\/wp-json\/wp\/v2\/comments?post=9531"}],"wp:featuredmedia":[{"embeddable":true,"href":"https:\/\/pohjanmaantehtaanmyymala.fi\/en\/wp-json\/wp\/v2\/media\/9532"}],"wp:attachment":[{"href":"https:\/\/pohjanmaantehtaanmyymala.fi\/en\/wp-json\/wp\/v2\/media?parent=9531"}],"wp:term":[{"taxonomy":"product_brand","embeddable":true,"href":"https:\/\/pohjanmaantehtaanmyymala.fi\/en\/wp-json\/wp\/v2\/product_brand?post=9531"},{"taxonomy":"product_cat","embeddable":true,"href":"https:\/\/pohjanmaantehtaanmyymala.fi\/en\/wp-json\/wp\/v2\/product_cat?post=9531"},{"taxonomy":"product_tag","embeddable":true,"href":"https:\/\/pohjanmaantehtaanmyymala.fi\/en\/wp-json\/wp\/v2\/product_tag?post=9531"}],"curies":[{"name":"wp","href":"https:\/\/api.w.org\/{rel}","templated":true}]}}