{"id":9518,"date":"2019-09-14T09:40:50","date_gmt":"2019-09-14T07:40:50","guid":{"rendered":"https:\/\/pohjanmaantehtaanmyymala.fi\/tuote\/outfit-poss-saadettava-puutarhatuoli-musta\/"},"modified":"2023-08-31T15:55:01","modified_gmt":"2023-08-31T13:55:01","slug":"outfit-poss-saadettava-puutarhatuoli-musta","status":"publish","type":"product","link":"https:\/\/pohjanmaantehtaanmyymala.fi\/en\/tuote\/outfit-poss-saadettava-puutarhatuoli-musta\/","title":{"rendered":"OUTFIT Lima s\u00e4\u00e4dett\u00e4v\u00e4 puutarhatuoli musta"},"content":{"rendered":"<p>Outfit Lima alumiinirunkoinen polyrottinkinen puutarhatuoli. Selk\u00e4noja s\u00e4\u00e4dett\u00e4v\u00e4 6-asentoon. Tuoli saa taitettua kokoon, mik\u00e4 helpottaa s\u00e4ilytt\u00e4mist\u00e4.<\/p>\n<p>Tuote j\u00e4\u00e4m\u00e4ss\u00e4 pois valikoimasta, kysy saatavuus <a href=\"https:\/\/pohjanmaantehtaanmyymala.fi\/yhteys\/\">myynnist\u00e4mme.<\/a><\/p>\n<h3>Tuotetiedot:<\/h3>\n<p>Koko: l 58 x s 66 x k 110cm<br \/>\nistuinkorkeus: 44cm<br \/>\nistuinsyvyys: 48cm<br \/>\nistuinleveys: 45cm<br \/>\nk\u00e4sinojan korkeus maasta: 65cm<br \/>\nRottinki: 2in1<br \/>\nSelk\u00e4nojan s\u00e4\u00e4t\u00f6 6 asentoon<\/p>\n<p>Toimitetaan 2 kpl \/ paketti.<\/p>\n","protected":false},"excerpt":{"rendered":"<p>Outfit Lima alumiinirunkoinen polyrottinkinen puutarhatuoli. Selk\u00e4noja s\u00e4\u00e4dett\u00e4v\u00e4 6-asentoon. Tuoli saa taitettua kokoon, mik\u00e4 helpottaa s\u00e4ilytt\u00e4mist\u00e4. Tuote j\u00e4\u00e4m\u00e4ss\u00e4 pois valikoimasta, kysy saatavuus myynnist\u00e4mme. Tuotetiedot: Koko: l 58 x s 66 x k 110cm istuinkorkeus: 44cm istuinsyvyys: 48cm istuinleveys: 45cm k\u00e4sinojan korkeus maasta: 65cm Rottinki: 2in1 Selk\u00e4nojan s\u00e4\u00e4t\u00f6 6 asentoon Toimitetaan 2 kpl \/ paketti.<\/p>\n","protected":false},"featured_media":9519,"comment_status":"closed","ping_status":"closed","template":"","meta":{"_acf_changed":false,"jetpack_post_was_ever_published":false,"jetpack_publicize_message":"","jetpack_publicize_feature_enabled":true,"jetpack_social_post_already_shared":true,"jetpack_social_options":{"image_generator_settings":{"template":"highway","default_image_id":0,"font":"","enabled":false},"version":2}},"product_brand":[187],"product_cat":[200],"product_tag":[],"class_list":{"0":"post-9518","1":"product","2":"type-product","3":"status-publish","4":"has-post-thumbnail","6":"product_brand-schou","7":"product_cat-kesakalusteet","8":"product_shipping_class-161","10":"first","11":"outofstock","12":"purchasable","13":"product-type-simple"},"acf":[],"jetpack_publicize_connections":[],"jetpack_sharing_enabled":true,"jetpack-related-posts":[{"id":9510,"url":"https:\/\/pohjanmaantehtaanmyymala.fi\/en\/tuote\/outfit-liv-saadettava-puutarhatuoli-musta\/","url_meta":{"origin":9518,"position":0},"title":"OUTFIT LIV &#8211; puutarhatuoli musta","author":"petri","date":"September 14, 2019","format":false,"excerpt":"Liv 7-asentoinen puutarhatuoli, jonka saa taitettua kasaan varastointia varten. Alumiini runko, jossa pingotettu textylene -kangas. Musta\/Harmaa v\u00e4ri. Tuotetta on rajoitetusti myynniss\u00e4. Kysy saatavuus myynnist\u00e4mme. Tuotetiedot: Koko: l 55 x s 68 x k 105 cm istuinkorkeus: 43 cm istuinsyvyys: 44 cm istuinleveys: 44 cm k\u00e4sinojan korkeus maasta: 66 cm Textylene:\u2026","rel":"","context":"Similar post","block_context":{"text":"Similar post","link":""},"img":{"alt_text":"","src":"https:\/\/i0.wp.com\/pohjanmaantehtaanmyymala.fi\/wp-content\/uploads\/2019\/06\/46112-s1.jpg?fit=960%2C960&ssl=1&resize=350%2C200","width":350,"height":200,"srcset":"https:\/\/i0.wp.com\/pohjanmaantehtaanmyymala.fi\/wp-content\/uploads\/2019\/06\/46112-s1.jpg?fit=960%2C960&ssl=1&resize=350%2C200 1x, https:\/\/i0.wp.com\/pohjanmaantehtaanmyymala.fi\/wp-content\/uploads\/2019\/06\/46112-s1.jpg?fit=960%2C960&ssl=1&resize=525%2C300 1.5x, https:\/\/i0.wp.com\/pohjanmaantehtaanmyymala.fi\/wp-content\/uploads\/2019\/06\/46112-s1.jpg?fit=960%2C960&ssl=1&resize=700%2C400 2x"},"classes":[]},{"id":9487,"url":"https:\/\/pohjanmaantehtaanmyymala.fi\/en\/tuote\/outfit-anders-mekanismituoli-saadettavalla-selkanojalla\/","url_meta":{"origin":9518,"position":1},"title":"Anders \u2013 mekanismituoli polyrottinki musta\/harmaa","author":"petri","date":"September 14, 2019","format":false,"excerpt":"Edullinen lepotuoli mekanismilla l\u00f6h\u00f6ilyyn.","rel":"","context":"Similar post","block_context":{"text":"Similar post","link":""},"img":{"alt_text":"Anders mekanismituoli polyrottinkia musta harmaat pehmusteet","src":"https:\/\/i0.wp.com\/pohjanmaantehtaanmyymala.fi\/wp-content\/uploads\/2019\/09\/Anders-629040_f.jpg?fit=960%2C960&ssl=1&resize=350%2C200","width":350,"height":200,"srcset":"https:\/\/i0.wp.com\/pohjanmaantehtaanmyymala.fi\/wp-content\/uploads\/2019\/09\/Anders-629040_f.jpg?fit=960%2C960&ssl=1&resize=350%2C200 1x, https:\/\/i0.wp.com\/pohjanmaantehtaanmyymala.fi\/wp-content\/uploads\/2019\/09\/Anders-629040_f.jpg?fit=960%2C960&ssl=1&resize=525%2C300 1.5x, https:\/\/i0.wp.com\/pohjanmaantehtaanmyymala.fi\/wp-content\/uploads\/2019\/09\/Anders-629040_f.jpg?fit=960%2C960&ssl=1&resize=700%2C400 2x"},"classes":[]},{"id":22703,"url":"https:\/\/pohjanmaantehtaanmyymala.fi\/en\/tuote\/saddle-4-satulatuoli-musta-keinonahka\/","url_meta":{"origin":9518,"position":2},"title":"Saddle 4 satulatuoli musta keinonahka","author":"Sami Viitala","date":"March 6, 2023","format":false,"excerpt":"Satulatuoli s\u00e4\u00e4dett\u00e4v\u00e4ll\u00e4 selk\u00e4nojalla.","rel":"","context":"Similar post","block_context":{"text":"Similar post","link":""},"img":{"alt_text":"Saddle 4 satulatuoli selk\u00e4nojalla musta","src":"https:\/\/i0.wp.com\/pohjanmaantehtaanmyymala.fi\/wp-content\/uploads\/2023\/03\/Saddle-4.jpg?fit=960%2C960&ssl=1&resize=350%2C200","width":350,"height":200,"srcset":"https:\/\/i0.wp.com\/pohjanmaantehtaanmyymala.fi\/wp-content\/uploads\/2023\/03\/Saddle-4.jpg?fit=960%2C960&ssl=1&resize=350%2C200 1x, https:\/\/i0.wp.com\/pohjanmaantehtaanmyymala.fi\/wp-content\/uploads\/2023\/03\/Saddle-4.jpg?fit=960%2C960&ssl=1&resize=525%2C300 1.5x, https:\/\/i0.wp.com\/pohjanmaantehtaanmyymala.fi\/wp-content\/uploads\/2023\/03\/Saddle-4.jpg?fit=960%2C960&ssl=1&resize=700%2C400 2x"},"classes":[]},{"id":9386,"url":"https:\/\/pohjanmaantehtaanmyymala.fi\/en\/tuote\/team-pro-40-tyotuoli-musta\/","url_meta":{"origin":9518,"position":3},"title":"TEAM PRO 40 \u2013 ty\u00f6tuoli","author":"petri","date":"September 14, 2019","format":false,"excerpt":"Pro 40 -ty\u00f6tuolimalli on suunniteltu toimistoty\u00f6h\u00f6n, jossa tarvitaan istuinmukavuutta koko pitk\u00e4n ty\u00f6p\u00e4iv\u00e4n ajan. Pro 20 -ty\u00f6tuolissa on korkea selk\u00e4noja, jossa on s\u00e4\u00e4dett\u00e4v\u00e4 niskatuki sek\u00e4 kaikki ty\u00f6tuolille vaadittavat s\u00e4\u00e4t\u00f6mahdollisuudet. Ty\u00f6tuolia on saatavilla Harmaana, Mustana ja Vihre\u00e4n\u00e4. Tuote toimitetaan osina pahvilaatikkossa. Tuotetiedot: Kangas: Dove -kangas, 100 % polyester. V\u00e4rit; Harmaa, Musta ja\u2026","rel":"","context":"Similar post","block_context":{"text":"Similar post","link":""},"img":{"alt_text":"Team Pro 40 ty\u00f6tuoli musta","src":"https:\/\/i0.wp.com\/pohjanmaantehtaanmyymala.fi\/wp-content\/uploads\/2019\/09\/Pro-40-musta-JPG.jpg?fit=960%2C960&ssl=1&resize=350%2C200","width":350,"height":200,"srcset":"https:\/\/i0.wp.com\/pohjanmaantehtaanmyymala.fi\/wp-content\/uploads\/2019\/09\/Pro-40-musta-JPG.jpg?fit=960%2C960&ssl=1&resize=350%2C200 1x, https:\/\/i0.wp.com\/pohjanmaantehtaanmyymala.fi\/wp-content\/uploads\/2019\/09\/Pro-40-musta-JPG.jpg?fit=960%2C960&ssl=1&resize=525%2C300 1.5x, https:\/\/i0.wp.com\/pohjanmaantehtaanmyymala.fi\/wp-content\/uploads\/2019\/09\/Pro-40-musta-JPG.jpg?fit=960%2C960&ssl=1&resize=700%2C400 2x"},"classes":[]},{"id":12658,"url":"https:\/\/pohjanmaantehtaanmyymala.fi\/en\/tuote\/team-pro-20-tyotuoli\/","url_meta":{"origin":9518,"position":4},"title":"TEAM PRO 20 \u2013 ty\u00f6tuoli","author":"Sami Viitala","date":"September 10, 2020","format":false,"excerpt":"Pro 20 -ty\u00f6tuolimalli on suunniteltu toimistoty\u00f6h\u00f6n, jossa tarvitaan istuinmukavuutta koko pitk\u00e4n ty\u00f6p\u00e4iv\u00e4n ajan. Pro 20 -ty\u00f6tuoli on kompaktin kokoinen, jossa on kaikki ty\u00f6tuolille vaadittavat s\u00e4\u00e4t\u00f6mahdollisuudet. Ty\u00f6tuolia on saatavilla Harmaana, Mustana ja Vihre\u00e4n\u00e4. Takuu 5 vuotta. Ominaisuudet: Istuinkaltevuuden s\u00e4\u00e4t\u00f6 Selk\u00e4nojankaltevuuden s\u00e4\u00e4t\u00f6 Istujan painon mukaan s\u00e4\u00e4dett\u00e4v\u00e4 keinumekanismi Istuinsyyvyyden s\u00e4\u00e4t\u00f6 Korkeus- ja leveyssuunnassa\u2026","rel":"","context":"Similar post","block_context":{"text":"Similar post","link":""},"img":{"alt_text":"Team Pro 40 ty\u00f6tuoli musta","src":"https:\/\/i0.wp.com\/pohjanmaantehtaanmyymala.fi\/wp-content\/uploads\/2019\/09\/Pro20-tyotuoli-musta.jpg?fit=1200%2C1200&ssl=1&resize=350%2C200","width":350,"height":200,"srcset":"https:\/\/i0.wp.com\/pohjanmaantehtaanmyymala.fi\/wp-content\/uploads\/2019\/09\/Pro20-tyotuoli-musta.jpg?fit=1200%2C1200&ssl=1&resize=350%2C200 1x, https:\/\/i0.wp.com\/pohjanmaantehtaanmyymala.fi\/wp-content\/uploads\/2019\/09\/Pro20-tyotuoli-musta.jpg?fit=1200%2C1200&ssl=1&resize=525%2C300 1.5x, https:\/\/i0.wp.com\/pohjanmaantehtaanmyymala.fi\/wp-content\/uploads\/2019\/09\/Pro20-tyotuoli-musta.jpg?fit=1200%2C1200&ssl=1&resize=700%2C400 2x, https:\/\/i0.wp.com\/pohjanmaantehtaanmyymala.fi\/wp-content\/uploads\/2019\/09\/Pro20-tyotuoli-musta.jpg?fit=1200%2C1200&ssl=1&resize=1050%2C600 3x"},"classes":[]},{"id":16483,"url":"https:\/\/pohjanmaantehtaanmyymala.fi\/en\/tuote\/outfit-polyrottinki-kulmasohva-ja-poyta-musta-harmaa\/","url_meta":{"origin":9518,"position":5},"title":"OUTFIT &#8211; polyrottinki-kulmasohva ja p\u00f6yt\u00e4, musta\/harmaa","author":"Sami Viitala","date":"February 12, 2021","format":false,"excerpt":"Tilava kulmasohva-ryhm\u00e4, jossa k\u00e4tisyys on vaihdettavissa.","rel":"","context":"Similar post","block_context":{"text":"Similar post","link":""},"img":{"alt_text":"Outfit kulmasohva p\u00f6yd\u00e4ll\u00e4 polyrottinki musta","src":"https:\/\/i0.wp.com\/pohjanmaantehtaanmyymala.fi\/wp-content\/uploads\/2021\/02\/49201_f1_300.jpg?fit=1200%2C1200&ssl=1&resize=350%2C200","width":350,"height":200,"srcset":"https:\/\/i0.wp.com\/pohjanmaantehtaanmyymala.fi\/wp-content\/uploads\/2021\/02\/49201_f1_300.jpg?fit=1200%2C1200&ssl=1&resize=350%2C200 1x, https:\/\/i0.wp.com\/pohjanmaantehtaanmyymala.fi\/wp-content\/uploads\/2021\/02\/49201_f1_300.jpg?fit=1200%2C1200&ssl=1&resize=525%2C300 1.5x, https:\/\/i0.wp.com\/pohjanmaantehtaanmyymala.fi\/wp-content\/uploads\/2021\/02\/49201_f1_300.jpg?fit=1200%2C1200&ssl=1&resize=700%2C400 2x, https:\/\/i0.wp.com\/pohjanmaantehtaanmyymala.fi\/wp-content\/uploads\/2021\/02\/49201_f1_300.jpg?fit=1200%2C1200&ssl=1&resize=1050%2C600 3x"},"classes":[]}],"_links":{"self":[{"href":"https:\/\/pohjanmaantehtaanmyymala.fi\/en\/wp-json\/wp\/v2\/product\/9518","targetHints":{"allow":["GET"]}}],"collection":[{"href":"https:\/\/pohjanmaantehtaanmyymala.fi\/en\/wp-json\/wp\/v2\/product"}],"about":[{"href":"https:\/\/pohjanmaantehtaanmyymala.fi\/en\/wp-json\/wp\/v2\/types\/product"}],"replies":[{"embeddable":true,"href":"https:\/\/pohjanmaantehtaanmyymala.fi\/en\/wp-json\/wp\/v2\/comments?post=9518"}],"wp:featuredmedia":[{"embeddable":true,"href":"https:\/\/pohjanmaantehtaanmyymala.fi\/en\/wp-json\/wp\/v2\/media\/9519"}],"wp:attachment":[{"href":"https:\/\/pohjanmaantehtaanmyymala.fi\/en\/wp-json\/wp\/v2\/media?parent=9518"}],"wp:term":[{"taxonomy":"product_brand","embeddable":true,"href":"https:\/\/pohjanmaantehtaanmyymala.fi\/en\/wp-json\/wp\/v2\/product_brand?post=9518"},{"taxonomy":"product_cat","embeddable":true,"href":"https:\/\/pohjanmaantehtaanmyymala.fi\/en\/wp-json\/wp\/v2\/product_cat?post=9518"},{"taxonomy":"product_tag","embeddable":true,"href":"https:\/\/pohjanmaantehtaanmyymala.fi\/en\/wp-json\/wp\/v2\/product_tag?post=9518"}],"curies":[{"name":"wp","href":"https:\/\/api.w.org\/{rel}","templated":true}]}}