{"id":9514,"date":"2019-09-14T09:40:47","date_gmt":"2019-09-14T07:40:47","guid":{"rendered":""},"modified":"2023-08-31T15:26:39","modified_gmt":"2023-08-31T13:26:39","slug":"outfit-noah-puutarhapoyta-205x90cm-musta","status":"publish","type":"product","link":"https:\/\/pohjanmaantehtaanmyymala.fi\/en\/tuote\/outfit-noah-puutarhapoyta-205x90cm-musta\/","title":{"rendered":"OUTFIT Noah \u2013 p\u00f6yt\u00e4 205x90cm musta"},"content":{"rendered":"<p>Noah p\u00f6yt\u00e4 on alumiinirunkoinen p\u00f6yt\u00e4, jossa on Polywood -puuj\u00e4ljitelm\u00e4 kansi. Musta runko, musta kansi.<\/p>\n<p>toimitetaan pahvipaketissa.<\/p>\n","protected":false},"excerpt":{"rendered":"<p>Noah p\u00f6yt\u00e4 on alumiinirunkoinen p\u00f6yt\u00e4, jossa on Polywood -puuj\u00e4ljitelm\u00e4 kansi. Musta runko, musta kansi. toimitetaan pahvipaketissa.<\/p>\n","protected":false},"featured_media":9515,"comment_status":"closed","ping_status":"closed","template":"","meta":{"_acf_changed":false,"jetpack_post_was_ever_published":false,"jetpack_publicize_message":"","jetpack_publicize_feature_enabled":true,"jetpack_social_post_already_shared":false,"jetpack_social_options":{"image_generator_settings":{"template":"highway","default_image_id":0,"font":"","enabled":false},"version":2}},"product_brand":[187],"product_cat":[200],"product_tag":[],"class_list":{"0":"post-9514","1":"product","2":"type-product","3":"status-publish","4":"has-post-thumbnail","6":"product_brand-schou","7":"product_cat-kesakalusteet","8":"product_shipping_class-161","10":"first","11":"outofstock","12":"purchasable","13":"product-type-simple"},"acf":[],"jetpack_publicize_connections":[],"jetpack_sharing_enabled":true,"jetpack-related-posts":[{"id":9523,"url":"https:\/\/pohjanmaantehtaanmyymala.fi\/en\/tuote\/outfit-noah-puutarhapoyta-205x90cm-harmaa-musta\/","url_meta":{"origin":9514,"position":0},"title":"OUTFIT Noah \u2013 p\u00f6yt\u00e4 205x90cm harmaa\/musta","author":"petri","date":"September 14, 2019","format":false,"excerpt":"Noah p\u00f6yt\u00e4 on alumiinirunkoinen p\u00f6yt\u00e4, jossa on Polywood-puuj\u00e4ljitelm\u00e4kansi. Musta runko, Harmaa kansi. toimitetaan pahvipaketissa.","rel":"","context":"Similar post","block_context":{"text":"Similar post","link":""},"img":{"alt_text":"","src":"https:\/\/i0.wp.com\/pohjanmaantehtaanmyymala.fi\/wp-content\/uploads\/2019\/06\/629101-s.jpg?fit=960%2C960&ssl=1&resize=350%2C200","width":350,"height":200,"srcset":"https:\/\/i0.wp.com\/pohjanmaantehtaanmyymala.fi\/wp-content\/uploads\/2019\/06\/629101-s.jpg?fit=960%2C960&ssl=1&resize=350%2C200 1x, https:\/\/i0.wp.com\/pohjanmaantehtaanmyymala.fi\/wp-content\/uploads\/2019\/06\/629101-s.jpg?fit=960%2C960&ssl=1&resize=525%2C300 1.5x, https:\/\/i0.wp.com\/pohjanmaantehtaanmyymala.fi\/wp-content\/uploads\/2019\/06\/629101-s.jpg?fit=960%2C960&ssl=1&resize=700%2C400 2x"},"classes":[]},{"id":9531,"url":"https:\/\/pohjanmaantehtaanmyymala.fi\/en\/tuote\/outfit-bistro-puutarhapoyta-58x58cm-musta\/","url_meta":{"origin":9514,"position":1},"title":"OUTFIT Bistro &#8211; p\u00f6yt\u00e4 58&#215;58 cm musta","author":"petri","date":"September 14, 2019","format":false,"excerpt":"Musta kevyt ja siro Frederik Bistro-p\u00f6yt\u00e4. Jalat maalattua alumiinia ja kansi polywood lautaa.","rel":"","context":"Similar post","block_context":{"text":"Similar post","link":""},"img":{"alt_text":"","src":"https:\/\/i0.wp.com\/pohjanmaantehtaanmyymala.fi\/wp-content\/uploads\/2019\/06\/623473-s.jpg?fit=960%2C960&ssl=1&resize=350%2C200","width":350,"height":200,"srcset":"https:\/\/i0.wp.com\/pohjanmaantehtaanmyymala.fi\/wp-content\/uploads\/2019\/06\/623473-s.jpg?fit=960%2C960&ssl=1&resize=350%2C200 1x, https:\/\/i0.wp.com\/pohjanmaantehtaanmyymala.fi\/wp-content\/uploads\/2019\/06\/623473-s.jpg?fit=960%2C960&ssl=1&resize=525%2C300 1.5x, https:\/\/i0.wp.com\/pohjanmaantehtaanmyymala.fi\/wp-content\/uploads\/2019\/06\/623473-s.jpg?fit=960%2C960&ssl=1&resize=700%2C400 2x"},"classes":[]},{"id":23178,"url":"https:\/\/pohjanmaantehtaanmyymala.fi\/en\/tuote\/pohjanmaan-lilja-ruokapoyta-140x90-cm\/","url_meta":{"origin":9514,"position":2},"title":"Pohjanmaan LILJA ruokap\u00f6yt\u00e4 140&#215;90 cm koivu","author":"Sami Viitala","date":"August 29, 2023","format":false,"excerpt":"Siro, mutta j\u00e4m\u00e4kk\u00e4 Lilja ruokap\u00f6yt\u00e4 on valmistettu massiivikoivusta. P\u00f6yt\u00e4 sopii yhteen eri mallisten ruokatuolien kanssa, mutta erityisen hyvin Lilja pinnatuolin kanssa. P\u00f6yd\u00e4st\u00e4 on saatavana my\u00f6s koot: 190*90 cm ja 240*90 cm. P\u00f6yt\u00e4\u00e4 on saatava useilla eri v\u00e4reill\u00e4. Esim. kokovalkoisena hinta alk. 550 \u20ac, kokotammisena hinta alk. 965 \u20ac. Kysy lis\u00e4tietoa\u2026","rel":"","context":"Similar post","block_context":{"text":"Similar post","link":""},"img":{"alt_text":"Lilja p\u00f6yt\u00e4 musta runko koivulakattu kansi","src":"https:\/\/i0.wp.com\/pohjanmaantehtaanmyymala.fi\/wp-content\/uploads\/2023\/11\/Lilja_poyta_140_musta-Koivu.jpg?fit=960%2C960&ssl=1&resize=350%2C200","width":350,"height":200,"srcset":"https:\/\/i0.wp.com\/pohjanmaantehtaanmyymala.fi\/wp-content\/uploads\/2023\/11\/Lilja_poyta_140_musta-Koivu.jpg?fit=960%2C960&ssl=1&resize=350%2C200 1x, https:\/\/i0.wp.com\/pohjanmaantehtaanmyymala.fi\/wp-content\/uploads\/2023\/11\/Lilja_poyta_140_musta-Koivu.jpg?fit=960%2C960&ssl=1&resize=525%2C300 1.5x, https:\/\/i0.wp.com\/pohjanmaantehtaanmyymala.fi\/wp-content\/uploads\/2023\/11\/Lilja_poyta_140_musta-Koivu.jpg?fit=960%2C960&ssl=1&resize=700%2C400 2x"},"classes":[]},{"id":19096,"url":"https:\/\/pohjanmaantehtaanmyymala.fi\/en\/tuote\/rowico-winnipeg-poyta-200-cm\/","url_meta":{"origin":9514,"position":3},"title":"Rowico Winnipeg-p\u00f6yt\u00e4 200&#215;100 cm","author":"Sami Viitala","date":"November 17, 2021","format":false,"excerpt":"Selk\u00e4linjainen ruokap\u00f6yt\u00e4 metallijaloilla. Saatavan kahdessa eri v\u00e4riss\u00e4.","rel":"","context":"Similar post","block_context":{"text":"Similar post","link":""},"img":{"alt_text":"Winnipeg p\u00f6yt\u00e4 valkopesty tammi mustat jalat ruokatilassa","src":"https:\/\/i0.wp.com\/pohjanmaantehtaanmyymala.fi\/wp-content\/uploads\/2021\/11\/Winnipeg-poyta-200-valkotammi-musta-miljoo.jpg?fit=960%2C960&ssl=1&resize=350%2C200","width":350,"height":200,"srcset":"https:\/\/i0.wp.com\/pohjanmaantehtaanmyymala.fi\/wp-content\/uploads\/2021\/11\/Winnipeg-poyta-200-valkotammi-musta-miljoo.jpg?fit=960%2C960&ssl=1&resize=350%2C200 1x, https:\/\/i0.wp.com\/pohjanmaantehtaanmyymala.fi\/wp-content\/uploads\/2021\/11\/Winnipeg-poyta-200-valkotammi-musta-miljoo.jpg?fit=960%2C960&ssl=1&resize=525%2C300 1.5x, https:\/\/i0.wp.com\/pohjanmaantehtaanmyymala.fi\/wp-content\/uploads\/2021\/11\/Winnipeg-poyta-200-valkotammi-musta-miljoo.jpg?fit=960%2C960&ssl=1&resize=700%2C400 2x"},"classes":[]},{"id":8723,"url":"https:\/\/pohjanmaantehtaanmyymala.fi\/en\/tuote\/delta-tammipoyta-180cm\/","url_meta":{"origin":9514,"position":4},"title":"DELTA &#8211; tammip\u00f6yt\u00e4 180&#215;95 cm","author":"petri","date":"September 14, 2019","format":false,"excerpt":"Delta -ruokap\u00f6yt\u00e4 on jykev\u00e4 massiivitammesta valmistettu p\u00f6yt\u00e4. Tammi on puulajina kest\u00e4v\u00e4, joka pit\u00e4\u00e4 ominaisuutensa vuosia, eik\u00e4 kulu kovassakaan k\u00e4yt\u00f6ss\u00e4. V\u00e4rivaihtoehdot tammip\u00f6yt\u00e4\u00e4n: \u00f6ljytty ja lakattu tammi sek\u00e4 lis\u00e4hintaan teak, musta, smoked ja nordic-valkolakattu. Delta-p\u00f6yt\u00e4\u00e4 saa my\u00f6s massiivikoivuisena eri v\u00e4reiss\u00e4 sek\u00e4 valkoiseksi maalattuna (kansi on silloin MDF-levy\u00e4). Kysy my\u00f6s muita kokoja ja\u2026","rel":"","context":"Similar post","block_context":{"text":"Similar post","link":""},"img":{"alt_text":"Delta p\u00f6yt\u00e4 100x200 \u00d6ljytty Massiivitammi","src":"https:\/\/i0.wp.com\/pohjanmaantehtaanmyymala.fi\/wp-content\/uploads\/2019\/06\/Delta-100x200-Oljytty-Massiivitammi-1.jpg?fit=960%2C960&ssl=1&resize=350%2C200","width":350,"height":200,"srcset":"https:\/\/i0.wp.com\/pohjanmaantehtaanmyymala.fi\/wp-content\/uploads\/2019\/06\/Delta-100x200-Oljytty-Massiivitammi-1.jpg?fit=960%2C960&ssl=1&resize=350%2C200 1x, https:\/\/i0.wp.com\/pohjanmaantehtaanmyymala.fi\/wp-content\/uploads\/2019\/06\/Delta-100x200-Oljytty-Massiivitammi-1.jpg?fit=960%2C960&ssl=1&resize=525%2C300 1.5x, https:\/\/i0.wp.com\/pohjanmaantehtaanmyymala.fi\/wp-content\/uploads\/2019\/06\/Delta-100x200-Oljytty-Massiivitammi-1.jpg?fit=960%2C960&ssl=1&resize=700%2C400 2x"},"classes":[]},{"id":26890,"url":"https:\/\/pohjanmaantehtaanmyymala.fi\/en\/tuote\/yumi-ruokapoyta-pyorea-115-cm-musta\/","url_meta":{"origin":9514,"position":5},"title":"YUMI &#8211; ruokap\u00f6yt\u00e4 py\u00f6re\u00e4 115 cm musta","author":"Sami Viitala","date":"April 29, 2024","format":false,"excerpt":"Py\u00f6re\u00e4n Yumi ruokap\u00f6yd\u00e4n kansi on kauniisti viistetty joka sirojen jalkojen kanssa antaa kevyen ilmeen p\u00f6yd\u00e4lle. P\u00f6yt\u00e4 on valkoisen v\u00e4rinen. Saatavilla my\u00f6s mustana, tammen v\u00e4risen\u00e4, ruskeana sek\u00e4 valkolakattuna. Kysy tarjousta myynnist\u00e4mme! Tuotetiedot: Kansi: saarniviilutettu mdf-levy. Jalat: massiivipuu.","rel":"","context":"Similar post","block_context":{"text":"Similar post","link":""},"img":{"alt_text":"Rowico Yumi py\u00f6re\u00e4 1150 cm ruokap\u00f6yt\u00e4 musta","src":"https:\/\/i0.wp.com\/pohjanmaantehtaanmyymala.fi\/wp-content\/uploads\/2024\/04\/52212-Yumi-matbord-runt-svart.jpg?fit=960%2C960&ssl=1&resize=350%2C200","width":350,"height":200,"srcset":"https:\/\/i0.wp.com\/pohjanmaantehtaanmyymala.fi\/wp-content\/uploads\/2024\/04\/52212-Yumi-matbord-runt-svart.jpg?fit=960%2C960&ssl=1&resize=350%2C200 1x, https:\/\/i0.wp.com\/pohjanmaantehtaanmyymala.fi\/wp-content\/uploads\/2024\/04\/52212-Yumi-matbord-runt-svart.jpg?fit=960%2C960&ssl=1&resize=525%2C300 1.5x, https:\/\/i0.wp.com\/pohjanmaantehtaanmyymala.fi\/wp-content\/uploads\/2024\/04\/52212-Yumi-matbord-runt-svart.jpg?fit=960%2C960&ssl=1&resize=700%2C400 2x"},"classes":[]}],"_links":{"self":[{"href":"https:\/\/pohjanmaantehtaanmyymala.fi\/en\/wp-json\/wp\/v2\/product\/9514","targetHints":{"allow":["GET"]}}],"collection":[{"href":"https:\/\/pohjanmaantehtaanmyymala.fi\/en\/wp-json\/wp\/v2\/product"}],"about":[{"href":"https:\/\/pohjanmaantehtaanmyymala.fi\/en\/wp-json\/wp\/v2\/types\/product"}],"replies":[{"embeddable":true,"href":"https:\/\/pohjanmaantehtaanmyymala.fi\/en\/wp-json\/wp\/v2\/comments?post=9514"}],"wp:featuredmedia":[{"embeddable":true,"href":"https:\/\/pohjanmaantehtaanmyymala.fi\/en\/wp-json\/wp\/v2\/media\/9515"}],"wp:attachment":[{"href":"https:\/\/pohjanmaantehtaanmyymala.fi\/en\/wp-json\/wp\/v2\/media?parent=9514"}],"wp:term":[{"taxonomy":"product_brand","embeddable":true,"href":"https:\/\/pohjanmaantehtaanmyymala.fi\/en\/wp-json\/wp\/v2\/product_brand?post=9514"},{"taxonomy":"product_cat","embeddable":true,"href":"https:\/\/pohjanmaantehtaanmyymala.fi\/en\/wp-json\/wp\/v2\/product_cat?post=9514"},{"taxonomy":"product_tag","embeddable":true,"href":"https:\/\/pohjanmaantehtaanmyymala.fi\/en\/wp-json\/wp\/v2\/product_tag?post=9514"}],"curies":[{"name":"wp","href":"https:\/\/api.w.org\/{rel}","templated":true}]}}