{"id":9498,"date":"2019-09-14T09:40:36","date_gmt":"2019-09-14T07:40:36","guid":{"rendered":"https:\/\/pohjanmaantehtaanmyymala.fi\/tuote\/envy-puutarhatuoli\/"},"modified":"2022-09-15T12:33:56","modified_gmt":"2022-09-15T10:33:56","slug":"envy-camilla-puutarhatuoli","status":"publish","type":"product","link":"https:\/\/pohjanmaantehtaanmyymala.fi\/en\/tuote\/envy-camilla-puutarhatuoli\/","title":{"rendered":"ENVY Camilla -puutarhatuoli"},"content":{"rendered":"<p>Kevyt ja helppohoitoinen Camilla-kuppituoli sis\u00e4- tai ulkok\u00e4ytt\u00f6\u00f6n. Tuolin istuin on muovia ja jalat maalattua ter\u00e4st\u00e4.<\/p>\n<p>Tuolista on kaksi v\u00e4ri\u00e4; Musta ja harmaa.<\/p>\n<p>Tuotetta on rajoitetusti myynniss\u00e4. Kysy saatavuus <a href=\"https:\/\/pohjanmaantehtaanmyymala.fi\/yhteys\/\">myynnist\u00e4mme.<\/a><\/p>\n","protected":false},"excerpt":{"rendered":"<p>Kevyt ja helppohoitoinen Camilla-kuppituoli sis\u00e4- tai ulkok\u00e4ytt\u00f6\u00f6n. Tuolin istuin on muovia ja jalat maalattua ter\u00e4st\u00e4. Tuolista on kaksi v\u00e4ri\u00e4; Musta ja harmaa. Tuotetta on rajoitetusti myynniss\u00e4. Kysy saatavuus myynnist\u00e4mme.<\/p>\n","protected":false},"featured_media":9499,"comment_status":"closed","ping_status":"closed","template":"","meta":{"_acf_changed":false,"jetpack_post_was_ever_published":false,"jetpack_publicize_message":"","jetpack_publicize_feature_enabled":true,"jetpack_social_post_already_shared":false,"jetpack_social_options":{"image_generator_settings":{"template":"highway","default_image_id":0,"font":"","enabled":false},"version":2}},"product_brand":[187],"product_cat":[200],"product_tag":[],"class_list":{"0":"post-9498","1":"product","2":"type-product","3":"status-publish","4":"has-post-thumbnail","6":"product_brand-schou","7":"product_cat-kesakalusteet","8":"product_shipping_class-161","10":"first","11":"instock","12":"sale","13":"purchasable","14":"product-type-simple"},"acf":[],"jetpack_publicize_connections":[],"jetpack_sharing_enabled":true,"jetpack-related-posts":[{"id":17574,"url":"https:\/\/pohjanmaantehtaanmyymala.fi\/en\/tuote\/seniorituoli-hansa\/","url_meta":{"origin":9498,"position":0},"title":"SENIORITUOLI Hansa","author":"Sami Viitala","date":"August 17, 2021","format":false,"excerpt":"T\u00e4m\u00e4 tukeva ja laadukas Seniorituoli on turvallinen ja kest\u00e4v\u00e4 valinta, joka auttaa arjen sujuvuutta. Hansa tuolissa on normaalia keitti\u00f6n tuolia korkeampi istumakorkeus. T\u00e4ss\u00e4 seniorituolissa on k\u00e4sinojat, jotka helpottavat tuolin k\u00e4ytt\u00f6\u00e4 ja siirtely\u00e4. Tuoli on valmistettu kest\u00e4v\u00e4st\u00e4 koivusta. Myynniss\u00e4 olevat v\u00e4rit ovat P\u00e4hkin\u00e4nruskea ja koivu LV. Tuotetiedot: istuinkorkeus: 51,5 cm leveys:\u2026","rel":"","context":"Similar post","block_context":{"text":"Similar post","link":""},"img":{"alt_text":"Hansa seniorituoli py\u00f6kkipetsattu","src":"https:\/\/i0.wp.com\/pohjanmaantehtaanmyymala.fi\/wp-content\/uploads\/2021\/08\/senior-HANSA-koivu.jpg?fit=1000%2C1000&ssl=1&resize=350%2C200","width":350,"height":200,"srcset":"https:\/\/i0.wp.com\/pohjanmaantehtaanmyymala.fi\/wp-content\/uploads\/2021\/08\/senior-HANSA-koivu.jpg?fit=1000%2C1000&ssl=1&resize=350%2C200 1x, https:\/\/i0.wp.com\/pohjanmaantehtaanmyymala.fi\/wp-content\/uploads\/2021\/08\/senior-HANSA-koivu.jpg?fit=1000%2C1000&ssl=1&resize=525%2C300 1.5x, https:\/\/i0.wp.com\/pohjanmaantehtaanmyymala.fi\/wp-content\/uploads\/2021\/08\/senior-HANSA-koivu.jpg?fit=1000%2C1000&ssl=1&resize=700%2C400 2x"},"classes":[]},{"id":8724,"url":"https:\/\/pohjanmaantehtaanmyymala.fi\/en\/tuote\/delta-ruokaryhma-mode-tuolilla\/","url_meta":{"origin":9498,"position":1},"title":"DELTA\/MODE &#8211; ruokaryhm\u00e4 8 tuolilla","author":"petri","date":"September 14, 2019","format":false,"excerpt":"Iso massiivitamminen Delta-ruokap\u00f6yt\u00e4 8 kokonahkaisella Mode-tuolilla. Pohjanmaan Kalusteen malliston Delta ruokap\u00f6yt\u00e4 on todella tukeva tammesta valmistettu ruokap\u00f6yt\u00e4 joka on viimeistelty \u00f6ljy\u00e4m\u00e4ll\u00e4. Kuvan p\u00f6yd\u00e4n koko on 100x220cm. Mode tuolin kulutuspinnat verhoiltu kest\u00e4v\u00e4ll\u00e4 aidolla Soft Antique-nahalla tuolin jalat ovat \u00f6ljytty\u00e4 tammea. Tuoleja saa tilattua liikkeest\u00e4mme sadoilla eri kankailla ja nahoilla. Delta-P\u00f6yti\u00e4 l\u00f6ytyy\u2026","rel":"","context":"Similar post","block_context":{"text":"Similar post","link":""},"img":{"alt_text":"","src":"https:\/\/i0.wp.com\/pohjanmaantehtaanmyymala.fi\/wp-content\/uploads\/2019\/09\/Delta-ruokapoytaryhma.jpg?fit=960%2C960&ssl=1&resize=350%2C200","width":350,"height":200,"srcset":"https:\/\/i0.wp.com\/pohjanmaantehtaanmyymala.fi\/wp-content\/uploads\/2019\/09\/Delta-ruokapoytaryhma.jpg?fit=960%2C960&ssl=1&resize=350%2C200 1x, https:\/\/i0.wp.com\/pohjanmaantehtaanmyymala.fi\/wp-content\/uploads\/2019\/09\/Delta-ruokapoytaryhma.jpg?fit=960%2C960&ssl=1&resize=525%2C300 1.5x, https:\/\/i0.wp.com\/pohjanmaantehtaanmyymala.fi\/wp-content\/uploads\/2019\/09\/Delta-ruokapoytaryhma.jpg?fit=960%2C960&ssl=1&resize=700%2C400 2x"},"classes":[]},{"id":21661,"url":"https:\/\/pohjanmaantehtaanmyymala.fi\/en\/tuote\/emmi-ruokaryhma-6-tuolilla-musta-tammi\/","url_meta":{"origin":9498,"position":2},"title":"Emmi ruokaryhm\u00e4 6 tuolilla musta\/tammi","author":"Sami Viitala","date":"November 22, 2022","format":false,"excerpt":"Esittelymalliryhm\u00e4 en\u00e4\u00e4 j\u00e4ljell\u00e4! Perinteinen Emmi- ruokailuryhm\u00e4 sis\u00e4lt\u00e4\u00e4 Rustiikki p\u00f6yd\u00e4n 180*90 cm ja 6 kpl Emmi tuolia. Emmi ruokailuryhm\u00e4 on valmistettu koivusta ja tammesta. P\u00f6yd\u00e4n jalkaosat ja tuolien rungot on maalattu mustaksi. Rustiikki p\u00f6yd\u00e4ss\u00e4 on tammikansi, joka on nimens\u00e4 mukaisesti rustiikkinen, eli hieman jo vanhan ja k\u00e4ytetyn n\u00e4k\u00f6inen uutena. Emmi-tuolien istuimissa\u2026","rel":"","context":"Similar post","block_context":{"text":"Similar post","link":""},"img":{"alt_text":"Emmi ruokaryhm\u00e4 160*90 cm musta \/ rustiikkitammi","src":"https:\/\/i0.wp.com\/pohjanmaantehtaanmyymala.fi\/wp-content\/uploads\/2022\/11\/Emmi-ruokaryhma-6tuolilla-musta-tammi.jpg?fit=960%2C960&ssl=1&resize=350%2C200","width":350,"height":200,"srcset":"https:\/\/i0.wp.com\/pohjanmaantehtaanmyymala.fi\/wp-content\/uploads\/2022\/11\/Emmi-ruokaryhma-6tuolilla-musta-tammi.jpg?fit=960%2C960&ssl=1&resize=350%2C200 1x, https:\/\/i0.wp.com\/pohjanmaantehtaanmyymala.fi\/wp-content\/uploads\/2022\/11\/Emmi-ruokaryhma-6tuolilla-musta-tammi.jpg?fit=960%2C960&ssl=1&resize=525%2C300 1.5x, https:\/\/i0.wp.com\/pohjanmaantehtaanmyymala.fi\/wp-content\/uploads\/2022\/11\/Emmi-ruokaryhma-6tuolilla-musta-tammi.jpg?fit=960%2C960&ssl=1&resize=700%2C400 2x"},"classes":[]},{"id":21704,"url":"https:\/\/pohjanmaantehtaanmyymala.fi\/en\/tuote\/emilia-ruokaryhma-4-tuolilla-musta-tammi\/","url_meta":{"origin":9498,"position":3},"title":"Emilia ruokaryhm\u00e4 4 tuolilla musta\/tammi","author":"Sami Viitala","date":"November 22, 2022","format":false,"excerpt":"Perinteinen Emilia- ruokailuryhm\u00e4 sis\u00e4lt\u00e4\u00e4 Rustiikki p\u00f6yd\u00e4n 140*80 cm ja 4 kpl Emilia tuolia. Ruokailuryhm\u00e4 on valmistettu koivusta ja tammesta. P\u00f6yd\u00e4n jalkaosat ja tuolien rungot on maalattu mustaksi. Rustiikki p\u00f6yd\u00e4ss\u00e4 on tammikansi, joka on nimens\u00e4 mukaisesti rustiikkinen, eli hieman jo vanhan ja k\u00e4ytetyn n\u00e4k\u00f6inen uutena. Emilia-tuolien istuimissa on my\u00f6s rustiikkinen tammikansi.\u2026","rel":"","context":"Similar post","block_context":{"text":"Similar post","link":""},"img":{"alt_text":"4 kpl Emilia tuoleja ja Rustiikki ruokap\u00f6yt\u00e4 140x80 cm musta\/rustiikki tammi","src":"https:\/\/i0.wp.com\/pohjanmaantehtaanmyymala.fi\/wp-content\/uploads\/2022\/11\/Emiliai-ruokaryhma-4tuolilla-musta-tammi.jpg?fit=960%2C960&ssl=1&resize=350%2C200","width":350,"height":200,"srcset":"https:\/\/i0.wp.com\/pohjanmaantehtaanmyymala.fi\/wp-content\/uploads\/2022\/11\/Emiliai-ruokaryhma-4tuolilla-musta-tammi.jpg?fit=960%2C960&ssl=1&resize=350%2C200 1x, https:\/\/i0.wp.com\/pohjanmaantehtaanmyymala.fi\/wp-content\/uploads\/2022\/11\/Emiliai-ruokaryhma-4tuolilla-musta-tammi.jpg?fit=960%2C960&ssl=1&resize=525%2C300 1.5x, https:\/\/i0.wp.com\/pohjanmaantehtaanmyymala.fi\/wp-content\/uploads\/2022\/11\/Emiliai-ruokaryhma-4tuolilla-musta-tammi.jpg?fit=960%2C960&ssl=1&resize=700%2C400 2x"},"classes":[]},{"id":21709,"url":"https:\/\/pohjanmaantehtaanmyymala.fi\/en\/tuote\/emilia-ruokaryhma-4-tuolilla-valkoinen-tammi\/","url_meta":{"origin":9498,"position":4},"title":"Emilia ruokaryhm\u00e4 4 tuolilla valkoinen\/tammi","author":"Sami Viitala","date":"November 22, 2022","format":false,"excerpt":"Perinteinen Emilia- ruokailuryhm\u00e4 sis\u00e4lt\u00e4\u00e4 Rustiikki p\u00f6yd\u00e4n 140*80 cm ja 4 kpl Emilia tuolia. Ruokailuryhm\u00e4 on valmistettu koivusta ja tammesta. P\u00f6yd\u00e4n jalkaosat ja tuolien rungot on maalattu valkoiseksi. Rustiikki p\u00f6yd\u00e4ss\u00e4 on tammikansi, joka on nimens\u00e4 mukaisesti rustiikkinen, eli hieman jo vanhan ja k\u00e4ytetyn n\u00e4k\u00f6inen uutena. Emilia-tuolien istuimissa on my\u00f6s rustiikkinen tammikansi.\u2026","rel":"","context":"Similar post","block_context":{"text":"Similar post","link":""},"img":{"alt_text":"4 kpl Emilia tuoleja ja Rustiikki ruokap\u00f6yt\u00e4 140x80 cm valkoinen\/rustiikki tammi","src":"https:\/\/i0.wp.com\/pohjanmaantehtaanmyymala.fi\/wp-content\/uploads\/2022\/11\/Emiliai-ruokaryhma-4tuolilla-valkoinen-tammi.jpg?fit=960%2C960&ssl=1&resize=350%2C200","width":350,"height":200,"srcset":"https:\/\/i0.wp.com\/pohjanmaantehtaanmyymala.fi\/wp-content\/uploads\/2022\/11\/Emiliai-ruokaryhma-4tuolilla-valkoinen-tammi.jpg?fit=960%2C960&ssl=1&resize=350%2C200 1x, https:\/\/i0.wp.com\/pohjanmaantehtaanmyymala.fi\/wp-content\/uploads\/2022\/11\/Emiliai-ruokaryhma-4tuolilla-valkoinen-tammi.jpg?fit=960%2C960&ssl=1&resize=525%2C300 1.5x, https:\/\/i0.wp.com\/pohjanmaantehtaanmyymala.fi\/wp-content\/uploads\/2022\/11\/Emiliai-ruokaryhma-4tuolilla-valkoinen-tammi.jpg?fit=960%2C960&ssl=1&resize=700%2C400 2x"},"classes":[]},{"id":9408,"url":"https:\/\/pohjanmaantehtaanmyymala.fi\/en\/tuote\/mode-hupputuoli-musta\/","url_meta":{"origin":9498,"position":5},"title":"MODE &#8211; hupputuoli kokonahka","author":"petri","date":"September 14, 2019","format":false,"excerpt":"Laaduka kest\u00e4v\u00e4ll\u00e4 Labrador -nahkalla verhoiltu ruokap\u00f6yd\u00e4n tuoli.","rel":"","context":"Similar post","block_context":{"text":"Similar post","link":""},"img":{"alt_text":"","src":"https:\/\/i0.wp.com\/pohjanmaantehtaanmyymala.fi\/wp-content\/uploads\/2019\/06\/Mode-tuoli-takakahvalla-oljytty-tammi-Labrador06NK-2.jpg?fit=960%2C960&ssl=1&resize=350%2C200","width":350,"height":200,"srcset":"https:\/\/i0.wp.com\/pohjanmaantehtaanmyymala.fi\/wp-content\/uploads\/2019\/06\/Mode-tuoli-takakahvalla-oljytty-tammi-Labrador06NK-2.jpg?fit=960%2C960&ssl=1&resize=350%2C200 1x, https:\/\/i0.wp.com\/pohjanmaantehtaanmyymala.fi\/wp-content\/uploads\/2019\/06\/Mode-tuoli-takakahvalla-oljytty-tammi-Labrador06NK-2.jpg?fit=960%2C960&ssl=1&resize=525%2C300 1.5x, https:\/\/i0.wp.com\/pohjanmaantehtaanmyymala.fi\/wp-content\/uploads\/2019\/06\/Mode-tuoli-takakahvalla-oljytty-tammi-Labrador06NK-2.jpg?fit=960%2C960&ssl=1&resize=700%2C400 2x"},"classes":[]}],"_links":{"self":[{"href":"https:\/\/pohjanmaantehtaanmyymala.fi\/en\/wp-json\/wp\/v2\/product\/9498","targetHints":{"allow":["GET"]}}],"collection":[{"href":"https:\/\/pohjanmaantehtaanmyymala.fi\/en\/wp-json\/wp\/v2\/product"}],"about":[{"href":"https:\/\/pohjanmaantehtaanmyymala.fi\/en\/wp-json\/wp\/v2\/types\/product"}],"replies":[{"embeddable":true,"href":"https:\/\/pohjanmaantehtaanmyymala.fi\/en\/wp-json\/wp\/v2\/comments?post=9498"}],"wp:featuredmedia":[{"embeddable":true,"href":"https:\/\/pohjanmaantehtaanmyymala.fi\/en\/wp-json\/wp\/v2\/media\/9499"}],"wp:attachment":[{"href":"https:\/\/pohjanmaantehtaanmyymala.fi\/en\/wp-json\/wp\/v2\/media?parent=9498"}],"wp:term":[{"taxonomy":"product_brand","embeddable":true,"href":"https:\/\/pohjanmaantehtaanmyymala.fi\/en\/wp-json\/wp\/v2\/product_brand?post=9498"},{"taxonomy":"product_cat","embeddable":true,"href":"https:\/\/pohjanmaantehtaanmyymala.fi\/en\/wp-json\/wp\/v2\/product_cat?post=9498"},{"taxonomy":"product_tag","embeddable":true,"href":"https:\/\/pohjanmaantehtaanmyymala.fi\/en\/wp-json\/wp\/v2\/product_tag?post=9498"}],"curies":[{"name":"wp","href":"https:\/\/api.w.org\/{rel}","templated":true}]}}