{"id":9491,"date":"2019-09-14T09:40:32","date_gmt":"2019-09-14T07:40:32","guid":{"rendered":""},"modified":"2023-08-31T15:21:59","modified_gmt":"2023-08-31T13:21:59","slug":"probuilder-terashylly-5-hyllya","status":"publish","type":"product","link":"https:\/\/pohjanmaantehtaanmyymala.fi\/en\/tuote\/probuilder-terashylly-5-hyllya\/","title":{"rendered":"PROBUILDER &#8211; Ter\u00e4shylly 5 hylly\u00e4"},"content":{"rendered":"<p>Probuilder 5-hyllyn varastohylly.<\/p>\n<p>Yhden hyllyn kantokyky 175kg<\/p>\n<p>Runko:Harmaaksi maalattua ter\u00e4st\u00e4 hyllylevyt 5mm MDF levy\u00e4.<br \/>\ntoimitetaan osina paketissa<\/p>\n","protected":false},"excerpt":{"rendered":"<p>Probuilder 5-hyllyn varastohylly. Yhden hyllyn kantokyky 175kg Runko:Harmaaksi maalattua ter\u00e4st\u00e4 hyllylevyt 5mm MDF levy\u00e4. toimitetaan osina paketissa<\/p>\n","protected":false},"featured_media":9492,"comment_status":"closed","ping_status":"closed","template":"","meta":{"_acf_changed":false,"jetpack_post_was_ever_published":false,"jetpack_publicize_message":"","jetpack_publicize_feature_enabled":true,"jetpack_social_post_already_shared":false,"jetpack_social_options":{"image_generator_settings":{"template":"highway","default_image_id":0,"font":"","enabled":false},"version":2}},"product_brand":[187],"product_cat":[197],"product_tag":[],"class_list":{"0":"post-9491","1":"product","2":"type-product","3":"status-publish","4":"has-post-thumbnail","6":"product_brand-schou","7":"product_cat-toimistokalusteet","8":"product_shipping_class-161","10":"first","11":"outofstock","12":"sale","13":"purchasable","14":"product-type-simple"},"acf":[],"jetpack_publicize_connections":[],"jetpack_sharing_enabled":true,"jetpack-related-posts":[{"id":10656,"url":"https:\/\/pohjanmaantehtaanmyymala.fi\/en\/tuote\/taiga-tv-taso-korkea-3-hyllya-kirkas-lasi-6-laatikkoa-201cm-4-5\/","url_meta":{"origin":9491,"position":0},"title":"TAIGA 4.5 korkea TV-taso 6 lasilaatikkoa 201cm","author":"petri","date":"September 14, 2019","format":false,"excerpt":"Kotimainen Taiga-tv-taso sopii mainiosti kodin s\u00e4lilytysratkaisuksi. Laatikossa on kest\u00e4v\u00e4t ja helppok\u00e4ytt\u00f6iset push-to-open mekanismit. Kaapeissa yksi hyllylevy. Tasossa on kuusi laatikkoa, joista ylimmiss\u00e4 kolmessa laatikossa on kirkkaat lasit. Taiga Tv-tason v\u00e4rivaihtoehdot ovat valkoinen ja hopajalava\/valkoinen. Hiipakan valmistama Taiga-taso toimitetaan muuten valmiiksi koottuna, paitsi jalat ovat irrallaan. Purat vain paketista, kiinnit\u00e4t jalat\u2026","rel":"","context":"Similar post","block_context":{"text":"Similar post","link":""},"img":{"alt_text":"Hiipakka taiga taso valkoinen hopeajalava","src":"https:\/\/i0.wp.com\/pohjanmaantehtaanmyymala.fi\/wp-content\/uploads\/2019\/09\/Taiga-taso-00185124.jpg?fit=1200%2C1200&ssl=1&resize=350%2C200","width":350,"height":200,"srcset":"https:\/\/i0.wp.com\/pohjanmaantehtaanmyymala.fi\/wp-content\/uploads\/2019\/09\/Taiga-taso-00185124.jpg?fit=1200%2C1200&ssl=1&resize=350%2C200 1x, https:\/\/i0.wp.com\/pohjanmaantehtaanmyymala.fi\/wp-content\/uploads\/2019\/09\/Taiga-taso-00185124.jpg?fit=1200%2C1200&ssl=1&resize=525%2C300 1.5x, https:\/\/i0.wp.com\/pohjanmaantehtaanmyymala.fi\/wp-content\/uploads\/2019\/09\/Taiga-taso-00185124.jpg?fit=1200%2C1200&ssl=1&resize=700%2C400 2x, https:\/\/i0.wp.com\/pohjanmaantehtaanmyymala.fi\/wp-content\/uploads\/2019\/09\/Taiga-taso-00185124.jpg?fit=1200%2C1200&ssl=1&resize=1050%2C600 3x"},"classes":[]},{"id":10637,"url":"https:\/\/pohjanmaantehtaanmyymala.fi\/en\/tuote\/taiga-taso-2-hyllya-kirkas-lasi-2-laatikkoa-134cm-2-5\/","url_meta":{"origin":9491,"position":1},"title":"TAIGA 2.5 TV-Taso laatikot ja kirkkaat lasit","author":"petri","date":"September 14, 2019","format":false,"excerpt":"Kevytlinjainen,134 cm leve\u00e4 Taiga tv-taso laatikoilla.","rel":"","context":"Similar post","block_context":{"text":"Similar post","link":""},"img":{"alt_text":"Taiga taso 2.5 laatikoilla joissa on laitetilan peitt\u00e4v\u00e4t kirkkaat lasit","src":"https:\/\/i0.wp.com\/pohjanmaantehtaanmyymala.fi\/wp-content\/uploads\/2019\/09\/Taiga25valkoinen.jpg?fit=960%2C960&ssl=1&resize=350%2C200","width":350,"height":200,"srcset":"https:\/\/i0.wp.com\/pohjanmaantehtaanmyymala.fi\/wp-content\/uploads\/2019\/09\/Taiga25valkoinen.jpg?fit=960%2C960&ssl=1&resize=350%2C200 1x, https:\/\/i0.wp.com\/pohjanmaantehtaanmyymala.fi\/wp-content\/uploads\/2019\/09\/Taiga25valkoinen.jpg?fit=960%2C960&ssl=1&resize=525%2C300 1.5x, https:\/\/i0.wp.com\/pohjanmaantehtaanmyymala.fi\/wp-content\/uploads\/2019\/09\/Taiga25valkoinen.jpg?fit=960%2C960&ssl=1&resize=700%2C400 2x"},"classes":[]},{"id":10660,"url":"https:\/\/pohjanmaantehtaanmyymala.fi\/en\/tuote\/taiga-tv-taso-matala-3-hyllya-3-laatikkoa-201cm-3-4\/","url_meta":{"origin":9491,"position":2},"title":"TAIGA leve\u00e4 TV-taso 3 laatikkoa 201cm","author":"petri","date":"September 14, 2019","format":false,"excerpt":"Taiga tv-Taso kolmella laatikolla ja avo-osilla\/hyllyill\u00e4. Laatikoissa laadukkaat push open mekanismit. V\u00e4rivaihtoehdot: valkoinen ja hopeajalava\/valkoinen. Maalatut massiivipuiset jalat ovat 18 cm korkeat. Toimitetaan valmiiksi kasattuna! Mitat: L 201 cm K 61 cm S 45 cm","rel":"","context":"Similar post","block_context":{"text":"Similar post","link":""},"img":{"alt_text":"Taiga tv-taso 3 laatikolla hopeajalava - valkoinen","src":"https:\/\/i0.wp.com\/pohjanmaantehtaanmyymala.fi\/wp-content\/uploads\/2019\/09\/Taiga-taso-00185091.jpg?fit=1200%2C1200&ssl=1&resize=350%2C200","width":350,"height":200,"srcset":"https:\/\/i0.wp.com\/pohjanmaantehtaanmyymala.fi\/wp-content\/uploads\/2019\/09\/Taiga-taso-00185091.jpg?fit=1200%2C1200&ssl=1&resize=350%2C200 1x, https:\/\/i0.wp.com\/pohjanmaantehtaanmyymala.fi\/wp-content\/uploads\/2019\/09\/Taiga-taso-00185091.jpg?fit=1200%2C1200&ssl=1&resize=525%2C300 1.5x, https:\/\/i0.wp.com\/pohjanmaantehtaanmyymala.fi\/wp-content\/uploads\/2019\/09\/Taiga-taso-00185091.jpg?fit=1200%2C1200&ssl=1&resize=700%2C400 2x, https:\/\/i0.wp.com\/pohjanmaantehtaanmyymala.fi\/wp-content\/uploads\/2019\/09\/Taiga-taso-00185091.jpg?fit=1200%2C1200&ssl=1&resize=1050%2C600 3x"},"classes":[]},{"id":23639,"url":"https:\/\/pohjanmaantehtaanmyymala.fi\/en\/tuote\/house-nordic-rotterdam-seinahylly\/","url_meta":{"origin":9491,"position":3},"title":"House Nordic Rotterdam sein\u00e4hylly","author":"Sami Viitala","date":"September 22, 2023","format":false,"excerpt":"Trendik\u00e4s py\u00f6re\u00e4 sein\u00e4hylly kolmella hyllyll\u00e4.","rel":"","context":"Similar post","block_context":{"text":"Similar post","link":""},"img":{"alt_text":"Rotterdam py\u00f6re\u00e4 sein\u00e4hylly mustalla metallirungolla 3 puun v\u00e4rist\u00e4 hylly\u00e4","src":"https:\/\/i0.wp.com\/pohjanmaantehtaanmyymala.fi\/wp-content\/uploads\/2023\/09\/House_Nordic_Rotterdam_hylly.jpg?fit=960%2C960&ssl=1&resize=350%2C200","width":350,"height":200,"srcset":"https:\/\/i0.wp.com\/pohjanmaantehtaanmyymala.fi\/wp-content\/uploads\/2023\/09\/House_Nordic_Rotterdam_hylly.jpg?fit=960%2C960&ssl=1&resize=350%2C200 1x, https:\/\/i0.wp.com\/pohjanmaantehtaanmyymala.fi\/wp-content\/uploads\/2023\/09\/House_Nordic_Rotterdam_hylly.jpg?fit=960%2C960&ssl=1&resize=525%2C300 1.5x, https:\/\/i0.wp.com\/pohjanmaantehtaanmyymala.fi\/wp-content\/uploads\/2023\/09\/House_Nordic_Rotterdam_hylly.jpg?fit=960%2C960&ssl=1&resize=700%2C400 2x"},"classes":[]},{"id":10550,"url":"https:\/\/pohjanmaantehtaanmyymala.fi\/en\/tuote\/anton-lipasto-etsatulla-lasiovella-3-hyllya-50cm-a1-4\/","url_meta":{"origin":9491,"position":4},"title":"ANTON A1.4 kaappi etsatulla lasiovella","author":"petri","date":"September 14, 2019","format":false,"excerpt":"Hiipakka Anton Lipastokaappi maitolasiovella, joka aukee laadukkaalla push open mekanismilla. Kaapin sis\u00e4ll\u00e4 on kaksi hylly\u00e4. Rungon v\u00e4ri on aina valkoinen, kannen v\u00e4riksi voi valita valkoisen, tammen tai saarnin. Anton tuotesarja on suunniteltu ja valmistettu Hiipakan Tehtailla Suomessa. Anton- lasivitriini sopii erinomaisesti skandinaaviseen sisustukseen. Anton-sarjaan on saatavana my\u00f6s puujalat sokkelin tilalle,\u2026","rel":"","context":"Similar post","block_context":{"text":"Similar post","link":""},"img":{"alt_text":"Anton 1.4 kaappi etsatulla lasiovella","src":"https:\/\/i0.wp.com\/pohjanmaantehtaanmyymala.fi\/wp-content\/uploads\/2019\/09\/Anton-A14-00161103-2.jpg?fit=960%2C960&ssl=1&resize=350%2C200","width":350,"height":200,"srcset":"https:\/\/i0.wp.com\/pohjanmaantehtaanmyymala.fi\/wp-content\/uploads\/2019\/09\/Anton-A14-00161103-2.jpg?fit=960%2C960&ssl=1&resize=350%2C200 1x, https:\/\/i0.wp.com\/pohjanmaantehtaanmyymala.fi\/wp-content\/uploads\/2019\/09\/Anton-A14-00161103-2.jpg?fit=960%2C960&ssl=1&resize=525%2C300 1.5x, https:\/\/i0.wp.com\/pohjanmaantehtaanmyymala.fi\/wp-content\/uploads\/2019\/09\/Anton-A14-00161103-2.jpg?fit=960%2C960&ssl=1&resize=700%2C400 2x"},"classes":[]},{"id":10767,"url":"https:\/\/pohjanmaantehtaanmyymala.fi\/en\/tuote\/gustav-lipasto-umpiovilla-120\/","url_meta":{"origin":9491,"position":5},"title":"GUSTAV Lipasto umpiovilla 120","author":"petri","date":"September 14, 2019","format":false,"excerpt":"Kotimainen Gustav lipasto umpiovilla sopii romanttiseen sisustukseen. Lipastossa ovat liukuovet ja laatikot, jotka pit\u00e4v\u00e4t kodin tavarat ja muut esineet katseilta suojassa, mutta helposti k\u00e4den ulottuvilla. Lipasto voidaan sijoittaa kapeallekin k\u00e4yt\u00e4v\u00e4lle, sill\u00e4 liukuovien aukeamiseen ei tarvita ylim\u00e4\u00e4r\u00e4ist\u00e4 tilaa. Lipaston runko, hyllyt ja laatikostot on valmistettu maalatusta valkoisesta mdf-levyst\u00e4. Koristelistat ovat massiivipuuta.\u2026","rel":"","context":"Similar post","block_context":{"text":"Similar post","link":""},"img":{"alt_text":"","src":"https:\/\/i0.wp.com\/pohjanmaantehtaanmyymala.fi\/wp-content\/uploads\/2019\/09\/Gustav_y07-0354_Lipasto.jpg?fit=960%2C960&ssl=1&resize=350%2C200","width":350,"height":200,"srcset":"https:\/\/i0.wp.com\/pohjanmaantehtaanmyymala.fi\/wp-content\/uploads\/2019\/09\/Gustav_y07-0354_Lipasto.jpg?fit=960%2C960&ssl=1&resize=350%2C200 1x, https:\/\/i0.wp.com\/pohjanmaantehtaanmyymala.fi\/wp-content\/uploads\/2019\/09\/Gustav_y07-0354_Lipasto.jpg?fit=960%2C960&ssl=1&resize=525%2C300 1.5x, https:\/\/i0.wp.com\/pohjanmaantehtaanmyymala.fi\/wp-content\/uploads\/2019\/09\/Gustav_y07-0354_Lipasto.jpg?fit=960%2C960&ssl=1&resize=700%2C400 2x"},"classes":[]}],"_links":{"self":[{"href":"https:\/\/pohjanmaantehtaanmyymala.fi\/en\/wp-json\/wp\/v2\/product\/9491","targetHints":{"allow":["GET"]}}],"collection":[{"href":"https:\/\/pohjanmaantehtaanmyymala.fi\/en\/wp-json\/wp\/v2\/product"}],"about":[{"href":"https:\/\/pohjanmaantehtaanmyymala.fi\/en\/wp-json\/wp\/v2\/types\/product"}],"replies":[{"embeddable":true,"href":"https:\/\/pohjanmaantehtaanmyymala.fi\/en\/wp-json\/wp\/v2\/comments?post=9491"}],"wp:featuredmedia":[{"embeddable":true,"href":"https:\/\/pohjanmaantehtaanmyymala.fi\/en\/wp-json\/wp\/v2\/media\/9492"}],"wp:attachment":[{"href":"https:\/\/pohjanmaantehtaanmyymala.fi\/en\/wp-json\/wp\/v2\/media?parent=9491"}],"wp:term":[{"taxonomy":"product_brand","embeddable":true,"href":"https:\/\/pohjanmaantehtaanmyymala.fi\/en\/wp-json\/wp\/v2\/product_brand?post=9491"},{"taxonomy":"product_cat","embeddable":true,"href":"https:\/\/pohjanmaantehtaanmyymala.fi\/en\/wp-json\/wp\/v2\/product_cat?post=9491"},{"taxonomy":"product_tag","embeddable":true,"href":"https:\/\/pohjanmaantehtaanmyymala.fi\/en\/wp-json\/wp\/v2\/product_tag?post=9491"}],"curies":[{"name":"wp","href":"https:\/\/api.w.org\/{rel}","templated":true}]}}