{"id":9483,"date":"2019-09-14T09:40:26","date_gmt":"2019-09-14T07:40:26","guid":{"rendered":""},"modified":"2024-12-14T12:11:45","modified_gmt":"2024-12-14T10:11:45","slug":"zoom-ruokapoyta","status":"publish","type":"product","link":"https:\/\/pohjanmaantehtaanmyymala.fi\/en\/tuote\/zoom-ruokapoyta\/","title":{"rendered":"ZOOM &#8211; ruokap\u00f6yt\u00e4 180&#215;95 cm valkoinen"},"content":{"rendered":"<p>Pohjanmaan Kalusteen valmistava tyylik\u00e4s ja jykev\u00e4 Zoom-ruokap\u00f6yt\u00e4. Zoom -p\u00f6yd\u00e4n kanssa sopii yhteen monenlaiset keitt\u00f6n tuolit. Tuolit myyd\u00e4\u00e4n erikseen. P\u00f6yt\u00e4\u00e4n on saatavilla my\u00f6s kannen pintaa suojaava lasikansi p\u00f6yd\u00e4n mukana tilattuna hintaan 160 \u20ac.<\/p>\n<p>Saatavilla my\u00f6s koot:<br \/>\n140&#215;90 cm<br \/>\n200&#215;100 cm<br \/>\n220&#215;100 cm<\/p>\n<p>Lasikannet voidaan toimittaa my\u00f6s erikseen.<\/p>\n<p>Muut v\u00e4rivaihtoehdot ovat mustaksi petsattu tammiviilu ja lakattu tammiviilu. <a href=\"https:\/\/pohjanmaantehtaanmyymala.fi\/yhteys\/\">Kysy hintat<\/a><a href=\"https:\/\/pohjanmaantehtaanmyymala.fi\/yhteys\/\">ietoja myynist\u00e4mme!<\/a><\/p>\n<p>Muita Pohjanmaan Kalusteen valmistamia ruokap\u00f6yti\u00e4 voit k\u00e4yd\u00e4 katsomassa my\u00f6s <a href=\"https:\/\/www.pohjanmaan.fi\/fi\/products?catalog=2\" target=\"_blank\" rel=\"noopener\">Pohjanmaan.fi verkkosivuilta.<\/a><\/p>\n<h3>Tuotetiedot:<\/h3>\n<p>Materiaalina laadukas MDF-levy joka on maalattu tai massiivitammi.<br \/>\nP\u00f6yd\u00e4n rakenne eritt\u00e4in kest\u00e4v\u00e4 ja laadukas.<br \/>\nKansiosan paksuus 9 cm jalat 9&#215;9 cm.<\/p>\n<p>P\u00f6yt\u00e4 toimitetaan jalat irrallaan.<\/p>\n","protected":false},"excerpt":{"rendered":"<p>Suoralinjainen ja massiivinen ruokap\u00f6yt\u00e4 moderniin sisustukseen.<\/p>\n","protected":false},"featured_media":9484,"comment_status":"closed","ping_status":"closed","template":"","meta":{"_acf_changed":false,"jetpack_post_was_ever_published":false,"jetpack_publicize_message":"","jetpack_publicize_feature_enabled":true,"jetpack_social_post_already_shared":false,"jetpack_social_options":{"image_generator_settings":{"template":"highway","default_image_id":0,"font":"","enabled":false},"version":2}},"product_brand":[270],"product_cat":[194],"product_tag":[],"class_list":{"0":"post-9483","1":"product","2":"type-product","3":"status-publish","4":"has-post-thumbnail","6":"product_brand-pohjanmaan","7":"product_cat-ruokapoydat-ja-tuolit","8":"product_shipping_class-161","10":"first","11":"instock","12":"sale","13":"purchasable","14":"product-type-simple"},"acf":[],"jetpack_publicize_connections":[],"jetpack_sharing_enabled":true,"jetpack-related-posts":[{"id":13112,"url":"https:\/\/pohjanmaantehtaanmyymala.fi\/en\/tuote\/zoom-ruokapoyta-200x100-cm\/","url_meta":{"origin":9483,"position":0},"title":"ZOOM ruokap\u00f6yt\u00e4 200&#215;100 cm viilutettu","author":"Sami Viitala","date":"September 18, 2020","format":false,"excerpt":"Suoralinjainen ja massiivinen ruokap\u00f6yt\u00e4 moderniin sisustukseen.","rel":"","context":"Similar post","block_context":{"text":"Similar post","link":""},"img":{"alt_text":"Zoom 100x200 ruokap\u00f6yt\u00e4 kuura tuoli musta","src":"https:\/\/i0.wp.com\/pohjanmaantehtaanmyymala.fi\/wp-content\/uploads\/2020\/09\/Zoom-100x200-poyta-kuura-tuoli-musta.jpg?fit=1200%2C1200&ssl=1&resize=350%2C200","width":350,"height":200,"srcset":"https:\/\/i0.wp.com\/pohjanmaantehtaanmyymala.fi\/wp-content\/uploads\/2020\/09\/Zoom-100x200-poyta-kuura-tuoli-musta.jpg?fit=1200%2C1200&ssl=1&resize=350%2C200 1x, https:\/\/i0.wp.com\/pohjanmaantehtaanmyymala.fi\/wp-content\/uploads\/2020\/09\/Zoom-100x200-poyta-kuura-tuoli-musta.jpg?fit=1200%2C1200&ssl=1&resize=525%2C300 1.5x, https:\/\/i0.wp.com\/pohjanmaantehtaanmyymala.fi\/wp-content\/uploads\/2020\/09\/Zoom-100x200-poyta-kuura-tuoli-musta.jpg?fit=1200%2C1200&ssl=1&resize=700%2C400 2x, https:\/\/i0.wp.com\/pohjanmaantehtaanmyymala.fi\/wp-content\/uploads\/2020\/09\/Zoom-100x200-poyta-kuura-tuoli-musta.jpg?fit=1200%2C1200&ssl=1&resize=1050%2C600 3x"},"classes":[]},{"id":13123,"url":"https:\/\/pohjanmaantehtaanmyymala.fi\/en\/tuote\/zoom-ruokapoyta-200x100-cm-valkoinen\/","url_meta":{"origin":9483,"position":1},"title":"ZOOM &#8211; ruokap\u00f6yt\u00e4 200&#215;100 cm valkoinen","author":"Sami Viitala","date":"September 18, 2020","format":false,"excerpt":"Suoralinjainen ja massiivinen ruokap\u00f6yt\u00e4 moderniin sisustukseen.","rel":"","context":"Similar post","block_context":{"text":"Similar post","link":""},"img":{"alt_text":"Zoom ruokap\u00f6yt\u00e4 kuura tuoli","src":"https:\/\/i0.wp.com\/pohjanmaantehtaanmyymala.fi\/wp-content\/uploads\/2020\/09\/Zoom-poyta-kuura-tuoli.jpg?fit=1200%2C1200&ssl=1&resize=350%2C200","width":350,"height":200,"srcset":"https:\/\/i0.wp.com\/pohjanmaantehtaanmyymala.fi\/wp-content\/uploads\/2020\/09\/Zoom-poyta-kuura-tuoli.jpg?fit=1200%2C1200&ssl=1&resize=350%2C200 1x, https:\/\/i0.wp.com\/pohjanmaantehtaanmyymala.fi\/wp-content\/uploads\/2020\/09\/Zoom-poyta-kuura-tuoli.jpg?fit=1200%2C1200&ssl=1&resize=525%2C300 1.5x, https:\/\/i0.wp.com\/pohjanmaantehtaanmyymala.fi\/wp-content\/uploads\/2020\/09\/Zoom-poyta-kuura-tuoli.jpg?fit=1200%2C1200&ssl=1&resize=700%2C400 2x, https:\/\/i0.wp.com\/pohjanmaantehtaanmyymala.fi\/wp-content\/uploads\/2020\/09\/Zoom-poyta-kuura-tuoli.jpg?fit=1200%2C1200&ssl=1&resize=1050%2C600 3x"},"classes":[]},{"id":28704,"url":"https:\/\/pohjanmaantehtaanmyymala.fi\/en\/tuote\/zoom-ruokapoyta-220x100-cm-valkoinen\/","url_meta":{"origin":9483,"position":2},"title":"ZOOM &#8211; ruokap\u00f6yt\u00e4 220&#215;100 cm valkoinen","author":"Sami Viitala","date":"September 22, 2025","format":false,"excerpt":"Suoralinjainen ruokap\u00f6yt\u00e4 moderniin sisustukseen.","rel":"","context":"Similar post","block_context":{"text":"Similar post","link":""},"img":{"alt_text":"Zoom ruokap\u00f6yt\u00e4 valkoinen Kuura tuoleilla barcelona 90 verhoilulla","src":"https:\/\/i0.wp.com\/pohjanmaantehtaanmyymala.fi\/wp-content\/uploads\/2025\/09\/Zoom-95x180-White-Glass-6Zoom-Barcelona90.jpg?fit=960%2C960&ssl=1&resize=350%2C200","width":350,"height":200,"srcset":"https:\/\/i0.wp.com\/pohjanmaantehtaanmyymala.fi\/wp-content\/uploads\/2025\/09\/Zoom-95x180-White-Glass-6Zoom-Barcelona90.jpg?fit=960%2C960&ssl=1&resize=350%2C200 1x, https:\/\/i0.wp.com\/pohjanmaantehtaanmyymala.fi\/wp-content\/uploads\/2025\/09\/Zoom-95x180-White-Glass-6Zoom-Barcelona90.jpg?fit=960%2C960&ssl=1&resize=525%2C300 1.5x, https:\/\/i0.wp.com\/pohjanmaantehtaanmyymala.fi\/wp-content\/uploads\/2025\/09\/Zoom-95x180-White-Glass-6Zoom-Barcelona90.jpg?fit=960%2C960&ssl=1&resize=700%2C400 2x"},"classes":[]},{"id":13144,"url":"https:\/\/pohjanmaantehtaanmyymala.fi\/en\/tuote\/zoom-sohvapoyta-105x105-cm-tammiviilu-ja-valkoinen-poistomalli\/","url_meta":{"origin":9483,"position":3},"title":"ZOOM &#8211; sohvap\u00f6yt\u00e4 105&#215;105 cm (poistomalli)","author":"Sami Viitala","date":"September 18, 2020","format":false,"excerpt":"Myynniss\u00e4 tehtaan koko loppuvarasto poistohintaan. Tuotteita on rajoitetut er\u00e4t saatavilla. Tammiviilutetut lakattu sek\u00e4 musta ja valkoinen.","rel":"","context":"Similar post","block_context":{"text":"Similar post","link":""},"img":{"alt_text":"Zoom sohvap\u00f6yt\u00e4 105x105 milj\u00f6\u00f6","src":"https:\/\/i0.wp.com\/pohjanmaantehtaanmyymala.fi\/wp-content\/uploads\/2020\/09\/Zoom-sohvapoyta-105x105-miljoo.jpg?fit=1200%2C1200&ssl=1&resize=350%2C200","width":350,"height":200,"srcset":"https:\/\/i0.wp.com\/pohjanmaantehtaanmyymala.fi\/wp-content\/uploads\/2020\/09\/Zoom-sohvapoyta-105x105-miljoo.jpg?fit=1200%2C1200&ssl=1&resize=350%2C200 1x, https:\/\/i0.wp.com\/pohjanmaantehtaanmyymala.fi\/wp-content\/uploads\/2020\/09\/Zoom-sohvapoyta-105x105-miljoo.jpg?fit=1200%2C1200&ssl=1&resize=525%2C300 1.5x, https:\/\/i0.wp.com\/pohjanmaantehtaanmyymala.fi\/wp-content\/uploads\/2020\/09\/Zoom-sohvapoyta-105x105-miljoo.jpg?fit=1200%2C1200&ssl=1&resize=700%2C400 2x, https:\/\/i0.wp.com\/pohjanmaantehtaanmyymala.fi\/wp-content\/uploads\/2020\/09\/Zoom-sohvapoyta-105x105-miljoo.jpg?fit=1200%2C1200&ssl=1&resize=1050%2C600 3x"},"classes":[]},{"id":13173,"url":"https:\/\/pohjanmaantehtaanmyymala.fi\/en\/tuote\/zoom-sohvapoyta-105x105-cm-poistomalli\/","url_meta":{"origin":9483,"position":4},"title":"ZOOM &#8211; sohvap\u00f6yt\u00e4 105&#215;105 cm (poistomalli)","author":"Sami Viitala","date":"September 18, 2020","format":false,"excerpt":"Koivuviilutetut Zoom-p\u00f6yd\u00e4t, valitse v\u00e4ri alta! Tuotteita on rajoitetut er\u00e4t saatavilla.","rel":"","context":"Similar post","block_context":{"text":"Similar post","link":""},"img":{"alt_text":"Zoom sohvap\u00f6yt\u00e4 105x105 p\u00e4hkin\u00e4","src":"https:\/\/i0.wp.com\/pohjanmaantehtaanmyymala.fi\/wp-content\/uploads\/2020\/09\/Zoom-sohvapoyta-105x105-pahkina.jpg?fit=1200%2C1200&ssl=1&resize=350%2C200","width":350,"height":200,"srcset":"https:\/\/i0.wp.com\/pohjanmaantehtaanmyymala.fi\/wp-content\/uploads\/2020\/09\/Zoom-sohvapoyta-105x105-pahkina.jpg?fit=1200%2C1200&ssl=1&resize=350%2C200 1x, https:\/\/i0.wp.com\/pohjanmaantehtaanmyymala.fi\/wp-content\/uploads\/2020\/09\/Zoom-sohvapoyta-105x105-pahkina.jpg?fit=1200%2C1200&ssl=1&resize=525%2C300 1.5x, https:\/\/i0.wp.com\/pohjanmaantehtaanmyymala.fi\/wp-content\/uploads\/2020\/09\/Zoom-sohvapoyta-105x105-pahkina.jpg?fit=1200%2C1200&ssl=1&resize=700%2C400 2x, https:\/\/i0.wp.com\/pohjanmaantehtaanmyymala.fi\/wp-content\/uploads\/2020\/09\/Zoom-sohvapoyta-105x105-pahkina.jpg?fit=1200%2C1200&ssl=1&resize=1050%2C600 3x"},"classes":[]},{"id":18606,"url":"https:\/\/pohjanmaantehtaanmyymala.fi\/en\/tuote\/ohio-lankkupoyta-240-cm\/","url_meta":{"origin":9483,"position":5},"title":"Ohio &#8211; lankkup\u00f6yt\u00e4 240&#215;95 cm","author":"Sami Viitala","date":"October 29, 2021","format":false,"excerpt":"N\u00e4ytt\u00e4v\u00e4 ruokap\u00f6yt\u00e4 metallijaloilla.","rel":"","context":"Similar post","block_context":{"text":"Similar post","link":""},"img":{"alt_text":"Ohio-lankkup\u00f6yt\u00e4 valkolakattu tammi mustilla jaloilla","src":"https:\/\/i0.wp.com\/pohjanmaantehtaanmyymala.fi\/wp-content\/uploads\/2021\/10\/Pohjanmaan_Ohio-lankkupoyta-240.jpg?fit=960%2C960&ssl=1&resize=350%2C200","width":350,"height":200,"srcset":"https:\/\/i0.wp.com\/pohjanmaantehtaanmyymala.fi\/wp-content\/uploads\/2021\/10\/Pohjanmaan_Ohio-lankkupoyta-240.jpg?fit=960%2C960&ssl=1&resize=350%2C200 1x, https:\/\/i0.wp.com\/pohjanmaantehtaanmyymala.fi\/wp-content\/uploads\/2021\/10\/Pohjanmaan_Ohio-lankkupoyta-240.jpg?fit=960%2C960&ssl=1&resize=525%2C300 1.5x, https:\/\/i0.wp.com\/pohjanmaantehtaanmyymala.fi\/wp-content\/uploads\/2021\/10\/Pohjanmaan_Ohio-lankkupoyta-240.jpg?fit=960%2C960&ssl=1&resize=700%2C400 2x"},"classes":[]}],"_links":{"self":[{"href":"https:\/\/pohjanmaantehtaanmyymala.fi\/en\/wp-json\/wp\/v2\/product\/9483","targetHints":{"allow":["GET"]}}],"collection":[{"href":"https:\/\/pohjanmaantehtaanmyymala.fi\/en\/wp-json\/wp\/v2\/product"}],"about":[{"href":"https:\/\/pohjanmaantehtaanmyymala.fi\/en\/wp-json\/wp\/v2\/types\/product"}],"replies":[{"embeddable":true,"href":"https:\/\/pohjanmaantehtaanmyymala.fi\/en\/wp-json\/wp\/v2\/comments?post=9483"}],"wp:featuredmedia":[{"embeddable":true,"href":"https:\/\/pohjanmaantehtaanmyymala.fi\/en\/wp-json\/wp\/v2\/media\/9484"}],"wp:attachment":[{"href":"https:\/\/pohjanmaantehtaanmyymala.fi\/en\/wp-json\/wp\/v2\/media?parent=9483"}],"wp:term":[{"taxonomy":"product_brand","embeddable":true,"href":"https:\/\/pohjanmaantehtaanmyymala.fi\/en\/wp-json\/wp\/v2\/product_brand?post=9483"},{"taxonomy":"product_cat","embeddable":true,"href":"https:\/\/pohjanmaantehtaanmyymala.fi\/en\/wp-json\/wp\/v2\/product_cat?post=9483"},{"taxonomy":"product_tag","embeddable":true,"href":"https:\/\/pohjanmaantehtaanmyymala.fi\/en\/wp-json\/wp\/v2\/product_tag?post=9483"}],"curies":[{"name":"wp","href":"https:\/\/api.w.org\/{rel}","templated":true}]}}