{"id":9480,"date":"2019-09-14T09:40:24","date_gmt":"2019-09-14T07:40:24","guid":{"rendered":""},"modified":"2024-05-03T08:43:24","modified_gmt":"2024-05-03T06:43:24","slug":"uno-nojatuoli","status":"publish","type":"product","link":"https:\/\/pohjanmaantehtaanmyymala.fi\/en\/tuote\/uno-nojatuoli\/","title":{"rendered":"UNO-deluxe nojatuoli, tarjous"},"content":{"rendered":"<p>Uno -nojatuoli on eritt\u00e4in hyv\u00e4 istua ja siksi niin suosittu.<br \/>\nTuolissa aina niskatyyny jonka saa helposti irrotettua tarvittaessa.<br \/>\nPehmusteena k\u00e4ytetty laadukasta vaahtomuovia.<\/p>\n<p><strong>Myyniss\u00e4 varastoer\u00e4 verhoiltuna Austin &#8211;<\/strong><strong>kankailla, v\u00e4rit 18 ja 19. Puuosien v\u00e4ri on wenge.<br \/>\n<\/strong><\/p>\n<p>Uno Deluxe-tuolia on saatavana tilausmyyntin\u00e4 liikkeest\u00e4mme my\u00f6s eri kankailla ja nahkalla.<\/p>\n<p>Uno-mallistosta l\u00f6ytyy my\u00f6s matala nojatuoli, rahi ja sohvat. Kysy lis\u00e4\u00e4 <a href=\"https:\/\/pohjanmaantehtaanmyymala.fi\/yhteys\/\">myynnist\u00e4mme!<\/a><\/p>\n<p>Linkki tehtaan <a href=\"https:\/\/www.pohjanmaan.fi\/fi\/collections\/uno-collection\" target=\"_blank\" rel=\"noopener\">Uno-tuotesivuille<\/a>.<\/p>\n<p>Toimitetaan jalat irrallaan.<\/p>\n","protected":false},"excerpt":{"rendered":"<p>Uno -nojatuoli on eritt\u00e4in hyv\u00e4 istua ja siksi niin suosittu. Tuolissa aina niskatyyny jonka saa helposti irrotettua tarvittaessa. Pehmusteena k\u00e4ytetty laadukasta vaahtomuovia. Myyniss\u00e4 varastoer\u00e4 verhoiltuna Austin &#8211;kankailla, v\u00e4rit 18 ja 19. Puuosien v\u00e4ri on wenge. Uno Deluxe-tuolia on saatavana tilausmyyntin\u00e4 liikkeest\u00e4mme my\u00f6s eri kankailla ja nahkalla. Uno-mallistosta l\u00f6ytyy my\u00f6s matala nojatuoli, rahi ja sohvat. Kysy [&hellip;]<\/p>\n","protected":false},"featured_media":26906,"comment_status":"closed","ping_status":"closed","template":"","meta":{"_acf_changed":false,"jetpack_post_was_ever_published":false,"jetpack_publicize_message":"","jetpack_publicize_feature_enabled":true,"jetpack_social_post_already_shared":false,"jetpack_social_options":{"image_generator_settings":{"template":"highway","default_image_id":0,"font":"","enabled":false},"version":2}},"product_brand":[270],"product_cat":[195],"product_tag":[],"class_list":{"0":"post-9480","1":"product","2":"type-product","3":"status-publish","4":"has-post-thumbnail","6":"product_brand-pohjanmaan","7":"product_cat-lepotuolit-ja-rahit","8":"product_shipping_class-161","10":"first","11":"instock","12":"sale","13":"purchasable","14":"product-type-simple"},"acf":[],"jetpack_publicize_connections":[],"jetpack_sharing_enabled":true,"jetpack-related-posts":[{"id":25401,"url":"https:\/\/pohjanmaantehtaanmyymala.fi\/en\/tuote\/emil-nojatuoli-raisa-kankaalla\/","url_meta":{"origin":9480,"position":0},"title":"Emil-nojatuoli Raisa-kankaalla","author":"Miro Nevala","date":"February 14, 2024","format":false,"excerpt":"Moderni ja mukava nojatuoli rentoutumiseen. Valitse v\u00e4ri!","rel":"","context":"Similar post","block_context":{"text":"Similar post","link":""},"img":{"alt_text":"Emil tuoli Raisa kankaalla v\u00e4ri vaalea","src":"https:\/\/i0.wp.com\/pohjanmaantehtaanmyymala.fi\/wp-content\/uploads\/2024\/02\/Emil-tuoli-Raisa-kangas-960dpi.jpg?fit=960%2C960&ssl=1&resize=350%2C200","width":350,"height":200,"srcset":"https:\/\/i0.wp.com\/pohjanmaantehtaanmyymala.fi\/wp-content\/uploads\/2024\/02\/Emil-tuoli-Raisa-kangas-960dpi.jpg?fit=960%2C960&ssl=1&resize=350%2C200 1x, https:\/\/i0.wp.com\/pohjanmaantehtaanmyymala.fi\/wp-content\/uploads\/2024\/02\/Emil-tuoli-Raisa-kangas-960dpi.jpg?fit=960%2C960&ssl=1&resize=525%2C300 1.5x, https:\/\/i0.wp.com\/pohjanmaantehtaanmyymala.fi\/wp-content\/uploads\/2024\/02\/Emil-tuoli-Raisa-kangas-960dpi.jpg?fit=960%2C960&ssl=1&resize=700%2C400 2x"},"classes":[]},{"id":25372,"url":"https:\/\/pohjanmaantehtaanmyymala.fi\/en\/tuote\/emil-nojatuoli-ja-rahi\/","url_meta":{"origin":9480,"position":1},"title":"Emil-nojatuoli ja rahi","author":"Miro Nevala","date":"February 14, 2024","format":false,"excerpt":"Moderni, ajaton ja mukava nojatuoli ja rahi rentoutumiseen!","rel":"","context":"Similar post","block_context":{"text":"Similar post","link":""},"img":{"alt_text":"Emil tuoli ja rahi tumma","src":"https:\/\/i0.wp.com\/pohjanmaantehtaanmyymala.fi\/wp-content\/uploads\/2024\/02\/Emil-tuolirahi-fusion-960dpi.jpg?fit=960%2C960&ssl=1&resize=350%2C200","width":350,"height":200,"srcset":"https:\/\/i0.wp.com\/pohjanmaantehtaanmyymala.fi\/wp-content\/uploads\/2024\/02\/Emil-tuolirahi-fusion-960dpi.jpg?fit=960%2C960&ssl=1&resize=350%2C200 1x, https:\/\/i0.wp.com\/pohjanmaantehtaanmyymala.fi\/wp-content\/uploads\/2024\/02\/Emil-tuolirahi-fusion-960dpi.jpg?fit=960%2C960&ssl=1&resize=525%2C300 1.5x, https:\/\/i0.wp.com\/pohjanmaantehtaanmyymala.fi\/wp-content\/uploads\/2024\/02\/Emil-tuolirahi-fusion-960dpi.jpg?fit=960%2C960&ssl=1&resize=700%2C400 2x"},"classes":[]},{"id":22939,"url":"https:\/\/pohjanmaantehtaanmyymala.fi\/en\/tuote\/jazz-recliner-nojatuoli\/","url_meta":{"origin":9480,"position":2},"title":"Jazz recliner nojatuoli","author":"Sami Viitala","date":"May 11, 2023","format":false,"excerpt":"Siron mallinen Jazz recliner tuoli py\u00f6riv\u00e4ll\u00e4 ja keinuvalla mekanismilla sopii mainiosti tv:n katseluun. Tuolissa on k\u00e4tev\u00e4 mekanismi, kahvasta k\u00e4\u00e4nt\u00e4m\u00e4ll\u00e4 avautuu jalkarahi ja silloin saa my\u00f6s selk\u00e4nojaa kallistettua taakse p\u00e4in. Tuoli on verhoiltu Suma-kankaalla. Puurungolle valmistajan takuu 20-vuotta mekanismille 2-vuotta. Istuin t\u00e4ytteen\u00e4 vaahtomuovi selk\u00e4osassa ja k\u00e4sinojissa vaahtomuovi\/vanu. T\u00e4m\u00e4 tuotteen voi tilata\u2026","rel":"","context":"Similar post","block_context":{"text":"Similar post","link":""},"img":{"alt_text":"Jazz recliner nojatuoli harmaa Suma-kangas","src":"https:\/\/i0.wp.com\/pohjanmaantehtaanmyymala.fi\/wp-content\/uploads\/2023\/05\/Jazz-recliner-Suma-17-etusivu.jpg?fit=960%2C960&ssl=1&resize=350%2C200","width":350,"height":200,"srcset":"https:\/\/i0.wp.com\/pohjanmaantehtaanmyymala.fi\/wp-content\/uploads\/2023\/05\/Jazz-recliner-Suma-17-etusivu.jpg?fit=960%2C960&ssl=1&resize=350%2C200 1x, https:\/\/i0.wp.com\/pohjanmaantehtaanmyymala.fi\/wp-content\/uploads\/2023\/05\/Jazz-recliner-Suma-17-etusivu.jpg?fit=960%2C960&ssl=1&resize=525%2C300 1.5x, https:\/\/i0.wp.com\/pohjanmaantehtaanmyymala.fi\/wp-content\/uploads\/2023\/05\/Jazz-recliner-Suma-17-etusivu.jpg?fit=960%2C960&ssl=1&resize=700%2C400 2x"},"classes":[]},{"id":9469,"url":"https:\/\/pohjanmaantehtaanmyymala.fi\/en\/tuote\/sheraton-recliner\/","url_meta":{"origin":9480,"position":3},"title":"SHERATON &#8211; recliner nahkaverhoilulla","author":"petri","date":"September 14, 2019","format":false,"excerpt":"Pohjanmaan kalusteen valmistama Sheraton-reclinertuoli on todella mukavan pehme\u00e4 tuoli. Tuolin kahvaa k\u00e4\u00e4nt\u00e4m\u00e4ll\u00e4 nousee jalkarahi yl\u00f6s jolloin my\u00f6s selk\u00e4nojan kaltevuuden s\u00e4\u00e4t\u00f6 on mahdollista. Mekanismituolissa on py\u00f6riv\u00e4 jalusta vakiovarusteena. Rahin ollessa alhaalla tuoli my\u00f6s keinuu. Tuolin runko on valmistettu koivuvanerista ja havupuusta pehmusteena laadukas vaahtomuovi ja vanu. Valmistajan takuu mekanismille on 2-vuotta.\u2026","rel":"","context":"Similar post","block_context":{"text":"Similar post","link":""},"img":{"alt_text":"","src":"https:\/\/i0.wp.com\/pohjanmaantehtaanmyymala.fi\/wp-content\/uploads\/2019\/06\/sheraton-recl-nk1100-web.jpg?fit=960%2C960&ssl=1&resize=350%2C200","width":350,"height":200,"srcset":"https:\/\/i0.wp.com\/pohjanmaantehtaanmyymala.fi\/wp-content\/uploads\/2019\/06\/sheraton-recl-nk1100-web.jpg?fit=960%2C960&ssl=1&resize=350%2C200 1x, https:\/\/i0.wp.com\/pohjanmaantehtaanmyymala.fi\/wp-content\/uploads\/2019\/06\/sheraton-recl-nk1100-web.jpg?fit=960%2C960&ssl=1&resize=525%2C300 1.5x, https:\/\/i0.wp.com\/pohjanmaantehtaanmyymala.fi\/wp-content\/uploads\/2019\/06\/sheraton-recl-nk1100-web.jpg?fit=960%2C960&ssl=1&resize=700%2C400 2x"},"classes":[]},{"id":25299,"url":"https:\/\/pohjanmaantehtaanmyymala.fi\/en\/tuote\/emil-nojatuoli-ja-rahi-raisa-kankaalla\/","url_meta":{"origin":9480,"position":4},"title":"Emil-nojatuoli ja rahi Raisa-kankaalla","author":"Miro Nevala","date":"March 15, 2024","format":false,"excerpt":"Moderni, ajaton ja mukava nojatuoli ja rahi rentoutumiseen. Valitse v\u00e4ri!","rel":"","context":"Similar post","block_context":{"text":"Similar post","link":""},"img":{"alt_text":"Emil tuoli ja rahi Raisa kankaalla v\u00e4ri vaalea","src":"https:\/\/i0.wp.com\/pohjanmaantehtaanmyymala.fi\/wp-content\/uploads\/2024\/02\/Emil-tuoli-ja-rahi-Raisa-kangas-960dpi.jpg?fit=960%2C960&ssl=1&resize=350%2C200","width":350,"height":200,"srcset":"https:\/\/i0.wp.com\/pohjanmaantehtaanmyymala.fi\/wp-content\/uploads\/2024\/02\/Emil-tuoli-ja-rahi-Raisa-kangas-960dpi.jpg?fit=960%2C960&ssl=1&resize=350%2C200 1x, https:\/\/i0.wp.com\/pohjanmaantehtaanmyymala.fi\/wp-content\/uploads\/2024\/02\/Emil-tuoli-ja-rahi-Raisa-kangas-960dpi.jpg?fit=960%2C960&ssl=1&resize=525%2C300 1.5x, https:\/\/i0.wp.com\/pohjanmaantehtaanmyymala.fi\/wp-content\/uploads\/2024\/02\/Emil-tuoli-ja-rahi-Raisa-kangas-960dpi.jpg?fit=960%2C960&ssl=1&resize=700%2C400 2x"},"classes":[]},{"id":21384,"url":"https:\/\/pohjanmaantehtaanmyymala.fi\/en\/tuote\/cuddle-nojatuoli-bellagio-kangas\/","url_meta":{"origin":9480,"position":5},"title":"Cuddle nojatuoli Bellagio kangas","author":"Sami Viitala","date":"September 12, 2022","format":false,"excerpt":"Pohjanmaan Kalusteen valmistama kaunis sopusohtainen Cuddle tuoli. T\u00e4ss\u00e4 tuolissa on kiinteiss\u00e4 istuin- ja selk\u00e4tyynyiss\u00e4 on pehmusteena laadukkaat vaahtomuovityynyt, jotka takaavat osaltaan pitk\u00e4n k\u00e4ytt\u00f6i\u00e4n. Cuddle tuolissa\u00a0 on todella hyv\u00e4 istuttavuus. Korkeat metallijalat taas antavat tekev\u00e4t tuolista kevyen n\u00e4k\u00f6isen, sek\u00e4 korkeat jalat helpottavat tuolin alta siivoamisessa. Kuvan Cuddle tuoli on verhoiltu kauttaaltaan\u2026","rel":"","context":"Similar post","block_context":{"text":"Similar post","link":""},"img":{"alt_text":"Cuddle nojatuoli Bellagio-kangas v\u00e4ri kanerva","src":"https:\/\/i0.wp.com\/pohjanmaantehtaanmyymala.fi\/wp-content\/uploads\/2022\/09\/Cuddle_Nojatuoli_Bellagio324.jpg?fit=960%2C960&ssl=1&resize=350%2C200","width":350,"height":200,"srcset":"https:\/\/i0.wp.com\/pohjanmaantehtaanmyymala.fi\/wp-content\/uploads\/2022\/09\/Cuddle_Nojatuoli_Bellagio324.jpg?fit=960%2C960&ssl=1&resize=350%2C200 1x, https:\/\/i0.wp.com\/pohjanmaantehtaanmyymala.fi\/wp-content\/uploads\/2022\/09\/Cuddle_Nojatuoli_Bellagio324.jpg?fit=960%2C960&ssl=1&resize=525%2C300 1.5x, https:\/\/i0.wp.com\/pohjanmaantehtaanmyymala.fi\/wp-content\/uploads\/2022\/09\/Cuddle_Nojatuoli_Bellagio324.jpg?fit=960%2C960&ssl=1&resize=700%2C400 2x"},"classes":[]}],"_links":{"self":[{"href":"https:\/\/pohjanmaantehtaanmyymala.fi\/en\/wp-json\/wp\/v2\/product\/9480","targetHints":{"allow":["GET"]}}],"collection":[{"href":"https:\/\/pohjanmaantehtaanmyymala.fi\/en\/wp-json\/wp\/v2\/product"}],"about":[{"href":"https:\/\/pohjanmaantehtaanmyymala.fi\/en\/wp-json\/wp\/v2\/types\/product"}],"replies":[{"embeddable":true,"href":"https:\/\/pohjanmaantehtaanmyymala.fi\/en\/wp-json\/wp\/v2\/comments?post=9480"}],"wp:featuredmedia":[{"embeddable":true,"href":"https:\/\/pohjanmaantehtaanmyymala.fi\/en\/wp-json\/wp\/v2\/media\/26906"}],"wp:attachment":[{"href":"https:\/\/pohjanmaantehtaanmyymala.fi\/en\/wp-json\/wp\/v2\/media?parent=9480"}],"wp:term":[{"taxonomy":"product_brand","embeddable":true,"href":"https:\/\/pohjanmaantehtaanmyymala.fi\/en\/wp-json\/wp\/v2\/product_brand?post=9480"},{"taxonomy":"product_cat","embeddable":true,"href":"https:\/\/pohjanmaantehtaanmyymala.fi\/en\/wp-json\/wp\/v2\/product_cat?post=9480"},{"taxonomy":"product_tag","embeddable":true,"href":"https:\/\/pohjanmaantehtaanmyymala.fi\/en\/wp-json\/wp\/v2\/product_tag?post=9480"}],"curies":[{"name":"wp","href":"https:\/\/api.w.org\/{rel}","templated":true}]}}