{"id":9421,"date":"2019-09-14T09:39:20","date_gmt":"2019-09-14T07:39:20","guid":{"rendered":""},"modified":"2023-11-14T17:23:57","modified_gmt":"2023-11-14T15:23:57","slug":"moduli-p2-avopaaty-vasen","status":"publish","type":"product","link":"https:\/\/pohjanmaantehtaanmyymala.fi\/en\/tuote\/moduli-p2-avopaaty-vasen\/","title":{"rendered":"MODULI kulmasohva avop\u00e4\u00e4dyll\u00e4 alk."},"content":{"rendered":"<p>Pohjanmaan MODULI &#8211; sohvan avop\u00e4\u00e4ty vasen.<\/p>\n<p>Moduli sarjan osat saatavilla nahkaisina ja kankaisina.<br \/>\nKuvan sohva Luna kankaisena. (HR1).<br \/>\nTuote on saatavilla normaalilla vaahtomuovilla sek\u00e4 kylm\u00e4valu (Superior) muovilla.<br \/>\nJokainen Moduli-osa on alas asti verhoiltu ja osat saa liitetty\u00e4 toisiinsa helposti mukana toimitettavilla kiinnityskoukuilla.<\/p>\n<p>Sohvan koko 215&#215;221 cm<\/p>\n<h3>Tuotetiedot:<\/h3>\n<p><a href=\"https:\/\/www.pohjanmaan.fi\/_files\/ugd\/2f25a6_597f429919be4325ad6bfd6120666add.pdf\" target=\"_blank\" rel=\"noopener\">Laataa tuotekortti t\u00e4st\u00e4!<\/a><\/p>\n<p>Runko: Massiivipuu vaneri kovalevy (runkotakuu 10-vuotta)<br \/>\nIstuinpehmuste: No-zag jouset EP35150 vaahtomuovi vanu.<br \/>\nSelk\u00e4pehmusteet: E23 vaahtomuovi 1cm+25HR vaahtomuovi 13 cmvanu.<br \/>\nJalat: Massiivipuu<br \/>\nVerhoilukangas: Luna (hintaryhm\u00e4 1)<\/p>\n<p>Toimitetaan muoviin ja pahviin pakattuna.<\/p>\n","protected":false},"excerpt":{"rendered":"<p>Pohjanmaan MODULI &#8211; sohvan avop\u00e4\u00e4ty vasen. Moduli sarjan osat saatavilla nahkaisina ja kankaisina. Kuvan sohva Luna kankaisena. (HR1). Tuote on saatavilla normaalilla vaahtomuovilla sek\u00e4 kylm\u00e4valu (Superior) muovilla. Jokainen Moduli-osa on alas asti verhoiltu ja osat saa liitetty\u00e4 toisiinsa helposti mukana toimitettavilla kiinnityskoukuilla. Sohvan koko 215&#215;221 cm Tuotetiedot: Laataa tuotekortti t\u00e4st\u00e4! Runko: Massiivipuu vaneri kovalevy (runkotakuu [&hellip;]<\/p>\n","protected":false},"featured_media":9422,"comment_status":"closed","ping_status":"closed","template":"","meta":{"_acf_changed":false,"jetpack_post_was_ever_published":false,"jetpack_publicize_message":"","jetpack_publicize_feature_enabled":true,"jetpack_social_post_already_shared":false,"jetpack_social_options":{"image_generator_settings":{"template":"highway","default_image_id":0,"font":"","enabled":false},"version":2}},"product_brand":[270],"product_cat":[201],"product_tag":[],"class_list":{"0":"post-9421","1":"product","2":"type-product","3":"status-publish","4":"has-post-thumbnail","6":"product_brand-pohjanmaan","7":"product_cat-sohvat","8":"product_shipping_class-161","10":"first","11":"instock","12":"purchasable","13":"product-type-simple"},"acf":[],"jetpack_publicize_connections":[],"jetpack_sharing_enabled":true,"jetpack-related-posts":[{"id":27533,"url":"https:\/\/pohjanmaantehtaanmyymala.fi\/en\/tuote\/pohjanmaan-moduli-kulmasohva-2-ist-kulma2-ist\/","url_meta":{"origin":9421,"position":0},"title":"Pohjanmaan MODULI kulmasohva 2-ist.+kulma+2-ist.","author":"Sami Viitala","date":"November 9, 2024","format":false,"excerpt":"Klassinen Moduli kulmasohva kangasverhoiltuna.","rel":"","context":"Similar post","block_context":{"text":"Similar post","link":""},"img":{"alt_text":"Moduli kulmasohva 2-istuttava iso kulmaosa ja 2-istuttava Cloud-kankaalla harmaa v\u00e4ri","src":"https:\/\/i0.wp.com\/pohjanmaantehtaanmyymala.fi\/wp-content\/uploads\/2024\/11\/Pohjanmaan_Moduli_kulmasohva_2K2-Cloud.jpg?fit=960%2C960&ssl=1&resize=350%2C200","width":350,"height":200,"srcset":"https:\/\/i0.wp.com\/pohjanmaantehtaanmyymala.fi\/wp-content\/uploads\/2024\/11\/Pohjanmaan_Moduli_kulmasohva_2K2-Cloud.jpg?fit=960%2C960&ssl=1&resize=350%2C200 1x, https:\/\/i0.wp.com\/pohjanmaantehtaanmyymala.fi\/wp-content\/uploads\/2024\/11\/Pohjanmaan_Moduli_kulmasohva_2K2-Cloud.jpg?fit=960%2C960&ssl=1&resize=525%2C300 1.5x, https:\/\/i0.wp.com\/pohjanmaantehtaanmyymala.fi\/wp-content\/uploads\/2024\/11\/Pohjanmaan_Moduli_kulmasohva_2K2-Cloud.jpg?fit=960%2C960&ssl=1&resize=700%2C400 2x"},"classes":[]},{"id":9438,"url":"https:\/\/pohjanmaantehtaanmyymala.fi\/en\/tuote\/moduli-3-sohva-kangas\/","url_meta":{"origin":9421,"position":1},"title":"MODULI 3- ja 2 -istuttavat sohvat","author":"petri","date":"September 14, 2019","format":false,"excerpt":"Pohjanmaan Ajaton Moduli -sohvakalusto miellytt\u00e4v\u00e4ll\u00e4 Rodeo -kankaalla verhoiltuna.","rel":"","context":"Similar post","block_context":{"text":"Similar post","link":""},"img":{"alt_text":"","src":"https:\/\/i0.wp.com\/pohjanmaantehtaanmyymala.fi\/wp-content\/uploads\/2019\/06\/Moduli-D-B-Diamonds289-0008.jpg?fit=960%2C960&ssl=1&resize=350%2C200","width":350,"height":200,"srcset":"https:\/\/i0.wp.com\/pohjanmaantehtaanmyymala.fi\/wp-content\/uploads\/2019\/06\/Moduli-D-B-Diamonds289-0008.jpg?fit=960%2C960&ssl=1&resize=350%2C200 1x, https:\/\/i0.wp.com\/pohjanmaantehtaanmyymala.fi\/wp-content\/uploads\/2019\/06\/Moduli-D-B-Diamonds289-0008.jpg?fit=960%2C960&ssl=1&resize=525%2C300 1.5x, https:\/\/i0.wp.com\/pohjanmaantehtaanmyymala.fi\/wp-content\/uploads\/2019\/06\/Moduli-D-B-Diamonds289-0008.jpg?fit=960%2C960&ssl=1&resize=700%2C400 2x"},"classes":[]},{"id":23676,"url":"https:\/\/pohjanmaantehtaanmyymala.fi\/en\/tuote\/moduli-avokulmasohva-stark-kankaalla\/","url_meta":{"origin":9421,"position":2},"title":"Moduli avokulmasohva Stark-kankaalla","author":"Sami Viitala","date":"September 23, 2023","format":false,"excerpt":"Modulisohva on POP!255","rel":"","context":"Similar post","block_context":{"text":"Similar post","link":""},"img":{"alt_text":"Moduli Livorno avokulmasohva Luna harmaa kangas","src":"https:\/\/i0.wp.com\/pohjanmaantehtaanmyymala.fi\/wp-content\/uploads\/2023\/09\/Moduli_avokulmasohva_harmaa.jpg?fit=960%2C960&ssl=1&resize=350%2C200","width":350,"height":200,"srcset":"https:\/\/i0.wp.com\/pohjanmaantehtaanmyymala.fi\/wp-content\/uploads\/2023\/09\/Moduli_avokulmasohva_harmaa.jpg?fit=960%2C960&ssl=1&resize=350%2C200 1x, https:\/\/i0.wp.com\/pohjanmaantehtaanmyymala.fi\/wp-content\/uploads\/2023\/09\/Moduli_avokulmasohva_harmaa.jpg?fit=960%2C960&ssl=1&resize=525%2C300 1.5x, https:\/\/i0.wp.com\/pohjanmaantehtaanmyymala.fi\/wp-content\/uploads\/2023\/09\/Moduli_avokulmasohva_harmaa.jpg?fit=960%2C960&ssl=1&resize=700%2C400 2x"},"classes":[]},{"id":9443,"url":"https:\/\/pohjanmaantehtaanmyymala.fi\/en\/tuote\/moduli-kulmasohva-avopaadylla\/","url_meta":{"origin":9421,"position":3},"title":"MODULI &#8211; kulmasohva avop\u00e4\u00e4dyll\u00e4","author":"petri","date":"September 14, 2019","format":false,"excerpt":"Suoralinjainen Moduli-kulmasohva! Pohjanmaan Kalusteen Moduli- kulmasohva on loistava valinta olohuoneeseen! Kest\u00e4v\u00e4 puurunko, laadukkaat pehmusteet ja verhoilukangas takaavat mukavia istumahetki\u00e4 vuosiksi eteenp\u00e4in. Pohjanmaan Moduli-avokulman korkea jalka antaa sohvalle kevyen ilmeen ja helpottaa sohvan alustan siivoamisessa. Moduli-kulmasohvan saa useissa eri kangas- ja nahkavaihtoehdoilla. Tuotesivun hinta on alkaen hintaryhm\u00e4n 1 kankaalla. Tuotetiedot: Runko:\u2026","rel":"","context":"Similar post","block_context":{"text":"Similar post","link":""},"img":{"alt_text":"","src":"https:\/\/i0.wp.com\/pohjanmaantehtaanmyymala.fi\/wp-content\/uploads\/2019\/06\/MODULI-D2LP2.jpg?fit=960%2C960&ssl=1&resize=350%2C200","width":350,"height":200,"srcset":"https:\/\/i0.wp.com\/pohjanmaantehtaanmyymala.fi\/wp-content\/uploads\/2019\/06\/MODULI-D2LP2.jpg?fit=960%2C960&ssl=1&resize=350%2C200 1x, https:\/\/i0.wp.com\/pohjanmaantehtaanmyymala.fi\/wp-content\/uploads\/2019\/06\/MODULI-D2LP2.jpg?fit=960%2C960&ssl=1&resize=525%2C300 1.5x, https:\/\/i0.wp.com\/pohjanmaantehtaanmyymala.fi\/wp-content\/uploads\/2019\/06\/MODULI-D2LP2.jpg?fit=960%2C960&ssl=1&resize=700%2C400 2x"},"classes":[]},{"id":13388,"url":"https:\/\/pohjanmaantehtaanmyymala.fi\/en\/tuote\/moduli-3-istuttava-nahkasohva-konjakki\/","url_meta":{"origin":9421,"position":4},"title":"MODULI 3-ist. nahkasohva konjakki","author":"Sami Viitala","date":"September 22, 2020","format":false,"excerpt":"Perussohva, joka on suomalaisten suosikki vuodesta toiseen.","rel":"","context":"Similar post","block_context":{"text":"Similar post","link":""},"img":{"alt_text":"Moduli nahkasohva konjakki","src":"https:\/\/i0.wp.com\/pohjanmaantehtaanmyymala.fi\/wp-content\/uploads\/2020\/09\/Moduli-nahkasohva-konjakki.jpg?fit=1200%2C1200&ssl=1&resize=350%2C200","width":350,"height":200,"srcset":"https:\/\/i0.wp.com\/pohjanmaantehtaanmyymala.fi\/wp-content\/uploads\/2020\/09\/Moduli-nahkasohva-konjakki.jpg?fit=1200%2C1200&ssl=1&resize=350%2C200 1x, https:\/\/i0.wp.com\/pohjanmaantehtaanmyymala.fi\/wp-content\/uploads\/2020\/09\/Moduli-nahkasohva-konjakki.jpg?fit=1200%2C1200&ssl=1&resize=525%2C300 1.5x, https:\/\/i0.wp.com\/pohjanmaantehtaanmyymala.fi\/wp-content\/uploads\/2020\/09\/Moduli-nahkasohva-konjakki.jpg?fit=1200%2C1200&ssl=1&resize=700%2C400 2x, https:\/\/i0.wp.com\/pohjanmaantehtaanmyymala.fi\/wp-content\/uploads\/2020\/09\/Moduli-nahkasohva-konjakki.jpg?fit=1200%2C1200&ssl=1&resize=1050%2C600 3x"},"classes":[]},{"id":9435,"url":"https:\/\/pohjanmaantehtaanmyymala.fi\/en\/tuote\/moduli-32-istuttavat-nahkasohvat\/","url_meta":{"origin":9421,"position":5},"title":"MODULI 3 ja 2 -istuttavat nahkasohvat","author":"petri","date":"September 14, 2019","format":false,"excerpt":"Suoralinjainen ja siro Moduli -sohva sopii hyvin suomalaiseen kotiin. Moduli sohvassa istut todella mukavasti v\u00e4h\u00e4n pienemm\u00e4n istuinsyvyyden ansiosta sohva sopii hyvin v\u00e4h\u00e4n lyhyemm\u00e4llekin istujalle. Moduli sohvissa on aina korkea jalka joka helpottaa imurointia sohvan alta ja tekee sohvasta kevyen n\u00e4k\u00f6isen. Pohjanmaan kalusteen Moduli sohva on verhoiltu miellytt\u00e4v\u00e4ll\u00e4 aidolla Soft Antique\u2026","rel":"","context":"Similar post","block_context":{"text":"Similar post","link":""},"img":{"alt_text":"","src":"https:\/\/i0.wp.com\/pohjanmaantehtaanmyymala.fi\/wp-content\/uploads\/2019\/06\/moduli-3-2-1609.jpg?fit=960%2C960&ssl=1&resize=350%2C200","width":350,"height":200,"srcset":"https:\/\/i0.wp.com\/pohjanmaantehtaanmyymala.fi\/wp-content\/uploads\/2019\/06\/moduli-3-2-1609.jpg?fit=960%2C960&ssl=1&resize=350%2C200 1x, https:\/\/i0.wp.com\/pohjanmaantehtaanmyymala.fi\/wp-content\/uploads\/2019\/06\/moduli-3-2-1609.jpg?fit=960%2C960&ssl=1&resize=525%2C300 1.5x, https:\/\/i0.wp.com\/pohjanmaantehtaanmyymala.fi\/wp-content\/uploads\/2019\/06\/moduli-3-2-1609.jpg?fit=960%2C960&ssl=1&resize=700%2C400 2x"},"classes":[]}],"_links":{"self":[{"href":"https:\/\/pohjanmaantehtaanmyymala.fi\/en\/wp-json\/wp\/v2\/product\/9421","targetHints":{"allow":["GET"]}}],"collection":[{"href":"https:\/\/pohjanmaantehtaanmyymala.fi\/en\/wp-json\/wp\/v2\/product"}],"about":[{"href":"https:\/\/pohjanmaantehtaanmyymala.fi\/en\/wp-json\/wp\/v2\/types\/product"}],"replies":[{"embeddable":true,"href":"https:\/\/pohjanmaantehtaanmyymala.fi\/en\/wp-json\/wp\/v2\/comments?post=9421"}],"wp:featuredmedia":[{"embeddable":true,"href":"https:\/\/pohjanmaantehtaanmyymala.fi\/en\/wp-json\/wp\/v2\/media\/9422"}],"wp:attachment":[{"href":"https:\/\/pohjanmaantehtaanmyymala.fi\/en\/wp-json\/wp\/v2\/media?parent=9421"}],"wp:term":[{"taxonomy":"product_brand","embeddable":true,"href":"https:\/\/pohjanmaantehtaanmyymala.fi\/en\/wp-json\/wp\/v2\/product_brand?post=9421"},{"taxonomy":"product_cat","embeddable":true,"href":"https:\/\/pohjanmaantehtaanmyymala.fi\/en\/wp-json\/wp\/v2\/product_cat?post=9421"},{"taxonomy":"product_tag","embeddable":true,"href":"https:\/\/pohjanmaantehtaanmyymala.fi\/en\/wp-json\/wp\/v2\/product_tag?post=9421"}],"curies":[{"name":"wp","href":"https:\/\/api.w.org\/{rel}","templated":true}]}}