{"id":9408,"date":"2019-09-14T09:39:01","date_gmt":"2019-09-14T07:39:01","guid":{"rendered":""},"modified":"2024-11-15T11:38:26","modified_gmt":"2024-11-15T09:38:26","slug":"mode-hupputuoli-musta","status":"publish","type":"product","link":"https:\/\/pohjanmaantehtaanmyymala.fi\/en\/tuote\/mode-hupputuoli-musta\/","title":{"rendered":"MODE &#8211; hupputuoli kokonahka"},"content":{"rendered":"<p>Pohjanmaan Kalusteen Mode- tuoli Labrador -nahkaverhoilulla on tyylik\u00e4s valinta ruokap\u00f6yd\u00e4n tuoliksi kotiisi. LABRADOR on yksi ylellisimmist\u00e4 Pohjanmaan\u00ae verhoilunahoista. Labrador on semianiliininahka, joka on miellytt\u00e4v\u00e4n pehme\u00e4n ja ylellisen tuntuinen. Aitonahka on kest\u00e4v\u00e4 ja helppohoitonen valinta ruokap\u00f6yd\u00e4n tuoliin. Tuolin selk\u00e4nojassa on k\u00e4tev\u00e4 kahva mik\u00e4 helpottaa tuolin siirtelyss\u00e4. Tuolin saa joko kokonahkaisena tai nahka-keinonahkaisen, eli kulutuspinnat verhoiltuna nahkalla ja takaosa keinonahkalla. Mode -tuoli sopii yhteen hyvin esimerkiksi <a href=\"https:\/\/pohjanmaantehtaanmyymala.fi\/tuote\/delta-ruokaryhma-mode-tuolilla\/\">Delta -tammip\u00f6yd\u00e4n<\/a> kanssa.<\/p>\n<p>Labrador -nahkasta l\u00f6ytyy useita kauniita v\u00e4rej\u00e4. Mode -tuolin jalkaa on saatavana my\u00f6s useilla muilla v\u00e4reill\u00e4.<\/p>\n<p>Kuvan tuolin hinta on laskettu kokonahkaisena ja tammijalalla.<\/p>\n<p>Kysy lis\u00e4tietoa <a href=\"https:\/\/pohjanmaantehtaanmyymala.fi\/yhteys\/\">myynnist\u00e4mme.<\/a><\/p>\n<h3>Tuotetiedot:<\/h3>\n<p>Tuolin runko: Puuta ja koivuvaneria jalat massiivi tammea tai -koivua.<br \/>\nIstuin ja selk\u00e4pehmuste: Vaahtomuovi jonka p\u00e4\u00e4ll\u00e4 vanu.<br \/>\nVerhoilu: Labrador -nahka.<\/p>\n<p>Toimitetaan valmiiksi koottuna.<\/p>\n","protected":false},"excerpt":{"rendered":"<p>Laaduka kest\u00e4v\u00e4ll\u00e4 Labrador -nahkalla verhoiltu ruokap\u00f6yd\u00e4n tuoli.<\/p>\n","protected":false},"featured_media":9409,"comment_status":"closed","ping_status":"closed","template":"","meta":{"_acf_changed":false,"jetpack_post_was_ever_published":false,"jetpack_publicize_message":"","jetpack_publicize_feature_enabled":true,"jetpack_social_post_already_shared":false,"jetpack_social_options":{"image_generator_settings":{"template":"highway","default_image_id":0,"font":"","enabled":false},"version":2}},"product_brand":[270],"product_cat":[194],"product_tag":[],"class_list":{"0":"post-9408","1":"product","2":"type-product","3":"status-publish","4":"has-post-thumbnail","6":"product_brand-pohjanmaan","7":"product_cat-ruokapoydat-ja-tuolit","8":"product_shipping_class-161","10":"first","11":"instock","12":"sale","13":"purchasable","14":"product-type-simple"},"acf":[],"jetpack_publicize_connections":[],"jetpack_sharing_enabled":true,"jetpack-related-posts":[{"id":27578,"url":"https:\/\/pohjanmaantehtaanmyymala.fi\/en\/tuote\/mode-hupputuoli-nahka\/","url_meta":{"origin":9408,"position":0},"title":"MODE &#8211; hupputuoli nahka","author":"Sami Viitala","date":"November 15, 2024","format":false,"excerpt":"Laadukas kest\u00e4v\u00e4ll\u00e4 nahkalla verhoiltu ruokap\u00f6yd\u00e4n tuoli.","rel":"","context":"Similar post","block_context":{"text":"Similar post","link":""},"img":{"alt_text":"Mode tuoli musta nahka, jalat \u00f6ljytty\u00e4 tammea.","src":"https:\/\/i0.wp.com\/pohjanmaantehtaanmyymala.fi\/wp-content\/uploads\/2024\/11\/Mode_tuoli_musta_nahka.jpg?fit=960%2C960&ssl=1&resize=350%2C200","width":350,"height":200,"srcset":"https:\/\/i0.wp.com\/pohjanmaantehtaanmyymala.fi\/wp-content\/uploads\/2024\/11\/Mode_tuoli_musta_nahka.jpg?fit=960%2C960&ssl=1&resize=350%2C200 1x, https:\/\/i0.wp.com\/pohjanmaantehtaanmyymala.fi\/wp-content\/uploads\/2024\/11\/Mode_tuoli_musta_nahka.jpg?fit=960%2C960&ssl=1&resize=525%2C300 1.5x, https:\/\/i0.wp.com\/pohjanmaantehtaanmyymala.fi\/wp-content\/uploads\/2024\/11\/Mode_tuoli_musta_nahka.jpg?fit=960%2C960&ssl=1&resize=700%2C400 2x"},"classes":[]},{"id":8724,"url":"https:\/\/pohjanmaantehtaanmyymala.fi\/en\/tuote\/delta-ruokaryhma-mode-tuolilla\/","url_meta":{"origin":9408,"position":1},"title":"DELTA\/MODE &#8211; ruokaryhm\u00e4 8 tuolilla","author":"petri","date":"September 14, 2019","format":false,"excerpt":"Iso massiivitamminen Delta-ruokap\u00f6yt\u00e4 8 kokonahkaisella Mode-tuolilla. Pohjanmaan Kalusteen malliston Delta ruokap\u00f6yt\u00e4 on todella tukeva tammesta valmistettu ruokap\u00f6yt\u00e4 joka on viimeistelty \u00f6ljy\u00e4m\u00e4ll\u00e4. Kuvan p\u00f6yd\u00e4n koko on 100x220cm. Mode tuolin kulutuspinnat verhoiltu kest\u00e4v\u00e4ll\u00e4 aidolla Soft Antique-nahalla tuolin jalat ovat \u00f6ljytty\u00e4 tammea. Tuoleja saa tilattua liikkeest\u00e4mme sadoilla eri kankailla ja nahoilla. Delta-P\u00f6yti\u00e4 l\u00f6ytyy\u2026","rel":"","context":"Similar post","block_context":{"text":"Similar post","link":""},"img":{"alt_text":"","src":"https:\/\/i0.wp.com\/pohjanmaantehtaanmyymala.fi\/wp-content\/uploads\/2019\/09\/Delta-ruokapoytaryhma.jpg?fit=960%2C960&ssl=1&resize=350%2C200","width":350,"height":200,"srcset":"https:\/\/i0.wp.com\/pohjanmaantehtaanmyymala.fi\/wp-content\/uploads\/2019\/09\/Delta-ruokapoytaryhma.jpg?fit=960%2C960&ssl=1&resize=350%2C200 1x, https:\/\/i0.wp.com\/pohjanmaantehtaanmyymala.fi\/wp-content\/uploads\/2019\/09\/Delta-ruokapoytaryhma.jpg?fit=960%2C960&ssl=1&resize=525%2C300 1.5x, https:\/\/i0.wp.com\/pohjanmaantehtaanmyymala.fi\/wp-content\/uploads\/2019\/09\/Delta-ruokapoytaryhma.jpg?fit=960%2C960&ssl=1&resize=700%2C400 2x"},"classes":[]},{"id":10365,"url":"https:\/\/pohjanmaantehtaanmyymala.fi\/en\/tuote\/atlanta-recliner-mekanismituoli-akku\/","url_meta":{"origin":9408,"position":2},"title":"ATLANTA ERGO &#8211; s\u00e4hk\u00f6recliner mekanismituoli","author":"petri","date":"September 14, 2019","format":false,"excerpt":"S\u00e4hk\u00f6recliner tuoli ladattavalla akulla, joka py\u00f6rii ja keinuu.","rel":"","context":"Similar post","block_context":{"text":"Similar post","link":""},"img":{"alt_text":"Atlanta recliner mekanismi tuoli nahka","src":"https:\/\/i0.wp.com\/pohjanmaantehtaanmyymala.fi\/wp-content\/uploads\/2019\/09\/Atlan-sahkorecliner-auki-2.jpg?fit=1200%2C1200&ssl=1&resize=350%2C200","width":350,"height":200,"srcset":"https:\/\/i0.wp.com\/pohjanmaantehtaanmyymala.fi\/wp-content\/uploads\/2019\/09\/Atlan-sahkorecliner-auki-2.jpg?fit=1200%2C1200&ssl=1&resize=350%2C200 1x, https:\/\/i0.wp.com\/pohjanmaantehtaanmyymala.fi\/wp-content\/uploads\/2019\/09\/Atlan-sahkorecliner-auki-2.jpg?fit=1200%2C1200&ssl=1&resize=525%2C300 1.5x, https:\/\/i0.wp.com\/pohjanmaantehtaanmyymala.fi\/wp-content\/uploads\/2019\/09\/Atlan-sahkorecliner-auki-2.jpg?fit=1200%2C1200&ssl=1&resize=700%2C400 2x, https:\/\/i0.wp.com\/pohjanmaantehtaanmyymala.fi\/wp-content\/uploads\/2019\/09\/Atlan-sahkorecliner-auki-2.jpg?fit=1200%2C1200&ssl=1&resize=1050%2C600 3x"},"classes":[]},{"id":17852,"url":"https:\/\/pohjanmaantehtaanmyymala.fi\/en\/tuote\/atlanta-recliner-mekanismituoli-nahkaa\/","url_meta":{"origin":9408,"position":3},"title":"ATLANTA recliner mekanismituoli, nahkaa","author":"Sami Viitala","date":"August 25, 2021","format":false,"excerpt":"Lepotuoli, jossa on viident\u00e4hden istuinmukavuus.","rel":"","context":"Similar post","block_context":{"text":"Similar post","link":""},"img":{"alt_text":"Pohjanmaan Atlanta recliner nahka","src":"https:\/\/i0.wp.com\/pohjanmaantehtaanmyymala.fi\/wp-content\/uploads\/2019\/09\/Pohjanmaan_Atlanta-recliner_mekanismituoli.jpg?fit=1200%2C952&ssl=1&resize=350%2C200","width":350,"height":200,"srcset":"https:\/\/i0.wp.com\/pohjanmaantehtaanmyymala.fi\/wp-content\/uploads\/2019\/09\/Pohjanmaan_Atlanta-recliner_mekanismituoli.jpg?fit=1200%2C952&ssl=1&resize=350%2C200 1x, https:\/\/i0.wp.com\/pohjanmaantehtaanmyymala.fi\/wp-content\/uploads\/2019\/09\/Pohjanmaan_Atlanta-recliner_mekanismituoli.jpg?fit=1200%2C952&ssl=1&resize=525%2C300 1.5x, https:\/\/i0.wp.com\/pohjanmaantehtaanmyymala.fi\/wp-content\/uploads\/2019\/09\/Pohjanmaan_Atlanta-recliner_mekanismituoli.jpg?fit=1200%2C952&ssl=1&resize=700%2C400 2x, https:\/\/i0.wp.com\/pohjanmaantehtaanmyymala.fi\/wp-content\/uploads\/2019\/09\/Pohjanmaan_Atlanta-recliner_mekanismituoli.jpg?fit=1200%2C952&ssl=1&resize=1050%2C600 3x"},"classes":[]},{"id":10930,"url":"https:\/\/pohjanmaantehtaanmyymala.fi\/en\/tuote\/pohjanmaan-moduli-sohvakalusto-32-nahka\/","url_meta":{"origin":9408,"position":4},"title":"Pohjanmaan MODULI Superior -sohvaryhm\u00e4 3+2 nahkaa","author":"petri","date":"September 14, 2019","format":false,"excerpt":"Verhoiltu pehme\u00e4n ylellisell\u00e4 Labrador -t\u00e4yspintanahkalla.","rel":"","context":"Similar post","block_context":{"text":"Similar post","link":""},"img":{"alt_text":"","src":"https:\/\/i0.wp.com\/pohjanmaantehtaanmyymala.fi\/wp-content\/uploads\/2019\/09\/Moduli_sohvakalusto_3_2_2.jpg?fit=960%2C960&ssl=1&resize=350%2C200","width":350,"height":200,"srcset":"https:\/\/i0.wp.com\/pohjanmaantehtaanmyymala.fi\/wp-content\/uploads\/2019\/09\/Moduli_sohvakalusto_3_2_2.jpg?fit=960%2C960&ssl=1&resize=350%2C200 1x, https:\/\/i0.wp.com\/pohjanmaantehtaanmyymala.fi\/wp-content\/uploads\/2019\/09\/Moduli_sohvakalusto_3_2_2.jpg?fit=960%2C960&ssl=1&resize=525%2C300 1.5x, https:\/\/i0.wp.com\/pohjanmaantehtaanmyymala.fi\/wp-content\/uploads\/2019\/09\/Moduli_sohvakalusto_3_2_2.jpg?fit=960%2C960&ssl=1&resize=700%2C400 2x"},"classes":[]},{"id":29609,"url":"https:\/\/pohjanmaantehtaanmyymala.fi\/en\/tuote\/rowico-lowell-pyoriva-tuoli-kasinojilla\/","url_meta":{"origin":9408,"position":5},"title":"Rowico Lowell py\u00f6riv\u00e4 tuoli k\u00e4sinojilla","author":"Sami Viitala","date":"January 20, 2026","format":false,"excerpt":"Nosta ruokailutilasi ilme uudelle tasolle Rowico Lowell -tuolilla!","rel":"","context":"Similar post","block_context":{"text":"Similar post","link":""},"img":{"alt_text":"Rowico mustat Lowell tuolit ja valkotamminen Emmet p\u00f6yt\u00e4 milj\u00f6\u00f6kuvassa.","src":"https:\/\/i0.wp.com\/pohjanmaantehtaanmyymala.fi\/wp-content\/uploads\/2026\/01\/emmet-120350lowell-120261-miljoo.jpg?fit=1000%2C1000&ssl=1&resize=350%2C200","width":350,"height":200,"srcset":"https:\/\/i0.wp.com\/pohjanmaantehtaanmyymala.fi\/wp-content\/uploads\/2026\/01\/emmet-120350lowell-120261-miljoo.jpg?fit=1000%2C1000&ssl=1&resize=350%2C200 1x, https:\/\/i0.wp.com\/pohjanmaantehtaanmyymala.fi\/wp-content\/uploads\/2026\/01\/emmet-120350lowell-120261-miljoo.jpg?fit=1000%2C1000&ssl=1&resize=525%2C300 1.5x, https:\/\/i0.wp.com\/pohjanmaantehtaanmyymala.fi\/wp-content\/uploads\/2026\/01\/emmet-120350lowell-120261-miljoo.jpg?fit=1000%2C1000&ssl=1&resize=700%2C400 2x"},"classes":[]}],"_links":{"self":[{"href":"https:\/\/pohjanmaantehtaanmyymala.fi\/en\/wp-json\/wp\/v2\/product\/9408","targetHints":{"allow":["GET"]}}],"collection":[{"href":"https:\/\/pohjanmaantehtaanmyymala.fi\/en\/wp-json\/wp\/v2\/product"}],"about":[{"href":"https:\/\/pohjanmaantehtaanmyymala.fi\/en\/wp-json\/wp\/v2\/types\/product"}],"replies":[{"embeddable":true,"href":"https:\/\/pohjanmaantehtaanmyymala.fi\/en\/wp-json\/wp\/v2\/comments?post=9408"}],"wp:featuredmedia":[{"embeddable":true,"href":"https:\/\/pohjanmaantehtaanmyymala.fi\/en\/wp-json\/wp\/v2\/media\/9409"}],"wp:attachment":[{"href":"https:\/\/pohjanmaantehtaanmyymala.fi\/en\/wp-json\/wp\/v2\/media?parent=9408"}],"wp:term":[{"taxonomy":"product_brand","embeddable":true,"href":"https:\/\/pohjanmaantehtaanmyymala.fi\/en\/wp-json\/wp\/v2\/product_brand?post=9408"},{"taxonomy":"product_cat","embeddable":true,"href":"https:\/\/pohjanmaantehtaanmyymala.fi\/en\/wp-json\/wp\/v2\/product_cat?post=9408"},{"taxonomy":"product_tag","embeddable":true,"href":"https:\/\/pohjanmaantehtaanmyymala.fi\/en\/wp-json\/wp\/v2\/product_tag?post=9408"}],"curies":[{"name":"wp","href":"https:\/\/api.w.org\/{rel}","templated":true}]}}