{"id":9392,"date":"2019-09-14T09:35:07","date_gmt":"2019-09-14T07:35:07","guid":{"rendered":""},"modified":"2026-01-16T14:20:05","modified_gmt":"2026-01-16T12:20:05","slug":"bella-vuodetuoli-tec-kangas-musta","status":"publish","type":"product","link":"https:\/\/pohjanmaantehtaanmyymala.fi\/en\/tuote\/bella-vuodetuoli-tec-kangas-musta\/","title":{"rendered":"BELLA \u2013 vuodetuoli Barcelona-kankaalla"},"content":{"rendered":"<p>Tyylik\u00e4s ja kest\u00e4v\u00e4 vuodetuoli sopii vaikka hotellik\u00e4ytt\u00f6\u00f6n. Bella-vuodetuolissa on kest\u00e4v\u00e4 King-mekanismi.<br \/>\nBellan mekanismi avautuu k\u00e4tev\u00e4sti eteenp\u00e4in.<\/p>\n<p>Saatavilla useilla eri v\u00e4reill\u00e4. Kysyy <a href=\"https:\/\/pohjanmaantehtaanmyymala.fi\/yhteys\/\">asiakaspalvelustamme<\/a> lis\u00e4\u00e4.<\/p>\n<h3>Tuotetiedot:<\/h3>\n<p>Mitat: leveys 97 cm, syvyys 85 cm, korkeus 88 cm.<br \/>\nVuodekoko 68x190cm<br \/>\nMekanismin runko on valmistettu metallista ja puusta pehmusteena laadukas vaahtomuovi.<br \/>\nTuoli on verhoiltu kest\u00e4v\u00e4ll\u00e4 ja helppohoitoisella Barcelona -kankaalla!<\/p>\n<p>Toimitetaan koottuna.<\/p>\n","protected":false},"excerpt":{"rendered":"<p>Tyylik\u00e4s ja kest\u00e4v\u00e4 vuodetuoli sopii vaikka hotellik\u00e4ytt\u00f6\u00f6n. Bella-vuodetuolissa on kest\u00e4v\u00e4 King-mekanismi. Bellan mekanismi avautuu k\u00e4tev\u00e4sti eteenp\u00e4in. Saatavilla useilla eri v\u00e4reill\u00e4. Kysyy asiakaspalvelustamme lis\u00e4\u00e4. Tuotetiedot: Mitat: leveys 97 cm, syvyys 85 cm, korkeus 88 cm. Vuodekoko 68x190cm Mekanismin runko on valmistettu metallista ja puusta pehmusteena laadukas vaahtomuovi. Tuoli on verhoiltu kest\u00e4v\u00e4ll\u00e4 ja helppohoitoisella Barcelona -kankaalla! Toimitetaan [&hellip;]<\/p>\n","protected":false},"featured_media":10455,"comment_status":"closed","ping_status":"closed","template":"","meta":{"_acf_changed":false,"jetpack_post_was_ever_published":false,"jetpack_publicize_message":"","jetpack_publicize_feature_enabled":true,"jetpack_social_post_already_shared":false,"jetpack_social_options":{"image_generator_settings":{"template":"highway","default_image_id":0,"font":"","enabled":false},"version":2}},"product_brand":[186],"product_cat":[193],"product_tag":[],"class_list":{"0":"post-9392","1":"product","2":"type-product","3":"status-publish","4":"has-post-thumbnail","6":"product_brand-omset","7":"product_cat-vuodesohvat","8":"product_shipping_class-161","10":"first","11":"instock","12":"purchasable","13":"product-type-simple"},"acf":[],"jetpack_publicize_connections":[],"jetpack_sharing_enabled":true,"jetpack-related-posts":[{"id":13487,"url":"https:\/\/pohjanmaantehtaanmyymala.fi\/en\/tuote\/erika-vuodetuoli-luna-kankaalla\/","url_meta":{"origin":9392,"position":0},"title":"America Nest &#8211; vuodetuoli Luna-kankaalla","author":"Sami Viitala","date":"September 24, 2020","format":false,"excerpt":"Pohjanmaan Kalusteen valmistama tyylik\u00e4s vuodetuoli, jossa hyv\u00e4n istuttavuuden lis\u00e4ksi laadukas vuodemekanismi.","rel":"","context":"Similar post","block_context":{"text":"Similar post","link":""},"img":{"alt_text":"America Erika vuodetuoli Luna kankaalla","src":"https:\/\/i0.wp.com\/pohjanmaantehtaanmyymala.fi\/wp-content\/uploads\/2020\/09\/Erika_1kin_Luna29_2.jpg?fit=1200%2C1200&ssl=1&resize=350%2C200","width":350,"height":200,"srcset":"https:\/\/i0.wp.com\/pohjanmaantehtaanmyymala.fi\/wp-content\/uploads\/2020\/09\/Erika_1kin_Luna29_2.jpg?fit=1200%2C1200&ssl=1&resize=350%2C200 1x, https:\/\/i0.wp.com\/pohjanmaantehtaanmyymala.fi\/wp-content\/uploads\/2020\/09\/Erika_1kin_Luna29_2.jpg?fit=1200%2C1200&ssl=1&resize=525%2C300 1.5x, https:\/\/i0.wp.com\/pohjanmaantehtaanmyymala.fi\/wp-content\/uploads\/2020\/09\/Erika_1kin_Luna29_2.jpg?fit=1200%2C1200&ssl=1&resize=700%2C400 2x, https:\/\/i0.wp.com\/pohjanmaantehtaanmyymala.fi\/wp-content\/uploads\/2020\/09\/Erika_1kin_Luna29_2.jpg?fit=1200%2C1200&ssl=1&resize=1050%2C600 3x"},"classes":[]},{"id":26461,"url":"https:\/\/pohjanmaantehtaanmyymala.fi\/en\/tuote\/fantasy-vuodetuoli\/","url_meta":{"origin":9392,"position":1},"title":"Fantasy Level vuodetuoli","author":"Miro Nevala","date":"September 11, 2024","format":false,"excerpt":"N\u00e4ytt\u00e4v\u00e4 lepotuoli joka avautuu vuoteeksi silm\u00e4nr\u00e4p\u00e4yksess\u00e4!","rel":"","context":"Similar post","block_context":{"text":"Similar post","link":""},"img":{"alt_text":"Fantasy level vuodetuoli edest\u00e4","src":"https:\/\/i0.wp.com\/pohjanmaantehtaanmyymala.fi\/wp-content\/uploads\/2024\/03\/Fantasy-level-vuodetuoli-edesta%CC%88-eri-kangas.jpg?fit=960%2C960&ssl=1&resize=350%2C200","width":350,"height":200,"srcset":"https:\/\/i0.wp.com\/pohjanmaantehtaanmyymala.fi\/wp-content\/uploads\/2024\/03\/Fantasy-level-vuodetuoli-edesta%CC%88-eri-kangas.jpg?fit=960%2C960&ssl=1&resize=350%2C200 1x, https:\/\/i0.wp.com\/pohjanmaantehtaanmyymala.fi\/wp-content\/uploads\/2024\/03\/Fantasy-level-vuodetuoli-edesta%CC%88-eri-kangas.jpg?fit=960%2C960&ssl=1&resize=525%2C300 1.5x, https:\/\/i0.wp.com\/pohjanmaantehtaanmyymala.fi\/wp-content\/uploads\/2024\/03\/Fantasy-level-vuodetuoli-edesta%CC%88-eri-kangas.jpg?fit=960%2C960&ssl=1&resize=700%2C400 2x"},"classes":[]},{"id":20291,"url":"https:\/\/pohjanmaantehtaanmyymala.fi\/en\/tuote\/liisa-vuodetuoli-tarjous\/","url_meta":{"origin":9392,"position":2},"title":"LIISA vuodetuoli","author":"Sami Viitala","date":"March 29, 2022","format":false,"excerpt":"Edullinen vuodetuoli s\u00e4ilytyslaatikolla. V\u00e4rivaihtoehdot vaaleanharmaa ja tummanharmaa.","rel":"","context":"Similar post","block_context":{"text":"Similar post","link":""},"img":{"alt_text":"Liisa vuodetuoli harmaa","src":"https:\/\/i0.wp.com\/pohjanmaantehtaanmyymala.fi\/wp-content\/uploads\/2022\/03\/Liisa-vuodetuoli_harmaa_inari96.jpg?fit=960%2C960&ssl=1&resize=350%2C200","width":350,"height":200,"srcset":"https:\/\/i0.wp.com\/pohjanmaantehtaanmyymala.fi\/wp-content\/uploads\/2022\/03\/Liisa-vuodetuoli_harmaa_inari96.jpg?fit=960%2C960&ssl=1&resize=350%2C200 1x, https:\/\/i0.wp.com\/pohjanmaantehtaanmyymala.fi\/wp-content\/uploads\/2022\/03\/Liisa-vuodetuoli_harmaa_inari96.jpg?fit=960%2C960&ssl=1&resize=525%2C300 1.5x, https:\/\/i0.wp.com\/pohjanmaantehtaanmyymala.fi\/wp-content\/uploads\/2022\/03\/Liisa-vuodetuoli_harmaa_inari96.jpg?fit=960%2C960&ssl=1&resize=700%2C400 2x"},"classes":[]},{"id":25362,"url":"https:\/\/pohjanmaantehtaanmyymala.fi\/en\/tuote\/leo-leksa-vuodetuoli-leo-kankaalla\/","url_meta":{"origin":9392,"position":3},"title":"Leo &#8220;Leksa&#8221;- vuodetuoli Leo-kankaalla","author":"Miro Nevala","date":"September 21, 2024","format":false,"excerpt":"Mukava nojatuoli, joka tarjoaa my\u00f6s erinomaisen nukkumiskokemuksen!","rel":"","context":"Similar post","block_context":{"text":"Similar post","link":""},"img":{"alt_text":"Leo vuodetuoli oranssi","src":"https:\/\/i0.wp.com\/pohjanmaantehtaanmyymala.fi\/wp-content\/uploads\/2024\/02\/Leo-vuodetuoli-960dpi.jpg?fit=960%2C960&ssl=1&resize=350%2C200","width":350,"height":200,"srcset":"https:\/\/i0.wp.com\/pohjanmaantehtaanmyymala.fi\/wp-content\/uploads\/2024\/02\/Leo-vuodetuoli-960dpi.jpg?fit=960%2C960&ssl=1&resize=350%2C200 1x, https:\/\/i0.wp.com\/pohjanmaantehtaanmyymala.fi\/wp-content\/uploads\/2024\/02\/Leo-vuodetuoli-960dpi.jpg?fit=960%2C960&ssl=1&resize=525%2C300 1.5x, https:\/\/i0.wp.com\/pohjanmaantehtaanmyymala.fi\/wp-content\/uploads\/2024\/02\/Leo-vuodetuoli-960dpi.jpg?fit=960%2C960&ssl=1&resize=700%2C400 2x"},"classes":[]},{"id":9448,"url":"https:\/\/pohjanmaantehtaanmyymala.fi\/en\/tuote\/monika-vuodetuoli\/","url_meta":{"origin":9392,"position":4},"title":"MONIKA NEST &#8211; vuodetuoli","author":"petri","date":"September 14, 2019","format":false,"excerpt":"Tyylik\u00e4s Monika-vuodetuoli! Pohjanmaan kalusteen valmistama tyylik\u00e4s Monika-vuodetuoli jossa hyv\u00e4n istuttavuuden lis\u00e4ksi mukava ja helppok\u00e4ytt\u00f6inen vierass\u00e4nky. Vuodekoko Monika- vuodetuolissa on 76*205 cm. Monikasta on my\u00f6s saatavana vuodesohvat. Kysy lis\u00e4\u00e4 myynnist\u00e4mme. Tuotetiedot: Katso tuotekortti t\u00e4st\u00e4! Runko: Massiivipuu vaneri ja kovalevy. (takuu 20-vuotta) Istuinpehmusteet: no-zag jouset HR35140 vaahtomuovi. Selk\u00e4pehmusteet: Vanutyyny. Jalat: Massiivipuu Kangas:\u2026","rel":"","context":"Similar post","block_context":{"text":"Similar post","link":""},"img":{"alt_text":"","src":"https:\/\/i0.wp.com\/pohjanmaantehtaanmyymala.fi\/wp-content\/uploads\/2019\/06\/Monika-Chair-Sleeper-Luna24-1.jpg?fit=960%2C960&ssl=1&resize=350%2C200","width":350,"height":200,"srcset":"https:\/\/i0.wp.com\/pohjanmaantehtaanmyymala.fi\/wp-content\/uploads\/2019\/06\/Monika-Chair-Sleeper-Luna24-1.jpg?fit=960%2C960&ssl=1&resize=350%2C200 1x, https:\/\/i0.wp.com\/pohjanmaantehtaanmyymala.fi\/wp-content\/uploads\/2019\/06\/Monika-Chair-Sleeper-Luna24-1.jpg?fit=960%2C960&ssl=1&resize=525%2C300 1.5x, https:\/\/i0.wp.com\/pohjanmaantehtaanmyymala.fi\/wp-content\/uploads\/2019\/06\/Monika-Chair-Sleeper-Luna24-1.jpg?fit=960%2C960&ssl=1&resize=700%2C400 2x"},"classes":[]},{"id":29255,"url":"https:\/\/pohjanmaantehtaanmyymala.fi\/en\/tuote\/eemil-recliner-tuoli-musta-nahka\/","url_meta":{"origin":9392,"position":5},"title":"Eemil recliner-tuoli musta nahka","author":"Sami Viitala","date":"November 17, 2025","format":false,"excerpt":"Siro recliner-lepotuoli.","rel":"","context":"Similar post","block_context":{"text":"Similar post","link":""},"img":{"alt_text":"Emil recliner nojatuoli lepoasennossa musta soft antique -nahka.","src":"https:\/\/i0.wp.com\/pohjanmaantehtaanmyymala.fi\/wp-content\/uploads\/2025\/11\/Pohjanmaan_Eemil_recliner_musta_auki.jpg?fit=1000%2C1000&ssl=1&resize=350%2C200","width":350,"height":200,"srcset":"https:\/\/i0.wp.com\/pohjanmaantehtaanmyymala.fi\/wp-content\/uploads\/2025\/11\/Pohjanmaan_Eemil_recliner_musta_auki.jpg?fit=1000%2C1000&ssl=1&resize=350%2C200 1x, https:\/\/i0.wp.com\/pohjanmaantehtaanmyymala.fi\/wp-content\/uploads\/2025\/11\/Pohjanmaan_Eemil_recliner_musta_auki.jpg?fit=1000%2C1000&ssl=1&resize=525%2C300 1.5x, https:\/\/i0.wp.com\/pohjanmaantehtaanmyymala.fi\/wp-content\/uploads\/2025\/11\/Pohjanmaan_Eemil_recliner_musta_auki.jpg?fit=1000%2C1000&ssl=1&resize=700%2C400 2x"},"classes":[]}],"_links":{"self":[{"href":"https:\/\/pohjanmaantehtaanmyymala.fi\/en\/wp-json\/wp\/v2\/product\/9392","targetHints":{"allow":["GET"]}}],"collection":[{"href":"https:\/\/pohjanmaantehtaanmyymala.fi\/en\/wp-json\/wp\/v2\/product"}],"about":[{"href":"https:\/\/pohjanmaantehtaanmyymala.fi\/en\/wp-json\/wp\/v2\/types\/product"}],"replies":[{"embeddable":true,"href":"https:\/\/pohjanmaantehtaanmyymala.fi\/en\/wp-json\/wp\/v2\/comments?post=9392"}],"wp:featuredmedia":[{"embeddable":true,"href":"https:\/\/pohjanmaantehtaanmyymala.fi\/en\/wp-json\/wp\/v2\/media\/10455"}],"wp:attachment":[{"href":"https:\/\/pohjanmaantehtaanmyymala.fi\/en\/wp-json\/wp\/v2\/media?parent=9392"}],"wp:term":[{"taxonomy":"product_brand","embeddable":true,"href":"https:\/\/pohjanmaantehtaanmyymala.fi\/en\/wp-json\/wp\/v2\/product_brand?post=9392"},{"taxonomy":"product_cat","embeddable":true,"href":"https:\/\/pohjanmaantehtaanmyymala.fi\/en\/wp-json\/wp\/v2\/product_cat?post=9392"},{"taxonomy":"product_tag","embeddable":true,"href":"https:\/\/pohjanmaantehtaanmyymala.fi\/en\/wp-json\/wp\/v2\/product_tag?post=9392"}],"curies":[{"name":"wp","href":"https:\/\/api.w.org\/{rel}","templated":true}]}}