{"id":9387,"date":"2019-09-14T09:34:21","date_gmt":"2019-09-14T07:34:21","guid":{"rendered":""},"modified":"2025-08-22T12:55:56","modified_gmt":"2025-08-22T10:55:56","slug":"economy-sahkopoyta-kulmamalli","status":"publish","type":"product","link":"https:\/\/pohjanmaantehtaanmyymala.fi\/en\/tuote\/economy-sahkopoyta-kulmamalli\/","title":{"rendered":"ECONOMY &#8211; s\u00e4hk\u00f6p\u00f6yt\u00e4 kulmamalli"},"content":{"rendered":"<p>S\u00e4hk\u00f6toiminen kulmas\u00e4\u00e4t\u00f6p\u00f6yt\u00e4 istumaseisomaty\u00f6skentely\u00e4 varten kolmella samanaikaisesti s\u00e4\u00e4tyv\u00e4ll\u00e4 jalalla.<\/p>\n<p>P\u00f6yt\u00e4levyn koko 180&#215;105 cm, kannen syvyys 80 cm. Kansilevyn v\u00e4ri on valkoinen.<\/p>\n<p>S\u00e4\u00e4dett\u00e4v\u00e4ll\u00e4 ty\u00f6p\u00f6yd\u00e4ll\u00e4 parannat ty\u00f6skentely ergonomiaa paljon vaihteleva ty\u00f6asento auttaa jaksamaan ty\u00f6p\u00e4iv\u00e4n paremmin.<\/p>\n<p>P\u00f6yd\u00e4n jalkana toimii Ergo-malli. Nostokyky: 120 kg, Ohjaus: kaksi synkronoitua moottoria, \u00e4lyk\u00e4s ohjausyksikk\u00f6: 4 muistipaikkaa. V\u00e4ri: Harmaa, Valkoinen tai musta.<\/p>\n<h3>Mitat:<\/h3>\n<p>Kansikoko: 80\/105&#215;180 cm<br \/>\nKorkeudens\u00e4\u00e4t\u00f6v\u00e4li: 64 \u2013 129 cm<br \/>\nLattiavaste: 60 cm<br \/>\nP\u00f6yt\u00e4vaste: 58 cm<\/p>\n<p>Meitl\u00e4 l\u00f6yd\u00e4t my\u00f6s suorakaiteen- ja kulmamalliset s\u00e4\u00e4t\u00f6p\u00f6yd\u00e4t. Kysy lis\u00e4tietoja <a href=\"https:\/\/www.pohjanmaantehtaanmyymala.fi\/yhteys\/\">myynnist\u00e4mme!<\/a><\/p>\n<p>Toimitetaan osina ja p\u00f6yt\u00e4levyt irrallaan.<\/p>\n","protected":false},"excerpt":{"rendered":"<p>S\u00e4hk\u00f6toiminen kulmas\u00e4\u00e4t\u00f6p\u00f6yt\u00e4 istumaseisomaty\u00f6skentely\u00e4 varten kolmella samanaikaisesti s\u00e4\u00e4tyv\u00e4ll\u00e4 jalalla. P\u00f6yt\u00e4levyn koko 180&#215;105 cm, kannen syvyys 80 cm. Kansilevyn v\u00e4ri on valkoinen. S\u00e4\u00e4dett\u00e4v\u00e4ll\u00e4 ty\u00f6p\u00f6yd\u00e4ll\u00e4 parannat ty\u00f6skentely ergonomiaa paljon vaihteleva ty\u00f6asento auttaa jaksamaan ty\u00f6p\u00e4iv\u00e4n paremmin. P\u00f6yd\u00e4n jalkana toimii Ergo-malli. Nostokyky: 120 kg, Ohjaus: kaksi synkronoitua moottoria, \u00e4lyk\u00e4s ohjausyksikk\u00f6: 4 muistipaikkaa. V\u00e4ri: Harmaa, Valkoinen tai musta. Mitat: Kansikoko: 80\/105&#215;180 [&hellip;]<\/p>\n","protected":false},"featured_media":25925,"comment_status":"closed","ping_status":"closed","template":"","meta":{"_acf_changed":false,"jetpack_post_was_ever_published":false,"jetpack_publicize_message":"","jetpack_publicize_feature_enabled":true,"jetpack_social_post_already_shared":false,"jetpack_social_options":{"image_generator_settings":{"template":"highway","default_image_id":0,"font":"","enabled":false},"version":2}},"product_brand":[185],"product_cat":[197],"product_tag":[],"class_list":{"0":"post-9387","1":"product","2":"type-product","3":"status-publish","4":"has-post-thumbnail","6":"product_brand-toplux","7":"product_cat-toimistokalusteet","8":"product_shipping_class-161","10":"first","11":"instock","12":"sale","13":"purchasable","14":"product-type-simple"},"acf":[],"jetpack_publicize_connections":[],"jetpack_sharing_enabled":true,"jetpack-related-posts":[{"id":10852,"url":"https:\/\/pohjanmaantehtaanmyymala.fi\/en\/tuote\/unipuu-pikkuparvi-80-va\/","url_meta":{"origin":9387,"position":0},"title":"UNIPUU \u2013 pikkuparvi 80","author":"petri","date":"September 14, 2019","format":false,"excerpt":"Unipuu-pikkuparvi on pienen huoneen tilaihme.","rel":"","context":"Similar post","block_context":{"text":"Similar post","link":""},"img":{"alt_text":"Pikkuparvi levypohjalla valkoinen","src":"https:\/\/i0.wp.com\/pohjanmaantehtaanmyymala.fi\/wp-content\/uploads\/2019\/09\/Pikkuparvi_valkoinen_lowres.jpg?fit=960%2C960&ssl=1&resize=350%2C200","width":350,"height":200,"srcset":"https:\/\/i0.wp.com\/pohjanmaantehtaanmyymala.fi\/wp-content\/uploads\/2019\/09\/Pikkuparvi_valkoinen_lowres.jpg?fit=960%2C960&ssl=1&resize=350%2C200 1x, https:\/\/i0.wp.com\/pohjanmaantehtaanmyymala.fi\/wp-content\/uploads\/2019\/09\/Pikkuparvi_valkoinen_lowres.jpg?fit=960%2C960&ssl=1&resize=525%2C300 1.5x, https:\/\/i0.wp.com\/pohjanmaantehtaanmyymala.fi\/wp-content\/uploads\/2019\/09\/Pikkuparvi_valkoinen_lowres.jpg?fit=960%2C960&ssl=1&resize=700%2C400 2x"},"classes":[]},{"id":10842,"url":"https:\/\/pohjanmaantehtaanmyymala.fi\/en\/tuote\/unipuu-kerrossanky-80-va\/","url_meta":{"origin":9387,"position":1},"title":"UNIPUU \u2013 kerross\u00e4nky 80","author":"petri","date":"September 14, 2019","format":false,"excerpt":"Unipuu -kalustesarja on ilahduttanut ihmisi\u00e4 funktionaalisuudellaan jo vuosikymmeni\u00e4. Unipuu kasvaa perheen mukana. Unipuu-sarjan monipuolisesta valikoimasta l\u00f6ytyy lukuisia kesken\u00e4\u00e4n yhteensopivia osia, joista saa muunneltavia ja tilaa s\u00e4\u00e4st\u00e4vi\u00e4 vuoderatkaisuja perheen ja lapsen eri el\u00e4m\u00e4nvaiheiden tarpeisiin Kerross\u00e4ngyst\u00e4 saat helposti muodostettua kaksi erillist\u00e4 s\u00e4nky\u00e4. Tuotetiedot: Mitat L 211 cm x S 86 cm x\u2026","rel":"","context":"Similar post","block_context":{"text":"Similar post","link":""},"img":{"alt_text":"","src":"https:\/\/i0.wp.com\/pohjanmaantehtaanmyymala.fi\/wp-content\/uploads\/2019\/09\/Unipuu_kerrossanky_valkoinen_low_res.jpg?fit=960%2C960&ssl=1&resize=350%2C200","width":350,"height":200,"srcset":"https:\/\/i0.wp.com\/pohjanmaantehtaanmyymala.fi\/wp-content\/uploads\/2019\/09\/Unipuu_kerrossanky_valkoinen_low_res.jpg?fit=960%2C960&ssl=1&resize=350%2C200 1x, https:\/\/i0.wp.com\/pohjanmaantehtaanmyymala.fi\/wp-content\/uploads\/2019\/09\/Unipuu_kerrossanky_valkoinen_low_res.jpg?fit=960%2C960&ssl=1&resize=525%2C300 1.5x, https:\/\/i0.wp.com\/pohjanmaantehtaanmyymala.fi\/wp-content\/uploads\/2019\/09\/Unipuu_kerrossanky_valkoinen_low_res.jpg?fit=960%2C960&ssl=1&resize=700%2C400 2x"},"classes":[]},{"id":10845,"url":"https:\/\/pohjanmaantehtaanmyymala.fi\/en\/tuote\/unipuu-parvisanky-80-va\/","url_meta":{"origin":9387,"position":2},"title":"UNIPUU \u2013 parvis\u00e4nky 80","author":"petri","date":"September 14, 2019","format":false,"excerpt":"T\u00e4ll\u00e4 s\u00e4ngyll\u00e4 saat huoneen neli\u00f6t tehok\u00e4ytt\u00f6\u00f6n.","rel":"","context":"Similar post","block_context":{"text":"Similar post","link":""},"img":{"alt_text":"","src":"https:\/\/i0.wp.com\/pohjanmaantehtaanmyymala.fi\/wp-content\/uploads\/2019\/09\/uNIPUU_PARVISANKY_VALKOINEN_LOW_RES.jpg?fit=960%2C960&ssl=1&resize=350%2C200","width":350,"height":200,"srcset":"https:\/\/i0.wp.com\/pohjanmaantehtaanmyymala.fi\/wp-content\/uploads\/2019\/09\/uNIPUU_PARVISANKY_VALKOINEN_LOW_RES.jpg?fit=960%2C960&ssl=1&resize=350%2C200 1x, https:\/\/i0.wp.com\/pohjanmaantehtaanmyymala.fi\/wp-content\/uploads\/2019\/09\/uNIPUU_PARVISANKY_VALKOINEN_LOW_RES.jpg?fit=960%2C960&ssl=1&resize=525%2C300 1.5x, https:\/\/i0.wp.com\/pohjanmaantehtaanmyymala.fi\/wp-content\/uploads\/2019\/09\/uNIPUU_PARVISANKY_VALKOINEN_LOW_RES.jpg?fit=960%2C960&ssl=1&resize=700%2C400 2x"},"classes":[]},{"id":10854,"url":"https:\/\/pohjanmaantehtaanmyymala.fi\/en\/tuote\/unipuu-sanky-80-va\/","url_meta":{"origin":9387,"position":3},"title":"UNIPUU \u2013 s\u00e4nky 80","author":"petri","date":"September 14, 2019","format":false,"excerpt":"Perinteinen s\u00e4nky Unipuu s\u00e4nky on valmistettu Suomessa.","rel":"","context":"Similar post","block_context":{"text":"Similar post","link":""},"img":{"alt_text":"","src":"https:\/\/i0.wp.com\/pohjanmaantehtaanmyymala.fi\/wp-content\/uploads\/2019\/09\/Unipuu_sanky_valkoinen_.jpg?fit=960%2C960&ssl=1&resize=350%2C200","width":350,"height":200,"srcset":"https:\/\/i0.wp.com\/pohjanmaantehtaanmyymala.fi\/wp-content\/uploads\/2019\/09\/Unipuu_sanky_valkoinen_.jpg?fit=960%2C960&ssl=1&resize=350%2C200 1x, https:\/\/i0.wp.com\/pohjanmaantehtaanmyymala.fi\/wp-content\/uploads\/2019\/09\/Unipuu_sanky_valkoinen_.jpg?fit=960%2C960&ssl=1&resize=525%2C300 1.5x, https:\/\/i0.wp.com\/pohjanmaantehtaanmyymala.fi\/wp-content\/uploads\/2019\/09\/Unipuu_sanky_valkoinen_.jpg?fit=960%2C960&ssl=1&resize=700%2C400 2x"},"classes":[]},{"id":10881,"url":"https:\/\/pohjanmaantehtaanmyymala.fi\/en\/tuote\/eden-1-petauspatja-profiloitu-80-cm-levea\/","url_meta":{"origin":9387,"position":4},"title":"EDEN 1 -petauspatja 80x200x5 cm","author":"petri","date":"September 14, 2019","format":false,"excerpt":"Hilding Andersin Suomessa valmistamassa petauspatjassa on kaunis valkoinen joustokangasp\u00e4\u00e4llinen.","rel":"","context":"Similar post","block_context":{"text":"Similar post","link":""},"img":{"alt_text":"Eden 1-petauspatja 90x200x5cm","src":"https:\/\/i0.wp.com\/pohjanmaantehtaanmyymala.fi\/wp-content\/uploads\/2019\/09\/Eden_1-petauspatja_90x200x5cm.jpg?fit=1200%2C1200&ssl=1&resize=350%2C200","width":350,"height":200,"srcset":"https:\/\/i0.wp.com\/pohjanmaantehtaanmyymala.fi\/wp-content\/uploads\/2019\/09\/Eden_1-petauspatja_90x200x5cm.jpg?fit=1200%2C1200&ssl=1&resize=350%2C200 1x, https:\/\/i0.wp.com\/pohjanmaantehtaanmyymala.fi\/wp-content\/uploads\/2019\/09\/Eden_1-petauspatja_90x200x5cm.jpg?fit=1200%2C1200&ssl=1&resize=525%2C300 1.5x, https:\/\/i0.wp.com\/pohjanmaantehtaanmyymala.fi\/wp-content\/uploads\/2019\/09\/Eden_1-petauspatja_90x200x5cm.jpg?fit=1200%2C1200&ssl=1&resize=700%2C400 2x, https:\/\/i0.wp.com\/pohjanmaantehtaanmyymala.fi\/wp-content\/uploads\/2019\/09\/Eden_1-petauspatja_90x200x5cm.jpg?fit=1200%2C1200&ssl=1&resize=1050%2C600 3x"},"classes":[]},{"id":21694,"url":"https:\/\/pohjanmaantehtaanmyymala.fi\/en\/tuote\/emmi-ruokaryhma-4-tuolilla-valkoinen-tammi\/","url_meta":{"origin":9387,"position":5},"title":"Emmi ruokaryhm\u00e4 4 tuolilla valkoinen\/tammi","author":"Sami Viitala","date":"November 22, 2022","format":false,"excerpt":"Perinteinen Emmi- ruokailuryhm\u00e4 sis\u00e4lt\u00e4\u00e4 Rustiikki p\u00f6yd\u00e4n 140*80 cm ja 4 kpl Emmi tuolia. Emmi ruokailuryhm\u00e4 on valmistettu koivusta ja tammesta. P\u00f6yd\u00e4n jalkaosat ja tuolien rungot on maalattu valkoiseksi. Rustiikki p\u00f6yd\u00e4ss\u00e4 on tammikansi, joka on nimens\u00e4 mukaisesti rustiikkinen, eli hieman jo vanhan ja k\u00e4ytetyn n\u00e4k\u00f6inen uutena. Emmi-tuolien istuimissa on my\u00f6s rustiikkinen\u2026","rel":"","context":"Similar post","block_context":{"text":"Similar post","link":""},"img":{"alt_text":"Emmi ruokaryhm\u00e4 140x80 cm 4-tuolilla valkoinen\/rustiikkitammi","src":"https:\/\/i0.wp.com\/pohjanmaantehtaanmyymala.fi\/wp-content\/uploads\/2022\/11\/Emmi-ruokaryhma-4tuolilla-valkoinen-tammi.jpg?fit=960%2C960&ssl=1&resize=350%2C200","width":350,"height":200,"srcset":"https:\/\/i0.wp.com\/pohjanmaantehtaanmyymala.fi\/wp-content\/uploads\/2022\/11\/Emmi-ruokaryhma-4tuolilla-valkoinen-tammi.jpg?fit=960%2C960&ssl=1&resize=350%2C200 1x, https:\/\/i0.wp.com\/pohjanmaantehtaanmyymala.fi\/wp-content\/uploads\/2022\/11\/Emmi-ruokaryhma-4tuolilla-valkoinen-tammi.jpg?fit=960%2C960&ssl=1&resize=525%2C300 1.5x, https:\/\/i0.wp.com\/pohjanmaantehtaanmyymala.fi\/wp-content\/uploads\/2022\/11\/Emmi-ruokaryhma-4tuolilla-valkoinen-tammi.jpg?fit=960%2C960&ssl=1&resize=700%2C400 2x"},"classes":[]}],"_links":{"self":[{"href":"https:\/\/pohjanmaantehtaanmyymala.fi\/en\/wp-json\/wp\/v2\/product\/9387","targetHints":{"allow":["GET"]}}],"collection":[{"href":"https:\/\/pohjanmaantehtaanmyymala.fi\/en\/wp-json\/wp\/v2\/product"}],"about":[{"href":"https:\/\/pohjanmaantehtaanmyymala.fi\/en\/wp-json\/wp\/v2\/types\/product"}],"replies":[{"embeddable":true,"href":"https:\/\/pohjanmaantehtaanmyymala.fi\/en\/wp-json\/wp\/v2\/comments?post=9387"}],"wp:featuredmedia":[{"embeddable":true,"href":"https:\/\/pohjanmaantehtaanmyymala.fi\/en\/wp-json\/wp\/v2\/media\/25925"}],"wp:attachment":[{"href":"https:\/\/pohjanmaantehtaanmyymala.fi\/en\/wp-json\/wp\/v2\/media?parent=9387"}],"wp:term":[{"taxonomy":"product_brand","embeddable":true,"href":"https:\/\/pohjanmaantehtaanmyymala.fi\/en\/wp-json\/wp\/v2\/product_brand?post=9387"},{"taxonomy":"product_cat","embeddable":true,"href":"https:\/\/pohjanmaantehtaanmyymala.fi\/en\/wp-json\/wp\/v2\/product_cat?post=9387"},{"taxonomy":"product_tag","embeddable":true,"href":"https:\/\/pohjanmaantehtaanmyymala.fi\/en\/wp-json\/wp\/v2\/product_tag?post=9387"}],"curies":[{"name":"wp","href":"https:\/\/api.w.org\/{rel}","templated":true}]}}