{"id":9386,"date":"2019-09-14T09:34:13","date_gmt":"2019-09-14T07:34:13","guid":{"rendered":""},"modified":"2025-10-27T16:33:16","modified_gmt":"2025-10-27T14:33:16","slug":"team-pro-40-tyotuoli-musta","status":"publish","type":"product","link":"https:\/\/pohjanmaantehtaanmyymala.fi\/en\/tuote\/team-pro-40-tyotuoli-musta\/","title":{"rendered":"TEAM PRO 40 \u2013 ty\u00f6tuoli"},"content":{"rendered":"<p>Pro 40 -ty\u00f6tuolimalli on suunniteltu toimistoty\u00f6h\u00f6n, jossa tarvitaan istuinmukavuutta koko pitk\u00e4n ty\u00f6p\u00e4iv\u00e4n ajan. Pro 20 -ty\u00f6tuolissa on korkea selk\u00e4noja, jossa on s\u00e4\u00e4dett\u00e4v\u00e4 niskatuki sek\u00e4 kaikki ty\u00f6tuolille vaadittavat s\u00e4\u00e4t\u00f6mahdollisuudet.<\/p>\n<p>Ty\u00f6tuolia on saatavilla Harmaana, Mustana ja Vihre\u00e4n\u00e4.<br \/>\nTuote toimitetaan osina pahvilaatikkossa.<\/p>\n<h3><strong>Tuotetiedot:<\/strong><\/h3>\n<h4>Kangas:<\/h4>\n<p>Dove -kangas, 100 % polyester.<br \/>\nV\u00e4rit; Harmaa, Musta ja Vihre\u00e4.<br \/>\n50 000 Martindale<br \/>\nPaloluokka EN 1021-1 &amp; 2<\/p>\n<h4>Ominaisuudet:<\/h4>\n<p>Istuinkaltevuuden s\u00e4\u00e4t\u00f6, my\u00f6s eteenp\u00e4in kallistus<br \/>\nIstuinsyvyyden s\u00e4\u00e4t\u00f6<br \/>\nSelk\u00e4nojankaltevuuden s\u00e4\u00e4t\u00f6<br \/>\nIstujan painon mukaan s\u00e4\u00e4dett\u00e4v\u00e4 keinumekanismi<br \/>\norkeus- ja leveyssuunnassa s\u00e4\u00e4dett\u00e4v\u00e4t k\u00e4sinojat<br \/>\nKorkeus- ja syvyyssuunnassa s\u00e4\u00e4dett\u00e4v\u00e4 niskatuki<br \/>\nSelk\u00e4nojan korkeuss\u00e4\u00e4t\u00f6 liftup mekanismilla<br \/>\nPehme\u00e4t PU-py\u00f6r\u00e4t koville lattiapinnoille<\/p>\n<h4>Mitat:<\/h4>\n<p>Jalkaristikon halkaisija: 72 cm<br \/>\nIstuimen korkeus: 46-51 cm<br \/>\nIstuimen leveys: 51 cm<br \/>\nIstuimen syvyys: 51 cm<br \/>\nSelk\u00e4nojan korkeus: 54 cm<br \/>\nSelk\u00e4nojan leveys: 47 cm<br \/>\nSelk\u00e4nojan korkeuden s\u00e4\u00e4t\u00f6vara: 7 cm<br \/>\nK\u00e4sinojien leveyden s\u00e4\u00e4t\u00f6vara: 4,5 cm<br \/>\nK\u00e4sinojien korkeuden s\u00e4\u00e4t\u00f6vara: 6 cm<\/p>\n<p><strong>Lis\u00e4varusteet: <\/strong>Kysy hintatiedot <a href=\"https:\/\/pohjanmaantehtaanmyymala.fi\/yhteys\/\">myynnist\u00e4mme!<\/a><strong><br \/>\n<\/strong><\/p>\n<p>Liukunastat<br \/>\nVapautuvat py\u00f6r\u00e4t<br \/>\nKaasujousen korotusosa 12,5 tai 20 cm<br \/>\nJalkarengas<\/p>\n<p>Takuu 5 vuotta.<\/p>\n","protected":false},"excerpt":{"rendered":"<p>Pro 40 -ty\u00f6tuolimalli on suunniteltu toimistoty\u00f6h\u00f6n, jossa tarvitaan istuinmukavuutta koko pitk\u00e4n ty\u00f6p\u00e4iv\u00e4n ajan. Pro 20 -ty\u00f6tuolissa on korkea selk\u00e4noja, jossa on s\u00e4\u00e4dett\u00e4v\u00e4 niskatuki sek\u00e4 kaikki ty\u00f6tuolille vaadittavat s\u00e4\u00e4t\u00f6mahdollisuudet. Ty\u00f6tuolia on saatavilla Harmaana, Mustana ja Vihre\u00e4n\u00e4. Tuote toimitetaan osina pahvilaatikkossa. Tuotetiedot: Kangas: Dove -kangas, 100 % polyester. V\u00e4rit; Harmaa, Musta ja Vihre\u00e4. 50 000 Martindale Paloluokka [&hellip;]<\/p>\n","protected":false},"featured_media":12667,"comment_status":"closed","ping_status":"closed","template":"","meta":{"_acf_changed":false,"jetpack_post_was_ever_published":false,"jetpack_publicize_message":"","jetpack_publicize_feature_enabled":true,"jetpack_social_post_already_shared":false,"jetpack_social_options":{"image_generator_settings":{"template":"highway","default_image_id":0,"font":"","enabled":false},"version":2}},"product_brand":[185],"product_cat":[197,381],"product_tag":[],"class_list":{"0":"post-9386","1":"product","2":"type-product","3":"status-publish","4":"has-post-thumbnail","6":"product_brand-toplux","7":"product_cat-toimistokalusteet","8":"product_cat-tyotuolit","9":"product_shipping_class-161","10":"pa_vari-musta","12":"first","13":"instock","14":"sale","15":"purchasable","16":"product-type-simple"},"acf":[],"jetpack_publicize_connections":[],"jetpack_sharing_enabled":true,"jetpack-related-posts":[{"id":12658,"url":"https:\/\/pohjanmaantehtaanmyymala.fi\/en\/tuote\/team-pro-20-tyotuoli\/","url_meta":{"origin":9386,"position":0},"title":"TEAM PRO 20 \u2013 ty\u00f6tuoli","author":"Sami Viitala","date":"September 10, 2020","format":false,"excerpt":"Pro 20 -ty\u00f6tuolimalli on suunniteltu toimistoty\u00f6h\u00f6n, jossa tarvitaan istuinmukavuutta koko pitk\u00e4n ty\u00f6p\u00e4iv\u00e4n ajan. Pro 20 -ty\u00f6tuoli on kompaktin kokoinen, jossa on kaikki ty\u00f6tuolille vaadittavat s\u00e4\u00e4t\u00f6mahdollisuudet. Ty\u00f6tuolia on saatavilla Harmaana, Mustana ja Vihre\u00e4n\u00e4. Takuu 5 vuotta. Ominaisuudet: Istuinkaltevuuden s\u00e4\u00e4t\u00f6 Selk\u00e4nojankaltevuuden s\u00e4\u00e4t\u00f6 Istujan painon mukaan s\u00e4\u00e4dett\u00e4v\u00e4 keinumekanismi Istuinsyyvyyden s\u00e4\u00e4t\u00f6 Korkeus- ja leveyssuunnassa\u2026","rel":"","context":"Similar post","block_context":{"text":"Similar post","link":""},"img":{"alt_text":"Team Pro 40 ty\u00f6tuoli musta","src":"https:\/\/i0.wp.com\/pohjanmaantehtaanmyymala.fi\/wp-content\/uploads\/2019\/09\/Pro20-tyotuoli-musta.jpg?fit=1200%2C1200&ssl=1&resize=350%2C200","width":350,"height":200,"srcset":"https:\/\/i0.wp.com\/pohjanmaantehtaanmyymala.fi\/wp-content\/uploads\/2019\/09\/Pro20-tyotuoli-musta.jpg?fit=1200%2C1200&ssl=1&resize=350%2C200 1x, https:\/\/i0.wp.com\/pohjanmaantehtaanmyymala.fi\/wp-content\/uploads\/2019\/09\/Pro20-tyotuoli-musta.jpg?fit=1200%2C1200&ssl=1&resize=525%2C300 1.5x, https:\/\/i0.wp.com\/pohjanmaantehtaanmyymala.fi\/wp-content\/uploads\/2019\/09\/Pro20-tyotuoli-musta.jpg?fit=1200%2C1200&ssl=1&resize=700%2C400 2x, https:\/\/i0.wp.com\/pohjanmaantehtaanmyymala.fi\/wp-content\/uploads\/2019\/09\/Pro20-tyotuoli-musta.jpg?fit=1200%2C1200&ssl=1&resize=1050%2C600 3x"},"classes":[]},{"id":25794,"url":"https:\/\/pohjanmaantehtaanmyymala.fi\/en\/tuote\/comfo-two-tyotuoli\/","url_meta":{"origin":9386,"position":1},"title":"Comfo Two ty\u00f6tuoli k\u00e4sinojilla","author":"Miro Nevala","date":"February 20, 2024","format":false,"excerpt":"Ergonominen ja monipuolisilla s\u00e4\u00e4t\u00f6mahdollisuuksilla varustettu ty\u00f6tuoli!","rel":"","context":"Similar post","block_context":{"text":"Similar post","link":""},"img":{"alt_text":"Comfo Two ty\u00f6tuoli musta","src":"https:\/\/i0.wp.com\/pohjanmaantehtaanmyymala.fi\/wp-content\/uploads\/2024\/02\/Comfo-Two-960dpi.jpg?fit=960%2C960&ssl=1&resize=350%2C200","width":350,"height":200,"srcset":"https:\/\/i0.wp.com\/pohjanmaantehtaanmyymala.fi\/wp-content\/uploads\/2024\/02\/Comfo-Two-960dpi.jpg?fit=960%2C960&ssl=1&resize=350%2C200 1x, https:\/\/i0.wp.com\/pohjanmaantehtaanmyymala.fi\/wp-content\/uploads\/2024\/02\/Comfo-Two-960dpi.jpg?fit=960%2C960&ssl=1&resize=525%2C300 1.5x, https:\/\/i0.wp.com\/pohjanmaantehtaanmyymala.fi\/wp-content\/uploads\/2024\/02\/Comfo-Two-960dpi.jpg?fit=960%2C960&ssl=1&resize=700%2C400 2x"},"classes":[]},{"id":12730,"url":"https:\/\/pohjanmaantehtaanmyymala.fi\/en\/tuote\/team-11-tyotuoli\/","url_meta":{"origin":9386,"position":2},"title":"TEAM 11 \u2013 ty\u00f6tuoli musta","author":"Sami Viitala","date":"September 11, 2020","format":false,"excerpt":"Topluxin Team 11 -ty\u00f6tuoli on suosittu malli, joka suunniteltu toimistoty\u00f6h\u00f6n, jossa tarvitaan istuinmukavuutta koko pitk\u00e4n ty\u00f6p\u00e4iv\u00e4n ajan. T\u00e4st\u00e4 ty\u00f6tuolista l\u00f6ytyy kaikki ty\u00f6tuolille vaadittavat s\u00e4\u00e4t\u00f6mahdollisuudet. Ty\u00f6tuolia on saatavilla Mustana. Ominaisuudet: Kaasujousella toteutettu korkeuden s\u00e4\u00e4t\u00f6 Istuinkaltevuuden s\u00e4\u00e4t\u00f6 Selk\u00e4nojan kaltevuuden s\u00e4\u00e4t\u00f6 Korkeus- ja leveyssuunnassa s\u00e4\u00e4dett\u00e4v\u00e4t k\u00e4sinojat Selk\u00e4nojan korkeuss\u00e4\u00e4t\u00f6 Pehme\u00e4t PU-py\u00f6r\u00e4t koville lattiapinnoille Mitat:\u2026","rel":"","context":"Similar post","block_context":{"text":"Similar post","link":""},"img":{"alt_text":"Toplux Team 11 ty\u00f6tuoli k\u00e4sinojilla musta","src":"https:\/\/i0.wp.com\/pohjanmaantehtaanmyymala.fi\/wp-content\/uploads\/2020\/09\/Team_11-2.jpg?fit=960%2C960&ssl=1&resize=350%2C200","width":350,"height":200,"srcset":"https:\/\/i0.wp.com\/pohjanmaantehtaanmyymala.fi\/wp-content\/uploads\/2020\/09\/Team_11-2.jpg?fit=960%2C960&ssl=1&resize=350%2C200 1x, https:\/\/i0.wp.com\/pohjanmaantehtaanmyymala.fi\/wp-content\/uploads\/2020\/09\/Team_11-2.jpg?fit=960%2C960&ssl=1&resize=525%2C300 1.5x, https:\/\/i0.wp.com\/pohjanmaantehtaanmyymala.fi\/wp-content\/uploads\/2020\/09\/Team_11-2.jpg?fit=960%2C960&ssl=1&resize=700%2C400 2x"},"classes":[]},{"id":25891,"url":"https:\/\/pohjanmaantehtaanmyymala.fi\/en\/tuote\/sitio-delux-tyotuoli-korkea\/","url_meta":{"origin":9386,"position":3},"title":"Sitio Delux-ty\u00f6tuoli korkea","author":"Miro Nevala","date":"October 2, 2024","format":false,"excerpt":"Niskatuella varustettu keinonahka johtajatason neuvottelu- ja ty\u00f6tuoli!","rel":"","context":"Similar post","block_context":{"text":"Similar post","link":""},"img":{"alt_text":"Sitio Delux ty\u00f6tuoli korkea musta","src":"https:\/\/i0.wp.com\/pohjanmaantehtaanmyymala.fi\/wp-content\/uploads\/2024\/02\/Sitio-Delux-korkea-musta-960dpi-1.jpg?fit=960%2C960&ssl=1&resize=350%2C200","width":350,"height":200,"srcset":"https:\/\/i0.wp.com\/pohjanmaantehtaanmyymala.fi\/wp-content\/uploads\/2024\/02\/Sitio-Delux-korkea-musta-960dpi-1.jpg?fit=960%2C960&ssl=1&resize=350%2C200 1x, https:\/\/i0.wp.com\/pohjanmaantehtaanmyymala.fi\/wp-content\/uploads\/2024\/02\/Sitio-Delux-korkea-musta-960dpi-1.jpg?fit=960%2C960&ssl=1&resize=525%2C300 1.5x, https:\/\/i0.wp.com\/pohjanmaantehtaanmyymala.fi\/wp-content\/uploads\/2024\/02\/Sitio-Delux-korkea-musta-960dpi-1.jpg?fit=960%2C960&ssl=1&resize=700%2C400 2x"},"classes":[]},{"id":22594,"url":"https:\/\/pohjanmaantehtaanmyymala.fi\/en\/tuote\/reija-tyotuoli\/","url_meta":{"origin":9386,"position":4},"title":"Reija ty\u00f6tuoli","author":"Sami Viitala","date":"February 22, 2023","format":false,"excerpt":"Reija ty\u00f6tuoli sopii vaativaan konttority\u00f6h\u00f6n ja sopii mainiosti my\u00f6s teollisuustuoliksi. Tuolissa on laaja istuin ja puolikorkea selk\u00e4noja. Perusmallissa on korkeus- ja selk\u00e4nojan s\u00e4\u00e4t\u00f6 mahdollisuus. Tuoli on hinnoiteltu kirkkaalla jalkaristikolla \u00d8610 mm, matalalla kaasujousella (korkeus 140 mm), pehme\u00e4reunaisilla peruspy\u00f6rill\u00e4 \u00d865 mm sek\u00e4 verhoilu Era-kankaalla. Reija -tuolia saa useilla eri v\u00e4ri- ja\u2026","rel":"","context":"Similar post","block_context":{"text":"Similar post","link":""},"img":{"alt_text":"Reija ty\u00f6tuoli sininen","src":"https:\/\/i0.wp.com\/pohjanmaantehtaanmyymala.fi\/wp-content\/uploads\/2023\/02\/reija-sininen-768x1023-1.jpg?fit=960%2C960&ssl=1&resize=350%2C200","width":350,"height":200,"srcset":"https:\/\/i0.wp.com\/pohjanmaantehtaanmyymala.fi\/wp-content\/uploads\/2023\/02\/reija-sininen-768x1023-1.jpg?fit=960%2C960&ssl=1&resize=350%2C200 1x, https:\/\/i0.wp.com\/pohjanmaantehtaanmyymala.fi\/wp-content\/uploads\/2023\/02\/reija-sininen-768x1023-1.jpg?fit=960%2C960&ssl=1&resize=525%2C300 1.5x, https:\/\/i0.wp.com\/pohjanmaantehtaanmyymala.fi\/wp-content\/uploads\/2023\/02\/reija-sininen-768x1023-1.jpg?fit=960%2C960&ssl=1&resize=700%2C400 2x"},"classes":[]},{"id":25786,"url":"https:\/\/pohjanmaantehtaanmyymala.fi\/en\/tuote\/comfo-one-tyotuoli-kasinojilla\/","url_meta":{"origin":9386,"position":5},"title":"Comfo One ty\u00f6tuoli k\u00e4sinojilla","author":"Miro Nevala","date":"March 3, 2024","format":false,"excerpt":"Ergonominen ja monipuolisilla s\u00e4\u00e4t\u00f6mahdollisuuksilla varustettu ty\u00f6tuoli!","rel":"","context":"Similar post","block_context":{"text":"Similar post","link":""},"img":{"alt_text":"Comfo One ty\u00f6tuoli musta","src":"https:\/\/i0.wp.com\/pohjanmaantehtaanmyymala.fi\/wp-content\/uploads\/2024\/02\/TopLux-Comfo-one-960dpi.jpg?fit=960%2C960&ssl=1&resize=350%2C200","width":350,"height":200,"srcset":"https:\/\/i0.wp.com\/pohjanmaantehtaanmyymala.fi\/wp-content\/uploads\/2024\/02\/TopLux-Comfo-one-960dpi.jpg?fit=960%2C960&ssl=1&resize=350%2C200 1x, https:\/\/i0.wp.com\/pohjanmaantehtaanmyymala.fi\/wp-content\/uploads\/2024\/02\/TopLux-Comfo-one-960dpi.jpg?fit=960%2C960&ssl=1&resize=525%2C300 1.5x, https:\/\/i0.wp.com\/pohjanmaantehtaanmyymala.fi\/wp-content\/uploads\/2024\/02\/TopLux-Comfo-one-960dpi.jpg?fit=960%2C960&ssl=1&resize=700%2C400 2x"},"classes":[]}],"_links":{"self":[{"href":"https:\/\/pohjanmaantehtaanmyymala.fi\/en\/wp-json\/wp\/v2\/product\/9386","targetHints":{"allow":["GET"]}}],"collection":[{"href":"https:\/\/pohjanmaantehtaanmyymala.fi\/en\/wp-json\/wp\/v2\/product"}],"about":[{"href":"https:\/\/pohjanmaantehtaanmyymala.fi\/en\/wp-json\/wp\/v2\/types\/product"}],"replies":[{"embeddable":true,"href":"https:\/\/pohjanmaantehtaanmyymala.fi\/en\/wp-json\/wp\/v2\/comments?post=9386"}],"wp:featuredmedia":[{"embeddable":true,"href":"https:\/\/pohjanmaantehtaanmyymala.fi\/en\/wp-json\/wp\/v2\/media\/12667"}],"wp:attachment":[{"href":"https:\/\/pohjanmaantehtaanmyymala.fi\/en\/wp-json\/wp\/v2\/media?parent=9386"}],"wp:term":[{"taxonomy":"product_brand","embeddable":true,"href":"https:\/\/pohjanmaantehtaanmyymala.fi\/en\/wp-json\/wp\/v2\/product_brand?post=9386"},{"taxonomy":"product_cat","embeddable":true,"href":"https:\/\/pohjanmaantehtaanmyymala.fi\/en\/wp-json\/wp\/v2\/product_cat?post=9386"},{"taxonomy":"product_tag","embeddable":true,"href":"https:\/\/pohjanmaantehtaanmyymala.fi\/en\/wp-json\/wp\/v2\/product_tag?post=9386"}],"curies":[{"name":"wp","href":"https:\/\/api.w.org\/{rel}","templated":true}]}}