{"id":9382,"date":"2019-09-14T09:33:48","date_gmt":"2019-09-14T07:33:48","guid":{"rendered":""},"modified":"2024-02-22T11:54:05","modified_gmt":"2024-02-22T09:54:05","slug":"line-lipasto-kapea-4lla-laatikolla","status":"publish","type":"product","link":"https:\/\/pohjanmaantehtaanmyymala.fi\/en\/tuote\/line-lipasto-kapea-4lla-laatikolla\/","title":{"rendered":"LINE &#8211; lipasto kapea 4:ll\u00e4 laatikolla"},"content":{"rendered":"<p>Kotimainen valkoinen Line-laatikosto nelj\u00e4ll\u00e4 laatikolla.<\/p>\n<p>Puhdaslinjainen Line lipasto toimitetaan valmiiksi kasattuna.<br \/>\nLipaston kansiv\u00e4riksi voit valita valkoisen tai saarnin runko ja etusarjat ovat aina valkoisia.<\/p>\n<p>Leo-Matti Ojalan kauhajoella valmistamasta Line-sarjasta l\u00f6ytyy my\u00f6s tv-tasot senkit ja vitriini.<\/p>\n<p>Tuotetiedot:<br \/>\nValmistettu MDF- ja kalustelevyst\u00e4.<br \/>\nRunkov\u00e4ri valkoinen kansiv\u00e4ri valittavissa: Saarni tai valkoinen.<\/p>\n<p>Toimitetaan valmiiksi koottuna.<\/p>\n","protected":false},"excerpt":{"rendered":"<p>Kotimainen valkoinen Line-laatikosto nelj\u00e4ll\u00e4 laatikolla. Puhdaslinjainen Line lipasto toimitetaan valmiiksi kasattuna. Lipaston kansiv\u00e4riksi voit valita valkoisen tai saarnin runko ja etusarjat ovat aina valkoisia. Leo-Matti Ojalan kauhajoella valmistamasta Line-sarjasta l\u00f6ytyy my\u00f6s tv-tasot senkit ja vitriini. Tuotetiedot: Valmistettu MDF- ja kalustelevyst\u00e4. Runkov\u00e4ri valkoinen kansiv\u00e4ri valittavissa: Saarni tai valkoinen. Toimitetaan valmiiksi koottuna.<\/p>\n","protected":false},"featured_media":10430,"comment_status":"closed","ping_status":"closed","template":"","meta":{"_acf_changed":false,"jetpack_post_was_ever_published":false,"jetpack_publicize_message":"","jetpack_publicize_feature_enabled":true,"jetpack_social_post_already_shared":false,"jetpack_social_options":{"image_generator_settings":{"template":"highway","default_image_id":0,"font":"","enabled":false},"version":2}},"product_brand":[183],"product_cat":[196],"product_tag":[],"class_list":{"0":"post-9382","1":"product","2":"type-product","3":"status-publish","4":"has-post-thumbnail","6":"product_brand-ojala","7":"product_cat-sailytyskalusteet-ja-tv-tasot","8":"product_shipping_class-161","10":"first","11":"instock","12":"purchasable","13":"product-type-simple"},"acf":[],"jetpack_publicize_connections":[],"jetpack_sharing_enabled":true,"jetpack-related-posts":[{"id":9380,"url":"https:\/\/pohjanmaantehtaanmyymala.fi\/en\/tuote\/line-lipasto-3lla-laatikolla\/","url_meta":{"origin":9382,"position":0},"title":"LINE &#8211; lipasto 3:lla laatikolla","author":"petri","date":"September 14, 2019","format":false,"excerpt":"Kotimainen valkoinen Line-laatikosto kolmella laatikolla. Puhdaslinjainen Line lipasto toimitetaan valmiiksi kasattuna. Lipaston kansiv\u00e4riksi voit valita valkoisen tai saarnin runko ja etusarjat ovat aina valkoisia. Leo-Matti Ojalan kauhajoella valmistamasta Line-sarjasta l\u00f6ytyy my\u00f6s tv-tasot senkit ja vitriini. Tuotetiedot: Valmistettu MDF- ja kalustelevyst\u00e4. Runkov\u00e4ri valkoinen kansiv\u00e4ri valittavissa: Saarni tai valkoinen. Toimitetaan valmiiksi koottuna.","rel":"","context":"Similar post","block_context":{"text":"Similar post","link":""},"img":{"alt_text":"","src":"https:\/\/i0.wp.com\/pohjanmaantehtaanmyymala.fi\/wp-content\/uploads\/2019\/09\/Line-lipasto803s.jpg?fit=960%2C960&ssl=1&resize=350%2C200","width":350,"height":200,"srcset":"https:\/\/i0.wp.com\/pohjanmaantehtaanmyymala.fi\/wp-content\/uploads\/2019\/09\/Line-lipasto803s.jpg?fit=960%2C960&ssl=1&resize=350%2C200 1x, https:\/\/i0.wp.com\/pohjanmaantehtaanmyymala.fi\/wp-content\/uploads\/2019\/09\/Line-lipasto803s.jpg?fit=960%2C960&ssl=1&resize=525%2C300 1.5x, https:\/\/i0.wp.com\/pohjanmaantehtaanmyymala.fi\/wp-content\/uploads\/2019\/09\/Line-lipasto803s.jpg?fit=960%2C960&ssl=1&resize=700%2C400 2x"},"classes":[]},{"id":9383,"url":"https:\/\/pohjanmaantehtaanmyymala.fi\/en\/tuote\/line-lipasto-4lla-laatikolla\/","url_meta":{"origin":9382,"position":1},"title":"LINE &#8211; lipasto 4:ll\u00e4 laatikolla","author":"petri","date":"September 14, 2019","format":false,"excerpt":"Kotimainen valkoinen Line-laatikosto nelj\u00e4ll\u00e4 laatikolla. Puhdaslinjainen Line lipasto toimitetaan valmiiksi kasattuna. Lipaston kansiv\u00e4riksi voit valita valkoisen tai saarnin runko ja etusarjat ovat aina valkoisia. Leo-Matti Ojalan kauhajoella valmistamasta Line-sarjasta l\u00f6ytyy my\u00f6s tv-tasot senkit ja vitriini. Tuotetiedot: Valmistettu MDF- ja kalustelevyst\u00e4. Runkov\u00e4ri valkoinen kansiv\u00e4ri valittavissa: Saarni tai valkoinen. Toimitetaan valmiiksi koottuna.","rel":"","context":"Similar post","block_context":{"text":"Similar post","link":""},"img":{"alt_text":"","src":"https:\/\/i0.wp.com\/pohjanmaantehtaanmyymala.fi\/wp-content\/uploads\/2019\/09\/Line-lipasto804s.jpg?fit=960%2C960&ssl=1&resize=350%2C200","width":350,"height":200,"srcset":"https:\/\/i0.wp.com\/pohjanmaantehtaanmyymala.fi\/wp-content\/uploads\/2019\/09\/Line-lipasto804s.jpg?fit=960%2C960&ssl=1&resize=350%2C200 1x, https:\/\/i0.wp.com\/pohjanmaantehtaanmyymala.fi\/wp-content\/uploads\/2019\/09\/Line-lipasto804s.jpg?fit=960%2C960&ssl=1&resize=525%2C300 1.5x, https:\/\/i0.wp.com\/pohjanmaantehtaanmyymala.fi\/wp-content\/uploads\/2019\/09\/Line-lipasto804s.jpg?fit=960%2C960&ssl=1&resize=700%2C400 2x"},"classes":[]},{"id":9381,"url":"https:\/\/pohjanmaantehtaanmyymala.fi\/en\/tuote\/line-lipasto-kapea-3lla-laatikolla\/","url_meta":{"origin":9382,"position":2},"title":"LINE &#8211; lipasto kapea 3:lla laatikolla","author":"petri","date":"September 14, 2019","format":false,"excerpt":"Kotimainen valkoinen Line-laatikosto kolmella laatikolla. Puhdaslinjainen Line lipasto toimitetaan valmiiksi kasattuna. Lipaston kansiv\u00e4riksi voit valita valkoisen tai saarnin runko ja etusarjat ovat aina valkoisia. Leo-Matti Ojalan kauhajoella valmistamasta Line-sarjasta l\u00f6ytyy my\u00f6s tv-tasot senkit ja vitriini. Tuotetiedot: Valmistettu MDF- ja kalustelevyst\u00e4. Runkov\u00e4ri valkoinen kansiv\u00e4ri valittavissa: Saarni tai valkoinen. Toimitetaan valmiiksi koottuna.","rel":"","context":"Similar post","block_context":{"text":"Similar post","link":""},"img":{"alt_text":"","src":"https:\/\/i0.wp.com\/pohjanmaantehtaanmyymala.fi\/wp-content\/uploads\/2019\/09\/Line-lipasto403S.jpg?fit=960%2C960&ssl=1&resize=350%2C200","width":350,"height":200,"srcset":"https:\/\/i0.wp.com\/pohjanmaantehtaanmyymala.fi\/wp-content\/uploads\/2019\/09\/Line-lipasto403S.jpg?fit=960%2C960&ssl=1&resize=350%2C200 1x, https:\/\/i0.wp.com\/pohjanmaantehtaanmyymala.fi\/wp-content\/uploads\/2019\/09\/Line-lipasto403S.jpg?fit=960%2C960&ssl=1&resize=525%2C300 1.5x, https:\/\/i0.wp.com\/pohjanmaantehtaanmyymala.fi\/wp-content\/uploads\/2019\/09\/Line-lipasto403S.jpg?fit=960%2C960&ssl=1&resize=700%2C400 2x"},"classes":[]},{"id":9385,"url":"https:\/\/pohjanmaantehtaanmyymala.fi\/en\/tuote\/line-vitriini\/","url_meta":{"origin":9382,"position":3},"title":"LINE &#8211; vitriini","author":"petri","date":"September 14, 2019","format":false,"excerpt":"Kotimainen. puhdaslinjainen valkoinen Line- vitriini sopii upeasti Suomalaiseen sisustukseen. Vitriinin ovissa helppok\u00e4ytt\u00f6iset push-to-open mekanismit. Vitriinikaappi lasihyllyjen korkeus on s\u00e4\u00e4dett\u00e4viss\u00e4. Line- kalustesarjasta saatavana my\u00f6s lipastot senkit ja tasot. Tuotetiedot: Valmistettu MDF- ja kalustelevyst\u00e4. Runkov\u00e4ri valkoinen kansiv\u00e4ri valittavissa: Saarni tai valkoinen Vitriinin runko valmiiksi kasattu ovet ja hyllyt ovat irrallaan.","rel":"","context":"Similar post","block_context":{"text":"Similar post","link":""},"img":{"alt_text":"","src":"https:\/\/i0.wp.com\/pohjanmaantehtaanmyymala.fi\/wp-content\/uploads\/2019\/09\/Line-vitriini-saarni.jpg?fit=960%2C960&ssl=1&resize=350%2C200","width":350,"height":200,"srcset":"https:\/\/i0.wp.com\/pohjanmaantehtaanmyymala.fi\/wp-content\/uploads\/2019\/09\/Line-vitriini-saarni.jpg?fit=960%2C960&ssl=1&resize=350%2C200 1x, https:\/\/i0.wp.com\/pohjanmaantehtaanmyymala.fi\/wp-content\/uploads\/2019\/09\/Line-vitriini-saarni.jpg?fit=960%2C960&ssl=1&resize=525%2C300 1.5x, https:\/\/i0.wp.com\/pohjanmaantehtaanmyymala.fi\/wp-content\/uploads\/2019\/09\/Line-vitriini-saarni.jpg?fit=960%2C960&ssl=1&resize=700%2C400 2x"},"classes":[]},{"id":9384,"url":"https:\/\/pohjanmaantehtaanmyymala.fi\/en\/tuote\/line-senkki\/","url_meta":{"origin":9382,"position":4},"title":"LINE &#8211; senkki","author":"petri","date":"September 14, 2019","format":false,"excerpt":"Line-kalustesarjan senkki umpiovilla. Puhdaslinjaisen Line- senkin ovissa on vetimett\u00f6m\u00e4t push-to-open mekanismit. Kaikissa ovikaapeissa on sis\u00e4ll\u00e4 korkeuss\u00e4\u00e4dett\u00e4v\u00e4t v\u00e4lihyllyt. Senkin kansiv\u00e4riksi voit valita valkoisen tai saarnin. Tuotetiedot: Valmistettu MDF- ja kalustelevyst\u00e4. Runkov\u00e4ri valkoinen kansiv\u00e4ri valittavissa: Saarni tai valkoinen. Toimitetaan valmiiksi koottuna.","rel":"","context":"Similar post","block_context":{"text":"Similar post","link":""},"img":{"alt_text":"","src":"https:\/\/i0.wp.com\/pohjanmaantehtaanmyymala.fi\/wp-content\/uploads\/2019\/09\/Line-senkki-saarni.jpg?fit=960%2C960&ssl=1&resize=350%2C200","width":350,"height":200,"srcset":"https:\/\/i0.wp.com\/pohjanmaantehtaanmyymala.fi\/wp-content\/uploads\/2019\/09\/Line-senkki-saarni.jpg?fit=960%2C960&ssl=1&resize=350%2C200 1x, https:\/\/i0.wp.com\/pohjanmaantehtaanmyymala.fi\/wp-content\/uploads\/2019\/09\/Line-senkki-saarni.jpg?fit=960%2C960&ssl=1&resize=525%2C300 1.5x, https:\/\/i0.wp.com\/pohjanmaantehtaanmyymala.fi\/wp-content\/uploads\/2019\/09\/Line-senkki-saarni.jpg?fit=960%2C960&ssl=1&resize=700%2C400 2x"},"classes":[]},{"id":10776,"url":"https:\/\/pohjanmaantehtaanmyymala.fi\/en\/tuote\/klaara-lipasto-18\/","url_meta":{"origin":9382,"position":5},"title":"KLAARA 18 Lipasto 2+2 laatikkoa","author":"petri","date":"September 14, 2019","format":false,"excerpt":"Kotimainen Leo-Matti Ojalan valmistama Klaara leve\u00e4 lipasto, jossa on 2 kapeaa ja 2 leve\u00e4\u00e4 laatikkoa. Klaara sarjan runko ja laatikon etusarjojen v\u00e4ri on valkoinen. Kansiv\u00e4rin voi valita valkoisen, harmaan, koivu luonnonv\u00e4risen tai ruskean v\u00e4lilt\u00e4. Tuotetiedot: Runko: maalattua mdf-levy\u00e4 Laatiko: mdf-levy\u00e4 Kansi: Koivu lv, harmaa ja ruskea kansi ovat massiivikoivua sek\u00e4\u2026","rel":"","context":"Similar post","block_context":{"text":"Similar post","link":""},"img":{"alt_text":"Klaara lipasto 2 pikkulaatikolla ja 2 isolla laatikolla valkoinen","src":"https:\/\/i0.wp.com\/pohjanmaantehtaanmyymala.fi\/wp-content\/uploads\/2019\/09\/Klaara-NRO-18-lipasto_318.jpg?fit=960%2C960&ssl=1&resize=350%2C200","width":350,"height":200,"srcset":"https:\/\/i0.wp.com\/pohjanmaantehtaanmyymala.fi\/wp-content\/uploads\/2019\/09\/Klaara-NRO-18-lipasto_318.jpg?fit=960%2C960&ssl=1&resize=350%2C200 1x, https:\/\/i0.wp.com\/pohjanmaantehtaanmyymala.fi\/wp-content\/uploads\/2019\/09\/Klaara-NRO-18-lipasto_318.jpg?fit=960%2C960&ssl=1&resize=525%2C300 1.5x, https:\/\/i0.wp.com\/pohjanmaantehtaanmyymala.fi\/wp-content\/uploads\/2019\/09\/Klaara-NRO-18-lipasto_318.jpg?fit=960%2C960&ssl=1&resize=700%2C400 2x"},"classes":[]}],"_links":{"self":[{"href":"https:\/\/pohjanmaantehtaanmyymala.fi\/en\/wp-json\/wp\/v2\/product\/9382","targetHints":{"allow":["GET"]}}],"collection":[{"href":"https:\/\/pohjanmaantehtaanmyymala.fi\/en\/wp-json\/wp\/v2\/product"}],"about":[{"href":"https:\/\/pohjanmaantehtaanmyymala.fi\/en\/wp-json\/wp\/v2\/types\/product"}],"replies":[{"embeddable":true,"href":"https:\/\/pohjanmaantehtaanmyymala.fi\/en\/wp-json\/wp\/v2\/comments?post=9382"}],"wp:featuredmedia":[{"embeddable":true,"href":"https:\/\/pohjanmaantehtaanmyymala.fi\/en\/wp-json\/wp\/v2\/media\/10430"}],"wp:attachment":[{"href":"https:\/\/pohjanmaantehtaanmyymala.fi\/en\/wp-json\/wp\/v2\/media?parent=9382"}],"wp:term":[{"taxonomy":"product_brand","embeddable":true,"href":"https:\/\/pohjanmaantehtaanmyymala.fi\/en\/wp-json\/wp\/v2\/product_brand?post=9382"},{"taxonomy":"product_cat","embeddable":true,"href":"https:\/\/pohjanmaantehtaanmyymala.fi\/en\/wp-json\/wp\/v2\/product_cat?post=9382"},{"taxonomy":"product_tag","embeddable":true,"href":"https:\/\/pohjanmaantehtaanmyymala.fi\/en\/wp-json\/wp\/v2\/product_tag?post=9382"}],"curies":[{"name":"wp","href":"https:\/\/api.w.org\/{rel}","templated":true}]}}