{"id":9378,"date":"2019-09-14T09:33:26","date_gmt":"2019-09-14T07:33:26","guid":{"rendered":""},"modified":"2024-03-07T11:59:16","modified_gmt":"2024-03-07T09:59:16","slug":"susanna-medi-sanky-90x200-cm","status":"publish","type":"product","link":"https:\/\/pohjanmaantehtaanmyymala.fi\/en\/tuote\/susanna-medi-sanky-90x200-cm\/","title":{"rendered":"SUSANNA senioris\u00e4nky 90&#215;200 cm"},"content":{"rendered":"<p>Talvitien Huonekalutehtaan koivusta valmistettu laadukas Susanna medi-hoivas\u00e4nky on todella tukeva ja kest\u00e4v\u00e4 s\u00e4nky.<br \/>\nS\u00e4ngyn mukana toimitetaan nousutuki ja alaslaskettava turvalaita.\u00a0 Susanna Senioris\u00e4nky on korotettu, joten s\u00e4ngyst\u00e4 nouseminen on vaivatonta.<\/p>\n<p>S\u00e4nkyyn on saatavilla my\u00f6s moottoripohja lis\u00e4hintaan.<\/p>\n<p>S\u00e4nky soveltuu hyvin my\u00f6s hoitokoteihin.<\/p>\n<p>Kaikkia kokoja on lis\u00e4hintaan saatavana korotettuna, pidennettyn\u00e4, lyhennettyn\u00e4 ja levennettyn\u00e4.<\/p>\n<p><strong>Mahdolliset lis\u00e4muutokset:<\/strong><\/p>\n<p>Lis\u00e4hinta +10 % perushintaan:<br \/>\n-pidennys (max 210 cm )<br \/>\n-lyhennys<br \/>\n-korotus (max +10 cm)<br \/>\n-madallus<\/p>\n<p>Kysy lis\u00e4tietoa <a href=\"https:\/\/pohjanmaantehtaanmyymala.fi\/yhteys\/\">myynnist\u00e4mme!<\/a><\/p>\n<h3>Tuotetiedot:<\/h3>\n<p>Valmistettu koivusta.<br \/>\nPatjakoko 90*200cm.<br \/>\nPituus (ulkomitta) 208 cm<br \/>\nLeveys (ulkomitta) 99 cm<br \/>\nP\u00e4\u00e4dyn korkeus 101 cm<br \/>\nJalkap\u00e4\u00e4dyn korkeus 70 cm<br \/>\nSivusarjan korkeus 16 cm.<br \/>\nSivusarjan yl\u00e4reunan korkeus maasta mitattuna 50 cm, vapaa tila s\u00e4ngyn alla 34 cm.<br \/>\nPatjapes\u00e4n korkeus s\u00e4lepohjan p\u00e4\u00e4lt\u00e4 11,5 cm.<\/p>\n<p>Toimitetaan osina.<\/p>\n","protected":false},"excerpt":{"rendered":"<p>Kotimainen Susanna- senioris\u00e4nky nousutuella ja turvalaidalla!<\/p>\n","protected":false},"featured_media":10424,"comment_status":"closed","ping_status":"closed","template":"","meta":{"_acf_changed":false,"jetpack_post_was_ever_published":false,"jetpack_publicize_message":"","jetpack_publicize_feature_enabled":true,"jetpack_social_post_already_shared":false,"jetpack_social_options":{"image_generator_settings":{"template":"highway","default_image_id":0,"font":"","enabled":false},"version":2}},"product_brand":[184],"product_cat":[198,204],"product_tag":[],"class_list":{"0":"post-9378","1":"product","2":"type-product","3":"status-publish","4":"has-post-thumbnail","6":"product_brand-talvitie","7":"product_cat-patjat-ja-sangyt","8":"product_cat-seniorikalusteet","9":"product_shipping_class-161","11":"first","12":"instock","13":"sale","14":"purchasable","15":"product-type-simple"},"acf":[],"jetpack_publicize_connections":[],"jetpack_sharing_enabled":true,"jetpack-related-posts":[{"id":9379,"url":"https:\/\/pohjanmaantehtaanmyymala.fi\/en\/tuote\/susanna-sanky-160x200-cm\/","url_meta":{"origin":9378,"position":0},"title":"SUSANNA \u2013 s\u00e4nky 160&#215;200 cm","author":"petri","date":"September 14, 2019","format":false,"excerpt":"Kotimainen Susanna-s\u00e4nky valmistetaan kokonaan koivusta joka maalataan tai petsataan haluttuun v\u00e4riin. Saatavilla olevat v\u00e4ri: Lakattu koivu, p\u00e4hkin\u00e4, py\u00f6kki, ruskea, valkoinen, mahonki, kastanja ja kirsikka. Tuotetiedot: S\u00e4nky valmistetaan massiivi koivusta s\u00e4lepohja m\u00e4nty\u00e4. Puus\u00e4lepohja sis\u00e4ltyy hintaan Patjakoko 2 kpl 80*200 cm tai 160*200 cm. Toimitetaan osina.","rel":"","context":"Similar post","block_context":{"text":"Similar post","link":""},"img":{"alt_text":"","src":"https:\/\/i0.wp.com\/pohjanmaantehtaanmyymala.fi\/wp-content\/uploads\/2019\/09\/susanna.jpg?fit=960%2C960&ssl=1&resize=350%2C200","width":350,"height":200,"srcset":"https:\/\/i0.wp.com\/pohjanmaantehtaanmyymala.fi\/wp-content\/uploads\/2019\/09\/susanna.jpg?fit=960%2C960&ssl=1&resize=350%2C200 1x, https:\/\/i0.wp.com\/pohjanmaantehtaanmyymala.fi\/wp-content\/uploads\/2019\/09\/susanna.jpg?fit=960%2C960&ssl=1&resize=525%2C300 1.5x, https:\/\/i0.wp.com\/pohjanmaantehtaanmyymala.fi\/wp-content\/uploads\/2019\/09\/susanna.jpg?fit=960%2C960&ssl=1&resize=700%2C400 2x"},"classes":[]},{"id":20224,"url":"https:\/\/pohjanmaantehtaanmyymala.fi\/en\/tuote\/notte-sanky-160x200-cm-koivu\/","url_meta":{"origin":9378,"position":1},"title":"Notte s\u00e4nky 160&#215;200 cm koivu","author":"Sami Viitala","date":"March 28, 2022","format":false,"excerpt":"Kiteen Huonekalutehtaan valmistama Notte koivus\u00e4nky on trendikk\u00e4\u00e4n tyylik\u00e4s, ja moderniin kotiin hyvin. S\u00e4nky\u00e4 on saatavana luonnonv\u00e4risen\u00e4 ja valkoisena. S\u00e4ngyn mukana tulee puinen s\u00e4lepohja. Patjat eiv\u00e4t kuulu hintaan. S\u00e4nky\u00e4 on saatavana my\u00f6s 180 cm leve\u00e4n\u00e4. S\u00e4nkyyn on my\u00f6s tarjolla s\u00e4\u00e4dett\u00e4v\u00e4 moottoripohja. S\u00e4ngyn kokonaismitat: Leveys: 169cm Syvyys: 207cm S\u00e4ngyn alle j\u00e4\u00e4v\u00e4n tilan\u2026","rel":"","context":"Similar post","block_context":{"text":"Similar post","link":""},"img":{"alt_text":"Kiteen Notte paris\u00e4nky koivu","src":"https:\/\/i0.wp.com\/pohjanmaantehtaanmyymala.fi\/wp-content\/uploads\/2022\/03\/Kiteen_Notte_sanky_koivu.jpg?fit=960%2C960&ssl=1&resize=350%2C200","width":350,"height":200,"srcset":"https:\/\/i0.wp.com\/pohjanmaantehtaanmyymala.fi\/wp-content\/uploads\/2022\/03\/Kiteen_Notte_sanky_koivu.jpg?fit=960%2C960&ssl=1&resize=350%2C200 1x, https:\/\/i0.wp.com\/pohjanmaantehtaanmyymala.fi\/wp-content\/uploads\/2022\/03\/Kiteen_Notte_sanky_koivu.jpg?fit=960%2C960&ssl=1&resize=525%2C300 1.5x, https:\/\/i0.wp.com\/pohjanmaantehtaanmyymala.fi\/wp-content\/uploads\/2022\/03\/Kiteen_Notte_sanky_koivu.jpg?fit=960%2C960&ssl=1&resize=700%2C400 2x"},"classes":[]},{"id":19307,"url":"https:\/\/pohjanmaantehtaanmyymala.fi\/en\/tuote\/susanna-divaanivuodesohva\/","url_meta":{"origin":9378,"position":2},"title":"Susanna divaanivuodesohva","author":"Sami Viitala","date":"November 27, 2021","format":false,"excerpt":"K\u00e4tev\u00e4 vuodesohva, jossa on divaani ja vuodevaatelaatikko.","rel":"","context":"Similar post","block_context":{"text":"Similar post","link":""},"img":{"alt_text":"Susanna vuodedivaanisohva harmaa divaaniosa auki","src":"https:\/\/i0.wp.com\/pohjanmaantehtaanmyymala.fi\/wp-content\/uploads\/2021\/11\/Susanna1-vuodedivaani-malmo95-auki.jpg?fit=960%2C960&ssl=1&resize=350%2C200","width":350,"height":200,"srcset":"https:\/\/i0.wp.com\/pohjanmaantehtaanmyymala.fi\/wp-content\/uploads\/2021\/11\/Susanna1-vuodedivaani-malmo95-auki.jpg?fit=960%2C960&ssl=1&resize=350%2C200 1x, https:\/\/i0.wp.com\/pohjanmaantehtaanmyymala.fi\/wp-content\/uploads\/2021\/11\/Susanna1-vuodedivaani-malmo95-auki.jpg?fit=960%2C960&ssl=1&resize=525%2C300 1.5x, https:\/\/i0.wp.com\/pohjanmaantehtaanmyymala.fi\/wp-content\/uploads\/2021\/11\/Susanna1-vuodedivaani-malmo95-auki.jpg?fit=960%2C960&ssl=1&resize=700%2C400 2x"},"classes":[]},{"id":20255,"url":"https:\/\/pohjanmaantehtaanmyymala.fi\/en\/tuote\/mori-sanky-koivua-eri-kokoja\/","url_meta":{"origin":9378,"position":3},"title":"Mori s\u00e4nky koivua, eri kokoja","author":"Sami Viitala","date":"March 28, 2022","format":false,"excerpt":"Kotimainen p\u00e4\u00e4dyt\u00f6n koivus\u00e4nky. Valitse koko!","rel":"","context":"Similar post","block_context":{"text":"Similar post","link":""},"img":{"alt_text":"Kiteen Mori s\u00e4nky wenge","src":"https:\/\/i0.wp.com\/pohjanmaantehtaanmyymala.fi\/wp-content\/uploads\/2022\/03\/Mori_sanky_wenge-1.jpg?fit=960%2C960&ssl=1&resize=350%2C200","width":350,"height":200,"srcset":"https:\/\/i0.wp.com\/pohjanmaantehtaanmyymala.fi\/wp-content\/uploads\/2022\/03\/Mori_sanky_wenge-1.jpg?fit=960%2C960&ssl=1&resize=350%2C200 1x, https:\/\/i0.wp.com\/pohjanmaantehtaanmyymala.fi\/wp-content\/uploads\/2022\/03\/Mori_sanky_wenge-1.jpg?fit=960%2C960&ssl=1&resize=525%2C300 1.5x, https:\/\/i0.wp.com\/pohjanmaantehtaanmyymala.fi\/wp-content\/uploads\/2022\/03\/Mori_sanky_wenge-1.jpg?fit=960%2C960&ssl=1&resize=700%2C400 2x"},"classes":[]},{"id":9376,"url":"https:\/\/pohjanmaantehtaanmyymala.fi\/en\/tuote\/sonaatti-sanky-160x200-cm\/","url_meta":{"origin":9378,"position":4},"title":"SONAATTI \u2013 s\u00e4nky 160&#215;200 cm","author":"petri","date":"September 14, 2019","format":false,"excerpt":"Sonaatti s\u00e4nky on kotimaista puusep\u00e4nty\u00f6t\u00e4 parhaimmillaan. Koivusta valmistettu s\u00e4ngynrunko on todella vankkaa tekoa. Sonaatti s\u00e4nkyyn voit valita haluamasi v\u00e4rin nelj\u00e4st\u00e4 eri vaihtoehdosta. Saatavilla olevat v\u00e4ri: Lakattu koivu p\u00e4hkin\u00e4 py\u00f6kki valkoinen. Tuotetiedot: Valmistettu koivusta. Pohjas\u00e4le m\u00e4nty\u00e4. Toimitetaan osina.","rel":"","context":"Similar post","block_context":{"text":"Similar post","link":""},"img":{"alt_text":"","src":"https:\/\/i0.wp.com\/pohjanmaantehtaanmyymala.fi\/wp-content\/uploads\/2018\/04\/Sonaatti-sanky2.jpg?fit=420%2C290&ssl=1&resize=350%2C200","width":350,"height":200},"classes":[]},{"id":20244,"url":"https:\/\/pohjanmaantehtaanmyymala.fi\/en\/tuote\/hilding-flex28-saatopohja\/","url_meta":{"origin":9378,"position":5},"title":"Hilding Flex28 s\u00e4\u00e4t\u00f6pohja 80&#215;200 cm","author":"Sami Viitala","date":"March 28, 2022","format":false,"excerpt":"Markkinoiden paras moottoripohja perinteiseen s\u00e4nkyyn.","rel":"","context":"Similar post","block_context":{"text":"Similar post","link":""},"img":{"alt_text":"Hilding Flex28 moottopohja","src":"https:\/\/i0.wp.com\/pohjanmaantehtaanmyymala.fi\/wp-content\/uploads\/2022\/03\/Flex28-saatopohja-Hilding-80-90.jpg?fit=960%2C960&ssl=1&resize=350%2C200","width":350,"height":200,"srcset":"https:\/\/i0.wp.com\/pohjanmaantehtaanmyymala.fi\/wp-content\/uploads\/2022\/03\/Flex28-saatopohja-Hilding-80-90.jpg?fit=960%2C960&ssl=1&resize=350%2C200 1x, https:\/\/i0.wp.com\/pohjanmaantehtaanmyymala.fi\/wp-content\/uploads\/2022\/03\/Flex28-saatopohja-Hilding-80-90.jpg?fit=960%2C960&ssl=1&resize=525%2C300 1.5x, https:\/\/i0.wp.com\/pohjanmaantehtaanmyymala.fi\/wp-content\/uploads\/2022\/03\/Flex28-saatopohja-Hilding-80-90.jpg?fit=960%2C960&ssl=1&resize=700%2C400 2x"},"classes":[]}],"_links":{"self":[{"href":"https:\/\/pohjanmaantehtaanmyymala.fi\/en\/wp-json\/wp\/v2\/product\/9378","targetHints":{"allow":["GET"]}}],"collection":[{"href":"https:\/\/pohjanmaantehtaanmyymala.fi\/en\/wp-json\/wp\/v2\/product"}],"about":[{"href":"https:\/\/pohjanmaantehtaanmyymala.fi\/en\/wp-json\/wp\/v2\/types\/product"}],"replies":[{"embeddable":true,"href":"https:\/\/pohjanmaantehtaanmyymala.fi\/en\/wp-json\/wp\/v2\/comments?post=9378"}],"wp:featuredmedia":[{"embeddable":true,"href":"https:\/\/pohjanmaantehtaanmyymala.fi\/en\/wp-json\/wp\/v2\/media\/10424"}],"wp:attachment":[{"href":"https:\/\/pohjanmaantehtaanmyymala.fi\/en\/wp-json\/wp\/v2\/media?parent=9378"}],"wp:term":[{"taxonomy":"product_brand","embeddable":true,"href":"https:\/\/pohjanmaantehtaanmyymala.fi\/en\/wp-json\/wp\/v2\/product_brand?post=9378"},{"taxonomy":"product_cat","embeddable":true,"href":"https:\/\/pohjanmaantehtaanmyymala.fi\/en\/wp-json\/wp\/v2\/product_cat?post=9378"},{"taxonomy":"product_tag","embeddable":true,"href":"https:\/\/pohjanmaantehtaanmyymala.fi\/en\/wp-json\/wp\/v2\/product_tag?post=9378"}],"curies":[{"name":"wp","href":"https:\/\/api.w.org\/{rel}","templated":true}]}}