{"id":9280,"date":"2019-09-14T09:31:18","date_gmt":"2019-09-14T07:31:18","guid":{"rendered":"https:\/\/pohjanmaantehtaanmyymala.fi\/tuote\/olivia-ruokapoyta-190cm\/"},"modified":"2026-04-25T11:26:25","modified_gmt":"2026-04-25T09:26:25","slug":"olivia-ruokapoyta-190cm","status":"publish","type":"product","link":"https:\/\/pohjanmaantehtaanmyymala.fi\/en\/tuote\/olivia-ruokapoyta-190cm\/","title":{"rendered":"OLIVIA &#8211; ruokap\u00f6yt\u00e4 190&#215;90 cm"},"content":{"rendered":"<p>Tyylik\u00e4s ja siro Olivia- keitti\u00f6np\u00f6yt\u00e4 todella kest\u00e4v\u00e4ll\u00e4 valkoisella korkeapainelaminaatti kannella.<\/p>\n<p><strong>Poistuva malli, 1 kpl j\u00e4ljell\u00e4. tarkista saatavuus!<\/strong><\/p>\n<h3>Tuotetiedot:<\/h3>\n<p>Kansi: Mdf-levy korkeapainelaminaatti pinnoite valkoinen, reuna musta.<br \/>\nJalat: Mustat.<\/p>\n<p>Toimitetaan jalat irrallaan.<\/p>\n","protected":false},"excerpt":{"rendered":"<p>Tyylik\u00e4s ja siro Olivia- keitti\u00f6np\u00f6yt\u00e4 todella kest\u00e4v\u00e4ll\u00e4 valkoisella korkeapainelaminaatti kannella. Poistuva malli, 1 kpl j\u00e4ljell\u00e4. tarkista saatavuus! Tuotetiedot: Kansi: Mdf-levy korkeapainelaminaatti pinnoite valkoinen, reuna musta. Jalat: Mustat. Toimitetaan jalat irrallaan.<\/p>\n","protected":false},"featured_media":17915,"comment_status":"closed","ping_status":"closed","template":"","meta":{"_acf_changed":false,"jetpack_post_was_ever_published":false,"jetpack_publicize_message":"","jetpack_publicize_feature_enabled":true,"jetpack_social_post_already_shared":false,"jetpack_social_options":{"image_generator_settings":{"template":"highway","default_image_id":0,"font":"","enabled":false},"version":2}},"product_brand":[179],"product_cat":[213,194],"product_tag":[],"class_list":{"0":"post-9280","1":"product","2":"type-product","3":"status-publish","4":"has-post-thumbnail","6":"product_brand-rowico","7":"product_cat-outlet","8":"product_cat-ruokapoydat-ja-tuolit","9":"product_shipping_class-161","11":"first","12":"instock","13":"purchasable","14":"product-type-simple"},"acf":[],"jetpack_publicize_connections":[],"jetpack_sharing_enabled":true,"jetpack-related-posts":[{"id":18646,"url":"https:\/\/pohjanmaantehtaanmyymala.fi\/en\/tuote\/ohio-lankkupoyta-200-cm\/","url_meta":{"origin":9280,"position":0},"title":"Ohio &#8211; lankkup\u00f6yt\u00e4 200&#215;95 cm","author":"Sami Viitala","date":"October 31, 2021","format":false,"excerpt":"Tilava lankkuruokap\u00f6yt\u00e4 metallijaloilla.","rel":"","context":"Similar post","block_context":{"text":"Similar post","link":""},"img":{"alt_text":"Ohio lankkup\u00f6yt\u00e4 200x95 cm smoked-v\u00e4ri metallijaloilla","src":"https:\/\/i0.wp.com\/pohjanmaantehtaanmyymala.fi\/wp-content\/uploads\/2021\/10\/Pohjanmaan_Ohio-lankkupoyta-200.jpg?fit=960%2C960&ssl=1&resize=350%2C200","width":350,"height":200,"srcset":"https:\/\/i0.wp.com\/pohjanmaantehtaanmyymala.fi\/wp-content\/uploads\/2021\/10\/Pohjanmaan_Ohio-lankkupoyta-200.jpg?fit=960%2C960&ssl=1&resize=350%2C200 1x, https:\/\/i0.wp.com\/pohjanmaantehtaanmyymala.fi\/wp-content\/uploads\/2021\/10\/Pohjanmaan_Ohio-lankkupoyta-200.jpg?fit=960%2C960&ssl=1&resize=525%2C300 1.5x, https:\/\/i0.wp.com\/pohjanmaantehtaanmyymala.fi\/wp-content\/uploads\/2021\/10\/Pohjanmaan_Ohio-lankkupoyta-200.jpg?fit=960%2C960&ssl=1&resize=700%2C400 2x"},"classes":[]},{"id":9098,"url":"https:\/\/pohjanmaantehtaanmyymala.fi\/en\/tuote\/fred-ruokapoyta-170cm\/","url_meta":{"origin":9280,"position":1},"title":"FRED &#8211; ruokap\u00f6yt\u00e4 170cm","author":"petri","date":"September 14, 2019","format":false,"excerpt":"Rowicon upea Fred- ruokap\u00f6yt\u00e4 on eritt\u00e4in tukeva tammip\u00f6yt\u00e4. P\u00f6yd\u00e4n kansi on valmistettu kokonaan tammesta. P\u00f6yd\u00e4n tukevat jalat ovat pulverimaalattua metallia. Fred Ruokap\u00f6yd\u00e4n jalat mahdollista asentaa kolmeen eri kohtaan n\u00e4in saat tuolisi sopimaan p\u00f6yd\u00e4n alle optimaalisesti. Saatavissa Tummanruskealla tai Valkopestyll\u00e4 tammikannella. Jalat mustat. Tuotetiedot: Kansi: Massiivitammi. Jalat: Pulverimaalattua metallia. Toimitetaan jalat\u2026","rel":"","context":"Similar post","block_context":{"text":"Similar post","link":""},"img":{"alt_text":"","src":"https:\/\/i0.wp.com\/pohjanmaantehtaanmyymala.fi\/wp-content\/uploads\/2019\/06\/117422-b-Fred-matbord-170-vitpigmenterat-R.jpg?fit=960%2C960&ssl=1&resize=350%2C200","width":350,"height":200,"srcset":"https:\/\/i0.wp.com\/pohjanmaantehtaanmyymala.fi\/wp-content\/uploads\/2019\/06\/117422-b-Fred-matbord-170-vitpigmenterat-R.jpg?fit=960%2C960&ssl=1&resize=350%2C200 1x, https:\/\/i0.wp.com\/pohjanmaantehtaanmyymala.fi\/wp-content\/uploads\/2019\/06\/117422-b-Fred-matbord-170-vitpigmenterat-R.jpg?fit=960%2C960&ssl=1&resize=525%2C300 1.5x, https:\/\/i0.wp.com\/pohjanmaantehtaanmyymala.fi\/wp-content\/uploads\/2019\/06\/117422-b-Fred-matbord-170-vitpigmenterat-R.jpg?fit=960%2C960&ssl=1&resize=700%2C400 2x"},"classes":[]},{"id":9104,"url":"https:\/\/pohjanmaantehtaanmyymala.fi\/en\/tuote\/fred-ruokapoyta-240cm\/","url_meta":{"origin":9280,"position":2},"title":"FRED &#8211; ruokap\u00f6yt\u00e4 240cm","author":"petri","date":"September 14, 2019","format":false,"excerpt":"Rowicon kaunis ja iso Fred-ruokap\u00f6yt\u00e4 on eritt\u00e4in tukeva tammip\u00f6yt\u00e4. P\u00f6yd\u00e4n kansi on valmistettu massiivitammesta. P\u00f6yd\u00e4n jalat ovat pulverimaalattua metallia. Fred-ruokap\u00f6yd\u00e4n jalat mahdollista asentaa kolmeen eri kohtaan, n\u00e4in saat tuolisi sopimaan p\u00f6yd\u00e4n alle optimaalisesti. Saatavissa tummanruskealla tai valkopestyll\u00e4 tammikannella. Jalat ovat aina mustat. Tuotetiedot: Kansi: Massiivitammi. Jalat: Pulverimaalattua metallia. Toimitetaan jalat\u2026","rel":"","context":"Similar post","block_context":{"text":"Similar post","link":""},"img":{"alt_text":"","src":"https:\/\/i0.wp.com\/pohjanmaantehtaanmyymala.fi\/wp-content\/uploads\/2019\/06\/117420-a-Fred-matbord-ww-R.jpg?fit=960%2C960&ssl=1&resize=350%2C200","width":350,"height":200,"srcset":"https:\/\/i0.wp.com\/pohjanmaantehtaanmyymala.fi\/wp-content\/uploads\/2019\/06\/117420-a-Fred-matbord-ww-R.jpg?fit=960%2C960&ssl=1&resize=350%2C200 1x, https:\/\/i0.wp.com\/pohjanmaantehtaanmyymala.fi\/wp-content\/uploads\/2019\/06\/117420-a-Fred-matbord-ww-R.jpg?fit=960%2C960&ssl=1&resize=525%2C300 1.5x, https:\/\/i0.wp.com\/pohjanmaantehtaanmyymala.fi\/wp-content\/uploads\/2019\/06\/117420-a-Fred-matbord-ww-R.jpg?fit=960%2C960&ssl=1&resize=700%2C400 2x"},"classes":[]},{"id":26028,"url":"https:\/\/pohjanmaantehtaanmyymala.fi\/en\/tuote\/line-sohvapoyta-nro-19-musta-kansi\/","url_meta":{"origin":9280,"position":3},"title":"Line-sohvap\u00f6yt\u00e4 Nro 19 Musta kansi","author":"Miro Nevala","date":"February 22, 2024","format":false,"excerpt":"Suomessa valmistettu, monipuolisilla v\u00e4rivaihtoehdoilla saatava sohvap\u00f6yt\u00e4!","rel":"","context":"Similar post","block_context":{"text":"Similar post","link":""},"img":{"alt_text":"Line sohvap\u00f6yt\u00e4 musta kansi valkoiset jalat","src":"https:\/\/i0.wp.com\/pohjanmaantehtaanmyymala.fi\/wp-content\/uploads\/2024\/02\/Line_sohvapoyta_musta_valk_170.jpg?fit=960%2C960&ssl=1&resize=350%2C200","width":350,"height":200,"srcset":"https:\/\/i0.wp.com\/pohjanmaantehtaanmyymala.fi\/wp-content\/uploads\/2024\/02\/Line_sohvapoyta_musta_valk_170.jpg?fit=960%2C960&ssl=1&resize=350%2C200 1x, https:\/\/i0.wp.com\/pohjanmaantehtaanmyymala.fi\/wp-content\/uploads\/2024\/02\/Line_sohvapoyta_musta_valk_170.jpg?fit=960%2C960&ssl=1&resize=525%2C300 1.5x, https:\/\/i0.wp.com\/pohjanmaantehtaanmyymala.fi\/wp-content\/uploads\/2024\/02\/Line_sohvapoyta_musta_valk_170.jpg?fit=960%2C960&ssl=1&resize=700%2C400 2x"},"classes":[]},{"id":26034,"url":"https:\/\/pohjanmaantehtaanmyymala.fi\/en\/tuote\/line-sohvapoyta-nro-19-betoni-kansi\/","url_meta":{"origin":9280,"position":4},"title":"Line-sohvap\u00f6yt\u00e4 Nro 19 Betoni kansi","author":"Miro Nevala","date":"February 22, 2024","format":false,"excerpt":"Suomessa valmistettu, monipuolisilla v\u00e4rivaihtoehdoilla saatava sohvap\u00f6yt\u00e4!","rel":"","context":"Similar post","block_context":{"text":"Similar post","link":""},"img":{"alt_text":"Line sohvap\u00f6yt\u00e4 kansi betoni jalat valkoinen","src":"https:\/\/i0.wp.com\/pohjanmaantehtaanmyymala.fi\/wp-content\/uploads\/2024\/02\/Line_sohvapoyta_betoni_valk_174.jpg?fit=960%2C960&ssl=1&resize=350%2C200","width":350,"height":200,"srcset":"https:\/\/i0.wp.com\/pohjanmaantehtaanmyymala.fi\/wp-content\/uploads\/2024\/02\/Line_sohvapoyta_betoni_valk_174.jpg?fit=960%2C960&ssl=1&resize=350%2C200 1x, https:\/\/i0.wp.com\/pohjanmaantehtaanmyymala.fi\/wp-content\/uploads\/2024\/02\/Line_sohvapoyta_betoni_valk_174.jpg?fit=960%2C960&ssl=1&resize=525%2C300 1.5x, https:\/\/i0.wp.com\/pohjanmaantehtaanmyymala.fi\/wp-content\/uploads\/2024\/02\/Line_sohvapoyta_betoni_valk_174.jpg?fit=960%2C960&ssl=1&resize=700%2C400 2x"},"classes":[]},{"id":26037,"url":"https:\/\/pohjanmaantehtaanmyymala.fi\/en\/tuote\/line-sohvapoyta-nro-19-tammi-kansi\/","url_meta":{"origin":9280,"position":5},"title":"Line-sohvap\u00f6yt\u00e4 Nro 19 Tammi kansi","author":"Miro Nevala","date":"February 22, 2024","format":false,"excerpt":"Suomessa valmistettu, monipuolisilla v\u00e4rivaihtoehdoilla saatava sohvap\u00f6yt\u00e4!","rel":"","context":"Similar post","block_context":{"text":"Similar post","link":""},"img":{"alt_text":"Line sohvap\u00f6yt\u00e4 kansi tammi jalat valkoiset","src":"https:\/\/i0.wp.com\/pohjanmaantehtaanmyymala.fi\/wp-content\/uploads\/2024\/02\/Line_sohvapoyta_tammi_valk_173.jpg?fit=960%2C960&ssl=1&resize=350%2C200","width":350,"height":200,"srcset":"https:\/\/i0.wp.com\/pohjanmaantehtaanmyymala.fi\/wp-content\/uploads\/2024\/02\/Line_sohvapoyta_tammi_valk_173.jpg?fit=960%2C960&ssl=1&resize=350%2C200 1x, https:\/\/i0.wp.com\/pohjanmaantehtaanmyymala.fi\/wp-content\/uploads\/2024\/02\/Line_sohvapoyta_tammi_valk_173.jpg?fit=960%2C960&ssl=1&resize=525%2C300 1.5x, https:\/\/i0.wp.com\/pohjanmaantehtaanmyymala.fi\/wp-content\/uploads\/2024\/02\/Line_sohvapoyta_tammi_valk_173.jpg?fit=960%2C960&ssl=1&resize=700%2C400 2x"},"classes":[]}],"_links":{"self":[{"href":"https:\/\/pohjanmaantehtaanmyymala.fi\/en\/wp-json\/wp\/v2\/product\/9280","targetHints":{"allow":["GET"]}}],"collection":[{"href":"https:\/\/pohjanmaantehtaanmyymala.fi\/en\/wp-json\/wp\/v2\/product"}],"about":[{"href":"https:\/\/pohjanmaantehtaanmyymala.fi\/en\/wp-json\/wp\/v2\/types\/product"}],"replies":[{"embeddable":true,"href":"https:\/\/pohjanmaantehtaanmyymala.fi\/en\/wp-json\/wp\/v2\/comments?post=9280"}],"wp:featuredmedia":[{"embeddable":true,"href":"https:\/\/pohjanmaantehtaanmyymala.fi\/en\/wp-json\/wp\/v2\/media\/17915"}],"wp:attachment":[{"href":"https:\/\/pohjanmaantehtaanmyymala.fi\/en\/wp-json\/wp\/v2\/media?parent=9280"}],"wp:term":[{"taxonomy":"product_brand","embeddable":true,"href":"https:\/\/pohjanmaantehtaanmyymala.fi\/en\/wp-json\/wp\/v2\/product_brand?post=9280"},{"taxonomy":"product_cat","embeddable":true,"href":"https:\/\/pohjanmaantehtaanmyymala.fi\/en\/wp-json\/wp\/v2\/product_cat?post=9280"},{"taxonomy":"product_tag","embeddable":true,"href":"https:\/\/pohjanmaantehtaanmyymala.fi\/en\/wp-json\/wp\/v2\/product_tag?post=9280"}],"curies":[{"name":"wp","href":"https:\/\/api.w.org\/{rel}","templated":true}]}}