{"id":9214,"date":"2019-09-14T09:30:21","date_gmt":"2019-09-14T07:30:21","guid":{"rendered":""},"modified":"2026-04-25T11:27:57","modified_gmt":"2026-04-25T09:27:57","slug":"lotta-pinnatuoli","status":"publish","type":"product","link":"https:\/\/pohjanmaantehtaanmyymala.fi\/en\/tuote\/lotta-pinnatuoli\/","title":{"rendered":"LOTTA &#8211; pinnatuoli"},"content":{"rendered":"<p>Suosittu Lotta -pinnatuoli on valmistettu massiivipuusta. Lotta tuoli on tukeva istua ja sopii yhteen monen eri mallisten ruokap\u00f6ytien kanssa. Kaunis Lotta -tuoli sopii my\u00f6s sellaisenaan yksitt\u00e4iseksi istuimeksi vaikka makuuhuoneeseen.<\/p>\n<h3>Tuotetiedot:<\/h3>\n<p>&#8211; <strong>Leveys:<\/strong> 43 cm<br \/>\n&#8211; <strong>Syvyys<\/strong>: 50 cm<br \/>\n&#8211; <strong>Korkeus:<\/strong> 92 cm<br \/>\n&#8211; <strong>Istuinkorkeus:<\/strong> 45 cm<\/p>\n<p>&#8211; <strong>V\u00e4rit:<\/strong> Musta, valkoinen ja valkopesty.<\/p>\n<p>Toimitetaan 4 kpl:n paketissa jalat irrallaan.<\/p>\n<p>Lotta pinnatuoleissa saattaa esiinty\u00e4 toimitusviivett\u00e4.<\/p>\n","protected":false},"excerpt":{"rendered":"<p>Tyylik\u00e4s pinnatuoli monenlaiseen sisustukseen.<\/p>\n","protected":false},"featured_media":11923,"comment_status":"closed","ping_status":"closed","template":"","meta":{"_acf_changed":false,"jetpack_post_was_ever_published":false,"jetpack_publicize_message":"","jetpack_publicize_feature_enabled":true,"jetpack_social_post_already_shared":false,"jetpack_social_options":{"image_generator_settings":{"template":"highway","default_image_id":0,"font":"","enabled":false},"version":2}},"product_brand":[179],"product_cat":[194],"product_tag":[],"class_list":{"0":"post-9214","1":"product","2":"type-product","3":"status-publish","4":"has-post-thumbnail","6":"product_brand-rowico","7":"product_cat-ruokapoydat-ja-tuolit","8":"product_shipping_class-161","9":"pa_vari-musta","10":"pa_vari-valkoinen","11":"pa_vari-valkopesty","13":"first","14":"instock","15":"sale","16":"purchasable","17":"product-type-variable","18":"has-default-attributes"},"acf":[],"jetpack_publicize_connections":[],"jetpack_sharing_enabled":true,"jetpack-related-posts":[{"id":20139,"url":"https:\/\/pohjanmaantehtaanmyymala.fi\/en\/tuote\/lotta-ruokapoyta-180x90-cm-musta\/","url_meta":{"origin":9214,"position":0},"title":"LOTTA-ruokap\u00f6yt\u00e4 180&#215;90 cm musta","author":"Sami Viitala","date":"March 23, 2022","format":false,"excerpt":"Poistomalli, viel\u00e4 1 kpl j\u00e4ljell\u00e4! Rowicon 6 -hengen Lotta-ruokap\u00f6yt\u00e4 sopii monenlaiseen ruokailutilaan ja keitti\u00f6\u00f6n. Kansi on saarniviilutettua MDF-levy\u00e4 ja jalat massiivipuuta V\u00e4rivaihtoehdot ovat musta. Lotta- p\u00f6yd\u00e4n kanssa sopii mainiosti Lotta -pinnatuolien kanssa. Toimitus jalat irrallaan.","rel":"","context":"Similar post","block_context":{"text":"Similar post","link":""},"img":{"alt_text":"Rowico Lotta ruokap\u00f6yt\u00e4 musta","src":"https:\/\/i0.wp.com\/pohjanmaantehtaanmyymala.fi\/wp-content\/uploads\/2022\/03\/Rowico-Lotta-poyta-table-180cm-musta.jpg?fit=960%2C960&ssl=1&resize=350%2C200","width":350,"height":200,"srcset":"https:\/\/i0.wp.com\/pohjanmaantehtaanmyymala.fi\/wp-content\/uploads\/2022\/03\/Rowico-Lotta-poyta-table-180cm-musta.jpg?fit=960%2C960&ssl=1&resize=350%2C200 1x, https:\/\/i0.wp.com\/pohjanmaantehtaanmyymala.fi\/wp-content\/uploads\/2022\/03\/Rowico-Lotta-poyta-table-180cm-musta.jpg?fit=960%2C960&ssl=1&resize=525%2C300 1.5x, https:\/\/i0.wp.com\/pohjanmaantehtaanmyymala.fi\/wp-content\/uploads\/2022\/03\/Rowico-Lotta-poyta-table-180cm-musta.jpg?fit=960%2C960&ssl=1&resize=700%2C400 2x"},"classes":[]},{"id":9211,"url":"https:\/\/pohjanmaantehtaanmyymala.fi\/en\/tuote\/lotta-klaffipoyta-120cm\/","url_meta":{"origin":9214,"position":1},"title":"LOTTA &#8211; klaffip\u00f6yt\u00e4 120 cm","author":"petri","date":"September 14, 2019","format":false,"excerpt":"Tyylik\u00e4s Lotta -Klaffip\u00f6yt\u00e4 on funktionaalinen 4-hengen p\u00f6yt\u00e4ratkaisu, josta saa k\u00e4den k\u00e4\u00e4nteess\u00e4 6-hengen ruokap\u00f6yd\u00e4n. T\u00e4m\u00e4n hienon retrohenkisen p\u00f6yd\u00e4n kanssa sopii hyvin yhteen esimerkiksi Lotta pinnatuoli. P\u00f6yt\u00e4 on saatavana valkoisella v\u00e4rill\u00e4. Toimitetaan jalat irrallaan.","rel":"","context":"Similar post","block_context":{"text":"Similar post","link":""},"img":{"alt_text":"Lotta klaffip\u00f6yt\u00e4 valkoinen","src":"https:\/\/i0.wp.com\/pohjanmaantehtaanmyymala.fi\/wp-content\/uploads\/2019\/09\/110649-a-Lotta-klaffbord-120-R.jpg?fit=960%2C960&ssl=1&resize=350%2C200","width":350,"height":200,"srcset":"https:\/\/i0.wp.com\/pohjanmaantehtaanmyymala.fi\/wp-content\/uploads\/2019\/09\/110649-a-Lotta-klaffbord-120-R.jpg?fit=960%2C960&ssl=1&resize=350%2C200 1x, https:\/\/i0.wp.com\/pohjanmaantehtaanmyymala.fi\/wp-content\/uploads\/2019\/09\/110649-a-Lotta-klaffbord-120-R.jpg?fit=960%2C960&ssl=1&resize=525%2C300 1.5x, https:\/\/i0.wp.com\/pohjanmaantehtaanmyymala.fi\/wp-content\/uploads\/2019\/09\/110649-a-Lotta-klaffbord-120-R.jpg?fit=960%2C960&ssl=1&resize=700%2C400 2x"},"classes":[]},{"id":9207,"url":"https:\/\/pohjanmaantehtaanmyymala.fi\/en\/tuote\/lotta-klaffipoyta-80cm\/","url_meta":{"origin":9214,"position":2},"title":"LOTTA &#8211; klaffip\u00f6yt\u00e4 80 cm valkoinen","author":"petri","date":"September 14, 2019","format":false,"excerpt":"Lotta klaffip\u00f6yt\u00e4 on pienten tilojen ratkaisu.","rel":"","context":"Similar post","block_context":{"text":"Similar post","link":""},"img":{"alt_text":"","src":"https:\/\/i0.wp.com\/pohjanmaantehtaanmyymala.fi\/wp-content\/uploads\/2019\/06\/110647-a-Lotta-klaffbord-80-R.jpg?fit=960%2C960&ssl=1&resize=350%2C200","width":350,"height":200,"srcset":"https:\/\/i0.wp.com\/pohjanmaantehtaanmyymala.fi\/wp-content\/uploads\/2019\/06\/110647-a-Lotta-klaffbord-80-R.jpg?fit=960%2C960&ssl=1&resize=350%2C200 1x, https:\/\/i0.wp.com\/pohjanmaantehtaanmyymala.fi\/wp-content\/uploads\/2019\/06\/110647-a-Lotta-klaffbord-80-R.jpg?fit=960%2C960&ssl=1&resize=525%2C300 1.5x, https:\/\/i0.wp.com\/pohjanmaantehtaanmyymala.fi\/wp-content\/uploads\/2019\/06\/110647-a-Lotta-klaffbord-80-R.jpg?fit=960%2C960&ssl=1&resize=700%2C400 2x"},"classes":[]},{"id":15321,"url":"https:\/\/pohjanmaantehtaanmyymala.fi\/en\/tuote\/pohjanmaan-lilja-pinnatuoli-valkoinen\/","url_meta":{"origin":9214,"position":3},"title":"Pohjanmaan LILJA -pinnatuoli valkoinen","author":"Sami Viitala","date":"November 16, 2020","format":false,"excerpt":"Tyylik\u00e4s pinnatuoli, joka sopii monenlaiseen sisustukseen.","rel":"","context":"Similar post","block_context":{"text":"Similar post","link":""},"img":{"alt_text":"Lilja pinnatuoli valkoinen","src":"https:\/\/i0.wp.com\/pohjanmaantehtaanmyymala.fi\/wp-content\/uploads\/2020\/11\/Pohjanmaan_Lilja_pinnatuoli_valkoinen.jpg?fit=1200%2C1200&ssl=1&resize=350%2C200","width":350,"height":200,"srcset":"https:\/\/i0.wp.com\/pohjanmaantehtaanmyymala.fi\/wp-content\/uploads\/2020\/11\/Pohjanmaan_Lilja_pinnatuoli_valkoinen.jpg?fit=1200%2C1200&ssl=1&resize=350%2C200 1x, https:\/\/i0.wp.com\/pohjanmaantehtaanmyymala.fi\/wp-content\/uploads\/2020\/11\/Pohjanmaan_Lilja_pinnatuoli_valkoinen.jpg?fit=1200%2C1200&ssl=1&resize=525%2C300 1.5x, https:\/\/i0.wp.com\/pohjanmaantehtaanmyymala.fi\/wp-content\/uploads\/2020\/11\/Pohjanmaan_Lilja_pinnatuoli_valkoinen.jpg?fit=1200%2C1200&ssl=1&resize=700%2C400 2x, https:\/\/i0.wp.com\/pohjanmaantehtaanmyymala.fi\/wp-content\/uploads\/2020\/11\/Pohjanmaan_Lilja_pinnatuoli_valkoinen.jpg?fit=1200%2C1200&ssl=1&resize=1050%2C600 3x"},"classes":[]},{"id":23966,"url":"https:\/\/pohjanmaantehtaanmyymala.fi\/en\/tuote\/pohjanmaan-lilja-pinnatuoli-tammi-lv\/","url_meta":{"origin":9214,"position":4},"title":"Pohjanmaan LILJA -pinnatuoli tammi lv","author":"Sami Viitala","date":"November 14, 2023","format":false,"excerpt":"Kest\u00e4v\u00e4 pinnatuoli monenlaiseen sisustukseen.","rel":"","context":"Similar post","block_context":{"text":"Similar post","link":""},"img":{"alt_text":"Lilja pinnatuoli tammi lv","src":"https:\/\/i0.wp.com\/pohjanmaantehtaanmyymala.fi\/wp-content\/uploads\/2023\/11\/Pohjanmaan_Lilja_pinnatuoli__tammilv3.jpg?fit=1000%2C1034&ssl=1&resize=350%2C200","width":350,"height":200,"srcset":"https:\/\/i0.wp.com\/pohjanmaantehtaanmyymala.fi\/wp-content\/uploads\/2023\/11\/Pohjanmaan_Lilja_pinnatuoli__tammilv3.jpg?fit=1000%2C1034&ssl=1&resize=350%2C200 1x, https:\/\/i0.wp.com\/pohjanmaantehtaanmyymala.fi\/wp-content\/uploads\/2023\/11\/Pohjanmaan_Lilja_pinnatuoli__tammilv3.jpg?fit=1000%2C1034&ssl=1&resize=525%2C300 1.5x, https:\/\/i0.wp.com\/pohjanmaantehtaanmyymala.fi\/wp-content\/uploads\/2023\/11\/Pohjanmaan_Lilja_pinnatuoli__tammilv3.jpg?fit=1000%2C1034&ssl=1&resize=700%2C400 2x"},"classes":[]},{"id":13472,"url":"https:\/\/pohjanmaantehtaanmyymala.fi\/en\/tuote\/lilja-pinnatuoli-nordic-tammi\/","url_meta":{"origin":9214,"position":5},"title":"Pohjanmaan LILJA -pinnatuoli nordic tammi","author":"Sami Viitala","date":"September 23, 2020","format":false,"excerpt":"Tyylik\u00e4s Pohjanmaan Kalusteen pinnatuoli monenlaiseen sisustukseen.","rel":"","context":"Similar post","block_context":{"text":"Similar post","link":""},"img":{"alt_text":"Lilja pinnatuoli","src":"https:\/\/i0.wp.com\/pohjanmaantehtaanmyymala.fi\/wp-content\/uploads\/2020\/09\/Pohjanmaan_Lilja_pinnatuoli_nordic_2.jpg?fit=1200%2C1200&ssl=1&resize=350%2C200","width":350,"height":200,"srcset":"https:\/\/i0.wp.com\/pohjanmaantehtaanmyymala.fi\/wp-content\/uploads\/2020\/09\/Pohjanmaan_Lilja_pinnatuoli_nordic_2.jpg?fit=1200%2C1200&ssl=1&resize=350%2C200 1x, https:\/\/i0.wp.com\/pohjanmaantehtaanmyymala.fi\/wp-content\/uploads\/2020\/09\/Pohjanmaan_Lilja_pinnatuoli_nordic_2.jpg?fit=1200%2C1200&ssl=1&resize=525%2C300 1.5x, https:\/\/i0.wp.com\/pohjanmaantehtaanmyymala.fi\/wp-content\/uploads\/2020\/09\/Pohjanmaan_Lilja_pinnatuoli_nordic_2.jpg?fit=1200%2C1200&ssl=1&resize=700%2C400 2x, https:\/\/i0.wp.com\/pohjanmaantehtaanmyymala.fi\/wp-content\/uploads\/2020\/09\/Pohjanmaan_Lilja_pinnatuoli_nordic_2.jpg?fit=1200%2C1200&ssl=1&resize=1050%2C600 3x"},"classes":[]}],"_links":{"self":[{"href":"https:\/\/pohjanmaantehtaanmyymala.fi\/en\/wp-json\/wp\/v2\/product\/9214","targetHints":{"allow":["GET"]}}],"collection":[{"href":"https:\/\/pohjanmaantehtaanmyymala.fi\/en\/wp-json\/wp\/v2\/product"}],"about":[{"href":"https:\/\/pohjanmaantehtaanmyymala.fi\/en\/wp-json\/wp\/v2\/types\/product"}],"replies":[{"embeddable":true,"href":"https:\/\/pohjanmaantehtaanmyymala.fi\/en\/wp-json\/wp\/v2\/comments?post=9214"}],"wp:featuredmedia":[{"embeddable":true,"href":"https:\/\/pohjanmaantehtaanmyymala.fi\/en\/wp-json\/wp\/v2\/media\/11923"}],"wp:attachment":[{"href":"https:\/\/pohjanmaantehtaanmyymala.fi\/en\/wp-json\/wp\/v2\/media?parent=9214"}],"wp:term":[{"taxonomy":"product_brand","embeddable":true,"href":"https:\/\/pohjanmaantehtaanmyymala.fi\/en\/wp-json\/wp\/v2\/product_brand?post=9214"},{"taxonomy":"product_cat","embeddable":true,"href":"https:\/\/pohjanmaantehtaanmyymala.fi\/en\/wp-json\/wp\/v2\/product_cat?post=9214"},{"taxonomy":"product_tag","embeddable":true,"href":"https:\/\/pohjanmaantehtaanmyymala.fi\/en\/wp-json\/wp\/v2\/product_tag?post=9214"}],"curies":[{"name":"wp","href":"https:\/\/api.w.org\/{rel}","templated":true}]}}