{"id":9211,"date":"2019-09-14T09:30:18","date_gmt":"2019-09-14T07:30:18","guid":{"rendered":""},"modified":"2026-04-25T11:26:27","modified_gmt":"2026-04-25T09:26:27","slug":"lotta-klaffipoyta-120cm","status":"publish","type":"product","link":"https:\/\/pohjanmaantehtaanmyymala.fi\/en\/tuote\/lotta-klaffipoyta-120cm\/","title":{"rendered":"LOTTA &#8211; klaffip\u00f6yt\u00e4 120 cm"},"content":{"rendered":"<p>Tyylik\u00e4s Lotta -Klaffip\u00f6yt\u00e4 on funktionaalinen 4-hengen p\u00f6yt\u00e4ratkaisu, josta saa k\u00e4den k\u00e4\u00e4nteess\u00e4 6-hengen ruokap\u00f6yd\u00e4n. T\u00e4m\u00e4n hienon retrohenkisen p\u00f6yd\u00e4n kanssa sopii hyvin yhteen esimerkiksi <a href=\"https:\/\/www.pohjanmaantehtaanmyymala.fi\/tuote\/lotta-pinnatuoli\/\">Lotta<\/a> pinnatuoli.<\/p>\n<p>P\u00f6yt\u00e4 on saatavana valkoisella v\u00e4rill\u00e4.<\/p>\n<p>Toimitetaan jalat irrallaan.<\/p>\n","protected":false},"excerpt":{"rendered":"<p>Tyylik\u00e4s Lotta -Klaffip\u00f6yt\u00e4 on funktionaalinen 4-hengen p\u00f6yt\u00e4ratkaisu, josta saa k\u00e4den k\u00e4\u00e4nteess\u00e4 6-hengen ruokap\u00f6yd\u00e4n. T\u00e4m\u00e4n hienon retrohenkisen p\u00f6yd\u00e4n kanssa sopii hyvin yhteen esimerkiksi Lotta pinnatuoli. P\u00f6yt\u00e4 on saatavana valkoisella v\u00e4rill\u00e4. Toimitetaan jalat irrallaan.<\/p>\n","protected":false},"featured_media":11951,"comment_status":"closed","ping_status":"closed","template":"","meta":{"_acf_changed":false,"jetpack_post_was_ever_published":false,"jetpack_publicize_message":"","jetpack_publicize_feature_enabled":true,"jetpack_social_post_already_shared":false,"jetpack_social_options":{"image_generator_settings":{"template":"highway","default_image_id":0,"font":"","enabled":false},"version":2}},"product_brand":[179],"product_cat":[194],"product_tag":[],"class_list":{"0":"post-9211","1":"product","2":"type-product","3":"status-publish","4":"has-post-thumbnail","6":"product_brand-rowico","7":"product_cat-ruokapoydat-ja-tuolit","8":"product_shipping_class-161","10":"first","11":"instock","12":"purchasable","13":"product-type-simple"},"acf":[],"jetpack_publicize_connections":[],"jetpack_sharing_enabled":true,"jetpack-related-posts":[{"id":20139,"url":"https:\/\/pohjanmaantehtaanmyymala.fi\/en\/tuote\/lotta-ruokapoyta-180x90-cm-musta\/","url_meta":{"origin":9211,"position":0},"title":"LOTTA-ruokap\u00f6yt\u00e4 180&#215;90 cm musta","author":"Sami Viitala","date":"March 23, 2022","format":false,"excerpt":"Poistomalli, viel\u00e4 1 kpl j\u00e4ljell\u00e4! Rowicon 6 -hengen Lotta-ruokap\u00f6yt\u00e4 sopii monenlaiseen ruokailutilaan ja keitti\u00f6\u00f6n. Kansi on saarniviilutettua MDF-levy\u00e4 ja jalat massiivipuuta V\u00e4rivaihtoehdot ovat musta. Lotta- p\u00f6yd\u00e4n kanssa sopii mainiosti Lotta -pinnatuolien kanssa. Toimitus jalat irrallaan.","rel":"","context":"Similar post","block_context":{"text":"Similar post","link":""},"img":{"alt_text":"Rowico Lotta ruokap\u00f6yt\u00e4 musta","src":"https:\/\/i0.wp.com\/pohjanmaantehtaanmyymala.fi\/wp-content\/uploads\/2022\/03\/Rowico-Lotta-poyta-table-180cm-musta.jpg?fit=960%2C960&ssl=1&resize=350%2C200","width":350,"height":200,"srcset":"https:\/\/i0.wp.com\/pohjanmaantehtaanmyymala.fi\/wp-content\/uploads\/2022\/03\/Rowico-Lotta-poyta-table-180cm-musta.jpg?fit=960%2C960&ssl=1&resize=350%2C200 1x, https:\/\/i0.wp.com\/pohjanmaantehtaanmyymala.fi\/wp-content\/uploads\/2022\/03\/Rowico-Lotta-poyta-table-180cm-musta.jpg?fit=960%2C960&ssl=1&resize=525%2C300 1.5x, https:\/\/i0.wp.com\/pohjanmaantehtaanmyymala.fi\/wp-content\/uploads\/2022\/03\/Rowico-Lotta-poyta-table-180cm-musta.jpg?fit=960%2C960&ssl=1&resize=700%2C400 2x"},"classes":[]},{"id":9214,"url":"https:\/\/pohjanmaantehtaanmyymala.fi\/en\/tuote\/lotta-pinnatuoli\/","url_meta":{"origin":9211,"position":1},"title":"LOTTA &#8211; pinnatuoli","author":"petri","date":"September 14, 2019","format":false,"excerpt":"Tyylik\u00e4s pinnatuoli monenlaiseen sisustukseen.","rel":"","context":"Similar post","block_context":{"text":"Similar post","link":""},"img":{"alt_text":"Lotta valkoinen pinnatuoli","src":"https:\/\/i0.wp.com\/pohjanmaantehtaanmyymala.fi\/wp-content\/uploads\/2019\/09\/Lotta-stol-vit-miljo2-PD1.jpg?fit=960%2C960&ssl=1&resize=350%2C200","width":350,"height":200,"srcset":"https:\/\/i0.wp.com\/pohjanmaantehtaanmyymala.fi\/wp-content\/uploads\/2019\/09\/Lotta-stol-vit-miljo2-PD1.jpg?fit=960%2C960&ssl=1&resize=350%2C200 1x, https:\/\/i0.wp.com\/pohjanmaantehtaanmyymala.fi\/wp-content\/uploads\/2019\/09\/Lotta-stol-vit-miljo2-PD1.jpg?fit=960%2C960&ssl=1&resize=525%2C300 1.5x, https:\/\/i0.wp.com\/pohjanmaantehtaanmyymala.fi\/wp-content\/uploads\/2019\/09\/Lotta-stol-vit-miljo2-PD1.jpg?fit=960%2C960&ssl=1&resize=700%2C400 2x"},"classes":[]},{"id":9207,"url":"https:\/\/pohjanmaantehtaanmyymala.fi\/en\/tuote\/lotta-klaffipoyta-80cm\/","url_meta":{"origin":9211,"position":2},"title":"LOTTA &#8211; klaffip\u00f6yt\u00e4 80 cm valkoinen","author":"petri","date":"September 14, 2019","format":false,"excerpt":"Lotta klaffip\u00f6yt\u00e4 on pienten tilojen ratkaisu.","rel":"","context":"Similar post","block_context":{"text":"Similar post","link":""},"img":{"alt_text":"","src":"https:\/\/i0.wp.com\/pohjanmaantehtaanmyymala.fi\/wp-content\/uploads\/2019\/06\/110647-a-Lotta-klaffbord-80-R.jpg?fit=960%2C960&ssl=1&resize=350%2C200","width":350,"height":200,"srcset":"https:\/\/i0.wp.com\/pohjanmaantehtaanmyymala.fi\/wp-content\/uploads\/2019\/06\/110647-a-Lotta-klaffbord-80-R.jpg?fit=960%2C960&ssl=1&resize=350%2C200 1x, https:\/\/i0.wp.com\/pohjanmaantehtaanmyymala.fi\/wp-content\/uploads\/2019\/06\/110647-a-Lotta-klaffbord-80-R.jpg?fit=960%2C960&ssl=1&resize=525%2C300 1.5x, https:\/\/i0.wp.com\/pohjanmaantehtaanmyymala.fi\/wp-content\/uploads\/2019\/06\/110647-a-Lotta-klaffbord-80-R.jpg?fit=960%2C960&ssl=1&resize=700%2C400 2x"},"classes":[]},{"id":23180,"url":"https:\/\/pohjanmaantehtaanmyymala.fi\/en\/tuote\/pohjanmaan-lilja-ruokaryhma-6-hengen\/","url_meta":{"origin":9211,"position":3},"title":"Pohjanmaan 6-hengen LILJA ruokaryhm\u00e4 koivu","author":"Sami Viitala","date":"August 30, 2023","format":false,"excerpt":"Tyylik\u00e4s kuuden hengen Lilja-ruokaryhm\u00e4. Siro, mutta j\u00e4m\u00e4kk\u00e4 Lilja ruokap\u00f6yt\u00e4 on valmistettu massiivikoivusta. P\u00f6yd\u00e4n kaverina ovat suositut ja kevyet Lilja-pinnatuolit. Ryhm\u00e4\u00e4 on saatavana my\u00f6s massiivitammisena sek\u00e4 useilla muilla eri v\u00e4reill\u00e4. Kysy hinta- ja lis\u00e4tietoa sek\u00e4 saatavuustietoja myynnist\u00e4mme! Tuotetiedot: Tuotekortti latautuu t\u00e4st\u00e4. -P\u00f6yd\u00e4n koko: 90x190 cm, Korkeus: 75 cm, kannen vahvuus on\u2026","rel":"","context":"Similar post","block_context":{"text":"Similar post","link":""},"img":{"alt_text":"Lilja 6-hengen ruokaryhm\u00e4 mustilla pinnatuoleilla. P\u00f6yd\u00e4n kansiv\u00e4ri on kuultopetsattu koivu","src":"https:\/\/i0.wp.com\/pohjanmaantehtaanmyymala.fi\/wp-content\/uploads\/2023\/08\/Lilja_RP_90x190_RT_MustaKoivu_NordicKoivu.jpg?fit=960%2C960&ssl=1&resize=350%2C200","width":350,"height":200,"srcset":"https:\/\/i0.wp.com\/pohjanmaantehtaanmyymala.fi\/wp-content\/uploads\/2023\/08\/Lilja_RP_90x190_RT_MustaKoivu_NordicKoivu.jpg?fit=960%2C960&ssl=1&resize=350%2C200 1x, https:\/\/i0.wp.com\/pohjanmaantehtaanmyymala.fi\/wp-content\/uploads\/2023\/08\/Lilja_RP_90x190_RT_MustaKoivu_NordicKoivu.jpg?fit=960%2C960&ssl=1&resize=525%2C300 1.5x, https:\/\/i0.wp.com\/pohjanmaantehtaanmyymala.fi\/wp-content\/uploads\/2023\/08\/Lilja_RP_90x190_RT_MustaKoivu_NordicKoivu.jpg?fit=960%2C960&ssl=1&resize=700%2C400 2x"},"classes":[]},{"id":24021,"url":"https:\/\/pohjanmaantehtaanmyymala.fi\/en\/tuote\/pohjanmaan-4-hengen-lilja-ruokaryhma-koivu\/","url_meta":{"origin":9211,"position":4},"title":"Pohjanmaan 4-hengen LILJA ruokaryhm\u00e4 koivu","author":"Sami Viitala","date":"November 14, 2023","format":false,"excerpt":"Tyylik\u00e4s nelj\u00e4n hengen Lilja-ruokaryhm\u00e4. T\u00e4m\u00e4 p\u00f6yt\u00e4 on 140 cm pitk\u00e4. Ryhdik\u00e4s Lilja ruokap\u00f6yt\u00e4 on valmistettu massiivikoivusta. P\u00f6yd\u00e4n kaverina ovat suositut ja kevyet Lilja-pinnatuolit. Ryhm\u00e4\u00e4 on saatavana my\u00f6s massiivitammisena sek\u00e4 useilla muilla eri v\u00e4reill\u00e4. Kysy hinta- ja lis\u00e4tietoa sek\u00e4 saatavuustietoja myynnist\u00e4mme! Tuotetiedot: Tuotekortti latautuu t\u00e4st\u00e4. -P\u00f6yd\u00e4n koko: 90x140 cm, Korkeus: 75\u2026","rel":"","context":"Similar post","block_context":{"text":"Similar post","link":""},"img":{"alt_text":"Lilja 4 hengen ruokaryhm\u00e4 pinnatuoleilla koivua kansi koivu lv jalat mustat","src":"https:\/\/i0.wp.com\/pohjanmaantehtaanmyymala.fi\/wp-content\/uploads\/2023\/11\/Lilja_ruokaryhma_4-tuolilla_musta-Koivu.jpg?fit=960%2C960&ssl=1&resize=350%2C200","width":350,"height":200,"srcset":"https:\/\/i0.wp.com\/pohjanmaantehtaanmyymala.fi\/wp-content\/uploads\/2023\/11\/Lilja_ruokaryhma_4-tuolilla_musta-Koivu.jpg?fit=960%2C960&ssl=1&resize=350%2C200 1x, https:\/\/i0.wp.com\/pohjanmaantehtaanmyymala.fi\/wp-content\/uploads\/2023\/11\/Lilja_ruokaryhma_4-tuolilla_musta-Koivu.jpg?fit=960%2C960&ssl=1&resize=525%2C300 1.5x, https:\/\/i0.wp.com\/pohjanmaantehtaanmyymala.fi\/wp-content\/uploads\/2023\/11\/Lilja_ruokaryhma_4-tuolilla_musta-Koivu.jpg?fit=960%2C960&ssl=1&resize=700%2C400 2x"},"classes":[]},{"id":21643,"url":"https:\/\/pohjanmaantehtaanmyymala.fi\/en\/tuote\/kuura-ruokaryhma-6-tuolilla-musta\/","url_meta":{"origin":9211,"position":5},"title":"KUURA ruokaryhm\u00e4 6 tuolilla musta","author":"Sami Viitala","date":"November 22, 2022","format":false,"excerpt":"Siro ja edullinen p\u00f6yt\u00e4ryhm\u00e4 6-lle hengelle.","rel":"","context":"Similar post","block_context":{"text":"Similar post","link":""},"img":{"alt_text":"Kuura ruokaryhm\u00e4 6-tuolilla musta, harmaat verhoillut istuimet","src":"https:\/\/i0.wp.com\/pohjanmaantehtaanmyymala.fi\/wp-content\/uploads\/2022\/11\/Kuura-ruokaryhma-musta.jpg?fit=960%2C960&ssl=1&resize=350%2C200","width":350,"height":200,"srcset":"https:\/\/i0.wp.com\/pohjanmaantehtaanmyymala.fi\/wp-content\/uploads\/2022\/11\/Kuura-ruokaryhma-musta.jpg?fit=960%2C960&ssl=1&resize=350%2C200 1x, https:\/\/i0.wp.com\/pohjanmaantehtaanmyymala.fi\/wp-content\/uploads\/2022\/11\/Kuura-ruokaryhma-musta.jpg?fit=960%2C960&ssl=1&resize=525%2C300 1.5x, https:\/\/i0.wp.com\/pohjanmaantehtaanmyymala.fi\/wp-content\/uploads\/2022\/11\/Kuura-ruokaryhma-musta.jpg?fit=960%2C960&ssl=1&resize=700%2C400 2x"},"classes":[]}],"_links":{"self":[{"href":"https:\/\/pohjanmaantehtaanmyymala.fi\/en\/wp-json\/wp\/v2\/product\/9211","targetHints":{"allow":["GET"]}}],"collection":[{"href":"https:\/\/pohjanmaantehtaanmyymala.fi\/en\/wp-json\/wp\/v2\/product"}],"about":[{"href":"https:\/\/pohjanmaantehtaanmyymala.fi\/en\/wp-json\/wp\/v2\/types\/product"}],"replies":[{"embeddable":true,"href":"https:\/\/pohjanmaantehtaanmyymala.fi\/en\/wp-json\/wp\/v2\/comments?post=9211"}],"wp:featuredmedia":[{"embeddable":true,"href":"https:\/\/pohjanmaantehtaanmyymala.fi\/en\/wp-json\/wp\/v2\/media\/11951"}],"wp:attachment":[{"href":"https:\/\/pohjanmaantehtaanmyymala.fi\/en\/wp-json\/wp\/v2\/media?parent=9211"}],"wp:term":[{"taxonomy":"product_brand","embeddable":true,"href":"https:\/\/pohjanmaantehtaanmyymala.fi\/en\/wp-json\/wp\/v2\/product_brand?post=9211"},{"taxonomy":"product_cat","embeddable":true,"href":"https:\/\/pohjanmaantehtaanmyymala.fi\/en\/wp-json\/wp\/v2\/product_cat?post=9211"},{"taxonomy":"product_tag","embeddable":true,"href":"https:\/\/pohjanmaantehtaanmyymala.fi\/en\/wp-json\/wp\/v2\/product_tag?post=9211"}],"curies":[{"name":"wp","href":"https:\/\/api.w.org\/{rel}","templated":true}]}}