{"id":9207,"date":"2019-09-14T09:30:15","date_gmt":"2019-09-14T07:30:15","guid":{"rendered":""},"modified":"2026-04-25T11:26:28","modified_gmt":"2026-04-25T09:26:28","slug":"lotta-klaffipoyta-80cm","status":"publish","type":"product","link":"https:\/\/pohjanmaantehtaanmyymala.fi\/en\/tuote\/lotta-klaffipoyta-80cm\/","title":{"rendered":"LOTTA &#8211; klaffip\u00f6yt\u00e4 80 cm valkoinen"},"content":{"rendered":"<p>Lotta -klaffip\u00f6yt\u00e4 on oiva valinta pieniin asuntoihin. P\u00f6yd\u00e4 saa isommaksi k\u00e4tev\u00e4sti k\u00e4\u00e4nt\u00e4m\u00e4ll\u00e4 vain klaffin jatko-osan paikoilleen. Lotta klaffip\u00f6yt\u00e4 on valmistettu puusta ja mdf-leveyst\u00e4 joka on maalattu valkoiseksi.<\/p>\n<p>T\u00e4m\u00e4n hienon retrohenkisen p\u00f6yd\u00e4n kanssa sopii hyvin yhteen esimerkiksi <a href=\"https:\/\/www.pohjanmaantehtaanmyymala.fi\/tuote\/lotta-pinnatuoli\/\">Lotta<\/a> -pinnatuoli.<br \/>\nToimitetaan jalat irrallaan. V\u00e4ri valkoinen.<\/p>\n","protected":false},"excerpt":{"rendered":"<p>Lotta klaffip\u00f6yt\u00e4 on pienten tilojen ratkaisu.<\/p>\n","protected":false},"featured_media":9208,"comment_status":"closed","ping_status":"closed","template":"","meta":{"_acf_changed":false,"jetpack_post_was_ever_published":false,"jetpack_publicize_message":"","jetpack_publicize_feature_enabled":true,"jetpack_social_post_already_shared":false,"jetpack_social_options":{"image_generator_settings":{"template":"highway","default_image_id":0,"font":"","enabled":false},"version":2}},"product_brand":[179],"product_cat":[194],"product_tag":[],"class_list":{"0":"post-9207","1":"product","2":"type-product","3":"status-publish","4":"has-post-thumbnail","6":"product_brand-rowico","7":"product_cat-ruokapoydat-ja-tuolit","8":"product_shipping_class-161","10":"first","11":"instock","12":"purchasable","13":"product-type-simple"},"acf":[],"jetpack_publicize_connections":[],"jetpack_sharing_enabled":true,"jetpack-related-posts":[{"id":9211,"url":"https:\/\/pohjanmaantehtaanmyymala.fi\/en\/tuote\/lotta-klaffipoyta-120cm\/","url_meta":{"origin":9207,"position":0},"title":"LOTTA &#8211; klaffip\u00f6yt\u00e4 120 cm","author":"petri","date":"September 14, 2019","format":false,"excerpt":"Tyylik\u00e4s Lotta -Klaffip\u00f6yt\u00e4 on funktionaalinen 4-hengen p\u00f6yt\u00e4ratkaisu, josta saa k\u00e4den k\u00e4\u00e4nteess\u00e4 6-hengen ruokap\u00f6yd\u00e4n. T\u00e4m\u00e4n hienon retrohenkisen p\u00f6yd\u00e4n kanssa sopii hyvin yhteen esimerkiksi Lotta pinnatuoli. P\u00f6yt\u00e4 on saatavana valkoisella v\u00e4rill\u00e4. Toimitetaan jalat irrallaan.","rel":"","context":"Similar post","block_context":{"text":"Similar post","link":""},"img":{"alt_text":"Lotta klaffip\u00f6yt\u00e4 valkoinen","src":"https:\/\/i0.wp.com\/pohjanmaantehtaanmyymala.fi\/wp-content\/uploads\/2019\/09\/110649-a-Lotta-klaffbord-120-R.jpg?fit=960%2C960&ssl=1&resize=350%2C200","width":350,"height":200,"srcset":"https:\/\/i0.wp.com\/pohjanmaantehtaanmyymala.fi\/wp-content\/uploads\/2019\/09\/110649-a-Lotta-klaffbord-120-R.jpg?fit=960%2C960&ssl=1&resize=350%2C200 1x, https:\/\/i0.wp.com\/pohjanmaantehtaanmyymala.fi\/wp-content\/uploads\/2019\/09\/110649-a-Lotta-klaffbord-120-R.jpg?fit=960%2C960&ssl=1&resize=525%2C300 1.5x, https:\/\/i0.wp.com\/pohjanmaantehtaanmyymala.fi\/wp-content\/uploads\/2019\/09\/110649-a-Lotta-klaffbord-120-R.jpg?fit=960%2C960&ssl=1&resize=700%2C400 2x"},"classes":[]},{"id":20139,"url":"https:\/\/pohjanmaantehtaanmyymala.fi\/en\/tuote\/lotta-ruokapoyta-180x90-cm-musta\/","url_meta":{"origin":9207,"position":1},"title":"LOTTA-ruokap\u00f6yt\u00e4 180&#215;90 cm musta","author":"Sami Viitala","date":"March 23, 2022","format":false,"excerpt":"Poistomalli, viel\u00e4 1 kpl j\u00e4ljell\u00e4! Rowicon 6 -hengen Lotta-ruokap\u00f6yt\u00e4 sopii monenlaiseen ruokailutilaan ja keitti\u00f6\u00f6n. Kansi on saarniviilutettua MDF-levy\u00e4 ja jalat massiivipuuta V\u00e4rivaihtoehdot ovat musta. Lotta- p\u00f6yd\u00e4n kanssa sopii mainiosti Lotta -pinnatuolien kanssa. Toimitus jalat irrallaan.","rel":"","context":"Similar post","block_context":{"text":"Similar post","link":""},"img":{"alt_text":"Rowico Lotta ruokap\u00f6yt\u00e4 musta","src":"https:\/\/i0.wp.com\/pohjanmaantehtaanmyymala.fi\/wp-content\/uploads\/2022\/03\/Rowico-Lotta-poyta-table-180cm-musta.jpg?fit=960%2C960&ssl=1&resize=350%2C200","width":350,"height":200,"srcset":"https:\/\/i0.wp.com\/pohjanmaantehtaanmyymala.fi\/wp-content\/uploads\/2022\/03\/Rowico-Lotta-poyta-table-180cm-musta.jpg?fit=960%2C960&ssl=1&resize=350%2C200 1x, https:\/\/i0.wp.com\/pohjanmaantehtaanmyymala.fi\/wp-content\/uploads\/2022\/03\/Rowico-Lotta-poyta-table-180cm-musta.jpg?fit=960%2C960&ssl=1&resize=525%2C300 1.5x, https:\/\/i0.wp.com\/pohjanmaantehtaanmyymala.fi\/wp-content\/uploads\/2022\/03\/Rowico-Lotta-poyta-table-180cm-musta.jpg?fit=960%2C960&ssl=1&resize=700%2C400 2x"},"classes":[]},{"id":9214,"url":"https:\/\/pohjanmaantehtaanmyymala.fi\/en\/tuote\/lotta-pinnatuoli\/","url_meta":{"origin":9207,"position":2},"title":"LOTTA &#8211; pinnatuoli","author":"petri","date":"September 14, 2019","format":false,"excerpt":"Tyylik\u00e4s pinnatuoli monenlaiseen sisustukseen.","rel":"","context":"Similar post","block_context":{"text":"Similar post","link":""},"img":{"alt_text":"Lotta valkoinen pinnatuoli","src":"https:\/\/i0.wp.com\/pohjanmaantehtaanmyymala.fi\/wp-content\/uploads\/2019\/09\/Lotta-stol-vit-miljo2-PD1.jpg?fit=960%2C960&ssl=1&resize=350%2C200","width":350,"height":200,"srcset":"https:\/\/i0.wp.com\/pohjanmaantehtaanmyymala.fi\/wp-content\/uploads\/2019\/09\/Lotta-stol-vit-miljo2-PD1.jpg?fit=960%2C960&ssl=1&resize=350%2C200 1x, https:\/\/i0.wp.com\/pohjanmaantehtaanmyymala.fi\/wp-content\/uploads\/2019\/09\/Lotta-stol-vit-miljo2-PD1.jpg?fit=960%2C960&ssl=1&resize=525%2C300 1.5x, https:\/\/i0.wp.com\/pohjanmaantehtaanmyymala.fi\/wp-content\/uploads\/2019\/09\/Lotta-stol-vit-miljo2-PD1.jpg?fit=960%2C960&ssl=1&resize=700%2C400 2x"},"classes":[]},{"id":21686,"url":"https:\/\/pohjanmaantehtaanmyymala.fi\/en\/tuote\/emmi-ruokaryhma-6-tuolilla-valkoinen-tammi\/","url_meta":{"origin":9207,"position":3},"title":"Emmi ruokaryhm\u00e4 6 tuolilla valkoinen\/tammi","author":"Sami Viitala","date":"November 22, 2022","format":false,"excerpt":"Perinteinen Emmi- ruokailuryhm\u00e4 sis\u00e4lt\u00e4\u00e4 Rustiikki p\u00f6yd\u00e4n 180*90 cm ja 6 kpl Emmi tuolia. Emmi ruokailuryhm\u00e4 on valmistettu koivusta ja tammesta. P\u00f6yd\u00e4n jalkaosat ja tuolien rungot on maalattu valkoiseksi. Rustiikki p\u00f6yd\u00e4ss\u00e4 on tammikansi, joka on nimens\u00e4 mukaisesti rustiikkinen, eli hieman jo vanhan ja k\u00e4ytetyn n\u00e4k\u00f6inen uutena. Emmi-tuolien istuimissa on my\u00f6s rustiikkinen\u2026","rel":"","context":"Similar post","block_context":{"text":"Similar post","link":""},"img":{"alt_text":"Emmi ruokaryhm\u00e4 170x90 cm 6-tuolilla valkoinen\/rustiikkitammi","src":"https:\/\/i0.wp.com\/pohjanmaantehtaanmyymala.fi\/wp-content\/uploads\/2022\/11\/Emmi-ruokaryhma-6tuolilla-valkoinen-tammi.jpg?fit=960%2C960&ssl=1&resize=350%2C200","width":350,"height":200,"srcset":"https:\/\/i0.wp.com\/pohjanmaantehtaanmyymala.fi\/wp-content\/uploads\/2022\/11\/Emmi-ruokaryhma-6tuolilla-valkoinen-tammi.jpg?fit=960%2C960&ssl=1&resize=350%2C200 1x, https:\/\/i0.wp.com\/pohjanmaantehtaanmyymala.fi\/wp-content\/uploads\/2022\/11\/Emmi-ruokaryhma-6tuolilla-valkoinen-tammi.jpg?fit=960%2C960&ssl=1&resize=525%2C300 1.5x, https:\/\/i0.wp.com\/pohjanmaantehtaanmyymala.fi\/wp-content\/uploads\/2022\/11\/Emmi-ruokaryhma-6tuolilla-valkoinen-tammi.jpg?fit=960%2C960&ssl=1&resize=700%2C400 2x"},"classes":[]},{"id":21694,"url":"https:\/\/pohjanmaantehtaanmyymala.fi\/en\/tuote\/emmi-ruokaryhma-4-tuolilla-valkoinen-tammi\/","url_meta":{"origin":9207,"position":4},"title":"Emmi ruokaryhm\u00e4 4 tuolilla valkoinen\/tammi","author":"Sami Viitala","date":"November 22, 2022","format":false,"excerpt":"Perinteinen Emmi- ruokailuryhm\u00e4 sis\u00e4lt\u00e4\u00e4 Rustiikki p\u00f6yd\u00e4n 140*80 cm ja 4 kpl Emmi tuolia. Emmi ruokailuryhm\u00e4 on valmistettu koivusta ja tammesta. P\u00f6yd\u00e4n jalkaosat ja tuolien rungot on maalattu valkoiseksi. Rustiikki p\u00f6yd\u00e4ss\u00e4 on tammikansi, joka on nimens\u00e4 mukaisesti rustiikkinen, eli hieman jo vanhan ja k\u00e4ytetyn n\u00e4k\u00f6inen uutena. Emmi-tuolien istuimissa on my\u00f6s rustiikkinen\u2026","rel":"","context":"Similar post","block_context":{"text":"Similar post","link":""},"img":{"alt_text":"Emmi ruokaryhm\u00e4 140x80 cm 4-tuolilla valkoinen\/rustiikkitammi","src":"https:\/\/i0.wp.com\/pohjanmaantehtaanmyymala.fi\/wp-content\/uploads\/2022\/11\/Emmi-ruokaryhma-4tuolilla-valkoinen-tammi.jpg?fit=960%2C960&ssl=1&resize=350%2C200","width":350,"height":200,"srcset":"https:\/\/i0.wp.com\/pohjanmaantehtaanmyymala.fi\/wp-content\/uploads\/2022\/11\/Emmi-ruokaryhma-4tuolilla-valkoinen-tammi.jpg?fit=960%2C960&ssl=1&resize=350%2C200 1x, https:\/\/i0.wp.com\/pohjanmaantehtaanmyymala.fi\/wp-content\/uploads\/2022\/11\/Emmi-ruokaryhma-4tuolilla-valkoinen-tammi.jpg?fit=960%2C960&ssl=1&resize=525%2C300 1.5x, https:\/\/i0.wp.com\/pohjanmaantehtaanmyymala.fi\/wp-content\/uploads\/2022\/11\/Emmi-ruokaryhma-4tuolilla-valkoinen-tammi.jpg?fit=960%2C960&ssl=1&resize=700%2C400 2x"},"classes":[]},{"id":21709,"url":"https:\/\/pohjanmaantehtaanmyymala.fi\/en\/tuote\/emilia-ruokaryhma-4-tuolilla-valkoinen-tammi\/","url_meta":{"origin":9207,"position":5},"title":"Emilia ruokaryhm\u00e4 4 tuolilla valkoinen\/tammi","author":"Sami Viitala","date":"November 22, 2022","format":false,"excerpt":"Perinteinen Emilia- ruokailuryhm\u00e4 sis\u00e4lt\u00e4\u00e4 Rustiikki p\u00f6yd\u00e4n 140*80 cm ja 4 kpl Emilia tuolia. Ruokailuryhm\u00e4 on valmistettu koivusta ja tammesta. P\u00f6yd\u00e4n jalkaosat ja tuolien rungot on maalattu valkoiseksi. Rustiikki p\u00f6yd\u00e4ss\u00e4 on tammikansi, joka on nimens\u00e4 mukaisesti rustiikkinen, eli hieman jo vanhan ja k\u00e4ytetyn n\u00e4k\u00f6inen uutena. Emilia-tuolien istuimissa on my\u00f6s rustiikkinen tammikansi.\u2026","rel":"","context":"Similar post","block_context":{"text":"Similar post","link":""},"img":{"alt_text":"4 kpl Emilia tuoleja ja Rustiikki ruokap\u00f6yt\u00e4 140x80 cm valkoinen\/rustiikki tammi","src":"https:\/\/i0.wp.com\/pohjanmaantehtaanmyymala.fi\/wp-content\/uploads\/2022\/11\/Emiliai-ruokaryhma-4tuolilla-valkoinen-tammi.jpg?fit=960%2C960&ssl=1&resize=350%2C200","width":350,"height":200,"srcset":"https:\/\/i0.wp.com\/pohjanmaantehtaanmyymala.fi\/wp-content\/uploads\/2022\/11\/Emiliai-ruokaryhma-4tuolilla-valkoinen-tammi.jpg?fit=960%2C960&ssl=1&resize=350%2C200 1x, https:\/\/i0.wp.com\/pohjanmaantehtaanmyymala.fi\/wp-content\/uploads\/2022\/11\/Emiliai-ruokaryhma-4tuolilla-valkoinen-tammi.jpg?fit=960%2C960&ssl=1&resize=525%2C300 1.5x, https:\/\/i0.wp.com\/pohjanmaantehtaanmyymala.fi\/wp-content\/uploads\/2022\/11\/Emiliai-ruokaryhma-4tuolilla-valkoinen-tammi.jpg?fit=960%2C960&ssl=1&resize=700%2C400 2x"},"classes":[]}],"_links":{"self":[{"href":"https:\/\/pohjanmaantehtaanmyymala.fi\/en\/wp-json\/wp\/v2\/product\/9207","targetHints":{"allow":["GET"]}}],"collection":[{"href":"https:\/\/pohjanmaantehtaanmyymala.fi\/en\/wp-json\/wp\/v2\/product"}],"about":[{"href":"https:\/\/pohjanmaantehtaanmyymala.fi\/en\/wp-json\/wp\/v2\/types\/product"}],"replies":[{"embeddable":true,"href":"https:\/\/pohjanmaantehtaanmyymala.fi\/en\/wp-json\/wp\/v2\/comments?post=9207"}],"wp:featuredmedia":[{"embeddable":true,"href":"https:\/\/pohjanmaantehtaanmyymala.fi\/en\/wp-json\/wp\/v2\/media\/9208"}],"wp:attachment":[{"href":"https:\/\/pohjanmaantehtaanmyymala.fi\/en\/wp-json\/wp\/v2\/media?parent=9207"}],"wp:term":[{"taxonomy":"product_brand","embeddable":true,"href":"https:\/\/pohjanmaantehtaanmyymala.fi\/en\/wp-json\/wp\/v2\/product_brand?post=9207"},{"taxonomy":"product_cat","embeddable":true,"href":"https:\/\/pohjanmaantehtaanmyymala.fi\/en\/wp-json\/wp\/v2\/product_cat?post=9207"},{"taxonomy":"product_tag","embeddable":true,"href":"https:\/\/pohjanmaantehtaanmyymala.fi\/en\/wp-json\/wp\/v2\/product_tag?post=9207"}],"curies":[{"name":"wp","href":"https:\/\/api.w.org\/{rel}","templated":true}]}}