{"id":9109,"date":"2019-09-14T09:29:15","date_gmt":"2019-09-14T07:29:15","guid":{"rendered":""},"modified":"2026-04-25T11:26:29","modified_gmt":"2026-04-25T09:26:29","slug":"fred-senkki","status":"publish","type":"product","link":"https:\/\/pohjanmaantehtaanmyymala.fi\/en\/tuote\/fred-senkki\/","title":{"rendered":"FRED &#8211; senkki"},"content":{"rendered":"<p>Rowicon Fred- senkki tyylik\u00e4\u00e4n tummanruskeana tai valkopestyn\u00e4 tammena. Mustat metallijalat.<br \/>\nSenkin ovissa ja laatikoissa hidastinmekanismit.<\/p>\n<p>Tuotetiedot:<br \/>\nValmistettu tammesta.<\/p>\n<p>Toimitetaan kasattuna jalat irrallaan.<\/p>\n","protected":false},"excerpt":{"rendered":"<p>Rowicon Fred- senkki tyylik\u00e4\u00e4n tummanruskeana tai valkopestyn\u00e4 tammena. Mustat metallijalat. Senkin ovissa ja laatikoissa hidastinmekanismit. Tuotetiedot: Valmistettu tammesta. Toimitetaan kasattuna jalat irrallaan.<\/p>\n","protected":false},"featured_media":9110,"comment_status":"closed","ping_status":"closed","template":"","meta":{"_acf_changed":false,"jetpack_post_was_ever_published":false,"jetpack_publicize_message":"","jetpack_publicize_feature_enabled":true,"jetpack_social_post_already_shared":false,"jetpack_social_options":{"image_generator_settings":{"template":"highway","default_image_id":0,"font":"","enabled":false},"version":2}},"product_brand":[179],"product_cat":[196],"product_tag":[],"class_list":{"0":"post-9109","1":"product","2":"type-product","3":"status-publish","4":"has-post-thumbnail","6":"product_brand-rowico","7":"product_cat-sailytyskalusteet-ja-tv-tasot","8":"product_shipping_class-161","10":"first","11":"instock","12":"purchasable","13":"product-type-simple"},"acf":[],"jetpack_publicize_connections":[],"jetpack_sharing_enabled":true,"jetpack-related-posts":[{"id":9098,"url":"https:\/\/pohjanmaantehtaanmyymala.fi\/en\/tuote\/fred-ruokapoyta-170cm\/","url_meta":{"origin":9109,"position":0},"title":"FRED &#8211; ruokap\u00f6yt\u00e4 170cm","author":"petri","date":"September 14, 2019","format":false,"excerpt":"Rowicon upea Fred- ruokap\u00f6yt\u00e4 on eritt\u00e4in tukeva tammip\u00f6yt\u00e4. P\u00f6yd\u00e4n kansi on valmistettu kokonaan tammesta. P\u00f6yd\u00e4n tukevat jalat ovat pulverimaalattua metallia. Fred Ruokap\u00f6yd\u00e4n jalat mahdollista asentaa kolmeen eri kohtaan n\u00e4in saat tuolisi sopimaan p\u00f6yd\u00e4n alle optimaalisesti. Saatavissa Tummanruskealla tai Valkopestyll\u00e4 tammikannella. Jalat mustat. Tuotetiedot: Kansi: Massiivitammi. Jalat: Pulverimaalattua metallia. Toimitetaan jalat\u2026","rel":"","context":"Similar post","block_context":{"text":"Similar post","link":""},"img":{"alt_text":"","src":"https:\/\/i0.wp.com\/pohjanmaantehtaanmyymala.fi\/wp-content\/uploads\/2019\/06\/117422-b-Fred-matbord-170-vitpigmenterat-R.jpg?fit=960%2C960&ssl=1&resize=350%2C200","width":350,"height":200,"srcset":"https:\/\/i0.wp.com\/pohjanmaantehtaanmyymala.fi\/wp-content\/uploads\/2019\/06\/117422-b-Fred-matbord-170-vitpigmenterat-R.jpg?fit=960%2C960&ssl=1&resize=350%2C200 1x, https:\/\/i0.wp.com\/pohjanmaantehtaanmyymala.fi\/wp-content\/uploads\/2019\/06\/117422-b-Fred-matbord-170-vitpigmenterat-R.jpg?fit=960%2C960&ssl=1&resize=525%2C300 1.5x, https:\/\/i0.wp.com\/pohjanmaantehtaanmyymala.fi\/wp-content\/uploads\/2019\/06\/117422-b-Fred-matbord-170-vitpigmenterat-R.jpg?fit=960%2C960&ssl=1&resize=700%2C400 2x"},"classes":[]},{"id":9104,"url":"https:\/\/pohjanmaantehtaanmyymala.fi\/en\/tuote\/fred-ruokapoyta-240cm\/","url_meta":{"origin":9109,"position":1},"title":"FRED &#8211; ruokap\u00f6yt\u00e4 240cm","author":"petri","date":"September 14, 2019","format":false,"excerpt":"Rowicon kaunis ja iso Fred-ruokap\u00f6yt\u00e4 on eritt\u00e4in tukeva tammip\u00f6yt\u00e4. P\u00f6yd\u00e4n kansi on valmistettu massiivitammesta. P\u00f6yd\u00e4n jalat ovat pulverimaalattua metallia. Fred-ruokap\u00f6yd\u00e4n jalat mahdollista asentaa kolmeen eri kohtaan, n\u00e4in saat tuolisi sopimaan p\u00f6yd\u00e4n alle optimaalisesti. Saatavissa tummanruskealla tai valkopestyll\u00e4 tammikannella. Jalat ovat aina mustat. Tuotetiedot: Kansi: Massiivitammi. Jalat: Pulverimaalattua metallia. Toimitetaan jalat\u2026","rel":"","context":"Similar post","block_context":{"text":"Similar post","link":""},"img":{"alt_text":"","src":"https:\/\/i0.wp.com\/pohjanmaantehtaanmyymala.fi\/wp-content\/uploads\/2019\/06\/117420-a-Fred-matbord-ww-R.jpg?fit=960%2C960&ssl=1&resize=350%2C200","width":350,"height":200,"srcset":"https:\/\/i0.wp.com\/pohjanmaantehtaanmyymala.fi\/wp-content\/uploads\/2019\/06\/117420-a-Fred-matbord-ww-R.jpg?fit=960%2C960&ssl=1&resize=350%2C200 1x, https:\/\/i0.wp.com\/pohjanmaantehtaanmyymala.fi\/wp-content\/uploads\/2019\/06\/117420-a-Fred-matbord-ww-R.jpg?fit=960%2C960&ssl=1&resize=525%2C300 1.5x, https:\/\/i0.wp.com\/pohjanmaantehtaanmyymala.fi\/wp-content\/uploads\/2019\/06\/117420-a-Fred-matbord-ww-R.jpg?fit=960%2C960&ssl=1&resize=700%2C400 2x"},"classes":[]},{"id":9004,"url":"https:\/\/pohjanmaantehtaanmyymala.fi\/en\/tuote\/brooklyn-senkki\/","url_meta":{"origin":9109,"position":2},"title":"BROOKLYN &#8211; senkki","author":"petri","date":"September 14, 2019","format":false,"excerpt":"Upea tamminen Brooklyn senkki Rowicolta. Brooklyn -tuoteperheen massiivinen senkki sopii mainiosti muiden Brooklyn tuotteiden kanssa. Tuotetiedot: Brooklyn senkki valmistettu tammesta. V\u00e4rivaihtoehdot: Tumman ruskea, tammi ja Valkopesty tammi. Toimitetaan kasattuna jalat irrallaan.","rel":"","context":"Similar post","block_context":{"text":"Similar post","link":""},"img":{"alt_text":"","src":"https:\/\/i0.wp.com\/pohjanmaantehtaanmyymala.fi\/wp-content\/uploads\/2019\/06\/108595-b-Brooklyn-sideboard-ek.jpg?fit=960%2C960&ssl=1&resize=350%2C200","width":350,"height":200,"srcset":"https:\/\/i0.wp.com\/pohjanmaantehtaanmyymala.fi\/wp-content\/uploads\/2019\/06\/108595-b-Brooklyn-sideboard-ek.jpg?fit=960%2C960&ssl=1&resize=350%2C200 1x, https:\/\/i0.wp.com\/pohjanmaantehtaanmyymala.fi\/wp-content\/uploads\/2019\/06\/108595-b-Brooklyn-sideboard-ek.jpg?fit=960%2C960&ssl=1&resize=525%2C300 1.5x, https:\/\/i0.wp.com\/pohjanmaantehtaanmyymala.fi\/wp-content\/uploads\/2019\/06\/108595-b-Brooklyn-sideboard-ek.jpg?fit=960%2C960&ssl=1&resize=700%2C400 2x"},"classes":[]},{"id":9079,"url":"https:\/\/pohjanmaantehtaanmyymala.fi\/en\/tuote\/filippa-senkki-150cm\/","url_meta":{"origin":9109,"position":3},"title":"FILIPPA &#8211; senkki 150cm","author":"petri","date":"September 14, 2019","format":false,"excerpt":"Tyylik\u00e4s iso 150cm massiivitamminen Filippa-senkki Rowicon mallistosta! Rowicon upealla Filippa sarjalla sisustat kotisi kauniisti sarjasta l\u00f6ytyy lipastot senkit vitriinit ruokap\u00f6yd\u00e4t ja tuolit! Kannen v\u00e4rivaihtoehtoja ovat Tammi Valkopesty tammi ja Ruskea. Rungon v\u00e4rit: Valkoinen valkopesty tammi ja tammi. Tuotetiedot: Ovissa ja laatikoissa hidastinmekanismit. Toimitetaan kasattuna vain jalat ovat irrallaan.","rel":"","context":"Similar post","block_context":{"text":"Similar post","link":""},"img":{"alt_text":"","src":"https:\/\/i0.wp.com\/pohjanmaantehtaanmyymala.fi\/wp-content\/uploads\/2019\/06\/113776-a-Filippa-R.jpg?fit=960%2C960&ssl=1&resize=350%2C200","width":350,"height":200,"srcset":"https:\/\/i0.wp.com\/pohjanmaantehtaanmyymala.fi\/wp-content\/uploads\/2019\/06\/113776-a-Filippa-R.jpg?fit=960%2C960&ssl=1&resize=350%2C200 1x, https:\/\/i0.wp.com\/pohjanmaantehtaanmyymala.fi\/wp-content\/uploads\/2019\/06\/113776-a-Filippa-R.jpg?fit=960%2C960&ssl=1&resize=525%2C300 1.5x, https:\/\/i0.wp.com\/pohjanmaantehtaanmyymala.fi\/wp-content\/uploads\/2019\/06\/113776-a-Filippa-R.jpg?fit=960%2C960&ssl=1&resize=700%2C400 2x"},"classes":[]},{"id":9084,"url":"https:\/\/pohjanmaantehtaanmyymala.fi\/en\/tuote\/filippa-senkki-122cm\/","url_meta":{"origin":9109,"position":4},"title":"FILIPPA &#8211; senkki 122cm","author":"petri","date":"September 14, 2019","format":false,"excerpt":"Tyylik\u00e4s massiivitamminen Filippa-senkki Rowicon mallistosta! Rowicon upealla Filippa sarjalla sisustat kotisi kauniisti sarjasta l\u00f6ytyy lipastot senkit vitriinit ruokap\u00f6yd\u00e4t ja tuolit! Senkin v\u00e4rivaihtoehtoja ovat Tammi ja Valkopesty tammi. Tuotetiedot: Ovissa ja laatikoissa hidastinmekanismit. Toimitetaan kasattuna vain jalat ovat irrallaan.","rel":"","context":"Similar post","block_context":{"text":"Similar post","link":""},"img":{"alt_text":"","src":"https:\/\/i0.wp.com\/pohjanmaantehtaanmyymala.fi\/wp-content\/uploads\/2019\/06\/113736-a-Filippa-R.jpg?fit=960%2C960&ssl=1&resize=350%2C200","width":350,"height":200,"srcset":"https:\/\/i0.wp.com\/pohjanmaantehtaanmyymala.fi\/wp-content\/uploads\/2019\/06\/113736-a-Filippa-R.jpg?fit=960%2C960&ssl=1&resize=350%2C200 1x, https:\/\/i0.wp.com\/pohjanmaantehtaanmyymala.fi\/wp-content\/uploads\/2019\/06\/113736-a-Filippa-R.jpg?fit=960%2C960&ssl=1&resize=525%2C300 1.5x, https:\/\/i0.wp.com\/pohjanmaantehtaanmyymala.fi\/wp-content\/uploads\/2019\/06\/113736-a-Filippa-R.jpg?fit=960%2C960&ssl=1&resize=700%2C400 2x"},"classes":[]},{"id":8891,"url":"https:\/\/pohjanmaantehtaanmyymala.fi\/en\/tuote\/solo-senkki\/","url_meta":{"origin":9109,"position":5},"title":"SOLO &#8211; senkki","author":"petri","date":"September 14, 2019","format":false,"excerpt":"Pelkistetyn SOLO senkin muotokieli on ajaton mutta tyylik\u00e4s ja useine v\u00e4rivaihtoehtoineen se sopiikin erilaisiin koteihin ja sisustuksiin. Senkiss\u00e4 on kolme laatikkoa ja yksi ovi. Saatavana valkoisena, mustana ja vintage tammena. Kaikki v\u00e4rit ovat samanhintaisia. Senkki toimitetaan osina paketissa!","rel":"","context":"Similar post","block_context":{"text":"Similar post","link":""},"img":{"alt_text":"Hiipakka solo senkki valkoien wl","src":"https:\/\/i0.wp.com\/pohjanmaantehtaanmyymala.fi\/wp-content\/uploads\/2019\/09\/Solo_senkki_valkoinen.jpg?fit=700%2C700&ssl=1&resize=350%2C200","width":350,"height":200,"srcset":"https:\/\/i0.wp.com\/pohjanmaantehtaanmyymala.fi\/wp-content\/uploads\/2019\/09\/Solo_senkki_valkoinen.jpg?fit=700%2C700&ssl=1&resize=350%2C200 1x, https:\/\/i0.wp.com\/pohjanmaantehtaanmyymala.fi\/wp-content\/uploads\/2019\/09\/Solo_senkki_valkoinen.jpg?fit=700%2C700&ssl=1&resize=525%2C300 1.5x, https:\/\/i0.wp.com\/pohjanmaantehtaanmyymala.fi\/wp-content\/uploads\/2019\/09\/Solo_senkki_valkoinen.jpg?fit=700%2C700&ssl=1&resize=700%2C400 2x"},"classes":[]}],"_links":{"self":[{"href":"https:\/\/pohjanmaantehtaanmyymala.fi\/en\/wp-json\/wp\/v2\/product\/9109","targetHints":{"allow":["GET"]}}],"collection":[{"href":"https:\/\/pohjanmaantehtaanmyymala.fi\/en\/wp-json\/wp\/v2\/product"}],"about":[{"href":"https:\/\/pohjanmaantehtaanmyymala.fi\/en\/wp-json\/wp\/v2\/types\/product"}],"replies":[{"embeddable":true,"href":"https:\/\/pohjanmaantehtaanmyymala.fi\/en\/wp-json\/wp\/v2\/comments?post=9109"}],"wp:featuredmedia":[{"embeddable":true,"href":"https:\/\/pohjanmaantehtaanmyymala.fi\/en\/wp-json\/wp\/v2\/media\/9110"}],"wp:attachment":[{"href":"https:\/\/pohjanmaantehtaanmyymala.fi\/en\/wp-json\/wp\/v2\/media?parent=9109"}],"wp:term":[{"taxonomy":"product_brand","embeddable":true,"href":"https:\/\/pohjanmaantehtaanmyymala.fi\/en\/wp-json\/wp\/v2\/product_brand?post=9109"},{"taxonomy":"product_cat","embeddable":true,"href":"https:\/\/pohjanmaantehtaanmyymala.fi\/en\/wp-json\/wp\/v2\/product_cat?post=9109"},{"taxonomy":"product_tag","embeddable":true,"href":"https:\/\/pohjanmaantehtaanmyymala.fi\/en\/wp-json\/wp\/v2\/product_tag?post=9109"}],"curies":[{"name":"wp","href":"https:\/\/api.w.org\/{rel}","templated":true}]}}