{"id":9064,"date":"2019-09-14T09:28:50","date_gmt":"2019-09-14T07:28:50","guid":{"rendered":"https:\/\/pohjanmaantehtaanmyymala.fi\/tuote\/filippa-ruokaryhma\/"},"modified":"2026-04-25T11:29:07","modified_gmt":"2026-04-25T09:29:07","slug":"filippa-ruokaryhma-6lla-tuolilla","status":"publish","type":"product","link":"https:\/\/pohjanmaantehtaanmyymala.fi\/en\/tuote\/filippa-ruokaryhma-6lla-tuolilla\/","title":{"rendered":"FILIPPA \u2013 ruokaryhm\u00e4 6:lla tuolilla"},"content":{"rendered":"<p>Rowicon upea Filippa- ruokailuryhm\u00e4 sis\u00e4lt\u00e4\u00e4 p\u00f6yd\u00e4n 180*90 cm ja 6 kpl tuolia. Filippa- ruokailuryhm\u00e4 on valmistettu tammesta, jossa upea valkolakattu pinta.<br \/>\nTuolien istuin on pehmustettu ja verhoiltu harmaalla kankaalla.<\/p>\n<p>P\u00f6yd\u00e4n mitat: Halkaisija 180 * 90 cm korkeus 75 cm<br \/>\nTuolin mitat: Lev. 44 cm Syv. 48 cm ja kork. 92 cm.<br \/>\nTuolin istumakorkeus on 46cm.<\/p>\n<p>Toimitetaan tuolit valmiiksi koottuna p\u00f6yd\u00e4st\u00e4 jalat irti.<\/p>\n","protected":false},"excerpt":{"rendered":"<p>Rowicon upea Filippa- ruokailuryhm\u00e4 sis\u00e4lt\u00e4\u00e4 p\u00f6yd\u00e4n 180*90 cm ja 6 kpl tuolia. Filippa- ruokailuryhm\u00e4 on valmistettu tammesta, jossa upea valkolakattu pinta. Tuolien istuin on pehmustettu ja verhoiltu harmaalla kankaalla. P\u00f6yd\u00e4n mitat: Halkaisija 180 * 90 cm korkeus 75 cm Tuolin mitat: Lev. 44 cm Syv. 48 cm ja kork. 92 cm. Tuolin istumakorkeus on 46cm. [&hellip;]<\/p>\n","protected":false},"featured_media":10403,"comment_status":"closed","ping_status":"closed","template":"","meta":{"_acf_changed":false,"jetpack_post_was_ever_published":false,"jetpack_publicize_message":"","jetpack_publicize_feature_enabled":true,"jetpack_social_post_already_shared":false,"jetpack_social_options":{"image_generator_settings":{"template":"highway","default_image_id":0,"font":"","enabled":false},"version":2}},"product_brand":[179],"product_cat":[194],"product_tag":[],"class_list":{"0":"post-9064","1":"product","2":"type-product","3":"status-publish","4":"has-post-thumbnail","6":"product_brand-rowico","7":"product_cat-ruokapoydat-ja-tuolit","8":"product_shipping_class-161","10":"first","11":"instock","12":"purchasable","13":"product-type-simple"},"acf":[],"jetpack_publicize_connections":[],"jetpack_sharing_enabled":true,"jetpack-related-posts":[{"id":21686,"url":"https:\/\/pohjanmaantehtaanmyymala.fi\/en\/tuote\/emmi-ruokaryhma-6-tuolilla-valkoinen-tammi\/","url_meta":{"origin":9064,"position":0},"title":"Emmi ruokaryhm\u00e4 6 tuolilla valkoinen\/tammi","author":"Sami Viitala","date":"November 22, 2022","format":false,"excerpt":"Perinteinen Emmi- ruokailuryhm\u00e4 sis\u00e4lt\u00e4\u00e4 Rustiikki p\u00f6yd\u00e4n 180*90 cm ja 6 kpl Emmi tuolia. Emmi ruokailuryhm\u00e4 on valmistettu koivusta ja tammesta. P\u00f6yd\u00e4n jalkaosat ja tuolien rungot on maalattu valkoiseksi. Rustiikki p\u00f6yd\u00e4ss\u00e4 on tammikansi, joka on nimens\u00e4 mukaisesti rustiikkinen, eli hieman jo vanhan ja k\u00e4ytetyn n\u00e4k\u00f6inen uutena. Emmi-tuolien istuimissa on my\u00f6s rustiikkinen\u2026","rel":"","context":"Similar post","block_context":{"text":"Similar post","link":""},"img":{"alt_text":"Emmi ruokaryhm\u00e4 170x90 cm 6-tuolilla valkoinen\/rustiikkitammi","src":"https:\/\/i0.wp.com\/pohjanmaantehtaanmyymala.fi\/wp-content\/uploads\/2022\/11\/Emmi-ruokaryhma-6tuolilla-valkoinen-tammi.jpg?fit=960%2C960&ssl=1&resize=350%2C200","width":350,"height":200,"srcset":"https:\/\/i0.wp.com\/pohjanmaantehtaanmyymala.fi\/wp-content\/uploads\/2022\/11\/Emmi-ruokaryhma-6tuolilla-valkoinen-tammi.jpg?fit=960%2C960&ssl=1&resize=350%2C200 1x, https:\/\/i0.wp.com\/pohjanmaantehtaanmyymala.fi\/wp-content\/uploads\/2022\/11\/Emmi-ruokaryhma-6tuolilla-valkoinen-tammi.jpg?fit=960%2C960&ssl=1&resize=525%2C300 1.5x, https:\/\/i0.wp.com\/pohjanmaantehtaanmyymala.fi\/wp-content\/uploads\/2022\/11\/Emmi-ruokaryhma-6tuolilla-valkoinen-tammi.jpg?fit=960%2C960&ssl=1&resize=700%2C400 2x"},"classes":[]},{"id":21661,"url":"https:\/\/pohjanmaantehtaanmyymala.fi\/en\/tuote\/emmi-ruokaryhma-6-tuolilla-musta-tammi\/","url_meta":{"origin":9064,"position":1},"title":"Emmi ruokaryhm\u00e4 6 tuolilla musta\/tammi","author":"Sami Viitala","date":"November 22, 2022","format":false,"excerpt":"Esittelymalliryhm\u00e4 j\u00e4ljell\u00e4! Perinteinen Emmi- ruokailuryhm\u00e4 sis\u00e4lt\u00e4\u00e4 Rustiikki p\u00f6yd\u00e4n 180*90 cm ja 6 kpl Emmi tuolia. Emmi ruokailuryhm\u00e4 on valmistettu koivusta ja tammesta. P\u00f6yd\u00e4n jalkaosat ja tuolien rungot on maalattu mustaksi. Rustiikki p\u00f6yd\u00e4ss\u00e4 on tammikansi, joka on nimens\u00e4 mukaisesti rustiikkinen, eli hieman jo vanhan ja k\u00e4ytetyn n\u00e4k\u00f6inen uutena. Emmi-tuolien istuimissa on\u2026","rel":"","context":"Similar post","block_context":{"text":"Similar post","link":""},"img":{"alt_text":"Emmi ruokaryhm\u00e4 160*90 cm musta \/ rustiikkitammi","src":"https:\/\/i0.wp.com\/pohjanmaantehtaanmyymala.fi\/wp-content\/uploads\/2022\/11\/Emmi-ruokaryhma-6tuolilla-musta-tammi.jpg?fit=960%2C960&ssl=1&resize=350%2C200","width":350,"height":200,"srcset":"https:\/\/i0.wp.com\/pohjanmaantehtaanmyymala.fi\/wp-content\/uploads\/2022\/11\/Emmi-ruokaryhma-6tuolilla-musta-tammi.jpg?fit=960%2C960&ssl=1&resize=350%2C200 1x, https:\/\/i0.wp.com\/pohjanmaantehtaanmyymala.fi\/wp-content\/uploads\/2022\/11\/Emmi-ruokaryhma-6tuolilla-musta-tammi.jpg?fit=960%2C960&ssl=1&resize=525%2C300 1.5x, https:\/\/i0.wp.com\/pohjanmaantehtaanmyymala.fi\/wp-content\/uploads\/2022\/11\/Emmi-ruokaryhma-6tuolilla-musta-tammi.jpg?fit=960%2C960&ssl=1&resize=700%2C400 2x"},"classes":[]},{"id":21648,"url":"https:\/\/pohjanmaantehtaanmyymala.fi\/en\/tuote\/emilia-ruokaryhma-6-tuolilla-musta-tammi\/","url_meta":{"origin":9064,"position":2},"title":"Emilia ruokaryhm\u00e4 6 tuolilla musta\/tammi","author":"Sami Viitala","date":"November 22, 2022","format":false,"excerpt":"Romanttinen Emilia- ruokailuryhm\u00e4 sis\u00e4lt\u00e4\u00e4 Rustiikki p\u00f6yd\u00e4n 180*90 cm ja 6 kpl Emilia tuolia. Emilia ruokailuryhm\u00e4 on valmistettu koivusta ja tammesta. P\u00f6yd\u00e4n jalkaosat ja tuolien rungot on maalattu mustaksi. Rustiikki p\u00f6yd\u00e4ss\u00e4 on tammikansi, joka on nimens\u00e4 mukaisesti rustiikkinen, eli hieman jo vanhan ja k\u00e4ytetyn n\u00e4k\u00f6inen uutena. Emilia-tuolien istuimissa on my\u00f6s rustiikkinen\u2026","rel":"","context":"Similar post","block_context":{"text":"Similar post","link":""},"img":{"alt_text":"6 kpl Emilia tuoleja ja Rustiikki ruokap\u00f6yt\u00e4 170x90 cm musta\/rustiikki tammi","src":"https:\/\/i0.wp.com\/pohjanmaantehtaanmyymala.fi\/wp-content\/uploads\/2022\/11\/Emilia-ruokaryhma-6tuolilla-musta-tammi.jpg?fit=960%2C960&ssl=1&resize=350%2C200","width":350,"height":200,"srcset":"https:\/\/i0.wp.com\/pohjanmaantehtaanmyymala.fi\/wp-content\/uploads\/2022\/11\/Emilia-ruokaryhma-6tuolilla-musta-tammi.jpg?fit=960%2C960&ssl=1&resize=350%2C200 1x, https:\/\/i0.wp.com\/pohjanmaantehtaanmyymala.fi\/wp-content\/uploads\/2022\/11\/Emilia-ruokaryhma-6tuolilla-musta-tammi.jpg?fit=960%2C960&ssl=1&resize=525%2C300 1.5x, https:\/\/i0.wp.com\/pohjanmaantehtaanmyymala.fi\/wp-content\/uploads\/2022\/11\/Emilia-ruokaryhma-6tuolilla-musta-tammi.jpg?fit=960%2C960&ssl=1&resize=700%2C400 2x"},"classes":[]},{"id":21672,"url":"https:\/\/pohjanmaantehtaanmyymala.fi\/en\/tuote\/emilia-ruokaryhma-6-tuolilla-valkoinen-tammi\/","url_meta":{"origin":9064,"position":3},"title":"Emilia ruokaryhm\u00e4 6 tuolilla valkoinen\/tammi","author":"Sami Viitala","date":"November 22, 2022","format":false,"excerpt":"Romanttinen Emilia- ruokailuryhm\u00e4 sis\u00e4lt\u00e4\u00e4 Rustiikki p\u00f6yd\u00e4n 180*90 cm ja 6 kpl Emilia tuolia. Emilia ruokailuryhm\u00e4 on valmistettu koivusta ja tammesta. P\u00f6yd\u00e4n jalkaosat ja tuolien rungot on maalattu valkoiseksi. Rustiikki p\u00f6yd\u00e4ss\u00e4 on tammikansi, joka on nimens\u00e4 mukaisesti rustiikkinen, eli hieman jo vanhan ja k\u00e4ytetyn n\u00e4k\u00f6inen uutena. Emilia-tuolien istuimissa on my\u00f6s rustiikkinen\u2026","rel":"","context":"Similar post","block_context":{"text":"Similar post","link":""},"img":{"alt_text":"6 kpl Emilia tuoleja ja Rustiikki ruokap\u00f6yt\u00e4 170x90 cm valkoinen\/rustiikki tammi","src":"https:\/\/i0.wp.com\/pohjanmaantehtaanmyymala.fi\/wp-content\/uploads\/2022\/11\/Emilia-ruokaryhma-6tuolillavalkoinen-tammi.jpg?fit=960%2C960&ssl=1&resize=350%2C200","width":350,"height":200,"srcset":"https:\/\/i0.wp.com\/pohjanmaantehtaanmyymala.fi\/wp-content\/uploads\/2022\/11\/Emilia-ruokaryhma-6tuolillavalkoinen-tammi.jpg?fit=960%2C960&ssl=1&resize=350%2C200 1x, https:\/\/i0.wp.com\/pohjanmaantehtaanmyymala.fi\/wp-content\/uploads\/2022\/11\/Emilia-ruokaryhma-6tuolillavalkoinen-tammi.jpg?fit=960%2C960&ssl=1&resize=525%2C300 1.5x, https:\/\/i0.wp.com\/pohjanmaantehtaanmyymala.fi\/wp-content\/uploads\/2022\/11\/Emilia-ruokaryhma-6tuolillavalkoinen-tammi.jpg?fit=960%2C960&ssl=1&resize=700%2C400 2x"},"classes":[]},{"id":21643,"url":"https:\/\/pohjanmaantehtaanmyymala.fi\/en\/tuote\/kuura-ruokaryhma-6-tuolilla-musta\/","url_meta":{"origin":9064,"position":4},"title":"KUURA ruokaryhm\u00e4 6 tuolilla musta","author":"Sami Viitala","date":"November 22, 2022","format":false,"excerpt":"Siro ja edullinen p\u00f6yt\u00e4ryhm\u00e4 6-lle hengelle.","rel":"","context":"Similar post","block_context":{"text":"Similar post","link":""},"img":{"alt_text":"Kuura ruokaryhm\u00e4 6-tuolilla musta, harmaat verhoillut istuimet","src":"https:\/\/i0.wp.com\/pohjanmaantehtaanmyymala.fi\/wp-content\/uploads\/2022\/11\/Kuura-ruokaryhma-musta.jpg?fit=960%2C960&ssl=1&resize=350%2C200","width":350,"height":200,"srcset":"https:\/\/i0.wp.com\/pohjanmaantehtaanmyymala.fi\/wp-content\/uploads\/2022\/11\/Kuura-ruokaryhma-musta.jpg?fit=960%2C960&ssl=1&resize=350%2C200 1x, https:\/\/i0.wp.com\/pohjanmaantehtaanmyymala.fi\/wp-content\/uploads\/2022\/11\/Kuura-ruokaryhma-musta.jpg?fit=960%2C960&ssl=1&resize=525%2C300 1.5x, https:\/\/i0.wp.com\/pohjanmaantehtaanmyymala.fi\/wp-content\/uploads\/2022\/11\/Kuura-ruokaryhma-musta.jpg?fit=960%2C960&ssl=1&resize=700%2C400 2x"},"classes":[]},{"id":21723,"url":"https:\/\/pohjanmaantehtaanmyymala.fi\/en\/tuote\/kuura-ruokaryhma-4-tuolilla-musta\/","url_meta":{"origin":9064,"position":5},"title":"Kuura ruokaryhm\u00e4 4 tuolilla musta","author":"Sami Viitala","date":"November 22, 2022","format":false,"excerpt":"Muutama ryhm\u00e4 j\u00e4ljell\u00e4! Siro Kuura- ruokailuryhm\u00e4 sis\u00e4lt\u00e4\u00e4 p\u00f6yd\u00e4n 120*75 cm ja 4 kpl tuolia. Kuura ruokailuryhm\u00e4 on valmistettu koivusta ja MDF-levyst\u00e4, joka on maalattu mustaksi. Tuolien istuin on pehmustettu ja verhoiltu harmaalla kankaalla. P\u00f6yd\u00e4n mitat:\u00a0 120x75 cm, korkeus 74 cm Tuolin mitat: korkeus 95 cm, leveys 43 cm, syvyys 49\u2026","rel":"","context":"Similar post","block_context":{"text":"Similar post","link":""},"img":{"alt_text":"Kuura ruokaryhm\u00e4 4-tuolilla musta, harmaat verhoillut istuimet","src":"https:\/\/i0.wp.com\/pohjanmaantehtaanmyymala.fi\/wp-content\/uploads\/2022\/11\/Kuura-ruokaryhma-4-tuolilla-musta.jpg?fit=960%2C960&ssl=1&resize=350%2C200","width":350,"height":200,"srcset":"https:\/\/i0.wp.com\/pohjanmaantehtaanmyymala.fi\/wp-content\/uploads\/2022\/11\/Kuura-ruokaryhma-4-tuolilla-musta.jpg?fit=960%2C960&ssl=1&resize=350%2C200 1x, https:\/\/i0.wp.com\/pohjanmaantehtaanmyymala.fi\/wp-content\/uploads\/2022\/11\/Kuura-ruokaryhma-4-tuolilla-musta.jpg?fit=960%2C960&ssl=1&resize=525%2C300 1.5x, https:\/\/i0.wp.com\/pohjanmaantehtaanmyymala.fi\/wp-content\/uploads\/2022\/11\/Kuura-ruokaryhma-4-tuolilla-musta.jpg?fit=960%2C960&ssl=1&resize=700%2C400 2x"},"classes":[]}],"_links":{"self":[{"href":"https:\/\/pohjanmaantehtaanmyymala.fi\/en\/wp-json\/wp\/v2\/product\/9064","targetHints":{"allow":["GET"]}}],"collection":[{"href":"https:\/\/pohjanmaantehtaanmyymala.fi\/en\/wp-json\/wp\/v2\/product"}],"about":[{"href":"https:\/\/pohjanmaantehtaanmyymala.fi\/en\/wp-json\/wp\/v2\/types\/product"}],"replies":[{"embeddable":true,"href":"https:\/\/pohjanmaantehtaanmyymala.fi\/en\/wp-json\/wp\/v2\/comments?post=9064"}],"wp:featuredmedia":[{"embeddable":true,"href":"https:\/\/pohjanmaantehtaanmyymala.fi\/en\/wp-json\/wp\/v2\/media\/10403"}],"wp:attachment":[{"href":"https:\/\/pohjanmaantehtaanmyymala.fi\/en\/wp-json\/wp\/v2\/media?parent=9064"}],"wp:term":[{"taxonomy":"product_brand","embeddable":true,"href":"https:\/\/pohjanmaantehtaanmyymala.fi\/en\/wp-json\/wp\/v2\/product_brand?post=9064"},{"taxonomy":"product_cat","embeddable":true,"href":"https:\/\/pohjanmaantehtaanmyymala.fi\/en\/wp-json\/wp\/v2\/product_cat?post=9064"},{"taxonomy":"product_tag","embeddable":true,"href":"https:\/\/pohjanmaantehtaanmyymala.fi\/en\/wp-json\/wp\/v2\/product_tag?post=9064"}],"curies":[{"name":"wp","href":"https:\/\/api.w.org\/{rel}","templated":true}]}}