{"id":9054,"date":"2019-09-14T09:28:44","date_gmt":"2019-09-14T07:28:44","guid":{"rendered":""},"modified":"2026-04-25T11:29:08","modified_gmt":"2026-04-25T09:29:08","slug":"fenwood-senkki","status":"publish","type":"product","link":"https:\/\/pohjanmaantehtaanmyymala.fi\/en\/tuote\/fenwood-senkki\/","title":{"rendered":"FENWOOD &#8211; senkki"},"content":{"rendered":"<p>Upea tumma senkki kullatuilla vetimill\u00e4 ja jalkojen koristeilla.<br \/>\nFenwood- tason ovikaappien sis\u00e4ll\u00e4 oleva tila on jaettu yhdell\u00e4 v\u00e4lihyllyll\u00e4 mink\u00e4 korkeutta voi s\u00e4\u00e4t\u00e4\u00e4.<br \/>\nOvissa ja laatikoissa k\u00e4ytt\u00f6mukavuutta lis\u00e4\u00e4v\u00e4t hidastinmekanismit.<br \/>\nFenwood-sarjasta l\u00f6yd\u00e4t my\u00f6s ruokap\u00f6yd\u00e4n ja avohyllyn.<\/p>\n<p>Tuotetiedot:<br \/>\nValmistettu tammiviilutetusta kalustelevyst\u00e4.<br \/>\nOvissa ja laatikoissa hidastinmekanismit.<\/p>\n<p>Toimitetaan valmiiksi kasattuna vain jalat ovat irrallaan.<\/p>\n","protected":false},"excerpt":{"rendered":"<p>Upea tumma senkki kullatuilla vetimill\u00e4 ja jalkojen koristeilla. Fenwood- tason ovikaappien sis\u00e4ll\u00e4 oleva tila on jaettu yhdell\u00e4 v\u00e4lihyllyll\u00e4 mink\u00e4 korkeutta voi s\u00e4\u00e4t\u00e4\u00e4. Ovissa ja laatikoissa k\u00e4ytt\u00f6mukavuutta lis\u00e4\u00e4v\u00e4t hidastinmekanismit. Fenwood-sarjasta l\u00f6yd\u00e4t my\u00f6s ruokap\u00f6yd\u00e4n ja avohyllyn. Tuotetiedot: Valmistettu tammiviilutetusta kalustelevyst\u00e4. Ovissa ja laatikoissa hidastinmekanismit. Toimitetaan valmiiksi kasattuna vain jalat ovat irrallaan.<\/p>\n","protected":false},"featured_media":9055,"comment_status":"closed","ping_status":"closed","template":"","meta":{"_acf_changed":false,"jetpack_post_was_ever_published":false,"jetpack_publicize_message":"","jetpack_publicize_feature_enabled":true,"jetpack_social_post_already_shared":false,"jetpack_social_options":{"image_generator_settings":{"template":"highway","default_image_id":0,"font":"","enabled":false},"version":2}},"product_brand":[179],"product_cat":[196],"product_tag":[],"class_list":{"0":"post-9054","1":"product","2":"type-product","3":"status-publish","4":"has-post-thumbnail","6":"product_brand-rowico","7":"product_cat-sailytyskalusteet-ja-tv-tasot","8":"product_shipping_class-161","10":"first","11":"instock","12":"purchasable","13":"product-type-simple"},"acf":[],"jetpack_publicize_connections":[],"jetpack_sharing_enabled":true,"jetpack-related-posts":[{"id":9109,"url":"https:\/\/pohjanmaantehtaanmyymala.fi\/en\/tuote\/fred-senkki\/","url_meta":{"origin":9054,"position":0},"title":"FRED &#8211; senkki","author":"petri","date":"September 14, 2019","format":false,"excerpt":"Rowicon Fred- senkki tyylik\u00e4\u00e4n tummanruskeana tai valkopestyn\u00e4 tammena. Mustat metallijalat. Senkin ovissa ja laatikoissa hidastinmekanismit. Tuotetiedot: Valmistettu tammesta. Toimitetaan kasattuna jalat irrallaan.","rel":"","context":"Similar post","block_context":{"text":"Similar post","link":""},"img":{"alt_text":"","src":"https:\/\/i0.wp.com\/pohjanmaantehtaanmyymala.fi\/wp-content\/uploads\/2019\/06\/117421-a-Fred-sideboard-ww-R.jpg?fit=960%2C960&ssl=1&resize=350%2C200","width":350,"height":200,"srcset":"https:\/\/i0.wp.com\/pohjanmaantehtaanmyymala.fi\/wp-content\/uploads\/2019\/06\/117421-a-Fred-sideboard-ww-R.jpg?fit=960%2C960&ssl=1&resize=350%2C200 1x, https:\/\/i0.wp.com\/pohjanmaantehtaanmyymala.fi\/wp-content\/uploads\/2019\/06\/117421-a-Fred-sideboard-ww-R.jpg?fit=960%2C960&ssl=1&resize=525%2C300 1.5x, https:\/\/i0.wp.com\/pohjanmaantehtaanmyymala.fi\/wp-content\/uploads\/2019\/06\/117421-a-Fred-sideboard-ww-R.jpg?fit=960%2C960&ssl=1&resize=700%2C400 2x"},"classes":[]},{"id":9084,"url":"https:\/\/pohjanmaantehtaanmyymala.fi\/en\/tuote\/filippa-senkki-122cm\/","url_meta":{"origin":9054,"position":1},"title":"FILIPPA &#8211; senkki 122cm","author":"petri","date":"September 14, 2019","format":false,"excerpt":"Tyylik\u00e4s massiivitamminen Filippa-senkki Rowicon mallistosta! Rowicon upealla Filippa sarjalla sisustat kotisi kauniisti sarjasta l\u00f6ytyy lipastot senkit vitriinit ruokap\u00f6yd\u00e4t ja tuolit! Senkin v\u00e4rivaihtoehtoja ovat Tammi ja Valkopesty tammi. Tuotetiedot: Ovissa ja laatikoissa hidastinmekanismit. Toimitetaan kasattuna vain jalat ovat irrallaan.","rel":"","context":"Similar post","block_context":{"text":"Similar post","link":""},"img":{"alt_text":"","src":"https:\/\/i0.wp.com\/pohjanmaantehtaanmyymala.fi\/wp-content\/uploads\/2019\/06\/113736-a-Filippa-R.jpg?fit=960%2C960&ssl=1&resize=350%2C200","width":350,"height":200,"srcset":"https:\/\/i0.wp.com\/pohjanmaantehtaanmyymala.fi\/wp-content\/uploads\/2019\/06\/113736-a-Filippa-R.jpg?fit=960%2C960&ssl=1&resize=350%2C200 1x, https:\/\/i0.wp.com\/pohjanmaantehtaanmyymala.fi\/wp-content\/uploads\/2019\/06\/113736-a-Filippa-R.jpg?fit=960%2C960&ssl=1&resize=525%2C300 1.5x, https:\/\/i0.wp.com\/pohjanmaantehtaanmyymala.fi\/wp-content\/uploads\/2019\/06\/113736-a-Filippa-R.jpg?fit=960%2C960&ssl=1&resize=700%2C400 2x"},"classes":[]},{"id":9348,"url":"https:\/\/pohjanmaantehtaanmyymala.fi\/en\/tuote\/yumi-senkki-152cm\/","url_meta":{"origin":9054,"position":2},"title":"YUMI &#8211; senkki 152cm","author":"petri","date":"September 14, 2019","format":false,"excerpt":"Upea tamminen senkki Rowicon Yumi-kalustesarjasta. Senkiss\u00e4 on Yumi sarjalle tyypilliset korkeat ja sirot jalat jotka antavat kalusteille keve\u00e4n ilmeen. Senkin laatikoissa ja ovissa mukavuutta lis\u00e4\u00e4v\u00e4t hidastinmekanismit. Saatavana vain valkolakattuna tammena. Tuotetiedot: Valmistettu lakatusta massiivitammesta ja tammiviilutetusta kalustelevyst\u00e4. Toimitetaan kasattuna vain jalat ovat irrallaan.","rel":"","context":"Similar post","block_context":{"text":"Similar post","link":""},"img":{"alt_text":"Rowico Yumi senkki valkopesty edest\u00e4","src":"https:\/\/i0.wp.com\/pohjanmaantehtaanmyymala.fi\/wp-content\/uploads\/2019\/09\/Rowico_Yumi_senkki_valkopesty-1.jpg?fit=960%2C960&ssl=1&resize=350%2C200","width":350,"height":200,"srcset":"https:\/\/i0.wp.com\/pohjanmaantehtaanmyymala.fi\/wp-content\/uploads\/2019\/09\/Rowico_Yumi_senkki_valkopesty-1.jpg?fit=960%2C960&ssl=1&resize=350%2C200 1x, https:\/\/i0.wp.com\/pohjanmaantehtaanmyymala.fi\/wp-content\/uploads\/2019\/09\/Rowico_Yumi_senkki_valkopesty-1.jpg?fit=960%2C960&ssl=1&resize=525%2C300 1.5x, https:\/\/i0.wp.com\/pohjanmaantehtaanmyymala.fi\/wp-content\/uploads\/2019\/09\/Rowico_Yumi_senkki_valkopesty-1.jpg?fit=960%2C960&ssl=1&resize=700%2C400 2x"},"classes":[]},{"id":9079,"url":"https:\/\/pohjanmaantehtaanmyymala.fi\/en\/tuote\/filippa-senkki-150cm\/","url_meta":{"origin":9054,"position":3},"title":"FILIPPA &#8211; senkki 150cm","author":"petri","date":"September 14, 2019","format":false,"excerpt":"Tyylik\u00e4s iso 150cm massiivitamminen Filippa-senkki Rowicon mallistosta! Rowicon upealla Filippa sarjalla sisustat kotisi kauniisti sarjasta l\u00f6ytyy lipastot senkit vitriinit ruokap\u00f6yd\u00e4t ja tuolit! Kannen v\u00e4rivaihtoehtoja ovat Tammi Valkopesty tammi ja Ruskea. Rungon v\u00e4rit: Valkoinen valkopesty tammi ja tammi. Tuotetiedot: Ovissa ja laatikoissa hidastinmekanismit. Toimitetaan kasattuna vain jalat ovat irrallaan.","rel":"","context":"Similar post","block_context":{"text":"Similar post","link":""},"img":{"alt_text":"","src":"https:\/\/i0.wp.com\/pohjanmaantehtaanmyymala.fi\/wp-content\/uploads\/2019\/06\/113776-a-Filippa-R.jpg?fit=960%2C960&ssl=1&resize=350%2C200","width":350,"height":200,"srcset":"https:\/\/i0.wp.com\/pohjanmaantehtaanmyymala.fi\/wp-content\/uploads\/2019\/06\/113776-a-Filippa-R.jpg?fit=960%2C960&ssl=1&resize=350%2C200 1x, https:\/\/i0.wp.com\/pohjanmaantehtaanmyymala.fi\/wp-content\/uploads\/2019\/06\/113776-a-Filippa-R.jpg?fit=960%2C960&ssl=1&resize=525%2C300 1.5x, https:\/\/i0.wp.com\/pohjanmaantehtaanmyymala.fi\/wp-content\/uploads\/2019\/06\/113776-a-Filippa-R.jpg?fit=960%2C960&ssl=1&resize=700%2C400 2x"},"classes":[]},{"id":24509,"url":"https:\/\/pohjanmaantehtaanmyymala.fi\/en\/tuote\/kaura-senkki-ovilla-ja-laatikoilla\/","url_meta":{"origin":9054,"position":4},"title":"Kaura senkki ovilla ja laatikoilla","author":"Sami Viitala","date":"December 9, 2023","format":false,"excerpt":"Tyylikk\u00e4\u00e4n v\u00e4rinen uritetuilla etusarjoilla varustettu Kaura-senkki","rel":"","context":"Similar post","block_context":{"text":"Similar post","link":""},"img":{"alt_text":"Hiipakan Kaura senkki laatikolla ja ovilla greigen v\u00e4rinen","src":"https:\/\/i0.wp.com\/pohjanmaantehtaanmyymala.fi\/wp-content\/uploads\/2023\/12\/Hiipakka_Kaura_senkki.jpg?fit=960%2C960&ssl=1&resize=350%2C200","width":350,"height":200,"srcset":"https:\/\/i0.wp.com\/pohjanmaantehtaanmyymala.fi\/wp-content\/uploads\/2023\/12\/Hiipakka_Kaura_senkki.jpg?fit=960%2C960&ssl=1&resize=350%2C200 1x, https:\/\/i0.wp.com\/pohjanmaantehtaanmyymala.fi\/wp-content\/uploads\/2023\/12\/Hiipakka_Kaura_senkki.jpg?fit=960%2C960&ssl=1&resize=525%2C300 1.5x, https:\/\/i0.wp.com\/pohjanmaantehtaanmyymala.fi\/wp-content\/uploads\/2023\/12\/Hiipakka_Kaura_senkki.jpg?fit=960%2C960&ssl=1&resize=700%2C400 2x"},"classes":[]},{"id":24533,"url":"https:\/\/pohjanmaantehtaanmyymala.fi\/en\/tuote\/kaura-tv-taso-ovilla-ja-laatikoilla\/","url_meta":{"origin":9054,"position":5},"title":"Kaura TV-taso ovilla ja laatikoilla","author":"Sami Viitala","date":"December 12, 2023","format":false,"excerpt":"Greigen v\u00e4rinen uritetuilla etusarjoilla varustettu TV-taso.","rel":"","context":"Similar post","block_context":{"text":"Similar post","link":""},"img":{"alt_text":"Hiipakan Kaura TV-taso laatikolla ja ovilla greigen v\u00e4rinen","src":"https:\/\/i0.wp.com\/pohjanmaantehtaanmyymala.fi\/wp-content\/uploads\/2023\/12\/Kaura_tv-taso_greige.jpg?fit=960%2C960&ssl=1&resize=350%2C200","width":350,"height":200,"srcset":"https:\/\/i0.wp.com\/pohjanmaantehtaanmyymala.fi\/wp-content\/uploads\/2023\/12\/Kaura_tv-taso_greige.jpg?fit=960%2C960&ssl=1&resize=350%2C200 1x, https:\/\/i0.wp.com\/pohjanmaantehtaanmyymala.fi\/wp-content\/uploads\/2023\/12\/Kaura_tv-taso_greige.jpg?fit=960%2C960&ssl=1&resize=525%2C300 1.5x, https:\/\/i0.wp.com\/pohjanmaantehtaanmyymala.fi\/wp-content\/uploads\/2023\/12\/Kaura_tv-taso_greige.jpg?fit=960%2C960&ssl=1&resize=700%2C400 2x"},"classes":[]}],"_links":{"self":[{"href":"https:\/\/pohjanmaantehtaanmyymala.fi\/en\/wp-json\/wp\/v2\/product\/9054","targetHints":{"allow":["GET"]}}],"collection":[{"href":"https:\/\/pohjanmaantehtaanmyymala.fi\/en\/wp-json\/wp\/v2\/product"}],"about":[{"href":"https:\/\/pohjanmaantehtaanmyymala.fi\/en\/wp-json\/wp\/v2\/types\/product"}],"replies":[{"embeddable":true,"href":"https:\/\/pohjanmaantehtaanmyymala.fi\/en\/wp-json\/wp\/v2\/comments?post=9054"}],"wp:featuredmedia":[{"embeddable":true,"href":"https:\/\/pohjanmaantehtaanmyymala.fi\/en\/wp-json\/wp\/v2\/media\/9055"}],"wp:attachment":[{"href":"https:\/\/pohjanmaantehtaanmyymala.fi\/en\/wp-json\/wp\/v2\/media?parent=9054"}],"wp:term":[{"taxonomy":"product_brand","embeddable":true,"href":"https:\/\/pohjanmaantehtaanmyymala.fi\/en\/wp-json\/wp\/v2\/product_brand?post=9054"},{"taxonomy":"product_cat","embeddable":true,"href":"https:\/\/pohjanmaantehtaanmyymala.fi\/en\/wp-json\/wp\/v2\/product_cat?post=9054"},{"taxonomy":"product_tag","embeddable":true,"href":"https:\/\/pohjanmaantehtaanmyymala.fi\/en\/wp-json\/wp\/v2\/product_tag?post=9054"}],"curies":[{"name":"wp","href":"https:\/\/api.w.org\/{rel}","templated":true}]}}