{"id":9049,"date":"2019-09-14T09:28:41","date_gmt":"2019-09-14T07:28:41","guid":{"rendered":""},"modified":"2026-04-25T11:29:09","modified_gmt":"2026-04-25T09:29:09","slug":"fenwood-ruokapoyta-jatkopaloilla","status":"publish","type":"product","link":"https:\/\/pohjanmaantehtaanmyymala.fi\/en\/tuote\/fenwood-ruokapoyta-jatkopaloilla\/","title":{"rendered":"FENWOOD &#8211; ruokap\u00f6yt\u00e4 jatkopaloilla"},"content":{"rendered":"<p>Rowicon Fenwood- sarjan musta ruokap\u00f6yt\u00e4 sis\u00e4lt\u00e4\u00e4 kaksi jatkopalaa kun p\u00f6yt\u00e4 jatketaan molemmilla jatkopaloilla p\u00f6yd\u00e4n pituudeksi tulee hulppeat 260 cm. P\u00f6yt\u00e4\u00e4 voi k\u00e4ytt\u00e4\u00e4 my\u00f6s vain yhdell\u00e4 jatkopalalla.<\/p>\n<p>Tuotetiedot:<br \/>\nMusta lakattu pinta.<br \/>\nToimitus sis\u00e4lt\u00e4\u00e4 kaksi 40 cm jatkopalaa.<\/p>\n<p>Toimitetaan jalat irrallaan.<\/p>\n","protected":false},"excerpt":{"rendered":"<p>Rowicon Fenwood- sarjan musta ruokap\u00f6yt\u00e4 sis\u00e4lt\u00e4\u00e4 kaksi jatkopalaa kun p\u00f6yt\u00e4 jatketaan molemmilla jatkopaloilla p\u00f6yd\u00e4n pituudeksi tulee hulppeat 260 cm. P\u00f6yt\u00e4\u00e4 voi k\u00e4ytt\u00e4\u00e4 my\u00f6s vain yhdell\u00e4 jatkopalalla. Tuotetiedot: Musta lakattu pinta. Toimitus sis\u00e4lt\u00e4\u00e4 kaksi 40 cm jatkopalaa. Toimitetaan jalat irrallaan.<\/p>\n","protected":false},"featured_media":9050,"comment_status":"closed","ping_status":"closed","template":"","meta":{"_acf_changed":false,"jetpack_post_was_ever_published":false,"jetpack_publicize_message":"","jetpack_publicize_feature_enabled":true,"jetpack_social_post_already_shared":false,"jetpack_social_options":{"image_generator_settings":{"template":"highway","default_image_id":0,"font":"","enabled":false},"version":2}},"product_brand":[179],"product_cat":[194],"product_tag":[],"class_list":{"0":"post-9049","1":"product","2":"type-product","3":"status-publish","4":"has-post-thumbnail","6":"product_brand-rowico","7":"product_cat-ruokapoydat-ja-tuolit","8":"product_shipping_class-161","10":"first","11":"instock","12":"purchasable","13":"product-type-simple"},"acf":[],"jetpack_publicize_connections":[],"jetpack_sharing_enabled":true,"jetpack-related-posts":[{"id":8995,"url":"https:\/\/pohjanmaantehtaanmyymala.fi\/en\/tuote\/brooklyn-ruokapoydan-jatkopala\/","url_meta":{"origin":9049,"position":0},"title":"BROOKLYN ruokap\u00f6yd\u00e4n jatkopala 50 cm","author":"petri","date":"September 14, 2019","format":false,"excerpt":"Jatkopala Rowico Brooklyn ruokap\u00f6yt\u00e4\u00e4n. Yhteen p\u00f6yt\u00e4\u00e4n on mahdollista asentaa 2 jatkopalaa, yksi p\u00f6yd\u00e4n molempiin p\u00e4ihin. T\u00e4m\u00e4 jatkopala soveltuu kaikkiin Rowicon Brooklyn ruokap\u00f6ytiin, my\u00f6s metallijalkaisiin malleihin. Jatkopalan koko: 50x90 cm. Valittavanasi kolme eri v\u00e4ri\u00e4: LV-tammi, Tummanruskea tammi ja Valkopesty tammi.","rel":"","context":"Similar post","block_context":{"text":"Similar post","link":""},"img":{"alt_text":"Rowico Brooklyn ruokap\u00f6yd\u00e4n jatkopala 50 cm tammi","src":"https:\/\/i0.wp.com\/pohjanmaantehtaanmyymala.fi\/wp-content\/uploads\/2019\/09\/108594-Brooklyn-tillaggskiva-ek-EXP.jpg?fit=960%2C960&ssl=1&resize=350%2C200","width":350,"height":200,"srcset":"https:\/\/i0.wp.com\/pohjanmaantehtaanmyymala.fi\/wp-content\/uploads\/2019\/09\/108594-Brooklyn-tillaggskiva-ek-EXP.jpg?fit=960%2C960&ssl=1&resize=350%2C200 1x, https:\/\/i0.wp.com\/pohjanmaantehtaanmyymala.fi\/wp-content\/uploads\/2019\/09\/108594-Brooklyn-tillaggskiva-ek-EXP.jpg?fit=960%2C960&ssl=1&resize=525%2C300 1.5x, https:\/\/i0.wp.com\/pohjanmaantehtaanmyymala.fi\/wp-content\/uploads\/2019\/09\/108594-Brooklyn-tillaggskiva-ek-EXP.jpg?fit=960%2C960&ssl=1&resize=700%2C400 2x"},"classes":[]},{"id":19096,"url":"https:\/\/pohjanmaantehtaanmyymala.fi\/en\/tuote\/rowico-winnipeg-poyta-200-cm\/","url_meta":{"origin":9049,"position":1},"title":"Rowico Winnipeg-p\u00f6yt\u00e4 200&#215;100 cm","author":"Sami Viitala","date":"November 17, 2021","format":false,"excerpt":"Selk\u00e4linjainen ruokap\u00f6yt\u00e4 metallijaloilla. Saatavan kahdessa eri v\u00e4riss\u00e4.","rel":"","context":"Similar post","block_context":{"text":"Similar post","link":""},"img":{"alt_text":"Winnipeg p\u00f6yt\u00e4 valkopesty tammi mustat jalat ruokatilassa","src":"https:\/\/i0.wp.com\/pohjanmaantehtaanmyymala.fi\/wp-content\/uploads\/2021\/11\/Winnipeg-poyta-200-valkotammi-musta-miljoo.jpg?fit=960%2C960&ssl=1&resize=350%2C200","width":350,"height":200,"srcset":"https:\/\/i0.wp.com\/pohjanmaantehtaanmyymala.fi\/wp-content\/uploads\/2021\/11\/Winnipeg-poyta-200-valkotammi-musta-miljoo.jpg?fit=960%2C960&ssl=1&resize=350%2C200 1x, https:\/\/i0.wp.com\/pohjanmaantehtaanmyymala.fi\/wp-content\/uploads\/2021\/11\/Winnipeg-poyta-200-valkotammi-musta-miljoo.jpg?fit=960%2C960&ssl=1&resize=525%2C300 1.5x, https:\/\/i0.wp.com\/pohjanmaantehtaanmyymala.fi\/wp-content\/uploads\/2021\/11\/Winnipeg-poyta-200-valkotammi-musta-miljoo.jpg?fit=960%2C960&ssl=1&resize=700%2C400 2x"},"classes":[]},{"id":9339,"url":"https:\/\/pohjanmaantehtaanmyymala.fi\/en\/tuote\/yumi-ruokapoyta\/","url_meta":{"origin":9049,"position":2},"title":"YUMI &#8211; ruokap\u00f6yt\u00e4 190 cm","author":"petri","date":"September 14, 2019","format":false,"excerpt":"Rowicon tammesta valmistettu Yumi- ruokap\u00f6yt\u00e4. T\u00e4m\u00e4n p\u00f6yd\u00e4n kanssa sopii hyvin esimerkiksi KATO- tuolit! P\u00f6yt\u00e4\u00e4n saatavana my\u00f6s jatkopalat molempiin p\u00e4ihin. Tuotetiedot: Valmistettu tammesta. Lakattu. Vapaa tila jalkojen v\u00e4liss\u00e4: 160 cm. Saatavana Tammisena ja mustana. Toimitetaan jalat irrallaan.","rel":"","context":"Similar post","block_context":{"text":"Similar post","link":""},"img":{"alt_text":"","src":"https:\/\/i0.wp.com\/pohjanmaantehtaanmyymala.fi\/wp-content\/uploads\/2019\/06\/116927-b-Yumi-matbord-190-svart.jpg?fit=960%2C960&ssl=1&resize=350%2C200","width":350,"height":200,"srcset":"https:\/\/i0.wp.com\/pohjanmaantehtaanmyymala.fi\/wp-content\/uploads\/2019\/06\/116927-b-Yumi-matbord-190-svart.jpg?fit=960%2C960&ssl=1&resize=350%2C200 1x, https:\/\/i0.wp.com\/pohjanmaantehtaanmyymala.fi\/wp-content\/uploads\/2019\/06\/116927-b-Yumi-matbord-190-svart.jpg?fit=960%2C960&ssl=1&resize=525%2C300 1.5x, https:\/\/i0.wp.com\/pohjanmaantehtaanmyymala.fi\/wp-content\/uploads\/2019\/06\/116927-b-Yumi-matbord-190-svart.jpg?fit=960%2C960&ssl=1&resize=700%2C400 2x"},"classes":[]},{"id":29602,"url":"https:\/\/pohjanmaantehtaanmyymala.fi\/en\/tuote\/clapperton-ruokapoyta-220x95-cm\/","url_meta":{"origin":9049,"position":3},"title":"Rowico Clapperton ruokap\u00f6yt\u00e4 220&#215;95 cm","author":"Sami Viitala","date":"January 20, 2026","format":false,"excerpt":"Rowico Clapperton \u2013 Skandinaavista eleganssia ja massiivipuun tuntua. Valitse v\u00e4ri alta!","rel":"","context":"Similar post","block_context":{"text":"Similar post","link":""},"img":{"alt_text":"Rowico Clapperton ruokap\u00f6yt\u00e4 95x220 cm valkopestytammi","src":"https:\/\/i0.wp.com\/pohjanmaantehtaanmyymala.fi\/wp-content\/uploads\/2026\/01\/clapperton_poyta_220_valkopesty_tammi.jpg?fit=1000%2C1000&ssl=1&resize=350%2C200","width":350,"height":200,"srcset":"https:\/\/i0.wp.com\/pohjanmaantehtaanmyymala.fi\/wp-content\/uploads\/2026\/01\/clapperton_poyta_220_valkopesty_tammi.jpg?fit=1000%2C1000&ssl=1&resize=350%2C200 1x, https:\/\/i0.wp.com\/pohjanmaantehtaanmyymala.fi\/wp-content\/uploads\/2026\/01\/clapperton_poyta_220_valkopesty_tammi.jpg?fit=1000%2C1000&ssl=1&resize=525%2C300 1.5x, https:\/\/i0.wp.com\/pohjanmaantehtaanmyymala.fi\/wp-content\/uploads\/2026\/01\/clapperton_poyta_220_valkopesty_tammi.jpg?fit=1000%2C1000&ssl=1&resize=700%2C400 2x"},"classes":[]},{"id":22263,"url":"https:\/\/pohjanmaantehtaanmyymala.fi\/en\/tuote\/filippa-jatkettava-pyorea-ruokapoyta-12045-cm\/","url_meta":{"origin":9049,"position":4},"title":"FILIPPA jatkettava py\u00f6re\u00e4 ruokap\u00f6yt\u00e4 120+45 cm","author":"Sami Viitala","date":"January 17, 2023","format":false,"excerpt":"N\u00e4tti Rowico Filippa py\u00f6re\u00e4 p\u00f6yt\u00e4 on valmistettu massiivitammesta. P\u00f6yt\u00e4 sopii useiden erilaisten ruokatuolien kanssa yhteen. P\u00f6yd\u00e4n v\u00e4rivaihtoehtoja ovat Valkopesty tammi ja Ruskeaksi petsattu tammi. Filippa- p\u00f6ydille keve\u00e4n ilmeen antaa kannen viistetty reuna ja alasp\u00e4in kapenevat jalat. T\u00e4h\u00e4n malliin kuuluu 45 cm:n jatkopala. P\u00f6yt\u00e4\u00e4n on lis\u00e4ksi mahdollista ostaa toinen jatkopala lis\u00e4\u00e4,\u2026","rel":"","context":"Similar post","block_context":{"text":"Similar post","link":""},"img":{"alt_text":"Filippa jatkettava py\u00f6re\u00e4 poyt\u00e4 halkaisija 120 cm valkopesty tammi","src":"https:\/\/i0.wp.com\/pohjanmaantehtaanmyymala.fi\/wp-content\/uploads\/2023\/01\/Filippa_113756_pyorea_poyta_120_valkopestytam.jpg?fit=960%2C960&ssl=1&resize=350%2C200","width":350,"height":200,"srcset":"https:\/\/i0.wp.com\/pohjanmaantehtaanmyymala.fi\/wp-content\/uploads\/2023\/01\/Filippa_113756_pyorea_poyta_120_valkopestytam.jpg?fit=960%2C960&ssl=1&resize=350%2C200 1x, https:\/\/i0.wp.com\/pohjanmaantehtaanmyymala.fi\/wp-content\/uploads\/2023\/01\/Filippa_113756_pyorea_poyta_120_valkopestytam.jpg?fit=960%2C960&ssl=1&resize=525%2C300 1.5x, https:\/\/i0.wp.com\/pohjanmaantehtaanmyymala.fi\/wp-content\/uploads\/2023\/01\/Filippa_113756_pyorea_poyta_120_valkopestytam.jpg?fit=960%2C960&ssl=1&resize=700%2C400 2x"},"classes":[]},{"id":9067,"url":"https:\/\/pohjanmaantehtaanmyymala.fi\/en\/tuote\/filippa-ruokapoydan-jatkopala\/","url_meta":{"origin":9049,"position":5},"title":"FILIPPA &#8211; ruokap\u00f6yd\u00e4n jatkopala","author":"petri","date":"September 14, 2019","format":false,"excerpt":"T\u00e4m\u00e4 jatkopala soveltuu vain Rowicon 140x90 cm. ja 180x90 cm. kokoisiin Filippa- ruokap\u00f6ytiin. P\u00f6ytiin on mahdollista laittaa jatkopala p\u00f6yd\u00e4n molempiin p\u00e4ihin. Jatkopalan koko: 50x90 cm. Valittavanasi on kolme eri v\u00e4ri\u00e4. (Ruskea Tammi Valkopesty Tammi)","rel":"","context":"Similar post","block_context":{"text":"Similar post","link":""},"img":{"alt_text":"","src":"https:\/\/i0.wp.com\/pohjanmaantehtaanmyymala.fi\/wp-content\/uploads\/2019\/06\/113734-a-Filippa-R.jpg?fit=960%2C960&ssl=1&resize=350%2C200","width":350,"height":200,"srcset":"https:\/\/i0.wp.com\/pohjanmaantehtaanmyymala.fi\/wp-content\/uploads\/2019\/06\/113734-a-Filippa-R.jpg?fit=960%2C960&ssl=1&resize=350%2C200 1x, https:\/\/i0.wp.com\/pohjanmaantehtaanmyymala.fi\/wp-content\/uploads\/2019\/06\/113734-a-Filippa-R.jpg?fit=960%2C960&ssl=1&resize=525%2C300 1.5x, https:\/\/i0.wp.com\/pohjanmaantehtaanmyymala.fi\/wp-content\/uploads\/2019\/06\/113734-a-Filippa-R.jpg?fit=960%2C960&ssl=1&resize=700%2C400 2x"},"classes":[]}],"_links":{"self":[{"href":"https:\/\/pohjanmaantehtaanmyymala.fi\/en\/wp-json\/wp\/v2\/product\/9049","targetHints":{"allow":["GET"]}}],"collection":[{"href":"https:\/\/pohjanmaantehtaanmyymala.fi\/en\/wp-json\/wp\/v2\/product"}],"about":[{"href":"https:\/\/pohjanmaantehtaanmyymala.fi\/en\/wp-json\/wp\/v2\/types\/product"}],"replies":[{"embeddable":true,"href":"https:\/\/pohjanmaantehtaanmyymala.fi\/en\/wp-json\/wp\/v2\/comments?post=9049"}],"wp:featuredmedia":[{"embeddable":true,"href":"https:\/\/pohjanmaantehtaanmyymala.fi\/en\/wp-json\/wp\/v2\/media\/9050"}],"wp:attachment":[{"href":"https:\/\/pohjanmaantehtaanmyymala.fi\/en\/wp-json\/wp\/v2\/media?parent=9049"}],"wp:term":[{"taxonomy":"product_brand","embeddable":true,"href":"https:\/\/pohjanmaantehtaanmyymala.fi\/en\/wp-json\/wp\/v2\/product_brand?post=9049"},{"taxonomy":"product_cat","embeddable":true,"href":"https:\/\/pohjanmaantehtaanmyymala.fi\/en\/wp-json\/wp\/v2\/product_cat?post=9049"},{"taxonomy":"product_tag","embeddable":true,"href":"https:\/\/pohjanmaantehtaanmyymala.fi\/en\/wp-json\/wp\/v2\/product_tag?post=9049"}],"curies":[{"name":"wp","href":"https:\/\/api.w.org\/{rel}","templated":true}]}}