{"id":8929,"date":"2019-09-14T09:26:56","date_gmt":"2019-09-14T07:26:56","guid":{"rendered":"https:\/\/pohjanmaantehtaanmyymala.fi\/tuote\/comfort-runkopatjasetti-petauspatjalla-90cm\/"},"modified":"2024-10-05T12:30:18","modified_gmt":"2024-10-05T10:30:18","slug":"comfort-runkosanky-petauspatjalla-90x210cm","status":"publish","type":"product","link":"https:\/\/pohjanmaantehtaanmyymala.fi\/en\/tuote\/comfort-runkosanky-petauspatjalla-90x210cm\/","title":{"rendered":"COMFORT \u2013 runkos\u00e4nky petauspatjalla  90&#215;210 cm"},"content":{"rendered":"<p>Kotimainen 210 cm pitk\u00e4 ja 90 cm leve\u00e4 Comfort- runkos\u00e4nkysetti paksulla petauspatjalla.<br \/>\nSein\u00e4joella valmistetussa s\u00e4ngyss\u00e4 on tukeva kaksoisjousitus valittavanasi on kaksi eri kovuutta: Hard ja Medium.<br \/>\nHard j\u00e4ykkyys t\u00e4ss\u00e4 s\u00e4ngyss\u00e4 on eritt\u00e4in j\u00e4m\u00e4kk\u00e4 jonka ansiosta soveltuu hyvin painavammallekin nukkujalle tai kovasta runkos\u00e4ngyst\u00e4 pit\u00e4v\u00e4lle.<br \/>\nRunkopatjasetin mukana toimitetaan pintapehmeytt\u00e4 antava paksu petauspatja ja puujalat.<\/p>\n<p>Painosuositus:<br \/>\nMedium: 60-85 kg.<br \/>\nHard: 80 kg yl\u00f6sp\u00e4in tai kovasta s\u00e4ngyst\u00e4 pit\u00e4v\u00e4lle.<\/p>\n<p>Tuotetiedot:<br \/>\nJousitus: Ylemm\u00e4ss\u00e4 kerroksessa tihe\u00e4 pussijousitus alempi kerros tukea antava korkea bonnel-jousitus.<br \/>\nHard mallissa 2mm lankavahvuus pussijousissa Mediumissa 1.8mm.<br \/>\nRunko:Massiivipuu kertopuu.<br \/>\nVerhoilu: Grafiitin harmaa huonekalukangas patjan p\u00e4\u00e4ll\u00e4 joustokangas ikkuna.<br \/>\nPetauspatja: 7 cm paksu profiloitu vaahtomuovi sijauspatja jonka p\u00e4\u00e4llinen on irrotettavissa.<br \/>\nJalat:Massiivipuu.<\/p>\n<p>Takuu:10-vuotta jousituksella ja puurungolla.<\/p>\n<p>Toimitetaan muoviin ja pahviin pakattuna.<\/p>\n","protected":false},"excerpt":{"rendered":"<p>Kotimainen 210 cm pitk\u00e4 ja 90 cm leve\u00e4 Comfort- runkos\u00e4nkysetti paksulla petauspatjalla. Sein\u00e4joella valmistetussa s\u00e4ngyss\u00e4 on tukeva kaksoisjousitus valittavanasi on kaksi eri kovuutta: Hard ja Medium. Hard j\u00e4ykkyys t\u00e4ss\u00e4 s\u00e4ngyss\u00e4 on eritt\u00e4in j\u00e4m\u00e4kk\u00e4 jonka ansiosta soveltuu hyvin painavammallekin nukkujalle tai kovasta runkos\u00e4ngyst\u00e4 pit\u00e4v\u00e4lle. Runkopatjasetin mukana toimitetaan pintapehmeytt\u00e4 antava paksu petauspatja ja puujalat. Painosuositus: Medium: 60-85 [&hellip;]<\/p>\n","protected":false},"featured_media":10392,"comment_status":"closed","ping_status":"closed","template":"","meta":{"_acf_changed":false,"jetpack_post_was_ever_published":false,"jetpack_publicize_message":"","jetpack_publicize_feature_enabled":true,"jetpack_social_post_already_shared":false,"jetpack_social_options":{"image_generator_settings":{"template":"highway","default_image_id":0,"font":"","enabled":false},"version":2}},"product_brand":[178],"product_cat":[212,198],"product_tag":[],"class_list":{"0":"post-8929","1":"product","2":"type-product","3":"status-publish","4":"has-post-thumbnail","6":"product_brand-uness","7":"product_cat-ajankohtaiset","8":"product_cat-patjat-ja-sangyt","9":"product_shipping_class-161","10":"pa_malli-hard","11":"pa_malli-medium","13":"first","14":"instock","15":"sale","16":"purchasable","17":"product-type-variable"},"acf":[],"jetpack_publicize_connections":[],"jetpack_sharing_enabled":true,"jetpack-related-posts":[{"id":8927,"url":"https:\/\/pohjanmaantehtaanmyymala.fi\/en\/tuote\/comfort-runkosankysetti-petauspatjalla-180x210-cm\/","url_meta":{"origin":8929,"position":0},"title":"COMFORT \u2013 runkos\u00e4nkysetti petauspatjalla 180&#215;210 cm","author":"petri","date":"September 14, 2019","format":false,"excerpt":"Kotimainen 210 cm pitk\u00e4 ja 180 cm leve\u00e4 Comfort- runkos\u00e4nkysetti paksulla petauspatjalla. Sein\u00e4joella valmistetussa s\u00e4ngyss\u00e4 on tukeva kaksoisjousitus valittavanasi on kaksi eri kovuutta: Hard ja Medium. Hard j\u00e4ykkyys t\u00e4ss\u00e4 s\u00e4ngyss\u00e4 on eritt\u00e4in j\u00e4m\u00e4kk\u00e4 jonka ansiosta soveltuu hyvin painavammallekin nukkujalle tai kovasta runkos\u00e4ngyst\u00e4 pit\u00e4v\u00e4lle. Runkopatjasetin mukana toimitetaan pintapehmeytt\u00e4 antava paksu petauspatja\u2026","rel":"","context":"Similar post","block_context":{"text":"Similar post","link":""},"img":{"alt_text":"Parivuode silver","src":"https:\/\/i0.wp.com\/pohjanmaantehtaanmyymala.fi\/wp-content\/uploads\/2019\/09\/Parivuode-silver.jpg?fit=960%2C960&ssl=1&resize=350%2C200","width":350,"height":200,"srcset":"https:\/\/i0.wp.com\/pohjanmaantehtaanmyymala.fi\/wp-content\/uploads\/2019\/09\/Parivuode-silver.jpg?fit=960%2C960&ssl=1&resize=350%2C200 1x, https:\/\/i0.wp.com\/pohjanmaantehtaanmyymala.fi\/wp-content\/uploads\/2019\/09\/Parivuode-silver.jpg?fit=960%2C960&ssl=1&resize=525%2C300 1.5x, https:\/\/i0.wp.com\/pohjanmaantehtaanmyymala.fi\/wp-content\/uploads\/2019\/09\/Parivuode-silver.jpg?fit=960%2C960&ssl=1&resize=700%2C400 2x"},"classes":[]},{"id":28749,"url":"https:\/\/pohjanmaantehtaanmyymala.fi\/en\/tuote\/comfort-joustinpatjasetti-petauspatjalla-160x200-cm\/","url_meta":{"origin":8929,"position":1},"title":"COMFORT joustinpatjasetti petauspatjalla 160&#215;200 cm","author":"Sami Viitala","date":"September 24, 2025","format":false,"excerpt":"Kotimainen Uness Comfort pussijousitettu 160 cm leve\u00e4 joustinpatjasetti paksulla vaahtomuovipetauspatjalla.","rel":"","context":"Similar post","block_context":{"text":"Similar post","link":""},"img":{"alt_text":"Uness Comfort joustinpatjasetti 160x200 cm petauspatjalla.","src":"https:\/\/i0.wp.com\/pohjanmaantehtaanmyymala.fi\/wp-content\/uploads\/2025\/09\/Uness_comfort_joustinpatjat_VM-petari_160cm.jpg?fit=1000%2C1000&ssl=1&resize=350%2C200","width":350,"height":200,"srcset":"https:\/\/i0.wp.com\/pohjanmaantehtaanmyymala.fi\/wp-content\/uploads\/2025\/09\/Uness_comfort_joustinpatjat_VM-petari_160cm.jpg?fit=1000%2C1000&ssl=1&resize=350%2C200 1x, https:\/\/i0.wp.com\/pohjanmaantehtaanmyymala.fi\/wp-content\/uploads\/2025\/09\/Uness_comfort_joustinpatjat_VM-petari_160cm.jpg?fit=1000%2C1000&ssl=1&resize=525%2C300 1.5x, https:\/\/i0.wp.com\/pohjanmaantehtaanmyymala.fi\/wp-content\/uploads\/2025\/09\/Uness_comfort_joustinpatjat_VM-petari_160cm.jpg?fit=1000%2C1000&ssl=1&resize=700%2C400 2x"},"classes":[]},{"id":24871,"url":"https:\/\/pohjanmaantehtaanmyymala.fi\/en\/tuote\/eden-3-moottorisankypaketti-paadylla-180x200-cm\/","url_meta":{"origin":8929,"position":2},"title":"EDEN 3 -moottoris\u00e4nkypaketti p\u00e4\u00e4dyll\u00e4 180&#215;200 cm","author":"Miro Nevala","date":"February 5, 2024","format":false,"excerpt":"Laadukkaasta Eden\u00a0 s\u00e4\u00e4t\u00f6s\u00e4ngyst\u00e4 on valittavana kaksi eri j\u00e4ykkyytt\u00e4.","rel":"","context":"Similar post","block_context":{"text":"Similar post","link":""},"img":{"alt_text":"Eden kolme pari-moottoris\u00e4nkypaketti 180 cm Comfort-p\u00e4\u00e4dyll\u00e4 graniitti","src":"https:\/\/i0.wp.com\/pohjanmaantehtaanmyymala.fi\/wp-content\/uploads\/2024\/02\/Eden3_sasy_paaty-web.jpg?fit=960%2C960&ssl=1&resize=350%2C200","width":350,"height":200,"srcset":"https:\/\/i0.wp.com\/pohjanmaantehtaanmyymala.fi\/wp-content\/uploads\/2024\/02\/Eden3_sasy_paaty-web.jpg?fit=960%2C960&ssl=1&resize=350%2C200 1x, https:\/\/i0.wp.com\/pohjanmaantehtaanmyymala.fi\/wp-content\/uploads\/2024\/02\/Eden3_sasy_paaty-web.jpg?fit=960%2C960&ssl=1&resize=525%2C300 1.5x, https:\/\/i0.wp.com\/pohjanmaantehtaanmyymala.fi\/wp-content\/uploads\/2024\/02\/Eden3_sasy_paaty-web.jpg?fit=960%2C960&ssl=1&resize=700%2C400 2x"},"classes":[]},{"id":24813,"url":"https:\/\/pohjanmaantehtaanmyymala.fi\/en\/tuote\/eden-3-moottorisankypaketti-180x200-cm\/","url_meta":{"origin":8929,"position":3},"title":"EDEN 3 -moottoris\u00e4nkypaketti 180&#215;200 cm","author":"Miro Nevala","date":"February 5, 2024","format":false,"excerpt":"Laadukkaasta Eden s\u00e4\u00e4t\u00f6s\u00e4ngyst\u00e4 on valittavana kaksi eri j\u00e4ykkyytt\u00e4.","rel":"","context":"Similar post","block_context":{"text":"Similar post","link":""},"img":{"alt_text":"Eden kolme s\u00e4\u00e4t\u00f6s\u00e4nky pari, leveys 180 cm","src":"https:\/\/i0.wp.com\/pohjanmaantehtaanmyymala.fi\/wp-content\/uploads\/2024\/02\/Eden3_mosa_sasy_pari_180.jpg?fit=960%2C960&ssl=1&resize=350%2C200","width":350,"height":200,"srcset":"https:\/\/i0.wp.com\/pohjanmaantehtaanmyymala.fi\/wp-content\/uploads\/2024\/02\/Eden3_mosa_sasy_pari_180.jpg?fit=960%2C960&ssl=1&resize=350%2C200 1x, https:\/\/i0.wp.com\/pohjanmaantehtaanmyymala.fi\/wp-content\/uploads\/2024\/02\/Eden3_mosa_sasy_pari_180.jpg?fit=960%2C960&ssl=1&resize=525%2C300 1.5x, https:\/\/i0.wp.com\/pohjanmaantehtaanmyymala.fi\/wp-content\/uploads\/2024\/02\/Eden3_mosa_sasy_pari_180.jpg?fit=960%2C960&ssl=1&resize=700%2C400 2x"},"classes":[]},{"id":24859,"url":"https:\/\/pohjanmaantehtaanmyymala.fi\/en\/tuote\/eden-3-moottorisankypaketti-paadylla-160x200-cm\/","url_meta":{"origin":8929,"position":4},"title":"EDEN 3 -moottoris\u00e4nkypaketti p\u00e4\u00e4dyll\u00e4 160&#215;200 cm","author":"Miro Nevala","date":"February 5, 2024","format":false,"excerpt":"Laadukkaasta Eden s\u00e4\u00e4t\u00f6s\u00e4ngyst\u00e4 on valittavana kaksi eri j\u00e4ykkyytt\u00e4 ja kolme eri v\u00e4ri\u00e4.","rel":"","context":"Similar post","block_context":{"text":"Similar post","link":""},"img":{"alt_text":"","src":"https:\/\/i0.wp.com\/pohjanmaantehtaanmyymala.fi\/wp-content\/uploads\/2024\/02\/Eden3_parisasy_160_comfort_paadylla.jpg?fit=960%2C960&ssl=1&resize=350%2C200","width":350,"height":200,"srcset":"https:\/\/i0.wp.com\/pohjanmaantehtaanmyymala.fi\/wp-content\/uploads\/2024\/02\/Eden3_parisasy_160_comfort_paadylla.jpg?fit=960%2C960&ssl=1&resize=350%2C200 1x, https:\/\/i0.wp.com\/pohjanmaantehtaanmyymala.fi\/wp-content\/uploads\/2024\/02\/Eden3_parisasy_160_comfort_paadylla.jpg?fit=960%2C960&ssl=1&resize=525%2C300 1.5x, https:\/\/i0.wp.com\/pohjanmaantehtaanmyymala.fi\/wp-content\/uploads\/2024\/02\/Eden3_parisasy_160_comfort_paadylla.jpg?fit=960%2C960&ssl=1&resize=700%2C400 2x"},"classes":[]},{"id":24755,"url":"https:\/\/pohjanmaantehtaanmyymala.fi\/en\/tuote\/eden-3-moottorisankypaketti-160x200-cm\/","url_meta":{"origin":8929,"position":5},"title":"EDEN 3 -moottoris\u00e4nkypaketti 160&#215;200 cm","author":"Sami Viitala","date":"January 30, 2024","format":false,"excerpt":"Laadukkaasta Eden s\u00e4\u00e4t\u00f6s\u00e4ngyst\u00e4 on valittavana kaksi eri j\u00e4ykkyytt\u00e4.","rel":"","context":"Similar post","block_context":{"text":"Similar post","link":""},"img":{"alt_text":"Eden kolme s\u00e4\u00e4t\u00f6s\u00e4nky pari, leveys 160 cm","src":"https:\/\/i0.wp.com\/pohjanmaantehtaanmyymala.fi\/wp-content\/uploads\/2024\/02\/Eden3_mosa_sasy_pari_160.jpg?fit=960%2C960&ssl=1&resize=350%2C200","width":350,"height":200,"srcset":"https:\/\/i0.wp.com\/pohjanmaantehtaanmyymala.fi\/wp-content\/uploads\/2024\/02\/Eden3_mosa_sasy_pari_160.jpg?fit=960%2C960&ssl=1&resize=350%2C200 1x, https:\/\/i0.wp.com\/pohjanmaantehtaanmyymala.fi\/wp-content\/uploads\/2024\/02\/Eden3_mosa_sasy_pari_160.jpg?fit=960%2C960&ssl=1&resize=525%2C300 1.5x, https:\/\/i0.wp.com\/pohjanmaantehtaanmyymala.fi\/wp-content\/uploads\/2024\/02\/Eden3_mosa_sasy_pari_160.jpg?fit=960%2C960&ssl=1&resize=700%2C400 2x"},"classes":[]}],"_links":{"self":[{"href":"https:\/\/pohjanmaantehtaanmyymala.fi\/en\/wp-json\/wp\/v2\/product\/8929","targetHints":{"allow":["GET"]}}],"collection":[{"href":"https:\/\/pohjanmaantehtaanmyymala.fi\/en\/wp-json\/wp\/v2\/product"}],"about":[{"href":"https:\/\/pohjanmaantehtaanmyymala.fi\/en\/wp-json\/wp\/v2\/types\/product"}],"replies":[{"embeddable":true,"href":"https:\/\/pohjanmaantehtaanmyymala.fi\/en\/wp-json\/wp\/v2\/comments?post=8929"}],"wp:featuredmedia":[{"embeddable":true,"href":"https:\/\/pohjanmaantehtaanmyymala.fi\/en\/wp-json\/wp\/v2\/media\/10392"}],"wp:attachment":[{"href":"https:\/\/pohjanmaantehtaanmyymala.fi\/en\/wp-json\/wp\/v2\/media?parent=8929"}],"wp:term":[{"taxonomy":"product_brand","embeddable":true,"href":"https:\/\/pohjanmaantehtaanmyymala.fi\/en\/wp-json\/wp\/v2\/product_brand?post=8929"},{"taxonomy":"product_cat","embeddable":true,"href":"https:\/\/pohjanmaantehtaanmyymala.fi\/en\/wp-json\/wp\/v2\/product_cat?post=8929"},{"taxonomy":"product_tag","embeddable":true,"href":"https:\/\/pohjanmaantehtaanmyymala.fi\/en\/wp-json\/wp\/v2\/product_tag?post=8929"}],"curies":[{"name":"wp","href":"https:\/\/api.w.org\/{rel}","templated":true}]}}