{"id":8926,"date":"2019-09-14T09:26:48","date_gmt":"2019-09-14T07:26:48","guid":{"rendered":""},"modified":"2024-04-13T13:01:28","modified_gmt":"2024-04-13T11:01:28","slug":"forte-tv-taso-180cm","status":"publish","type":"product","link":"https:\/\/pohjanmaantehtaanmyymala.fi\/en\/tuote\/forte-tv-taso-180cm\/","title":{"rendered":"FORTE &#8211; TV-taso (180cm)"},"content":{"rendered":"<p>Tyylik\u00e4s ja trendik\u00e4s valkoinen tv-taso 180 cm leve\u00e4n\u00e4.<br \/>\nTason taustassa on valmiit l\u00e4piviennit johtoja varten.<br \/>\nKotimaisen Forte-tason ulkon\u00e4\u00f6n viimeistelee valkoiset metallijalat.<\/p>\n<h3>Tuotetiedot:<\/h3>\n<p>Runko: Valkoista kalustelevy\u00e4, paksuus 18 mm<br \/>\nEtusarjat: Maalattua valkoista MDF-levy\u00e4 ja huurrettua turvalasia<br \/>\nKansi: 8 mm paksu, valkoinen turvalasi tai 8 mm paksu, valkoinen levy<br \/>\nJalat: Valkoiseksi maalattua metallia<br \/>\nLaatikoissa: Ponnahdusmekanismi<br \/>\nTuotteen valmiusaste: Toimitetaan valmiiksi koottuna, jalat irrallaan<br \/>\nTuotteen valmistusmaa: Suomi<\/p>\n<p>&nbsp;<\/p>\n","protected":false},"excerpt":{"rendered":"<p>Tyylik\u00e4s ja trendik\u00e4s valkoinen tv-taso 180 cm leve\u00e4n\u00e4. Tason taustassa on valmiit l\u00e4piviennit johtoja varten. Kotimaisen Forte-tason ulkon\u00e4\u00f6n viimeistelee valkoiset metallijalat. Tuotetiedot: Runko: Valkoista kalustelevy\u00e4, paksuus 18 mm Etusarjat: Maalattua valkoista MDF-levy\u00e4 ja huurrettua turvalasia Kansi: 8 mm paksu, valkoinen turvalasi tai 8 mm paksu, valkoinen levy Jalat: Valkoiseksi maalattua metallia Laatikoissa: Ponnahdusmekanismi Tuotteen valmiusaste: [&hellip;]<\/p>\n","protected":false},"featured_media":10391,"comment_status":"closed","ping_status":"closed","template":"","meta":{"_acf_changed":false,"jetpack_post_was_ever_published":false,"jetpack_publicize_message":"","jetpack_publicize_feature_enabled":true,"jetpack_social_post_already_shared":false,"jetpack_social_options":{"image_generator_settings":{"template":"highway","default_image_id":0,"font":"","enabled":false},"version":2}},"product_brand":[177],"product_cat":[196],"product_tag":[],"class_list":{"0":"post-8926","1":"product","2":"type-product","3":"status-publish","4":"has-post-thumbnail","6":"product_brand-byniemi","7":"product_cat-sailytyskalusteet-ja-tv-tasot","8":"product_shipping_class-161","10":"first","11":"instock","12":"purchasable","13":"product-type-simple"},"acf":[],"jetpack_publicize_connections":[],"jetpack_sharing_enabled":true,"jetpack-related-posts":[{"id":8925,"url":"https:\/\/pohjanmaantehtaanmyymala.fi\/en\/tuote\/forte-tv-taso-135cm\/","url_meta":{"origin":8926,"position":0},"title":"FORTE &#8211; TV-taso (135cm)","author":"petri","date":"September 14, 2019","format":false,"excerpt":"Tyylik\u00e4s ja trendik\u00e4s valkoinen tv-taso 135 cm leve\u00e4n\u00e4.","rel":"","context":"Similar post","block_context":{"text":"Similar post","link":""},"img":{"alt_text":"","src":"https:\/\/i0.wp.com\/pohjanmaantehtaanmyymala.fi\/wp-content\/uploads\/2019\/09\/Y07-2103-010-FORTE-TV-Taso-135cm.jpg?fit=960%2C960&ssl=1&resize=350%2C200","width":350,"height":200,"srcset":"https:\/\/i0.wp.com\/pohjanmaantehtaanmyymala.fi\/wp-content\/uploads\/2019\/09\/Y07-2103-010-FORTE-TV-Taso-135cm.jpg?fit=960%2C960&ssl=1&resize=350%2C200 1x, https:\/\/i0.wp.com\/pohjanmaantehtaanmyymala.fi\/wp-content\/uploads\/2019\/09\/Y07-2103-010-FORTE-TV-Taso-135cm.jpg?fit=960%2C960&ssl=1&resize=525%2C300 1.5x, https:\/\/i0.wp.com\/pohjanmaantehtaanmyymala.fi\/wp-content\/uploads\/2019\/09\/Y07-2103-010-FORTE-TV-Taso-135cm.jpg?fit=960%2C960&ssl=1&resize=700%2C400 2x"},"classes":[]},{"id":8923,"url":"https:\/\/pohjanmaantehtaanmyymala.fi\/en\/tuote\/forte-senkki\/","url_meta":{"origin":8926,"position":1},"title":"FORTE &#8211; senkki 135 cm","author":"petri","date":"September 14, 2019","format":false,"excerpt":"Trendik\u00e4s ja tyylik\u00e4s senkki valkoisella levykannella ja metallijaloilla. Senkin ovikaappien takana olevassa tilassa on yksi v\u00e4lihylly jonka korkeutta voi s\u00e4\u00e4t\u00e4\u00e4. Tuotetiedot: Runko: Valkoista kalustelevy\u00e4, paksuus 18 mm Etusarjat: Maalattua valkoista MDF-levy\u00e4 Kansi: 8 mm paksu, valkoinen levy Jalat: Valkoiseksi maalattua metallia Laatikoissa ja ovissa: Ponnahdusmekanismi Tuotteen valmiusaste: Toimitetaan valmiiksi koottuna,\u2026","rel":"","context":"Similar post","block_context":{"text":"Similar post","link":""},"img":{"alt_text":"","src":"https:\/\/i0.wp.com\/pohjanmaantehtaanmyymala.fi\/wp-content\/uploads\/2019\/06\/Y07-2102-010-FORTE-Senkki-135cm.jpg?fit=960%2C960&ssl=1&resize=350%2C200","width":350,"height":200,"srcset":"https:\/\/i0.wp.com\/pohjanmaantehtaanmyymala.fi\/wp-content\/uploads\/2019\/06\/Y07-2102-010-FORTE-Senkki-135cm.jpg?fit=960%2C960&ssl=1&resize=350%2C200 1x, https:\/\/i0.wp.com\/pohjanmaantehtaanmyymala.fi\/wp-content\/uploads\/2019\/06\/Y07-2102-010-FORTE-Senkki-135cm.jpg?fit=960%2C960&ssl=1&resize=525%2C300 1.5x, https:\/\/i0.wp.com\/pohjanmaantehtaanmyymala.fi\/wp-content\/uploads\/2019\/06\/Y07-2102-010-FORTE-Senkki-135cm.jpg?fit=960%2C960&ssl=1&resize=700%2C400 2x"},"classes":[]},{"id":8921,"url":"https:\/\/pohjanmaantehtaanmyymala.fi\/en\/tuote\/forte-lipasto-45cm\/","url_meta":{"origin":8926,"position":2},"title":"FORTE &#8211; lipasto (45cm)","author":"petri","date":"September 14, 2019","format":false,"excerpt":"Moderni s\u00e4ilytyskaluste Niemen Tehtailta.","rel":"","context":"Similar post","block_context":{"text":"Similar post","link":""},"img":{"alt_text":"","src":"https:\/\/i0.wp.com\/pohjanmaantehtaanmyymala.fi\/wp-content\/uploads\/2019\/09\/Y07-2100-010-FORTE-Lipasto-45cm.jpg?fit=960%2C960&ssl=1&resize=350%2C200","width":350,"height":200,"srcset":"https:\/\/i0.wp.com\/pohjanmaantehtaanmyymala.fi\/wp-content\/uploads\/2019\/09\/Y07-2100-010-FORTE-Lipasto-45cm.jpg?fit=960%2C960&ssl=1&resize=350%2C200 1x, https:\/\/i0.wp.com\/pohjanmaantehtaanmyymala.fi\/wp-content\/uploads\/2019\/09\/Y07-2100-010-FORTE-Lipasto-45cm.jpg?fit=960%2C960&ssl=1&resize=525%2C300 1.5x, https:\/\/i0.wp.com\/pohjanmaantehtaanmyymala.fi\/wp-content\/uploads\/2019\/09\/Y07-2100-010-FORTE-Lipasto-45cm.jpg?fit=960%2C960&ssl=1&resize=700%2C400 2x"},"classes":[]},{"id":8922,"url":"https:\/\/pohjanmaantehtaanmyymala.fi\/en\/tuote\/forte-lipasto-90cm\/","url_meta":{"origin":8926,"position":3},"title":"FORTE &#8211; lipasto (90cm)","author":"petri","date":"September 14, 2019","format":false,"excerpt":"Forte-lipastolla on Avainlippu, sill\u00e4 se valmistetaan Niemen tehtaalla Sastamalassa.","rel":"","context":"Similar post","block_context":{"text":"Similar post","link":""},"img":{"alt_text":"","src":"https:\/\/i0.wp.com\/pohjanmaantehtaanmyymala.fi\/wp-content\/uploads\/2019\/09\/Y07-2101-010-FORTE-Lipasto-90cm.jpg?fit=960%2C960&ssl=1&resize=350%2C200","width":350,"height":200,"srcset":"https:\/\/i0.wp.com\/pohjanmaantehtaanmyymala.fi\/wp-content\/uploads\/2019\/09\/Y07-2101-010-FORTE-Lipasto-90cm.jpg?fit=960%2C960&ssl=1&resize=350%2C200 1x, https:\/\/i0.wp.com\/pohjanmaantehtaanmyymala.fi\/wp-content\/uploads\/2019\/09\/Y07-2101-010-FORTE-Lipasto-90cm.jpg?fit=960%2C960&ssl=1&resize=525%2C300 1.5x, https:\/\/i0.wp.com\/pohjanmaantehtaanmyymala.fi\/wp-content\/uploads\/2019\/09\/Y07-2101-010-FORTE-Lipasto-90cm.jpg?fit=960%2C960&ssl=1&resize=700%2C400 2x"},"classes":[]},{"id":10588,"url":"https:\/\/pohjanmaantehtaanmyymala.fi\/en\/tuote\/anton-tv-taso-2-ovea-2-laatikkoa-200cm-a6-1\/","url_meta":{"origin":8926,"position":4},"title":"ANTON A6.1 TV-taso umpiovilla 200cm","author":"petri","date":"September 14, 2019","format":false,"excerpt":"Kauniin valkoinen Anton-taso kahdella laatikolla ja umpiovella. Suureen 200 cm leve\u00e4\u00e4n Anton TV-tasoon mahtuu kaikki kodin viihdelaitteet helposti, tason taustassa valmiit rei\u00e4t johtoja varten. Tason ovissa ja laatikoissa push-to-open -mekanismilla toimivat ovet, jolloin vetimi\u00e4 ei ole lainkaan. Tv-tason kaappien sis\u00e4ll\u00e4 on yksi v\u00e4lihylly. Anton- sarjaan voit valita kannenv\u00e4rin kolmesta eri\u2026","rel":"","context":"Similar post","block_context":{"text":"Similar post","link":""},"img":{"alt_text":"Hiipakka Anton tv-taso 200 cm valkoinen","src":"https:\/\/i0.wp.com\/pohjanmaantehtaanmyymala.fi\/wp-content\/uploads\/2019\/09\/Anton-A6.1-TV-taso-1.jpg?fit=1200%2C1200&ssl=1&resize=350%2C200","width":350,"height":200,"srcset":"https:\/\/i0.wp.com\/pohjanmaantehtaanmyymala.fi\/wp-content\/uploads\/2019\/09\/Anton-A6.1-TV-taso-1.jpg?fit=1200%2C1200&ssl=1&resize=350%2C200 1x, https:\/\/i0.wp.com\/pohjanmaantehtaanmyymala.fi\/wp-content\/uploads\/2019\/09\/Anton-A6.1-TV-taso-1.jpg?fit=1200%2C1200&ssl=1&resize=525%2C300 1.5x, https:\/\/i0.wp.com\/pohjanmaantehtaanmyymala.fi\/wp-content\/uploads\/2019\/09\/Anton-A6.1-TV-taso-1.jpg?fit=1200%2C1200&ssl=1&resize=700%2C400 2x, https:\/\/i0.wp.com\/pohjanmaantehtaanmyymala.fi\/wp-content\/uploads\/2019\/09\/Anton-A6.1-TV-taso-1.jpg?fit=1200%2C1200&ssl=1&resize=1050%2C600 3x"},"classes":[]},{"id":19513,"url":"https:\/\/pohjanmaantehtaanmyymala.fi\/en\/tuote\/vilja-tv-taso-laatikoilla-ja-ovilla-150-cm-valkoinen\/","url_meta":{"origin":8926,"position":5},"title":"Vilja tv-taso laatikoilla ja ovilla, 150 cm, valkoinen","author":"Sami Viitala","date":"January 13, 2022","format":false,"excerpt":"Tyylik\u00e4s tv-taso Hiipakan Vilja-kalustesarjasta.","rel":"","context":"Similar post","block_context":{"text":"Similar post","link":""},"img":{"alt_text":"Vilja taso laatikoilla ja 2 ovella 150 cm leve\u00e4 valkoinen","src":"https:\/\/i0.wp.com\/pohjanmaantehtaanmyymala.fi\/wp-content\/uploads\/2022\/01\/vlija_taso_laatikotjaovet_valkoinen.jpg?fit=960%2C960&ssl=1&resize=350%2C200","width":350,"height":200,"srcset":"https:\/\/i0.wp.com\/pohjanmaantehtaanmyymala.fi\/wp-content\/uploads\/2022\/01\/vlija_taso_laatikotjaovet_valkoinen.jpg?fit=960%2C960&ssl=1&resize=350%2C200 1x, https:\/\/i0.wp.com\/pohjanmaantehtaanmyymala.fi\/wp-content\/uploads\/2022\/01\/vlija_taso_laatikotjaovet_valkoinen.jpg?fit=960%2C960&ssl=1&resize=525%2C300 1.5x, https:\/\/i0.wp.com\/pohjanmaantehtaanmyymala.fi\/wp-content\/uploads\/2022\/01\/vlija_taso_laatikotjaovet_valkoinen.jpg?fit=960%2C960&ssl=1&resize=700%2C400 2x"},"classes":[]}],"_links":{"self":[{"href":"https:\/\/pohjanmaantehtaanmyymala.fi\/en\/wp-json\/wp\/v2\/product\/8926","targetHints":{"allow":["GET"]}}],"collection":[{"href":"https:\/\/pohjanmaantehtaanmyymala.fi\/en\/wp-json\/wp\/v2\/product"}],"about":[{"href":"https:\/\/pohjanmaantehtaanmyymala.fi\/en\/wp-json\/wp\/v2\/types\/product"}],"replies":[{"embeddable":true,"href":"https:\/\/pohjanmaantehtaanmyymala.fi\/en\/wp-json\/wp\/v2\/comments?post=8926"}],"wp:featuredmedia":[{"embeddable":true,"href":"https:\/\/pohjanmaantehtaanmyymala.fi\/en\/wp-json\/wp\/v2\/media\/10391"}],"wp:attachment":[{"href":"https:\/\/pohjanmaantehtaanmyymala.fi\/en\/wp-json\/wp\/v2\/media?parent=8926"}],"wp:term":[{"taxonomy":"product_brand","embeddable":true,"href":"https:\/\/pohjanmaantehtaanmyymala.fi\/en\/wp-json\/wp\/v2\/product_brand?post=8926"},{"taxonomy":"product_cat","embeddable":true,"href":"https:\/\/pohjanmaantehtaanmyymala.fi\/en\/wp-json\/wp\/v2\/product_cat?post=8926"},{"taxonomy":"product_tag","embeddable":true,"href":"https:\/\/pohjanmaantehtaanmyymala.fi\/en\/wp-json\/wp\/v2\/product_tag?post=8926"}],"curies":[{"name":"wp","href":"https:\/\/api.w.org\/{rel}","templated":true}]}}