{"id":8891,"date":"2019-09-14T09:25:56","date_gmt":"2019-09-14T07:25:56","guid":{"rendered":""},"modified":"2025-10-23T13:44:39","modified_gmt":"2025-10-23T11:44:39","slug":"solo-senkki","status":"publish","type":"product","link":"https:\/\/pohjanmaantehtaanmyymala.fi\/en\/tuote\/solo-senkki\/","title":{"rendered":"SOLO &#8211; senkki"},"content":{"rendered":"<p>Pelkistetyn SOLO senkin muotokieli on ajaton mutta tyylik\u00e4s ja useine v\u00e4rivaihtoehtoineen se sopiikin erilaisiin koteihin ja sisustuksiin.<br \/>\nSenkiss\u00e4 on kolme laatikkoa ja yksi ovi.<br \/>\nSaatavana valkoisena, mustana ja vintage tammena.<\/p>\n<p>Kaikki v\u00e4rit ovat samanhintaisia.<\/p>\n<p>Senkki toimitetaan osina paketissa!<\/p>\n","protected":false},"excerpt":{"rendered":"<p>Pelkistetyn SOLO senkin muotokieli on ajaton mutta tyylik\u00e4s ja useine v\u00e4rivaihtoehtoineen se sopiikin erilaisiin koteihin ja sisustuksiin. Senkiss\u00e4 on kolme laatikkoa ja yksi ovi. Saatavana valkoisena, mustana ja vintage tammena. Kaikki v\u00e4rit ovat samanhintaisia. Senkki toimitetaan osina paketissa!<\/p>\n","protected":false},"featured_media":20517,"comment_status":"closed","ping_status":"closed","template":"","meta":{"_acf_changed":false,"jetpack_post_was_ever_published":false,"jetpack_publicize_message":"","jetpack_publicize_feature_enabled":true,"jetpack_social_post_already_shared":false,"jetpack_social_options":{"image_generator_settings":{"template":"highway","default_image_id":0,"font":"","enabled":false},"version":2}},"product_brand":[172],"product_cat":[196],"product_tag":[],"class_list":{"0":"post-8891","1":"product","2":"type-product","3":"status-publish","4":"has-post-thumbnail","6":"product_brand-hiipakka","7":"product_cat-sailytyskalusteet-ja-tv-tasot","8":"product_shipping_class-161","9":"pa_vari-musta","10":"pa_vari-valkoinen","11":"pa_vari-vintagetammi","13":"first","14":"instock","15":"sale","16":"purchasable","17":"product-type-variable","18":"has-default-attributes"},"acf":[],"jetpack_publicize_connections":[],"jetpack_sharing_enabled":true,"jetpack-related-posts":[{"id":9004,"url":"https:\/\/pohjanmaantehtaanmyymala.fi\/en\/tuote\/brooklyn-senkki\/","url_meta":{"origin":8891,"position":0},"title":"BROOKLYN &#8211; senkki","author":"petri","date":"September 14, 2019","format":false,"excerpt":"Upea tamminen Brooklyn senkki Rowicolta. Brooklyn -tuoteperheen massiivinen senkki sopii mainiosti muiden Brooklyn tuotteiden kanssa. Tuotetiedot: Brooklyn senkki valmistettu tammesta. V\u00e4rivaihtoehdot: Tumman ruskea, tammi ja Valkopesty tammi. Toimitetaan kasattuna jalat irrallaan.","rel":"","context":"Similar post","block_context":{"text":"Similar post","link":""},"img":{"alt_text":"","src":"https:\/\/i0.wp.com\/pohjanmaantehtaanmyymala.fi\/wp-content\/uploads\/2019\/06\/108595-b-Brooklyn-sideboard-ek.jpg?fit=960%2C960&ssl=1&resize=350%2C200","width":350,"height":200,"srcset":"https:\/\/i0.wp.com\/pohjanmaantehtaanmyymala.fi\/wp-content\/uploads\/2019\/06\/108595-b-Brooklyn-sideboard-ek.jpg?fit=960%2C960&ssl=1&resize=350%2C200 1x, https:\/\/i0.wp.com\/pohjanmaantehtaanmyymala.fi\/wp-content\/uploads\/2019\/06\/108595-b-Brooklyn-sideboard-ek.jpg?fit=960%2C960&ssl=1&resize=525%2C300 1.5x, https:\/\/i0.wp.com\/pohjanmaantehtaanmyymala.fi\/wp-content\/uploads\/2019\/06\/108595-b-Brooklyn-sideboard-ek.jpg?fit=960%2C960&ssl=1&resize=700%2C400 2x"},"classes":[]},{"id":9348,"url":"https:\/\/pohjanmaantehtaanmyymala.fi\/en\/tuote\/yumi-senkki-152cm\/","url_meta":{"origin":8891,"position":1},"title":"YUMI &#8211; senkki 152cm","author":"petri","date":"September 14, 2019","format":false,"excerpt":"Upea tamminen senkki Rowicon Yumi-kalustesarjasta. Senkiss\u00e4 on Yumi sarjalle tyypilliset korkeat ja sirot jalat jotka antavat kalusteille keve\u00e4n ilmeen. Senkin laatikoissa ja ovissa mukavuutta lis\u00e4\u00e4v\u00e4t hidastinmekanismit. Saatavana vain valkolakattuna tammena. Tuotetiedot: Valmistettu lakatusta massiivitammesta ja tammiviilutetusta kalustelevyst\u00e4. Toimitetaan kasattuna vain jalat ovat irrallaan.","rel":"","context":"Similar post","block_context":{"text":"Similar post","link":""},"img":{"alt_text":"Rowico Yumi senkki valkopesty edest\u00e4","src":"https:\/\/i0.wp.com\/pohjanmaantehtaanmyymala.fi\/wp-content\/uploads\/2019\/09\/Rowico_Yumi_senkki_valkopesty-1.jpg?fit=960%2C960&ssl=1&resize=350%2C200","width":350,"height":200,"srcset":"https:\/\/i0.wp.com\/pohjanmaantehtaanmyymala.fi\/wp-content\/uploads\/2019\/09\/Rowico_Yumi_senkki_valkopesty-1.jpg?fit=960%2C960&ssl=1&resize=350%2C200 1x, https:\/\/i0.wp.com\/pohjanmaantehtaanmyymala.fi\/wp-content\/uploads\/2019\/09\/Rowico_Yumi_senkki_valkopesty-1.jpg?fit=960%2C960&ssl=1&resize=525%2C300 1.5x, https:\/\/i0.wp.com\/pohjanmaantehtaanmyymala.fi\/wp-content\/uploads\/2019\/09\/Rowico_Yumi_senkki_valkopesty-1.jpg?fit=960%2C960&ssl=1&resize=700%2C400 2x"},"classes":[]},{"id":9084,"url":"https:\/\/pohjanmaantehtaanmyymala.fi\/en\/tuote\/filippa-senkki-122cm\/","url_meta":{"origin":8891,"position":2},"title":"FILIPPA &#8211; senkki 122cm","author":"petri","date":"September 14, 2019","format":false,"excerpt":"Tyylik\u00e4s massiivitamminen Filippa-senkki Rowicon mallistosta! Rowicon upealla Filippa sarjalla sisustat kotisi kauniisti sarjasta l\u00f6ytyy lipastot senkit vitriinit ruokap\u00f6yd\u00e4t ja tuolit! Senkin v\u00e4rivaihtoehtoja ovat Tammi ja Valkopesty tammi. Tuotetiedot: Ovissa ja laatikoissa hidastinmekanismit. Toimitetaan kasattuna vain jalat ovat irrallaan.","rel":"","context":"Similar post","block_context":{"text":"Similar post","link":""},"img":{"alt_text":"","src":"https:\/\/i0.wp.com\/pohjanmaantehtaanmyymala.fi\/wp-content\/uploads\/2019\/06\/113736-a-Filippa-R.jpg?fit=960%2C960&ssl=1&resize=350%2C200","width":350,"height":200,"srcset":"https:\/\/i0.wp.com\/pohjanmaantehtaanmyymala.fi\/wp-content\/uploads\/2019\/06\/113736-a-Filippa-R.jpg?fit=960%2C960&ssl=1&resize=350%2C200 1x, https:\/\/i0.wp.com\/pohjanmaantehtaanmyymala.fi\/wp-content\/uploads\/2019\/06\/113736-a-Filippa-R.jpg?fit=960%2C960&ssl=1&resize=525%2C300 1.5x, https:\/\/i0.wp.com\/pohjanmaantehtaanmyymala.fi\/wp-content\/uploads\/2019\/06\/113736-a-Filippa-R.jpg?fit=960%2C960&ssl=1&resize=700%2C400 2x"},"classes":[]},{"id":9109,"url":"https:\/\/pohjanmaantehtaanmyymala.fi\/en\/tuote\/fred-senkki\/","url_meta":{"origin":8891,"position":3},"title":"FRED &#8211; senkki","author":"petri","date":"September 14, 2019","format":false,"excerpt":"Rowicon Fred- senkki tyylik\u00e4\u00e4n tummanruskeana tai valkopestyn\u00e4 tammena. Mustat metallijalat. Senkin ovissa ja laatikoissa hidastinmekanismit. Tuotetiedot: Valmistettu tammesta. Toimitetaan kasattuna jalat irrallaan.","rel":"","context":"Similar post","block_context":{"text":"Similar post","link":""},"img":{"alt_text":"","src":"https:\/\/i0.wp.com\/pohjanmaantehtaanmyymala.fi\/wp-content\/uploads\/2019\/06\/117421-a-Fred-sideboard-ww-R.jpg?fit=960%2C960&ssl=1&resize=350%2C200","width":350,"height":200,"srcset":"https:\/\/i0.wp.com\/pohjanmaantehtaanmyymala.fi\/wp-content\/uploads\/2019\/06\/117421-a-Fred-sideboard-ww-R.jpg?fit=960%2C960&ssl=1&resize=350%2C200 1x, https:\/\/i0.wp.com\/pohjanmaantehtaanmyymala.fi\/wp-content\/uploads\/2019\/06\/117421-a-Fred-sideboard-ww-R.jpg?fit=960%2C960&ssl=1&resize=525%2C300 1.5x, https:\/\/i0.wp.com\/pohjanmaantehtaanmyymala.fi\/wp-content\/uploads\/2019\/06\/117421-a-Fred-sideboard-ww-R.jpg?fit=960%2C960&ssl=1&resize=700%2C400 2x"},"classes":[]},{"id":9079,"url":"https:\/\/pohjanmaantehtaanmyymala.fi\/en\/tuote\/filippa-senkki-150cm\/","url_meta":{"origin":8891,"position":4},"title":"FILIPPA &#8211; senkki 150cm","author":"petri","date":"September 14, 2019","format":false,"excerpt":"Tyylik\u00e4s iso 150cm massiivitamminen Filippa-senkki Rowicon mallistosta! Rowicon upealla Filippa sarjalla sisustat kotisi kauniisti sarjasta l\u00f6ytyy lipastot senkit vitriinit ruokap\u00f6yd\u00e4t ja tuolit! Kannen v\u00e4rivaihtoehtoja ovat Tammi Valkopesty tammi ja Ruskea. Rungon v\u00e4rit: Valkoinen valkopesty tammi ja tammi. Tuotetiedot: Ovissa ja laatikoissa hidastinmekanismit. Toimitetaan kasattuna vain jalat ovat irrallaan.","rel":"","context":"Similar post","block_context":{"text":"Similar post","link":""},"img":{"alt_text":"","src":"https:\/\/i0.wp.com\/pohjanmaantehtaanmyymala.fi\/wp-content\/uploads\/2019\/06\/113776-a-Filippa-R.jpg?fit=960%2C960&ssl=1&resize=350%2C200","width":350,"height":200,"srcset":"https:\/\/i0.wp.com\/pohjanmaantehtaanmyymala.fi\/wp-content\/uploads\/2019\/06\/113776-a-Filippa-R.jpg?fit=960%2C960&ssl=1&resize=350%2C200 1x, https:\/\/i0.wp.com\/pohjanmaantehtaanmyymala.fi\/wp-content\/uploads\/2019\/06\/113776-a-Filippa-R.jpg?fit=960%2C960&ssl=1&resize=525%2C300 1.5x, https:\/\/i0.wp.com\/pohjanmaantehtaanmyymala.fi\/wp-content\/uploads\/2019\/06\/113776-a-Filippa-R.jpg?fit=960%2C960&ssl=1&resize=700%2C400 2x"},"classes":[]},{"id":26141,"url":"https:\/\/pohjanmaantehtaanmyymala.fi\/en\/tuote\/kaura-senkki-ovilla-150cm\/","url_meta":{"origin":8891,"position":5},"title":"Kaura Senkki ovilla 150cm","author":"Miro Nevala","date":"March 20, 2024","format":false,"excerpt":"Greigen v\u00e4rinen uritetuilla etusarjoilla varustettu Senkki.","rel":"","context":"Similar post","block_context":{"text":"Similar post","link":""},"img":{"alt_text":"Kaura Senkki 3 ovella 150cm leve\u00e4","src":"https:\/\/i0.wp.com\/pohjanmaantehtaanmyymala.fi\/wp-content\/uploads\/2024\/03\/Kaura-Senkki-ovilla-150cm.jpg?fit=960%2C960&ssl=1&resize=350%2C200","width":350,"height":200,"srcset":"https:\/\/i0.wp.com\/pohjanmaantehtaanmyymala.fi\/wp-content\/uploads\/2024\/03\/Kaura-Senkki-ovilla-150cm.jpg?fit=960%2C960&ssl=1&resize=350%2C200 1x, https:\/\/i0.wp.com\/pohjanmaantehtaanmyymala.fi\/wp-content\/uploads\/2024\/03\/Kaura-Senkki-ovilla-150cm.jpg?fit=960%2C960&ssl=1&resize=525%2C300 1.5x, https:\/\/i0.wp.com\/pohjanmaantehtaanmyymala.fi\/wp-content\/uploads\/2024\/03\/Kaura-Senkki-ovilla-150cm.jpg?fit=960%2C960&ssl=1&resize=700%2C400 2x"},"classes":[]}],"_links":{"self":[{"href":"https:\/\/pohjanmaantehtaanmyymala.fi\/en\/wp-json\/wp\/v2\/product\/8891","targetHints":{"allow":["GET"]}}],"collection":[{"href":"https:\/\/pohjanmaantehtaanmyymala.fi\/en\/wp-json\/wp\/v2\/product"}],"about":[{"href":"https:\/\/pohjanmaantehtaanmyymala.fi\/en\/wp-json\/wp\/v2\/types\/product"}],"replies":[{"embeddable":true,"href":"https:\/\/pohjanmaantehtaanmyymala.fi\/en\/wp-json\/wp\/v2\/comments?post=8891"}],"wp:featuredmedia":[{"embeddable":true,"href":"https:\/\/pohjanmaantehtaanmyymala.fi\/en\/wp-json\/wp\/v2\/media\/20517"}],"wp:attachment":[{"href":"https:\/\/pohjanmaantehtaanmyymala.fi\/en\/wp-json\/wp\/v2\/media?parent=8891"}],"wp:term":[{"taxonomy":"product_brand","embeddable":true,"href":"https:\/\/pohjanmaantehtaanmyymala.fi\/en\/wp-json\/wp\/v2\/product_brand?post=8891"},{"taxonomy":"product_cat","embeddable":true,"href":"https:\/\/pohjanmaantehtaanmyymala.fi\/en\/wp-json\/wp\/v2\/product_cat?post=8891"},{"taxonomy":"product_tag","embeddable":true,"href":"https:\/\/pohjanmaantehtaanmyymala.fi\/en\/wp-json\/wp\/v2\/product_tag?post=8891"}],"curies":[{"name":"wp","href":"https:\/\/api.w.org\/{rel}","templated":true}]}}