{"id":8878,"date":"2019-09-14T09:25:36","date_gmt":"2019-09-14T07:25:36","guid":{"rendered":""},"modified":"2021-01-20T18:03:15","modified_gmt":"2021-01-20T16:03:15","slug":"stina-varustelusetti-3","status":"publish","type":"product","link":"https:\/\/pohjanmaantehtaanmyymala.fi\/en\/tuote\/stina-varustelusetti-3\/","title":{"rendered":"STINA -komeron varustelusetti 3, irtohylly ja lankakorit"},"content":{"rendered":"<p>Varustelusetti nro. 3 sis\u00e4lt\u00e4\u00e4 lankakorisetin ja irtohyllyn.<\/p>\n<p>T\u00e4m\u00e4 varustelu sopii Ida \/ Stina vaatekomeron kapeaan osaan.<\/p>\n","protected":false},"excerpt":{"rendered":"<p>Varustelusetti nro. 3 sis\u00e4lt\u00e4\u00e4 lankakorisetin ja irtohyllyn. T\u00e4m\u00e4 varustelu sopii Ida \/ Stina vaatekomeron kapeaan osaan.<\/p>\n","protected":false},"featured_media":8568,"comment_status":"closed","ping_status":"closed","template":"","meta":{"_acf_changed":false,"jetpack_post_was_ever_published":false,"jetpack_publicize_message":"","jetpack_publicize_feature_enabled":true,"jetpack_social_post_already_shared":false,"jetpack_social_options":{"image_generator_settings":{"template":"highway","default_image_id":0,"font":"","enabled":false},"version":2}},"product_brand":[172],"product_cat":[196],"product_tag":[],"class_list":{"0":"post-8878","1":"product","2":"type-product","3":"status-publish","4":"has-post-thumbnail","6":"product_brand-hiipakka","7":"product_cat-sailytyskalusteet-ja-tv-tasot","8":"product_shipping_class-161","10":"first","11":"instock","12":"sale","13":"purchasable","14":"product-type-simple"},"acf":[],"jetpack_publicize_connections":[],"jetpack_sharing_enabled":true,"jetpack-related-posts":[{"id":9719,"url":"https:\/\/pohjanmaantehtaanmyymala.fi\/en\/tuote\/stina-varustelusetti-1\/","url_meta":{"origin":8878,"position":0},"title":"STINA -komeron varustelusetti 1, irtohyllyt","author":"petri","date":"September 14, 2019","format":false,"excerpt":"Varustelusetti nro. 1 sis\u00e4lt\u00e4\u00e4 4kpl irtohyllyj\u00e4. T\u00e4m\u00e4 varustelu sopii Ida \/ Stina vaatekomeron kapeaan osaan.","rel":"","context":"Similar post","block_context":{"text":"Similar post","link":""},"img":{"alt_text":"","src":"https:\/\/i0.wp.com\/pohjanmaantehtaanmyymala.fi\/wp-content\/uploads\/2019\/06\/Ida-Varustelutaso-1.jpg?fit=960%2C960&ssl=1&resize=350%2C200","width":350,"height":200,"srcset":"https:\/\/i0.wp.com\/pohjanmaantehtaanmyymala.fi\/wp-content\/uploads\/2019\/06\/Ida-Varustelutaso-1.jpg?fit=960%2C960&ssl=1&resize=350%2C200 1x, https:\/\/i0.wp.com\/pohjanmaantehtaanmyymala.fi\/wp-content\/uploads\/2019\/06\/Ida-Varustelutaso-1.jpg?fit=960%2C960&ssl=1&resize=525%2C300 1.5x, https:\/\/i0.wp.com\/pohjanmaantehtaanmyymala.fi\/wp-content\/uploads\/2019\/06\/Ida-Varustelutaso-1.jpg?fit=960%2C960&ssl=1&resize=700%2C400 2x"},"classes":[]},{"id":9722,"url":"https:\/\/pohjanmaantehtaanmyymala.fi\/en\/tuote\/stina-varustelusetti-2\/","url_meta":{"origin":8878,"position":1},"title":"STINA -komeron varustelusetti 2, henkaritanko valolla","author":"petri","date":"September 14, 2019","format":false,"excerpt":"Varustelusetti nro. 2 sis\u00e4lt\u00e4\u00e4 henkaritangon valolla. T\u00e4m\u00e4 varustelu sopii Ida \/ Stina vaatekomeron kapeaan osaan.","rel":"","context":"Similar post","block_context":{"text":"Similar post","link":""},"img":{"alt_text":"","src":"https:\/\/i0.wp.com\/pohjanmaantehtaanmyymala.fi\/wp-content\/uploads\/2019\/06\/Ida-Varustelutaso-2.jpg?fit=960%2C960&ssl=1&resize=350%2C200","width":350,"height":200,"srcset":"https:\/\/i0.wp.com\/pohjanmaantehtaanmyymala.fi\/wp-content\/uploads\/2019\/06\/Ida-Varustelutaso-2.jpg?fit=960%2C960&ssl=1&resize=350%2C200 1x, https:\/\/i0.wp.com\/pohjanmaantehtaanmyymala.fi\/wp-content\/uploads\/2019\/06\/Ida-Varustelutaso-2.jpg?fit=960%2C960&ssl=1&resize=525%2C300 1.5x, https:\/\/i0.wp.com\/pohjanmaantehtaanmyymala.fi\/wp-content\/uploads\/2019\/06\/Ida-Varustelutaso-2.jpg?fit=960%2C960&ssl=1&resize=700%2C400 2x"},"classes":[]},{"id":8882,"url":"https:\/\/pohjanmaantehtaanmyymala.fi\/en\/tuote\/stina-varustelusetti-4\/","url_meta":{"origin":8878,"position":2},"title":"STINA -komeron varustelusetti 4, hyllyt ja laatikot","author":"petri","date":"September 14, 2019","format":false,"excerpt":"Varustelusetti nro. 4 sis\u00e4lt\u00e4\u00e4 4 irtohylly\u00e4 ja kaksi vetolaatikkoa. T\u00e4m\u00e4 varustelu sopii Ida \/ Stina vaatekomeron kapeaan osaan.","rel":"","context":"Similar post","block_context":{"text":"Similar post","link":""},"img":{"alt_text":"Ida Varustelutaso","src":"https:\/\/i0.wp.com\/pohjanmaantehtaanmyymala.fi\/wp-content\/uploads\/2019\/06\/Ida-Varustelutaso-4.jpg?fit=960%2C960&ssl=1&resize=350%2C200","width":350,"height":200,"srcset":"https:\/\/i0.wp.com\/pohjanmaantehtaanmyymala.fi\/wp-content\/uploads\/2019\/06\/Ida-Varustelutaso-4.jpg?fit=960%2C960&ssl=1&resize=350%2C200 1x, https:\/\/i0.wp.com\/pohjanmaantehtaanmyymala.fi\/wp-content\/uploads\/2019\/06\/Ida-Varustelutaso-4.jpg?fit=960%2C960&ssl=1&resize=525%2C300 1.5x, https:\/\/i0.wp.com\/pohjanmaantehtaanmyymala.fi\/wp-content\/uploads\/2019\/06\/Ida-Varustelutaso-4.jpg?fit=960%2C960&ssl=1&resize=700%2C400 2x"},"classes":[]},{"id":8890,"url":"https:\/\/pohjanmaantehtaanmyymala.fi\/en\/tuote\/stina-varustelusetti-6\/","url_meta":{"origin":8878,"position":3},"title":"STINA -komeron varustelusetti 6, leve\u00e4t hyllyt","author":"petri","date":"September 14, 2019","format":false,"excerpt":"Varustelusetti nro. 6 sis\u00e4lt\u00e4\u00e4 komeron leve\u00e4t hyllylevyt leve\u00e4\u00e4n osaan vaatekaappia. Hyllypaketti sopii Ida ja Stina vaatekaappiin.","rel":"","context":"Similar post","block_context":{"text":"Similar post","link":""},"img":{"alt_text":"Ida Varustelutaso","src":"https:\/\/i0.wp.com\/pohjanmaantehtaanmyymala.fi\/wp-content\/uploads\/2019\/06\/Ida-Varustelutaso-6.jpg?fit=960%2C960&ssl=1&resize=350%2C200","width":350,"height":200,"srcset":"https:\/\/i0.wp.com\/pohjanmaantehtaanmyymala.fi\/wp-content\/uploads\/2019\/06\/Ida-Varustelutaso-6.jpg?fit=960%2C960&ssl=1&resize=350%2C200 1x, https:\/\/i0.wp.com\/pohjanmaantehtaanmyymala.fi\/wp-content\/uploads\/2019\/06\/Ida-Varustelutaso-6.jpg?fit=960%2C960&ssl=1&resize=525%2C300 1.5x, https:\/\/i0.wp.com\/pohjanmaantehtaanmyymala.fi\/wp-content\/uploads\/2019\/06\/Ida-Varustelutaso-6.jpg?fit=960%2C960&ssl=1&resize=700%2C400 2x"},"classes":[]},{"id":24603,"url":"https:\/\/pohjanmaantehtaanmyymala.fi\/en\/tuote\/stina-liukuovikomero-120x205x45-cm\/","url_meta":{"origin":8878,"position":4},"title":"Stina liukuovikomero 120x205x45 cm","author":"Sami Viitala","date":"January 2, 2024","format":false,"excerpt":"Kotimainen Stina liukuovikomero peili ja levyovella.","rel":"","context":"Similar post","block_context":{"text":"Similar post","link":""},"img":{"alt_text":"Stina liukuovikomero","src":"https:\/\/i0.wp.com\/pohjanmaantehtaanmyymala.fi\/wp-content\/uploads\/2024\/01\/Hiipakka-stina_komero.jpg?fit=960%2C960&ssl=1&resize=350%2C200","width":350,"height":200,"srcset":"https:\/\/i0.wp.com\/pohjanmaantehtaanmyymala.fi\/wp-content\/uploads\/2024\/01\/Hiipakka-stina_komero.jpg?fit=960%2C960&ssl=1&resize=350%2C200 1x, https:\/\/i0.wp.com\/pohjanmaantehtaanmyymala.fi\/wp-content\/uploads\/2024\/01\/Hiipakka-stina_komero.jpg?fit=960%2C960&ssl=1&resize=525%2C300 1.5x, https:\/\/i0.wp.com\/pohjanmaantehtaanmyymala.fi\/wp-content\/uploads\/2024\/01\/Hiipakka-stina_komero.jpg?fit=960%2C960&ssl=1&resize=700%2C400 2x"},"classes":[]},{"id":10660,"url":"https:\/\/pohjanmaantehtaanmyymala.fi\/en\/tuote\/taiga-tv-taso-matala-3-hyllya-3-laatikkoa-201cm-3-4\/","url_meta":{"origin":8878,"position":5},"title":"TAIGA leve\u00e4 TV-taso 3 laatikkoa 201cm","author":"petri","date":"September 14, 2019","format":false,"excerpt":"Taiga tv-Taso kolmella laatikolla ja avo-osilla\/hyllyill\u00e4. Laatikoissa laadukkaat push open mekanismit. V\u00e4rivaihtoehdot: valkoinen ja hopeajalava\/valkoinen. Maalatut massiivipuiset jalat ovat 18 cm korkeat. Toimitetaan valmiiksi kasattuna! Mitat: L 201 cm K 61 cm S 45 cm","rel":"","context":"Similar post","block_context":{"text":"Similar post","link":""},"img":{"alt_text":"Taiga tv-taso 3 laatikolla hopeajalava - valkoinen","src":"https:\/\/i0.wp.com\/pohjanmaantehtaanmyymala.fi\/wp-content\/uploads\/2019\/09\/Taiga-taso-00185091.jpg?fit=1200%2C1200&ssl=1&resize=350%2C200","width":350,"height":200,"srcset":"https:\/\/i0.wp.com\/pohjanmaantehtaanmyymala.fi\/wp-content\/uploads\/2019\/09\/Taiga-taso-00185091.jpg?fit=1200%2C1200&ssl=1&resize=350%2C200 1x, https:\/\/i0.wp.com\/pohjanmaantehtaanmyymala.fi\/wp-content\/uploads\/2019\/09\/Taiga-taso-00185091.jpg?fit=1200%2C1200&ssl=1&resize=525%2C300 1.5x, https:\/\/i0.wp.com\/pohjanmaantehtaanmyymala.fi\/wp-content\/uploads\/2019\/09\/Taiga-taso-00185091.jpg?fit=1200%2C1200&ssl=1&resize=700%2C400 2x, https:\/\/i0.wp.com\/pohjanmaantehtaanmyymala.fi\/wp-content\/uploads\/2019\/09\/Taiga-taso-00185091.jpg?fit=1200%2C1200&ssl=1&resize=1050%2C600 3x"},"classes":[]}],"_links":{"self":[{"href":"https:\/\/pohjanmaantehtaanmyymala.fi\/en\/wp-json\/wp\/v2\/product\/8878","targetHints":{"allow":["GET"]}}],"collection":[{"href":"https:\/\/pohjanmaantehtaanmyymala.fi\/en\/wp-json\/wp\/v2\/product"}],"about":[{"href":"https:\/\/pohjanmaantehtaanmyymala.fi\/en\/wp-json\/wp\/v2\/types\/product"}],"replies":[{"embeddable":true,"href":"https:\/\/pohjanmaantehtaanmyymala.fi\/en\/wp-json\/wp\/v2\/comments?post=8878"}],"wp:featuredmedia":[{"embeddable":true,"href":"https:\/\/pohjanmaantehtaanmyymala.fi\/en\/wp-json\/wp\/v2\/media\/8568"}],"wp:attachment":[{"href":"https:\/\/pohjanmaantehtaanmyymala.fi\/en\/wp-json\/wp\/v2\/media?parent=8878"}],"wp:term":[{"taxonomy":"product_brand","embeddable":true,"href":"https:\/\/pohjanmaantehtaanmyymala.fi\/en\/wp-json\/wp\/v2\/product_brand?post=8878"},{"taxonomy":"product_cat","embeddable":true,"href":"https:\/\/pohjanmaantehtaanmyymala.fi\/en\/wp-json\/wp\/v2\/product_cat?post=8878"},{"taxonomy":"product_tag","embeddable":true,"href":"https:\/\/pohjanmaantehtaanmyymala.fi\/en\/wp-json\/wp\/v2\/product_tag?post=8878"}],"curies":[{"name":"wp","href":"https:\/\/api.w.org\/{rel}","templated":true}]}}