{"id":8851,"date":"2019-09-14T09:25:10","date_gmt":"2019-09-14T07:25:10","guid":{"rendered":""},"modified":"2025-08-22T11:52:25","modified_gmt":"2025-08-22T09:52:25","slug":"black-yopoyta","status":"publish","type":"product","link":"https:\/\/pohjanmaantehtaanmyymala.fi\/en\/tuote\/black-yopoyta\/","title":{"rendered":"BLACK &#8211; y\u00f6p\u00f6yt\u00e4"},"content":{"rendered":"<p>BLACK sarjan y\u00f6p\u00f6yt\u00e4 s\u00e4ngyn viereen tai vaikka eteiseen. Black tuotesarja on valmistettu tyylikk\u00e4\u00e4st\u00e4 woodline pinnoitetusta kalustelevyst\u00e4 el\u00e4v\u00e4pintaisesta pinnasta valo taittuu mielenkiintoisella ja kauniilla tavalla! Maalatut musta ja valkoinen ovat sile\u00e4\u00e4 kalustelevy\u00e4.<\/p>\n<p>Kotimaisen Hiipakan valmistama Black y\u00f6p\u00f6yt\u00e4 on yksinkertaisen tyylik\u00e4s jossa yksi push-to-open laatikko.<\/p>\n<p>Black-y\u00f6p\u00f6yt\u00e4\u00e4 on saatavana eri v\u00e4reill\u00e4.<\/p>\n<p>Tuote toimitetaan osina.<\/p>\n<p>Black -y\u00f6p\u00f6yd\u00e4n kaveriksi voi ostaa saman sarjan s\u00e4ngynp\u00e4\u00e4dyn, joita l\u00f6ytyy 4 eri leveytt\u00e4; 125 cm, 165 cm, 185 cm.<\/p>\n","protected":false},"excerpt":{"rendered":"<p>Black huonekaluilla sisustat kauniisti makuuhuoneen.<\/p>\n","protected":false},"featured_media":8559,"comment_status":"closed","ping_status":"closed","template":"","meta":{"_acf_changed":false,"jetpack_post_was_ever_published":false,"jetpack_publicize_message":"","jetpack_publicize_feature_enabled":true,"jetpack_social_post_already_shared":false,"jetpack_social_options":{"image_generator_settings":{"template":"highway","default_image_id":0,"font":"","enabled":false},"version":2}},"product_brand":[172],"product_cat":[383,196],"product_tag":[],"class_list":{"0":"post-8851","1":"product","2":"type-product","3":"status-publish","4":"has-post-thumbnail","6":"product_brand-hiipakka","7":"product_cat-sangynpaadyt-ja-yopoydat","8":"product_cat-sailytyskalusteet-ja-tv-tasot","9":"product_shipping_class-161","10":"pa_vari-hopea","11":"pa_vari-hunajatammi","12":"pa_vari-musta","13":"pa_vari-valkoinen","15":"first","16":"instock","17":"sale","18":"purchasable","19":"product-type-variable","20":"has-default-attributes"},"acf":[],"jetpack_publicize_connections":[],"jetpack_sharing_enabled":true,"jetpack-related-posts":[{"id":8842,"url":"https:\/\/pohjanmaantehtaanmyymala.fi\/en\/tuote\/black-sangynpaaty-165cm\/","url_meta":{"origin":8851,"position":0},"title":"BLACK &#8211; s\u00e4ngynp\u00e4\u00e4ty lev. 165cm","author":"petri","date":"September 14, 2019","format":false,"excerpt":"Black -s\u00e4ngynp\u00e4\u00e4dyt ovat muotokielelt\u00e4\u00e4n selkeit\u00e4 ja ajattoman tyylikk\u00e4it\u00e4 tarjoten ratkaisuja monenlaisiin sisustustarpeisiin. Levymateriaalina on el\u00e4v\u00e4pintainen Woodline, josta valo taittuu mielenkiintoisella ja kauniilla tavalla. Maalattu valkoinen ja musta ovat sile\u00e4pintaista levy\u00e4. Black-sarjasta saatavilla my\u00f6s\u00a0 y\u00f6-p\u00f6yd\u00e4t. Black-p\u00e4\u00e4ty\u00e4 on saatavana useilla eri v\u00e4reill\u00e4. P\u00e4\u00e4ty suositellaan kiinnitett\u00e4v\u00e4ksi yl\u00e4osasta sein\u00e4\u00e4n kaatumisen est\u00e4mikseksi. P\u00e4\u00e4dyn koko: lev.\u2026","rel":"","context":"Similar post","block_context":{"text":"Similar post","link":""},"img":{"alt_text":"Black s\u00e4ngynp\u00e4\u00e4ty musta makuuhuonessa","src":"https:\/\/i0.wp.com\/pohjanmaantehtaanmyymala.fi\/wp-content\/uploads\/2019\/09\/Black_paaty_miljoo_165_musta.jpg?fit=960%2C960&ssl=1&resize=350%2C200","width":350,"height":200,"srcset":"https:\/\/i0.wp.com\/pohjanmaantehtaanmyymala.fi\/wp-content\/uploads\/2019\/09\/Black_paaty_miljoo_165_musta.jpg?fit=960%2C960&ssl=1&resize=350%2C200 1x, https:\/\/i0.wp.com\/pohjanmaantehtaanmyymala.fi\/wp-content\/uploads\/2019\/09\/Black_paaty_miljoo_165_musta.jpg?fit=960%2C960&ssl=1&resize=525%2C300 1.5x, https:\/\/i0.wp.com\/pohjanmaantehtaanmyymala.fi\/wp-content\/uploads\/2019\/09\/Black_paaty_miljoo_165_musta.jpg?fit=960%2C960&ssl=1&resize=700%2C400 2x"},"classes":[]},{"id":10368,"url":"https:\/\/pohjanmaantehtaanmyymala.fi\/en\/tuote\/black-sangynpaaty-125cm\/","url_meta":{"origin":8851,"position":1},"title":"BLACK &#8211; s\u00e4ngynp\u00e4\u00e4ty lev. 125 cm","author":"petri","date":"September 14, 2019","format":false,"excerpt":"Black -s\u00e4ngynp\u00e4\u00e4dyt ovat muotokielelt\u00e4\u00e4n selkeit\u00e4 ja ajattoman tyylikk\u00e4it\u00e4 tarjoten ratkaisuja monenlaisiin sisustustarpeisiin. Levymateriaalina on el\u00e4v\u00e4pintainen Woodline, josta valo taittuu mielenkiintoisella ja kauniilla tavalla. Uudet mustat ja valkoiset versiot ovat maalattua sile\u00e4\u00e4 kalustelevy\u00e4. Lis\u00e4ksi Black-p\u00e4\u00e4dyn kaveriksi on saatavana y\u00f6-p\u00f6yd\u00e4t. Black-p\u00e4\u00e4ty\u00e4 on seuraavissa v\u00e4reiss\u00e4: valkoinen, hunajatammi, hopeajalava. P\u00e4\u00e4ty suositellaan kiinnitett\u00e4v\u00e4ksi yl\u00e4osasta sein\u00e4\u00e4n\u2026","rel":"","context":"Similar post","block_context":{"text":"Similar post","link":""},"img":{"alt_text":"Black s\u00e4ngynp\u00e4\u00e4ty valkoinen","src":"https:\/\/i0.wp.com\/pohjanmaantehtaanmyymala.fi\/wp-content\/uploads\/2019\/09\/Black-paaty-valkoinen.jpg?fit=1200%2C1200&ssl=1&resize=350%2C200","width":350,"height":200,"srcset":"https:\/\/i0.wp.com\/pohjanmaantehtaanmyymala.fi\/wp-content\/uploads\/2019\/09\/Black-paaty-valkoinen.jpg?fit=1200%2C1200&ssl=1&resize=350%2C200 1x, https:\/\/i0.wp.com\/pohjanmaantehtaanmyymala.fi\/wp-content\/uploads\/2019\/09\/Black-paaty-valkoinen.jpg?fit=1200%2C1200&ssl=1&resize=525%2C300 1.5x, https:\/\/i0.wp.com\/pohjanmaantehtaanmyymala.fi\/wp-content\/uploads\/2019\/09\/Black-paaty-valkoinen.jpg?fit=1200%2C1200&ssl=1&resize=700%2C400 2x, https:\/\/i0.wp.com\/pohjanmaantehtaanmyymala.fi\/wp-content\/uploads\/2019\/09\/Black-paaty-valkoinen.jpg?fit=1200%2C1200&ssl=1&resize=1050%2C600 3x"},"classes":[]},{"id":10369,"url":"https:\/\/pohjanmaantehtaanmyymala.fi\/en\/tuote\/black-sangynpaaty-185cm-2\/","url_meta":{"origin":8851,"position":2},"title":"BLACK &#8211; s\u00e4ngynp\u00e4\u00e4ty lev. 185cm","author":"petri","date":"September 14, 2019","format":false,"excerpt":"Kotimainen Hiipakan Tehtaiden valmistama p\u00e4\u00e4ty eri v\u00e4reill\u00e4.","rel":"","context":"Similar post","block_context":{"text":"Similar post","link":""},"img":{"alt_text":"Black p\u00e4\u00e4ty musta makuuhuone milj\u00f6\u00f6","src":"https:\/\/i0.wp.com\/pohjanmaantehtaanmyymala.fi\/wp-content\/uploads\/2019\/09\/Black_paaty_miljoo_185.jpg?fit=960%2C960&ssl=1&resize=350%2C200","width":350,"height":200,"srcset":"https:\/\/i0.wp.com\/pohjanmaantehtaanmyymala.fi\/wp-content\/uploads\/2019\/09\/Black_paaty_miljoo_185.jpg?fit=960%2C960&ssl=1&resize=350%2C200 1x, https:\/\/i0.wp.com\/pohjanmaantehtaanmyymala.fi\/wp-content\/uploads\/2019\/09\/Black_paaty_miljoo_185.jpg?fit=960%2C960&ssl=1&resize=525%2C300 1.5x, https:\/\/i0.wp.com\/pohjanmaantehtaanmyymala.fi\/wp-content\/uploads\/2019\/09\/Black_paaty_miljoo_185.jpg?fit=960%2C960&ssl=1&resize=700%2C400 2x"},"classes":[]},{"id":10773,"url":"https:\/\/pohjanmaantehtaanmyymala.fi\/en\/tuote\/klaara-lipasto-1\/","url_meta":{"origin":8851,"position":3},"title":"KLAARA 1 Lipasto-y\u00f6p\u00f6yt\u00e4","author":"petri","date":"September 14, 2019","format":false,"excerpt":"Romanttinen pieni lipasto-y\u00f6p\u00f6yt\u00e4. Valitse mieluinen kansiv\u00e4ri nelj\u00e4st\u00e4 eri vaihtoehdosta!","rel":"","context":"Similar post","block_context":{"text":"Similar post","link":""},"img":{"alt_text":"klaara lipasto y\u00f6p\u00f6yt\u00e4 valkoinen","src":"https:\/\/i0.wp.com\/pohjanmaantehtaanmyymala.fi\/wp-content\/uploads\/2019\/09\/Klaara-Lipasto402-1.jpg?fit=960%2C960&ssl=1&resize=350%2C200","width":350,"height":200,"srcset":"https:\/\/i0.wp.com\/pohjanmaantehtaanmyymala.fi\/wp-content\/uploads\/2019\/09\/Klaara-Lipasto402-1.jpg?fit=960%2C960&ssl=1&resize=350%2C200 1x, https:\/\/i0.wp.com\/pohjanmaantehtaanmyymala.fi\/wp-content\/uploads\/2019\/09\/Klaara-Lipasto402-1.jpg?fit=960%2C960&ssl=1&resize=525%2C300 1.5x, https:\/\/i0.wp.com\/pohjanmaantehtaanmyymala.fi\/wp-content\/uploads\/2019\/09\/Klaara-Lipasto402-1.jpg?fit=960%2C960&ssl=1&resize=700%2C400 2x"},"classes":[]},{"id":10915,"url":"https:\/\/pohjanmaantehtaanmyymala.fi\/en\/tuote\/fondi-yopoyta-nro21\/","url_meta":{"origin":8851,"position":4},"title":"FONDI \u2013 y\u00f6p\u00f6yt\u00e4 NRO21","author":"petri","date":"September 14, 2019","format":false,"excerpt":"Fondi -y\u00f6p\u00f6yt\u00e4 laatikolla ja avohyllyll\u00e4.Tuote toimitetaan osaksi kasattuna kansi irrallaan pahvipaketissa.Koko:Leveys 41cmkorkeus 52 cmsyvyys 41 cm.Toimitusaika noin 1-2 viikkoa.V\u00e4ri on valikoinen. Tilauksesta voi kannen v\u00e4rivaihtoehdoksi valita my\u00f6s aitopuuviilutetun; py\u00f6kki-, kirsikka-, p\u00e4hkin\u00e4- ja tammi v\u00e4rin.Viilu on aito luonnonmateriaali, joka muuttaa s\u00e4vy\u00e4\u00e4n ajan kuluessa muun muassa auringon ultraviolettivalon vaikutuksesta.Kysy myynnist\u00e4mme lis\u00e4tietoa muista\u2026","rel":"","context":"Similar post","block_context":{"text":"Similar post","link":""},"img":{"alt_text":"","src":"https:\/\/i0.wp.com\/pohjanmaantehtaanmyymala.fi\/wp-content\/uploads\/2019\/09\/Fondi_051223_Leo-Matti.jpg?fit=960%2C960&ssl=1&resize=350%2C200","width":350,"height":200,"srcset":"https:\/\/i0.wp.com\/pohjanmaantehtaanmyymala.fi\/wp-content\/uploads\/2019\/09\/Fondi_051223_Leo-Matti.jpg?fit=960%2C960&ssl=1&resize=350%2C200 1x, https:\/\/i0.wp.com\/pohjanmaantehtaanmyymala.fi\/wp-content\/uploads\/2019\/09\/Fondi_051223_Leo-Matti.jpg?fit=960%2C960&ssl=1&resize=525%2C300 1.5x, https:\/\/i0.wp.com\/pohjanmaantehtaanmyymala.fi\/wp-content\/uploads\/2019\/09\/Fondi_051223_Leo-Matti.jpg?fit=960%2C960&ssl=1&resize=700%2C400 2x"},"classes":[]},{"id":27684,"url":"https:\/\/pohjanmaantehtaanmyymala.fi\/en\/tuote\/moon-3-ist-nahkasohva-musta\/","url_meta":{"origin":8851,"position":5},"title":"Moon Black 3-ist. nahkasohva musta","author":"Sami Viitala","date":"November 25, 2024","format":false,"excerpt":"Nahkasohva, jossa on\u00a0 tyylikkyytt\u00e4 ja mukavuutta.","rel":"","context":"Similar post","block_context":{"text":"Similar post","link":""},"img":{"alt_text":"Moon nahkasohva 3-istuttuva musta milj\u00f6\u00f6kuva","src":"https:\/\/i0.wp.com\/pohjanmaantehtaanmyymala.fi\/wp-content\/uploads\/2024\/11\/Moon_miljoo_Tenstar.jpg?fit=960%2C960&ssl=1&resize=350%2C200","width":350,"height":200,"srcset":"https:\/\/i0.wp.com\/pohjanmaantehtaanmyymala.fi\/wp-content\/uploads\/2024\/11\/Moon_miljoo_Tenstar.jpg?fit=960%2C960&ssl=1&resize=350%2C200 1x, https:\/\/i0.wp.com\/pohjanmaantehtaanmyymala.fi\/wp-content\/uploads\/2024\/11\/Moon_miljoo_Tenstar.jpg?fit=960%2C960&ssl=1&resize=525%2C300 1.5x, https:\/\/i0.wp.com\/pohjanmaantehtaanmyymala.fi\/wp-content\/uploads\/2024\/11\/Moon_miljoo_Tenstar.jpg?fit=960%2C960&ssl=1&resize=700%2C400 2x"},"classes":[]}],"_links":{"self":[{"href":"https:\/\/pohjanmaantehtaanmyymala.fi\/en\/wp-json\/wp\/v2\/product\/8851","targetHints":{"allow":["GET"]}}],"collection":[{"href":"https:\/\/pohjanmaantehtaanmyymala.fi\/en\/wp-json\/wp\/v2\/product"}],"about":[{"href":"https:\/\/pohjanmaantehtaanmyymala.fi\/en\/wp-json\/wp\/v2\/types\/product"}],"replies":[{"embeddable":true,"href":"https:\/\/pohjanmaantehtaanmyymala.fi\/en\/wp-json\/wp\/v2\/comments?post=8851"}],"wp:featuredmedia":[{"embeddable":true,"href":"https:\/\/pohjanmaantehtaanmyymala.fi\/en\/wp-json\/wp\/v2\/media\/8559"}],"wp:attachment":[{"href":"https:\/\/pohjanmaantehtaanmyymala.fi\/en\/wp-json\/wp\/v2\/media?parent=8851"}],"wp:term":[{"taxonomy":"product_brand","embeddable":true,"href":"https:\/\/pohjanmaantehtaanmyymala.fi\/en\/wp-json\/wp\/v2\/product_brand?post=8851"},{"taxonomy":"product_cat","embeddable":true,"href":"https:\/\/pohjanmaantehtaanmyymala.fi\/en\/wp-json\/wp\/v2\/product_cat?post=8851"},{"taxonomy":"product_tag","embeddable":true,"href":"https:\/\/pohjanmaantehtaanmyymala.fi\/en\/wp-json\/wp\/v2\/product_tag?post=8851"}],"curies":[{"name":"wp","href":"https:\/\/api.w.org\/{rel}","templated":true}]}}