{"id":8714,"date":"2019-09-14T09:24:24","date_gmt":"2019-09-14T07:24:24","guid":{"rendered":""},"modified":"2021-08-24T13:55:35","modified_gmt":"2021-08-24T11:55:35","slug":"copenhagen-3-sohva","status":"publish","type":"product","link":"https:\/\/pohjanmaantehtaanmyymala.fi\/en\/tuote\/copenhagen-3-sohva\/","title":{"rendered":"COPENHAGEN 3-istuttava sohva"},"content":{"rendered":"<p>Pohjanmaan Kalusteen massiivisessa Copenhagen- sohvassa on miellytt\u00e4v\u00e4n pehme\u00e4 istuintuntuma. Copenhagen sohvassa on my\u00f6s leve\u00e4t pehmustetut k\u00e4sinojat.<br \/>\nT\u00e4m\u00e4n Copenhagen sohvan erikoisuutena on selk\u00e4tyynyjen s\u00e4\u00e4dett\u00e4vyys voit halutessasi nostaa tyyny\u00e4 ylemm\u00e4s jolloin selk\u00e4nojasta tulee korkeampi ja istuinsyvyys syvenee 17 cm. Selk\u00e4tyynyt pit\u00e4\u00e4 paikoillaan vahva magneetti.<\/p>\n<p>Copenhagen sohvasta on saatavana modulirakenteen vuoksi useita eri kokoonpanoja; tuoli, eri levyisi\u00e4 sohvia, kulmasohvia ja vuodesohva. Voit r\u00e4\u00e4t\u00e4l\u00f6id\u00e4 juuri itsellesi sopivan kokoonpanon.<\/p>\n<p>Kuvan Copenhagen-sohvaa on saatavilla lukuisilla eri kankailla tai nahkaverhoiltuna.<\/p>\n<p>Kysy p\u00e4iv\u00e4n tarjous <a href=\"https:\/\/pohjanmaantehtaanmyymala.fi\/yhteys\/\">myynnist\u00e4mme!<\/a><\/p>\n<p>Toimitamme sohvat kaikkialle Suomeen.<\/p>\n<h3>Tuotetiedot:<\/h3>\n<p><a href=\"https:\/\/pohjanmaan-prod.s3.amazonaws.com\/uploads\/product_specs_file\/file\/235\/FIN_-_Pohjanmaan_-_Copenhagen_4-2020.pdf\" target=\"_blank\" rel=\"noopener noreferrer\">Lataa Copenhagen-tuotekortti t\u00e4st\u00e4!<\/a><\/p>\n<p>Runko: Massiivipuu vaneri ja kovalevy. Runkotakuu 20-vuotta.<br \/>\nIstuin: No zag jouset 12 cm HR35100 vaahtomuovi+vanu.<br \/>\nSelk\u00e4noja: Kerrostettu vaahtomuovit\u00e4yte HS23+EP25 vaahtomuovi.<br \/>\nK\u00e4sinojat: Vaahtomuovipehmuste.<br \/>\nJalat: Puujalat miss\u00e4 rosteri levytys.<\/p>\n<p><a href=\"https:\/\/www.pohjanmaan.fi\/fi\/products\/copenhagen-sofa\" target=\"_blank\" rel=\"noopener noreferrer\">T\u00e4st\u00e4 linkki Pohjanmaan Copenhagen-tuotesivulle.<\/a><\/p>\n<p>Pohjanmaan sohvien toimitusaika on nyt noin 8 &#8211; 10 viikkoa tilauksesta.<\/p>\n","protected":false},"excerpt":{"rendered":"<p>Pohjanmaan Kalusteen massiivisessa Copenhagen- sohvassa on miellytt\u00e4v\u00e4n pehme\u00e4 istuintuntuma. Copenhagen sohvassa on my\u00f6s leve\u00e4t pehmustetut k\u00e4sinojat. T\u00e4m\u00e4n Copenhagen sohvan erikoisuutena on selk\u00e4tyynyjen s\u00e4\u00e4dett\u00e4vyys voit halutessasi nostaa tyyny\u00e4 ylemm\u00e4s jolloin selk\u00e4nojasta tulee korkeampi ja istuinsyvyys syvenee 17 cm. Selk\u00e4tyynyt pit\u00e4\u00e4 paikoillaan vahva magneetti. Copenhagen sohvasta on saatavana modulirakenteen vuoksi useita eri kokoonpanoja; tuoli, eri levyisi\u00e4 sohvia, [&hellip;]<\/p>\n","protected":false},"featured_media":8501,"comment_status":"closed","ping_status":"closed","template":"","meta":{"_acf_changed":false,"jetpack_post_was_ever_published":false,"jetpack_publicize_message":"","jetpack_publicize_feature_enabled":true,"jetpack_social_post_already_shared":false,"jetpack_social_options":{"image_generator_settings":{"template":"highway","default_image_id":0,"font":"","enabled":false},"version":2}},"product_brand":[270],"product_cat":[201],"product_tag":[],"class_list":{"0":"post-8714","1":"product","2":"type-product","3":"status-publish","4":"has-post-thumbnail","6":"product_brand-pohjanmaan","7":"product_cat-sohvat","8":"product_shipping_class-161","10":"first","11":"instock","12":"purchasable","13":"product-type-simple"},"acf":[],"jetpack_publicize_connections":[],"jetpack_sharing_enabled":true,"jetpack-related-posts":[{"id":8696,"url":"https:\/\/pohjanmaantehtaanmyymala.fi\/en\/tuote\/copenhagen-2-sohva\/","url_meta":{"origin":8714,"position":0},"title":"COPENHAGEN 2-istuttava sohva","author":"petri","date":"September 14, 2019","format":false,"excerpt":"Pohjanmaan Kalusteen massiivisessa Copenhagen-sohvassa on miellytt\u00e4v\u00e4n pehme\u00e4 istuintuntuma. Copenhagen sohvassa on my\u00f6s leve\u00e4t pehmustetut k\u00e4sinojat. T\u00e4m\u00e4n Copenhagen sohvan erikoisuutena on selk\u00e4tyynyjen s\u00e4\u00e4dett\u00e4vyys voit halutessasi nostaa tyyny\u00e4 ylemm\u00e4s jolloin selk\u00e4nojasta tulee korkeampi ja istuinsyvyys syvenee 17 cm. Selk\u00e4tyynyt pit\u00e4\u00e4 paikoillaan vahva magneetti. Copenhagen sohvasta on saatavana modulirakenteen vuoksi useita eri kokoonpanoja;\u2026","rel":"","context":"Similar post","block_context":{"text":"Similar post","link":""},"img":{"alt_text":"Copenhagen-sohva-beige-kangas","src":"https:\/\/i0.wp.com\/pohjanmaantehtaanmyymala.fi\/wp-content\/uploads\/2019\/09\/Copenhagen-2.jpg?fit=960%2C960&ssl=1&resize=350%2C200","width":350,"height":200,"srcset":"https:\/\/i0.wp.com\/pohjanmaantehtaanmyymala.fi\/wp-content\/uploads\/2019\/09\/Copenhagen-2.jpg?fit=960%2C960&ssl=1&resize=350%2C200 1x, https:\/\/i0.wp.com\/pohjanmaantehtaanmyymala.fi\/wp-content\/uploads\/2019\/09\/Copenhagen-2.jpg?fit=960%2C960&ssl=1&resize=525%2C300 1.5x, https:\/\/i0.wp.com\/pohjanmaantehtaanmyymala.fi\/wp-content\/uploads\/2019\/09\/Copenhagen-2.jpg?fit=960%2C960&ssl=1&resize=700%2C400 2x"},"classes":[]},{"id":17806,"url":"https:\/\/pohjanmaantehtaanmyymala.fi\/en\/tuote\/copenhagen-vuodesohva-alk\/","url_meta":{"origin":8714,"position":1},"title":"COPENHAGEN vuodesohva kysy hinta!","author":"Sami Viitala","date":"August 24, 2021","format":false,"excerpt":"Kun arvostat hyv\u00e4\u00e4 istuinmukavuutta vuodesohvassa.","rel":"","context":"Similar post","block_context":{"text":"Similar post","link":""},"img":{"alt_text":"Copenhagen vuodesohva punainen","src":"https:\/\/i0.wp.com\/pohjanmaantehtaanmyymala.fi\/wp-content\/uploads\/2021\/08\/copenhagen_vuodesohva.jpg?fit=960%2C960&ssl=1&resize=350%2C200","width":350,"height":200,"srcset":"https:\/\/i0.wp.com\/pohjanmaantehtaanmyymala.fi\/wp-content\/uploads\/2021\/08\/copenhagen_vuodesohva.jpg?fit=960%2C960&ssl=1&resize=350%2C200 1x, https:\/\/i0.wp.com\/pohjanmaantehtaanmyymala.fi\/wp-content\/uploads\/2021\/08\/copenhagen_vuodesohva.jpg?fit=960%2C960&ssl=1&resize=525%2C300 1.5x, https:\/\/i0.wp.com\/pohjanmaantehtaanmyymala.fi\/wp-content\/uploads\/2021\/08\/copenhagen_vuodesohva.jpg?fit=960%2C960&ssl=1&resize=700%2C400 2x"},"classes":[]},{"id":8707,"url":"https:\/\/pohjanmaantehtaanmyymala.fi\/en\/tuote\/copenhagen-kulma-sohva\/","url_meta":{"origin":8714,"position":2},"title":"COPENHAGEN kulmasohva","author":"petri","date":"September 14, 2019","format":false,"excerpt":"Iso sohva isoon tilaan!","rel":"","context":"Similar post","block_context":{"text":"Similar post","link":""},"img":{"alt_text":"Copenhagen kulmasohva harmaa labrador nahka","src":"https:\/\/i0.wp.com\/pohjanmaantehtaanmyymala.fi\/wp-content\/uploads\/2019\/09\/copenhagen_k27_c_l_d2_lab43_wenge_3_kulmasohva.jpg?fit=1200%2C1200&ssl=1&resize=350%2C200","width":350,"height":200,"srcset":"https:\/\/i0.wp.com\/pohjanmaantehtaanmyymala.fi\/wp-content\/uploads\/2019\/09\/copenhagen_k27_c_l_d2_lab43_wenge_3_kulmasohva.jpg?fit=1200%2C1200&ssl=1&resize=350%2C200 1x, https:\/\/i0.wp.com\/pohjanmaantehtaanmyymala.fi\/wp-content\/uploads\/2019\/09\/copenhagen_k27_c_l_d2_lab43_wenge_3_kulmasohva.jpg?fit=1200%2C1200&ssl=1&resize=525%2C300 1.5x, https:\/\/i0.wp.com\/pohjanmaantehtaanmyymala.fi\/wp-content\/uploads\/2019\/09\/copenhagen_k27_c_l_d2_lab43_wenge_3_kulmasohva.jpg?fit=1200%2C1200&ssl=1&resize=700%2C400 2x, https:\/\/i0.wp.com\/pohjanmaantehtaanmyymala.fi\/wp-content\/uploads\/2019\/09\/copenhagen_k27_c_l_d2_lab43_wenge_3_kulmasohva.jpg?fit=1200%2C1200&ssl=1&resize=1050%2C600 3x"},"classes":[]},{"id":9438,"url":"https:\/\/pohjanmaantehtaanmyymala.fi\/en\/tuote\/moduli-3-sohva-kangas\/","url_meta":{"origin":8714,"position":3},"title":"MODULI 3- ja 2 -istuttavat sohvat","author":"petri","date":"September 14, 2019","format":false,"excerpt":"Pohjanmaan Ajaton Moduli -sohvakalusto miellytt\u00e4v\u00e4ll\u00e4 Rodeo -kankaalla verhoiltuna.","rel":"","context":"Similar post","block_context":{"text":"Similar post","link":""},"img":{"alt_text":"","src":"https:\/\/i0.wp.com\/pohjanmaantehtaanmyymala.fi\/wp-content\/uploads\/2019\/06\/Moduli-D-B-Diamonds289-0008.jpg?fit=960%2C960&ssl=1&resize=350%2C200","width":350,"height":200,"srcset":"https:\/\/i0.wp.com\/pohjanmaantehtaanmyymala.fi\/wp-content\/uploads\/2019\/06\/Moduli-D-B-Diamonds289-0008.jpg?fit=960%2C960&ssl=1&resize=350%2C200 1x, https:\/\/i0.wp.com\/pohjanmaantehtaanmyymala.fi\/wp-content\/uploads\/2019\/06\/Moduli-D-B-Diamonds289-0008.jpg?fit=960%2C960&ssl=1&resize=525%2C300 1.5x, https:\/\/i0.wp.com\/pohjanmaantehtaanmyymala.fi\/wp-content\/uploads\/2019\/06\/Moduli-D-B-Diamonds289-0008.jpg?fit=960%2C960&ssl=1&resize=700%2C400 2x"},"classes":[]},{"id":25451,"url":"https:\/\/pohjanmaantehtaanmyymala.fi\/en\/tuote\/marta-sohvat-connect-kankaalla\/","url_meta":{"origin":8714,"position":4},"title":"Marta 2,5 ja 2-istuttavat sohvat alk. kankaalla","author":"Miro Nevala","date":"February 15, 2024","format":false,"excerpt":"Saatavana useita eri vaihtoehtoja.","rel":"","context":"Similar post","block_context":{"text":"Similar post","link":""},"img":{"alt_text":"Marta sohvat, 2- ja 3-istuttavat roosan v\u00e4rinen Connect-kangas","src":"https:\/\/i0.wp.com\/pohjanmaantehtaanmyymala.fi\/wp-content\/uploads\/2024\/02\/Marta_23_sohvat.jpg?fit=960%2C960&ssl=1&resize=350%2C200","width":350,"height":200,"srcset":"https:\/\/i0.wp.com\/pohjanmaantehtaanmyymala.fi\/wp-content\/uploads\/2024\/02\/Marta_23_sohvat.jpg?fit=960%2C960&ssl=1&resize=350%2C200 1x, https:\/\/i0.wp.com\/pohjanmaantehtaanmyymala.fi\/wp-content\/uploads\/2024\/02\/Marta_23_sohvat.jpg?fit=960%2C960&ssl=1&resize=525%2C300 1.5x, https:\/\/i0.wp.com\/pohjanmaantehtaanmyymala.fi\/wp-content\/uploads\/2024\/02\/Marta_23_sohvat.jpg?fit=960%2C960&ssl=1&resize=700%2C400 2x"},"classes":[]},{"id":10935,"url":"https:\/\/pohjanmaantehtaanmyymala.fi\/en\/tuote\/pohjanmaan-moduli-kulmasohva-alk-kankaalla\/","url_meta":{"origin":8714,"position":5},"title":"Pohjanmaan MODULI -kulmasohva","author":"petri","date":"September 14, 2019","format":false,"excerpt":"Pohjanmaan Moduli-kulmasohva T\u00e4m\u00e4 Pohjanmaan kulmasohva on tykky ja hyv\u00e4 istua. Istuimessa ja selk\u00e4tyynyss\u00e4 HR-kimmovaahtomuovisisus, sek\u00e4 sohvan puurungolle annetaan 20-vuoden runkotakuu. Moduli -kulmasohvaan on valittavissa useita verhoiluvaihtoehtoja. Moduli -sohvasta voit r\u00e4\u00e4t\u00e4l\u00f6id\u00e4 haluamasi kokoonpanon jokaiseen tilaan. Moduli -sohvasta on valittavana 13 eri modulia ja 7 erilaista k\u00e4sinojavaihtoehtoa. Pyyd\u00e4 tarjous asiakaspalvelusta tai tule\u2026","rel":"","context":"Similar post","block_context":{"text":"Similar post","link":""},"img":{"alt_text":"","src":"https:\/\/i0.wp.com\/pohjanmaantehtaanmyymala.fi\/wp-content\/uploads\/2019\/09\/Moduli-kulmasohva-PBLDG.jpg?fit=960%2C960&ssl=1&resize=350%2C200","width":350,"height":200,"srcset":"https:\/\/i0.wp.com\/pohjanmaantehtaanmyymala.fi\/wp-content\/uploads\/2019\/09\/Moduli-kulmasohva-PBLDG.jpg?fit=960%2C960&ssl=1&resize=350%2C200 1x, https:\/\/i0.wp.com\/pohjanmaantehtaanmyymala.fi\/wp-content\/uploads\/2019\/09\/Moduli-kulmasohva-PBLDG.jpg?fit=960%2C960&ssl=1&resize=525%2C300 1.5x, https:\/\/i0.wp.com\/pohjanmaantehtaanmyymala.fi\/wp-content\/uploads\/2019\/09\/Moduli-kulmasohva-PBLDG.jpg?fit=960%2C960&ssl=1&resize=700%2C400 2x"},"classes":[]}],"_links":{"self":[{"href":"https:\/\/pohjanmaantehtaanmyymala.fi\/en\/wp-json\/wp\/v2\/product\/8714","targetHints":{"allow":["GET"]}}],"collection":[{"href":"https:\/\/pohjanmaantehtaanmyymala.fi\/en\/wp-json\/wp\/v2\/product"}],"about":[{"href":"https:\/\/pohjanmaantehtaanmyymala.fi\/en\/wp-json\/wp\/v2\/types\/product"}],"replies":[{"embeddable":true,"href":"https:\/\/pohjanmaantehtaanmyymala.fi\/en\/wp-json\/wp\/v2\/comments?post=8714"}],"wp:featuredmedia":[{"embeddable":true,"href":"https:\/\/pohjanmaantehtaanmyymala.fi\/en\/wp-json\/wp\/v2\/media\/8501"}],"wp:attachment":[{"href":"https:\/\/pohjanmaantehtaanmyymala.fi\/en\/wp-json\/wp\/v2\/media?parent=8714"}],"wp:term":[{"taxonomy":"product_brand","embeddable":true,"href":"https:\/\/pohjanmaantehtaanmyymala.fi\/en\/wp-json\/wp\/v2\/product_brand?post=8714"},{"taxonomy":"product_cat","embeddable":true,"href":"https:\/\/pohjanmaantehtaanmyymala.fi\/en\/wp-json\/wp\/v2\/product_cat?post=8714"},{"taxonomy":"product_tag","embeddable":true,"href":"https:\/\/pohjanmaantehtaanmyymala.fi\/en\/wp-json\/wp\/v2\/product_tag?post=8714"}],"curies":[{"name":"wp","href":"https:\/\/api.w.org\/{rel}","templated":true}]}}