{"id":8691,"date":"2019-09-14T09:24:20","date_gmt":"2019-09-14T07:24:20","guid":{"rendered":""},"modified":"2026-01-17T12:22:04","modified_gmt":"2026-01-17T10:22:04","slug":"classic-ruokatuoli","status":"publish","type":"product","link":"https:\/\/pohjanmaantehtaanmyymala.fi\/en\/tuote\/classic-ruokatuoli\/","title":{"rendered":"CLASSIC &#8211; ruokatuoli"},"content":{"rendered":"<p>Pohjanmaan Kalusteen perinteinen Classic keitti\u00f6ntuoli on todella tukeva ja kest\u00e4\u00e4 k\u00e4yt\u00f6ss\u00e4 vuosia.<br \/>\nTuolit ovat valmistettu koivusta ja tulevat tehtaalta valmiiksi koottuna.<br \/>\nValitse itsellesi mieluisa v\u00e4ri seuraavista vaihtoehdoista: Tummap\u00e4hkin\u00e4, py\u00f6kki,\u00a0 koivu, harmaa ja valkoinen.<\/p>\n<p>Tuoliin saa my\u00f6s verhoillun istuimen,kysy lis\u00e4\u00e4 <a href=\"https:\/\/pohjanmaantehtaanmyymala.fi\/yhteys\/\">asiakaspalvelustamme.<\/a><\/p>\n<h3>Tuotetiedot:<\/h3>\n<p>Materiaali: koivu<br \/>\nIstuinkorkeus: 46cm (lis\u00e4 tiedoista l\u00f6ytyv\u00e4t muut mitat)<br \/>\nValmiiksi kasattu, toimitetaan 2 kpl:n eriss\u00e4 pahvilaatikoissa.<\/p>\n","protected":false},"excerpt":{"rendered":"<p>Pohjanmaan Kalusteen perinteinen Classic keitti\u00f6ntuoli on todella tukeva ja kest\u00e4\u00e4 k\u00e4yt\u00f6ss\u00e4 vuosia. Tuolit ovat valmistettu koivusta ja tulevat tehtaalta valmiiksi koottuna. Valitse itsellesi mieluisa v\u00e4ri seuraavista vaihtoehdoista: Tummap\u00e4hkin\u00e4, py\u00f6kki,\u00a0 koivu, harmaa ja valkoinen. Tuoliin saa my\u00f6s verhoillun istuimen,kysy lis\u00e4\u00e4 asiakaspalvelustamme. Tuotetiedot: Materiaali: koivu Istuinkorkeus: 46cm (lis\u00e4 tiedoista l\u00f6ytyv\u00e4t muut mitat) Valmiiksi kasattu, toimitetaan 2 kpl:n [&hellip;]<\/p>\n","protected":false},"featured_media":8472,"comment_status":"closed","ping_status":"closed","template":"","meta":{"_acf_changed":false,"jetpack_post_was_ever_published":false,"jetpack_publicize_message":"","jetpack_publicize_feature_enabled":true,"jetpack_social_post_already_shared":false,"jetpack_social_options":{"image_generator_settings":{"template":"highway","default_image_id":0,"font":"","enabled":false},"version":2}},"product_brand":[270],"product_cat":[194],"product_tag":[],"class_list":{"0":"post-8691","1":"product","2":"type-product","3":"status-publish","4":"has-post-thumbnail","6":"product_brand-pohjanmaan","7":"product_cat-ruokapoydat-ja-tuolit","8":"product_shipping_class-161","10":"first","11":"instock","12":"sale","13":"purchasable","14":"product-type-simple"},"acf":[],"jetpack_publicize_connections":[],"jetpack_sharing_enabled":true,"jetpack-related-posts":[{"id":8644,"url":"https:\/\/pohjanmaantehtaanmyymala.fi\/en\/tuote\/classic-ruokaryhna\/","url_meta":{"origin":8691,"position":0},"title":"CLASSIC &#8211; ruokaryhm\u00e4 6:lla tuolilla","author":"petri","date":"September 14, 2019","format":false,"excerpt":"Tukeva Pohjanmaan Kalusteen valmistama massiivikoivuinen ruokaryhm\u00e4, joka kest\u00e4\u00e4 kovaakin k\u00e4ytt\u00f6\u00e4. Sis\u00e4lt\u00e4\u00e4 p\u00f6yd\u00e4n ja 6 kpl tuoleja. Ruokap\u00f6yd\u00e4n koko 175x90cm Tuolit puuistuimella. Saatavana my\u00f6s istuinverhoilulla, kysy lis\u00e4\u00e4 myynnist\u00e4mme. Toimitetaan tuolit valmiiksi koottuna p\u00f6yt\u00e4 jalat irrallaan.","rel":"","context":"Similar post","block_context":{"text":"Similar post","link":""},"img":{"alt_text":"Classic 90x175 cm p\u00e4hkin\u00e4 ruokailup\u00f6yt\u00e4 ja tuolit","src":"https:\/\/i0.wp.com\/pohjanmaantehtaanmyymala.fi\/wp-content\/uploads\/2019\/06\/Classic-90x175-DarkWalnut-6Classic-DarkWalnutEcoPU1.jpg?fit=960%2C960&ssl=1&resize=350%2C200","width":350,"height":200,"srcset":"https:\/\/i0.wp.com\/pohjanmaantehtaanmyymala.fi\/wp-content\/uploads\/2019\/06\/Classic-90x175-DarkWalnut-6Classic-DarkWalnutEcoPU1.jpg?fit=960%2C960&ssl=1&resize=350%2C200 1x, https:\/\/i0.wp.com\/pohjanmaantehtaanmyymala.fi\/wp-content\/uploads\/2019\/06\/Classic-90x175-DarkWalnut-6Classic-DarkWalnutEcoPU1.jpg?fit=960%2C960&ssl=1&resize=525%2C300 1.5x, https:\/\/i0.wp.com\/pohjanmaantehtaanmyymala.fi\/wp-content\/uploads\/2019\/06\/Classic-90x175-DarkWalnut-6Classic-DarkWalnutEcoPU1.jpg?fit=960%2C960&ssl=1&resize=700%2C400 2x"},"classes":[]},{"id":25728,"url":"https:\/\/pohjanmaantehtaanmyymala.fi\/en\/tuote\/classic-63-porrasjakkara-poistotuote\/","url_meta":{"origin":8691,"position":1},"title":"Classic 63-porrasjakkara","author":"Miro Nevala","date":"February 19, 2024","format":false,"excerpt":"Elegantti ja ajaton porrasjakkara nyt POISTOHINTAAN!","rel":"","context":"Similar post","block_context":{"text":"Similar post","link":""},"img":{"alt_text":"Classic 63 porrasjakkara musta","src":"https:\/\/i0.wp.com\/pohjanmaantehtaanmyymala.fi\/wp-content\/uploads\/2024\/02\/Classic-63-porrasjakkara-musta-1-960dpi.jpg?fit=960%2C960&ssl=1&resize=350%2C200","width":350,"height":200,"srcset":"https:\/\/i0.wp.com\/pohjanmaantehtaanmyymala.fi\/wp-content\/uploads\/2024\/02\/Classic-63-porrasjakkara-musta-1-960dpi.jpg?fit=960%2C960&ssl=1&resize=350%2C200 1x, https:\/\/i0.wp.com\/pohjanmaantehtaanmyymala.fi\/wp-content\/uploads\/2024\/02\/Classic-63-porrasjakkara-musta-1-960dpi.jpg?fit=960%2C960&ssl=1&resize=525%2C300 1.5x, https:\/\/i0.wp.com\/pohjanmaantehtaanmyymala.fi\/wp-content\/uploads\/2024\/02\/Classic-63-porrasjakkara-musta-1-960dpi.jpg?fit=960%2C960&ssl=1&resize=700%2C400 2x"},"classes":[]},{"id":25761,"url":"https:\/\/pohjanmaantehtaanmyymala.fi\/en\/tuote\/classic-baarijakkara-musta-laminaatti\/","url_meta":{"origin":8691,"position":2},"title":"Classic Baarijakkara musta\/laminaatti","author":"Miro Nevala","date":"February 20, 2024","format":false,"excerpt":"Tyylik\u00e4s, vankka ja pinottava baarijakkara!","rel":"","context":"Similar post","block_context":{"text":"Similar post","link":""},"img":{"alt_text":"Classic Baarijakkara musta","src":"https:\/\/i0.wp.com\/pohjanmaantehtaanmyymala.fi\/wp-content\/uploads\/2024\/02\/Classic-Baarijakkara-musta.jpg?fit=960%2C960&ssl=1&resize=350%2C200","width":350,"height":200,"srcset":"https:\/\/i0.wp.com\/pohjanmaantehtaanmyymala.fi\/wp-content\/uploads\/2024\/02\/Classic-Baarijakkara-musta.jpg?fit=960%2C960&ssl=1&resize=350%2C200 1x, https:\/\/i0.wp.com\/pohjanmaantehtaanmyymala.fi\/wp-content\/uploads\/2024\/02\/Classic-Baarijakkara-musta.jpg?fit=960%2C960&ssl=1&resize=525%2C300 1.5x, https:\/\/i0.wp.com\/pohjanmaantehtaanmyymala.fi\/wp-content\/uploads\/2024\/02\/Classic-Baarijakkara-musta.jpg?fit=960%2C960&ssl=1&resize=700%2C400 2x"},"classes":[]},{"id":10501,"url":"https:\/\/pohjanmaantehtaanmyymala.fi\/en\/tuote\/seniori-yopoyta\/","url_meta":{"origin":8691,"position":3},"title":"SENIORI \u2013 y\u00f6p\u00f6yt\u00e4","author":"petri","date":"September 14, 2019","format":false,"excerpt":"Kotimainen koivusta valmistettu y\u00f6-p\u00f6yt\u00e4.","rel":"","context":"Similar post","block_context":{"text":"Similar post","link":""},"img":{"alt_text":"","src":"https:\/\/i0.wp.com\/pohjanmaantehtaanmyymala.fi\/wp-content\/uploads\/2019\/09\/seniori-y%C3%B6p%C3%B6yt%C3%A4-valkoinen.jpg?fit=960%2C960&ssl=1&resize=350%2C200","width":350,"height":200,"srcset":"https:\/\/i0.wp.com\/pohjanmaantehtaanmyymala.fi\/wp-content\/uploads\/2019\/09\/seniori-y%C3%B6p%C3%B6yt%C3%A4-valkoinen.jpg?fit=960%2C960&ssl=1&resize=350%2C200 1x, https:\/\/i0.wp.com\/pohjanmaantehtaanmyymala.fi\/wp-content\/uploads\/2019\/09\/seniori-y%C3%B6p%C3%B6yt%C3%A4-valkoinen.jpg?fit=960%2C960&ssl=1&resize=525%2C300 1.5x, https:\/\/i0.wp.com\/pohjanmaantehtaanmyymala.fi\/wp-content\/uploads\/2019\/09\/seniori-y%C3%B6p%C3%B6yt%C3%A4-valkoinen.jpg?fit=960%2C960&ssl=1&resize=700%2C400 2x"},"classes":[]},{"id":23149,"url":"https:\/\/pohjanmaantehtaanmyymala.fi\/en\/tuote\/pohjanmaan-lilja-pinnatuoli-nordic-koivu\/","url_meta":{"origin":8691,"position":4},"title":"Pohjanmaan LILJA -pinnatuoli nordic koivu","author":"Sami Viitala","date":"August 23, 2023","format":false,"excerpt":"Tyylik\u00e4s Pohjanmaan Kalusteen pinnatuoli monenlaiseen sisustukseen.","rel":"","context":"Similar post","block_context":{"text":"Similar post","link":""},"img":{"alt_text":"Lilja pinnatuoli kuultovalkea koivu","src":"https:\/\/i0.wp.com\/pohjanmaantehtaanmyymala.fi\/wp-content\/uploads\/2023\/08\/Pohjanmaan_Lilja_pinnatuoli_koivu_nordic.jpg?fit=960%2C960&ssl=1&resize=350%2C200","width":350,"height":200,"srcset":"https:\/\/i0.wp.com\/pohjanmaantehtaanmyymala.fi\/wp-content\/uploads\/2023\/08\/Pohjanmaan_Lilja_pinnatuoli_koivu_nordic.jpg?fit=960%2C960&ssl=1&resize=350%2C200 1x, https:\/\/i0.wp.com\/pohjanmaantehtaanmyymala.fi\/wp-content\/uploads\/2023\/08\/Pohjanmaan_Lilja_pinnatuoli_koivu_nordic.jpg?fit=960%2C960&ssl=1&resize=525%2C300 1.5x, https:\/\/i0.wp.com\/pohjanmaantehtaanmyymala.fi\/wp-content\/uploads\/2023\/08\/Pohjanmaan_Lilja_pinnatuoli_koivu_nordic.jpg?fit=960%2C960&ssl=1&resize=700%2C400 2x"},"classes":[]},{"id":18654,"url":"https:\/\/pohjanmaantehtaanmyymala.fi\/en\/tuote\/vuokko-iso-sailytysrahi\/","url_meta":{"origin":8691,"position":5},"title":"Vuokko s\u00e4ilytysrahi l. 175 cm kangas","author":"Sami Viitala","date":"October 31, 2021","format":false,"excerpt":"K\u00e4tev\u00e4 s\u00e4ilytysratkaisu vaikka p\u00e4iv\u00e4peitteelle.","rel":"","context":"Similar post","block_context":{"text":"Similar post","link":""},"img":{"alt_text":"Vuokko-s\u00e4ilytysrahi iso harmaa kangas","src":"https:\/\/i0.wp.com\/pohjanmaantehtaanmyymala.fi\/wp-content\/uploads\/2021\/10\/Vuokko-iso-rahi.jpg?fit=960%2C960&ssl=1&resize=350%2C200","width":350,"height":200,"srcset":"https:\/\/i0.wp.com\/pohjanmaantehtaanmyymala.fi\/wp-content\/uploads\/2021\/10\/Vuokko-iso-rahi.jpg?fit=960%2C960&ssl=1&resize=350%2C200 1x, https:\/\/i0.wp.com\/pohjanmaantehtaanmyymala.fi\/wp-content\/uploads\/2021\/10\/Vuokko-iso-rahi.jpg?fit=960%2C960&ssl=1&resize=525%2C300 1.5x, https:\/\/i0.wp.com\/pohjanmaantehtaanmyymala.fi\/wp-content\/uploads\/2021\/10\/Vuokko-iso-rahi.jpg?fit=960%2C960&ssl=1&resize=700%2C400 2x"},"classes":[]}],"_links":{"self":[{"href":"https:\/\/pohjanmaantehtaanmyymala.fi\/en\/wp-json\/wp\/v2\/product\/8691","targetHints":{"allow":["GET"]}}],"collection":[{"href":"https:\/\/pohjanmaantehtaanmyymala.fi\/en\/wp-json\/wp\/v2\/product"}],"about":[{"href":"https:\/\/pohjanmaantehtaanmyymala.fi\/en\/wp-json\/wp\/v2\/types\/product"}],"replies":[{"embeddable":true,"href":"https:\/\/pohjanmaantehtaanmyymala.fi\/en\/wp-json\/wp\/v2\/comments?post=8691"}],"wp:featuredmedia":[{"embeddable":true,"href":"https:\/\/pohjanmaantehtaanmyymala.fi\/en\/wp-json\/wp\/v2\/media\/8472"}],"wp:attachment":[{"href":"https:\/\/pohjanmaantehtaanmyymala.fi\/en\/wp-json\/wp\/v2\/media?parent=8691"}],"wp:term":[{"taxonomy":"product_brand","embeddable":true,"href":"https:\/\/pohjanmaantehtaanmyymala.fi\/en\/wp-json\/wp\/v2\/product_brand?post=8691"},{"taxonomy":"product_cat","embeddable":true,"href":"https:\/\/pohjanmaantehtaanmyymala.fi\/en\/wp-json\/wp\/v2\/product_cat?post=8691"},{"taxonomy":"product_tag","embeddable":true,"href":"https:\/\/pohjanmaantehtaanmyymala.fi\/en\/wp-json\/wp\/v2\/product_tag?post=8691"}],"curies":[{"name":"wp","href":"https:\/\/api.w.org\/{rel}","templated":true}]}}