{"id":29602,"date":"2026-01-20T10:11:20","date_gmt":"2026-01-20T08:11:20","guid":{"rendered":"https:\/\/pohjanmaantehtaanmyymala.fi\/?post_type=product&#038;p=29602"},"modified":"2026-04-14T11:08:23","modified_gmt":"2026-04-14T09:08:23","slug":"clapperton-ruokapoyta-220x95-cm","status":"publish","type":"product","link":"https:\/\/pohjanmaantehtaanmyymala.fi\/en\/tuote\/clapperton-ruokapoyta-220x95-cm\/","title":{"rendered":"Rowico Clapperton ruokap\u00f6yt\u00e4 220&#215;95 cm"},"content":{"rendered":"<p>Rowico Clapperton on ruokap\u00f6yt\u00e4 sinulle, joka arvostat ajatonta pohjoismaista muotoilua, ensiluokkaisia luonnonmateriaaleja ja tinkim\u00e4t\u00f6nt\u00e4 laatua. T\u00e4m\u00e4 t\u00e4yspuinen tammip\u00f6yt\u00e4 on ruokailutilan n\u00e4ytt\u00e4v\u00e4 keskipiste, jossa yhdistyv\u00e4t moderni linjakkuus ja perinteinen puusep\u00e4ntaito.<\/p>\n<p>Clapperton-ruokap\u00f6yt\u00e4 on Rowicon valmistuttama massiivipuinen tammip\u00f6yt\u00e4, joka on tunnettu tyylikk\u00e4\u00e4st\u00e4 muotoilustaan ja kest\u00e4vyydest\u00e4\u00e4n. P\u00f6yt\u00e4 on valmistettu Euroopassa ja siin\u00e4 on k\u00e4ytetty FSC\u00ae-sertifioitua puuta. P\u00f6yd\u00e4n v\u00e4rivaihtoehtoja ovat Valkopesty tammi ja Ruskeaksi petsattu tammi ja hiekanv\u00e4riin petsattu tammi.<\/p>\n<p>T\u00e4h\u00e4n malliin on saatavana my\u00f6s 45 cm:n jatkopala hintaan 249 \u20ac. P\u00f6yt\u00e4\u00e4n on mahdollista kaksi jatkopalaa lis\u00e4\u00e4, jolloin p\u00f6yd\u00e4n maksimipituus voi olla huikeat 310 cm. Jatkopala myyd\u00e4\u00e4n erikseen.<\/p>\n<h3>Tuotetiedot:<\/h3>\n<p><strong>Materiaali<\/strong>: P\u00f6yt\u00e4 on valmistettu sormijatketusta massiivitammesta.<br \/>\n<strong>Viimeistely:<\/strong> Pinta on k\u00e4sitelty Rubio-\u00f6ljyll\u00e4, joka korostaa puun luonnollista s\u00e4vy\u00e4 ja rakennetta. V\u00e4rivaihtoehtoja ovat valkopesty, ruskea ja hiekka tammi. P\u00f6yt\u00e4 ei vaadi lis\u00e4k\u00e4sittely\u00e4 ennen k\u00e4ytt\u00f6\u00e4, mutta p\u00f6yd\u00e4n kauneuden yll\u00e4pit\u00e4miseksi suosittelemme s\u00e4\u00e4nn\u00f6llist\u00e4 huoltoa <a href=\"https:\/\/rowicohome.com\/fi\/furniture\/tables\/furniture-care\/rubio-furniture-care-transparent-1010\">RUBIO Surface Carella<\/a> tehokkaaseen tahranpuhdistukseen (tarvittaessa) sek\u00e4 <a href=\"https:\/\/rowicohome.com\/fi\/furniture\/tables\/furniture-care\/rubio-furniture-care-transparent-1020\">RUBIO Refresh Eco<\/a> -tuotteella puupinnan raikastamiseen.<br \/>\n<strong>Koko:<\/strong> 220 x 95 cm.<br \/>\n<strong>Korkeus:<\/strong> 74 cm<br \/>\n<strong>Jatkettavuus:<\/strong> P\u00f6yt\u00e4 on jatkettavissa erikseen myyt\u00e4vill\u00e4 jatkopaloilla jopa 310 cm pituiseksi, mik\u00e4 tarjoaa lis\u00e4tilaa tarpeen mukaan.<br \/>\n<strong>Muotoilu:<\/strong> P\u00f6yd\u00e4ss\u00e4 on kauniit, ulosp\u00e4in kaartuvat jalat, jotka kohtaavat elegantissa liitoksessa.<\/p>\n<h3>Hoito-ohjeet ja ominaisuudet:<\/h3>\n<p>-S\u00e4\u00e4nn\u00f6llinen \u00f6ljy\u00e4minen puunhoito\u00f6ljyll\u00e4 pit\u00e4\u00e4 pinnan kauniina ja hylkiv\u00e4n\u00e4 vuosia.<br \/>\n&#8211;<a href=\"https:\/\/rowicohome.com\/globalassets\/genericmedia\/1\/230502233017-18648_ci-18ccareinstructionfurniturecareproductsrmc_2022.pdf\">Klikkaa hoito-ohjeisiin t\u00e4st\u00e4!<\/a><br \/>\n-\u00d6ljyll\u00e4 k\u00e4sitellyt pinnat (tammi ja valkopesty tammi) on k\u00e4sitelt\u00e4v\u00e4 l\u00e4pin\u00e4kyv\u00e4ll\u00e4 \u00f6ljyll\u00e4 ennen k\u00e4ytt\u00f6\u00e4 ja sitten s\u00e4\u00e4nn\u00f6lli sesti 2\u20133<br \/>\nkertaa vuodessa tai tarpeen mukaan. T\u00e4m\u00e4 koskee erityisesti p\u00f6yt\u00e4levy\u00e4 tahrojen ja naarmujen<br \/>\nv\u00e4ltt\u00e4miseksi.<br \/>\n-Puhdista hyvin puristetulla pehme\u00e4ll\u00e4 liinalla, jossa on vain vett\u00e4 tai mietoa saippualiuosta.<br \/>\nPyyhi aina kuivalla liinalla.<br \/>\n-L\u00e4mp\u00f6tila ja kosteus vaikuttavat puun kutistumiseen ja turpoamiseen. T\u00e4m\u00e4 voi aiheuttaa sen, ett\u00e4 ovien,<br \/>\njalkojen, laatikoiden ja jatkolevyjen sopivuus vaihtelee. Ruuvit ja kiinnikkeet on siksi s\u00e4\u00e4dett\u00e4v\u00e4 ja<br \/>\nkiristett\u00e4v\u00e4 s\u00e4\u00e4nn\u00f6llisesti.<br \/>\n-Jos huonekalussa on j\u00e4lki, kuten vesirengas tai muu tahra, suosittelemme k\u00e4ytt\u00e4m\u00e4\u00e4n koko p\u00f6yd\u00e4n<br \/>\npinnalla s\u00e4vytetty\u00e4 \u00f6ljy\u00e4, joka sopii p\u00f6yd\u00e4n s\u00e4vyyn. Muista my\u00f6s jatkolevyt, koska v\u00e4ri luonnollisesti<br \/>\nmuuttuu hieman. Tee aina testik\u00e4sittely n\u00e4kym\u00e4tt\u00f6miin j\u00e4\u00e4v\u00e4lle pinnalle. Noudata huonekalun toimittajan<br \/>\nohjeita.<\/p>\n<h4>Huomioitavaa:<\/h4>\n<p>-Suojaa huonekalut aina ter\u00e4vilt\u00e4, kuumilta, kylmilt\u00e4 esineilt\u00e4, voimakkailta liuottimilta ja kosteudelta.<br \/>\nKaikentyyppiset nesteet, kuten vesi, kahvi ja viini on kuivattava heti pois.<br \/>\n-Ole varovainen, jos k\u00e4yt\u00e4t huonekalun p\u00e4\u00e4ll\u00e4 v\u00e4rillisi\u00e4 kynttil\u00f6it\u00e4 tai teippi\u00e4.<br \/>\n-\u00c4l\u00e4 k\u00e4yt\u00e4 voimakkaita kemikaaleja, alkoholia tai hankaavia puhdistusaineita pinnan puhdistamiseen.<br \/>\n-Suojaa tekstiilit ja tapetit \u00f6ljytt\u00e4ess\u00e4.<\/p>\n<p>Toimitetaan jalat irrallaan.<\/p>\n<p>Tilaa Rowico Clapperton ja tuo kotiisi palanen aitoa luonnon kauneutta, joka vain paranee vanhetessaan.<\/p>\n","protected":false},"excerpt":{"rendered":"<p>Rowico Clapperton \u2013 Skandinaavista eleganssia ja massiivipuun tuntua. Valitse v\u00e4ri alta!<\/p>\n","protected":false},"featured_media":29603,"comment_status":"closed","ping_status":"closed","template":"","meta":{"_acf_changed":false,"jetpack_post_was_ever_published":false,"jetpack_publicize_message":"","jetpack_publicize_feature_enabled":true,"jetpack_social_post_already_shared":true,"jetpack_social_options":{"image_generator_settings":{"template":"highway","default_image_id":0,"font":"","enabled":false},"version":2}},"product_brand":[179],"product_cat":[194],"product_tag":[],"class_list":{"0":"post-29602","1":"product","2":"type-product","3":"status-publish","4":"has-post-thumbnail","6":"product_brand-rowico","7":"product_cat-ruokapoydat-ja-tuolit","8":"product_shipping_class-161","10":"first","11":"instock","12":"purchasable","13":"product-type-simple"},"acf":[],"jetpack_publicize_connections":[],"jetpack_sharing_enabled":true,"jetpack-related-posts":[{"id":8995,"url":"https:\/\/pohjanmaantehtaanmyymala.fi\/en\/tuote\/brooklyn-ruokapoydan-jatkopala\/","url_meta":{"origin":29602,"position":0},"title":"BROOKLYN ruokap\u00f6yd\u00e4n jatkopala 50 cm","author":"petri","date":"September 14, 2019","format":false,"excerpt":"Jatkopala Rowico Brooklyn ruokap\u00f6yt\u00e4\u00e4n. Yhteen p\u00f6yt\u00e4\u00e4n on mahdollista asentaa 2 jatkopalaa, yksi p\u00f6yd\u00e4n molempiin p\u00e4ihin. T\u00e4m\u00e4 jatkopala soveltuu kaikkiin Rowicon Brooklyn ruokap\u00f6ytiin, my\u00f6s metallijalkaisiin malleihin. Jatkopalan koko: 50x90 cm. Valittavanasi kolme eri v\u00e4ri\u00e4: LV-tammi, Tummanruskea tammi ja Valkopesty tammi.","rel":"","context":"Similar post","block_context":{"text":"Similar post","link":""},"img":{"alt_text":"Rowico Brooklyn ruokap\u00f6yd\u00e4n jatkopala 50 cm tammi","src":"https:\/\/i0.wp.com\/pohjanmaantehtaanmyymala.fi\/wp-content\/uploads\/2019\/09\/108594-Brooklyn-tillaggskiva-ek-EXP.jpg?fit=960%2C960&ssl=1&resize=350%2C200","width":350,"height":200,"srcset":"https:\/\/i0.wp.com\/pohjanmaantehtaanmyymala.fi\/wp-content\/uploads\/2019\/09\/108594-Brooklyn-tillaggskiva-ek-EXP.jpg?fit=960%2C960&ssl=1&resize=350%2C200 1x, https:\/\/i0.wp.com\/pohjanmaantehtaanmyymala.fi\/wp-content\/uploads\/2019\/09\/108594-Brooklyn-tillaggskiva-ek-EXP.jpg?fit=960%2C960&ssl=1&resize=525%2C300 1.5x, https:\/\/i0.wp.com\/pohjanmaantehtaanmyymala.fi\/wp-content\/uploads\/2019\/09\/108594-Brooklyn-tillaggskiva-ek-EXP.jpg?fit=960%2C960&ssl=1&resize=700%2C400 2x"},"classes":[]},{"id":8999,"url":"https:\/\/pohjanmaantehtaanmyymala.fi\/en\/tuote\/brooklyn-ruokapoyta-170cm\/","url_meta":{"origin":29602,"position":1},"title":"BROOKLYN &#8211; ruokap\u00f6yt\u00e4 170&#215;95 cm","author":"petri","date":"September 14, 2019","format":false,"excerpt":"Tukeva tammip\u00f6yt\u00e4, jossa on kolme eri v\u00e4rivaihtoehtoa.","rel":"","context":"Similar post","block_context":{"text":"Similar post","link":""},"img":{"alt_text":"","src":"https:\/\/i0.wp.com\/pohjanmaantehtaanmyymala.fi\/wp-content\/uploads\/2019\/06\/108534-a-Brooklyn-matbord-170-ek.jpg?fit=960%2C960&ssl=1&resize=350%2C200","width":350,"height":200,"srcset":"https:\/\/i0.wp.com\/pohjanmaantehtaanmyymala.fi\/wp-content\/uploads\/2019\/06\/108534-a-Brooklyn-matbord-170-ek.jpg?fit=960%2C960&ssl=1&resize=350%2C200 1x, https:\/\/i0.wp.com\/pohjanmaantehtaanmyymala.fi\/wp-content\/uploads\/2019\/06\/108534-a-Brooklyn-matbord-170-ek.jpg?fit=960%2C960&ssl=1&resize=525%2C300 1.5x, https:\/\/i0.wp.com\/pohjanmaantehtaanmyymala.fi\/wp-content\/uploads\/2019\/06\/108534-a-Brooklyn-matbord-170-ek.jpg?fit=960%2C960&ssl=1&resize=700%2C400 2x"},"classes":[]},{"id":9339,"url":"https:\/\/pohjanmaantehtaanmyymala.fi\/en\/tuote\/yumi-ruokapoyta\/","url_meta":{"origin":29602,"position":2},"title":"YUMI &#8211; ruokap\u00f6yt\u00e4 190 cm","author":"petri","date":"September 14, 2019","format":false,"excerpt":"Rowicon tammesta valmistettu Yumi- ruokap\u00f6yt\u00e4. T\u00e4m\u00e4n p\u00f6yd\u00e4n kanssa sopii hyvin esimerkiksi KATO- tuolit! P\u00f6yt\u00e4\u00e4n saatavana my\u00f6s jatkopalat molempiin p\u00e4ihin. Tuotetiedot: Valmistettu tammesta. Lakattu. Vapaa tila jalkojen v\u00e4liss\u00e4: 160 cm. Saatavana Tammisena ja mustana. Toimitetaan jalat irrallaan.","rel":"","context":"Similar post","block_context":{"text":"Similar post","link":""},"img":{"alt_text":"","src":"https:\/\/i0.wp.com\/pohjanmaantehtaanmyymala.fi\/wp-content\/uploads\/2019\/06\/116927-b-Yumi-matbord-190-svart.jpg?fit=960%2C960&ssl=1&resize=350%2C200","width":350,"height":200,"srcset":"https:\/\/i0.wp.com\/pohjanmaantehtaanmyymala.fi\/wp-content\/uploads\/2019\/06\/116927-b-Yumi-matbord-190-svart.jpg?fit=960%2C960&ssl=1&resize=350%2C200 1x, https:\/\/i0.wp.com\/pohjanmaantehtaanmyymala.fi\/wp-content\/uploads\/2019\/06\/116927-b-Yumi-matbord-190-svart.jpg?fit=960%2C960&ssl=1&resize=525%2C300 1.5x, https:\/\/i0.wp.com\/pohjanmaantehtaanmyymala.fi\/wp-content\/uploads\/2019\/06\/116927-b-Yumi-matbord-190-svart.jpg?fit=960%2C960&ssl=1&resize=700%2C400 2x"},"classes":[]},{"id":9049,"url":"https:\/\/pohjanmaantehtaanmyymala.fi\/en\/tuote\/fenwood-ruokapoyta-jatkopaloilla\/","url_meta":{"origin":29602,"position":3},"title":"FENWOOD &#8211; ruokap\u00f6yt\u00e4 jatkopaloilla","author":"petri","date":"September 14, 2019","format":false,"excerpt":"Rowicon Fenwood- sarjan musta ruokap\u00f6yt\u00e4 sis\u00e4lt\u00e4\u00e4 kaksi jatkopalaa kun p\u00f6yt\u00e4 jatketaan molemmilla jatkopaloilla p\u00f6yd\u00e4n pituudeksi tulee hulppeat 260 cm. P\u00f6yt\u00e4\u00e4 voi k\u00e4ytt\u00e4\u00e4 my\u00f6s vain yhdell\u00e4 jatkopalalla. Tuotetiedot: Musta lakattu pinta. Toimitus sis\u00e4lt\u00e4\u00e4 kaksi 40 cm jatkopalaa. Toimitetaan jalat irrallaan.","rel":"","context":"Similar post","block_context":{"text":"Similar post","link":""},"img":{"alt_text":"","src":"https:\/\/i0.wp.com\/pohjanmaantehtaanmyymala.fi\/wp-content\/uploads\/2019\/06\/118600-a-Fenwood-matbord-svart.jpg?fit=960%2C960&ssl=1&resize=350%2C200","width":350,"height":200,"srcset":"https:\/\/i0.wp.com\/pohjanmaantehtaanmyymala.fi\/wp-content\/uploads\/2019\/06\/118600-a-Fenwood-matbord-svart.jpg?fit=960%2C960&ssl=1&resize=350%2C200 1x, https:\/\/i0.wp.com\/pohjanmaantehtaanmyymala.fi\/wp-content\/uploads\/2019\/06\/118600-a-Fenwood-matbord-svart.jpg?fit=960%2C960&ssl=1&resize=525%2C300 1.5x, https:\/\/i0.wp.com\/pohjanmaantehtaanmyymala.fi\/wp-content\/uploads\/2019\/06\/118600-a-Fenwood-matbord-svart.jpg?fit=960%2C960&ssl=1&resize=700%2C400 2x"},"classes":[]},{"id":22263,"url":"https:\/\/pohjanmaantehtaanmyymala.fi\/en\/tuote\/filippa-jatkettava-pyorea-ruokapoyta-12045-cm\/","url_meta":{"origin":29602,"position":4},"title":"FILIPPA jatkettava py\u00f6re\u00e4 ruokap\u00f6yt\u00e4 120+45 cm","author":"Sami Viitala","date":"January 17, 2023","format":false,"excerpt":"N\u00e4tti Rowico Filippa py\u00f6re\u00e4 p\u00f6yt\u00e4 on valmistettu massiivitammesta. P\u00f6yt\u00e4 sopii useiden erilaisten ruokatuolien kanssa yhteen. P\u00f6yd\u00e4n v\u00e4rivaihtoehtoja ovat Valkopesty tammi ja Ruskeaksi petsattu tammi. Filippa- p\u00f6ydille keve\u00e4n ilmeen antaa kannen viistetty reuna ja alasp\u00e4in kapenevat jalat. T\u00e4h\u00e4n malliin kuuluu 45 cm:n jatkopala. P\u00f6yt\u00e4\u00e4n on lis\u00e4ksi mahdollista ostaa toinen jatkopala lis\u00e4\u00e4,\u2026","rel":"","context":"Similar post","block_context":{"text":"Similar post","link":""},"img":{"alt_text":"Filippa jatkettava py\u00f6re\u00e4 poyt\u00e4 halkaisija 120 cm valkopesty tammi","src":"https:\/\/i0.wp.com\/pohjanmaantehtaanmyymala.fi\/wp-content\/uploads\/2023\/01\/Filippa_113756_pyorea_poyta_120_valkopestytam.jpg?fit=960%2C960&ssl=1&resize=350%2C200","width":350,"height":200,"srcset":"https:\/\/i0.wp.com\/pohjanmaantehtaanmyymala.fi\/wp-content\/uploads\/2023\/01\/Filippa_113756_pyorea_poyta_120_valkopestytam.jpg?fit=960%2C960&ssl=1&resize=350%2C200 1x, https:\/\/i0.wp.com\/pohjanmaantehtaanmyymala.fi\/wp-content\/uploads\/2023\/01\/Filippa_113756_pyorea_poyta_120_valkopestytam.jpg?fit=960%2C960&ssl=1&resize=525%2C300 1.5x, https:\/\/i0.wp.com\/pohjanmaantehtaanmyymala.fi\/wp-content\/uploads\/2023\/01\/Filippa_113756_pyorea_poyta_120_valkopestytam.jpg?fit=960%2C960&ssl=1&resize=700%2C400 2x"},"classes":[]},{"id":19096,"url":"https:\/\/pohjanmaantehtaanmyymala.fi\/en\/tuote\/rowico-winnipeg-poyta-200-cm\/","url_meta":{"origin":29602,"position":5},"title":"Rowico Winnipeg-p\u00f6yt\u00e4 200&#215;100 cm","author":"Sami Viitala","date":"November 17, 2021","format":false,"excerpt":"Selk\u00e4linjainen ruokap\u00f6yt\u00e4 metallijaloilla. Saatavan kahdessa eri v\u00e4riss\u00e4.","rel":"","context":"Similar post","block_context":{"text":"Similar post","link":""},"img":{"alt_text":"Winnipeg p\u00f6yt\u00e4 valkopesty tammi mustat jalat ruokatilassa","src":"https:\/\/i0.wp.com\/pohjanmaantehtaanmyymala.fi\/wp-content\/uploads\/2021\/11\/Winnipeg-poyta-200-valkotammi-musta-miljoo.jpg?fit=960%2C960&ssl=1&resize=350%2C200","width":350,"height":200,"srcset":"https:\/\/i0.wp.com\/pohjanmaantehtaanmyymala.fi\/wp-content\/uploads\/2021\/11\/Winnipeg-poyta-200-valkotammi-musta-miljoo.jpg?fit=960%2C960&ssl=1&resize=350%2C200 1x, https:\/\/i0.wp.com\/pohjanmaantehtaanmyymala.fi\/wp-content\/uploads\/2021\/11\/Winnipeg-poyta-200-valkotammi-musta-miljoo.jpg?fit=960%2C960&ssl=1&resize=525%2C300 1.5x, https:\/\/i0.wp.com\/pohjanmaantehtaanmyymala.fi\/wp-content\/uploads\/2021\/11\/Winnipeg-poyta-200-valkotammi-musta-miljoo.jpg?fit=960%2C960&ssl=1&resize=700%2C400 2x"},"classes":[]}],"_links":{"self":[{"href":"https:\/\/pohjanmaantehtaanmyymala.fi\/en\/wp-json\/wp\/v2\/product\/29602","targetHints":{"allow":["GET"]}}],"collection":[{"href":"https:\/\/pohjanmaantehtaanmyymala.fi\/en\/wp-json\/wp\/v2\/product"}],"about":[{"href":"https:\/\/pohjanmaantehtaanmyymala.fi\/en\/wp-json\/wp\/v2\/types\/product"}],"replies":[{"embeddable":true,"href":"https:\/\/pohjanmaantehtaanmyymala.fi\/en\/wp-json\/wp\/v2\/comments?post=29602"}],"wp:featuredmedia":[{"embeddable":true,"href":"https:\/\/pohjanmaantehtaanmyymala.fi\/en\/wp-json\/wp\/v2\/media\/29603"}],"wp:attachment":[{"href":"https:\/\/pohjanmaantehtaanmyymala.fi\/en\/wp-json\/wp\/v2\/media?parent=29602"}],"wp:term":[{"taxonomy":"product_brand","embeddable":true,"href":"https:\/\/pohjanmaantehtaanmyymala.fi\/en\/wp-json\/wp\/v2\/product_brand?post=29602"},{"taxonomy":"product_cat","embeddable":true,"href":"https:\/\/pohjanmaantehtaanmyymala.fi\/en\/wp-json\/wp\/v2\/product_cat?post=29602"},{"taxonomy":"product_tag","embeddable":true,"href":"https:\/\/pohjanmaantehtaanmyymala.fi\/en\/wp-json\/wp\/v2\/product_tag?post=29602"}],"curies":[{"name":"wp","href":"https:\/\/api.w.org\/{rel}","templated":true}]}}