{"id":29390,"date":"2025-12-09T13:50:32","date_gmt":"2025-12-09T11:50:32","guid":{"rendered":"https:\/\/pohjanmaantehtaanmyymala.fi\/?post_type=product&#038;p=29390"},"modified":"2025-12-09T14:23:41","modified_gmt":"2025-12-09T12:23:41","slug":"ebba-vuodesohva-kankaalla","status":"publish","type":"product","link":"https:\/\/pohjanmaantehtaanmyymala.fi\/en\/tuote\/ebba-vuodesohva-kankaalla\/","title":{"rendered":"Ebba vuodesohva kankaalla"},"content":{"rendered":"<div data-ved=\"0CAEQ3PkPahcKEwjQnKCvuLCRAxUAAAAAHQAAAAAQEA\">\n<div class=\"uU6vme qaHYKd CCW8cb\" data-animation-skip=\"true\">\n<div class=\"xeWWvb\">\n<div class=\"Ed5sKe\">\n<div class=\"J945jc hSznoe\">\n<div class=\"LoBHAe\">\n<div data-subtree=\"aimfl\" data-complete=\"true\" data-processed=\"true\">Rave Furnituren Ebba-vuodesohva on siro ja k\u00e4yt\u00e4nn\u00f6llinen 2-istuttava huonekalu, joka sopii erinomaisesti pienempiin tiloihin tarjoten mukavan istuinratkaisun ja k\u00e4tev\u00e4n varavuoteen.<\/div>\n<\/div>\n<\/div>\n<\/div>\n<\/div>\n<\/div>\n<\/div>\n<p>Ebba-vuodesohvassa yhdistyv\u00e4t kest\u00e4v\u00e4 rakenne ja helppok\u00e4ytt\u00f6isyys, tehden siit\u00e4 monik\u00e4ytt\u00f6isen lis\u00e4n mihin tahansa kotiin. <span class=\"T286Pc\" data-sfc-cp=\"\" data-complete=\"true\"> Sohvan kokonaisleveys on vain <strong class=\"Yjhzub\" data-complete=\"true\">146 cm<\/strong>, mik\u00e4 tekee siit\u00e4 ihanteellisen ratkaisun pieneen asuntoon, vierashuoneeseen tai m\u00f6kille.<\/span><\/p>\n<p><span class=\"T286Pc\" data-sfc-cp=\"\" data-complete=\"true\">Sohva muuntuu helposti tilavaksi, <strong class=\"Yjhzub\" data-complete=\"true\">110 x 195 cm<\/strong> kokoiseksi vuoteeksi vet\u00e4m\u00e4ll\u00e4.<\/span><\/p>\n<p>Vuodesohvaa on saatavilla lukuisilla eri kankailla. Kysy tarjous <a href=\"https:\/\/pohjanmaantehtaanmyymala.fi\/yhteys\/\">myynnist\u00e4mme!<\/a><\/p>\n<h3>Tuotetiedot:<\/h3>\n<div class=\"otQkpb\" role=\"heading\" aria-level=\"3\" data-animation-nesting=\"\" data-sfc-cp=\"\" data-processed=\"true\" data-sae=\"\" data-complete=\"true\"><\/div>\n<div class=\"Fv6NCb\" data-sfc-cp=\"\" data-wiz-uids=\"PDQRKe_3b\" data-ved=\"2ahUKEwjvyvzCuLCRAxUN2SoKHWIfLmYQ-q4QegYIAQgHEAA\" data-complete=\"true\" data-processed=\"true\">\n<table class=\"NRefec\" data-animation-nesting=\"\" data-complete=\"true\" data-sae=\"\">\n<tbody data-complete=\"true\">\n<tr class=\"cZCYO\" data-sfc-cp=\"\" data-complete=\"true\">\n<th class=\"iry6k\" colspan=\"undefined\" data-sfc-cp=\"\" data-complete=\"true\"><strong class=\"Yjhzub\" data-complete=\"true\">Ominaisuus<\/strong><\/th>\n<th class=\"iry6k\" colspan=\"undefined\" data-sfc-cp=\"\" data-complete=\"true\"><strong class=\"Yjhzub\" data-complete=\"true\">Tiedot<\/strong><\/th>\n<\/tr>\n<tr class=\"cZCYO\" data-sfc-cp=\"\" data-complete=\"true\">\n<td class=\"cOeeGf\" colspan=\"undefined\" data-sfc-cp=\"\" data-complete=\"true\"><strong class=\"Yjhzub\" data-complete=\"true\">Leveys<\/strong><\/td>\n<td class=\"cOeeGf\" colspan=\"undefined\" data-sfc-cp=\"\" data-complete=\"true\">146 cm<\/td>\n<\/tr>\n<tr class=\"cZCYO\" data-sfc-cp=\"\" data-complete=\"true\">\n<td class=\"cOeeGf\" colspan=\"undefined\" data-sfc-cp=\"\" data-complete=\"true\"><strong class=\"Yjhzub\" data-complete=\"true\">Syvyys<\/strong><\/td>\n<td class=\"cOeeGf\" colspan=\"undefined\" data-sfc-cp=\"\" data-complete=\"true\">77 cm<\/td>\n<\/tr>\n<tr class=\"cZCYO\" data-sfc-cp=\"\" data-complete=\"true\">\n<td class=\"cOeeGf\" colspan=\"undefined\" data-sfc-cp=\"\" data-complete=\"true\"><strong class=\"Yjhzub\" data-complete=\"true\">Korkeus<\/strong><\/td>\n<td class=\"cOeeGf\" colspan=\"undefined\" data-sfc-cp=\"\" data-complete=\"true\">85 cm<\/td>\n<\/tr>\n<tr class=\"cZCYO\" data-sfc-cp=\"\" data-complete=\"true\">\n<td class=\"cOeeGf\" colspan=\"undefined\" data-sfc-cp=\"\" data-complete=\"true\"><strong class=\"Yjhzub\" data-complete=\"true\">Vuodekoko<\/strong><\/td>\n<td class=\"cOeeGf\" colspan=\"undefined\" data-sfc-cp=\"\" data-complete=\"true\">110 x 195 cm<\/td>\n<\/tr>\n<tr class=\"cZCYO\" data-sfc-cp=\"\" data-complete=\"true\">\n<td class=\"cOeeGf\" colspan=\"undefined\" data-sfc-cp=\"\" data-complete=\"true\"><strong class=\"Yjhzub\" data-complete=\"true\">Runko<\/strong><\/td>\n<td class=\"cOeeGf\" colspan=\"undefined\" data-sfc-cp=\"\" data-complete=\"true\">Koivu\/koivuvaneri<\/td>\n<\/tr>\n<tr class=\"cZCYO\" data-sfc-cp=\"\" data-complete=\"true\">\n<td class=\"cOeeGf\" colspan=\"undefined\" data-sfc-cp=\"\" data-complete=\"true\"><strong class=\"Yjhzub\" data-complete=\"true\">Istuinpehmuste<\/strong><\/td>\n<td class=\"cOeeGf\" colspan=\"undefined\" data-sfc-cp=\"\" data-complete=\"true\">Vaahtomuovi, kiinte\u00e4 verhoiltu<\/td>\n<\/tr>\n<tr class=\"cZCYO\" data-sfc-cp=\"\" data-complete=\"true\">\n<td class=\"cOeeGf\" colspan=\"undefined\" data-sfc-cp=\"\" data-complete=\"true\"><strong class=\"Yjhzub\" data-complete=\"true\">Selk\u00e4tyynyt<\/strong><\/td>\n<td class=\"cOeeGf\" colspan=\"undefined\" data-sfc-cp=\"\" data-complete=\"true\">Vanut\u00e4ytteiset, irrotettavat p\u00e4\u00e4lliset<\/td>\n<\/tr>\n<tr class=\"cZCYO\" data-sfc-cp=\"\" data-complete=\"true\">\n<td class=\"cOeeGf\" colspan=\"undefined\" data-sfc-cp=\"\" data-complete=\"true\"><strong class=\"Yjhzub\" data-complete=\"true\">Verhoilukangas<\/strong><\/td>\n<td class=\"cOeeGf\" colspan=\"undefined\" data-sfc-cp=\"\" data-complete=\"true\">Bjorn (100 000 Martindalea)<\/td>\n<\/tr>\n<tr class=\"cZCYO\" data-sfc-cp=\"\" data-complete=\"true\">\n<td class=\"cOeeGf\" colspan=\"undefined\" data-sfc-cp=\"\" data-complete=\"true\"><strong class=\"Yjhzub\" data-complete=\"true\">Jalat<\/strong><\/td>\n<td class=\"cOeeGf\" colspan=\"undefined\" data-sfc-cp=\"\" data-complete=\"true\">Musta muovi (PL-6)<\/td>\n<\/tr>\n<\/tbody>\n<\/table>\n<\/div>\n<p>Toimitusaika on varastotuotteilla noin 1-7 arkip\u00e4iv\u00e4\u00e4 ja tilaustuotteilla noin 5-6 viikkoa tilauksesta.<\/p>\n<p>Toimitamme sohvat kaikkialle Suomeen.<\/p>\n","protected":false},"excerpt":{"rendered":"<p>Pienikokoinen vuodesohva hyv\u00e4ll\u00e4 vuodemekanismilla.<\/p>\n","protected":false},"featured_media":29391,"comment_status":"closed","ping_status":"closed","template":"","meta":{"_acf_changed":false,"jetpack_post_was_ever_published":false,"jetpack_publicize_message":"","jetpack_publicize_feature_enabled":true,"jetpack_social_post_already_shared":true,"jetpack_social_options":{"image_generator_settings":{"template":"highway","default_image_id":0,"font":"","enabled":false},"version":2}},"product_brand":[374],"product_cat":[201,193],"product_tag":[],"class_list":{"0":"post-29390","1":"product","2":"type-product","3":"status-publish","4":"has-post-thumbnail","6":"product_brand-rave-furniture","7":"product_cat-sohvat","8":"product_cat-vuodesohvat","9":"product_shipping_class-161","11":"first","12":"instock","13":"sale","14":"purchasable","15":"product-type-simple"},"acf":[],"jetpack_publicize_connections":[],"jetpack_sharing_enabled":true,"jetpack-related-posts":[{"id":25123,"url":"https:\/\/pohjanmaantehtaanmyymala.fi\/en\/tuote\/dolphin-vuodesohva-kangasverhoilulla\/","url_meta":{"origin":29390,"position":0},"title":"Dolphin vuodesohva kangasverhoilulla","author":"Miro Nevala","date":"March 4, 2024","format":false,"excerpt":"Upea kangasvuodesohva mekanismilla useilla v\u00e4rivaihtoehdoilla!","rel":"","context":"Similar post","block_context":{"text":"Similar post","link":""},"img":{"alt_text":"Pohjanmaan Dolphin vuodesohva","src":"https:\/\/i0.wp.com\/pohjanmaantehtaanmyymala.fi\/wp-content\/uploads\/2024\/02\/Pohjanmaan-Dolphin-vuodesohva-960dpi.jpg?fit=960%2C960&ssl=1&resize=350%2C200","width":350,"height":200,"srcset":"https:\/\/i0.wp.com\/pohjanmaantehtaanmyymala.fi\/wp-content\/uploads\/2024\/02\/Pohjanmaan-Dolphin-vuodesohva-960dpi.jpg?fit=960%2C960&ssl=1&resize=350%2C200 1x, https:\/\/i0.wp.com\/pohjanmaantehtaanmyymala.fi\/wp-content\/uploads\/2024\/02\/Pohjanmaan-Dolphin-vuodesohva-960dpi.jpg?fit=960%2C960&ssl=1&resize=525%2C300 1.5x, https:\/\/i0.wp.com\/pohjanmaantehtaanmyymala.fi\/wp-content\/uploads\/2024\/02\/Pohjanmaan-Dolphin-vuodesohva-960dpi.jpg?fit=960%2C960&ssl=1&resize=700%2C400 2x"},"classes":[]},{"id":19624,"url":"https:\/\/pohjanmaantehtaanmyymala.fi\/en\/tuote\/art-vuodesohva-inari-kankaalla\/","url_meta":{"origin":29390,"position":1},"title":"Art vuodesohva Inari-kankaalla","author":"Sami Viitala","date":"January 23, 2022","format":false,"excerpt":"Vuodesohva, jossa on helppotoiminen vuodemekanismi. Saatavana eri v\u00e4reill\u00e4.","rel":"","context":"Similar post","block_context":{"text":"Similar post","link":""},"img":{"alt_text":"Art vuodesohva inari-kangas harmaa","src":"https:\/\/i0.wp.com\/pohjanmaantehtaanmyymala.fi\/wp-content\/uploads\/2022\/01\/art_vuodesohva_inari.jpg?fit=960%2C960&ssl=1&resize=350%2C200","width":350,"height":200,"srcset":"https:\/\/i0.wp.com\/pohjanmaantehtaanmyymala.fi\/wp-content\/uploads\/2022\/01\/art_vuodesohva_inari.jpg?fit=960%2C960&ssl=1&resize=350%2C200 1x, https:\/\/i0.wp.com\/pohjanmaantehtaanmyymala.fi\/wp-content\/uploads\/2022\/01\/art_vuodesohva_inari.jpg?fit=960%2C960&ssl=1&resize=525%2C300 1.5x, https:\/\/i0.wp.com\/pohjanmaantehtaanmyymala.fi\/wp-content\/uploads\/2022\/01\/art_vuodesohva_inari.jpg?fit=960%2C960&ssl=1&resize=700%2C400 2x"},"classes":[]},{"id":17806,"url":"https:\/\/pohjanmaantehtaanmyymala.fi\/en\/tuote\/copenhagen-vuodesohva-alk\/","url_meta":{"origin":29390,"position":2},"title":"COPENHAGEN vuodesohva kysy hinta!","author":"Sami Viitala","date":"August 24, 2021","format":false,"excerpt":"Kun arvostat hyv\u00e4\u00e4 istuinmukavuutta vuodesohvassa.","rel":"","context":"Similar post","block_context":{"text":"Similar post","link":""},"img":{"alt_text":"Copenhagen vuodesohva punainen","src":"https:\/\/i0.wp.com\/pohjanmaantehtaanmyymala.fi\/wp-content\/uploads\/2021\/08\/copenhagen_vuodesohva.jpg?fit=960%2C960&ssl=1&resize=350%2C200","width":350,"height":200,"srcset":"https:\/\/i0.wp.com\/pohjanmaantehtaanmyymala.fi\/wp-content\/uploads\/2021\/08\/copenhagen_vuodesohva.jpg?fit=960%2C960&ssl=1&resize=350%2C200 1x, https:\/\/i0.wp.com\/pohjanmaantehtaanmyymala.fi\/wp-content\/uploads\/2021\/08\/copenhagen_vuodesohva.jpg?fit=960%2C960&ssl=1&resize=525%2C300 1.5x, https:\/\/i0.wp.com\/pohjanmaantehtaanmyymala.fi\/wp-content\/uploads\/2021\/08\/copenhagen_vuodesohva.jpg?fit=960%2C960&ssl=1&resize=700%2C400 2x"},"classes":[]},{"id":28553,"url":"https:\/\/pohjanmaantehtaanmyymala.fi\/en\/tuote\/senna-vuodesohva-gripsholm-kankaalla\/","url_meta":{"origin":29390,"position":3},"title":"Senna-vuodesohva Gripsholm-kankaalla","author":"Sami Viitala","date":"July 10, 2025","format":false,"excerpt":"Hulppea vuodesohva hyv\u00e4ll\u00e4 vuodemekanismilla.","rel":"","context":"Similar post","block_context":{"text":"Similar post","link":""},"img":{"alt_text":"Senna vuodesohva Gripsholm kukkakankaalla","src":"https:\/\/i0.wp.com\/pohjanmaantehtaanmyymala.fi\/wp-content\/uploads\/2025\/07\/senna_vuodesohva_gripsholm-2.jpg?fit=1000%2C1000&ssl=1&resize=350%2C200","width":350,"height":200,"srcset":"https:\/\/i0.wp.com\/pohjanmaantehtaanmyymala.fi\/wp-content\/uploads\/2025\/07\/senna_vuodesohva_gripsholm-2.jpg?fit=1000%2C1000&ssl=1&resize=350%2C200 1x, https:\/\/i0.wp.com\/pohjanmaantehtaanmyymala.fi\/wp-content\/uploads\/2025\/07\/senna_vuodesohva_gripsholm-2.jpg?fit=1000%2C1000&ssl=1&resize=525%2C300 1.5x, https:\/\/i0.wp.com\/pohjanmaantehtaanmyymala.fi\/wp-content\/uploads\/2025\/07\/senna_vuodesohva_gripsholm-2.jpg?fit=1000%2C1000&ssl=1&resize=700%2C400 2x"},"classes":[]},{"id":10950,"url":"https:\/\/pohjanmaantehtaanmyymala.fi\/en\/tuote\/leo-vuodesohva-2-istuttava-tarjous\/","url_meta":{"origin":29390,"position":4},"title":"LEO vuodesohva 2-istuttava TARJOUS!","author":"petri","date":"September 14, 2019","format":false,"excerpt":"Laadukas kahdenistuttava vuodesohva .","rel":"","context":"Similar post","block_context":{"text":"Similar post","link":""},"img":{"alt_text":"","src":"https:\/\/i0.wp.com\/pohjanmaantehtaanmyymala.fi\/wp-content\/uploads\/2019\/09\/Leo_2_istuttava_vuodesohva.jpg?fit=960%2C960&ssl=1&resize=350%2C200","width":350,"height":200,"srcset":"https:\/\/i0.wp.com\/pohjanmaantehtaanmyymala.fi\/wp-content\/uploads\/2019\/09\/Leo_2_istuttava_vuodesohva.jpg?fit=960%2C960&ssl=1&resize=350%2C200 1x, https:\/\/i0.wp.com\/pohjanmaantehtaanmyymala.fi\/wp-content\/uploads\/2019\/09\/Leo_2_istuttava_vuodesohva.jpg?fit=960%2C960&ssl=1&resize=525%2C300 1.5x, https:\/\/i0.wp.com\/pohjanmaantehtaanmyymala.fi\/wp-content\/uploads\/2019\/09\/Leo_2_istuttava_vuodesohva.jpg?fit=960%2C960&ssl=1&resize=700%2C400 2x"},"classes":[]},{"id":10923,"url":"https:\/\/pohjanmaantehtaanmyymala.fi\/en\/tuote\/franz-vuodesohva-190cm\/","url_meta":{"origin":29390,"position":5},"title":"FRANZ \u2013 vuodesohva 190 cm","author":"petri","date":"September 14, 2019","format":false,"excerpt":"Kiteen Huonekalutehtaan valmistama tyylik\u00e4s \u201ddaybed\u201d vuodesohva hivelee silmi\u00e4 kauneudellaan.","rel":"","context":"Similar post","block_context":{"text":"Similar post","link":""},"img":{"alt_text":"","src":"https:\/\/i0.wp.com\/pohjanmaantehtaanmyymala.fi\/wp-content\/uploads\/2019\/09\/Franz-vuodesohva-koivu-beige-2.jpg?fit=960%2C960&ssl=1&resize=350%2C200","width":350,"height":200,"srcset":"https:\/\/i0.wp.com\/pohjanmaantehtaanmyymala.fi\/wp-content\/uploads\/2019\/09\/Franz-vuodesohva-koivu-beige-2.jpg?fit=960%2C960&ssl=1&resize=350%2C200 1x, https:\/\/i0.wp.com\/pohjanmaantehtaanmyymala.fi\/wp-content\/uploads\/2019\/09\/Franz-vuodesohva-koivu-beige-2.jpg?fit=960%2C960&ssl=1&resize=525%2C300 1.5x, https:\/\/i0.wp.com\/pohjanmaantehtaanmyymala.fi\/wp-content\/uploads\/2019\/09\/Franz-vuodesohva-koivu-beige-2.jpg?fit=960%2C960&ssl=1&resize=700%2C400 2x"},"classes":[]}],"_links":{"self":[{"href":"https:\/\/pohjanmaantehtaanmyymala.fi\/en\/wp-json\/wp\/v2\/product\/29390","targetHints":{"allow":["GET"]}}],"collection":[{"href":"https:\/\/pohjanmaantehtaanmyymala.fi\/en\/wp-json\/wp\/v2\/product"}],"about":[{"href":"https:\/\/pohjanmaantehtaanmyymala.fi\/en\/wp-json\/wp\/v2\/types\/product"}],"replies":[{"embeddable":true,"href":"https:\/\/pohjanmaantehtaanmyymala.fi\/en\/wp-json\/wp\/v2\/comments?post=29390"}],"wp:featuredmedia":[{"embeddable":true,"href":"https:\/\/pohjanmaantehtaanmyymala.fi\/en\/wp-json\/wp\/v2\/media\/29391"}],"wp:attachment":[{"href":"https:\/\/pohjanmaantehtaanmyymala.fi\/en\/wp-json\/wp\/v2\/media?parent=29390"}],"wp:term":[{"taxonomy":"product_brand","embeddable":true,"href":"https:\/\/pohjanmaantehtaanmyymala.fi\/en\/wp-json\/wp\/v2\/product_brand?post=29390"},{"taxonomy":"product_cat","embeddable":true,"href":"https:\/\/pohjanmaantehtaanmyymala.fi\/en\/wp-json\/wp\/v2\/product_cat?post=29390"},{"taxonomy":"product_tag","embeddable":true,"href":"https:\/\/pohjanmaantehtaanmyymala.fi\/en\/wp-json\/wp\/v2\/product_tag?post=29390"}],"curies":[{"name":"wp","href":"https:\/\/api.w.org\/{rel}","templated":true}]}}