{"id":28721,"date":"2025-09-22T15:46:42","date_gmt":"2025-09-22T13:46:42","guid":{"rendered":"https:\/\/pohjanmaantehtaanmyymala.fi\/?post_type=product&#038;p=28721"},"modified":"2025-12-01T16:57:41","modified_gmt":"2025-12-01T14:57:41","slug":"rubin-air-nostoavusteinen-mekanismituoli-hierojalla","status":"publish","type":"product","link":"https:\/\/pohjanmaantehtaanmyymala.fi\/en\/tuote\/rubin-air-nostoavusteinen-mekanismituoli-hierojalla\/","title":{"rendered":"Rubin Air nostoavusteinen mekanismituoli hierojalla"},"content":{"rendered":"<p>Rubin AIR nostoavusteinen hieronta ja l\u00e4mmitystoiminnolla varustettu recliner lepotuoli. T\u00e4m\u00e4 tuoli on suunniteltu erityisesti sinulle, joka arvostat istuinmukavuutta, helppok\u00e4ytt\u00f6isyytt\u00e4 ja tyylikkyytt\u00e4. Rubin air reclinertuolissa on s\u00e4hk\u00f6ll\u00e4 toimiva mekanismi. Voit s\u00e4\u00e4t\u00e4\u00e4 tuolia portaattomasti haluamaasi asentoon jolloin tuolista nouseminen helpottuu. Tuolin tuplamoottori mahdollistaa erikseen s\u00e4\u00e4dett\u00e4v\u00e4n selk\u00e4nojan ja rahin toiminnot. Langallisella s\u00e4\u00e4timell\u00e4 voit siis s\u00e4\u00e4t\u00e4\u00e4 tuolin juuri sinulle sopivaksi, vaikka makuuasentoon. Tuolin k\u00e4sinojan ulkosivussa on my\u00f6s k\u00e4tev\u00e4 tasku, jossa voi s\u00e4ilytt\u00e4\u00e4 s\u00e4\u00e4dint\u00e4.<\/p>\n<p>T\u00e4ss\u00e4 tuolissa on my\u00f6s l\u00e4mmitys ja v\u00e4rin\u00e4hierontatoiminto.<\/p>\n<p>Rubin AIR nostoavusteinen recliner lepotuoli on tukevarunkoinen ja kest\u00e4v\u00e4. Istuinosassa on pussijoustimet, jotka lis\u00e4\u00e4v\u00e4t istuinmukavuutta ja pit\u00e4v\u00e4t tuolin muodossaan pitk\u00e4\u00e4n.<\/p>\n<p>Kysy tuolin saatavuuttaa <a href=\"https:\/\/pohjanmaantehtaanmyymala.fi\/yhteys\/\">myynist\u00e4mme.<\/a><\/p>\n<h3>Tuotetiedot:<\/h3>\n<p>Mekanismi 2-moottorinen, voi s\u00e4\u00e4t\u00e4\u00e4 jalka\/selk\u00e4osaa erikseen.<br \/>\nHierontamekanismi.<br \/>\nL\u00e4mmitystoiminto.<br \/>\nNostotoiminto.<br \/>\nPussijousitettu istuin.<br \/>\n100 % polyesterikangasverhoiltu, V\u00e4ri beige.<\/p>\n<p>&nbsp;<\/p>\n<table border=\"0\" width=\"128\" cellspacing=\"0\" cellpadding=\"0\">\n<tbody>\n<tr>\n<td width=\"64\" height=\"20\">Leveys<\/td>\n<td width=\"64\">89 cm<\/td>\n<\/tr>\n<tr>\n<td height=\"20\">Syvyys<\/td>\n<td>90 cm<\/td>\n<\/tr>\n<tr>\n<td height=\"20\">Korkeus<\/td>\n<td>108 cm<\/td>\n<\/tr>\n<tr>\n<td height=\"20\">Istuinkorkeus<\/td>\n<td>50 cm<\/td>\n<\/tr>\n<tr>\n<td height=\"20\">Istuinsyvyys<\/td>\n<td>52 cm<\/td>\n<\/tr>\n<\/tbody>\n<\/table>\n<p>&nbsp;<\/p>\n","protected":false},"excerpt":{"rendered":"<p>Nostava recliner-tuoli hieronnalla ja l\u00e4mmityksell\u00e4.<\/p>\n","protected":false},"featured_media":28722,"comment_status":"closed","ping_status":"closed","template":"","meta":{"_acf_changed":false,"jetpack_post_was_ever_published":false,"jetpack_publicize_message":"","jetpack_publicize_feature_enabled":true,"jetpack_social_post_already_shared":true,"jetpack_social_options":{"image_generator_settings":{"template":"highway","default_image_id":0,"font":"","enabled":false},"version":2}},"product_brand":[211],"product_cat":[195,204],"product_tag":[],"class_list":{"0":"post-28721","1":"product","2":"type-product","3":"status-publish","4":"has-post-thumbnail","6":"product_brand-tenstar","7":"product_cat-lepotuolit-ja-rahit","8":"product_cat-seniorikalusteet","9":"product_shipping_class-161","11":"first","12":"instock","13":"sale","14":"purchasable","15":"product-type-simple"},"acf":[],"jetpack_publicize_connections":[],"jetpack_sharing_enabled":true,"jetpack-related-posts":[{"id":23670,"url":"https:\/\/pohjanmaantehtaanmyymala.fi\/en\/tuote\/rubin-nostoavusteinen-mekanismituoli\/","url_meta":{"origin":28721,"position":0},"title":"Rubin nostoavusteinen mekanismituoli","author":"Sami Viitala","date":"September 23, 2023","format":false,"excerpt":"S\u00e4hk\u00f6k\u00e4ytt\u00f6inen recliner-tuoli nostoavustimella.","rel":"","context":"Similar post","block_context":{"text":"Similar post","link":""},"img":{"alt_text":"Rubin reclinertuoli nostajalla yl\u00e4asennossa nainen istumassa","src":"https:\/\/i0.wp.com\/pohjanmaantehtaanmyymala.fi\/wp-content\/uploads\/2023\/09\/Rubin_nostoavusteinen_recliner.jpg?fit=960%2C960&ssl=1&resize=350%2C200","width":350,"height":200,"srcset":"https:\/\/i0.wp.com\/pohjanmaantehtaanmyymala.fi\/wp-content\/uploads\/2023\/09\/Rubin_nostoavusteinen_recliner.jpg?fit=960%2C960&ssl=1&resize=350%2C200 1x, https:\/\/i0.wp.com\/pohjanmaantehtaanmyymala.fi\/wp-content\/uploads\/2023\/09\/Rubin_nostoavusteinen_recliner.jpg?fit=960%2C960&ssl=1&resize=525%2C300 1.5x, https:\/\/i0.wp.com\/pohjanmaantehtaanmyymala.fi\/wp-content\/uploads\/2023\/09\/Rubin_nostoavusteinen_recliner.jpg?fit=960%2C960&ssl=1&resize=700%2C400 2x"},"classes":[]},{"id":28712,"url":"https:\/\/pohjanmaantehtaanmyymala.fi\/en\/tuote\/rubin-recliner-mekanismituoli\/","url_meta":{"origin":28721,"position":1},"title":"Rubin recliner mekanismituoli","author":"Sami Viitala","date":"September 22, 2025","format":false,"excerpt":"Rubin recliner lepotuoli. T\u00e4m\u00e4 tuoli on suunniteltu erityisesti sinulle, joka arvostat istuinmukavuutta, helppok\u00e4ytt\u00f6isyytt\u00e4 ja tyylikkyytt\u00e4. Tuolissa on selk\u00e4nojan kallistus toiminto sek\u00e4 integroitu jalkarahi. Mekanismin avaus on kahvak\u00e4ytt\u00f6inen. Tuoli on py\u00f6riv\u00e4 ja keinuva, joten voit liikkua tuolissa vapaasti ja nauttia keinunnan rauhoittavasta vaikutuksesta. Tuolia on saatavana harmaalla verhoilulla. Kysy tuolin saatavuuttaa\u2026","rel":"","context":"Similar post","block_context":{"text":"Similar post","link":""},"img":{"alt_text":"Rubin recliner nojatuoli harmaa rahi avattuna","src":"https:\/\/i0.wp.com\/pohjanmaantehtaanmyymala.fi\/wp-content\/uploads\/2025\/09\/Rubin_recliner_mekanismituoli_2.jpg?fit=1200%2C1200&ssl=1&resize=350%2C200","width":350,"height":200,"srcset":"https:\/\/i0.wp.com\/pohjanmaantehtaanmyymala.fi\/wp-content\/uploads\/2025\/09\/Rubin_recliner_mekanismituoli_2.jpg?fit=1200%2C1200&ssl=1&resize=350%2C200 1x, https:\/\/i0.wp.com\/pohjanmaantehtaanmyymala.fi\/wp-content\/uploads\/2025\/09\/Rubin_recliner_mekanismituoli_2.jpg?fit=1200%2C1200&ssl=1&resize=525%2C300 1.5x, https:\/\/i0.wp.com\/pohjanmaantehtaanmyymala.fi\/wp-content\/uploads\/2025\/09\/Rubin_recliner_mekanismituoli_2.jpg?fit=1200%2C1200&ssl=1&resize=700%2C400 2x, https:\/\/i0.wp.com\/pohjanmaantehtaanmyymala.fi\/wp-content\/uploads\/2025\/09\/Rubin_recliner_mekanismituoli_2.jpg?fit=1200%2C1200&ssl=1&resize=1050%2C600 3x"},"classes":[]},{"id":8669,"url":"https:\/\/pohjanmaantehtaanmyymala.fi\/en\/tuote\/atlanta-recliner-mekanismituoli\/","url_meta":{"origin":28721,"position":2},"title":"ATLANTA ERGO &#8211; recliner mekanismituoli","author":"petri","date":"September 14, 2019","format":false,"excerpt":"Pohjanmaan recliner - mekanismituoli s\u00e4\u00e4dett\u00e4v\u00e4ll\u00e4 niskatuella.","rel":"","context":"Similar post","block_context":{"text":"Similar post","link":""},"img":{"alt_text":"Atlanta Recliner","src":"https:\/\/i0.wp.com\/pohjanmaantehtaanmyymala.fi\/wp-content\/uploads\/2019\/06\/Atlanta-Recliner.jpg?fit=960%2C960&ssl=1&resize=350%2C200","width":350,"height":200,"srcset":"https:\/\/i0.wp.com\/pohjanmaantehtaanmyymala.fi\/wp-content\/uploads\/2019\/06\/Atlanta-Recliner.jpg?fit=960%2C960&ssl=1&resize=350%2C200 1x, https:\/\/i0.wp.com\/pohjanmaantehtaanmyymala.fi\/wp-content\/uploads\/2019\/06\/Atlanta-Recliner.jpg?fit=960%2C960&ssl=1&resize=525%2C300 1.5x, https:\/\/i0.wp.com\/pohjanmaantehtaanmyymala.fi\/wp-content\/uploads\/2019\/06\/Atlanta-Recliner.jpg?fit=960%2C960&ssl=1&resize=700%2C400 2x"},"classes":[]},{"id":8679,"url":"https:\/\/pohjanmaantehtaanmyymala.fi\/en\/tuote\/amiral-recliner\/","url_meta":{"origin":28721,"position":3},"title":"AMIRAL &#8211; recliner tuoli nahkaa","author":"petri","date":"September 14, 2019","format":false,"excerpt":"Muhkea mekanismituoli laadukaalla nahkaverhoilulla.","rel":"","context":"Similar post","block_context":{"text":"Similar post","link":""},"img":{"alt_text":"Amiral recliner nojatuoli nahkaa ruskea","src":"https:\/\/i0.wp.com\/pohjanmaantehtaanmyymala.fi\/wp-content\/uploads\/2019\/09\/amiral-rec-20-301.jpg?fit=960%2C960&ssl=1&resize=350%2C200","width":350,"height":200,"srcset":"https:\/\/i0.wp.com\/pohjanmaantehtaanmyymala.fi\/wp-content\/uploads\/2019\/09\/amiral-rec-20-301.jpg?fit=960%2C960&ssl=1&resize=350%2C200 1x, https:\/\/i0.wp.com\/pohjanmaantehtaanmyymala.fi\/wp-content\/uploads\/2019\/09\/amiral-rec-20-301.jpg?fit=960%2C960&ssl=1&resize=525%2C300 1.5x, https:\/\/i0.wp.com\/pohjanmaantehtaanmyymala.fi\/wp-content\/uploads\/2019\/09\/amiral-rec-20-301.jpg?fit=960%2C960&ssl=1&resize=700%2C400 2x"},"classes":[]},{"id":24561,"url":"https:\/\/pohjanmaantehtaanmyymala.fi\/en\/tuote\/vegas-recliner-lepotuoli\/","url_meta":{"origin":28721,"position":4},"title":"Vegas recliner-lepotuoli","author":"Sami Viitala","date":"December 13, 2023","format":false,"excerpt":"Edullinen kiinan recliner-tuoli. Kaksi eri v\u00e4ri\u00e4.","rel":"","context":"Similar post","block_context":{"text":"Similar post","link":""},"img":{"alt_text":"Tenstar Vegas recliner nojatuoli taupe olohuoneessa","src":"https:\/\/i0.wp.com\/pohjanmaantehtaanmyymala.fi\/wp-content\/uploads\/2023\/12\/Vegas_recliner_taupe_Tenstar.jpg?fit=960%2C960&ssl=1&resize=350%2C200","width":350,"height":200,"srcset":"https:\/\/i0.wp.com\/pohjanmaantehtaanmyymala.fi\/wp-content\/uploads\/2023\/12\/Vegas_recliner_taupe_Tenstar.jpg?fit=960%2C960&ssl=1&resize=350%2C200 1x, https:\/\/i0.wp.com\/pohjanmaantehtaanmyymala.fi\/wp-content\/uploads\/2023\/12\/Vegas_recliner_taupe_Tenstar.jpg?fit=960%2C960&ssl=1&resize=525%2C300 1.5x, https:\/\/i0.wp.com\/pohjanmaantehtaanmyymala.fi\/wp-content\/uploads\/2023\/12\/Vegas_recliner_taupe_Tenstar.jpg?fit=960%2C960&ssl=1&resize=700%2C400 2x"},"classes":[]},{"id":9469,"url":"https:\/\/pohjanmaantehtaanmyymala.fi\/en\/tuote\/sheraton-recliner\/","url_meta":{"origin":28721,"position":5},"title":"SHERATON &#8211; recliner nahkaverhoilulla","author":"petri","date":"September 14, 2019","format":false,"excerpt":"Pohjanmaan kalusteen valmistama Sheraton-reclinertuoli on todella mukavan pehme\u00e4 tuoli. Tuolin kahvaa k\u00e4\u00e4nt\u00e4m\u00e4ll\u00e4 nousee jalkarahi yl\u00f6s jolloin my\u00f6s selk\u00e4nojan kaltevuuden s\u00e4\u00e4t\u00f6 on mahdollista. Mekanismituolissa on py\u00f6riv\u00e4 jalusta vakiovarusteena. Rahin ollessa alhaalla tuoli my\u00f6s keinuu. Tuolin runko on valmistettu koivuvanerista ja havupuusta pehmusteena laadukas vaahtomuovi ja vanu. Valmistajan takuu mekanismille on 2-vuotta.\u2026","rel":"","context":"Similar post","block_context":{"text":"Similar post","link":""},"img":{"alt_text":"","src":"https:\/\/i0.wp.com\/pohjanmaantehtaanmyymala.fi\/wp-content\/uploads\/2019\/06\/sheraton-recl-nk1100-web.jpg?fit=960%2C960&ssl=1&resize=350%2C200","width":350,"height":200,"srcset":"https:\/\/i0.wp.com\/pohjanmaantehtaanmyymala.fi\/wp-content\/uploads\/2019\/06\/sheraton-recl-nk1100-web.jpg?fit=960%2C960&ssl=1&resize=350%2C200 1x, https:\/\/i0.wp.com\/pohjanmaantehtaanmyymala.fi\/wp-content\/uploads\/2019\/06\/sheraton-recl-nk1100-web.jpg?fit=960%2C960&ssl=1&resize=525%2C300 1.5x, https:\/\/i0.wp.com\/pohjanmaantehtaanmyymala.fi\/wp-content\/uploads\/2019\/06\/sheraton-recl-nk1100-web.jpg?fit=960%2C960&ssl=1&resize=700%2C400 2x"},"classes":[]}],"_links":{"self":[{"href":"https:\/\/pohjanmaantehtaanmyymala.fi\/en\/wp-json\/wp\/v2\/product\/28721","targetHints":{"allow":["GET"]}}],"collection":[{"href":"https:\/\/pohjanmaantehtaanmyymala.fi\/en\/wp-json\/wp\/v2\/product"}],"about":[{"href":"https:\/\/pohjanmaantehtaanmyymala.fi\/en\/wp-json\/wp\/v2\/types\/product"}],"replies":[{"embeddable":true,"href":"https:\/\/pohjanmaantehtaanmyymala.fi\/en\/wp-json\/wp\/v2\/comments?post=28721"}],"wp:featuredmedia":[{"embeddable":true,"href":"https:\/\/pohjanmaantehtaanmyymala.fi\/en\/wp-json\/wp\/v2\/media\/28722"}],"wp:attachment":[{"href":"https:\/\/pohjanmaantehtaanmyymala.fi\/en\/wp-json\/wp\/v2\/media?parent=28721"}],"wp:term":[{"taxonomy":"product_brand","embeddable":true,"href":"https:\/\/pohjanmaantehtaanmyymala.fi\/en\/wp-json\/wp\/v2\/product_brand?post=28721"},{"taxonomy":"product_cat","embeddable":true,"href":"https:\/\/pohjanmaantehtaanmyymala.fi\/en\/wp-json\/wp\/v2\/product_cat?post=28721"},{"taxonomy":"product_tag","embeddable":true,"href":"https:\/\/pohjanmaantehtaanmyymala.fi\/en\/wp-json\/wp\/v2\/product_tag?post=28721"}],"curies":[{"name":"wp","href":"https:\/\/api.w.org\/{rel}","templated":true}]}}