{"id":28712,"date":"2025-09-22T15:04:11","date_gmt":"2025-09-22T13:04:11","guid":{"rendered":"https:\/\/pohjanmaantehtaanmyymala.fi\/?post_type=product&#038;p=28712"},"modified":"2025-09-22T15:35:45","modified_gmt":"2025-09-22T13:35:45","slug":"rubin-recliner-mekanismituoli","status":"publish","type":"product","link":"https:\/\/pohjanmaantehtaanmyymala.fi\/en\/tuote\/rubin-recliner-mekanismituoli\/","title":{"rendered":"Rubin recliner mekanismituoli"},"content":{"rendered":"<p>Rubin recliner lepotuoli. T\u00e4m\u00e4 tuoli on suunniteltu erityisesti sinulle, joka arvostat istuinmukavuutta, helppok\u00e4ytt\u00f6isyytt\u00e4 ja tyylikkyytt\u00e4. Tuolissa on selk\u00e4nojan kallistus toiminto sek\u00e4 integroitu jalkarahi. Mekanismin avaus on kahvak\u00e4ytt\u00f6inen. Tuoli on py\u00f6riv\u00e4 ja keinuva, joten voit liikkua tuolissa vapaasti ja nauttia keinunnan rauhoittavasta vaikutuksesta.<\/p>\n<p>Tuolia on saatavana harmaalla verhoilulla.<\/p>\n<p>Kysy tuolin saatavuuttaa <a href=\"https:\/\/pohjanmaantehtaanmyymala.fi\/yhteys\/\">myynist\u00e4mme.<\/a><\/p>\n<h3>Tuotetiedot:<\/h3>\n<p>Kahvalaukaisu mekanismissa.<br \/>\nPussijousitettu istuin.<br \/>\n100 % polyesterikangasverhoiltu, V\u00e4ri, harmaa.<\/p>\n<p>&nbsp;<\/p>\n<table border=\"0\" width=\"128\" cellspacing=\"0\" cellpadding=\"0\">\n<tbody>\n<tr>\n<td width=\"64\" height=\"20\">Leveys<\/td>\n<td width=\"64\">89 cm<\/td>\n<\/tr>\n<tr>\n<td height=\"20\">Syvyys<\/td>\n<td>90 cm<\/td>\n<\/tr>\n<tr>\n<td height=\"20\">Korkeus<\/td>\n<td>105 cm<\/td>\n<\/tr>\n<tr>\n<td height=\"20\">Istuinkorkeus<\/td>\n<td>51 cm<\/td>\n<\/tr>\n<tr>\n<td height=\"20\">Istuinsyvyys<\/td>\n<td>52 cm<\/td>\n<\/tr>\n<\/tbody>\n<\/table>\n<p>&nbsp;<\/p>\n","protected":false},"excerpt":{"rendered":"<p>Rubin recliner lepotuoli. T\u00e4m\u00e4 tuoli on suunniteltu erityisesti sinulle, joka arvostat istuinmukavuutta, helppok\u00e4ytt\u00f6isyytt\u00e4 ja tyylikkyytt\u00e4. Tuolissa on selk\u00e4nojan kallistus toiminto sek\u00e4 integroitu jalkarahi. Mekanismin avaus on kahvak\u00e4ytt\u00f6inen. Tuoli on py\u00f6riv\u00e4 ja keinuva, joten voit liikkua tuolissa vapaasti ja nauttia keinunnan rauhoittavasta vaikutuksesta. Tuolia on saatavana harmaalla verhoilulla. Kysy tuolin saatavuuttaa myynist\u00e4mme. Tuotetiedot: Kahvalaukaisu mekanismissa. Pussijousitettu [&hellip;]<\/p>\n","protected":false},"featured_media":28713,"comment_status":"closed","ping_status":"closed","template":"","meta":{"_acf_changed":false,"jetpack_post_was_ever_published":false,"jetpack_publicize_message":"","jetpack_publicize_feature_enabled":true,"jetpack_social_post_already_shared":true,"jetpack_social_options":{"image_generator_settings":{"template":"highway","default_image_id":0,"font":"","enabled":false},"version":2}},"product_brand":[211],"product_cat":[195,204],"product_tag":[],"class_list":{"0":"post-28712","1":"product","2":"type-product","3":"status-publish","4":"has-post-thumbnail","6":"product_brand-tenstar","7":"product_cat-lepotuolit-ja-rahit","8":"product_cat-seniorikalusteet","9":"product_shipping_class-161","11":"first","12":"instock","13":"sale","14":"purchasable","15":"product-type-simple"},"acf":[],"jetpack_publicize_connections":[],"jetpack_sharing_enabled":true,"jetpack-related-posts":[{"id":23670,"url":"https:\/\/pohjanmaantehtaanmyymala.fi\/en\/tuote\/rubin-nostoavusteinen-mekanismituoli\/","url_meta":{"origin":28712,"position":0},"title":"Rubin nostoavusteinen mekanismituoli","author":"Sami Viitala","date":"September 23, 2023","format":false,"excerpt":"S\u00e4hk\u00f6k\u00e4ytt\u00f6inen recliner-tuoli nostoavustimella.","rel":"","context":"Similar post","block_context":{"text":"Similar post","link":""},"img":{"alt_text":"Rubin reclinertuoli nostajalla yl\u00e4asennossa nainen istumassa","src":"https:\/\/i0.wp.com\/pohjanmaantehtaanmyymala.fi\/wp-content\/uploads\/2023\/09\/Rubin_nostoavusteinen_recliner.jpg?fit=960%2C960&ssl=1&resize=350%2C200","width":350,"height":200,"srcset":"https:\/\/i0.wp.com\/pohjanmaantehtaanmyymala.fi\/wp-content\/uploads\/2023\/09\/Rubin_nostoavusteinen_recliner.jpg?fit=960%2C960&ssl=1&resize=350%2C200 1x, https:\/\/i0.wp.com\/pohjanmaantehtaanmyymala.fi\/wp-content\/uploads\/2023\/09\/Rubin_nostoavusteinen_recliner.jpg?fit=960%2C960&ssl=1&resize=525%2C300 1.5x, https:\/\/i0.wp.com\/pohjanmaantehtaanmyymala.fi\/wp-content\/uploads\/2023\/09\/Rubin_nostoavusteinen_recliner.jpg?fit=960%2C960&ssl=1&resize=700%2C400 2x"},"classes":[]},{"id":28721,"url":"https:\/\/pohjanmaantehtaanmyymala.fi\/en\/tuote\/rubin-air-nostoavusteinen-mekanismituoli-hierojalla\/","url_meta":{"origin":28712,"position":1},"title":"Rubin Air nostoavusteinen mekanismituoli hierojalla","author":"Sami Viitala","date":"September 22, 2025","format":false,"excerpt":"Nostava recliner-tuoli hieronnalla ja l\u00e4mmityksell\u00e4.","rel":"","context":"Similar post","block_context":{"text":"Similar post","link":""},"img":{"alt_text":"Rubin air nostoavusteinen recliner nojatuoli, jossa on hieronta ja l\u00e4mmitys. Tuoli on beigen v\u00e4rinen.","src":"https:\/\/i0.wp.com\/pohjanmaantehtaanmyymala.fi\/wp-content\/uploads\/2025\/09\/Rubin_air_hieronta_Tenstar-1.jpg?fit=1000%2C1000&ssl=1&resize=350%2C200","width":350,"height":200,"srcset":"https:\/\/i0.wp.com\/pohjanmaantehtaanmyymala.fi\/wp-content\/uploads\/2025\/09\/Rubin_air_hieronta_Tenstar-1.jpg?fit=1000%2C1000&ssl=1&resize=350%2C200 1x, https:\/\/i0.wp.com\/pohjanmaantehtaanmyymala.fi\/wp-content\/uploads\/2025\/09\/Rubin_air_hieronta_Tenstar-1.jpg?fit=1000%2C1000&ssl=1&resize=525%2C300 1.5x, https:\/\/i0.wp.com\/pohjanmaantehtaanmyymala.fi\/wp-content\/uploads\/2025\/09\/Rubin_air_hieronta_Tenstar-1.jpg?fit=1000%2C1000&ssl=1&resize=700%2C400 2x"},"classes":[]},{"id":22939,"url":"https:\/\/pohjanmaantehtaanmyymala.fi\/en\/tuote\/jazz-recliner-nojatuoli\/","url_meta":{"origin":28712,"position":2},"title":"Jazz recliner nojatuoli","author":"Sami Viitala","date":"May 11, 2023","format":false,"excerpt":"Siron mallinen Jazz recliner tuoli py\u00f6riv\u00e4ll\u00e4 ja keinuvalla mekanismilla sopii mainiosti tv:n katseluun. Tuolissa on k\u00e4tev\u00e4 mekanismi, kahvasta k\u00e4\u00e4nt\u00e4m\u00e4ll\u00e4 avautuu jalkarahi ja silloin saa my\u00f6s selk\u00e4nojaa kallistettua taakse p\u00e4in. Tuoli on verhoiltu Suma-kankaalla. Puurungolle valmistajan takuu 20-vuotta mekanismille 2-vuotta. Istuin t\u00e4ytteen\u00e4 vaahtomuovi selk\u00e4osassa ja k\u00e4sinojissa vaahtomuovi\/vanu. T\u00e4m\u00e4 tuotteen voi tilata\u2026","rel":"","context":"Similar post","block_context":{"text":"Similar post","link":""},"img":{"alt_text":"Jazz recliner nojatuoli harmaa Suma-kangas","src":"https:\/\/i0.wp.com\/pohjanmaantehtaanmyymala.fi\/wp-content\/uploads\/2023\/05\/Jazz-recliner-Suma-17-etusivu.jpg?fit=960%2C960&ssl=1&resize=350%2C200","width":350,"height":200,"srcset":"https:\/\/i0.wp.com\/pohjanmaantehtaanmyymala.fi\/wp-content\/uploads\/2023\/05\/Jazz-recliner-Suma-17-etusivu.jpg?fit=960%2C960&ssl=1&resize=350%2C200 1x, https:\/\/i0.wp.com\/pohjanmaantehtaanmyymala.fi\/wp-content\/uploads\/2023\/05\/Jazz-recliner-Suma-17-etusivu.jpg?fit=960%2C960&ssl=1&resize=525%2C300 1.5x, https:\/\/i0.wp.com\/pohjanmaantehtaanmyymala.fi\/wp-content\/uploads\/2023\/05\/Jazz-recliner-Suma-17-etusivu.jpg?fit=960%2C960&ssl=1&resize=700%2C400 2x"},"classes":[]},{"id":26829,"url":"https:\/\/pohjanmaantehtaanmyymala.fi\/en\/tuote\/eemil-recliner-tuoli-kangas\/","url_meta":{"origin":28712,"position":3},"title":"Eemil recliner-tuoli kangas","author":"Sami Viitala","date":"April 20, 2024","format":false,"excerpt":"Edullinen lepotuoli recliner-mekanismilla, valitse v\u00e4ri!","rel":"","context":"Similar post","block_context":{"text":"Similar post","link":""},"img":{"alt_text":"Pohjanmaan Eemil -recliner-nojatuoli Oasis vihre\u00e4","src":"https:\/\/i0.wp.com\/pohjanmaantehtaanmyymala.fi\/wp-content\/uploads\/2024\/04\/Pohjanmaan_Eemil_mekanismituoli_vihrea.jpg?fit=960%2C960&ssl=1&resize=350%2C200","width":350,"height":200,"srcset":"https:\/\/i0.wp.com\/pohjanmaantehtaanmyymala.fi\/wp-content\/uploads\/2024\/04\/Pohjanmaan_Eemil_mekanismituoli_vihrea.jpg?fit=960%2C960&ssl=1&resize=350%2C200 1x, https:\/\/i0.wp.com\/pohjanmaantehtaanmyymala.fi\/wp-content\/uploads\/2024\/04\/Pohjanmaan_Eemil_mekanismituoli_vihrea.jpg?fit=960%2C960&ssl=1&resize=525%2C300 1.5x, https:\/\/i0.wp.com\/pohjanmaantehtaanmyymala.fi\/wp-content\/uploads\/2024\/04\/Pohjanmaan_Eemil_mekanismituoli_vihrea.jpg?fit=960%2C960&ssl=1&resize=700%2C400 2x"},"classes":[]},{"id":24561,"url":"https:\/\/pohjanmaantehtaanmyymala.fi\/en\/tuote\/vegas-recliner-lepotuoli\/","url_meta":{"origin":28712,"position":4},"title":"Vegas recliner-lepotuoli","author":"Sami Viitala","date":"December 13, 2023","format":false,"excerpt":"Edullinen kiinan recliner-tuoli. Kaksi eri v\u00e4ri\u00e4.","rel":"","context":"Similar post","block_context":{"text":"Similar post","link":""},"img":{"alt_text":"Tenstar Vegas recliner nojatuoli taupe olohuoneessa","src":"https:\/\/i0.wp.com\/pohjanmaantehtaanmyymala.fi\/wp-content\/uploads\/2023\/12\/Vegas_recliner_taupe_Tenstar.jpg?fit=960%2C960&ssl=1&resize=350%2C200","width":350,"height":200,"srcset":"https:\/\/i0.wp.com\/pohjanmaantehtaanmyymala.fi\/wp-content\/uploads\/2023\/12\/Vegas_recliner_taupe_Tenstar.jpg?fit=960%2C960&ssl=1&resize=350%2C200 1x, https:\/\/i0.wp.com\/pohjanmaantehtaanmyymala.fi\/wp-content\/uploads\/2023\/12\/Vegas_recliner_taupe_Tenstar.jpg?fit=960%2C960&ssl=1&resize=525%2C300 1.5x, https:\/\/i0.wp.com\/pohjanmaantehtaanmyymala.fi\/wp-content\/uploads\/2023\/12\/Vegas_recliner_taupe_Tenstar.jpg?fit=960%2C960&ssl=1&resize=700%2C400 2x"},"classes":[]},{"id":29255,"url":"https:\/\/pohjanmaantehtaanmyymala.fi\/en\/tuote\/eemil-recliner-tuoli-musta-nahka\/","url_meta":{"origin":28712,"position":5},"title":"Eemil recliner-tuoli musta nahka","author":"Sami Viitala","date":"November 17, 2025","format":false,"excerpt":"Siro recliner-lepotuoli.","rel":"","context":"Similar post","block_context":{"text":"Similar post","link":""},"img":{"alt_text":"Emil recliner nojatuoli lepoasennossa musta soft antique -nahka.","src":"https:\/\/i0.wp.com\/pohjanmaantehtaanmyymala.fi\/wp-content\/uploads\/2025\/11\/Pohjanmaan_Eemil_recliner_musta_auki.jpg?fit=1000%2C1000&ssl=1&resize=350%2C200","width":350,"height":200,"srcset":"https:\/\/i0.wp.com\/pohjanmaantehtaanmyymala.fi\/wp-content\/uploads\/2025\/11\/Pohjanmaan_Eemil_recliner_musta_auki.jpg?fit=1000%2C1000&ssl=1&resize=350%2C200 1x, https:\/\/i0.wp.com\/pohjanmaantehtaanmyymala.fi\/wp-content\/uploads\/2025\/11\/Pohjanmaan_Eemil_recliner_musta_auki.jpg?fit=1000%2C1000&ssl=1&resize=525%2C300 1.5x, https:\/\/i0.wp.com\/pohjanmaantehtaanmyymala.fi\/wp-content\/uploads\/2025\/11\/Pohjanmaan_Eemil_recliner_musta_auki.jpg?fit=1000%2C1000&ssl=1&resize=700%2C400 2x"},"classes":[]}],"_links":{"self":[{"href":"https:\/\/pohjanmaantehtaanmyymala.fi\/en\/wp-json\/wp\/v2\/product\/28712","targetHints":{"allow":["GET"]}}],"collection":[{"href":"https:\/\/pohjanmaantehtaanmyymala.fi\/en\/wp-json\/wp\/v2\/product"}],"about":[{"href":"https:\/\/pohjanmaantehtaanmyymala.fi\/en\/wp-json\/wp\/v2\/types\/product"}],"replies":[{"embeddable":true,"href":"https:\/\/pohjanmaantehtaanmyymala.fi\/en\/wp-json\/wp\/v2\/comments?post=28712"}],"wp:featuredmedia":[{"embeddable":true,"href":"https:\/\/pohjanmaantehtaanmyymala.fi\/en\/wp-json\/wp\/v2\/media\/28713"}],"wp:attachment":[{"href":"https:\/\/pohjanmaantehtaanmyymala.fi\/en\/wp-json\/wp\/v2\/media?parent=28712"}],"wp:term":[{"taxonomy":"product_brand","embeddable":true,"href":"https:\/\/pohjanmaantehtaanmyymala.fi\/en\/wp-json\/wp\/v2\/product_brand?post=28712"},{"taxonomy":"product_cat","embeddable":true,"href":"https:\/\/pohjanmaantehtaanmyymala.fi\/en\/wp-json\/wp\/v2\/product_cat?post=28712"},{"taxonomy":"product_tag","embeddable":true,"href":"https:\/\/pohjanmaantehtaanmyymala.fi\/en\/wp-json\/wp\/v2\/product_tag?post=28712"}],"curies":[{"name":"wp","href":"https:\/\/api.w.org\/{rel}","templated":true}]}}