{"id":28666,"date":"2025-08-22T16:47:09","date_gmt":"2025-08-22T14:47:09","guid":{"rendered":"https:\/\/pohjanmaantehtaanmyymala.fi\/?post_type=product&#038;p=28666"},"modified":"2026-02-03T16:50:47","modified_gmt":"2026-02-03T14:50:47","slug":"eden-1-runkosanky-120x200-cm-muhkealla-petauspatjalla","status":"publish","type":"product","link":"https:\/\/pohjanmaantehtaanmyymala.fi\/en\/tuote\/eden-1-runkosanky-120x200-cm-muhkealla-petauspatjalla\/","title":{"rendered":"EDEN 1 runkos\u00e4nky 120&#215;200 cm muhkealla petauspatjalla"},"content":{"rendered":"<p>Edullinen kotimainen Eden 1 -runkos\u00e4nky paketti muhkealla 8 cm paksulla profiloidulla sijauspatjalla. S\u00e4nkypakettiin kuuluu my\u00f6s mustat jalat.<\/p>\n<p><a href=\"https:\/\/pohjanmaantehtaanmyymala.fi\/tuote\/eden-1-sangynpaaty-120-cm-levea\/\">S\u00e4ngynp\u00e4\u00e4ty<\/a> ei sis\u00e4lly hintaan!<\/p>\n<p>Hilding Andersin valmistamassa s\u00e4ngyssa on medium-pussijousitus.<\/p>\n<p>Eden 1-Runkopatjasetti\u00e4 on saatavilla kolmessa ssa eri koossa, 80, 90, 120 ja 140 cm leve\u00e4n\u00e4.<\/p>\n<h3>Tuotetiedot:<\/h3>\n<p>Tiedot: Verhoiltu kest\u00e4v\u00e4ll\u00e4 harmaalla huonekalukankaalla.<br \/>\nJousitus: Pussijousitettu. Jousen lankavahvuus 1,9mm, joita on 250 kpl\/m2.<br \/>\nRunko: valmistettu puusta\/vanerista.<br \/>\nTakuu: Puurungolle ja jousistolle 10-vuotta.<br \/>\nPetauspatja: Sisus profiloitua vaahtomuovia, irroitettava ja pest\u00e4v\u00e4 p\u00e4\u00e4llinen, paksuus noin. 8 cm.<br \/>\nTuote on valmiiksi koottu. Poistat pakkauksista ja ruuvaat vain jalat runkopatjaan kiinni, niin tuote on k\u00e4ytt\u00f6valmis.<\/p>\n","protected":false},"excerpt":{"rendered":"<p>Hilding Andersin valmistamassa s\u00e4ngyssa on vartola tukeva pussijousitus.<\/p>\n","protected":false},"featured_media":28667,"comment_status":"closed","ping_status":"closed","template":"","meta":{"_acf_changed":false,"jetpack_post_was_ever_published":false,"jetpack_publicize_message":"","jetpack_publicize_feature_enabled":true,"jetpack_social_post_already_shared":true,"jetpack_social_options":{"image_generator_settings":{"template":"highway","default_image_id":0,"font":"","enabled":false},"version":2}},"product_brand":[203],"product_cat":[198],"product_tag":[],"class_list":{"0":"post-28666","1":"product","2":"type-product","3":"status-publish","4":"has-post-thumbnail","6":"product_brand-hilding","7":"product_cat-patjat-ja-sangyt","8":"product_shipping_class-161","9":"pa_koko-120x200-cm","10":"pa_koko-140x200-cm","11":"pa_koko-80x200-cm","12":"pa_koko-90x200-cm","14":"first","15":"instock","16":"sale","17":"purchasable","18":"product-type-simple"},"acf":[],"jetpack_publicize_connections":[],"jetpack_sharing_enabled":true,"jetpack-related-posts":[{"id":28628,"url":"https:\/\/pohjanmaantehtaanmyymala.fi\/en\/tuote\/eden-1-sankysetti-180x200-cm-muhkealla-petauspatjalla\/","url_meta":{"origin":28666,"position":0},"title":"EDEN 1 s\u00e4nkysetti 180&#215;200 cm muhkealla petauspatjalla","author":"Sami Viitala","date":"August 21, 2025","format":false,"excerpt":"T\u00e4st\u00e4 kotimainen laadukas s\u00e4nkysetti edullisesti!","rel":"","context":"Similar post","block_context":{"text":"Similar post","link":""},"img":{"alt_text":"Hilding runkopatjasetti 180 cm leve\u00e4n\u00e4 jossa on 8 cm paksu profiloitu sijauspatja ja mustat jalat","src":"https:\/\/i0.wp.com\/pohjanmaantehtaanmyymala.fi\/wp-content\/uploads\/2025\/08\/Eden1-runkosanky-180cm.jpg?fit=1000%2C1000&ssl=1&resize=350%2C200","width":350,"height":200,"srcset":"https:\/\/i0.wp.com\/pohjanmaantehtaanmyymala.fi\/wp-content\/uploads\/2025\/08\/Eden1-runkosanky-180cm.jpg?fit=1000%2C1000&ssl=1&resize=350%2C200 1x, https:\/\/i0.wp.com\/pohjanmaantehtaanmyymala.fi\/wp-content\/uploads\/2025\/08\/Eden1-runkosanky-180cm.jpg?fit=1000%2C1000&ssl=1&resize=525%2C300 1.5x, https:\/\/i0.wp.com\/pohjanmaantehtaanmyymala.fi\/wp-content\/uploads\/2025\/08\/Eden1-runkosanky-180cm.jpg?fit=1000%2C1000&ssl=1&resize=700%2C400 2x"},"classes":[]},{"id":28618,"url":"https:\/\/pohjanmaantehtaanmyymala.fi\/en\/tuote\/eden-1-sankysetti-160x200-cm-muhkealla-petauspatjalla\/","url_meta":{"origin":28666,"position":1},"title":"EDEN 1 s\u00e4nkysetti 160&#215;200 cm muhkealla petauspatjalla","author":"Sami Viitala","date":"August 21, 2025","format":false,"excerpt":"T\u00e4st\u00e4 kotimainen laadukas runkos\u00e4nkysetti edullisesti!","rel":"","context":"Similar post","block_context":{"text":"Similar post","link":""},"img":{"alt_text":"Hilding Eden runkopatjasetti leveys 160 cm muhkealla 8 cm paksulla petauspatjalla ja mustilla jaloilla.","src":"https:\/\/i0.wp.com\/pohjanmaantehtaanmyymala.fi\/wp-content\/uploads\/2025\/08\/Eden1-runkosanky-160cm.jpg?fit=1000%2C1000&ssl=1&resize=350%2C200","width":350,"height":200,"srcset":"https:\/\/i0.wp.com\/pohjanmaantehtaanmyymala.fi\/wp-content\/uploads\/2025\/08\/Eden1-runkosanky-160cm.jpg?fit=1000%2C1000&ssl=1&resize=350%2C200 1x, https:\/\/i0.wp.com\/pohjanmaantehtaanmyymala.fi\/wp-content\/uploads\/2025\/08\/Eden1-runkosanky-160cm.jpg?fit=1000%2C1000&ssl=1&resize=525%2C300 1.5x, https:\/\/i0.wp.com\/pohjanmaantehtaanmyymala.fi\/wp-content\/uploads\/2025\/08\/Eden1-runkosanky-160cm.jpg?fit=1000%2C1000&ssl=1&resize=700%2C400 2x"},"classes":[]},{"id":24313,"url":"https:\/\/pohjanmaantehtaanmyymala.fi\/en\/tuote\/eden-1-runkosanky-90x200-cm\/","url_meta":{"origin":28666,"position":2},"title":"EDEN 1 runkos\u00e4nky 90&#215;200 cm petauspatjalla","author":"Sami Viitala","date":"November 28, 2023","format":false,"excerpt":"Hilding Andersin valmistamassa s\u00e4ngyss\u00e4 on vartaloa tukeva pussijousitus.","rel":"","context":"Similar post","block_context":{"text":"Similar post","link":""},"img":{"alt_text":"","src":"https:\/\/i0.wp.com\/pohjanmaantehtaanmyymala.fi\/wp-content\/uploads\/2019\/09\/Eden1-runkopatja.jpg?fit=960%2C960&ssl=1&resize=350%2C200","width":350,"height":200,"srcset":"https:\/\/i0.wp.com\/pohjanmaantehtaanmyymala.fi\/wp-content\/uploads\/2019\/09\/Eden1-runkopatja.jpg?fit=960%2C960&ssl=1&resize=350%2C200 1x, https:\/\/i0.wp.com\/pohjanmaantehtaanmyymala.fi\/wp-content\/uploads\/2019\/09\/Eden1-runkopatja.jpg?fit=960%2C960&ssl=1&resize=525%2C300 1.5x, https:\/\/i0.wp.com\/pohjanmaantehtaanmyymala.fi\/wp-content\/uploads\/2019\/09\/Eden1-runkopatja.jpg?fit=960%2C960&ssl=1&resize=700%2C400 2x"},"classes":[]},{"id":24316,"url":"https:\/\/pohjanmaantehtaanmyymala.fi\/en\/tuote\/eden-1-runkosanky-120x200-cm\/","url_meta":{"origin":28666,"position":3},"title":"EDEN 1 runkos\u00e4nky 120&#215;200 cm petauspatjalla","author":"Sami Viitala","date":"November 28, 2023","format":false,"excerpt":"Hilding Andersin valmistamassa s\u00e4ngyssa on vartaloa tukeva pussijousitus.","rel":"","context":"Similar post","block_context":{"text":"Similar post","link":""},"img":{"alt_text":"Hilding Eden yksi runkos\u00e4nkysetti 120x200 cm leve\u00e4n\u00e4","src":"https:\/\/i0.wp.com\/pohjanmaantehtaanmyymala.fi\/wp-content\/uploads\/2023\/11\/Eden120RP_petari_paaty.jpg?fit=960%2C960&ssl=1&resize=350%2C200","width":350,"height":200,"srcset":"https:\/\/i0.wp.com\/pohjanmaantehtaanmyymala.fi\/wp-content\/uploads\/2023\/11\/Eden120RP_petari_paaty.jpg?fit=960%2C960&ssl=1&resize=350%2C200 1x, https:\/\/i0.wp.com\/pohjanmaantehtaanmyymala.fi\/wp-content\/uploads\/2023\/11\/Eden120RP_petari_paaty.jpg?fit=960%2C960&ssl=1&resize=525%2C300 1.5x, https:\/\/i0.wp.com\/pohjanmaantehtaanmyymala.fi\/wp-content\/uploads\/2023\/11\/Eden120RP_petari_paaty.jpg?fit=960%2C960&ssl=1&resize=700%2C400 2x"},"classes":[]},{"id":28243,"url":"https:\/\/pohjanmaantehtaanmyymala.fi\/en\/tuote\/eden-1-runkosanky-140x200-cm\/","url_meta":{"origin":28666,"position":4},"title":"EDEN 1 runkos\u00e4nky 140&#215;200 cm petauspatjalla","author":"Sami Viitala","date":"December 23, 2024","format":false,"excerpt":"Hilding Andersin valmistamassa s\u00e4ngyssa on vartola tukeva pussijousitus.","rel":"","context":"Similar post","block_context":{"text":"Similar post","link":""},"img":{"alt_text":"Eden 1 runkos\u00e4nky 140 cm leven\u00e4 p\u00e4\u00e4dyll\u00e4.","src":"https:\/\/i0.wp.com\/pohjanmaantehtaanmyymala.fi\/wp-content\/uploads\/2024\/12\/Eden140_petari_paaty-1.jpg?fit=960%2C960&ssl=1&resize=350%2C200","width":350,"height":200,"srcset":"https:\/\/i0.wp.com\/pohjanmaantehtaanmyymala.fi\/wp-content\/uploads\/2024\/12\/Eden140_petari_paaty-1.jpg?fit=960%2C960&ssl=1&resize=350%2C200 1x, https:\/\/i0.wp.com\/pohjanmaantehtaanmyymala.fi\/wp-content\/uploads\/2024\/12\/Eden140_petari_paaty-1.jpg?fit=960%2C960&ssl=1&resize=525%2C300 1.5x, https:\/\/i0.wp.com\/pohjanmaantehtaanmyymala.fi\/wp-content\/uploads\/2024\/12\/Eden140_petari_paaty-1.jpg?fit=960%2C960&ssl=1&resize=700%2C400 2x"},"classes":[]},{"id":10863,"url":"https:\/\/pohjanmaantehtaanmyymala.fi\/en\/tuote\/eden-1-runkosanky\/","url_meta":{"origin":28666,"position":5},"title":"EDEN 1 runkos\u00e4nky 80&#215;200 cm petauspatjalla","author":"petri","date":"September 14, 2019","format":false,"excerpt":"T\u00e4st\u00e4 kotimainen laadukas runkos\u00e4nkysetti edullisesti!","rel":"","context":"Similar post","block_context":{"text":"Similar post","link":""},"img":{"alt_text":"","src":"https:\/\/i0.wp.com\/pohjanmaantehtaanmyymala.fi\/wp-content\/uploads\/2019\/09\/Eden1-runkopatja.jpg?fit=960%2C960&ssl=1&resize=350%2C200","width":350,"height":200,"srcset":"https:\/\/i0.wp.com\/pohjanmaantehtaanmyymala.fi\/wp-content\/uploads\/2019\/09\/Eden1-runkopatja.jpg?fit=960%2C960&ssl=1&resize=350%2C200 1x, https:\/\/i0.wp.com\/pohjanmaantehtaanmyymala.fi\/wp-content\/uploads\/2019\/09\/Eden1-runkopatja.jpg?fit=960%2C960&ssl=1&resize=525%2C300 1.5x, https:\/\/i0.wp.com\/pohjanmaantehtaanmyymala.fi\/wp-content\/uploads\/2019\/09\/Eden1-runkopatja.jpg?fit=960%2C960&ssl=1&resize=700%2C400 2x"},"classes":[]}],"_links":{"self":[{"href":"https:\/\/pohjanmaantehtaanmyymala.fi\/en\/wp-json\/wp\/v2\/product\/28666","targetHints":{"allow":["GET"]}}],"collection":[{"href":"https:\/\/pohjanmaantehtaanmyymala.fi\/en\/wp-json\/wp\/v2\/product"}],"about":[{"href":"https:\/\/pohjanmaantehtaanmyymala.fi\/en\/wp-json\/wp\/v2\/types\/product"}],"replies":[{"embeddable":true,"href":"https:\/\/pohjanmaantehtaanmyymala.fi\/en\/wp-json\/wp\/v2\/comments?post=28666"}],"wp:featuredmedia":[{"embeddable":true,"href":"https:\/\/pohjanmaantehtaanmyymala.fi\/en\/wp-json\/wp\/v2\/media\/28667"}],"wp:attachment":[{"href":"https:\/\/pohjanmaantehtaanmyymala.fi\/en\/wp-json\/wp\/v2\/media?parent=28666"}],"wp:term":[{"taxonomy":"product_brand","embeddable":true,"href":"https:\/\/pohjanmaantehtaanmyymala.fi\/en\/wp-json\/wp\/v2\/product_brand?post=28666"},{"taxonomy":"product_cat","embeddable":true,"href":"https:\/\/pohjanmaantehtaanmyymala.fi\/en\/wp-json\/wp\/v2\/product_cat?post=28666"},{"taxonomy":"product_tag","embeddable":true,"href":"https:\/\/pohjanmaantehtaanmyymala.fi\/en\/wp-json\/wp\/v2\/product_tag?post=28666"}],"curies":[{"name":"wp","href":"https:\/\/api.w.org\/{rel}","templated":true}]}}