{"id":27969,"date":"2024-11-29T16:21:29","date_gmt":"2024-11-29T14:21:29","guid":{"rendered":"https:\/\/pohjanmaantehtaanmyymala.fi\/?post_type=product&#038;p=27969"},"modified":"2026-01-07T12:02:26","modified_gmt":"2026-01-07T10:02:26","slug":"pilvi-tyyny","status":"publish","type":"product","link":"https:\/\/pohjanmaantehtaanmyymala.fi\/en\/tuote\/pilvi-tyyny\/","title":{"rendered":"Pilvi tyyny 60&#215;40 cm"},"content":{"rendered":"<p>Ergonominen Pilvi-tyynyll\u00e4 nukut paremmin. Elastisen pehme\u00e4 Pilvi-tyyny mukautuu hyvin oikeaan asentoon p\u00e4\u00e4n alla, tuntuen ihan h\u00f6yhentyynylt\u00e4.\u00a0 Tyyny my\u00f6t\u00e4ilee nukkujan p\u00e4\u00e4t\u00e4 ja kaularankaa ja tarjoaa erinomaisen tuen sek\u00e4 rentouttaa niska- ja hartiaseudun. Tyyny sopii kaiken kokoisille nukkujille. Tyyny palautuu hyvin alkupe\u00e4iseen muotoonsa reippankin taittelun tai puristelun j\u00e4lkeen. Pilvi-tyyny sopii normaaliin tyynynliinaan.<\/p>\n<p>Myyj\u00e4n mielipide: &#8220;Tyyny on parempi kuin mik\u00e4\u00e4n toinen viskoelastinen l\u00e4mp\u00f6\u00f6n muotuva kova koppura \u00e4lypehmustetyyny.&#8221;<\/p>\n<div>Tyynyst\u00e4 on saatavana kaksi eri paksuutta; 12 cm ja 15 cm.<\/div>\n<div><\/div>\n<h3>Hoito-ohjeet:<\/h3>\n<div>Tuuleta tyyny\u00e4 silloin t\u00e4ll\u00f6in. Mutta kylm\u00e4ss\u00e4 materiaali kovenee, jote k\u00e4sittele tuotetta varoen. \u00c4l\u00e4 j\u00e4t\u00e4 tuotetta kostealla ilmalla pitk\u00e4ksi aikaa ulos, se saattaa korostaa materiaalin ominaishajua. V\u00e4lt\u00e4 my\u00f6s suoraa auringonvaloa.<\/div>\n<div>\u00c4l\u00e4 my\u00f6sk\u00e4\u00e4n pid\u00e4 tuotetta liian l\u00e4hell\u00e4 l\u00e4mm\u00f6nl\u00e4hdett\u00e4.<\/div>\n<div>Imuroi tyyny\u00e4 varovasti tekstiilisuulakkeella.<\/div>\n<div>Tyynyn s\u00e4\u00e4nn\u00f6llinen k\u00e4\u00e4nt\u00e4minen pident\u00e4\u00e4 k\u00e4ytt\u00f6ik\u00e4\u00e4.<\/div>\n<div>Valitettavasti tuotetta ei voi pest\u00e4.<\/div>\n","protected":false},"excerpt":{"rendered":"<p>Voit valita tyynyn kahdesta eri paksuudesta.<\/p>\n","protected":false},"featured_media":28203,"comment_status":"closed","ping_status":"closed","template":"","meta":{"_acf_changed":false,"jetpack_post_was_ever_published":false,"jetpack_publicize_message":"","jetpack_publicize_feature_enabled":true,"jetpack_social_post_already_shared":true,"jetpack_social_options":{"image_generator_settings":{"template":"highway","default_image_id":0,"font":"","enabled":false},"version":2}},"product_brand":[203],"product_cat":[212,241],"product_tag":[647],"class_list":{"0":"post-27969","1":"product","2":"type-product","3":"status-publish","4":"has-post-thumbnail","6":"product_brand-hilding","7":"product_cat-ajankohtaiset","8":"product_cat-peitot-ja-tyynyt","9":"product_tag-ergonominen-tyyny","10":"product_shipping_class-161","11":"pa_koko-12-cm-paksu","12":"pa_koko-15-cm-paksu","14":"first","15":"instock","16":"sale","17":"purchasable","18":"product-type-variable"},"acf":[],"jetpack_publicize_connections":[],"jetpack_sharing_enabled":true,"jetpack-related-posts":[{"id":13803,"url":"https:\/\/pohjanmaantehtaanmyymala.fi\/en\/tuote\/oiva-viskoelastinen-tyyny-60x45-cm\/","url_meta":{"origin":27969,"position":0},"title":"Oiva viskoelastinen tyyny 60&#215;45 cm","author":"Sami Viitala","date":"October 13, 2020","format":false,"excerpt":"L\u00e4mp\u00f6\u00f6n ja painoon reakoiva tyyny. Kaksi eri paksuutta.","rel":"","context":"Similar post","block_context":{"text":"Similar post","link":""},"img":{"alt_text":"viskoelastinen Oiva tyyny","src":"https:\/\/i0.wp.com\/pohjanmaantehtaanmyymala.fi\/wp-content\/uploads\/2020\/10\/Oiva-tyyny.jpg?fit=960%2C960&ssl=1&resize=350%2C200","width":350,"height":200,"srcset":"https:\/\/i0.wp.com\/pohjanmaantehtaanmyymala.fi\/wp-content\/uploads\/2020\/10\/Oiva-tyyny.jpg?fit=960%2C960&ssl=1&resize=350%2C200 1x, https:\/\/i0.wp.com\/pohjanmaantehtaanmyymala.fi\/wp-content\/uploads\/2020\/10\/Oiva-tyyny.jpg?fit=960%2C960&ssl=1&resize=525%2C300 1.5x, https:\/\/i0.wp.com\/pohjanmaantehtaanmyymala.fi\/wp-content\/uploads\/2020\/10\/Oiva-tyyny.jpg?fit=960%2C960&ssl=1&resize=700%2C400 2x"},"classes":[]},{"id":16970,"url":"https:\/\/pohjanmaantehtaanmyymala.fi\/en\/tuote\/ecofurn-ekotuolin-niskatyyny\/","url_meta":{"origin":27969,"position":1},"title":"Ecofurn Ekotuolin niskatyyny","author":"Sami Viitala","date":"April 9, 2021","format":false,"excerpt":"Niskatyyny EcoFurn -logolla tai ilman. Valitse malli!","rel":"","context":"Similar post","block_context":{"text":"Similar post","link":""},"img":{"alt_text":"EcoFurn ekotuoli niskatyyny logolla","src":"https:\/\/i0.wp.com\/pohjanmaantehtaanmyymala.fi\/wp-content\/uploads\/2021\/04\/90399-EcoFurn-logo-cushion.jpg?fit=1200%2C1200&ssl=1&resize=350%2C200","width":350,"height":200,"srcset":"https:\/\/i0.wp.com\/pohjanmaantehtaanmyymala.fi\/wp-content\/uploads\/2021\/04\/90399-EcoFurn-logo-cushion.jpg?fit=1200%2C1200&ssl=1&resize=350%2C200 1x, https:\/\/i0.wp.com\/pohjanmaantehtaanmyymala.fi\/wp-content\/uploads\/2021\/04\/90399-EcoFurn-logo-cushion.jpg?fit=1200%2C1200&ssl=1&resize=525%2C300 1.5x, https:\/\/i0.wp.com\/pohjanmaantehtaanmyymala.fi\/wp-content\/uploads\/2021\/04\/90399-EcoFurn-logo-cushion.jpg?fit=1200%2C1200&ssl=1&resize=700%2C400 2x, https:\/\/i0.wp.com\/pohjanmaantehtaanmyymala.fi\/wp-content\/uploads\/2021\/04\/90399-EcoFurn-logo-cushion.jpg?fit=1200%2C1200&ssl=1&resize=1050%2C600 3x"},"classes":[]},{"id":21373,"url":"https:\/\/pohjanmaantehtaanmyymala.fi\/en\/tuote\/cuddle-sohva-2-tyynylla\/","url_meta":{"origin":27969,"position":2},"title":"Cuddle sohva 2-tyynyll\u00e4 Bellagio kangas","author":"Sami Viitala","date":"September 12, 2022","format":false,"excerpt":"Pohjanmaan Kalusteen valmistama kaunis py\u00f6re\u00e4linjainen Cuddle sohva. T\u00e4ss\u00e4 upeasti muotoillussa sohvassa on todella hyv\u00e4 istuttavuus. Cuddle sohvan kiinteiss\u00e4 istuin- ja selk\u00e4tyynyiss\u00e4 on pehmusteena laadukkaat vaahtomuovityynyt, jotka takaavat osaltaan pitk\u00e4n k\u00e4ytt\u00f6i\u00e4n. Korkeat metallijalat taas antavat sohvalle sopivasti keveytt\u00e4, sek\u00e4 ne helpottavat sohvan alustan siivoamisessa. Kuvan Cuddle-sohva on verhoiltu kauttaaltaan Orient Occidentin\u2026","rel":"","context":"Similar post","block_context":{"text":"Similar post","link":""},"img":{"alt_text":"Cuddle sohva 2-tyynyll\u00e4 Bellagio-kangas roosa","src":"https:\/\/i0.wp.com\/pohjanmaantehtaanmyymala.fi\/wp-content\/uploads\/2022\/09\/Cuddle_D2_Sohva_Bellagio242.jpg?fit=1200%2C1200&ssl=1&resize=350%2C200","width":350,"height":200,"srcset":"https:\/\/i0.wp.com\/pohjanmaantehtaanmyymala.fi\/wp-content\/uploads\/2022\/09\/Cuddle_D2_Sohva_Bellagio242.jpg?fit=1200%2C1200&ssl=1&resize=350%2C200 1x, https:\/\/i0.wp.com\/pohjanmaantehtaanmyymala.fi\/wp-content\/uploads\/2022\/09\/Cuddle_D2_Sohva_Bellagio242.jpg?fit=1200%2C1200&ssl=1&resize=525%2C300 1.5x, https:\/\/i0.wp.com\/pohjanmaantehtaanmyymala.fi\/wp-content\/uploads\/2022\/09\/Cuddle_D2_Sohva_Bellagio242.jpg?fit=1200%2C1200&ssl=1&resize=700%2C400 2x, https:\/\/i0.wp.com\/pohjanmaantehtaanmyymala.fi\/wp-content\/uploads\/2022\/09\/Cuddle_D2_Sohva_Bellagio242.jpg?fit=1200%2C1200&ssl=1&resize=1050%2C600 3x"},"classes":[]},{"id":27809,"url":"https:\/\/pohjanmaantehtaanmyymala.fi\/en\/tuote\/pilvi-jakkara-massiivitammi-oljytty\/","url_meta":{"origin":27969,"position":3},"title":"Pilvi jakkara, massiivitammi, \u00f6ljytty","author":"Sami Viitala","date":"November 27, 2024","format":false,"excerpt":"K\u00e4tev\u00e4 pinottava jakkara tammea","rel":"","context":"Similar post","block_context":{"text":"Similar post","link":""},"img":{"alt_text":"Pilvi \u00f6ljytty tammijakkara pinottava Koko jakkara","src":"https:\/\/i0.wp.com\/pohjanmaantehtaanmyymala.fi\/wp-content\/uploads\/2024\/11\/Pilvi-jakkara-tammi-2.jpg?fit=960%2C960&ssl=1&resize=350%2C200","width":350,"height":200,"srcset":"https:\/\/i0.wp.com\/pohjanmaantehtaanmyymala.fi\/wp-content\/uploads\/2024\/11\/Pilvi-jakkara-tammi-2.jpg?fit=960%2C960&ssl=1&resize=350%2C200 1x, https:\/\/i0.wp.com\/pohjanmaantehtaanmyymala.fi\/wp-content\/uploads\/2024\/11\/Pilvi-jakkara-tammi-2.jpg?fit=960%2C960&ssl=1&resize=525%2C300 1.5x, https:\/\/i0.wp.com\/pohjanmaantehtaanmyymala.fi\/wp-content\/uploads\/2024\/11\/Pilvi-jakkara-tammi-2.jpg?fit=960%2C960&ssl=1&resize=700%2C400 2x"},"classes":[]},{"id":9508,"url":"https:\/\/pohjanmaantehtaanmyymala.fi\/en\/tuote\/envy-niels-sohvaryhma-poydalla-ja-2lla-tuolilla-musta-harmaa\/","url_meta":{"origin":27969,"position":4},"title":"ENVY Niels \u2013 sohvaryhm\u00e4 musta\/harmaa","author":"petri","date":"September 14, 2019","format":false,"excerpt":"Siro alumiinirunkoinen musta sohvaryhm\u00e4, jossa on harmaat pehmusteet ja sohvap\u00f6yd\u00e4ss\u00e4 lasikansi. Verhoilu on vett\u00e4hylkiv\u00e4 ja UV-suojattu. Tuotetiedot: Sohvan leveys 179,4 cm, syvyys 76,7 cm, korkeus 75,5 cm Sohvan istuinleveys 164 cm Tuolin leveys 69,4 cm, syvyys 76,7 cm, korkeus 75,5 cm Tuolin istuinleveys 54 cm Istuinsyvyys 59 cm Istuinkorkeus 37\u2026","rel":"","context":"Similar post","block_context":{"text":"Similar post","link":""},"img":{"alt_text":"","src":"https:\/\/i0.wp.com\/pohjanmaantehtaanmyymala.fi\/wp-content\/uploads\/2019\/06\/47094-f.jpg?fit=960%2C960&ssl=1&resize=350%2C200","width":350,"height":200,"srcset":"https:\/\/i0.wp.com\/pohjanmaantehtaanmyymala.fi\/wp-content\/uploads\/2019\/06\/47094-f.jpg?fit=960%2C960&ssl=1&resize=350%2C200 1x, https:\/\/i0.wp.com\/pohjanmaantehtaanmyymala.fi\/wp-content\/uploads\/2019\/06\/47094-f.jpg?fit=960%2C960&ssl=1&resize=525%2C300 1.5x, https:\/\/i0.wp.com\/pohjanmaantehtaanmyymala.fi\/wp-content\/uploads\/2019\/06\/47094-f.jpg?fit=960%2C960&ssl=1&resize=700%2C400 2x"},"classes":[]},{"id":10945,"url":"https:\/\/pohjanmaantehtaanmyymala.fi\/en\/tuote\/liisa-vuodesohva-2-istuttava-tarjous\/","url_meta":{"origin":27969,"position":5},"title":"LIISA \u2013 vuodesohva 2 -istuttava TARJOUS!","author":"petri","date":"September 14, 2019","format":false,"excerpt":"Edullinen kahdenistuttava vuodesohva s\u00e4ilytyslaatikolla. Harmaalla Malm\u00f6-kankaalla verhoiltu Liisa-vuodesohva helppotoimisella vuodemekanismilla. Vuodesohvasta saat levitetty\u00e4 vaivatta varavuoteen jonka koko on 120x195 cm. Vuoteen lis\u00e4ksi sohvasta l\u00f6ytyy my\u00f6s istuimen alta k\u00e4teva\u00e4 vuodevaatelaatikko, miss\u00e4 voit s\u00e4ilytt\u00e4\u00e4 peitteet ja tyynyt. Liisa-mallista on saatavana my\u00f6s vuodetuoli, kysy lis\u00e4tietoja asiakaspalvelustamme! Sohva toimitetaan valmiiksi kasattuna.","rel":"","context":"Similar post","block_context":{"text":"Similar post","link":""},"img":{"alt_text":"","src":"https:\/\/i0.wp.com\/pohjanmaantehtaanmyymala.fi\/wp-content\/uploads\/2019\/09\/Liisa_2_istuttava_vuodesohva_3.jpg?fit=960%2C960&ssl=1&resize=350%2C200","width":350,"height":200,"srcset":"https:\/\/i0.wp.com\/pohjanmaantehtaanmyymala.fi\/wp-content\/uploads\/2019\/09\/Liisa_2_istuttava_vuodesohva_3.jpg?fit=960%2C960&ssl=1&resize=350%2C200 1x, https:\/\/i0.wp.com\/pohjanmaantehtaanmyymala.fi\/wp-content\/uploads\/2019\/09\/Liisa_2_istuttava_vuodesohva_3.jpg?fit=960%2C960&ssl=1&resize=525%2C300 1.5x, https:\/\/i0.wp.com\/pohjanmaantehtaanmyymala.fi\/wp-content\/uploads\/2019\/09\/Liisa_2_istuttava_vuodesohva_3.jpg?fit=960%2C960&ssl=1&resize=700%2C400 2x"},"classes":[]}],"_links":{"self":[{"href":"https:\/\/pohjanmaantehtaanmyymala.fi\/en\/wp-json\/wp\/v2\/product\/27969","targetHints":{"allow":["GET"]}}],"collection":[{"href":"https:\/\/pohjanmaantehtaanmyymala.fi\/en\/wp-json\/wp\/v2\/product"}],"about":[{"href":"https:\/\/pohjanmaantehtaanmyymala.fi\/en\/wp-json\/wp\/v2\/types\/product"}],"replies":[{"embeddable":true,"href":"https:\/\/pohjanmaantehtaanmyymala.fi\/en\/wp-json\/wp\/v2\/comments?post=27969"}],"wp:featuredmedia":[{"embeddable":true,"href":"https:\/\/pohjanmaantehtaanmyymala.fi\/en\/wp-json\/wp\/v2\/media\/28203"}],"wp:attachment":[{"href":"https:\/\/pohjanmaantehtaanmyymala.fi\/en\/wp-json\/wp\/v2\/media?parent=27969"}],"wp:term":[{"taxonomy":"product_brand","embeddable":true,"href":"https:\/\/pohjanmaantehtaanmyymala.fi\/en\/wp-json\/wp\/v2\/product_brand?post=27969"},{"taxonomy":"product_cat","embeddable":true,"href":"https:\/\/pohjanmaantehtaanmyymala.fi\/en\/wp-json\/wp\/v2\/product_cat?post=27969"},{"taxonomy":"product_tag","embeddable":true,"href":"https:\/\/pohjanmaantehtaanmyymala.fi\/en\/wp-json\/wp\/v2\/product_tag?post=27969"}],"curies":[{"name":"wp","href":"https:\/\/api.w.org\/{rel}","templated":true}]}}