{"id":27865,"date":"2024-11-27T15:49:32","date_gmt":"2024-11-27T13:49:32","guid":{"rendered":"https:\/\/pohjanmaantehtaanmyymala.fi\/?post_type=product&#038;p=27865"},"modified":"2026-01-27T11:34:26","modified_gmt":"2026-01-27T09:34:26","slug":"eden-3-moottorisanky-120x200-cm-petauspatjalla","status":"publish","type":"product","link":"https:\/\/pohjanmaantehtaanmyymala.fi\/en\/tuote\/eden-3-moottorisanky-120x200-cm-petauspatjalla\/","title":{"rendered":"EDEN 3 -moottoris\u00e4nky 120&#215;200 cm petauspatjalla"},"content":{"rendered":"<p>Eden 3 on kotimainen Hilding Andersin valmistama moottoris\u00e4nky.<\/p>\n<p>Moottoris\u00e4ngyn joustinpatjassa on pussijousitus, joka on vaahtomuovikoteloitu. Jousistosta voit valita itselle sopivan j\u00e4ykkyyden kahdesta eri vaihtoehdosta, medium tai hard.<br \/>\nEden 3-moottoris\u00e4ngyss\u00e4 on langaton kaukos\u00e4\u00e4din, jolla voidaan s\u00e4\u00e4t\u00e4\u00e4 portaattomasti s\u00e4ngyn p\u00e4\u00e4- ja jalkop\u00e4\u00e4ty\u00e4 haluamaasi asentoon.<\/p>\n<p>S\u00e4nky\u00e4 on saatavilla kolmessa eri koossa; 80, 90 ja 120 cm leve\u00e4n\u00e4.<\/p>\n<p>Voit valita s\u00e4nkysi verhoiluv\u00e4riksi Graniitin, Antrasiitin tai Hiekan.<\/p>\n<p>S\u00e4ngyyn on saatavilla lis\u00e4varusteena Eden-tarviketasku, jossa voit s\u00e4ilytt\u00e4\u00e4 kaukos\u00e4\u00e4dint\u00e4, puhelinta tai vaikka kirjaa.<\/p>\n<p>Lis\u00e4ksi petauspatja p\u00e4\u00e4lle on mahdollisuus ostaa <a href=\"https:\/\/pohjanmaantehtaanmyymala.fi\/tuote\/uniclean-petauspatjansuoja-valitse-koko\/\">Uni Clean-petauspatjansuojus<\/a>.<\/p>\n<p>Eden s\u00e4nkymallisto on suunniteltu yhteisty\u00f6ss\u00e4\u00a0allergia-, iho- ja astmaliiton kanssa jolloin voit olla varma ett\u00e4 s\u00e4ngyss\u00e4 k\u00e4ytetyt materiaalit ovat ensi luokkaisia ja turvallisia.<\/p>\n<p>Kysy tarvittaessa lis\u00e4tietoa <a href=\"https:\/\/pohjanmaantehtaanmyymala.fi\/yhteys\/\" target=\"_blank\" rel=\"noopener\">myynnist\u00e4mme.<\/a><\/p>\n<p><strong>Tuotetiedot:<\/strong><br \/>\nKoko: leveys 120 cm, pituus 200 cm ja korkeus petauspatjan kanssa 62 cm ja ilman petauspatjaa 55 cm.<br \/>\nPatja: Comfort pussijouset (250kpl\/m2). Hard tai medium j\u00e4ykkyys.<br \/>\nPainosuositus: Medium alle 75 kg. Hard yli 75 kg.<br \/>\nVerhoilu:Laminoitu huonekalukangas, vaalean- tai tummanharmaa.<br \/>\nRunko:Massiivipuu ja metalli.<br \/>\nJalan korkeus 23 cm, malli Royal.<br \/>\nTakuut:Jousitakuu 20-vuotta, s\u00e4\u00e4t\u00f6moottorilla 5-vuotta.<br \/>\nToimitetaan muoviin ja pahviin pakattuna.<\/p>\n","protected":false},"excerpt":{"rendered":"<p>Laadukkaasta s\u00e4\u00e4t\u00f6s\u00e4ngyst\u00e4 on valittavana kolme eri v\u00e4ri\u00e4.<\/p>\n","protected":false},"featured_media":27857,"comment_status":"closed","ping_status":"closed","template":"","meta":{"_acf_changed":false,"jetpack_post_was_ever_published":false,"jetpack_publicize_message":"","jetpack_publicize_feature_enabled":true,"jetpack_social_post_already_shared":true,"jetpack_social_options":{"image_generator_settings":{"template":"highway","default_image_id":0,"font":"","enabled":false},"version":2}},"product_brand":[203],"product_cat":[198],"product_tag":[],"class_list":{"0":"post-27865","1":"product","2":"type-product","3":"status-publish","4":"has-post-thumbnail","6":"product_brand-hilding","7":"product_cat-patjat-ja-sangyt","8":"product_shipping_class-161","9":"pa_malli-hard","10":"pa_malli-medium","11":"pa_vari-antrasiitti","12":"pa_vari-graniitti","13":"pa_vari-hiekka","15":"first","16":"instock","17":"purchasable","18":"product-type-variable","19":"has-default-attributes"},"acf":[],"jetpack_publicize_connections":[],"jetpack_sharing_enabled":true,"jetpack-related-posts":[{"id":24684,"url":"https:\/\/pohjanmaantehtaanmyymala.fi\/en\/tuote\/eden-3-moottorisanky\/","url_meta":{"origin":27865,"position":0},"title":"EDEN 3 -moottoris\u00e4nky 80&#215;200 cm petauspatjalla","author":"Sami Viitala","date":"January 30, 2024","format":false,"excerpt":"Laadukkaasta s\u00e4\u00e4t\u00f6s\u00e4ngyst\u00e4 on valittavana kolme eri v\u00e4ri\u00e4.","rel":"","context":"Similar post","block_context":{"text":"Similar post","link":""},"img":{"alt_text":"Eden kolme s\u00e4\u00e4t\u00f6s\u00e4nky leveys 80 cm","src":"https:\/\/i0.wp.com\/pohjanmaantehtaanmyymala.fi\/wp-content\/uploads\/2024\/01\/Eden3_sasy-web.jpg?fit=960%2C960&ssl=1&resize=350%2C200","width":350,"height":200,"srcset":"https:\/\/i0.wp.com\/pohjanmaantehtaanmyymala.fi\/wp-content\/uploads\/2024\/01\/Eden3_sasy-web.jpg?fit=960%2C960&ssl=1&resize=350%2C200 1x, https:\/\/i0.wp.com\/pohjanmaantehtaanmyymala.fi\/wp-content\/uploads\/2024\/01\/Eden3_sasy-web.jpg?fit=960%2C960&ssl=1&resize=525%2C300 1.5x, https:\/\/i0.wp.com\/pohjanmaantehtaanmyymala.fi\/wp-content\/uploads\/2024\/01\/Eden3_sasy-web.jpg?fit=960%2C960&ssl=1&resize=700%2C400 2x"},"classes":[]},{"id":27850,"url":"https:\/\/pohjanmaantehtaanmyymala.fi\/en\/tuote\/eden-3-moottorisanky-90x200-cm-petauspatjalla\/","url_meta":{"origin":27865,"position":1},"title":"EDEN 3 -moottoris\u00e4nky 90&#215;200 cm petauspatjalla","author":"Sami Viitala","date":"November 27, 2024","format":false,"excerpt":"Laadukkaasta s\u00e4\u00e4t\u00f6s\u00e4ngyst\u00e4 on valittavana kolme eri v\u00e4ri\u00e4.","rel":"","context":"Similar post","block_context":{"text":"Similar post","link":""},"img":{"alt_text":"Eden kolme s\u00e4\u00e4t\u00f6s\u00e4nky leveys 90 cm","src":"https:\/\/i0.wp.com\/pohjanmaantehtaanmyymala.fi\/wp-content\/uploads\/2024\/11\/Eden3_sasy_90.jpg?fit=960%2C960&ssl=1&resize=350%2C200","width":350,"height":200,"srcset":"https:\/\/i0.wp.com\/pohjanmaantehtaanmyymala.fi\/wp-content\/uploads\/2024\/11\/Eden3_sasy_90.jpg?fit=960%2C960&ssl=1&resize=350%2C200 1x, https:\/\/i0.wp.com\/pohjanmaantehtaanmyymala.fi\/wp-content\/uploads\/2024\/11\/Eden3_sasy_90.jpg?fit=960%2C960&ssl=1&resize=525%2C300 1.5x, https:\/\/i0.wp.com\/pohjanmaantehtaanmyymala.fi\/wp-content\/uploads\/2024\/11\/Eden3_sasy_90.jpg?fit=960%2C960&ssl=1&resize=700%2C400 2x"},"classes":[]},{"id":24813,"url":"https:\/\/pohjanmaantehtaanmyymala.fi\/en\/tuote\/eden-3-moottorisankypaketti-180x200-cm\/","url_meta":{"origin":27865,"position":2},"title":"EDEN 3 -moottoris\u00e4nkypaketti 180&#215;200 cm","author":"Miro Nevala","date":"February 5, 2024","format":false,"excerpt":"Laadukkaasta Eden s\u00e4\u00e4t\u00f6s\u00e4ngyst\u00e4 on valittavana kaksi eri j\u00e4ykkyytt\u00e4.","rel":"","context":"Similar post","block_context":{"text":"Similar post","link":""},"img":{"alt_text":"Eden kolme s\u00e4\u00e4t\u00f6s\u00e4nky pari, leveys 180 cm","src":"https:\/\/i0.wp.com\/pohjanmaantehtaanmyymala.fi\/wp-content\/uploads\/2024\/02\/Eden3_mosa_sasy_pari_180.jpg?fit=960%2C960&ssl=1&resize=350%2C200","width":350,"height":200,"srcset":"https:\/\/i0.wp.com\/pohjanmaantehtaanmyymala.fi\/wp-content\/uploads\/2024\/02\/Eden3_mosa_sasy_pari_180.jpg?fit=960%2C960&ssl=1&resize=350%2C200 1x, https:\/\/i0.wp.com\/pohjanmaantehtaanmyymala.fi\/wp-content\/uploads\/2024\/02\/Eden3_mosa_sasy_pari_180.jpg?fit=960%2C960&ssl=1&resize=525%2C300 1.5x, https:\/\/i0.wp.com\/pohjanmaantehtaanmyymala.fi\/wp-content\/uploads\/2024\/02\/Eden3_mosa_sasy_pari_180.jpg?fit=960%2C960&ssl=1&resize=700%2C400 2x"},"classes":[]},{"id":24859,"url":"https:\/\/pohjanmaantehtaanmyymala.fi\/en\/tuote\/eden-3-moottorisankypaketti-paadylla-160x200-cm\/","url_meta":{"origin":27865,"position":3},"title":"EDEN 3 -moottoris\u00e4nkypaketti p\u00e4\u00e4dyll\u00e4 160&#215;200 cm","author":"Miro Nevala","date":"February 5, 2024","format":false,"excerpt":"Laadukkaasta Eden s\u00e4\u00e4t\u00f6s\u00e4ngyst\u00e4 on valittavana kaksi eri j\u00e4ykkyytt\u00e4 ja kolme eri v\u00e4ri\u00e4.","rel":"","context":"Similar post","block_context":{"text":"Similar post","link":""},"img":{"alt_text":"","src":"https:\/\/i0.wp.com\/pohjanmaantehtaanmyymala.fi\/wp-content\/uploads\/2024\/02\/Eden3_parisasy_160_comfort_paadylla.jpg?fit=960%2C960&ssl=1&resize=350%2C200","width":350,"height":200,"srcset":"https:\/\/i0.wp.com\/pohjanmaantehtaanmyymala.fi\/wp-content\/uploads\/2024\/02\/Eden3_parisasy_160_comfort_paadylla.jpg?fit=960%2C960&ssl=1&resize=350%2C200 1x, https:\/\/i0.wp.com\/pohjanmaantehtaanmyymala.fi\/wp-content\/uploads\/2024\/02\/Eden3_parisasy_160_comfort_paadylla.jpg?fit=960%2C960&ssl=1&resize=525%2C300 1.5x, https:\/\/i0.wp.com\/pohjanmaantehtaanmyymala.fi\/wp-content\/uploads\/2024\/02\/Eden3_parisasy_160_comfort_paadylla.jpg?fit=960%2C960&ssl=1&resize=700%2C400 2x"},"classes":[]},{"id":24755,"url":"https:\/\/pohjanmaantehtaanmyymala.fi\/en\/tuote\/eden-3-moottorisankypaketti-160x200-cm\/","url_meta":{"origin":27865,"position":4},"title":"EDEN 3 -moottoris\u00e4nkypaketti 160&#215;200 cm","author":"Sami Viitala","date":"January 30, 2024","format":false,"excerpt":"Laadukkaasta Eden s\u00e4\u00e4t\u00f6s\u00e4ngyst\u00e4 on valittavana kaksi eri j\u00e4ykkyytt\u00e4.","rel":"","context":"Similar post","block_context":{"text":"Similar post","link":""},"img":{"alt_text":"Eden kolme s\u00e4\u00e4t\u00f6s\u00e4nky pari, leveys 160 cm","src":"https:\/\/i0.wp.com\/pohjanmaantehtaanmyymala.fi\/wp-content\/uploads\/2024\/02\/Eden3_mosa_sasy_pari_160.jpg?fit=960%2C960&ssl=1&resize=350%2C200","width":350,"height":200,"srcset":"https:\/\/i0.wp.com\/pohjanmaantehtaanmyymala.fi\/wp-content\/uploads\/2024\/02\/Eden3_mosa_sasy_pari_160.jpg?fit=960%2C960&ssl=1&resize=350%2C200 1x, https:\/\/i0.wp.com\/pohjanmaantehtaanmyymala.fi\/wp-content\/uploads\/2024\/02\/Eden3_mosa_sasy_pari_160.jpg?fit=960%2C960&ssl=1&resize=525%2C300 1.5x, https:\/\/i0.wp.com\/pohjanmaantehtaanmyymala.fi\/wp-content\/uploads\/2024\/02\/Eden3_mosa_sasy_pari_160.jpg?fit=960%2C960&ssl=1&resize=700%2C400 2x"},"classes":[]},{"id":24871,"url":"https:\/\/pohjanmaantehtaanmyymala.fi\/en\/tuote\/eden-3-moottorisankypaketti-paadylla-180x200-cm\/","url_meta":{"origin":27865,"position":5},"title":"EDEN 3 -moottoris\u00e4nkypaketti p\u00e4\u00e4dyll\u00e4 180&#215;200 cm","author":"Miro Nevala","date":"February 5, 2024","format":false,"excerpt":"Laadukkaasta Eden\u00a0 s\u00e4\u00e4t\u00f6s\u00e4ngyst\u00e4 on valittavana kaksi eri j\u00e4ykkyytt\u00e4.","rel":"","context":"Similar post","block_context":{"text":"Similar post","link":""},"img":{"alt_text":"Eden kolme pari-moottoris\u00e4nkypaketti 180 cm Comfort-p\u00e4\u00e4dyll\u00e4 graniitti","src":"https:\/\/i0.wp.com\/pohjanmaantehtaanmyymala.fi\/wp-content\/uploads\/2024\/02\/Eden3_sasy_paaty-web.jpg?fit=960%2C960&ssl=1&resize=350%2C200","width":350,"height":200,"srcset":"https:\/\/i0.wp.com\/pohjanmaantehtaanmyymala.fi\/wp-content\/uploads\/2024\/02\/Eden3_sasy_paaty-web.jpg?fit=960%2C960&ssl=1&resize=350%2C200 1x, https:\/\/i0.wp.com\/pohjanmaantehtaanmyymala.fi\/wp-content\/uploads\/2024\/02\/Eden3_sasy_paaty-web.jpg?fit=960%2C960&ssl=1&resize=525%2C300 1.5x, https:\/\/i0.wp.com\/pohjanmaantehtaanmyymala.fi\/wp-content\/uploads\/2024\/02\/Eden3_sasy_paaty-web.jpg?fit=960%2C960&ssl=1&resize=700%2C400 2x"},"classes":[]}],"_links":{"self":[{"href":"https:\/\/pohjanmaantehtaanmyymala.fi\/en\/wp-json\/wp\/v2\/product\/27865","targetHints":{"allow":["GET"]}}],"collection":[{"href":"https:\/\/pohjanmaantehtaanmyymala.fi\/en\/wp-json\/wp\/v2\/product"}],"about":[{"href":"https:\/\/pohjanmaantehtaanmyymala.fi\/en\/wp-json\/wp\/v2\/types\/product"}],"replies":[{"embeddable":true,"href":"https:\/\/pohjanmaantehtaanmyymala.fi\/en\/wp-json\/wp\/v2\/comments?post=27865"}],"wp:featuredmedia":[{"embeddable":true,"href":"https:\/\/pohjanmaantehtaanmyymala.fi\/en\/wp-json\/wp\/v2\/media\/27857"}],"wp:attachment":[{"href":"https:\/\/pohjanmaantehtaanmyymala.fi\/en\/wp-json\/wp\/v2\/media?parent=27865"}],"wp:term":[{"taxonomy":"product_brand","embeddable":true,"href":"https:\/\/pohjanmaantehtaanmyymala.fi\/en\/wp-json\/wp\/v2\/product_brand?post=27865"},{"taxonomy":"product_cat","embeddable":true,"href":"https:\/\/pohjanmaantehtaanmyymala.fi\/en\/wp-json\/wp\/v2\/product_cat?post=27865"},{"taxonomy":"product_tag","embeddable":true,"href":"https:\/\/pohjanmaantehtaanmyymala.fi\/en\/wp-json\/wp\/v2\/product_tag?post=27865"}],"curies":[{"name":"wp","href":"https:\/\/api.w.org\/{rel}","templated":true}]}}