{"id":27236,"date":"2024-09-30T13:11:46","date_gmt":"2024-09-30T11:11:46","guid":{"rendered":"https:\/\/pohjanmaantehtaanmyymala.fi\/?post_type=product&#038;p=27236"},"modified":"2026-01-27T00:18:39","modified_gmt":"2026-01-26T22:18:39","slug":"eden-9-jenkkisanky-kokonaisuus-160x200-cm-paadylla","status":"publish","type":"product","link":"https:\/\/pohjanmaantehtaanmyymala.fi\/en\/tuote\/eden-9-jenkkisanky-kokonaisuus-160x200-cm-paadylla\/","title":{"rendered":"EDEN 9 -jenkkis\u00e4nky kokonaisuus 160&#215;200 cm p\u00e4\u00e4dyll\u00e4"},"content":{"rendered":"<p>Hilding Andersin N\u00e4rpi\u00f6ss\u00e4 valmistama Eden-jenkkis\u00e4nkypaketti on huippuluokan vaihtoehto sinulle joka etsit laadukasta ja miellytt\u00e4v\u00e4\u00e4 s\u00e4nky\u00e4. T\u00e4m\u00e4 Eden 9 Jenkkis\u00e4nky kokonaisuus pit\u00e4\u00e4 sis\u00e4ll\u00e4\u00e4n jenkkis\u00e4nky osan lis\u00e4ksi laadukkaan Premium petauspatjan ja Exclusive s\u00e4ngyp\u00e4\u00e4dyn. Jenkkis\u00e4nkyosa koostuu pussijuositetuista alarungoista, vy\u00f6hykepussijousitetusta v\u00e4lipatjasta. Eden 9-jenkkis\u00e4ngyss\u00e4 on 5-vy\u00f6hykkeellinen pussijousitus, jonka erikoiskorkea jousitus ja vy\u00f6hykerakenne my\u00f6t\u00e4ilee ja tukee erinomaisesti nukkujan vartaloa. Pussijousitetussa patjassa jokainen jousi on omassa kangaspussissa ja jokainen jousi toimii t\u00e4ysin itsen\u00e4isesti.<\/p>\n<p>Voit valita jenkkis\u00e4nkyyn kaksi kovuusastetta, medium ja hard, joko niin ett\u00e4 koko s\u00e4nky on saman j\u00e4ykkyinen tai toisella puolella on medium- ja toisella hard-kovuus.<\/p>\n<p>Eden 9-jenkkis\u00e4nky\u00e4 on saatavana 5:ll\u00e4 eri v\u00e4rill\u00e4, Antrasiitti, Grafiitti, Hiekka sek\u00e4 erikoisv\u00e4rit Sammal ja kuvan Okra.<\/p>\n<p>T\u00e4h\u00e4n pakettiin kuuluu mukana 14 cm korkeat metalliset Classic-jalat. V\u00e4rin voit valita mustasta tai harjatusta.<\/p>\n<h3>Tuotetiedot:<\/h3>\n<p>Tiedot: Verhoiltu kest\u00e4v\u00e4ll\u00e4 huonekalukankaalla, 4 eri v\u00e4ris\u00e4vy\u00e4<br \/>\nV\u00e4lipatja: Vy\u00f6hykePussijousitettu.<br \/>\nAlarungot: Pussijousitettu, valmistettu puusta\/vanerista.<br \/>\nTakuu: Puurungolle ja jousistolle 10-vuotta.<br \/>\nPetauspatja: Sisus Stylex-vaahtomuovia, irroitettava ja vesipest\u00e4v\u00e4 joustokangasp\u00e4\u00e4llinen, paksuus 7 cm.<br \/>\nJalat: Classic- metallijalat 10 cm.<br \/>\nP\u00e4\u00e4ty: Puurunko\/vaahtomuovi<\/p>\n<p>Jenkkis\u00e4ngyn v\u00e4lijoustinpatja toimitetaan kolmessa eri osassa, juosielementit ja p\u00e4\u00e4llinen irrallaan. T\u00e4m\u00e4 helpottaa kuljetusta sek\u00e4 voit itse p\u00e4\u00e4tt\u00e4\u00e4 kummalle puolelle asennat eri j\u00e4ykkyiset joustin elementit.<br \/>\nAlarungot ovat valmiiksi koottu, vain jalat tulevat irrallaan.<\/p>\n<p>Eden s\u00e4nkysarjan toimitusaika on n. 3 viikkoa tilauksesta.<\/p>\n<p>Osta kotimainen laadukas jenkkis\u00e4nkysetti edullisesti Tehtaanmyym\u00e4l\u00e4st\u00e4!<\/p>\n","protected":false},"excerpt":{"rendered":"<p>Kotimainen N\u00e4rpi\u00f6ss\u00e4 valmistettu luxus-jenkkis\u00e4nkypaketti. Valitse malli\/v\u00e4ri alta!<\/p>\n","protected":false},"featured_media":27252,"comment_status":"closed","ping_status":"closed","template":"","meta":{"_acf_changed":false,"jetpack_post_was_ever_published":false,"jetpack_publicize_message":"","jetpack_publicize_feature_enabled":true,"jetpack_social_post_already_shared":true,"jetpack_social_options":{"image_generator_settings":{"template":"highway","default_image_id":0,"font":"","enabled":false},"version":2}},"product_brand":[203],"product_cat":[198,316],"product_tag":[],"class_list":{"0":"post-27236","1":"product","2":"type-product","3":"status-publish","4":"has-post-thumbnail","6":"product_brand-hilding","7":"product_cat-patjat-ja-sangyt","8":"product_cat-jenkkisanky","9":"product_shipping_class-161","10":"pa_malli-hard","11":"pa_malli-hard-medium","12":"pa_malli-medium","13":"pa_vari-antrasiitti","14":"pa_vari-okra","15":"pa_vari-graniitti","16":"pa_vari-hiekka","17":"pa_vari-sammal","19":"first","20":"instock","21":"purchasable","22":"product-type-variable","23":"has-default-attributes"},"acf":[],"jetpack_publicize_connections":[],"jetpack_sharing_enabled":true,"jetpack-related-posts":[{"id":27259,"url":"https:\/\/pohjanmaantehtaanmyymala.fi\/en\/tuote\/eden-9-jenkkisanky-kokonaisuus-180x200-cm-paadylla\/","url_meta":{"origin":27236,"position":0},"title":"EDEN 9 -jenkkis\u00e4nky kokonaisuus 180&#215;200 cm p\u00e4\u00e4dyll\u00e4","author":"Sami Viitala","date":"September 30, 2024","format":false,"excerpt":"Kotimainen N\u00e4rpi\u00f6ss\u00e4 valmistettu luxus-jenkkis\u00e4nkypaketti. Valitse malli\/v\u00e4ri alta!","rel":"","context":"Similar post","block_context":{"text":"Similar post","link":""},"img":{"alt_text":"Eden 9 jenkkis\u00e4nky p\u00e4\u00e4dyll\u00e4 okran v\u00e4rinen 180 cm","src":"https:\/\/i0.wp.com\/pohjanmaantehtaanmyymala.fi\/wp-content\/uploads\/2024\/09\/EDEN-9-jenkki-tupla-paaty.jpg?fit=960%2C960&ssl=1&resize=350%2C200","width":350,"height":200,"srcset":"https:\/\/i0.wp.com\/pohjanmaantehtaanmyymala.fi\/wp-content\/uploads\/2024\/09\/EDEN-9-jenkki-tupla-paaty.jpg?fit=960%2C960&ssl=1&resize=350%2C200 1x, https:\/\/i0.wp.com\/pohjanmaantehtaanmyymala.fi\/wp-content\/uploads\/2024\/09\/EDEN-9-jenkki-tupla-paaty.jpg?fit=960%2C960&ssl=1&resize=525%2C300 1.5x, https:\/\/i0.wp.com\/pohjanmaantehtaanmyymala.fi\/wp-content\/uploads\/2024\/09\/EDEN-9-jenkki-tupla-paaty.jpg?fit=960%2C960&ssl=1&resize=700%2C400 2x"},"classes":[]},{"id":27214,"url":"https:\/\/pohjanmaantehtaanmyymala.fi\/en\/tuote\/eden-9-jenkkisanky-180x200-cm-petauspatjalla\/","url_meta":{"origin":27236,"position":1},"title":"EDEN 9 -jenkkis\u00e4nky 180&#215;200 cm petauspatjalla","author":"Sami Viitala","date":"September 30, 2024","format":false,"excerpt":"Kotimainen N\u00e4rpi\u00f6ss\u00e4 valmistettu luxus-jenkkis\u00e4nkypaketti. Valitse malli\/v\u00e4ri alta!","rel":"","context":"Similar post","block_context":{"text":"Similar post","link":""},"img":{"alt_text":"Eden 9 jenkkis\u00e4nky okran v\u00e4rinen 180 cm","src":"https:\/\/i0.wp.com\/pohjanmaantehtaanmyymala.fi\/wp-content\/uploads\/2024\/09\/EDEN-9-jenkki-180-okra.jpg?fit=960%2C960&ssl=1&resize=350%2C200","width":350,"height":200,"srcset":"https:\/\/i0.wp.com\/pohjanmaantehtaanmyymala.fi\/wp-content\/uploads\/2024\/09\/EDEN-9-jenkki-180-okra.jpg?fit=960%2C960&ssl=1&resize=350%2C200 1x, https:\/\/i0.wp.com\/pohjanmaantehtaanmyymala.fi\/wp-content\/uploads\/2024\/09\/EDEN-9-jenkki-180-okra.jpg?fit=960%2C960&ssl=1&resize=525%2C300 1.5x, https:\/\/i0.wp.com\/pohjanmaantehtaanmyymala.fi\/wp-content\/uploads\/2024\/09\/EDEN-9-jenkki-180-okra.jpg?fit=960%2C960&ssl=1&resize=700%2C400 2x"},"classes":[]},{"id":17605,"url":"https:\/\/pohjanmaantehtaanmyymala.fi\/en\/tuote\/eden-9-jenkkisanky-160x200-cm\/","url_meta":{"origin":27236,"position":2},"title":"EDEN 9 -jenkkis\u00e4nky 160&#215;200 cm petauspatjalla","author":"Sami Viitala","date":"August 17, 2021","format":false,"excerpt":"Kotimainen N\u00e4rpi\u00f6ss\u00e4 valmistettu luxus-jenkkis\u00e4nkypaketti. Valitse malli\/v\u00e4ri alta!","rel":"","context":"Similar post","block_context":{"text":"Similar post","link":""},"img":{"alt_text":"Eden 9 jenkkis\u00e4nky okran v\u00e4rinen","src":"https:\/\/i0.wp.com\/pohjanmaantehtaanmyymala.fi\/wp-content\/uploads\/2021\/08\/EDEN-9-jenkki-tupla-okra.jpg?fit=960%2C960&ssl=1&resize=350%2C200","width":350,"height":200,"srcset":"https:\/\/i0.wp.com\/pohjanmaantehtaanmyymala.fi\/wp-content\/uploads\/2021\/08\/EDEN-9-jenkki-tupla-okra.jpg?fit=960%2C960&ssl=1&resize=350%2C200 1x, https:\/\/i0.wp.com\/pohjanmaantehtaanmyymala.fi\/wp-content\/uploads\/2021\/08\/EDEN-9-jenkki-tupla-okra.jpg?fit=960%2C960&ssl=1&resize=525%2C300 1.5x, https:\/\/i0.wp.com\/pohjanmaantehtaanmyymala.fi\/wp-content\/uploads\/2021\/08\/EDEN-9-jenkki-tupla-okra.jpg?fit=960%2C960&ssl=1&resize=700%2C400 2x"},"classes":[]},{"id":17688,"url":"https:\/\/pohjanmaantehtaanmyymala.fi\/en\/tuote\/eden-6-jenkkisanky-180x200-cm-petauspatjalla\/","url_meta":{"origin":27236,"position":3},"title":"EDEN 6 -jenkkis\u00e4nky 180&#215;200 cm petauspatjalla","author":"Sami Viitala","date":"August 19, 2021","format":false,"excerpt":"Kotimainen N\u00e4rpi\u00f6ss\u00e4 valmistettu luxus-jenkkis\u00e4nkypaketti. Valitse malli\/v\u00e4ri alta!","rel":"","context":"Similar post","block_context":{"text":"Similar post","link":""},"img":{"alt_text":"Eden kuusi jenkkis\u00e4nky 180 cm leve\u00e4 v\u00e4ri hiekka","src":"https:\/\/i0.wp.com\/pohjanmaantehtaanmyymala.fi\/wp-content\/uploads\/2021\/08\/Eden6_jenkki_180.jpg?fit=1000%2C1000&ssl=1&resize=350%2C200","width":350,"height":200,"srcset":"https:\/\/i0.wp.com\/pohjanmaantehtaanmyymala.fi\/wp-content\/uploads\/2021\/08\/Eden6_jenkki_180.jpg?fit=1000%2C1000&ssl=1&resize=350%2C200 1x, https:\/\/i0.wp.com\/pohjanmaantehtaanmyymala.fi\/wp-content\/uploads\/2021\/08\/Eden6_jenkki_180.jpg?fit=1000%2C1000&ssl=1&resize=525%2C300 1.5x, https:\/\/i0.wp.com\/pohjanmaantehtaanmyymala.fi\/wp-content\/uploads\/2021\/08\/Eden6_jenkki_180.jpg?fit=1000%2C1000&ssl=1&resize=700%2C400 2x"},"classes":[]},{"id":17665,"url":"https:\/\/pohjanmaantehtaanmyymala.fi\/en\/tuote\/eden-6-jenkkisanky-160x200-cm\/","url_meta":{"origin":27236,"position":4},"title":"EDEN 6 -jenkkis\u00e4nky 160&#215;200 cm petauspatjalla","author":"Sami Viitala","date":"August 19, 2021","format":false,"excerpt":"Kotimainen N\u00e4rpi\u00f6ss\u00e4 valmistettu luxus-jenkkis\u00e4nkypaketti. Valitse malli\/v\u00e4ri alta!","rel":"","context":"Similar post","block_context":{"text":"Similar post","link":""},"img":{"alt_text":"Eden kuusi jenkkis\u00e4nky 160 cm leve\u00e4 v\u00e4ri hiekka","src":"https:\/\/i0.wp.com\/pohjanmaantehtaanmyymala.fi\/wp-content\/uploads\/2021\/08\/Eden6_jenkki_160.jpg?fit=1000%2C1000&ssl=1&resize=350%2C200","width":350,"height":200,"srcset":"https:\/\/i0.wp.com\/pohjanmaantehtaanmyymala.fi\/wp-content\/uploads\/2021\/08\/Eden6_jenkki_160.jpg?fit=1000%2C1000&ssl=1&resize=350%2C200 1x, https:\/\/i0.wp.com\/pohjanmaantehtaanmyymala.fi\/wp-content\/uploads\/2021\/08\/Eden6_jenkki_160.jpg?fit=1000%2C1000&ssl=1&resize=525%2C300 1.5x, https:\/\/i0.wp.com\/pohjanmaantehtaanmyymala.fi\/wp-content\/uploads\/2021\/08\/Eden6_jenkki_160.jpg?fit=1000%2C1000&ssl=1&resize=700%2C400 2x"},"classes":[]},{"id":19128,"url":"https:\/\/pohjanmaantehtaanmyymala.fi\/en\/tuote\/eden-5-vyohykejenkkisanky-160x200-cm-petauspatjalla\/","url_meta":{"origin":27236,"position":5},"title":"EDEN 5 vy\u00f6hykejenkkis\u00e4nky 160&#215;200 cm petauspatjalla","author":"Sami Viitala","date":"November 23, 2021","format":false,"excerpt":"Kotimainen j\u00e4m\u00e4kk\u00e4 jenkkis\u00e4nkypaketti. Valitse malli\/v\u00e4ri alta!","rel":"","context":"Similar post","block_context":{"text":"Similar post","link":""},"img":{"alt_text":"Eden viisi jenkkis\u00e4nky 160 cm leve\u00e4 v\u00e4ri antrasiitti","src":"https:\/\/i0.wp.com\/pohjanmaantehtaanmyymala.fi\/wp-content\/uploads\/2021\/11\/Eden5-jenkki-160.jpg?fit=1000%2C1000&ssl=1&resize=350%2C200","width":350,"height":200,"srcset":"https:\/\/i0.wp.com\/pohjanmaantehtaanmyymala.fi\/wp-content\/uploads\/2021\/11\/Eden5-jenkki-160.jpg?fit=1000%2C1000&ssl=1&resize=350%2C200 1x, https:\/\/i0.wp.com\/pohjanmaantehtaanmyymala.fi\/wp-content\/uploads\/2021\/11\/Eden5-jenkki-160.jpg?fit=1000%2C1000&ssl=1&resize=525%2C300 1.5x, https:\/\/i0.wp.com\/pohjanmaantehtaanmyymala.fi\/wp-content\/uploads\/2021\/11\/Eden5-jenkki-160.jpg?fit=1000%2C1000&ssl=1&resize=700%2C400 2x"},"classes":[]}],"_links":{"self":[{"href":"https:\/\/pohjanmaantehtaanmyymala.fi\/en\/wp-json\/wp\/v2\/product\/27236","targetHints":{"allow":["GET"]}}],"collection":[{"href":"https:\/\/pohjanmaantehtaanmyymala.fi\/en\/wp-json\/wp\/v2\/product"}],"about":[{"href":"https:\/\/pohjanmaantehtaanmyymala.fi\/en\/wp-json\/wp\/v2\/types\/product"}],"replies":[{"embeddable":true,"href":"https:\/\/pohjanmaantehtaanmyymala.fi\/en\/wp-json\/wp\/v2\/comments?post=27236"}],"wp:featuredmedia":[{"embeddable":true,"href":"https:\/\/pohjanmaantehtaanmyymala.fi\/en\/wp-json\/wp\/v2\/media\/27252"}],"wp:attachment":[{"href":"https:\/\/pohjanmaantehtaanmyymala.fi\/en\/wp-json\/wp\/v2\/media?parent=27236"}],"wp:term":[{"taxonomy":"product_brand","embeddable":true,"href":"https:\/\/pohjanmaantehtaanmyymala.fi\/en\/wp-json\/wp\/v2\/product_brand?post=27236"},{"taxonomy":"product_cat","embeddable":true,"href":"https:\/\/pohjanmaantehtaanmyymala.fi\/en\/wp-json\/wp\/v2\/product_cat?post=27236"},{"taxonomy":"product_tag","embeddable":true,"href":"https:\/\/pohjanmaantehtaanmyymala.fi\/en\/wp-json\/wp\/v2\/product_tag?post=27236"}],"curies":[{"name":"wp","href":"https:\/\/api.w.org\/{rel}","templated":true}]}}