{"id":26461,"date":"2024-09-11T08:38:51","date_gmt":"2024-09-11T06:38:51","guid":{"rendered":"https:\/\/pohjanmaantehtaanmyymala.fi\/?post_type=product&#038;p=26461"},"modified":"2024-09-12T11:06:03","modified_gmt":"2024-09-12T09:06:03","slug":"fantasy-vuodetuoli","status":"publish","type":"product","link":"https:\/\/pohjanmaantehtaanmyymala.fi\/en\/tuote\/fantasy-vuodetuoli\/","title":{"rendered":"Fantasy Level vuodetuoli"},"content":{"rendered":"<p>Fantasy vuodetuoli on Amerikan vientimalliston lepotuoli, joka muovautuu vuoteeksi silm\u00e4nr\u00e4p\u00e4yksess\u00e4. T\u00e4m\u00e4 vuodetuoli on varustettu k\u00e4tev\u00e4ll\u00e4 ja eritt\u00e4in laadukkalla Level-vuodemekanismilla, joka tekee sen k\u00e4yt\u00f6st\u00e4 vaivatonta. Vuodemekanismi avataan nostamalla istuinta ja vet\u00e4m\u00e4ll\u00e4. Vuodekoko on 72x209cm.<\/p>\n<p>Fantasy vuodetuoli on verhoiltu kest\u00e4v\u00e4ll\u00e4 Diamonds-kankaalla. Diamonds verhoilukankaassa on el\u00e4v\u00e4 pinta. Kankaassa on my\u00f6s eritt\u00e4in hyv\u00e4 v\u00e4rin valonkesto. Hankauskesto on 40000 Martindalea. Valitavana on useita eri v\u00e4rivaihtoehtoja. V\u00e4rivaihtoehdot l\u00f6yt\u00e4v\u00e4t tuotekuvista.<\/p>\n<p><strong>Tuotetiedot:<\/strong><\/p>\n<p>Vuodekoko: 72&#215;209 cm.<br \/>\nRunko: Massiivipuu, kovalevy ja vaneri.<br \/>\nSelk\u00e4tyyny: Vanut\u00e4yte<br \/>\nIstuimet: HR35130 vaahtomuovi, joustamaatomalla pohjakankaalla.<br \/>\nVerhoilu: Diamonds-kangas<br \/>\nMitat: Syvyys 103cm, leveys 100cm ja korkeus 90cm.<\/p>\n","protected":false},"excerpt":{"rendered":"<p>N\u00e4ytt\u00e4v\u00e4 lepotuoli joka avautuu vuoteeksi silm\u00e4nr\u00e4p\u00e4yksess\u00e4!<\/p>\n","protected":false},"featured_media":26469,"comment_status":"closed","ping_status":"closed","template":"","meta":{"_acf_changed":false,"jetpack_post_was_ever_published":false,"jetpack_publicize_message":"","jetpack_publicize_feature_enabled":true,"jetpack_social_post_already_shared":true,"jetpack_social_options":{"image_generator_settings":{"template":"highway","default_image_id":0,"font":"","enabled":false},"version":2}},"product_brand":[270],"product_cat":[193,195],"product_tag":[],"class_list":{"0":"post-26461","1":"product","2":"type-product","3":"status-publish","4":"has-post-thumbnail","6":"product_brand-pohjanmaan","7":"product_cat-vuodesohvat","8":"product_cat-lepotuolit-ja-rahit","9":"pa_vari-diamonds-006","10":"pa_vari-diamonds-012","11":"pa_vari-diamonds-031","12":"pa_vari-diamonds-103","13":"pa_vari-diamonds-104","14":"pa_vari-diamonds-277","15":"pa_vari-diamonds-278","16":"pa_vari-diamonds-281","17":"pa_vari-diamonds-294","18":"pa_vari-diamonds-295","19":"pa_vari-diamonds-296","20":"pa_vari-diamonds-297","22":"first","23":"instock","24":"sale","25":"shipping-taxable","26":"purchasable","27":"product-type-variable"},"acf":[],"jetpack_publicize_connections":[],"jetpack_sharing_enabled":true,"jetpack-related-posts":[{"id":26381,"url":"https:\/\/pohjanmaantehtaanmyymala.fi\/en\/tuote\/fantasy-level-2-istuttava-vuodesohva\/","url_meta":{"origin":26461,"position":0},"title":"Fantasy Level 2-istuttava vuodesohva","author":"Miro Nevala","date":"August 29, 2024","format":false,"excerpt":"2-istuttava sohva k\u00e4tev\u00e4ll\u00e4 vuodemekanismilla!","rel":"","context":"Similar post","block_context":{"text":"Similar post","link":""},"img":{"alt_text":"Fantasy level 152cm milj\u00f6\u00f6","src":"https:\/\/i0.wp.com\/pohjanmaantehtaanmyymala.fi\/wp-content\/uploads\/2024\/03\/Fantasy_level-152cm-miljoo.jpg?fit=960%2C960&ssl=1&resize=350%2C200","width":350,"height":200,"srcset":"https:\/\/i0.wp.com\/pohjanmaantehtaanmyymala.fi\/wp-content\/uploads\/2024\/03\/Fantasy_level-152cm-miljoo.jpg?fit=960%2C960&ssl=1&resize=350%2C200 1x, https:\/\/i0.wp.com\/pohjanmaantehtaanmyymala.fi\/wp-content\/uploads\/2024\/03\/Fantasy_level-152cm-miljoo.jpg?fit=960%2C960&ssl=1&resize=525%2C300 1.5x, https:\/\/i0.wp.com\/pohjanmaantehtaanmyymala.fi\/wp-content\/uploads\/2024\/03\/Fantasy_level-152cm-miljoo.jpg?fit=960%2C960&ssl=1&resize=700%2C400 2x"},"classes":[]},{"id":20291,"url":"https:\/\/pohjanmaantehtaanmyymala.fi\/en\/tuote\/liisa-vuodetuoli-tarjous\/","url_meta":{"origin":26461,"position":1},"title":"LIISA vuodetuoli","author":"Sami Viitala","date":"March 29, 2022","format":false,"excerpt":"Edullinen vuodetuoli s\u00e4ilytyslaatikolla. V\u00e4rivaihtoehdot vaaleanharmaa ja tummanharmaa.","rel":"","context":"Similar post","block_context":{"text":"Similar post","link":""},"img":{"alt_text":"Liisa vuodetuoli harmaa","src":"https:\/\/i0.wp.com\/pohjanmaantehtaanmyymala.fi\/wp-content\/uploads\/2022\/03\/Liisa-vuodetuoli_harmaa_inari96.jpg?fit=960%2C960&ssl=1&resize=350%2C200","width":350,"height":200,"srcset":"https:\/\/i0.wp.com\/pohjanmaantehtaanmyymala.fi\/wp-content\/uploads\/2022\/03\/Liisa-vuodetuoli_harmaa_inari96.jpg?fit=960%2C960&ssl=1&resize=350%2C200 1x, https:\/\/i0.wp.com\/pohjanmaantehtaanmyymala.fi\/wp-content\/uploads\/2022\/03\/Liisa-vuodetuoli_harmaa_inari96.jpg?fit=960%2C960&ssl=1&resize=525%2C300 1.5x, https:\/\/i0.wp.com\/pohjanmaantehtaanmyymala.fi\/wp-content\/uploads\/2022\/03\/Liisa-vuodetuoli_harmaa_inari96.jpg?fit=960%2C960&ssl=1&resize=700%2C400 2x"},"classes":[]},{"id":13487,"url":"https:\/\/pohjanmaantehtaanmyymala.fi\/en\/tuote\/erika-vuodetuoli-luna-kankaalla\/","url_meta":{"origin":26461,"position":2},"title":"America Nest &#8211; vuodetuoli Luna-kankaalla","author":"Sami Viitala","date":"September 24, 2020","format":false,"excerpt":"Pohjanmaan Kalusteen valmistama tyylik\u00e4s vuodetuoli, jossa hyv\u00e4n istuttavuuden lis\u00e4ksi laadukas vuodemekanismi.","rel":"","context":"Similar post","block_context":{"text":"Similar post","link":""},"img":{"alt_text":"America Erika vuodetuoli Luna kankaalla","src":"https:\/\/i0.wp.com\/pohjanmaantehtaanmyymala.fi\/wp-content\/uploads\/2020\/09\/Erika_1kin_Luna29_2.jpg?fit=1200%2C1200&ssl=1&resize=350%2C200","width":350,"height":200,"srcset":"https:\/\/i0.wp.com\/pohjanmaantehtaanmyymala.fi\/wp-content\/uploads\/2020\/09\/Erika_1kin_Luna29_2.jpg?fit=1200%2C1200&ssl=1&resize=350%2C200 1x, https:\/\/i0.wp.com\/pohjanmaantehtaanmyymala.fi\/wp-content\/uploads\/2020\/09\/Erika_1kin_Luna29_2.jpg?fit=1200%2C1200&ssl=1&resize=525%2C300 1.5x, https:\/\/i0.wp.com\/pohjanmaantehtaanmyymala.fi\/wp-content\/uploads\/2020\/09\/Erika_1kin_Luna29_2.jpg?fit=1200%2C1200&ssl=1&resize=700%2C400 2x, https:\/\/i0.wp.com\/pohjanmaantehtaanmyymala.fi\/wp-content\/uploads\/2020\/09\/Erika_1kin_Luna29_2.jpg?fit=1200%2C1200&ssl=1&resize=1050%2C600 3x"},"classes":[]},{"id":9392,"url":"https:\/\/pohjanmaantehtaanmyymala.fi\/en\/tuote\/bella-vuodetuoli-tec-kangas-musta\/","url_meta":{"origin":26461,"position":3},"title":"BELLA \u2013 vuodetuoli Barcelona-kankaalla","author":"petri","date":"September 14, 2019","format":false,"excerpt":"Tyylik\u00e4s ja kest\u00e4v\u00e4 vuodetuoli sopii vaikka hotellik\u00e4ytt\u00f6\u00f6n. Bella-vuodetuolissa on kest\u00e4v\u00e4 King-mekanismi. Bellan mekanismi avautuu k\u00e4tev\u00e4sti eteenp\u00e4in. Saatavilla useilla eri v\u00e4reill\u00e4. Kysyy asiakaspalvelustamme lis\u00e4\u00e4. Tuotetiedot: Mitat: leveys 97 cm, syvyys 85 cm, korkeus 88 cm. Vuodekoko 68x190cm Mekanismin runko on valmistettu metallista ja puusta pehmusteena laadukas vaahtomuovi. Tuoli on verhoiltu kest\u00e4v\u00e4ll\u00e4\u2026","rel":"","context":"Similar post","block_context":{"text":"Similar post","link":""},"img":{"alt_text":"","src":"https:\/\/i0.wp.com\/pohjanmaantehtaanmyymala.fi\/wp-content\/uploads\/2019\/09\/Bella-1-istuttava-musta-auki.jpg?fit=960%2C960&ssl=1&resize=350%2C200","width":350,"height":200,"srcset":"https:\/\/i0.wp.com\/pohjanmaantehtaanmyymala.fi\/wp-content\/uploads\/2019\/09\/Bella-1-istuttava-musta-auki.jpg?fit=960%2C960&ssl=1&resize=350%2C200 1x, https:\/\/i0.wp.com\/pohjanmaantehtaanmyymala.fi\/wp-content\/uploads\/2019\/09\/Bella-1-istuttava-musta-auki.jpg?fit=960%2C960&ssl=1&resize=525%2C300 1.5x, https:\/\/i0.wp.com\/pohjanmaantehtaanmyymala.fi\/wp-content\/uploads\/2019\/09\/Bella-1-istuttava-musta-auki.jpg?fit=960%2C960&ssl=1&resize=700%2C400 2x"},"classes":[]},{"id":10945,"url":"https:\/\/pohjanmaantehtaanmyymala.fi\/en\/tuote\/liisa-vuodesohva-2-istuttava-tarjous\/","url_meta":{"origin":26461,"position":4},"title":"LIISA \u2013 vuodesohva 2 -istuttava TARJOUS!","author":"petri","date":"September 14, 2019","format":false,"excerpt":"Edullinen kahdenistuttava vuodesohva s\u00e4ilytyslaatikolla. Harmaalla Malm\u00f6-kankaalla verhoiltu Liisa-vuodesohva helppotoimisella vuodemekanismilla. Vuodesohvasta saat levitetty\u00e4 vaivatta varavuoteen jonka koko on 120x195 cm. Vuoteen lis\u00e4ksi sohvasta l\u00f6ytyy my\u00f6s istuimen alta k\u00e4teva\u00e4 vuodevaatelaatikko, miss\u00e4 voit s\u00e4ilytt\u00e4\u00e4 peitteet ja tyynyt. Liisa-mallista on saatavana my\u00f6s vuodetuoli, kysy lis\u00e4tietoja asiakaspalvelustamme! Sohva toimitetaan valmiiksi kasattuna.","rel":"","context":"Similar post","block_context":{"text":"Similar post","link":""},"img":{"alt_text":"","src":"https:\/\/i0.wp.com\/pohjanmaantehtaanmyymala.fi\/wp-content\/uploads\/2019\/09\/Liisa_2_istuttava_vuodesohva_3.jpg?fit=960%2C960&ssl=1&resize=350%2C200","width":350,"height":200,"srcset":"https:\/\/i0.wp.com\/pohjanmaantehtaanmyymala.fi\/wp-content\/uploads\/2019\/09\/Liisa_2_istuttava_vuodesohva_3.jpg?fit=960%2C960&ssl=1&resize=350%2C200 1x, https:\/\/i0.wp.com\/pohjanmaantehtaanmyymala.fi\/wp-content\/uploads\/2019\/09\/Liisa_2_istuttava_vuodesohva_3.jpg?fit=960%2C960&ssl=1&resize=525%2C300 1.5x, https:\/\/i0.wp.com\/pohjanmaantehtaanmyymala.fi\/wp-content\/uploads\/2019\/09\/Liisa_2_istuttava_vuodesohva_3.jpg?fit=960%2C960&ssl=1&resize=700%2C400 2x"},"classes":[]},{"id":9448,"url":"https:\/\/pohjanmaantehtaanmyymala.fi\/en\/tuote\/monika-vuodetuoli\/","url_meta":{"origin":26461,"position":5},"title":"MONIKA NEST &#8211; vuodetuoli","author":"petri","date":"September 14, 2019","format":false,"excerpt":"Tyylik\u00e4s Monika-vuodetuoli! Pohjanmaan kalusteen valmistama tyylik\u00e4s Monika-vuodetuoli jossa hyv\u00e4n istuttavuuden lis\u00e4ksi mukava ja helppok\u00e4ytt\u00f6inen vierass\u00e4nky. Vuodekoko Monika- vuodetuolissa on 76*205 cm. Monikasta on my\u00f6s saatavana vuodesohvat. Kysy lis\u00e4\u00e4 myynnist\u00e4mme. Tuotetiedot: Katso tuotekortti t\u00e4st\u00e4! Runko: Massiivipuu vaneri ja kovalevy. (takuu 20-vuotta) Istuinpehmusteet: no-zag jouset HR35140 vaahtomuovi. Selk\u00e4pehmusteet: Vanutyyny. Jalat: Massiivipuu Kangas:\u2026","rel":"","context":"Similar post","block_context":{"text":"Similar post","link":""},"img":{"alt_text":"","src":"https:\/\/i0.wp.com\/pohjanmaantehtaanmyymala.fi\/wp-content\/uploads\/2019\/06\/Monika-Chair-Sleeper-Luna24-1.jpg?fit=960%2C960&ssl=1&resize=350%2C200","width":350,"height":200,"srcset":"https:\/\/i0.wp.com\/pohjanmaantehtaanmyymala.fi\/wp-content\/uploads\/2019\/06\/Monika-Chair-Sleeper-Luna24-1.jpg?fit=960%2C960&ssl=1&resize=350%2C200 1x, https:\/\/i0.wp.com\/pohjanmaantehtaanmyymala.fi\/wp-content\/uploads\/2019\/06\/Monika-Chair-Sleeper-Luna24-1.jpg?fit=960%2C960&ssl=1&resize=525%2C300 1.5x, https:\/\/i0.wp.com\/pohjanmaantehtaanmyymala.fi\/wp-content\/uploads\/2019\/06\/Monika-Chair-Sleeper-Luna24-1.jpg?fit=960%2C960&ssl=1&resize=700%2C400 2x"},"classes":[]}],"_links":{"self":[{"href":"https:\/\/pohjanmaantehtaanmyymala.fi\/en\/wp-json\/wp\/v2\/product\/26461","targetHints":{"allow":["GET"]}}],"collection":[{"href":"https:\/\/pohjanmaantehtaanmyymala.fi\/en\/wp-json\/wp\/v2\/product"}],"about":[{"href":"https:\/\/pohjanmaantehtaanmyymala.fi\/en\/wp-json\/wp\/v2\/types\/product"}],"replies":[{"embeddable":true,"href":"https:\/\/pohjanmaantehtaanmyymala.fi\/en\/wp-json\/wp\/v2\/comments?post=26461"}],"wp:featuredmedia":[{"embeddable":true,"href":"https:\/\/pohjanmaantehtaanmyymala.fi\/en\/wp-json\/wp\/v2\/media\/26469"}],"wp:attachment":[{"href":"https:\/\/pohjanmaantehtaanmyymala.fi\/en\/wp-json\/wp\/v2\/media?parent=26461"}],"wp:term":[{"taxonomy":"product_brand","embeddable":true,"href":"https:\/\/pohjanmaantehtaanmyymala.fi\/en\/wp-json\/wp\/v2\/product_brand?post=26461"},{"taxonomy":"product_cat","embeddable":true,"href":"https:\/\/pohjanmaantehtaanmyymala.fi\/en\/wp-json\/wp\/v2\/product_cat?post=26461"},{"taxonomy":"product_tag","embeddable":true,"href":"https:\/\/pohjanmaantehtaanmyymala.fi\/en\/wp-json\/wp\/v2\/product_tag?post=26461"}],"curies":[{"name":"wp","href":"https:\/\/api.w.org\/{rel}","templated":true}]}}