{"id":26395,"date":"2024-09-11T08:53:26","date_gmt":"2024-09-11T06:53:26","guid":{"rendered":"https:\/\/pohjanmaantehtaanmyymala.fi\/?post_type=product&#038;p=26395"},"modified":"2024-09-11T08:53:27","modified_gmt":"2024-09-11T06:53:27","slug":"west-vuodesohva-rodeo-kankaalla","status":"publish","type":"product","link":"https:\/\/pohjanmaantehtaanmyymala.fi\/en\/tuote\/west-vuodesohva-rodeo-kankaalla\/","title":{"rendered":"West-vuodesohva Rodeo-kankaalla"},"content":{"rendered":"<p>Pohjanmaan West vuodesohva yhdist\u00e4\u00e4 s\u00e4\u00e4dett\u00e4v\u00e4t niskatuet, helppok\u00e4ytt\u00f6isen level-vuodemekanismin ja laadukkaat vaahtomuovit\u00e4ytteet tarjoten t\u00e4ydellisen ratkaisun mukavuutta arvostaville. K\u00e4\u00e4ntyv\u00e4t selk\u00e4nojatyynyt tukevat istuessa, ja kest\u00e4v\u00e4t materiaalit takaavat pitk\u00e4ik\u00e4isen k\u00e4yt\u00f6n. Erinomainen valinta niille, jotka etsiv\u00e4t tyylik\u00e4st\u00e4 ja k\u00e4yt\u00e4nn\u00f6llist\u00e4 vuodesohvaa olohuoneeseensa. Vuodemitat ovat 147x208cm. West sohvan selk\u00e4nojien p\u00e4\u00e4ll\u00e4 olevat tyynyt voidaan k\u00e4\u00e4nt\u00e4\u00e4 pystyyn, tarjoten erinomaisen tuen niskalle istuttaessa.<\/p>\n<p>West-vuodesohva on verhoiltu Rodeo-kankaalla ja siit\u00e4 on valittavana useita eri v\u00e4rivaihtoehtoja. Vaihtoehdot n\u00e4kyv\u00e4t tuotekuvissa.<\/p>\n<p><strong>Tuotetiedot:<\/strong><\/p>\n<p>Vuodekoko: 147x208cm<br \/>\nRunko: Massiivipuu, kovalevy ja vaneri<br \/>\nIstuinpehmusteet: No-zag jousitus, HR35130 vaahtomuovi 9cm, joustava pohjakangas<br \/>\nSelk\u00e4pehmusteet: HR25075 20cm, kovalevy, vanu 300g.<br \/>\nK\u00e4sinojapehmusteet: E30160 vaahtomuovi 2cm, vanu 150g<br \/>\nPuurungolla 20 vuoden takuu.<\/p>\n<p>Mitat: Syvyys 102cm, leveys 190cm ja korkeus 90cm.<br \/>\nLevel vuodemekanismi, s\u00e4\u00e4dett\u00e4v\u00e4t niskatuet ja laadukkaat vaahtomuovit\u00e4ytteet.<br \/>\nRodeo-kangas<\/p>\n","protected":false},"excerpt":{"rendered":"<p>S\u00e4\u00e4dett\u00e4vill\u00e4 niskatuilla varustettu tyylik\u00e4s vuodesohva!<\/p>\n","protected":false},"featured_media":26416,"comment_status":"closed","ping_status":"closed","template":"","meta":{"_acf_changed":false,"jetpack_post_was_ever_published":false,"jetpack_publicize_message":"","jetpack_publicize_feature_enabled":true,"jetpack_social_post_already_shared":true,"jetpack_social_options":{"image_generator_settings":{"template":"highway","default_image_id":0,"font":"","enabled":false},"version":2}},"product_brand":[270],"product_cat":[193],"product_tag":[],"class_list":{"0":"post-26395","1":"product","2":"type-product","3":"status-publish","4":"has-post-thumbnail","6":"product_brand-pohjanmaan","7":"product_cat-vuodesohvat","8":"pa_vari-aqua","9":"pa_vari-beige","10":"pa_vari-harmaa","11":"pa_vari-kivenharmaa","12":"pa_vari-koralli","13":"pa_vari-lime","14":"pa_vari-mokka","15":"pa_vari-musta","16":"pa_vari-mustikka","17":"pa_vari-natur","18":"pa_vari-petrooli","19":"pa_vari-terra","20":"pa_vari-tummanharmaa","21":"pa_vari-vaaleanharmaa","23":"first","24":"instock","25":"sale","26":"shipping-taxable","27":"purchasable","28":"product-type-variable"},"acf":[],"jetpack_publicize_connections":[],"jetpack_sharing_enabled":true,"jetpack-related-posts":[{"id":26422,"url":"https:\/\/pohjanmaantehtaanmyymala.fi\/en\/tuote\/west-vuodesohva-nahka\/","url_meta":{"origin":26395,"position":0},"title":"West-vuodesohva nahka","author":"Miro Nevala","date":"March 11, 2024","format":false,"excerpt":"S\u00e4\u00e4dett\u00e4vill\u00e4 niskatuilla varustettu tyylik\u00e4s nahkavuodesohva!","rel":"","context":"Similar post","block_context":{"text":"Similar post","link":""},"img":{"alt_text":"West vuodesohva nahka","src":"https:\/\/i0.wp.com\/pohjanmaantehtaanmyymala.fi\/wp-content\/uploads\/2024\/03\/West-vuodesohva-nahka.jpg?fit=960%2C960&ssl=1&resize=350%2C200","width":350,"height":200,"srcset":"https:\/\/i0.wp.com\/pohjanmaantehtaanmyymala.fi\/wp-content\/uploads\/2024\/03\/West-vuodesohva-nahka.jpg?fit=960%2C960&ssl=1&resize=350%2C200 1x, https:\/\/i0.wp.com\/pohjanmaantehtaanmyymala.fi\/wp-content\/uploads\/2024\/03\/West-vuodesohva-nahka.jpg?fit=960%2C960&ssl=1&resize=525%2C300 1.5x, https:\/\/i0.wp.com\/pohjanmaantehtaanmyymala.fi\/wp-content\/uploads\/2024\/03\/West-vuodesohva-nahka.jpg?fit=960%2C960&ssl=1&resize=700%2C400 2x"},"classes":[]},{"id":26381,"url":"https:\/\/pohjanmaantehtaanmyymala.fi\/en\/tuote\/fantasy-level-2-istuttava-vuodesohva\/","url_meta":{"origin":26395,"position":1},"title":"Fantasy Level 2-istuttava vuodesohva","author":"Miro Nevala","date":"August 29, 2024","format":false,"excerpt":"2-istuttava sohva k\u00e4tev\u00e4ll\u00e4 vuodemekanismilla!","rel":"","context":"Similar post","block_context":{"text":"Similar post","link":""},"img":{"alt_text":"Fantasy level 152cm milj\u00f6\u00f6","src":"https:\/\/i0.wp.com\/pohjanmaantehtaanmyymala.fi\/wp-content\/uploads\/2024\/03\/Fantasy_level-152cm-miljoo.jpg?fit=960%2C960&ssl=1&resize=350%2C200","width":350,"height":200,"srcset":"https:\/\/i0.wp.com\/pohjanmaantehtaanmyymala.fi\/wp-content\/uploads\/2024\/03\/Fantasy_level-152cm-miljoo.jpg?fit=960%2C960&ssl=1&resize=350%2C200 1x, https:\/\/i0.wp.com\/pohjanmaantehtaanmyymala.fi\/wp-content\/uploads\/2024\/03\/Fantasy_level-152cm-miljoo.jpg?fit=960%2C960&ssl=1&resize=525%2C300 1.5x, https:\/\/i0.wp.com\/pohjanmaantehtaanmyymala.fi\/wp-content\/uploads\/2024\/03\/Fantasy_level-152cm-miljoo.jpg?fit=960%2C960&ssl=1&resize=700%2C400 2x"},"classes":[]},{"id":29390,"url":"https:\/\/pohjanmaantehtaanmyymala.fi\/en\/tuote\/ebba-vuodesohva-kankaalla\/","url_meta":{"origin":26395,"position":2},"title":"Ebba vuodesohva kankaalla","author":"Sami Viitala","date":"December 9, 2025","format":false,"excerpt":"Pienikokoinen vuodesohva hyv\u00e4ll\u00e4 vuodemekanismilla.","rel":"","context":"Similar post","block_context":{"text":"Similar post","link":""},"img":{"alt_text":"Ebba 2-istuttava vuodesohva harmaa kangasverhoilu.","src":"https:\/\/i0.wp.com\/pohjanmaantehtaanmyymala.fi\/wp-content\/uploads\/2025\/12\/Ebba_vuodesohva_2.jpg?fit=1200%2C1200&ssl=1&resize=350%2C200","width":350,"height":200,"srcset":"https:\/\/i0.wp.com\/pohjanmaantehtaanmyymala.fi\/wp-content\/uploads\/2025\/12\/Ebba_vuodesohva_2.jpg?fit=1200%2C1200&ssl=1&resize=350%2C200 1x, https:\/\/i0.wp.com\/pohjanmaantehtaanmyymala.fi\/wp-content\/uploads\/2025\/12\/Ebba_vuodesohva_2.jpg?fit=1200%2C1200&ssl=1&resize=525%2C300 1.5x, https:\/\/i0.wp.com\/pohjanmaantehtaanmyymala.fi\/wp-content\/uploads\/2025\/12\/Ebba_vuodesohva_2.jpg?fit=1200%2C1200&ssl=1&resize=700%2C400 2x, https:\/\/i0.wp.com\/pohjanmaantehtaanmyymala.fi\/wp-content\/uploads\/2025\/12\/Ebba_vuodesohva_2.jpg?fit=1200%2C1200&ssl=1&resize=1050%2C600 3x"},"classes":[]},{"id":22649,"url":"https:\/\/pohjanmaantehtaanmyymala.fi\/en\/tuote\/easy-vuodesohva-beigella-kankaalla\/","url_meta":{"origin":26395,"position":3},"title":"EASY &#8211; vuodesohva beigell\u00e4 kankaalla","author":"Sami Viitala","date":"March 2, 2023","format":false,"excerpt":"Ajattomuutta ja toiminallisuutta arvostavalle.","rel":"","context":"Similar post","block_context":{"text":"Similar post","link":""},"img":{"alt_text":"Pohjanmaan Easy vuodesohva austin beige kankaalla","src":"https:\/\/i0.wp.com\/pohjanmaantehtaanmyymala.fi\/wp-content\/uploads\/2023\/03\/Easy_vuodesohva_Austin_beige-1.jpg?fit=960%2C960&ssl=1&resize=350%2C200","width":350,"height":200,"srcset":"https:\/\/i0.wp.com\/pohjanmaantehtaanmyymala.fi\/wp-content\/uploads\/2023\/03\/Easy_vuodesohva_Austin_beige-1.jpg?fit=960%2C960&ssl=1&resize=350%2C200 1x, https:\/\/i0.wp.com\/pohjanmaantehtaanmyymala.fi\/wp-content\/uploads\/2023\/03\/Easy_vuodesohva_Austin_beige-1.jpg?fit=960%2C960&ssl=1&resize=525%2C300 1.5x, https:\/\/i0.wp.com\/pohjanmaantehtaanmyymala.fi\/wp-content\/uploads\/2023\/03\/Easy_vuodesohva_Austin_beige-1.jpg?fit=960%2C960&ssl=1&resize=700%2C400 2x"},"classes":[]},{"id":23000,"url":"https:\/\/pohjanmaantehtaanmyymala.fi\/en\/tuote\/gracy-vuodesohva-austin-kankaalla\/","url_meta":{"origin":26395,"position":4},"title":"Jazz 3-ist. vuodesohva kankaalla","author":"Sami Viitala","date":"May 20, 2023","format":false,"excerpt":"Iso n\u00e4ytt\u00e4v\u00e4 vuodesohva!","rel":"","context":"Similar post","block_context":{"text":"Similar post","link":""},"img":{"alt_text":"Jazz 3-istuttava vuodesohva 3-tyynyinen beigell\u00e4 oasis-kankaalla milj\u00f6\u00f6ss\u00e4","src":"https:\/\/i0.wp.com\/pohjanmaantehtaanmyymala.fi\/wp-content\/uploads\/2023\/05\/JAZZ_K2055-DM-EASY-DELUXE-K2055_Oasis02_kangas.jpg?fit=1000%2C1000&ssl=1&resize=350%2C200","width":350,"height":200,"srcset":"https:\/\/i0.wp.com\/pohjanmaantehtaanmyymala.fi\/wp-content\/uploads\/2023\/05\/JAZZ_K2055-DM-EASY-DELUXE-K2055_Oasis02_kangas.jpg?fit=1000%2C1000&ssl=1&resize=350%2C200 1x, https:\/\/i0.wp.com\/pohjanmaantehtaanmyymala.fi\/wp-content\/uploads\/2023\/05\/JAZZ_K2055-DM-EASY-DELUXE-K2055_Oasis02_kangas.jpg?fit=1000%2C1000&ssl=1&resize=525%2C300 1.5x, https:\/\/i0.wp.com\/pohjanmaantehtaanmyymala.fi\/wp-content\/uploads\/2023\/05\/JAZZ_K2055-DM-EASY-DELUXE-K2055_Oasis02_kangas.jpg?fit=1000%2C1000&ssl=1&resize=700%2C400 2x"},"classes":[]},{"id":28553,"url":"https:\/\/pohjanmaantehtaanmyymala.fi\/en\/tuote\/senna-vuodesohva-gripsholm-kankaalla\/","url_meta":{"origin":26395,"position":5},"title":"Senna-vuodesohva Gripsholm-kankaalla","author":"Sami Viitala","date":"July 10, 2025","format":false,"excerpt":"Hulppea vuodesohva hyv\u00e4ll\u00e4 vuodemekanismilla.","rel":"","context":"Similar post","block_context":{"text":"Similar post","link":""},"img":{"alt_text":"Senna vuodesohva Gripsholm kukkakankaalla","src":"https:\/\/i0.wp.com\/pohjanmaantehtaanmyymala.fi\/wp-content\/uploads\/2025\/07\/senna_vuodesohva_gripsholm-2.jpg?fit=1000%2C1000&ssl=1&resize=350%2C200","width":350,"height":200,"srcset":"https:\/\/i0.wp.com\/pohjanmaantehtaanmyymala.fi\/wp-content\/uploads\/2025\/07\/senna_vuodesohva_gripsholm-2.jpg?fit=1000%2C1000&ssl=1&resize=350%2C200 1x, https:\/\/i0.wp.com\/pohjanmaantehtaanmyymala.fi\/wp-content\/uploads\/2025\/07\/senna_vuodesohva_gripsholm-2.jpg?fit=1000%2C1000&ssl=1&resize=525%2C300 1.5x, https:\/\/i0.wp.com\/pohjanmaantehtaanmyymala.fi\/wp-content\/uploads\/2025\/07\/senna_vuodesohva_gripsholm-2.jpg?fit=1000%2C1000&ssl=1&resize=700%2C400 2x"},"classes":[]}],"_links":{"self":[{"href":"https:\/\/pohjanmaantehtaanmyymala.fi\/en\/wp-json\/wp\/v2\/product\/26395","targetHints":{"allow":["GET"]}}],"collection":[{"href":"https:\/\/pohjanmaantehtaanmyymala.fi\/en\/wp-json\/wp\/v2\/product"}],"about":[{"href":"https:\/\/pohjanmaantehtaanmyymala.fi\/en\/wp-json\/wp\/v2\/types\/product"}],"replies":[{"embeddable":true,"href":"https:\/\/pohjanmaantehtaanmyymala.fi\/en\/wp-json\/wp\/v2\/comments?post=26395"}],"wp:featuredmedia":[{"embeddable":true,"href":"https:\/\/pohjanmaantehtaanmyymala.fi\/en\/wp-json\/wp\/v2\/media\/26416"}],"wp:attachment":[{"href":"https:\/\/pohjanmaantehtaanmyymala.fi\/en\/wp-json\/wp\/v2\/media?parent=26395"}],"wp:term":[{"taxonomy":"product_brand","embeddable":true,"href":"https:\/\/pohjanmaantehtaanmyymala.fi\/en\/wp-json\/wp\/v2\/product_brand?post=26395"},{"taxonomy":"product_cat","embeddable":true,"href":"https:\/\/pohjanmaantehtaanmyymala.fi\/en\/wp-json\/wp\/v2\/product_cat?post=26395"},{"taxonomy":"product_tag","embeddable":true,"href":"https:\/\/pohjanmaantehtaanmyymala.fi\/en\/wp-json\/wp\/v2\/product_tag?post=26395"}],"curies":[{"name":"wp","href":"https:\/\/api.w.org\/{rel}","templated":true}]}}