{"id":26168,"date":"2024-03-04T14:29:56","date_gmt":"2024-03-04T12:29:56","guid":{"rendered":"https:\/\/pohjanmaantehtaanmyymala.fi\/?post_type=product&#038;p=26168"},"modified":"2025-10-02T13:16:17","modified_gmt":"2025-10-02T11:16:17","slug":"puro-ruokapoyta-140-cm","status":"publish","type":"product","link":"https:\/\/pohjanmaantehtaanmyymala.fi\/en\/tuote\/puro-ruokapoyta-140-cm\/","title":{"rendered":"Puro p\u00f6yt\u00e4 140&#215;80 cm"},"content":{"rendered":"<p>Puro ruokap\u00f6yt\u00e4 on sopii suomalaiseen sisustukseen. P\u00f6yd\u00e4n kansi-osa on valmistettu MDF-levyst\u00e4, joka on viimeistelty kauniisti kuvioidulla puuviilulla.<br \/>\nT\u00e4m\u00e4 yksityiskohta tuo ruokap\u00f6yt\u00e4\u00e4n l\u00e4mp\u00f6\u00e4 ja luonnetta. Tammen v\u00e4ri antaa p\u00f6yd\u00e4lle luonnollisen ja ajattoman ulkon\u00e4\u00f6n, ja se sopii saumattomasti erilaisiin sisustustyyleihin.<br \/>\nJalka on pulverimaalattua metallia, joka antaa vankan perustan ruokap\u00f6yd\u00e4lle.<\/p>\n<p><strong>Tuotetiedot:<\/strong><\/p>\n<p>Mitat: Kannen koko 80&#215;140 cm, paksuus 4 cm ja p\u00f6yd\u00e4n korkeus 75 cm.<br \/>\nMdf-levy, vaneriviilu ja metalli<\/p>\n<p>Paino 35 kg<br \/>\nSaatavana mustana tai valkoisena.<\/p>\n","protected":false},"excerpt":{"rendered":"<p>Puro ruokap\u00f6yt\u00e4 on sopii suomalaiseen sisustukseen. P\u00f6yd\u00e4n kansi-osa on valmistettu MDF-levyst\u00e4, joka on viimeistelty kauniisti kuvioidulla puuviilulla. T\u00e4m\u00e4 yksityiskohta tuo ruokap\u00f6yt\u00e4\u00e4n l\u00e4mp\u00f6\u00e4 ja luonnetta. Tammen v\u00e4ri antaa p\u00f6yd\u00e4lle luonnollisen ja ajattoman ulkon\u00e4\u00f6n, ja se sopii saumattomasti erilaisiin sisustustyyleihin. Jalka on pulverimaalattua metallia, joka antaa vankan perustan ruokap\u00f6yd\u00e4lle. Tuotetiedot: Mitat: Kannen koko 80&#215;140 cm, paksuus 4 [&hellip;]<\/p>\n","protected":false},"featured_media":28918,"comment_status":"closed","ping_status":"closed","template":"","meta":{"_acf_changed":false,"jetpack_post_was_ever_published":false,"jetpack_publicize_message":"","jetpack_publicize_feature_enabled":true,"jetpack_social_post_already_shared":true,"jetpack_social_options":{"image_generator_settings":{"template":"highway","default_image_id":0,"font":"","enabled":false},"version":2}},"product_brand":[211],"product_cat":[194],"product_tag":[],"class_list":{"0":"post-26168","1":"product","2":"type-product","3":"status-publish","4":"has-post-thumbnail","6":"product_brand-tenstar","7":"product_cat-ruokapoydat-ja-tuolit","9":"first","10":"instock","11":"sale","12":"shipping-taxable","13":"purchasable","14":"product-type-simple"},"acf":[],"jetpack_publicize_connections":[],"jetpack_sharing_enabled":true,"jetpack-related-posts":[{"id":9333,"url":"https:\/\/pohjanmaantehtaanmyymala.fi\/en\/tuote\/yumi-ruokapoyta-pyorea\/","url_meta":{"origin":26168,"position":0},"title":"YUMI &#8211; ruokap\u00f6yt\u00e4 py\u00f6re\u00e4 115 cm","author":"petri","date":"September 14, 2019","format":false,"excerpt":"Py\u00f6re\u00e4n Yumi ruokap\u00f6yd\u00e4n kansi on kauniisti viistetty joka sirojen jalkojen kanssa antaa kevyen ilmeen p\u00f6yd\u00e4lle. P\u00f6yt\u00e4 on saatavana tammisena, ruskeana ja valkopestyn\u00e4. Kysy tarjousta myynnist\u00e4mme! Tuotetiedot: Kannen halkaisija: 115 cm. P\u00f6yd\u00e4n korkeus: 74 cm. Kansi: viilutettu mdf-levy. Jalat: massiivipuu.","rel":"","context":"Similar post","block_context":{"text":"Similar post","link":""},"img":{"alt_text":"Yumi py\u00f6re\u00e4 ruokap\u00f6yt\u00e4 tammi-lv halkaisija 115 cm","src":"https:\/\/i0.wp.com\/pohjanmaantehtaanmyymala.fi\/wp-content\/uploads\/2019\/09\/116988-52213-Yumi-matbord-runt-ek.jpg?fit=960%2C960&ssl=1&resize=350%2C200","width":350,"height":200,"srcset":"https:\/\/i0.wp.com\/pohjanmaantehtaanmyymala.fi\/wp-content\/uploads\/2019\/09\/116988-52213-Yumi-matbord-runt-ek.jpg?fit=960%2C960&ssl=1&resize=350%2C200 1x, https:\/\/i0.wp.com\/pohjanmaantehtaanmyymala.fi\/wp-content\/uploads\/2019\/09\/116988-52213-Yumi-matbord-runt-ek.jpg?fit=960%2C960&ssl=1&resize=525%2C300 1.5x, https:\/\/i0.wp.com\/pohjanmaantehtaanmyymala.fi\/wp-content\/uploads\/2019\/09\/116988-52213-Yumi-matbord-runt-ek.jpg?fit=960%2C960&ssl=1&resize=700%2C400 2x"},"classes":[]},{"id":13056,"url":"https:\/\/pohjanmaantehtaanmyymala.fi\/en\/tuote\/house-nordic-vojens-ruokapoyta-120-cm\/","url_meta":{"origin":26168,"position":1},"title":"House Nordic Vojens -ruokap\u00f6yt\u00e4 120 cm","author":"Sami Viitala","date":"September 17, 2020","format":false,"excerpt":"Pieni ja tyylik\u00e4s ruokap\u00f6yt\u00e4 vaikka opiskelija-asuntoon.","rel":"","context":"Similar post","block_context":{"text":"Similar post","link":""},"img":{"alt_text":"Vojens p\u00f6yt\u00e4 80x120 cm puunv\u00e4riset jalat ja valkoinen kansi","src":"https:\/\/i0.wp.com\/pohjanmaantehtaanmyymala.fi\/wp-content\/uploads\/2020\/09\/Vojens_2201030.jpg?fit=960%2C960&ssl=1&resize=350%2C200","width":350,"height":200,"srcset":"https:\/\/i0.wp.com\/pohjanmaantehtaanmyymala.fi\/wp-content\/uploads\/2020\/09\/Vojens_2201030.jpg?fit=960%2C960&ssl=1&resize=350%2C200 1x, https:\/\/i0.wp.com\/pohjanmaantehtaanmyymala.fi\/wp-content\/uploads\/2020\/09\/Vojens_2201030.jpg?fit=960%2C960&ssl=1&resize=525%2C300 1.5x, https:\/\/i0.wp.com\/pohjanmaantehtaanmyymala.fi\/wp-content\/uploads\/2020\/09\/Vojens_2201030.jpg?fit=960%2C960&ssl=1&resize=700%2C400 2x"},"classes":[]},{"id":26890,"url":"https:\/\/pohjanmaantehtaanmyymala.fi\/en\/tuote\/yumi-ruokapoyta-pyorea-115-cm-musta\/","url_meta":{"origin":26168,"position":2},"title":"YUMI &#8211; ruokap\u00f6yt\u00e4 py\u00f6re\u00e4 115 cm musta","author":"Sami Viitala","date":"April 29, 2024","format":false,"excerpt":"Py\u00f6re\u00e4n Yumi ruokap\u00f6yd\u00e4n kansi on kauniisti viistetty joka sirojen jalkojen kanssa antaa kevyen ilmeen p\u00f6yd\u00e4lle. P\u00f6yt\u00e4 on valkoisen v\u00e4rinen. Saatavilla my\u00f6s mustana, tammen v\u00e4risen\u00e4, ruskeana sek\u00e4 valkolakattuna. Kysy tarjousta myynnist\u00e4mme! Tuotetiedot: Kansi: saarniviilutettu mdf-levy. Jalat: massiivipuu.","rel":"","context":"Similar post","block_context":{"text":"Similar post","link":""},"img":{"alt_text":"Rowico Yumi py\u00f6re\u00e4 1150 cm ruokap\u00f6yt\u00e4 musta","src":"https:\/\/i0.wp.com\/pohjanmaantehtaanmyymala.fi\/wp-content\/uploads\/2024\/04\/52212-Yumi-matbord-runt-svart.jpg?fit=960%2C960&ssl=1&resize=350%2C200","width":350,"height":200,"srcset":"https:\/\/i0.wp.com\/pohjanmaantehtaanmyymala.fi\/wp-content\/uploads\/2024\/04\/52212-Yumi-matbord-runt-svart.jpg?fit=960%2C960&ssl=1&resize=350%2C200 1x, https:\/\/i0.wp.com\/pohjanmaantehtaanmyymala.fi\/wp-content\/uploads\/2024\/04\/52212-Yumi-matbord-runt-svart.jpg?fit=960%2C960&ssl=1&resize=525%2C300 1.5x, https:\/\/i0.wp.com\/pohjanmaantehtaanmyymala.fi\/wp-content\/uploads\/2024\/04\/52212-Yumi-matbord-runt-svart.jpg?fit=960%2C960&ssl=1&resize=700%2C400 2x"},"classes":[]},{"id":20139,"url":"https:\/\/pohjanmaantehtaanmyymala.fi\/en\/tuote\/lotta-ruokapoyta-180x90-cm-musta\/","url_meta":{"origin":26168,"position":3},"title":"LOTTA-ruokap\u00f6yt\u00e4 180&#215;90 cm musta","author":"Sami Viitala","date":"March 23, 2022","format":false,"excerpt":"Poistomalli, viel\u00e4 1 kpl j\u00e4ljell\u00e4! Rowicon 6 -hengen Lotta-ruokap\u00f6yt\u00e4 sopii monenlaiseen ruokailutilaan ja keitti\u00f6\u00f6n. Kansi on saarniviilutettua MDF-levy\u00e4 ja jalat massiivipuuta V\u00e4rivaihtoehdot ovat musta. Lotta- p\u00f6yd\u00e4n kanssa sopii mainiosti Lotta -pinnatuolien kanssa. Toimitus jalat irrallaan.","rel":"","context":"Similar post","block_context":{"text":"Similar post","link":""},"img":{"alt_text":"Rowico Lotta ruokap\u00f6yt\u00e4 musta","src":"https:\/\/i0.wp.com\/pohjanmaantehtaanmyymala.fi\/wp-content\/uploads\/2022\/03\/Rowico-Lotta-poyta-table-180cm-musta.jpg?fit=960%2C960&ssl=1&resize=350%2C200","width":350,"height":200,"srcset":"https:\/\/i0.wp.com\/pohjanmaantehtaanmyymala.fi\/wp-content\/uploads\/2022\/03\/Rowico-Lotta-poyta-table-180cm-musta.jpg?fit=960%2C960&ssl=1&resize=350%2C200 1x, https:\/\/i0.wp.com\/pohjanmaantehtaanmyymala.fi\/wp-content\/uploads\/2022\/03\/Rowico-Lotta-poyta-table-180cm-musta.jpg?fit=960%2C960&ssl=1&resize=525%2C300 1.5x, https:\/\/i0.wp.com\/pohjanmaantehtaanmyymala.fi\/wp-content\/uploads\/2022\/03\/Rowico-Lotta-poyta-table-180cm-musta.jpg?fit=960%2C960&ssl=1&resize=700%2C400 2x"},"classes":[]},{"id":26645,"url":"https:\/\/pohjanmaantehtaanmyymala.fi\/en\/tuote\/yumi-ruokapoyta-pyorea-115-cm-valkoinen\/","url_meta":{"origin":26168,"position":4},"title":"YUMI &#8211; ruokap\u00f6yt\u00e4 py\u00f6re\u00e4 115 cm valkoinen","author":"Miro Nevala","date":"March 13, 2024","format":false,"excerpt":"Poistuva tuote, tarkista saatavuus! Py\u00f6re\u00e4n Yumi ruokap\u00f6yd\u00e4n kansi on kauniisti viistetty joka sirojen jalkojen kanssa antaa kevyen ilmeen p\u00f6yd\u00e4lle. P\u00f6yt\u00e4 on valkoisen v\u00e4rinen. Saatavilla my\u00f6s mustana, tammen v\u00e4risen\u00e4, ruskeana sek\u00e4 valkolakattuna. Kysy tarjousta myynnist\u00e4mme! Tuotetiedot: Kansi: viilutettu mdf-levy. Jalat: massiivipuu.","rel":"","context":"Similar post","block_context":{"text":"Similar post","link":""},"img":{"alt_text":"Rowico Yumi py\u00f6re\u00e4 p\u00f6yt\u00e4 115cm valkoinen","src":"https:\/\/i0.wp.com\/pohjanmaantehtaanmyymala.fi\/wp-content\/uploads\/2024\/03\/Rowico_Yumi_pyo%CC%88rea%CC%88-115cm-valkoinen.jpg?fit=960%2C960&ssl=1&resize=350%2C200","width":350,"height":200,"srcset":"https:\/\/i0.wp.com\/pohjanmaantehtaanmyymala.fi\/wp-content\/uploads\/2024\/03\/Rowico_Yumi_pyo%CC%88rea%CC%88-115cm-valkoinen.jpg?fit=960%2C960&ssl=1&resize=350%2C200 1x, https:\/\/i0.wp.com\/pohjanmaantehtaanmyymala.fi\/wp-content\/uploads\/2024\/03\/Rowico_Yumi_pyo%CC%88rea%CC%88-115cm-valkoinen.jpg?fit=960%2C960&ssl=1&resize=525%2C300 1.5x, https:\/\/i0.wp.com\/pohjanmaantehtaanmyymala.fi\/wp-content\/uploads\/2024\/03\/Rowico_Yumi_pyo%CC%88rea%CC%88-115cm-valkoinen.jpg?fit=960%2C960&ssl=1&resize=700%2C400 2x"},"classes":[]},{"id":13123,"url":"https:\/\/pohjanmaantehtaanmyymala.fi\/en\/tuote\/zoom-ruokapoyta-200x100-cm-valkoinen\/","url_meta":{"origin":26168,"position":5},"title":"ZOOM &#8211; ruokap\u00f6yt\u00e4 200&#215;100 cm valkoinen","author":"Sami Viitala","date":"September 18, 2020","format":false,"excerpt":"Suoralinjainen ja massiivinen ruokap\u00f6yt\u00e4 moderniin sisustukseen.","rel":"","context":"Similar post","block_context":{"text":"Similar post","link":""},"img":{"alt_text":"Zoom ruokap\u00f6yt\u00e4 kuura tuoli","src":"https:\/\/i0.wp.com\/pohjanmaantehtaanmyymala.fi\/wp-content\/uploads\/2020\/09\/Zoom-poyta-kuura-tuoli.jpg?fit=1200%2C1200&ssl=1&resize=350%2C200","width":350,"height":200,"srcset":"https:\/\/i0.wp.com\/pohjanmaantehtaanmyymala.fi\/wp-content\/uploads\/2020\/09\/Zoom-poyta-kuura-tuoli.jpg?fit=1200%2C1200&ssl=1&resize=350%2C200 1x, https:\/\/i0.wp.com\/pohjanmaantehtaanmyymala.fi\/wp-content\/uploads\/2020\/09\/Zoom-poyta-kuura-tuoli.jpg?fit=1200%2C1200&ssl=1&resize=525%2C300 1.5x, https:\/\/i0.wp.com\/pohjanmaantehtaanmyymala.fi\/wp-content\/uploads\/2020\/09\/Zoom-poyta-kuura-tuoli.jpg?fit=1200%2C1200&ssl=1&resize=700%2C400 2x, https:\/\/i0.wp.com\/pohjanmaantehtaanmyymala.fi\/wp-content\/uploads\/2020\/09\/Zoom-poyta-kuura-tuoli.jpg?fit=1200%2C1200&ssl=1&resize=1050%2C600 3x"},"classes":[]}],"_links":{"self":[{"href":"https:\/\/pohjanmaantehtaanmyymala.fi\/en\/wp-json\/wp\/v2\/product\/26168","targetHints":{"allow":["GET"]}}],"collection":[{"href":"https:\/\/pohjanmaantehtaanmyymala.fi\/en\/wp-json\/wp\/v2\/product"}],"about":[{"href":"https:\/\/pohjanmaantehtaanmyymala.fi\/en\/wp-json\/wp\/v2\/types\/product"}],"replies":[{"embeddable":true,"href":"https:\/\/pohjanmaantehtaanmyymala.fi\/en\/wp-json\/wp\/v2\/comments?post=26168"}],"wp:featuredmedia":[{"embeddable":true,"href":"https:\/\/pohjanmaantehtaanmyymala.fi\/en\/wp-json\/wp\/v2\/media\/28918"}],"wp:attachment":[{"href":"https:\/\/pohjanmaantehtaanmyymala.fi\/en\/wp-json\/wp\/v2\/media?parent=26168"}],"wp:term":[{"taxonomy":"product_brand","embeddable":true,"href":"https:\/\/pohjanmaantehtaanmyymala.fi\/en\/wp-json\/wp\/v2\/product_brand?post=26168"},{"taxonomy":"product_cat","embeddable":true,"href":"https:\/\/pohjanmaantehtaanmyymala.fi\/en\/wp-json\/wp\/v2\/product_cat?post=26168"},{"taxonomy":"product_tag","embeddable":true,"href":"https:\/\/pohjanmaantehtaanmyymala.fi\/en\/wp-json\/wp\/v2\/product_tag?post=26168"}],"curies":[{"name":"wp","href":"https:\/\/api.w.org\/{rel}","templated":true}]}}